{"id":98,"date":"2020-08-19T10:18:04","date_gmt":"2020-08-19T10:18:04","guid":{"rendered":"http:\/\/praguetouristinformation.com\/?page_id=98"},"modified":"2025-08-07T09:19:14","modified_gmt":"2025-08-07T09:19:14","slug":"gare-centrale","status":"publish","type":"page","link":"https:\/\/praguetouristinformation.com\/fr\/plan\/arrivee\/gare-centrale","title":{"rendered":"Guide de la gare principale de Prague (Hlavn\u00ed N\u00e1dra\u017e)\u00a0: informations, horaires et liaisons ferroviaires"},"content":{"rendered":"<h3 id=\"t-1670343365875\">La gare principale de Prague, Praha hlavn\u00ed n\u00e1dra\u017e, est la gare interurbaine la plus importante de Prague et la plus grande gare de passagers de la R\u00e9publique tch\u00e8que.<\/h3>\n<p>La gare principale est \u00e0 environ 1 kilom\u00e8tre de la <a data-id=\"621\" data-type=\"page\" href=\"https:\/\/praguetouristinformation.com\/fr\/choses-a-faire\/vieille-ville\/place-de-la-vieille-ville\" style=\"outline: none;\">place de la vieille ville<\/a> et \u00e0 quelques centaines de m\u00e8tres de <a data-id=\"662\" data-type=\"page\" href=\"https:\/\/praguetouristinformation.com\/fr\/choses-a-faire\/vieille-ville\/place-venceslas\" style=\"outline: none;\">la place Venceslas<\/a> .<\/p>\n<p>Dans ce guide de la gare centrale de Prague, vous trouverez toutes les informations utiles telles que les horaires avec les arriv\u00e9es et les d\u00e9parts, les liaisons ferroviaires, Flixbus et plus encore.<\/p>\n<p>Nous y voil\u00e0!&nbsp;<\/p>\n<h2 style=\"\">Prague Visitor Pass<\/h2>\n<p data-pm-slice=\"1 1 []\" style=\"\">Le Prague Visitor Pass vous donne acc\u00e8s aux principales attractions, mus\u00e9es et aux transports publics de la ville \u2013 id\u00e9al pour d\u00e9couvrir Prague en toute flexibilit\u00e9 et efficacit\u00e9.<\/p>\n<p style=\"\">Utilisez notre code de r\u00e9duction exclusif <strong>pragueti5<\/strong> pour b\u00e9n\u00e9ficier de <strong>5 % de remise !<\/strong><\/p>\n<p>__CONFIG_colors_palette__{\u00ab\u00a0active_palette\u00a0\u00bb:0,\u00a0\u00bbconfig\u00a0\u00bb:{\u00ab\u00a0colors\u00a0\u00bb:{\u00ab\u00a0110d6\u00a0\u00bb:{\u00ab\u00a0name\u00a0\u00bb:\u00a0\u00bbMain Accent\u00a0\u00bb,\u00a0\u00bbparent\u00a0\u00bb:-1}},\u00a0\u00bbgradients\u00a0\u00bb:[]},\u00a0\u00bbpalettes\u00a0\u00bb:[{\u00ab\u00a0name\u00a0\u00bb:\u00a0\u00bbDefault Palette\u00a0\u00bb,\u00a0\u00bbvalue\u00a0\u00bb:{\u00ab\u00a0colors\u00a0\u00bb:{\u00ab\u00a0110d6\u00a0\u00bb:{\u00ab\u00a0val\u00a0\u00bb:\u00a0\u00bbvar(e8c68)\u00a0\u00bb}},\u00a0\u00bbgradients\u00a0\u00bb:[]},\u00a0\u00bboriginal\u00a0\u00bb:{\u00ab\u00a0colors\u00a0\u00bb:{\u00ab\u00a0110d6\u00a0\u00bb:{\u00ab\u00a0val\u00a0\u00bb:\u00a0\u00bbrgb(19, 114, 211)\u00a0\u00bb,\u00a0\u00bbhsl\u00a0\u00bb:{\u00ab\u00a0h\u00a0\u00bb:210,\u00a0\u00bbs\u00a0\u00bb:0.83,\u00a0\u00bbl\u00a0\u00bb:0.45}}},\u00a0\u00bbgradients\u00a0\u00bb:[]}}]}__CONFIG_colors_palette__ <a href=\"https:\/\/praguevisitorpass.eu\/?lang=fr-fr\" style=\"font-size: var(--tve-font-size, 14px) !important;\" target=\"_blank\" rel=\"noopener\"><span style=\"\">    <\/span> <span style=\"\"><span>Plus d\u2019infos<\/span><\/span> <\/a>  <\/p>\n<h2 id=\"t-1670343365876\">la description<\/h2>\n<p><span><img decoding=\"async\" alt=\"\" data-id=\"3622\" width=\"885\" data-init-width=\"1000\" height=\"586\" data-init-height=\"662\" title=\"Int\u00e9rieur,De,Le,Historique,Main,Chemin De Fer,Gare,Dans,Prague,,Tch\u00e8que\" loading=\"lazy\" src=\"http:\/\/praguetouristinformation.com\/wp-content\/uploads\/2022\/12\/main-train-station-in-prague.jpg\" data-width=\"885\" data-height=\"586\" data-pinpro-key=\"pvyqw4lfx\" style=\"aspect-ratio: auto 1000 \/ 662;\"><\/span><\/p>\n<p>Le b\u00e2timent se compose d&rsquo;un grand hall central surmont\u00e9 de deux tours et encadr\u00e9 par des ailes sym\u00e9triques.<\/p>\n<p>Le b\u00e2timent historique et le hall au-dessus des voies ferr\u00e9es comptent parmi les plus grands monuments Art nouveau de la R\u00e9publique tch\u00e8que et sont accessibles depuis le hall principal par un escalator.<\/p>\n<p>La salle des plates-formes comporte deux nefs, elles couvrent une maison et trois plates-formes insulaires. Il y a un total de sept pistes de plate-forme ici.<\/p>\n<p>Trois autres plates-formes insulaires avec six voies de plate-forme se trouvent \u00e0 l&rsquo;ext\u00e9rieur du hall de plate-forme, elles sont \u00e9quip\u00e9es de toits de plate-forme individuels.<\/p>\n<p>Les quais sont accessibles par trois tunnels pi\u00e9tonniers.<\/p>\n<h2 id=\"t-1670343365877\">Bon \u00e0 savoir<\/h2>\n<ul>\n<li><strong>Panneaux d&rsquo;affichage<\/strong> : Dans un premier temps, seuls les horaires de d\u00e9part sont affich\u00e9s sur les panneaux d&rsquo;affichage. Les quais seront annonc\u00e9s environ 20 minutes avant le d\u00e9part. Lorsque vous arrivez \u00e0 la plate-forme, vous devez rechercher la bonne voie.<\/li>\n<\/ul>\n<h3 id=\"t-1670343365878\"><strong>Nord et Sud<\/strong><\/h3>\n<p><strong>Nord<\/strong> signifie \u00ab couper \u00bb en tch\u00e8que, abr\u00e9g\u00e9 en \u00ab <strong>S \u00bb<\/strong> et d\u00e9signe la partie de la plate-forme qui fait face au nord.<\/p>\n<p><strong>Le sud<\/strong> est \u00ab\u00a0jih\u00a0\u00bb en tch\u00e8que et est abr\u00e9g\u00e9 en <strong>\u00ab\u00a0J\u00a0\u00bb<\/strong> et d\u00e9signe la partie de la plate-forme qui fait face au sud.<\/p>\n<p>Ainsi, si vous lisez \u00ab\u00a0Quai 7J\u00a0\u00bb sur l&rsquo;\u00e9cran d&rsquo;information du quai, cela signifie que le train partira du quai 7 dans la partie sud.<\/p>\n<p>D\u00e8s l&rsquo;entr\u00e9e, le nord est sur la gauche.<\/p>\n<ul>\n<li><strong>Praha Masarykovo n\u00e1dra\u017e\u00ed<\/strong> : Ne confondez pas la gare principale avec la gare de Masaryk. Bien qu&rsquo;il se trouve \u00e0 proximit\u00e9 imm\u00e9diate de la gare principale et soit facilement accessible \u00e0 pied \u00e0 partir de l\u00e0, il n&rsquo;est pertinent que pour quelques liaisons r\u00e9gionales.<\/li>\n<\/ul>\n<p><span><img decoding=\"async\" alt=\"\" data-id=\"3621\" width=\"885\" data-init-width=\"1000\" height=\"508\" data-init-height=\"574\" title=\"Pendolino,Dans,Prague,-,Hdr,Photo\" loading=\"lazy\" src=\"http:\/\/praguetouristinformation.com\/wp-content\/uploads\/2022\/12\/main-train-station-in-prague1.jpg\" data-width=\"885\" data-height=\"508\" data-pinpro-key=\"tmy5212lq\" style=\"aspect-ratio: auto 1000 \/ 574;\"><\/span><\/p>\n<h2 id=\"t-1670343365879\">Horaire avec arriv\u00e9e et d\u00e9part<\/h2>\n<ul>\n<li><strong>Heures d&rsquo; arriv\u00e9e&nbsp;:<\/strong> les <a data-id=\"https:\/\/czech-transport.com\/index.php?id=10777\" data-type=\"URL\" href=\"https:\/\/czech-transport.com\/index.php?id=10777\" target=\"_blank\" style=\"outline: none;\" rel=\"noopener\">heures d&rsquo;arriv\u00e9e actuelles<\/a> avec les informations sur les plates-formes et les retards peuvent \u00eatre trouv\u00e9es ici.<\/li>\n<\/ul>\n<ul>\n<li><strong>Heures de d\u00e9part&nbsp;:<\/strong> les <a data-id=\"https:\/\/czech-transport.com\/index.php?id=10777\" data-type=\"URL\" href=\"https:\/\/czech-transport.com\/index.php?id=10777\" target=\"_blank\" style=\"outline: none;\" rel=\"noopener\">heures de d\u00e9part actuelles<\/a> avec les informations sur les quais et les retards peuvent \u00eatre trouv\u00e9es ici.<\/li>\n<\/ul>\n<h2 id=\"t-1670343365880\">liaisons ferroviaires<\/h2>\n<p>Des trains longue distance et r\u00e9gionaux partent de la gare principale de Prague vers des destinations telles que l&rsquo;Allemagne, la Pologne, la Slovaquie, la Serbie, la Hongrie, la Roumanie, la Bulgarie, la Russie, la Bi\u00e9lorussie, l&rsquo;Ukraine et l&rsquo;Autriche. Tous les trains ICE passent par la gare centrale de Prague.<\/p>\n<p>En plus des trains express, les trains InterCity, EuroCity et SuperCity ainsi que le Railjet passent \u00e9galement par la gare principale.<\/p>\n<p>En moyenne, 600 trains entrent et sortent de la gare centrale de Prague chaque jour, transportant 70 000 passagers.<\/p>\n<h2 id=\"t-1670343365881\">Flixbus<\/h2>\n<p>Les bus longue distance de Flixbus s&rsquo;arr\u00eatent \u00e9galement \u00e0 la gare principale de Prague.<\/p>\n<p>Flixbus est la plus grande compagnie de bus longue distance desservant la gare principale de Prague. La soci\u00e9t\u00e9 a \u00e9t\u00e9 fond\u00e9e en 2012 avec son si\u00e8ge \u00e0 Munich et en 2019 desservait environ 2 500 destinations dans 30 pays avec 62 millions de clients. Les bus verts \u00e0 imp\u00e9riale sont des v\u00e9hicules modernes et confortables avec toilettes \u00e0 bord et WiFi gratuit. Des collations et des boissons sont vendues pendant le trajet.<\/p>\n<h2 id=\"t-1670343365882\">Transport public<\/h2>\n<h3 id=\"t-1670343365883\"><strong>M\u00e9tro<\/strong><\/h3>\n<p>La ligne C, balis\u00e9e en rouge, va \u00e0 la gare principale de Prague et offre une connexion rapide au centre-ville voisin. La station de m\u00e9tro est situ\u00e9e directement sous la gare principale.<\/p>\n<p>Haltestellen der Line C: Let\u0148any &#8211; Prosek &#8211; St\u0159\u00ed\u017ekov &#8211; L\u00e1dv\u00ed &#8211; Kobylisy &#8211; N\u00e1dra\u017e\u00ed Hole\u0161ovice (Bahnhof Hole\u0161ovice) &#8211; Vltavsk\u00e1 &#8211; Florenc &#8211; Gare principale = Hauptbahnhof &#8211; Mus\u00e9e &#8211; IP Pavlova &#8211; Vy\u0161ehrad &#8211; Insurrection de Prague &#8211; Pankr\u00e1c &#8211; Bud\u011bjovick\u00e1 &#8211; Ka\u010derov &#8211; Roztyly &#8211; Chodov \u2013 Opatov &#8211; Haj\u00e9<\/p>\n<h3 id=\"t-1670343365884\"><strong>Train<\/strong><\/h3>\n<p>En tch\u00e8que, le S-Bahn s&rsquo;appelle Esko. Les lignes suivantes du S-Bahn de Prague vont \u00e0 la gare principale : 5, 9, 26<\/p>\n<h3 id=\"t-1670343365885\"><strong>Bus<\/strong><\/h3>\n<p>La ligne de bus 504 va \u00e0 la gare principale, entre autres.<\/p>\n<h3 id=\"t-1670343365886\"><strong>Express d&rsquo;a\u00e9roport<\/strong><\/h3>\n<p>La ligne de bus AE relie la gare principale de Prague \u00e0 l&rsquo; <a data-id=\"86\" data-type=\"page\" href=\"https:\/\/praguetouristinformation.com\/fr\/plan\/arrivee\/vaclav-havel-aeroport\" style=\"outline: none;\">a\u00e9roport. <\/a>Les bus circulent tous les jours entre 5h30 et 21h00 au moins toutes les 30 minutes, et en haute saison \u00e9galement toutes les 15 minutes. L&rsquo;arr\u00eat est sur la rue Wilsonova. Le chemin jusqu&rsquo;\u00e0 l&rsquo;arr\u00eat est indiqu\u00e9 par des panneaux.<\/p>\n<h3 id=\"t-1670343365887\"><strong>tram<\/strong><\/h3>\n<p>Si vous quittez la gare par l&rsquo;entr\u00e9e principale puis tournez \u00e0 droite, apr\u00e8s environ 100 m\u00e8tres vous arriverez \u00e0 un grand arr\u00eat de tram avec un grand nombre de correspondances, dont les lignes 5, 9, 26, 55 et 58 via la gare principale.<\/p>\n<h3 id=\"t-1670343365888\"><strong>trains r\u00e9gionaux<\/strong><\/h3>\n<p>Les trains r\u00e9gionaux vers d&rsquo;autres villes de la R\u00e9publique tch\u00e8que partent de la gare principale de Prague, par exemple vers Karlovy Vary, Budweis, Brno, Ostrava, Pilsen, Braunau, pour n&rsquo;en citer que quelques-unes.<\/p>\n<p><span><img decoding=\"async\" alt=\"\" data-id=\"3620\" width=\"885\" data-init-width=\"1000\" height=\"590\" data-init-height=\"667\" title=\"Trains,jaune,dans,Main,Gare,Prague\" loading=\"lazy\" src=\"http:\/\/praguetouristinformation.com\/wp-content\/uploads\/2022\/12\/main-train-station-in-prague-2.jpg\" data-width=\"885\" data-height=\"590\" data-pinpro-key=\"9imgge53k\" style=\"aspect-ratio: auto 1000 \/ 667;\"><\/span><\/p>\n<h2 id=\"t-1670343365889\">Louer un bus \u00e0 la gare principale<\/h2>\n<p>Nous sommes heureux de vous aider \u00e0 louer des bus pour toutes les occasions, que ce soit pour des voyages de groupe, des sorties d&rsquo;entreprise, des voyages scolaires, des \u00e9v\u00e9nements ou autres.<\/p>\n<h2 id=\"t-1670343365890\">Taxi<\/h2>\n<p>Bien qu&rsquo;il existe des stations de taxis \u00e0 la gare centrale de Prague, il est fortement d\u00e9conseill\u00e9 aux voyageurs d&rsquo;utiliser ces <a data-id=\"89\" data-type=\"page\" href=\"https:\/\/praguetouristinformation.com\/fr\/plan\/arrivee\/taxi\" style=\"outline: none;\">taxis<\/a> , pr\u00e9f\u00e9rant appeler un taxi ou utiliser les services d&rsquo;UBER \u00e0 la place. Les taxis qui s&rsquo;arr\u00eatent pr\u00e8s des points fr\u00e9quent\u00e9s par les touristes ont tendance \u00e0 \u00eatre trop chers et \u00e0 voyager beaucoup trop longtemps.<\/p>\n<p>Le tarif de base est de 60 CZK (env. 2,40 EUR), le prix au kilom\u00e8tre est de 36 CZK (env. 1,45 EUR). Les temps d&rsquo;arr\u00eat et d&rsquo;attente sont factur\u00e9s 7 couronnes tch\u00e8ques par minute (environ 0,28 EUR).<\/p>\n<h2 id=\"t-1670343365891\">Location de voiture<\/h2>\n<p>Entre autres, les loueurs de voitures Sixt, Budget et Avis sont \u00e0 votre disposition. Bien s\u00fbr, vous pouvez r\u00e9server votre voiture de location en ligne \u00e0 l&rsquo;avance. Le v\u00e9hicule sera alors \u00e0 votre disposition d\u00e8s votre arriv\u00e9e.<\/p>\n<h2 id=\"t-1670343365892\">Nourriture, restaurants et caf\u00e9s<\/h2>\n<p>L&rsquo;offre gastronomique de la gare principale est vari\u00e9e. Qu&rsquo;il s&rsquo;agisse du petit-d\u00e9jeuner, du d\u00e9jeuner ou du d\u00eener, divers stands de restauration proposent un repas rapide, notamment Burger King , Subway et bien d&rsquo;autres.<\/p>\n<p>Situ\u00e9 dans le hall d&rsquo;entr\u00e9e d&rsquo;origine de la partie historique de la gare Art Nouveau, le Fantova Kav\u00e1rna( (Cafe Fanta) vaut vraiment le d\u00e9tour. Il est accessible par un escalator depuis le niveau moderne -1.<\/p>\n<h2 id=\"t-1670343365893\">Shopping, magasins et boutiques<\/h2>\n<p>Bien s\u00fbr, vous pouvez acheter tout ce dont vous avez besoin pour voyager \u00e0 la gare centrale de Prague &#8211; et bien plus encore.<\/p>\n<p>De nombreux magasins, des journaux et cosm\u00e9tiques aux v\u00eatements et bijoux, articles de presse et \u00e9picerie se trouvent au sous-sol de la gare principale.<\/p>\n<p>Le supermarch\u00e9 Billa au sous-sol est ouvert tous les jours de 7h00 \u00e0 23h00.<\/p>\n<h2 id=\"t-1670343365894\">pharmacie<\/h2>\n<p>Apotheke signifie en tch\u00e8que lek\u00e1rna.<\/p>\n<p>Il y a une grande pharmacie dans la gare principale de Prague, certains employ\u00e9s parlent anglais. La pharmacie est situ\u00e9e dans le hall d&rsquo;entr\u00e9e de la gare principale de Prague. Normalement, la pharmacie est ouverte de 7 h \u00e0 20 h en semaine et de 8 h \u00e0 20 h les samedis et dimanches.<\/p>\n<p>Elle peut \u00eatre contact\u00e9e \u00e0 l&rsquo;adresse e-mail Lekarna.HLAVNI.NADRAZI@seznam.cz ou par t\u00e9l\u00e9phone au +420 224 210 040.<\/p>\n<p><span><img decoding=\"async\" alt=\"\" data-id=\"3628\" width=\"885\" data-init-width=\"1000\" height=\"590\" data-init-height=\"667\" title=\"Prague,Train,gare,pendant,les chutes de neige\" loading=\"lazy\" src=\"http:\/\/praguetouristinformation.com\/wp-content\/uploads\/2022\/12\/main-train-station-in-prague3.jpg\" data-width=\"885\" data-height=\"590\" data-pinpro-key=\"1sexohqzm\" style=\"aspect-ratio: auto 1000 \/ 667;\"><\/span><\/p>\n<h2 id=\"t-1670343365895\">Stationnement et garage<\/h2>\n<p>Juste \u00e0 c\u00f4t\u00e9 de la gare principale se trouve l&rsquo;un des plus grands parkings \u00e0 plusieurs \u00e9tages de Prague, le Parking Centrum au num\u00e9ro 6 de la rue Wilsonov\u00e1, \u00e0 c\u00f4t\u00e9 de la gare principale pr\u00e8s de l&rsquo;Op\u00e9ra d&rsquo;\u00c9tat. Une heure co\u00fbte environ 1,60 euros et 24 heures environ 25 euros. Le parking est gard\u00e9.<\/p>\n<h2 id=\"t-1670343365896\">Casiers et bagagerie<\/h2>\n<p>La consigne \u00e0 bagages de la gare principale de Prague est situ\u00e9e au d\u00e9but du passage droit vers les quais et est ouverte 7 jours sur 7 de 6h00 \u00e0 23h00. Le prix est d&rsquo;environ 2 euros par jour.<\/p>\n<p>Les casiers sont situ\u00e9s au sous-sol -2 de la gare principale.<\/p>\n<h2 id=\"t-1670343365897\">Centre de voyage et informations<\/h2>\n<p>Vous trouverez le centre de voyage et des informations au rez-de-chauss\u00e9e de la gare principale.<\/p>\n<h2 id=\"t-1670343365898\">Salon<\/h2>\n<p>Il y a un salon CD avec WiFi gratuit qui est situ\u00e9 \u00e0 l&rsquo;arri\u00e8re du niveau -2 pr\u00e8s des principaux guichets de CD et est ouvert de 06h00 \u00e0 22h30. Il peut \u00eatre utilis\u00e9 par tous les passagers de 1\u00e8re classe et les d\u00e9tenteurs de billets de 2\u00e8me classe pour les trains \u00e0 valeur \u00e9lev\u00e9e tels que les trains EuroCity, EuroNight, Ex, REx, IC et SuperCity.<\/p>\n<p>Cependant, le salon ne correspond pas forc\u00e9ment aux id\u00e9es classiques d&rsquo;un salon, il s&rsquo;apparente plut\u00f4t \u00e0 une salle d&rsquo;attente.<\/p>\n<h2 id=\"t-1670343365899\">AU M<\/h2>\n<p>Des guichets automatiques pour les retraits d&rsquo;esp\u00e8ces sont disponibles \u00e0 presque tous les niveaux de la gare principale.<\/p>\n<h2 id=\"t-1670343365900\">Perdu &amp; Trouv\u00e9 \u2013 Perdu &amp; Trouv\u00e9<\/h2>\n<p>Plus de 250 000 objets sont perdus chaque ann\u00e9e dans les gares et les trains. Si vous trouvez quelque chose \u00e0 la gare ou dans le train, vous pouvez le remettre au personnel du train ou au bureau des objets trouv\u00e9s de la gare. Les objets trouv\u00e9s y sont enregistr\u00e9s et attendent sept jours pour \u00eatre r\u00e9cup\u00e9r\u00e9s par leur propri\u00e9taire.<\/p>\n<p>Le bureau Lost&amp;Found est situ\u00e9 juste \u00e0 c\u00f4t\u00e9 des casiers au sous-sol -2 de la gare centrale de Prague. Le contact est \u00e9galement possible via l&rsquo;adresse e-mail <a href=\"mailto:info@cd.cz\">info@cd.cz<\/a> ou via le num\u00e9ro de t\u00e9l\u00e9phone +420 840 112 113.<\/p>\n<h2 id=\"t-1670343365901\">Wi-Fi<\/h2>\n<p>Les chemins de fer f\u00e9d\u00e9raux tch\u00e8ques proposent une connexion Wi-Fi gratuite \u00e0 la gare centrale de Prague.<\/p>\n<h2 id=\"t-1670343365902\">H\u00f4tels \u00e0 la gare<\/h2>\n<p>Il existe de nombreux h\u00f4tels \u00e0 proximit\u00e9 de la gare principale. Le centre-ville de Mme Sophie est \u00e0 seulement 300 m\u00e8tres, les appartements Limar \u00e0 400 m\u00e8tres et le Garden ApartHotel \u00e0 seulement 500 m\u00e8tres. <a data-id=\"10\" data-type=\"page\" href=\"https:\/\/praguetouristinformation.com\/fr\/hotel\/5-etoiles\" style=\"outline: none;\">L&rsquo; h\u00f4tel 5 \u00e9toiles<\/a> Esplanade et le Hilton sont \u00e9galement \u00e0 proximit\u00e9. Il existe \u00e9galement de nombreux autres prestataires dans toutes les gammes de prix, h\u00f4tels \u00e9toil\u00e9s ou non, chambres d&rsquo;h\u00f4tes et chambres d&rsquo;h\u00f4tes.&nbsp;<\/p>\n<h2 id=\"t-1670343365903\">Salles de s\u00e9minaires et h\u00f4tels de conf\u00e9rence<\/h2>\n<p>Nous nous ferons un plaisir de vous aider \u00e0 louer des salles de s\u00e9minaire pour vos \u00e9v\u00e9nements ou \u00e0 choisir un h\u00f4tel de conf\u00e9rence r\u00e9pondant exactement \u00e0 vos attentes et exigences.<\/p>\n<h2 id=\"t-1670343365904\">horaire d&rsquo;ouverture<\/h2>\n<p>Le b\u00e2timent de la gare n&rsquo;est PAS ouvert 24h\/24, il est ferm\u00e9 entre 00h30 et 03h30 \u00e0 des fins de nettoyage.<\/p>\n<h2 id=\"t-1670343365905\">Office de tourisme de Prague dans la gare principale<\/h2>\n<p>Tourist Info offre toutes les informations dont vous avez besoin sur Prague directement sur place. Ici, vous pouvez obtenir des informations sur les cartes, les billets, les visites guid\u00e9es, les th\u00e9\u00e2tres, les \u00e9v\u00e9nements, des informations g\u00e9n\u00e9rales sur la ville et des informations sur les h\u00f4tels. Tout le personnel est multilingue.<\/p>\n<p>Vous pouvez \u00e9galement acheter la Prague Welcome Card ici. Cela vous permet d&rsquo;utiliser gratuitement tous les transports en commun &#8211; S-Bahn, U-Bahn, bus, tram et ferry -, d&rsquo;acc\u00e9der gratuitement \u00e0 divers mus\u00e9es et de b\u00e9n\u00e9ficier de r\u00e9ductions sur diverses activit\u00e9s. Laissez simplement le personnel expert vous conseiller.<\/p>\n<p>Vous trouverez Prague Tourist Info \u00e0 votre arriv\u00e9e \u00e0 la gare principale au 1er sous-sol.<\/p>\n<ul>\n<li><strong>Adresse :<\/strong> Hall d&rsquo;entr\u00e9e de la gare principale, Wilsonova 8, Praha 2 &#8211; Nov\u00e9 Mesto 120 06<\/li>\n<li><strong>Horaires d&rsquo;ouverture :<\/strong> Du lundi au dimanche : 08h00 &#8211; 20h00<\/li>\n<li><strong>Courriel : <\/strong><a href=\"mailto:tourinfo@pis.cz\" style=\"outline: none;\">tourinfo@pis.cz<\/a><\/li>\n<li><a href=\"http:\/\/www.praguewelcome.cz\" style=\"outline: none;\" data-lt-tmp-id=\"lt-968195\" spellcheck=\"false\" target=\"_blank\" rel=\"noopener\">PragueBienvenue<\/a><\/li>\n<\/ul>\n<h2 id=\"t-1670343365906\">Adresse<\/h2>\n<ul>\n<li><strong>Adresse :<\/strong> Gare principale de Prague, Gare principale de Prague, Wilsonova 8, 120 00 Prague<\/li>\n<li><strong>T\u00e9l\u00e9phone :<\/strong> +420 224 214 886 ou +420 224 217 948<\/li>\n<li><strong>Site web : <\/strong><a href=\"https:\/\/www.cd.cz\/stanice\/5457076\/\" target=\"_blank\" style=\"outline: none;\" rel=\"noopener\">Gare principale de Prague<\/a><\/li>\n<\/ul>\n","protected":false},"excerpt":{"rendered":"<p>La gare principale de Prague, Praha hlavn\u00ed n\u00e1dra\u017e, est la gare interurbaine la plus importante de Prague et la plus grande gare de passagers de la R\u00e9publique tch\u00e8que. La gare principale est \u00e0 environ 1 kilom\u00e8tre de la place de la vieille ville et \u00e0 quelques centaines de m\u00e8tres de la place Venceslas . Dans [&hellip;]<\/p>\n","protected":false},"author":6,"featured_media":2373,"parent":769,"menu_order":0,"comment_status":"open","ping_status":"closed","template":"","meta":{"footnotes":""},"categories":[],"tags":[32,33],"class_list":["post-98","page","type-page","status-publish","has-post-thumbnail","hentry","tag-planung","tag-verkehr","post-wrapper","thrv_wrapper"],"_links":{"self":[{"href":"https:\/\/praguetouristinformation.com\/fr\/wp-json\/wp\/v2\/pages\/98","targetHints":{"allow":["GET"]}}],"collection":[{"href":"https:\/\/praguetouristinformation.com\/fr\/wp-json\/wp\/v2\/pages"}],"about":[{"href":"https:\/\/praguetouristinformation.com\/fr\/wp-json\/wp\/v2\/types\/page"}],"author":[{"embeddable":true,"href":"https:\/\/praguetouristinformation.com\/fr\/wp-json\/wp\/v2\/users\/6"}],"replies":[{"embeddable":true,"href":"https:\/\/praguetouristinformation.com\/fr\/wp-json\/wp\/v2\/comments?post=98"}],"version-history":[{"count":2,"href":"https:\/\/praguetouristinformation.com\/fr\/wp-json\/wp\/v2\/pages\/98\/revisions"}],"predecessor-version":[{"id":4979,"href":"https:\/\/praguetouristinformation.com\/fr\/wp-json\/wp\/v2\/pages\/98\/revisions\/4979"}],"up":[{"embeddable":true,"href":"https:\/\/praguetouristinformation.com\/fr\/wp-json\/wp\/v2\/pages\/769"}],"wp:featuredmedia":[{"embeddable":true,"href":"https:\/\/praguetouristinformation.com\/fr\/wp-json\/wp\/v2\/media\/2373"}],"wp:attachment":[{"href":"https:\/\/praguetouristinformation.com\/fr\/wp-json\/wp\/v2\/media?parent=98"}],"wp:term":[{"taxonomy":"category","embeddable":true,"href":"https:\/\/praguetouristinformation.com\/fr\/wp-json\/wp\/v2\/categories?post=98"},{"taxonomy":"post_tag","embeddable":true,"href":"https:\/\/praguetouristinformation.com\/fr\/wp-json\/wp\/v2\/tags?post=98"}],"curies":[{"name":"wp","href":"https:\/\/api.w.org\/{rel}","templated":true}]}}