{"id":95,"date":"2020-08-18T05:59:02","date_gmt":"2020-08-18T05:59:02","guid":{"rendered":"http:\/\/praguetouristinformation.com\/?page_id=95"},"modified":"2025-08-07T09:19:40","modified_gmt":"2025-08-07T09:19:40","slug":"stationnement","status":"publish","type":"page","link":"https:\/\/praguetouristinformation.com\/fr\/plan\/arrivee\/stationnement","title":{"rendered":"Se garer \u00e0 Prague : zones de stationnement, parkings et tarifs"},"content":{"rendered":"<h3>Bien qu&rsquo;il y ait parfois un peu d&#8217;embouteillages, conduire \u00e0 Prague m\u00eame n&rsquo;est g\u00e9n\u00e9ralement pas un probl\u00e8me, mais le stationnement l&rsquo;est.<\/h3>\n<p>&nbsp;Autant de curiosit\u00e9s qu&rsquo;il y a \u00e0 Prague, il y a si peu de places de parking. Il y a environ 90 000 places de parking dans le centre de Prague et ses environs, ce qui est loin d&rsquo;\u00eatre suffisant.<\/p>\n<h2 style=\"\">Prague Visitor Pass<\/h2>\n<p data-pm-slice=\"1 1 []\" style=\"\">Le Prague Visitor Pass vous donne acc\u00e8s aux principales attractions, mus\u00e9es et aux transports publics de la ville \u2013 id\u00e9al pour d\u00e9couvrir Prague en toute flexibilit\u00e9 et efficacit\u00e9.<\/p>\n<p style=\"\">Utilisez notre code de r\u00e9duction exclusif <strong>pragueti5<\/strong> pour b\u00e9n\u00e9ficier de <strong>5 % de remise !<\/strong><\/p>\n<p>__CONFIG_colors_palette__{\u00ab\u00a0active_palette\u00a0\u00bb:0,\u00a0\u00bbconfig\u00a0\u00bb:{\u00ab\u00a0colors\u00a0\u00bb:{\u00ab\u00a0110d6\u00a0\u00bb:{\u00ab\u00a0name\u00a0\u00bb:\u00a0\u00bbMain Accent\u00a0\u00bb,\u00a0\u00bbparent\u00a0\u00bb:-1}},\u00a0\u00bbgradients\u00a0\u00bb:[]},\u00a0\u00bbpalettes\u00a0\u00bb:[{\u00ab\u00a0name\u00a0\u00bb:\u00a0\u00bbDefault Palette\u00a0\u00bb,\u00a0\u00bbvalue\u00a0\u00bb:{\u00ab\u00a0colors\u00a0\u00bb:{\u00ab\u00a0110d6\u00a0\u00bb:{\u00ab\u00a0val\u00a0\u00bb:\u00a0\u00bbvar(e8c68)\u00a0\u00bb}},\u00a0\u00bbgradients\u00a0\u00bb:[]},\u00a0\u00bboriginal\u00a0\u00bb:{\u00ab\u00a0colors\u00a0\u00bb:{\u00ab\u00a0110d6\u00a0\u00bb:{\u00ab\u00a0val\u00a0\u00bb:\u00a0\u00bbrgb(19, 114, 211)\u00a0\u00bb,\u00a0\u00bbhsl\u00a0\u00bb:{\u00ab\u00a0h\u00a0\u00bb:210,\u00a0\u00bbs\u00a0\u00bb:0.83,\u00a0\u00bbl\u00a0\u00bb:0.45}}},\u00a0\u00bbgradients\u00a0\u00bb:[]}}]}__CONFIG_colors_palette__ <a href=\"https:\/\/praguevisitorpass.eu\/?lang=fr-fr\" style=\"font-size: var(--tve-font-size, 14px) !important;\" target=\"_blank\" rel=\"noopener\"><span style=\"\">    <\/span> <span style=\"\"><span>Plus d\u2019infos<\/span><\/span> <\/a>  <\/p>\n<h2 id=\"t-1670236856472\">zones de stationnement<\/h2>\n<p><span><img decoding=\"async\" alt=\"\" data-id=\"4446\" width=\"711\" data-init-width=\"1000\" height=\"667\" data-init-height=\"667\" title=\"Ville,Centre,Bleu,Zone,Parking,Ligne,Marqu\u00e9,Sur,Rue,Route,\" loading=\"lazy\" src=\"\/\/praguetouristinformation.com\/fr\/wp-content\/uploads\/2022\/12\/Prague-Blue-Zone-Parking.jpg\" data-width=\"711\" style=\"aspect-ratio: auto 1000 \/ 667;\"><\/span><\/p>\n<p>Le centre-ville est divis\u00e9 en zones de stationnement. Ceux-ci sont marqu\u00e9s sur un panneau avec le panneau de signalisation <strong>P<\/strong> , et il y a aussi des rayures de la couleur correspondante sur la route.<\/p>\n<ul>\n<li><strong>Bleu :<\/strong> Les zones de stationnement sont r\u00e9serv\u00e9es aux riverains. Assurez-vous de ne pas garer votre v\u00e9hicule ici, sinon vous risquez d&rsquo;avoir une pince de stationnement ou m\u00eame de vous faire remorquer votre voiture.<\/li>\n<li><strong>Orange : Le<\/strong> stationnement est autoris\u00e9 pour un maximum de 2 heures dans les zones orange. Les frais sont d&rsquo;environ 1,20 euros par heure.<\/li>\n<li><strong>Vert :<\/strong> Le stationnement est autoris\u00e9 dans les zones vertes pour un maximum de 6 heures. Les frais sont d&rsquo;environ 1,60 euros par heure.<\/li>\n<\/ul>\n<h2 id=\"t-1670236856473\">Vente de tickets de stationnement<\/h2>\n<p><span><img decoding=\"async\" alt=\"\" data-id=\"4449\" width=\"711\" data-init-width=\"1000\" height=\"662\" data-init-height=\"662\" title=\"Machine,Parking,On,A,Ville,Rue.\" loading=\"lazy\" src=\"\/\/praguetouristinformation.com\/fr\/wp-content\/uploads\/2022\/12\/Prague-Parking-Ticket-Sales.jpg\" data-width=\"711\" style=\"aspect-ratio: auto 1000 \/ 662;\"><\/span><\/p>\n<p>Un ticket de parking peut \u00eatre obtenu aux machines juste \u00e0 c\u00f4t\u00e9 des panneaux de stationnement. Veuillez pr\u00eater attention aux panneaux d&rsquo;information sur les panneaux de signalisation.<\/p>\n<p>L&rsquo;expression \u00ab\u00a0parkovac\u00ed l\u00edstek\u00a0\u00bb ou \u00ab\u00a0parkovac\u00ed karta\u00a0\u00bb signifie qu&rsquo;un ticket de parking peut \u00eatre obtenu \u00e0 l&rsquo;horodateur, l&rsquo;expression \u00ab\u00a0Bez omezen\u00cd\u00a0\u00bb signifie \u00ab\u00a0illimit\u00e9\u00a0\u00bb.<\/p>\n<h2 id=\"t-1670236856474\">objets de valeur dans la voiture<\/h2>\n<p>Ne laissez jamais d&rsquo;objets de valeur dans la voiture lorsque vous vous garez dans la rue. Veillez \u00e9galement \u00e0 ne laisser aucun bagage visible dans le v\u00e9hicule.<\/p>\n<p>Les cambriolages et les vols de voitures ne sont pas rares \u00e0 Prague.<\/p>\n<h2 id=\"t-1670236856475\">Handy-Apps<\/h2>\n<p>L&rsquo;application mobile Mr.Parkit affiche la prochaine place de parking disponible dans un parking couvert.<\/p>\n<h2 id=\"t-1670236856476\">garages de stationnement<\/h2>\n<p><span><img decoding=\"async\" alt=\"\" data-id=\"4448\" width=\"711\" data-init-width=\"1000\" height=\"667\" data-init-height=\"667\" title=\"Souterrain,Parking\/garage,(peu profond,Dof&nbsp;;,Couleur,Tonifi\u00e9,Image)\" loading=\"lazy\" src=\"\/\/praguetouristinformation.com\/fr\/wp-content\/uploads\/2022\/12\/parking-garage-1.jpg\" data-width=\"711\" style=\"aspect-ratio: auto 1000 \/ 667;\"><\/span><\/p>\n<p>Il existe des parkings payants \u00e0 plusieurs \u00e9tages dans toute la ville, dont beaucoup sont situ\u00e9s \u00e0 proximit\u00e9 des gares, <a data-id=\"247\" data-type=\"page\" href=\"https:\/\/praguetouristinformation.com\/fr\/choses-a-faire\" style=\"outline: none;\">des attractions touristiques<\/a> , des <a data-id=\"200\" data-type=\"page\" href=\"https:\/\/praguetouristinformation.com\/fr\/shopping\/centres-commerciaux\" style=\"outline: none;\">centres<\/a> commerciaux ou des grands h\u00f4tels. Les parkings sont gard\u00e9s. Les prix commencent \u00e0 2 euros de l&rsquo;heure, 24 heures co\u00fbtent environ 30 euros.<\/p>\n<p>Nous avons rassembl\u00e9 pour vous quelques-uns des plus grands et des plus centraux&nbsp;:<\/p>\n<ul>\n<li><strong>Parking souterrain Palladium :<\/strong> Le plus grand parking souterrain public du centre est situ\u00e9 sous le centre commercial Palladium, Place de la R\u00e9publique 1, Praha 1.<\/li>\n<\/ul>\n<ul>\n<li><strong>Parking Centrum :<\/strong> \u00c0 c\u00f4t\u00e9 de la <a data-id=\"98\" data-type=\"page\" href=\"https:\/\/praguetouristinformation.com\/fr\/plan\/arrivee\/gare-centrale\" style=\"outline: none;\">gare principale, de<\/a> l&rsquo;Op\u00e9ra d&rsquo;\u00c9tat et \u00e0 proximit\u00e9 de la <a data-id=\"662\" data-type=\"page\" href=\"https:\/\/praguetouristinformation.com\/fr\/choses-a-faire\/vieille-ville\/place-venceslas\" style=\"outline: none;\">place Venceslas<\/a> se trouve le plus grand parking de Prague avec 440 places de stationnement, le Parking Centrum \u00e0 Wilsonov\u00e1 6.<\/li>\n<\/ul>\n<ul>\n<li><strong>Parking souterrain Millenium :<\/strong> Le parking souterrain Millenium sous l&rsquo;h\u00f4tel Mariott offre 440 places de stationnement et est situ\u00e9 au centre pr\u00e8s de la gare de la ville de Prague Masarykovo N\u00e1dra\u017e\u00ed<\/li>\n<\/ul>\n<ul>\n<li><strong>Parking souterrain Rudofinium :<\/strong> Le parking souterrain Rudofinium avec 450 places de stationnement est situ\u00e9 directement sur la rivi\u00e8re Vltava et \u00e0 proximit\u00e9 du <a data-id=\"664\" data-type=\"page\" href=\"https:\/\/praguetouristinformation.com\/fr\/choses-a-faire\/le-pont-charles\" style=\"outline: none;\">pont Charles . <\/a>Le garage est sous surveillance vid\u00e9o 24h\/24 et est situ\u00e9 \u00e0 Al\u0161ovo N\u00e1b\u0159e\u017e\u00ed 12, 11000 Prague 1.<\/li>\n<\/ul>\n<h2 style=\"\" id=\"t-1754558310043\">R\u00e9servations populaires de transport \u00e0 Prague<\/h2>\n<p><!-- GetYourGuide Analytics -->[tcb-script async=\u00a0\u00bb\u00a0\u00bb defer=\u00a0\u00bb\u00a0\u00bb src=\u00a0\u00bbhttps:\/\/widget.getyourguide.com\/dist\/pa.umd.production.min.js\u00a0\u00bb data-gyg-partner-id=\u00a0\u00bb0F6NPGN\u00a0\u00bb][\/tcb-script]<\/p>\n<h2 id=\"t-1670236856477\">Parcs dans les h\u00f4tels<\/h2>\n<p>De nombreux h\u00f4tels de Prague proposent un parking priv\u00e9 payant. Ces parkings sont souvent vid\u00e9o-surveill\u00e9s ou m\u00eame compl\u00e8tement ferm\u00e9s et sont consid\u00e9r\u00e9s comme tr\u00e8s s\u00fbrs.<\/p>\n<h2 id=\"t-1670236856478\">Park &amp; Ride<\/h2>\n<p>Il y a un total de 16 parkings Park &amp; Ride \u00e0 Prague, tous situ\u00e9s juste \u00e0 l&rsquo;ext\u00e9rieur des limites de la ville. Beaucoup sont sous vid\u00e9osurveillance. La plupart d&rsquo;entre eux sont connect\u00e9s au r\u00e9seau de m\u00e9tro, certains aux services de bus. Les places de parking sont payantes, mais sont g\u00e9n\u00e9ralement beaucoup moins ch\u00e8res que les parkings couverts du centre-ville, se garer pour moins de 1 euro par jour est possible.<\/p>\n<p>Des places de parking Park &amp; Ride sont disponibles dans les stations de m\u00e9tro suivantes :<\/p>\n<ul>\n<li><strong>Ligne A<\/strong> : Skalka<\/li>\n<li><strong>Ligne B<\/strong> : \u010cern\u00fd Most, Nov\u00e9 Butovice, Palmovka, Rajsk\u00e1 zahrada, Zli\u010d\u00edn<\/li>\n<li><strong>Ligne C<\/strong> : Chodov, Depo Hostiva\u0159, L\u00e1dv\u00ed, Let\u0148any, Station Hole\u0161ovice, Opatov<\/li>\n<\/ul>\n<p>Ces parkings Park &amp; Ride ferment \u00e0 1h du matin. Apr\u00e8s cela, vous ne pourrez r\u00e9cup\u00e9rer votre v\u00e9hicule qu&rsquo;\u00e0 partir de 4h du matin moyennant un suppl\u00e9ment de 200 couronnes (4 euros).&nbsp;<\/p>\n<p>En plus du ticket de parking, vous pouvez \u00e9galement acheter des tickets \u00e0 tarif r\u00e9duit pour les transports en commun aux distributeurs automatiques du parking, ceux-ci ne sont valables que le jour m\u00eame.<\/p>\n<h2 id=\"t-1670236856479\">Parking gratuit<\/h2>\n<p>Le stationnement en dehors des zones de stationnement est gratuit. Vous pouvez \u00e9galement vous garer gratuitement dans les espaces ext\u00e9rieurs.<\/p>\n<p>De nombreux h\u00f4tels proposent un parking gratuit.<\/p>\n<h2 id=\"t-1670236856480\">remorquer<\/h2>\n<p><span><img decoding=\"async\" alt=\"\" data-id=\"4447\" width=\"711\" data-init-width=\"1000\" height=\"667\" data-init-height=\"667\" title=\"La,voiture,est,charg\u00e9e,sur,une,\u00e9vacuation,remorquage,camion,dans\" loading=\"lazy\" src=\"\/\/praguetouristinformation.com\/fr\/wp-content\/uploads\/2022\/12\/Prague-Car-Towing.jpg\" data-width=\"711\" style=\"aspect-ratio: auto 1000 \/ 667;\"><\/span><\/p>\n<p>Si la voiture a \u00e9t\u00e9 heurt\u00e9e ou remorqu\u00e9e, veuillez appeler la police de la ville de Prague au +420 156.<\/p>\n<p>Cela arrive g\u00e9n\u00e9ralement assez rapidement et lib\u00e8re le blocage de la voiture moyennant des frais. Les frais pour cela commencent \u00e0 un minimum de 50 euros.<\/p>\n<p>Le remorquage est nettement plus cher.<\/p>\n","protected":false},"excerpt":{"rendered":"<p>Bien qu&rsquo;il y ait parfois un peu d&#8217;embouteillages, conduire \u00e0 Prague m\u00eame n&rsquo;est g\u00e9n\u00e9ralement pas un probl\u00e8me, mais le stationnement l&rsquo;est. &nbsp;Autant de curiosit\u00e9s qu&rsquo;il y a \u00e0 Prague, il y a si peu de places de parking. Il y a environ 90 000 places de parking dans le centre de Prague et ses environs, [&hellip;]<\/p>\n","protected":false},"author":6,"featured_media":2380,"parent":769,"menu_order":0,"comment_status":"closed","ping_status":"closed","template":"","meta":{"footnotes":""},"categories":[],"tags":[32,33],"class_list":["post-95","page","type-page","status-publish","has-post-thumbnail","hentry","tag-planung","tag-verkehr","post-wrapper","thrv_wrapper"],"_links":{"self":[{"href":"https:\/\/praguetouristinformation.com\/fr\/wp-json\/wp\/v2\/pages\/95","targetHints":{"allow":["GET"]}}],"collection":[{"href":"https:\/\/praguetouristinformation.com\/fr\/wp-json\/wp\/v2\/pages"}],"about":[{"href":"https:\/\/praguetouristinformation.com\/fr\/wp-json\/wp\/v2\/types\/page"}],"author":[{"embeddable":true,"href":"https:\/\/praguetouristinformation.com\/fr\/wp-json\/wp\/v2\/users\/6"}],"replies":[{"embeddable":true,"href":"https:\/\/praguetouristinformation.com\/fr\/wp-json\/wp\/v2\/comments?post=95"}],"version-history":[{"count":2,"href":"https:\/\/praguetouristinformation.com\/fr\/wp-json\/wp\/v2\/pages\/95\/revisions"}],"predecessor-version":[{"id":4983,"href":"https:\/\/praguetouristinformation.com\/fr\/wp-json\/wp\/v2\/pages\/95\/revisions\/4983"}],"up":[{"embeddable":true,"href":"https:\/\/praguetouristinformation.com\/fr\/wp-json\/wp\/v2\/pages\/769"}],"wp:featuredmedia":[{"embeddable":true,"href":"https:\/\/praguetouristinformation.com\/fr\/wp-json\/wp\/v2\/media\/2380"}],"wp:attachment":[{"href":"https:\/\/praguetouristinformation.com\/fr\/wp-json\/wp\/v2\/media?parent=95"}],"wp:term":[{"taxonomy":"category","embeddable":true,"href":"https:\/\/praguetouristinformation.com\/fr\/wp-json\/wp\/v2\/categories?post=95"},{"taxonomy":"post_tag","embeddable":true,"href":"https:\/\/praguetouristinformation.com\/fr\/wp-json\/wp\/v2\/tags?post=95"}],"curies":[{"name":"wp","href":"https:\/\/api.w.org\/{rel}","templated":true}]}}