{"id":92,"date":"2020-08-18T05:56:38","date_gmt":"2020-08-18T05:56:38","guid":{"rendered":"http:\/\/praguetouristinformation.com\/?page_id=92"},"modified":"2025-08-07T09:19:17","modified_gmt":"2025-08-07T09:19:17","slug":"gare-routiere-florenc","status":"publish","type":"page","link":"https:\/\/praguetouristinformation.com\/fr\/plan\/arrivee\/gare-routiere-florenc","title":{"rendered":"Guide de la gare routi\u00e8re de Prague : informations, horaires, liaisons en bus"},"content":{"rendered":"<h3 id=\"t-1670351295811\">La gare routi\u00e8re centrale de Prague ZOB s&rsquo;appelle Florenc &#8211; Praha Florenc \u00daAN &#8211; et est situ\u00e9e dans le quartier de Kalin \u00e0 l&rsquo;est de <a data-id=\"742\" data-type=\"page\" href=\"http:\/\/praguetouristinformation.com\/sehenswuerdigkeiten\/altstadt\" style=\"outline: none;\">la vieille ville de Prague,<\/a> sur la rive droite de la Vltava.<\/h3>\n<p>La distance de la vieille ville de Prague est d&rsquo;environ 1,5 km, du <a data-id=\"664\" data-type=\"page\" href=\"https:\/\/praguetouristinformation.com\/fr\/choses-a-faire\/le-pont-charles\" style=\"outline: none;\">pont Charles<\/a> \u00e0 2 km.<\/p>\n<p>Praha Florenc \u00daAN est la plaque tournante centrale du syst\u00e8me de transport public de la ville. Environ 10 millions de passagers sont trait\u00e9s chaque ann\u00e9e. La gare routi\u00e8re est consid\u00e9r\u00e9e comme l&rsquo;une des plus modernes d&rsquo;Europe.<\/p>\n<p>Praha Florenc \u00daAN est ouvert entre 4h00 et minuit, la nouvelle salle ouvre \u00e0 5h00.<\/p>\n<p>Consultez ce guide de la gare routi\u00e8re de Prague pour plus d&rsquo;informations et de conseils utiles. Commen\u00e7ons par le calendrier&nbsp;!<\/p>\n<h2 style=\"\">Prague Visitor Pass<\/h2>\n<p data-pm-slice=\"1 1 []\" style=\"\">Le Prague Visitor Pass vous donne acc\u00e8s aux principales attractions, mus\u00e9es et aux transports publics de la ville \u2013 id\u00e9al pour d\u00e9couvrir Prague en toute flexibilit\u00e9 et efficacit\u00e9.<\/p>\n<p style=\"\">Utilisez notre code de r\u00e9duction exclusif <strong>pragueti5<\/strong> pour b\u00e9n\u00e9ficier de <strong>5 % de remise !<\/strong><\/p>\n<p>__CONFIG_colors_palette__{\u00ab\u00a0active_palette\u00a0\u00bb:0,\u00a0\u00bbconfig\u00a0\u00bb:{\u00ab\u00a0colors\u00a0\u00bb:{\u00ab\u00a0110d6\u00a0\u00bb:{\u00ab\u00a0name\u00a0\u00bb:\u00a0\u00bbMain Accent\u00a0\u00bb,\u00a0\u00bbparent\u00a0\u00bb:-1}},\u00a0\u00bbgradients\u00a0\u00bb:[]},\u00a0\u00bbpalettes\u00a0\u00bb:[{\u00ab\u00a0name\u00a0\u00bb:\u00a0\u00bbDefault Palette\u00a0\u00bb,\u00a0\u00bbvalue\u00a0\u00bb:{\u00ab\u00a0colors\u00a0\u00bb:{\u00ab\u00a0110d6\u00a0\u00bb:{\u00ab\u00a0val\u00a0\u00bb:\u00a0\u00bbvar(e8c68)\u00a0\u00bb}},\u00a0\u00bbgradients\u00a0\u00bb:[]},\u00a0\u00bboriginal\u00a0\u00bb:{\u00ab\u00a0colors\u00a0\u00bb:{\u00ab\u00a0110d6\u00a0\u00bb:{\u00ab\u00a0val\u00a0\u00bb:\u00a0\u00bbrgb(19, 114, 211)\u00a0\u00bb,\u00a0\u00bbhsl\u00a0\u00bb:{\u00ab\u00a0h\u00a0\u00bb:210,\u00a0\u00bbs\u00a0\u00bb:0.83,\u00a0\u00bbl\u00a0\u00bb:0.45}}},\u00a0\u00bbgradients\u00a0\u00bb:[]}}]}__CONFIG_colors_palette__ <a href=\"https:\/\/praguevisitorpass.eu\/?lang=fr-fr\" style=\"font-size: var(--tve-font-size, 14px) !important;\" target=\"_blank\" rel=\"noopener\"><span style=\"\">    <\/span> <span style=\"\"><span>Plus d\u2019infos<\/span><\/span> <\/a>  <\/p>\n<h2 id=\"t-1670351295812\">Horaire avec arriv\u00e9e et d\u00e9part<\/h2>\n<p><span><img decoding=\"async\" alt=\"\" data-id=\"3639\" width=\"886\" data-init-width=\"1000\" height=\"591\" data-init-height=\"667\" title=\"Gros,Lettres,Prague,Sur,La,Brique,Mur,Sur,Bus,Hub\" loading=\"lazy\" src=\"http:\/\/praguetouristinformation.com\/wp-content\/uploads\/2022\/12\/prague-bus-station-2.jpg\" data-width=\"886\" data-height=\"591\" data-pinpro-key=\"y8zcxa3aq\" style=\"aspect-ratio: auto 1000 \/ 667;\"><\/span><\/p>\n<ul>\n<li><strong>Heures d&rsquo;arriv\u00e9e&nbsp;:<\/strong> voici les <a data-id=\"http:\/\/www.florenc.cz\/index.php?site=an&amp;usite=info&amp;sel=odjpri&amp;lan=de&amp;db=1\" data-type=\"URL\" href=\"http:\/\/www.florenc.cz\/index.php?site=an&amp;usite=info&amp;sel=odjpri&amp;lan=de&amp;db=1\" target=\"_blank\" style=\"outline: none;\" rel=\"noopener\">heures d&rsquo;arriv\u00e9e actuelles<\/a> avec des informations sur les retards.<\/li>\n<\/ul>\n<ul>\n<li><strong>Heures de d\u00e9part&nbsp;:<\/strong> voici les <a data-id=\"http:\/\/www.florenc.cz\/index.php?site=an&amp;usite=info&amp;sel=odjpri&amp;lan=de&amp;db=0\" data-type=\"URL\" href=\"http:\/\/www.florenc.cz\/index.php?site=an&amp;usite=info&amp;sel=odjpri&amp;lan=de&amp;db=0\" target=\"_blank\" rel=\"noopener\">heures de d\u00e9part actuelles<\/a> avec des informations sur les retards.<\/li>\n<\/ul>\n<h2 id=\"t-1670351295813\">liaisons de bus<\/h2>\n<p>En plus des destinations dans les pays voisins proches et dans toute l&rsquo;Europe, il existe des liaisons en bus vers toutes les grandes villes de Prague. Plus de 450 correspondances par jour sont g\u00e9r\u00e9es \u00e0 la gare routi\u00e8re centrale de Prague Florenc.<\/p>\n<p>La gare routi\u00e8re centrale est desservie par de nombreuses compagnies, dont Flixbus, BlaBlaBus, Infobus, Busfor et RegioJet.<\/p>\n<h2 id=\"t-1670351295814\">arr\u00eat de bus longue distance<\/h2>\n<p>La gare routi\u00e8re est principalement utilis\u00e9e pour les trajets en bus longue distance. La gare routi\u00e8re centrale de Prague est un important point de transport national et international par bus longue distance, reliant Prague \u00e0 de nombreuses r\u00e9gions d&rsquo;Europe. En raison de sa situation g\u00e9ographique, la gare routi\u00e8re centrale joue un r\u00f4le particulier en tant que porte d&rsquo;entr\u00e9e vers l&rsquo;Europe de l&rsquo;Est.<\/p>\n<h2 id=\"t-1670351295815\">Flixbus am Omnibusbahnhof Praha Florenc \u00daAN<\/h2>\n<p>Flixbus est la plus grande compagnie de bus longue distance desservant la gare routi\u00e8re centrale de Prague. La soci\u00e9t\u00e9 a \u00e9t\u00e9 fond\u00e9e en 2012 avec son si\u00e8ge \u00e0 Munich et en 2019 desservait environ 2 500 destinations dans 30 pays avec 62 millions de clients. Flixbus d\u00e9tient ainsi une part de march\u00e9 de plus de 90 % sur le march\u00e9 allemand des bus longue distance.<\/p>\n<p>Les bus verts \u00e0 imp\u00e9riale sont des v\u00e9hicules modernes et confortables avec toilettes \u00e0 bord et WiFi gratuit. Des collations et des boissons sont vendues pendant le trajet.<\/p>\n<p>Les billets Flixbus sont principalement vendus via leur propre plateforme en ligne et par l&rsquo;interm\u00e9diaire d&rsquo;agences de voyages.Dans certaines villes, il existe \u00e9galement des magasins Flixbus, de pr\u00e9f\u00e9rence dans les gares routi\u00e8res.<\/p>\n<h2 id=\"t-1670351295816\">Transport public<\/h2>\n<p><span><img decoding=\"async\" alt=\"\" data-id=\"3640\" width=\"886\" data-init-width=\"1000\" height=\"591\" data-init-height=\"667\" title=\"Public,Transport,Bus,Int\u00e9rieur,Avec,Flou,Ticket,Validateur,Et,Pare-brise\" loading=\"lazy\" src=\"http:\/\/praguetouristinformation.com\/wp-content\/uploads\/2022\/12\/prague-bus-station-3.jpg\" data-width=\"886\" data-height=\"591\" data-pinpro-key=\"txs8q33qv\" style=\"aspect-ratio: auto 1000 \/ 667;\"><\/span><\/p>\n<p>La gare routi\u00e8re centrale est facilement accessible en <a data-id=\"775\" data-type=\"page\" href=\"https:\/\/praguetouristinformation.com\/fr\/plan\/transports-en-commun\" style=\"outline: none;\">transports en commun<\/a> . La station de m\u00e9tro Florenc est juste \u00e0 c\u00f4t\u00e9 de la gare routi\u00e8re.<\/p>\n<p>Les lignes B et C se croisent ici et offrent des liaisons rapides vers le centre-ville.<\/p>\n<p><strong>La ligne B<\/strong> est la <strong>ligne<\/strong> jaune du m\u00e9tro de Prague. Il mesure 25,6 kilom\u00e8tres de long et compte 24 stations, dont M\u016fstek, Florenc et Rebublik Square.<\/p>\n<p><strong>La ligne C<\/strong> est la <strong>ligne<\/strong> rouge du m\u00e9tro de Prague. Il s&rsquo;\u00e9tend sur 22,7 kilom\u00e8tres et compte 20 gares, dont la Gare Centrale, Florenc et IPPavlova dans la Ville Nouvelle.<\/p>\n<h2 id=\"t-1670351295817\">Taxi<\/h2>\n<p>Bien qu&rsquo;il existe une station de taxis \u00e0 la gare routi\u00e8re de Florenc, il est fortement d\u00e9conseill\u00e9 aux voyageurs d&rsquo;utiliser ces <a data-id=\"89\" data-type=\"page\" href=\"https:\/\/praguetouristinformation.com\/fr\/plan\/arrivee\/taxi\" style=\"outline: none;\">taxis<\/a> , pr\u00e9f\u00e9rant appeler un taxi ou utiliser les services d&rsquo;UBER \u00e0 la place. Les taxis qui s&rsquo;arr\u00eatent pr\u00e8s des points fr\u00e9quent\u00e9s par les touristes ont tendance \u00e0 \u00eatre trop chers et \u00e0 voyager beaucoup trop longtemps.<\/p>\n<p>Le tarif de base est de 60 CZK (env. 2,40 EUR), le prix au kilom\u00e8tre est de 36 CZK (env. 1,45 EUR). Les temps d&rsquo;arr\u00eat et d&rsquo;attente sont factur\u00e9s 7 couronnes tch\u00e8ques par minute (environ 0,28 EUR).<\/p>\n<h2 id=\"t-1670351295818\">Casiers et bagagerie<\/h2>\n<p>Il y a des consignes \u00e0 bagages \u00e0 la gare routi\u00e8re centrale de Prague, le co\u00fbt est d&rsquo;environ 35 CZK par jour. La bagagerie est ouverte de 5h00 \u00e0 minuit.<\/p>\n<h2 id=\"t-1670351295819\">Stationnement \u00e0 la gare routi\u00e8re<\/h2>\n<p>Le parking pour les collectionneurs et les visiteurs est situ\u00e9 directement \u00e0 l&rsquo;entr\u00e9e de la gare routi\u00e8re centrale de Florenc Prague.<\/p>\n<h2 id=\"t-1670351295820\">location d&rsquo;autobus<\/h2>\n<p>Nous sommes heureux de vous aider \u00e0 louer des bus pour toutes les occasions, que ce soit pour des voyages de groupe, des sorties d&rsquo;entreprise, des voyages scolaires, des \u00e9v\u00e9nements ou autres.<\/p>\n<p>Visitez notre site internet : www\/\/\u2026\u2026\u2026. et contactez-nous.<\/p>\n<h2 id=\"t-1670351295821\">Remarques pour les entra\u00eeneurs<\/h2>\n<p><span><img decoding=\"async\" alt=\"\" data-id=\"3642\" width=\"886\" data-init-width=\"1000\" height=\"591\" data-init-height=\"667\" title=\"Prague,,R\u00e9publique,Tch\u00e8que,,2018&nbsp;:,Moderne,Public,Transport,Bus,,Ligne,Ae\" loading=\"lazy\" src=\"http:\/\/praguetouristinformation.com\/wp-content\/uploads\/2022\/12\/prague-bus-station1.jpg\" data-width=\"886\" data-height=\"591\" data-pinpro-key=\"1vbw929as\" style=\"aspect-ratio: auto 1000 \/ 667;\"><\/span><\/p>\n<ul>\n<li><strong>Chantiers et fermetures<\/strong> en cours : Dans une grande ville comme Prague, les embouteillages sont malheureusement in\u00e9vitables, que ce soit \u00e0 cause d&rsquo;accidents, de chantiers ou autres. Les informations routi\u00e8res actuelles du centre d&rsquo;informations routi\u00e8res de Prague fournissent des informations sur les fermetures de routes et les chantiers de construction \u00e0 Prague et en R\u00e9publique tch\u00e8que.<\/li>\n<\/ul>\n<p>Pour plus d&rsquo;informations, voir <a data-id=\"https:\/\/www.czech-tourist.de\/baustellen.htm\" data-type=\"URL\" href=\"https:\/\/www.czech-tourist.de\/baustellen.htm\" target=\"_blank\" style=\"outline: none;\" rel=\"noopener\">ce lien<\/a> .<\/p>\n<h2 id=\"t-1670351295822\">\u00c9change de devises<\/h2>\n<p>Il y a un bureau de change dans le Hall H1 et le Hall H2. Il y a aussi des guichets automatiques dans le hall H2.<\/p>\n<p>Il est conseill\u00e9 aux voyageurs d&rsquo;\u00e9changer de grosses sommes d&rsquo;argent dans l&rsquo;un des bureaux de change du centre-ville. Le cours ici est g\u00e9n\u00e9ralement beaucoup moins cher.<\/p>\n<h2 id=\"t-1670351295823\">achats et achats<\/h2>\n<p>Les voyageurs peuvent acheter de petites collations telles que des sucreries, des boissons et des p\u00e2tisseries au Pont Service du Terminal H1 et au Mersiha Mini Market du Terminal H2. Des magazines et des produits du tabac sont \u00e9galement vendus<\/p>\n<h2 id=\"t-1670351295824\">Manger \u00e0 la gare routi\u00e8re centrale<\/h2>\n<p>Divers restaurants de restauration rapide sont repr\u00e9sent\u00e9s \u00e0 la gare routi\u00e8re de Florenc, dont Burger King, Starbucks et Fastfood JLV.<\/p>\n<h2 id=\"t-1670351295825\">H\u00f4tels<\/h2>\n<p><a data-id=\"19\" data-type=\"page\" href=\"https:\/\/praguetouristinformation.com\/fr\/hotel\/4-etoiles\" style=\"outline: none;\">L&rsquo; h\u00f4tel 4 \u00e9toiles<\/a> Pera, l&rsquo;h\u00f4tel Florenc et l&rsquo;auberge Rohan sont situ\u00e9s directement \u00e0 la gare routi\u00e8re de Prague Florenc . D&rsquo;autres h\u00f4tels et pensions se trouvent \u00e0 proximit\u00e9 imm\u00e9diate du ZOB.<\/p>\n<h2 id=\"t-1670351295826\">Salles de s\u00e9minaires et h\u00f4tels de conf\u00e9rence :<\/h2>\n<p>Nous nous ferons un plaisir de vous aider \u00e0 louer des salles de s\u00e9minaire pour vos \u00e9v\u00e9nements ou \u00e0 choisir un h\u00f4tel de conf\u00e9rence r\u00e9pondant exactement \u00e0 vos attentes et exigences.<\/p>\n<p>Visitez notre site internet : www\/\/\u2026\u2026\u2026.et contactez-nous.<\/p>\n<h2 id=\"t-1670351295827\">Wifi<\/h2>\n<p>Le cybercaf\u00e9 est ouvert de 8h30 \u00e0 21h00. Internet gratuit est disponible pour les clients dans le nouveau hall.<\/p>\n<h2 id=\"t-1670351295828\">Adresse<\/h2>\n<ul>\n<li><strong>Adresse :<\/strong> Prague Florenc \u00daAN, K\u0159i\u017e\u00edkova 2110\/2b Nov\u00e9 M\u011bsto, 186 00 Prague<\/li>\n<li><strong>Transports publics :<\/strong> Arr\u00eat de bus Praha Florenc \u00daAN &#8211; Gare routi\u00e8re centrale de Prague Florenc<\/li>\n<li><strong>T\u00e9l\u00e9phone :<\/strong> +420 900 144 444<\/li>\n<li><strong>Courriel : <\/strong><a href=\"mailto:callcentrum@florenc.cz\">callcentrum@florenc.cz<\/a><\/li>\n<li><strong>Site Web : <\/strong><a data-id=\"http:\/\/florenc.cz\/index.php?lan=en&amp;site=an&amp;usite=sluzby&amp;sel=usch\" data-type=\"URL\" href=\"http:\/\/florenc.cz\/index.php?lan=en&amp;site=an&amp;usite=sluzby&amp;sel=usch\" target=\"_blank\" rel=\"noopener\">www.florenc.cz<\/a><\/li>\n<\/ul>\n","protected":false},"excerpt":{"rendered":"<p>La gare routi\u00e8re centrale de Prague ZOB s&rsquo;appelle Florenc &#8211; Praha Florenc \u00daAN &#8211; et est situ\u00e9e dans le quartier de Kalin \u00e0 l&rsquo;est de la vieille ville de Prague, sur la rive droite de la Vltava. La distance de la vieille ville de Prague est d&rsquo;environ 1,5 km, du pont Charles \u00e0 2 km. [&hellip;]<\/p>\n","protected":false},"author":6,"featured_media":2365,"parent":769,"menu_order":0,"comment_status":"open","ping_status":"closed","template":"","meta":{"footnotes":""},"categories":[],"tags":[32,33],"class_list":["post-92","page","type-page","status-publish","has-post-thumbnail","hentry","tag-planung","tag-verkehr","post-wrapper","thrv_wrapper"],"_links":{"self":[{"href":"https:\/\/praguetouristinformation.com\/fr\/wp-json\/wp\/v2\/pages\/92","targetHints":{"allow":["GET"]}}],"collection":[{"href":"https:\/\/praguetouristinformation.com\/fr\/wp-json\/wp\/v2\/pages"}],"about":[{"href":"https:\/\/praguetouristinformation.com\/fr\/wp-json\/wp\/v2\/types\/page"}],"author":[{"embeddable":true,"href":"https:\/\/praguetouristinformation.com\/fr\/wp-json\/wp\/v2\/users\/6"}],"replies":[{"embeddable":true,"href":"https:\/\/praguetouristinformation.com\/fr\/wp-json\/wp\/v2\/comments?post=92"}],"version-history":[{"count":2,"href":"https:\/\/praguetouristinformation.com\/fr\/wp-json\/wp\/v2\/pages\/92\/revisions"}],"predecessor-version":[{"id":4980,"href":"https:\/\/praguetouristinformation.com\/fr\/wp-json\/wp\/v2\/pages\/92\/revisions\/4980"}],"up":[{"embeddable":true,"href":"https:\/\/praguetouristinformation.com\/fr\/wp-json\/wp\/v2\/pages\/769"}],"wp:featuredmedia":[{"embeddable":true,"href":"https:\/\/praguetouristinformation.com\/fr\/wp-json\/wp\/v2\/media\/2365"}],"wp:attachment":[{"href":"https:\/\/praguetouristinformation.com\/fr\/wp-json\/wp\/v2\/media?parent=92"}],"wp:term":[{"taxonomy":"category","embeddable":true,"href":"https:\/\/praguetouristinformation.com\/fr\/wp-json\/wp\/v2\/categories?post=92"},{"taxonomy":"post_tag","embeddable":true,"href":"https:\/\/praguetouristinformation.com\/fr\/wp-json\/wp\/v2\/tags?post=92"}],"curies":[{"name":"wp","href":"https:\/\/api.w.org\/{rel}","templated":true}]}}