{"id":902,"date":"2020-10-19T15:45:33","date_gmt":"2020-10-19T15:45:33","guid":{"rendered":"http:\/\/praguetouristinformation.com\/?page_id=902"},"modified":"2023-05-04T10:32:47","modified_gmt":"2023-05-04T10:32:47","slug":"glow-golf","status":"publish","type":"page","link":"https:\/\/praguetouristinformation.com\/fr\/choses-a-faire\/pour-les-enfants\/glow-golf","title":{"rendered":"Guide Glow Golf Prague : Aper\u00e7u des jeux, du minigolf et de l\u2019entr\u00e9e"},"content":{"rendered":"<h3 id=\"t-1670401482159\" data-hide=\"true\">Si vous recherchez une <a data-id=\"256\" data-type=\"page\" href=\"http:\/\/praguetouristinformation.com\/sehenswuerdigkeiten\/fur-kinder\">activit\u00e9 diff\u00e9rente pour les enfants<\/a> , Glow Golf Prague est l&rsquo;endroit qu&rsquo;il vous faut.<\/h3>\n<p>Ici, vous pouvez jouer au minigolf sous la lumi\u00e8re noire sur un parcours de 19 trous<\/p>\n<p>Toutes les informations importantes sur Glow Golf Prague sont rassembl\u00e9es sur cette page.&nbsp;<\/p>\n<p>Nous y voil\u00e0!<\/p>\n<h2 id=\"t-1670401482160\">Que puis-je faire au Glow Golf Prague ?<\/h2>\n<p><strong>Le parcours de minigolf<\/strong> Glow Golf Prague compte 19 trous . Il est divis\u00e9 en deux salles. En moyenne, une partie dure environ une heure. Les r\u00e8gles du jeu sont les m\u00eames que celles du minigolf normal, la seule diff\u00e9rence est l&rsquo;environnement.<\/p>\n<p>Les surfaces int\u00e9rieures sont compl\u00e8tement sombres et sont <strong>\u00e9clair\u00e9es par des n\u00e9ons <\/strong><strong>UV<\/strong> . Le remplacement des ampoules ordinaires par des lumi\u00e8res noires fluorescentes cr\u00e9e une atmosph\u00e8re unique, accompagn\u00e9e de fum\u00e9e de sc\u00e8ne et de musique de fond.<\/p>\n<p>Chaque obstacle est li\u00e9 \u00e0 une&nbsp; <a data-id=\"247\" data-type=\"page\" href=\"https:\/\/praguetouristinformation.com\/fr\/choses-a-faire\" style=\"outline: none;\">vue&nbsp;<\/a> ou une histoire de Prague. Par exemple, les vieilles cartouches de films peuvent \u00eatre consid\u00e9r\u00e9es comme un obstacle par rapport \u00e0 des films tels que Amadeus, Mission Impossible, Casino Royal qui ont \u00e9t\u00e9 tourn\u00e9s \u00e0 Prague. Un char rose miniature comm\u00e9more l&rsquo;artiste David Cerny, qui a peint un char russe en rose apr\u00e8s la r\u00e9volution de velours.&nbsp;<\/p>\n<p>Si le c\u0153ur vous en dit, vous pourrez \u00e9galement jouer <strong>au ping-pong<\/strong> ou au <strong>billard<\/strong> ou essayer l&rsquo;un des <strong>jeux d&rsquo;arcade<\/strong> et vous entra\u00eener <strong>au baby-foot<\/strong> ou aux <strong>fl\u00e9chettes<\/strong> .<\/p>\n<p>Un large choix de boissons et de snacks est propos\u00e9 aux visiteurs.<\/p>\n<h3 id=\"t-1670401482161\" data-alt-text=\"\u00dcbersicht der Spiele \">Aper\u00e7u des jeux de Glow Golf Prague<\/h3>\n<ul>\n<li><strong>Mini golf lumi\u00e8re noire :<\/strong> Le parcours du mini golf est \u00e9clair\u00e9 par des lampes UV, les alentours sont d&rsquo;un noir absolu. Chacun des 19 trous est inspir\u00e9 d&rsquo;une peinture murale li\u00e9e \u00e0 l&rsquo;histoire de Prague.<\/li>\n<li><strong>tennis de table<\/strong><\/li>\n<li><strong>Billard<\/strong> : Une table de billard Buffalo Eliminator II version 6 pieds est disponible.<\/li>\n<li><strong>Jeux d&rsquo; arcade :<\/strong> flipper, air hockey, fl\u00e9chettes, baby-foot<\/li>\n<li><strong>Peinture faciale UV \/ n\u00e9on<\/strong> : Si vous le souhaitez, vous pouvez peindre votre visage de mani\u00e8re cr\u00e9ative avec des couleurs n\u00e9on qui brillent dans l&rsquo;environnement sombre, tout comme le cours.<\/li>\n<\/ul>\n<h2 id=\"t-1670401482162\" data-alt-text=\"Eintritt, Tickets und F\u00fchrungen\">Entr\u00e9e, billets et visites guid\u00e9es pour Glow Golf Prague<\/h2>\n<ul>\n<li><strong>Admission<\/strong> : Glow Golf Prague est ouvert toute l&rsquo;ann\u00e9e.<\/li>\n<li><strong>Billets :<\/strong> Le billet pour le Glow Golf Prague peut \u00eatre achet\u00e9 sur place ou en ligne. Les prix d&rsquo;entr\u00e9e exacts peuvent \u00eatre trouv\u00e9s <a data-id=\"www.praguegolfandgames.com\" data-type=\"URL\" href=\"http:\/\/www.praguegolfandgames.com\/\" target=\"_blank\" rel=\"noopener\">ici.<\/a><\/li>\n<li><strong>Visites guid\u00e9es<\/strong> : Il n&rsquo;y a pas de visites guid\u00e9es.<\/li>\n<li><strong>Enterrements de vie de gar\u00e7on et de jeune fille :<\/strong> Des enterrements de vie de gar\u00e7on et de jeune fille peuvent \u00eatre organis\u00e9s sur &nbsp;demande et&nbsp; sur <a data-id=\"www.praguegolfandgames.com\" data-type=\"URL\" href=\"http:\/\/www.praguegolfandgames.com\/\" target=\"_blank\" style=\"outline: none;\" rel=\"noopener\">r\u00e9servation&nbsp; .<\/a><\/li>\n<\/ul>\n<h2 id=\"t-1670401482163\">Comment se rendre au Glow Golf Prague ?<\/h2>\n<p>Glow Golf Prague est situ\u00e9 dans la <a data-id=\"742\" data-type=\"page\" href=\"https:\/\/praguetouristinformation.com\/fr\/choses-a-faire\/vieille-ville\" style=\"outline: none;\">vieille ville de Prague<\/a> et est facilement accessible par la ligne de m\u00e9tro B, ligne jaune, arr\u00eat N\u00e1rodn\u00ed T\u0159\u00edda, \u00e0 partir de l\u00e0, il y a quelques minutes \u00e0 pied.<\/p>\n<h2 id=\"t-1670401482164\">Contacter<\/h2>\n<ul>\n<li><strong>Adresse<\/strong> : Opatovick\u00e1 18, 110 00 Nov\u00e9 M\u011bsto, Prague<\/li>\n<li><strong>Transports publics :<\/strong> &nbsp; M\u00e9tro ligne B, ligne jaune, arr\u00eat N\u00e1rodn\u00ed t\u0159\u00edda<\/li>\n<li><strong>Heures d&rsquo;ouverture&nbsp;:<\/strong> &nbsp;Veuillez consulter <a data-id=\"www.praguegolfandgames.com\" data-type=\"URL\" href=\"http:\/\/www.praguegolfandgames.com\" target=\"_blank\" style=\"outline: none;\" data-lt-tmp-id=\"lt-404278\" spellcheck=\"false\" rel=\"noopener\">ce site Web<\/a> pour conna\u00eetre les heures d&rsquo;ouverture exactes .<a data-id=\"www.praguegolfandgames.com\" data-type=\"URL\" href=\"http:\/\/www.praguegolfandgames.com\" target=\"_blank\" style=\"outline: none;\" data-lt-tmp-id=\"lt-404278\" spellcheck=\"false\" rel=\"noopener\"><\/a><\/li>\n<li><strong>Site web: <\/strong><a href=\"http:\/\/www.praguegolfandgames.com\" target=\"_blank\" style=\"outline: none;\" rel=\"noopener\">Glow Golf Prag<\/a><\/li>\n<\/ul>\n","protected":false},"excerpt":{"rendered":"<p>Si vous recherchez une activit\u00e9 diff\u00e9rente pour les enfants , Glow Golf Prague est l&rsquo;endroit qu&rsquo;il vous faut. Ici, vous pouvez jouer au minigolf sous la lumi\u00e8re noire sur un parcours de 19 trous Toutes les informations importantes sur Glow Golf Prague sont rassembl\u00e9es sur cette page.&nbsp; Nous y voil\u00e0! Que puis-je faire au Glow [&hellip;]<\/p>\n","protected":false},"author":6,"featured_media":1487,"parent":256,"menu_order":0,"comment_status":"open","ping_status":"closed","template":"","meta":{"footnotes":""},"categories":[],"tags":[21,19],"class_list":["post-902","page","type-page","status-publish","has-post-thumbnail","hentry","tag-attraktionen","tag-sehenswuerdigkeiten","post-wrapper","thrv_wrapper"],"_links":{"self":[{"href":"https:\/\/praguetouristinformation.com\/fr\/wp-json\/wp\/v2\/pages\/902","targetHints":{"allow":["GET"]}}],"collection":[{"href":"https:\/\/praguetouristinformation.com\/fr\/wp-json\/wp\/v2\/pages"}],"about":[{"href":"https:\/\/praguetouristinformation.com\/fr\/wp-json\/wp\/v2\/types\/page"}],"author":[{"embeddable":true,"href":"https:\/\/praguetouristinformation.com\/fr\/wp-json\/wp\/v2\/users\/6"}],"replies":[{"embeddable":true,"href":"https:\/\/praguetouristinformation.com\/fr\/wp-json\/wp\/v2\/comments?post=902"}],"version-history":[{"count":0,"href":"https:\/\/praguetouristinformation.com\/fr\/wp-json\/wp\/v2\/pages\/902\/revisions"}],"up":[{"embeddable":true,"href":"https:\/\/praguetouristinformation.com\/fr\/wp-json\/wp\/v2\/pages\/256"}],"wp:featuredmedia":[{"embeddable":true,"href":"https:\/\/praguetouristinformation.com\/fr\/wp-json\/wp\/v2\/media\/1487"}],"wp:attachment":[{"href":"https:\/\/praguetouristinformation.com\/fr\/wp-json\/wp\/v2\/media?parent=902"}],"wp:term":[{"taxonomy":"category","embeddable":true,"href":"https:\/\/praguetouristinformation.com\/fr\/wp-json\/wp\/v2\/categories?post=902"},{"taxonomy":"post_tag","embeddable":true,"href":"https:\/\/praguetouristinformation.com\/fr\/wp-json\/wp\/v2\/tags?post=902"}],"curies":[{"name":"wp","href":"https:\/\/api.w.org\/{rel}","templated":true}]}}