{"id":900,"date":"2020-10-19T15:43:16","date_gmt":"2020-10-19T15:43:16","guid":{"rendered":"http:\/\/praguetouristinformation.com\/?page_id=900"},"modified":"2023-05-04T11:39:03","modified_gmt":"2023-05-04T11:39:03","slug":"lego","status":"publish","type":"page","link":"https:\/\/praguetouristinformation.com\/fr\/choses-a-faire\/musees\/lego","title":{"rendered":"Guide du mus\u00e9e Lego\u00a0: Exposition, choses \u00e0 faire et entr\u00e9e"},"content":{"rendered":"<h3 id=\"t-1672299187629\">Toute l&rsquo;histoire du bloc de construction du Danemark est montr\u00e9e ici, certaines des expositions remontent aux ann\u00e9es 1930.<\/h3>\n<p>2 500 mod\u00e8les sont compos\u00e9s d&rsquo;environ 1 million de blocs de construction.<\/p>\n<p>Le Mus\u00e9e Lego est id\u00e9al pour une <a data-id=\"256\" data-type=\"page\" href=\"https:\/\/praguetouristinformation.com\/fr\/choses-a-faire\/pour-les-enfants\" style=\"outline: none;\">visite avec des enfants<\/a> .<\/p>\n<p>Toutes les informations importantes sur le mus\u00e9e Lego sont rassembl\u00e9es ici, y compris l&rsquo;admission, son histoire et l&rsquo;adresse.<\/p>\n<h2 id=\"t-1672299187630\">Que puis-je faire au Mus\u00e9e Lego ?<\/h2>\n<p><span><img decoding=\"async\" alt=\"\" data-id=\"4435\" width=\"656\" data-init-width=\"1000\" height=\"667\" data-init-height=\"667\" title=\"Pile,De,Enfant,B\u00e2timent,Blocs,Dans,Plusieurs,Couleurs\" loading=\"lazy\" src=\"\/\/praguetouristinformation.com\/fr\/wp-content\/uploads\/2022\/12\/Lego-Museum-Prague-.jpg\" data-width=\"656\"><\/span><\/p>\n<h3 id=\"t-1672299187631\">exposition permanente<\/h3>\n<p>Le mus\u00e9e est divis\u00e9 en vingt sections diff\u00e9rentes, chaque section \u00e9tant d\u00e9di\u00e9e \u00e0 un th\u00e8me diff\u00e9rent tel que LEGO Architecture, LEGO Technic, LEGO Ideas et bien d&rsquo;autres. En plus des vaisseaux spatiaux de Star Wars, Indiana Jones et Harry Potter, des <a data-id=\"247\" data-type=\"page\" href=\"https:\/\/praguetouristinformation.com\/fr\/choses-a-faire\" style=\"outline: none;\">sites<\/a> de Prague tels que le <a data-id=\"664\" data-type=\"page\" href=\"https:\/\/praguetouristinformation.com\/fr\/choses-a-faire\/le-pont-charles\" style=\"outline: none;\">pont Charles<\/a> et le <a data-id=\"654\" data-type=\"page\" href=\"https:\/\/praguetouristinformation.com\/fr\/choses-a-faire\/musees\/national\" style=\"outline: none;\">mus\u00e9e national<\/a> ainsi que des b\u00e2timents c\u00e9l\u00e8bres du monde entier, dont le Taj Mahal, peuvent \u00eatre vus.<\/p>\n<h3 id=\"t-1672299187632\">aire de jeux pour enfants<\/h3>\n<p>Apr\u00e8s l&rsquo;exposition proprement dite, les enfants peuvent utiliser l&rsquo;aire de jeux pour enfants, o\u00f9 ils peuvent jouer avec les blocs de construction LEGO.<\/p>\n<h3 id=\"t-1672299187633\">Boutique Lego<\/h3>\n<p>En plus des jeux de construction LEGO standard, la propre boutique du mus\u00e9e propose \u00e9galement des jeux de construction difficiles \u00e0 trouver dans les r\u00e9seaux de vente au d\u00e9tail habituels.<\/p>\n<h2 id=\"t-1672299187634\">Entr\u00e9e, billets et visites guid\u00e9es<\/h2>\n<p><span><img decoding=\"async\" alt=\"\" data-id=\"4436\" width=\"656\" data-init-width=\"1000\" height=\"750\" data-init-height=\"750\" title=\"Mod\u00e8le,De,Ville,Mus\u00e9e.,Color\u00e9,Blocs,-,Enfant,Jouet.\" loading=\"lazy\" src=\"\/\/praguetouristinformation.com\/fr\/wp-content\/uploads\/2022\/12\/Lego-Museum-Prague-1.jpg\" data-width=\"656\"><\/span><\/p>\n<p>Le mus\u00e9e Lego est ouvert toute l&rsquo;ann\u00e9e.<\/p>\n<ul>\n<li><strong>Billets<\/strong> : Le billet pour le Mus\u00e9e Lego peut \u00eatre achet\u00e9 sur place ou en ligne.<\/li>\n<li><strong>Visites guid\u00e9es<\/strong> : Il n&rsquo;y a pas de visites guid\u00e9es du Mus\u00e9e Lego.<\/li>\n<li><strong>Entr\u00e9e<\/strong> : Les prix d&rsquo;entr\u00e9e exacts peuvent \u00eatre trouv\u00e9s <a data-id=\"http:\/\/www.muzeumlega.cz\/en\/\" data-type=\"URL\" href=\"http:\/\/www.muzeumlega.cz\/en\/\" style=\"outline: none;\" target=\"_blank\" rel=\"noopener\">ici<\/a> .<\/li>\n<\/ul>\n<h2 id=\"t-1672299187635\">Comment se rendre au Mus\u00e9e Lego ?<\/h2>\n<p><span><img decoding=\"async\" alt=\"\" data-id=\"4438\" width=\"680\" data-init-width=\"1000\" height=\"668\" data-init-height=\"668\" title=\"A,Petit,Lego,Minifigure,De,A,Vintage,Lego,Ensemble.,Un\" loading=\"lazy\" src=\"\/\/praguetouristinformation.com\/fr\/wp-content\/uploads\/2022\/12\/Prague-Lego-Museum4.jpg\" data-width=\"680\"><\/span><\/p>\n<p>Le mus\u00e9e Lego est situ\u00e9 dans la <a data-id=\"742\" data-type=\"page\" href=\"https:\/\/praguetouristinformation.com\/fr\/choses-a-faire\/vieille-ville\" style=\"outline: none;\">vieille ville de Prague<\/a> et est facilement accessible par la ligne de m\u00e9tro B, ligne jaune, arr\u00eat N\u00e1rodn\u00ed T\u0159\u00edda, \u00e0 partir de l\u00e0, il y a quelques minutes \u00e0 pied.<\/p>\n<h2 id=\"t-1672299187636\">Histoire<\/h2>\n<p><span><img decoding=\"async\" alt=\"\" data-id=\"4439\" width=\"680\" data-init-width=\"1000\" height=\"753\" data-init-height=\"753\" title=\"Jouet, H\u00e9licopt\u00e8re., Lego, Blocs., Jouets, De, Briques, Pour, Jouer., \u00c9ducatif\" loading=\"lazy\" src=\"\/\/praguetouristinformation.com\/fr\/wp-content\/uploads\/2022\/12\/Prague-Lego-Museum3.jpg\" data-width=\"680\"><\/span><\/p>\n<p>Le collectionneur tch\u00e8que de LEGO, Milos Krecek, poss\u00e9dait environ 1 000 ensembles lorsqu&rsquo;il a d\u00e9cid\u00e9 d&rsquo;exposer les pi\u00e8ces assembl\u00e9es dans son propre mus\u00e9e.<\/p>\n<p>Aujourd&rsquo;hui, le mus\u00e9e priv\u00e9 Lego dans un b\u00e2timent historique du centre de Prague est le plus grand du genre au monde, non seulement en termes de nombre mais aussi de taille des expositions.<\/p>\n<p>Dans 20 d\u00e9partements diff\u00e9rents et th\u00e9matiquement s\u00e9par\u00e9s, plus de 3 000 ensembles Lego sont expos\u00e9s sur 3 \u00e9tages sur une superficie de m\u00e8tres carr\u00e9s 340. Les plus anciens datent de 1949. Au total, plus d&rsquo;un million de blocs de construction Lego ont \u00e9t\u00e9 utilis\u00e9s.<\/p>\n<p>Les expositions sont constamment compl\u00e9t\u00e9es et modifi\u00e9es.<\/p>\n<p>Des expositions des premiers jours de l&rsquo;entreprise danoise, qui remontent aux ann\u00e9es 1930, peuvent \u00e9galement \u00eatre vues dans le mus\u00e9e.<\/p>\n<p>LEGO a re\u00e7u le titre de \u00ab\u00a0Jouet du si\u00e8cle\u00a0\u00bb.<\/p>\n<p>Soit dit en passant, le nom du jeu de construction est simplement d\u00e9riv\u00e9 de la combinaison de mots \u00ab\u00a0Leg godt&nbsp;!\u00a0\u00bb, qui signifie quelque chose comme \u00ab\u00a0Joue bien&nbsp;!\u00a0\u00bb en allemand.<\/p>\n<h2 id=\"t-1672299187637\">Contacter<\/h2>\n<p><strong>Adresse :<\/strong> N\u00e1rodn\u00ed 31, 110 00 Nov\u00e9 M\u011bsto, Prague <strong>Public :<\/strong> &nbsp; m\u00e9tro ligne B, ligne jaune, arr\u00eat N\u00e1rodn\u00ed t\u0159\u00edda <strong>Heures d&rsquo;ouverture<\/strong> : veuillez consulter <a data-id=\"http:\/\/www.muzeumlega.cz\/en\/\" data-type=\"URL\" href=\"http:\/\/www.muzeumlega.cz\/en\/\" rel=\"noreferrer noopener\" target=\"_blank\">ce site Web<\/a> pour les heures d&rsquo;ouverture exactes .<\/p>\n","protected":false},"excerpt":{"rendered":"<p>Toute l&rsquo;histoire du bloc de construction du Danemark est montr\u00e9e ici, certaines des expositions remontent aux ann\u00e9es 1930. 2 500 mod\u00e8les sont compos\u00e9s d&rsquo;environ 1 million de blocs de construction. Le Mus\u00e9e Lego est id\u00e9al pour une visite avec des enfants . Toutes les informations importantes sur le mus\u00e9e Lego sont rassembl\u00e9es ici, y compris [&hellip;]<\/p>\n","protected":false},"author":6,"featured_media":1516,"parent":137,"menu_order":0,"comment_status":"open","ping_status":"closed","template":"","meta":{"footnotes":""},"categories":[],"tags":[22,19],"class_list":["post-900","page","type-page","status-publish","has-post-thumbnail","hentry","tag-museum","tag-sehenswuerdigkeiten","post-wrapper","thrv_wrapper"],"_links":{"self":[{"href":"https:\/\/praguetouristinformation.com\/fr\/wp-json\/wp\/v2\/pages\/900","targetHints":{"allow":["GET"]}}],"collection":[{"href":"https:\/\/praguetouristinformation.com\/fr\/wp-json\/wp\/v2\/pages"}],"about":[{"href":"https:\/\/praguetouristinformation.com\/fr\/wp-json\/wp\/v2\/types\/page"}],"author":[{"embeddable":true,"href":"https:\/\/praguetouristinformation.com\/fr\/wp-json\/wp\/v2\/users\/6"}],"replies":[{"embeddable":true,"href":"https:\/\/praguetouristinformation.com\/fr\/wp-json\/wp\/v2\/comments?post=900"}],"version-history":[{"count":0,"href":"https:\/\/praguetouristinformation.com\/fr\/wp-json\/wp\/v2\/pages\/900\/revisions"}],"up":[{"embeddable":true,"href":"https:\/\/praguetouristinformation.com\/fr\/wp-json\/wp\/v2\/pages\/137"}],"wp:featuredmedia":[{"embeddable":true,"href":"https:\/\/praguetouristinformation.com\/fr\/wp-json\/wp\/v2\/media\/1516"}],"wp:attachment":[{"href":"https:\/\/praguetouristinformation.com\/fr\/wp-json\/wp\/v2\/media?parent=900"}],"wp:term":[{"taxonomy":"category","embeddable":true,"href":"https:\/\/praguetouristinformation.com\/fr\/wp-json\/wp\/v2\/categories?post=900"},{"taxonomy":"post_tag","embeddable":true,"href":"https:\/\/praguetouristinformation.com\/fr\/wp-json\/wp\/v2\/tags?post=900"}],"curies":[{"name":"wp","href":"https:\/\/api.w.org\/{rel}","templated":true}]}}