{"id":898,"date":"2020-10-19T15:41:23","date_gmt":"2020-10-19T15:41:23","guid":{"rendered":"http:\/\/praguetouristinformation.com\/?page_id=898"},"modified":"2023-05-04T10:36:01","modified_gmt":"2023-05-04T10:36:01","slug":"speculum-alchemiae","status":"publish","type":"page","link":"https:\/\/praguetouristinformation.com\/fr\/choses-a-faire\/musees\/speculum-alchemiae","title":{"rendered":"Guide du mus\u00e9e de l&#8217;alchimie Speculum Alchemiae : exposition, entr\u00e9e et histoire"},"content":{"rendered":"<h3 id=\"t-1670408202242\">Le mus\u00e9e de l&rsquo;alchimie Speculum Alchemiae est situ\u00e9 dans le <a data-id=\"612\" data-type=\"page\" href=\"http:\/\/praguetouristinformation.com\/sehenswuerdigkeiten\/juedisches-viertel\" style=\"outline: none;\" data-lt-tmp-id=\"lt-988131\" spellcheck=\"false\">quartier juif de <\/a><a data-id=\"742\" data-type=\"page\" href=\"http:\/\/praguetouristinformation.com\/sehenswuerdigkeiten\/altstadt\" style=\"outline: none;\">la vieille ville de<\/a> Prague .<a data-id=\"612\" data-type=\"page\" href=\"http:\/\/praguetouristinformation.com\/sehenswuerdigkeiten\/juedisches-viertel\" style=\"outline: none;\" data-lt-tmp-id=\"lt-988131\" spellcheck=\"false\"><\/a><a data-id=\"742\" data-type=\"page\" href=\"http:\/\/praguetouristinformation.com\/sehenswuerdigkeiten\/altstadt\" style=\"outline: none;\"><\/a><\/h3>\n<p>Il raconte l&rsquo;histoire de l&rsquo;alchimie et de la magie.<\/p>\n<p>Toutes les informations importantes sur le Speculum Alchemiae sont rassembl\u00e9es ici, y compris l&rsquo;admission, son histoire et l&rsquo;adresse.<\/p>\n<h2 id=\"t-1670408202243\">Que puis-je faire dans le Speculum Alchemiae ?<\/h2>\n<p><span><img decoding=\"async\" alt=\"Que puis-je faire dans le Speculum Alchemiae\" data-id=\"1535\" width=\"702\" data-init-width=\"1000\" height=\"468\" data-init-height=\"667\" title=\"Que puis-je faire dans le Speculum Alchemiae\" loading=\"lazy\" src=\"http:\/\/praguetouristinformation.com\/wp-content\/uploads\/2020\/11\/Was-kann-ich-im-Speculum-Alchemiae-machen.jpg\" data-width=\"702\" data-height=\"468\" data-pin-media=\"http:\/\/praguetouristinformation.com\/wp-content\/uploads\/2021\/01\/14.jpg\" data-pin-description=\"Speculum Alchemiae: Ausstellung, Eintritt &amp; Geschichte 2022\" data-pin-url=\"https:\/\/praguetouristinformation.com\/fr\/choses-a-faire\/musees\/speculum-alchemiae?tve=true&amp;tcbf=4acad60f38\" data-pinpro-key=\"7v1zjxylu\"><\/span><\/p>\n<ul>\n<li><strong>Atelier et laboratoire<\/strong> de l&rsquo;alchimiste : Au cours d&rsquo;une visite de l&rsquo;atelier et du laboratoire de l&rsquo;alchimiste, les visiteurs sont entra\u00een\u00e9s dans le monde secret de l&rsquo;alchimie et de la magie et dans l&rsquo;histoire occulte de Prague. Les activit\u00e9s m\u00e9di\u00e9vales des alchimistes sont li\u00e9es \u00e0 de nombreux domaines scientifiques modernes.<\/li>\n<\/ul>\n<ul>\n<li><strong>Boutique<\/strong> du mus\u00e9e : la boutique du mus\u00e9e vend divers \u00e9lixirs, dont on dit qu&rsquo;ils sont fabriqu\u00e9s selon des recettes originales du pass\u00e9, dont l&rsquo;\u00e9lixir de jeunesse \u00e9ternelle, l&rsquo;\u00e9lixir d&rsquo;amour et l&rsquo;\u00e9lixir de m\u00e9moire.<\/li>\n<\/ul>\n<h2 id=\"t-1670408202244\" data-alt-text=\"Eintritt, Tickets und F\u00fchrungen \">Entr\u00e9e, billets et visites guid\u00e9es pour Speculum Alchemiae&nbsp;<\/h2>\n<p><span><img decoding=\"async\" alt=\"Entr\u00e9e, billets et visites guid\u00e9es Speculum\" data-id=\"1536\" width=\"702\" data-init-width=\"1000\" height=\"468\" data-init-height=\"667\" title=\"Entr\u00e9e, billets et visites guid\u00e9es pour Speculum Alchemiae\" loading=\"lazy\" src=\"http:\/\/praguetouristinformation.com\/wp-content\/uploads\/2020\/11\/Eintritt-Tickets-und-Fuehrungen.jpg\" data-width=\"702\" data-height=\"468\" data-pin-media=\"http:\/\/praguetouristinformation.com\/wp-content\/uploads\/2021\/01\/14.jpg\" data-pin-description=\"Speculum Alchemiae: Ausstellung, Eintritt &amp; Geschichte 2022\" data-pin-url=\"https:\/\/praguetouristinformation.com\/fr\/choses-a-faire\/musees\/speculum-alchemiae?tve=true&amp;tcbf=4acad60f38\" data-pinpro-key=\"cc0cotp9z\"><\/span><\/p>\n<ul>\n<li><strong>Entr\u00e9e :<\/strong> &nbsp; Le Speculum Alchemiae est ouvert toute l&rsquo;ann\u00e9e. <a data-id=\"www.alchemiae.cz\/en\" data-type=\"URL\" href=\"http:\/\/www.alchemiae.cz\/en\" target=\"_blank\" style=\"outline: none;\" rel=\"noopener\">Les prix d&rsquo;entr\u00e9e<\/a> exacts peuvent \u00eatre trouv\u00e9s ici.<\/li>\n<li><strong style=\"color: var(--tcb-skin-color-4);\">Billets : <\/strong><span style=\"color: var(--tcb-skin-color-4); font-weight: var(--g-regular-weight,normal);\">Le billet pour le Speculum Alchemiae peut \u00eatre achet\u00e9 sur place ou en ligne.<\/span><\/li>\n<\/ul>\n<ul>\n<li><strong>Visites guid\u00e9es :<\/strong> Le Speculum Alchemiae peut \u00eatre visit\u00e9 lors de <a data-id=\"www.alchemiae.cz\/en\" data-type=\"URL\" href=\"http:\/\/www.alchemiae.cz\/en\" target=\"_blank\" style=\"outline: none;\" rel=\"noopener\">visites guid\u00e9es<\/a> qui ont lieu toutes les demi-heures et durent environ 30 minutes.<\/li>\n<\/ul>\n<h2 id=\"t-1670408202253\"><span style=\"color: var(--tcb-skin-color-4); font-family: Literata; font-size: 26px; font-weight: var(--g-bold-weight,bold);\">Comment se rendre au Speculum Alchemiae ?<\/span><\/h2>\n<p>Speculum Alchemiae est situ\u00e9 pr\u00e8s de la place de la R\u00e9publique et est facilement accessible par la ligne de m\u00e9tro B, ligne jaune, arr\u00eat N\u00e1m\u011bst\u00ed Republiky, \u00e0 partir de l\u00e0, il y a quelques minutes \u00e0 pied.<\/p>\n<h2 id=\"t-1670408202246\" data-alt-text=\"Geschichte \">Histoire du Mus\u00e9e Speculum Alchemiae<\/h2>\n<p><span><img decoding=\"async\" alt=\"Histoire\" data-id=\"1537\" width=\"702\" data-init-width=\"1000\" height=\"468\" data-init-height=\"667\" title=\"Histoire du Mus\u00e9e Speculum Alchemiae\" loading=\"lazy\" src=\"http:\/\/praguetouristinformation.com\/wp-content\/uploads\/2020\/11\/Geschichte.jpg\" data-width=\"702\" data-height=\"468\" data-pin-media=\"http:\/\/praguetouristinformation.com\/wp-content\/uploads\/2021\/01\/14.jpg\" data-pin-description=\"Speculum Alchemiae: Ausstellung, Eintritt &amp; Geschichte 2022\" data-pin-url=\"https:\/\/praguetouristinformation.com\/fr\/choses-a-faire\/musees\/speculum-alchemiae?tve=true&amp;tcbf=4acad60f38\" data-pinpro-key=\"hqaug2zm1\"><\/span><\/p>\n<p>Le mus\u00e9e est situ\u00e9 dans le quartier juif dans l&rsquo;un des plus anciens b\u00e2timents de Prague, la maison du rabbin L\u00f6w, dont la premi\u00e8re mention \u00e9crite remonte \u00e0 900 apr\u00e8s JC.<\/p>\n<p>Le Speculum Alchemiae n&rsquo;a \u00e9t\u00e9 d\u00e9couvert que lors du nettoyage apr\u00e8s la grande inondation d&rsquo;ao\u00fbt 2002, lorsque des passages et des salles souterrains cach\u00e9s ont \u00e9t\u00e9 d\u00e9couverts ici, qui s&rsquo;est av\u00e9r\u00e9 \u00eatre autrefois utilis\u00e9s comme laboratoires alchimiques.<\/p>\n<p>Au 15\u00e8me si\u00e8cle, il y avait une pharmacie \u00e0 base de plantes vendant des potions et des \u00e9lixirs. L&#8217;empereur Rodolphe II y a install\u00e9 un laboratoire d&rsquo;alchimie au XVIe si\u00e8cle, dans lequel travaillaient de nombreux alchimistes c\u00e9l\u00e8bres.&nbsp;<\/p>\n<p>\u00c0 la fin du Moyen \u00c2ge et au d\u00e9but de la p\u00e9riode moderne, la science et le mysticisme \u00e9taient \u00e9troitement li\u00e9s. L&rsquo;atmosph\u00e8re magique de l&rsquo;ancien laboratoire a \u00e9t\u00e9 conserv\u00e9e \u00e0 ce jour dans les salles fid\u00e8lement reconstitu\u00e9es.<\/p>\n<p>La rotation de la petite statue dans la biblioth\u00e8que ouvre une porte secr\u00e8te menant au laboratoire souterrain sous la statue, o\u00f9 le creuset utilis\u00e9 pour transformer le plomb en or est expos\u00e9. Un tunnel menait directement du laboratoire \u00e0 une \u00e9vasion s\u00fbre dans la for\u00eat \u00e0 l&rsquo;ext\u00e9rieur de la ville&#8230; Les alchimistes ne pourraient jamais \u00eatre trop prudents&#8230;<\/p>\n<h2 id=\"t-1670408202247\">Contacter<\/h2>\n<ul>\n<li><strong>Adresse :<\/strong> Ha\u0161talsk\u00e1 1, 110 00 Star\u00e9 M\u011bsto, Prague<\/li>\n<\/ul>\n<ul>\n<li><strong>Transports publics :<\/strong> &nbsp; M\u00e9tro ligne B, ligne jaune, arr\u00eat N\u00e1m\u011bst\u00ed Republiky&nbsp;<\/li>\n<\/ul>\n<ul>\n<li><strong>Heures d&rsquo;ouverture&nbsp;:<\/strong> &nbsp;Veuillez consulter <a data-id=\"http:\/\/www.alchemiae.cz\/en\" data-type=\"URL\" href=\"http:\/\/www.alchemiae.cz\/en\" target=\"_blank\" style=\"outline: none;\" rel=\"noopener\">ce site Web<\/a> pour conna\u00eetre les heures d&rsquo;ouverture exactes .<a data-id=\"http:\/\/www.alchemiae.cz\/en\" data-type=\"URL\" href=\"http:\/\/www.alchemiae.cz\/en\" target=\"_blank\" style=\"outline: none;\" rel=\"noopener\"><\/a><\/li>\n<li><strong>Site internet<\/strong> : <a href=\"http:\/\/www.alchemiae.cz\/en\" target=\"_blank\" style=\"outline: none;\" rel=\"noopener\">Miroir d&rsquo;Alchimie<\/a><\/li>\n<\/ul>\n","protected":false},"excerpt":{"rendered":"<p>Le mus\u00e9e de l&rsquo;alchimie Speculum Alchemiae est situ\u00e9 dans le quartier juif de la vieille ville de Prague . Il raconte l&rsquo;histoire de l&rsquo;alchimie et de la magie. Toutes les informations importantes sur le Speculum Alchemiae sont rassembl\u00e9es ici, y compris l&rsquo;admission, son histoire et l&rsquo;adresse. Que puis-je faire dans le Speculum Alchemiae ? Atelier [&hellip;]<\/p>\n","protected":false},"author":6,"featured_media":1534,"parent":137,"menu_order":0,"comment_status":"open","ping_status":"closed","template":"","meta":{"footnotes":""},"categories":[],"tags":[22,19],"class_list":["post-898","page","type-page","status-publish","has-post-thumbnail","hentry","tag-museum","tag-sehenswuerdigkeiten","post-wrapper","thrv_wrapper"],"_links":{"self":[{"href":"https:\/\/praguetouristinformation.com\/fr\/wp-json\/wp\/v2\/pages\/898","targetHints":{"allow":["GET"]}}],"collection":[{"href":"https:\/\/praguetouristinformation.com\/fr\/wp-json\/wp\/v2\/pages"}],"about":[{"href":"https:\/\/praguetouristinformation.com\/fr\/wp-json\/wp\/v2\/types\/page"}],"author":[{"embeddable":true,"href":"https:\/\/praguetouristinformation.com\/fr\/wp-json\/wp\/v2\/users\/6"}],"replies":[{"embeddable":true,"href":"https:\/\/praguetouristinformation.com\/fr\/wp-json\/wp\/v2\/comments?post=898"}],"version-history":[{"count":0,"href":"https:\/\/praguetouristinformation.com\/fr\/wp-json\/wp\/v2\/pages\/898\/revisions"}],"up":[{"embeddable":true,"href":"https:\/\/praguetouristinformation.com\/fr\/wp-json\/wp\/v2\/pages\/137"}],"wp:featuredmedia":[{"embeddable":true,"href":"https:\/\/praguetouristinformation.com\/fr\/wp-json\/wp\/v2\/media\/1534"}],"wp:attachment":[{"href":"https:\/\/praguetouristinformation.com\/fr\/wp-json\/wp\/v2\/media?parent=898"}],"wp:term":[{"taxonomy":"category","embeddable":true,"href":"https:\/\/praguetouristinformation.com\/fr\/wp-json\/wp\/v2\/categories?post=898"},{"taxonomy":"post_tag","embeddable":true,"href":"https:\/\/praguetouristinformation.com\/fr\/wp-json\/wp\/v2\/tags?post=898"}],"curies":[{"name":"wp","href":"https:\/\/api.w.org\/{rel}","templated":true}]}}