{"id":896,"date":"2020-10-19T15:38:05","date_gmt":"2020-10-19T15:38:05","guid":{"rendered":"http:\/\/praguetouristinformation.com\/?page_id=896"},"modified":"2023-05-04T10:37:01","modified_gmt":"2023-05-04T10:37:01","slug":"apple","status":"publish","type":"page","link":"https:\/\/praguetouristinformation.com\/fr\/choses-a-faire\/musees\/apple","title":{"rendered":"Guide du Mus\u00e9e de la Apple : Exposition, billets, histoire"},"content":{"rendered":"<h3>Le mus\u00e9e Apple a ouvert ses portes en 2015 et explore l&rsquo;histoire des produits con\u00e7us par Apple.<\/h3>\n<p>Toutes les informations importantes sur le mus\u00e9e Apple sont rassembl\u00e9es ici, y compris l&rsquo;admission, son histoire et l&rsquo;adresse.<\/p>\n<h2 id=\"t-1670398262176\">Que puis-je faire au mus\u00e9e Apple&nbsp;?<\/h2>\n<h3 id=\"t-1670398262177\">exposition permanente<\/h3>\n<p>Dans l&rsquo;exposition permanente, environ 500 produits du Groupe sont expos\u00e9s sur plus de 700 m\u00b2.<\/p>\n<p>Ceux-ci incluent le Lisa, le premier Macintosh, diverses g\u00e9n\u00e9rations d&rsquo;iMac, Power Mac, iPhone et iPod, ainsi que des produits moins connus tels que des imprimantes et des appareils photo, et des accessoires tels que des claviers, des imprimantes et des souris.<\/p>\n<p>Les reliques de Steve Job, y compris sa tenue pr\u00e9f\u00e9r\u00e9e, sont \u00e9galement expos\u00e9es.<\/p>\n<p>Les produits Next et Pixar ont \u00e9galement leur place dans l&rsquo;exposition.<\/p>\n<h3 id=\"t-1670398262178\">Restaurant v\u00e9g\u00e9talien<\/h3>\n<p>Si vous avez faim et aimez la cuisine v\u00e9g\u00e9talienne, vous pouvez vous ressourcer au restaurant \u00ab\u00a0Stevens Food\u00a0\u00bb. Le restaurant porte le nom du l\u00e9gendaire fondateur d&rsquo;Apple, Steve Job, qui \u00e9tait v\u00e9g\u00e9talien.<\/p>\n<h2 id=\"t-1670398262179\">Entr\u00e9e, billets et visites guid\u00e9es<\/h2>\n<ul>\n<li><strong>Entr\u00e9e :<\/strong> Le mus\u00e9e Apple est ouvert toute l&rsquo;ann\u00e9e.&nbsp;<\/li>\n<li><strong>Billets :<\/strong> Les prix d&rsquo;entr\u00e9e peuvent \u00eatre trouv\u00e9s sur <a data-id=\"https:\/\/www.applemuseum.com\/en\/\" data-type=\"URL\" href=\"https:\/\/www.applemuseum.com\/en\/\" target=\"_blank\" style=\"outline: none;\" rel=\"noopener\">ce site <\/a><a href=\"https:\/\/www.applemuseum.com\/en\/\" target=\"_blank\" rel=\"noopener\">.<\/a><\/li>\n<\/ul>\n<h2 id=\"t-1670398262180\">Comment se rendre au mus\u00e9e Apple&nbsp;?<\/h2>\n<p>Le mus\u00e9e de la pomme est situ\u00e9 dans une petite ruelle de la <a data-id=\"742\" data-type=\"page\" href=\"https:\/\/praguetouristinformation.com\/fr\/choses-a-faire\/vieille-ville\" style=\"outline: none;\">vieille ville<\/a> \u00e0 l&rsquo; ouest de la <a data-id=\"621\" data-type=\"page\" href=\"https:\/\/praguetouristinformation.com\/fr\/choses-a-faire\/vieille-ville\/place-de-la-vieille-ville\" style=\"outline: none;\">place de la vieille ville<\/a> . Il est facilement accessible en m\u00e9tro ligne A, ligne verte, station Starom\u011bstsk\u00e1, \u00e0 partir de l\u00e0 il y a quelques minutes \u00e0 pied.<\/p>\n<h2 id=\"t-1670398262181\">Histoire<\/h2>\n<p>Le mus\u00e9e a \u00e9t\u00e9 ouvert en 2015 dans un b\u00e2timent historique du centre de Prague.<\/p>\n<p>Steve Job a construit le premier ordinateur personnel avec son ami Steve Wozniak dans le garage de ses parents et a fond\u00e9 Apple Computer Company en 1976. Le premier produit \u00e0 pr\u00e9senter la pomme \u00e0 croquer d\u00e9sormais embl\u00e9matique \u00e9tait l&rsquo;Apple I, qui s&rsquo;est vendu 666,66 $. Le prototype \u00e9tait toujours dans une caisse en bois faite maison.<\/p>\n<p>L&rsquo;exposition comprend la collection d&rsquo;ordinateurs la plus pr\u00e9cieuse et la plus complexe de 1976 \u00e0 2012. Elle est consid\u00e9r\u00e9e comme la plus grande collection priv\u00e9e de produits Apple au monde. De nombreux exposants priv\u00e9s ont mis \u00e0 disposition \u00e0 cet effet leurs ordinateurs et Mac et autres accessoires.<\/p>\n<p>Des chronologies avec toutes les g\u00e9n\u00e9rations de mod\u00e8les d&rsquo;iPhone, d&rsquo;iPod, d&rsquo;iPad, d&rsquo;iMac et de Power Mac peuvent \u00eatre vues dans le mus\u00e9e. On dit que 12 000 m\u00e8tres de c\u00e2ble informatique ont \u00e9t\u00e9 pos\u00e9s.<\/p>\n<p>En outre, des cartes de visite, des affiches et du mat\u00e9riel d&rsquo;information sur l&rsquo;histoire d&rsquo;Apple et des deux soci\u00e9t\u00e9s importantes pour Steve Jobs, Next et Pixar, sont expos\u00e9s.<\/p>\n<p>Certains des murs du mus\u00e9e sont d\u00e9cor\u00e9s de citations de Steve Jobs, entre autres : \u00ab Le design n&rsquo;est pas seulement l&rsquo;apparence ou la sensation. Le design, c&rsquo;est comme \u00e7a que \u00e7a marche.&nbsp;<\/p>\n<h2 id=\"t-1670398262182\">Contacter<\/h2>\n<ul>\n<li><strong>Adresse :<\/strong> Husova 21, 110 00 Star\u00e9 Mesto, Prague<\/li>\n<li><strong>Transports publics :<\/strong> M\u00e9tro ligne A, ligne verte, arr\u00eat Starom\u011bstsk\u00e1<\/li>\n<li><strong>Horaires d&rsquo;ouverture<\/strong> : Veuillez vous r\u00e9f\u00e9rer \u00e0 <a href=\"https:\/\/www.applemuseum.com\/en\/\" target=\"_blank\" style=\"outline: none;\" rel=\"noopener\">ce site internet pour les horaires d&rsquo;ouverture exacts.<\/a>&nbsp;<\/li>\n<\/ul>\n","protected":false},"excerpt":{"rendered":"<p>Le mus\u00e9e Apple a ouvert ses portes en 2015 et explore l&rsquo;histoire des produits con\u00e7us par Apple. Toutes les informations importantes sur le mus\u00e9e Apple sont rassembl\u00e9es ici, y compris l&rsquo;admission, son histoire et l&rsquo;adresse. Que puis-je faire au mus\u00e9e Apple&nbsp;? exposition permanente Dans l&rsquo;exposition permanente, environ 500 produits du Groupe sont expos\u00e9s sur plus [&hellip;]<\/p>\n","protected":false},"author":6,"featured_media":1498,"parent":137,"menu_order":0,"comment_status":"closed","ping_status":"closed","template":"","meta":{"footnotes":""},"categories":[],"tags":[22,19],"class_list":["post-896","page","type-page","status-publish","has-post-thumbnail","hentry","tag-museum","tag-sehenswuerdigkeiten","post-wrapper","thrv_wrapper"],"_links":{"self":[{"href":"https:\/\/praguetouristinformation.com\/fr\/wp-json\/wp\/v2\/pages\/896","targetHints":{"allow":["GET"]}}],"collection":[{"href":"https:\/\/praguetouristinformation.com\/fr\/wp-json\/wp\/v2\/pages"}],"about":[{"href":"https:\/\/praguetouristinformation.com\/fr\/wp-json\/wp\/v2\/types\/page"}],"author":[{"embeddable":true,"href":"https:\/\/praguetouristinformation.com\/fr\/wp-json\/wp\/v2\/users\/6"}],"replies":[{"embeddable":true,"href":"https:\/\/praguetouristinformation.com\/fr\/wp-json\/wp\/v2\/comments?post=896"}],"version-history":[{"count":0,"href":"https:\/\/praguetouristinformation.com\/fr\/wp-json\/wp\/v2\/pages\/896\/revisions"}],"up":[{"embeddable":true,"href":"https:\/\/praguetouristinformation.com\/fr\/wp-json\/wp\/v2\/pages\/137"}],"wp:featuredmedia":[{"embeddable":true,"href":"https:\/\/praguetouristinformation.com\/fr\/wp-json\/wp\/v2\/media\/1498"}],"wp:attachment":[{"href":"https:\/\/praguetouristinformation.com\/fr\/wp-json\/wp\/v2\/media?parent=896"}],"wp:term":[{"taxonomy":"category","embeddable":true,"href":"https:\/\/praguetouristinformation.com\/fr\/wp-json\/wp\/v2\/categories?post=896"},{"taxonomy":"post_tag","embeddable":true,"href":"https:\/\/praguetouristinformation.com\/fr\/wp-json\/wp\/v2\/tags?post=896"}],"curies":[{"name":"wp","href":"https:\/\/api.w.org\/{rel}","templated":true}]}}