{"id":894,"date":"2020-10-19T15:36:40","date_gmt":"2020-10-19T15:36:40","guid":{"rendered":"http:\/\/praguetouristinformation.com\/?page_id=894"},"modified":"2023-05-04T11:45:19","modified_gmt":"2023-05-04T11:45:19","slug":"etats","status":"publish","type":"page","link":"https:\/\/praguetouristinformation.com\/fr\/choses-a-faire\/theatres\/etats","title":{"rendered":"Guide du Th\u00e9\u00e2tre des \u00c9tats \u00e0 Prague : Infos, Programme &amp; Histoire"},"content":{"rendered":"<h3 id=\"t-1672299895162\">Le Th\u00e9\u00e2tre des \u00c9tats est un th\u00e9\u00e2tre historique situ\u00e9 sur le march\u00e9 aux fruits de <a data-id=\"742\" data-type=\"page\" href=\"http:\/\/praguetouristinformation.com\/sehenswuerdigkeiten\/altstadt\">la vieille ville de Prague.<\/a><\/h3>\n<p>En octobre 1787 eut lieu ici la premi\u00e8re de l&rsquo;op\u00e9ra Don Giovanni, que Mozart d\u00e9dia aux Praguois.<\/p>\n<p>Toutes les informations importantes sur le Th\u00e9\u00e2tre des \u00c9tats sont rassembl\u00e9es ici, y compris l&rsquo;horaire, son histoire et l&rsquo;adresse.<\/p>\n<h2 id=\"t-1672299895163\">Que puis-je faire au Th\u00e9\u00e2tre des \u00c9tats&nbsp;?<\/h2>\n<p><span><img decoding=\"async\" alt=\"Que puis-je faire au th\u00e9\u00e2tre des \u00c9tats&nbsp;?\" data-id=\"1898\" width=\"656\" data-init-width=\"1000\" height=\"667\" data-init-height=\"667\" title=\"Que puis-je faire au th\u00e9\u00e2tre des \u00c9tats&nbsp;?\" loading=\"lazy\" src=\"\/\/praguetouristinformation.com\/fr\/wp-content\/uploads\/2020\/11\/Was-kann-ich-im-Staendetheater-machen.jpg\" data-width=\"656\"><\/span><\/p>\n<h3 id=\"t-1672299895169\">Apr\u00e8s l&rsquo;Op\u00e9ra d&rsquo;\u00c9tat et le Th\u00e9\u00e2tre national, le Th\u00e9\u00e2tre des \u00c9tats est la troisi\u00e8me sc\u00e8ne d&rsquo;op\u00e9ra de Prague et offre une exp\u00e9rience tr\u00e8s sp\u00e9ciale.<\/h3>\n<p>Les visiteurs peuvent profiter d&rsquo;une soir\u00e9e inoubliable au th\u00e9\u00e2tre dans l&rsquo;atmosph\u00e8re du b\u00e2timent historique.&nbsp;Le <a data-id=\"892\" data-type=\"page\" href=\"https:\/\/praguetouristinformation.com\/fr\/choses-a-faire\/theatres\" style=\"outline: none;\">th\u00e9\u00e2tre<\/a> est actuellement utilis\u00e9 pour des repr\u00e9sentations th\u00e9\u00e2trales nationales.<\/p>\n<p>Traditionnellement, des op\u00e9ras de Mozart sont \u00e9galement jou\u00e9s. C&rsquo;est quelque chose de sp\u00e9cial de voir Don Giovanni dans la maison o\u00f9 il a \u00e9t\u00e9 cr\u00e9\u00e9.<\/p>\n<p>Mais le b\u00e2timent lui-m\u00eame, construit dans le style classique, est une raison suffisante pour le visiter, car il a \u00e9t\u00e9 presque enti\u00e8rement conserv\u00e9 dans son \u00e9tat d&rsquo;origine.<\/p>\n<h2 id=\"t-1672299895164\">Entr\u00e9e, billets et visites guid\u00e9es<\/h2>\n<p><span><img decoding=\"async\" alt=\"Entr\u00e9e, billets et visites guid\u00e9es du Standetheater\" data-id=\"1899\" width=\"656\" data-init-width=\"1000\" height=\"667\" data-init-height=\"667\" title=\"Entr\u00e9e, billets et visites guid\u00e9es du Standetheater\" loading=\"lazy\" src=\"\/\/praguetouristinformation.com\/fr\/wp-content\/uploads\/2020\/11\/Eintritt-Tickets-und-Fuehrungen-Standetheater.jpg\" data-width=\"656\"><\/span><\/p>\n<p>Le Th\u00e9\u00e2tre des \u00c9tats est ouvert toute l&rsquo;ann\u00e9e.<\/p>\n<ul>\n<li><strong>Billets :<\/strong> Les billets pour les repr\u00e9sentations peuvent \u00eatre achet\u00e9s sur place, \u00e0 la billetterie ou en ligne et sont \u00e9galement disponibles \u00e0 toutes les billetteries du Th\u00e9\u00e2tre National.<\/li>\n<li><strong>Visites guid\u00e9es : Des visites<\/strong> de groupe peuvent \u00eatre organis\u00e9es dans diff\u00e9rentes langues sur demande pr\u00e9alable.<\/li>\n<li><strong>Admission:<\/strong> Tous les d\u00e9tails peuvent \u00eatre trouv\u00e9s <a data-id=\"www.narodni-divadlo.cz\" data-type=\"URL\" href=\"http:\/\/www.narodni-divadlo.cz\" rel=\"noreferrer noopener\" target=\"_blank\">ici<\/a> .<\/li>\n<\/ul>\n<h2 id=\"t-1672299895165\">Horaire avec le programme en cours<\/h2>\n<p>L&rsquo;horaire, le <a data-id=\"www.narodni-divadlo.cz\" data-type=\"URL\" href=\"http:\/\/www.narodni-divadlo.cz\" rel=\"noreferrer noopener\" target=\"_blank\">programme en cours<\/a> et un aper\u00e7u des repr\u00e9sentations \u00e0 venir peuvent \u00eatre consult\u00e9s ici.<\/p>\n<h2 id=\"t-1672299895166\">Comment se rendre au Th\u00e9\u00e2tre des \u00c9tats ?<\/h2>\n<p>Le Th\u00e9\u00e2tre des \u00c9tats est situ\u00e9 au c\u0153ur de la vieille ville de Prague et est facilement accessible par la ligne de m\u00e9tro A, ligne verte, ou la ligne de m\u00e9tro B, ligne jaune, via l&rsquo;arr\u00eat M\u016fstek.<\/p>\n<p>De l\u00e0, il n&rsquo;y a que quelques minutes \u00e0 pied.<\/p>\n<h2 id=\"t-1672299895167\">Histoire du Th\u00e9\u00e2tre des \u00c9tats<\/h2>\n<p><span><img decoding=\"async\" alt=\"Histoire du Th\u00e9\u00e2tre des \u00c9tats\" data-id=\"1900\" width=\"656\" data-init-width=\"1000\" height=\"667\" data-init-height=\"667\" title=\"Histoire du Th\u00e9\u00e2tre des \u00c9tats\" loading=\"lazy\" src=\"\/\/praguetouristinformation.com\/fr\/wp-content\/uploads\/2020\/11\/Geschichte-des-Staendetheaters.jpg\" data-width=\"656\"><\/span><\/p>\n<p>Le th\u00e9\u00e2tre des \u00c9tats, construit par le comte Franz Anton Nostitz-Rieneck et portant \u00e0 l&rsquo;origine son nom, a ouvert ses portes en 1783 avec la premi\u00e8re de la trag\u00e9die de Lessing, Emilia Galotti.<\/p>\n<p>Il doit son nom actuel aux \u00c9tats tch\u00e8ques, qui ont achet\u00e9 le th\u00e9\u00e2tre en 1798 et l&rsquo;ont rebaptis\u00e9 Th\u00e9\u00e2tre des \u00c9tats royaux.<\/p>\n<p>\u00c0 ce jour, le b\u00e2timent, construit dans le style classique, a \u00e9t\u00e9 presque enti\u00e8rement conserv\u00e9 dans son \u00e9tat d&rsquo;origine.<\/p>\n<p>Le lustre, qui a \u00e9t\u00e9 accroch\u00e9 lors de la derni\u00e8re r\u00e9novation compl\u00e8te entre 1983 et 1991, est une copie du lustre original de 1874, dont une partie est encore aliment\u00e9e en gaz, il p\u00e8se 800 kilogrammes et compte 148 ampoules.<\/p>\n<p>Wolfgang Amadeus Mozart, qui y dirigea \u00ab\u00a0Les Noces de Figaro\u00a0\u00bb en janvier 1787, est inextricablement li\u00e9 \u00e0 l&rsquo;histoire du Th\u00e9\u00e2tre des \u00c9tats. Le 29 octobre 1787, la premi\u00e8re mondiale de l&rsquo;op\u00e9ra Don Giovanni, que Mozart a d\u00e9di\u00e9 au peuple de Prague, a eu lieu au Th\u00e9\u00e2tre des \u00c9tats. Dans les ann\u00e9es suivantes, d&rsquo;autres op\u00e9ras de Mozart ont \u00e9t\u00e9 jou\u00e9s.<\/p>\n<p>Avec pr\u00e8s de 700 places, le Th\u00e9\u00e2tre des \u00c9tats est aujourd&rsquo;hui l&rsquo;une des sc\u00e8nes du Th\u00e9\u00e2tre national et est utilis\u00e9 pour des spectacles de ballet et de th\u00e9\u00e2tre, avec les op\u00e9ras de Wolfgang Amadeus Mozart au centre du programme.<\/p>\n<h2 id=\"t-1672299895168\">Contacter<\/h2>\n<ul>\n<li><strong>Adresse :<\/strong> \u017delezn\u00e1, Star\u00e9 M\u011bsto, 110 00 Prague<\/li>\n<li><strong>Public<\/strong> : M\u00e9tro ligne A, ligne verte et M\u00e9tro ligne B, ligne jaune, arr\u00eat M\u016fstek&nbsp;<\/li>\n<li><strong>Heures d&rsquo;ouverture : les <\/strong><a data-id=\"www.narodni-divadlo.cz\" data-type=\"URL\" href=\"http:\/\/www.narodni-divadlo.cz\" rel=\"noreferrer noopener\" target=\"_blank\">heures d&rsquo;ouverture<\/a> exactes peuvent \u00eatre trouv\u00e9es ici.&nbsp;<\/li>\n<\/ul>\n","protected":false},"excerpt":{"rendered":"<p>Le Th\u00e9\u00e2tre des \u00c9tats est un th\u00e9\u00e2tre historique situ\u00e9 sur le march\u00e9 aux fruits de la vieille ville de Prague. En octobre 1787 eut lieu ici la premi\u00e8re de l&rsquo;op\u00e9ra Don Giovanni, que Mozart d\u00e9dia aux Praguois. Toutes les informations importantes sur le Th\u00e9\u00e2tre des \u00c9tats sont rassembl\u00e9es ici, y compris l&rsquo;horaire, son histoire et [&hellip;]<\/p>\n","protected":false},"author":6,"featured_media":1897,"parent":892,"menu_order":0,"comment_status":"open","ping_status":"closed","template":"","meta":{"footnotes":""},"categories":[],"tags":[19,23],"class_list":["post-894","page","type-page","status-publish","has-post-thumbnail","hentry","tag-sehenswuerdigkeiten","tag-theater","post-wrapper","thrv_wrapper"],"_links":{"self":[{"href":"https:\/\/praguetouristinformation.com\/fr\/wp-json\/wp\/v2\/pages\/894","targetHints":{"allow":["GET"]}}],"collection":[{"href":"https:\/\/praguetouristinformation.com\/fr\/wp-json\/wp\/v2\/pages"}],"about":[{"href":"https:\/\/praguetouristinformation.com\/fr\/wp-json\/wp\/v2\/types\/page"}],"author":[{"embeddable":true,"href":"https:\/\/praguetouristinformation.com\/fr\/wp-json\/wp\/v2\/users\/6"}],"replies":[{"embeddable":true,"href":"https:\/\/praguetouristinformation.com\/fr\/wp-json\/wp\/v2\/comments?post=894"}],"version-history":[{"count":0,"href":"https:\/\/praguetouristinformation.com\/fr\/wp-json\/wp\/v2\/pages\/894\/revisions"}],"up":[{"embeddable":true,"href":"https:\/\/praguetouristinformation.com\/fr\/wp-json\/wp\/v2\/pages\/892"}],"wp:featuredmedia":[{"embeddable":true,"href":"https:\/\/praguetouristinformation.com\/fr\/wp-json\/wp\/v2\/media\/1897"}],"wp:attachment":[{"href":"https:\/\/praguetouristinformation.com\/fr\/wp-json\/wp\/v2\/media?parent=894"}],"wp:term":[{"taxonomy":"category","embeddable":true,"href":"https:\/\/praguetouristinformation.com\/fr\/wp-json\/wp\/v2\/categories?post=894"},{"taxonomy":"post_tag","embeddable":true,"href":"https:\/\/praguetouristinformation.com\/fr\/wp-json\/wp\/v2\/tags?post=894"}],"curies":[{"name":"wp","href":"https:\/\/api.w.org\/{rel}","templated":true}]}}