{"id":892,"date":"2020-10-19T15:35:12","date_gmt":"2020-10-19T15:35:12","guid":{"rendered":"http:\/\/praguetouristinformation.com\/?page_id=892"},"modified":"2023-05-04T11:41:41","modified_gmt":"2023-05-04T11:41:41","slug":"theatres","status":"publish","type":"page","link":"https:\/\/praguetouristinformation.com\/fr\/choses-a-faire\/theatres","title":{"rendered":"7 Meilleurs th\u00e9\u00e2tres de Prague [avec carte]"},"content":{"rendered":"<h3 id=\"t-1670485525761\">Sur cette page, nous vous indiquons les 7 meilleurs th\u00e9\u00e2tres de Prague.<\/h3>\n<p>L&rsquo;op\u00e9ra et la musique classique jouent un r\u00f4le important \u00e0 Prague. En plus de trois op\u00e9ras, il y a plusieurs salles de concert, dont le c\u00e9l\u00e8bre Rudolfinum.<\/p>\n<p>Non seulement le compositeur national tch\u00e8que Smetana, connu pour la pi\u00e8ce \u00ab\u00a0La Vltava\u00a0\u00bb, mais aussi les premi\u00e8res des op\u00e9ras de Mozart, Don Giovanni et Figaro, ont rendu la musique classique populaire \u00e0 Prague.<\/p>\n<p>Voyons maintenant notre petite s\u00e9lection de sc\u00e8nes et de maisons.<\/p>\n<h2 id=\"t-1670485525762\">1. Th\u00e9\u00e2tre National<\/h2>\n<p><span><img decoding=\"async\" alt=\"Th\u00e9\u00e2tre national de Prague\" data-id=\"1877\" width=\"702\" data-init-width=\"1000\" height=\"468\" data-init-height=\"667\" title=\"Th\u00e9\u00e2tre national de Prague\" loading=\"lazy\" src=\"http:\/\/praguetouristinformation.com\/wp-content\/uploads\/2020\/11\/Nationaltheater.jpg\" data-width=\"702\" data-height=\"468\" data-pin-media=\"http:\/\/praguetouristinformation.com\/wp-content\/uploads\/2021\/01\/prag_7_theater_pinterest.jpg\" data-pin-description=\"7 Meilleurs th\u00e9\u00e2tres de Prague [avec carte] - 2022\" data-pin-url=\"https:\/\/praguetouristinformation.com\/fr\/choses-a-faire\/theatres?tve=true&amp;tcbf=4acad60f38\" data-pinpro-key=\"wwmygxjrg\"><\/span><\/p>\n<p>Le Th\u00e9\u00e2tre National est le th\u00e9\u00e2tre et l&rsquo;op\u00e9ra le plus important de Prague. Le b\u00e2timent n\u00e9o-Renaissance est consid\u00e9r\u00e9 comme un symbole national. A l&rsquo;occasion de la visite du prince h\u00e9ritier Rodolphe, le th\u00e9\u00e2tre, qui n&rsquo;\u00e9tait pas encore enti\u00e8rement construit, fut inaugur\u00e9 le 11 juin 1881 avec la premi\u00e8re mondiale de l&rsquo;op\u00e9ra Libusa de Smetana, compos\u00e9 sp\u00e9cialement pour cette occasion. L&rsquo;int\u00e9rieur et l&rsquo;ext\u00e9rieur chics attirent l&rsquo;attention avec leur riche dorure.<\/p>\n<p>Aujourd&rsquo;hui, les trois ensembles Opera, Ballet et Drama travaillent au Nationaltheater. En plus des pi\u00e8ces classiques, des \u0153uvres d&rsquo;auteurs locaux ainsi que de la litt\u00e9rature mondiale moderne sont \u00e9galement jou\u00e9es.<\/p>\n<ul>\n<li><strong>Adresse : N\u00e1rodn\u00ed 2, Nov\u00e9 M\u011bsto, 110 00 Prague<\/strong><\/li>\n<\/ul>\n<h2 id=\"t-1670485525763\">2. Op\u00e9ra d&rsquo;\u00c9tat<\/h2>\n<p><span><img decoding=\"async\" alt=\"Op\u00e9ra national de Prague\" data-id=\"1878\" width=\"702\" data-init-width=\"1000\" height=\"468\" data-init-height=\"667\" title=\"Op\u00e9ra national de Prague\" loading=\"lazy\" src=\"http:\/\/praguetouristinformation.com\/wp-content\/uploads\/2020\/11\/Staatsoper.jpg\" data-width=\"702\" data-height=\"468\" data-pin-media=\"http:\/\/praguetouristinformation.com\/wp-content\/uploads\/2021\/01\/prag_7_theater_pinterest.jpg\" data-pin-description=\"7 Meilleurs th\u00e9\u00e2tres de Prague [avec carte] - 2022\" data-pin-url=\"https:\/\/praguetouristinformation.com\/fr\/choses-a-faire\/theatres?tve=true&amp;tcbf=4acad60f38\" data-pinpro-key=\"fs8dzjy2s\"><\/span><\/p>\n<p>L&rsquo;Op\u00e9ra d&rsquo;\u00c9tat de Prague a \u00e9t\u00e9 fond\u00e9 sous le nom de \u00ab\u00a0Nouveau th\u00e9\u00e2tre allemand\u00a0\u00bb et est situ\u00e9 pr\u00e8s de <a data-id=\"662\" data-type=\"page\" href=\"https:\/\/praguetouristinformation.com\/fr\/choses-a-faire\/vieille-ville\/place-venceslas\" style=\"outline: none;\">la place Venceslas. <\/a>L&rsquo;int\u00e9rieur du b\u00e2timent n\u00e9o-rococo orn\u00e9 attire le regard avec du velours rouge et des lustres \u00e9tincelants, et la sc\u00e8ne spacieuse est \u00e9galement frappante.<\/p>\n<p>La maison a \u00e9t\u00e9 inaugur\u00e9e le 5 janvier 1888 avec la premi\u00e8re de \u00ab\u00a0Die Meistersinger von N\u00fcrnberg\u00a0\u00bb de Richard Wagner. Plus tard, \u00ab\u00a0Ring des Nibelungen\u00a0\u00bb de Wagner a \u00e9galement \u00e9t\u00e9 jou\u00e9 ici. Apr\u00e8s l&rsquo;expulsion des Allemands apr\u00e8s la Seconde Guerre mondiale, la maison a \u00e9t\u00e9 rebaptis\u00e9e Th\u00e9\u00e2tre Smetana.<\/p>\n<p>La sc\u00e8ne sert d&rsquo;Op\u00e9ra d&rsquo;\u00c9tat de Prague depuis 1992, mais fait partie du Th\u00e9\u00e2tre national tch\u00e8que en tant que troisi\u00e8me sc\u00e8ne depuis sept ans. Apr\u00e8s presque trois ans de r\u00e9novation, l&rsquo;Op\u00e9ra d&rsquo;\u00c9tat de Prague a rouvert le 30 janvier 2020 avec un concert de gala festif.<\/p>\n<ul>\n<li><strong>Adresse : Wilsonova 4, Vinohrady, 110 00 Prague<\/strong><\/li>\n<\/ul>\n<h2 id=\"t-1670485525764\">3. Th\u00e9\u00e2tre des \u00c9tats<\/h2>\n<p><span><img decoding=\"async\" alt=\"Th\u00e9\u00e2tre des \u00c9tats \u00e0 Prague\" data-id=\"1879\" width=\"702\" data-init-width=\"1000\" height=\"468\" data-init-height=\"667\" title=\"Th\u00e9\u00e2tre des \u00c9tats \u00e0 Prague\" loading=\"lazy\" src=\"http:\/\/praguetouristinformation.com\/wp-content\/uploads\/2020\/11\/Staendetheater.jpg\" data-width=\"702\" data-height=\"468\" data-pin-media=\"http:\/\/praguetouristinformation.com\/wp-content\/uploads\/2021\/01\/prag_7_theater_pinterest.jpg\" data-pin-description=\"7 Meilleurs th\u00e9\u00e2tres de Prague [avec carte] - 2022\" data-pin-url=\"https:\/\/praguetouristinformation.com\/fr\/choses-a-faire\/theatres?tve=true&amp;tcbf=4acad60f38\" data-pinpro-key=\"2qhcnsw5b\"><\/span><\/p>\n<p>Apr\u00e8s l&rsquo;Op\u00e9ra d&rsquo;\u00c9tat et le Th\u00e9\u00e2tre national, le <a data-id=\"894\" data-type=\"page\" href=\"https:\/\/praguetouristinformation.com\/fr\/choses-a-faire\/theatres\/etats\" style=\"outline: none;\">Th\u00e9\u00e2tre des \u00c9tats<\/a> est la troisi\u00e8me sc\u00e8ne lyrique de Prague. Le b\u00e2timent de style n\u00e9oclassique de l&rsquo;Obstmarkt dans <a data-id=\"742\" data-type=\"page\" href=\"https:\/\/praguetouristinformation.com\/fr\/choses-a-faire\/vieille-ville\" style=\"outline: none;\">la vieille ville de Prague<\/a> a \u00e9t\u00e9 conserv\u00e9 presque enti\u00e8rement dans son \u00e9tat d&rsquo;origine.<\/p>\n<p>La maison est devenue c\u00e9l\u00e8bre avec la cr\u00e9ation de l&rsquo;op\u00e9ra Don Giovanni de Wolfgang Amadeus Mozart le 29 octobre 1787. Mozart a d\u00e9di\u00e9 cet op\u00e9ra aux habitants de Prague.<\/p>\n<p>Avec pr\u00e8s de 700 places, le Th\u00e9\u00e2tre des \u00c9tats est aujourd&rsquo;hui l&rsquo;une des sc\u00e8nes du Th\u00e9\u00e2tre national et est utilis\u00e9 pour des spectacles de ballet et de th\u00e9\u00e2tre, avec les op\u00e9ras de Wolfgang Amadeus Mozart au centre du programme.<\/p>\n<ul>\n<li><strong>Adresse : \u017delezn\u00e1, Star\u00e9 M\u011bsto, 110 00 Prague<\/strong><\/li>\n<\/ul>\n<h2 id=\"t-1670485525765\">4. Th\u00e9\u00e2tre musical de Karl\u00edn<\/h2>\n<p><span><img decoding=\"async\" alt=\"Th\u00e9\u00e2tre musical Karl\u00edn \u00e0 Prague\" data-id=\"1880\" width=\"702\" data-init-width=\"1000\" height=\"407\" data-init-height=\"580\" title=\"Th\u00e9\u00e2tre musical Karl\u00edn \u00e0 Prague\" loading=\"lazy\" src=\"http:\/\/praguetouristinformation.com\/wp-content\/uploads\/2020\/11\/Hudebni-divadlo-Karlin.jpg\" data-width=\"702\" data-height=\"407\" data-pin-media=\"http:\/\/praguetouristinformation.com\/wp-content\/uploads\/2021\/01\/prag_7_theater_pinterest.jpg\" data-pin-description=\"7 Meilleurs th\u00e9\u00e2tres de Prague [avec carte] - 2022\" data-pin-url=\"https:\/\/praguetouristinformation.com\/fr\/choses-a-faire\/theatres?tve=true&amp;tcbf=4acad60f38\" data-pinpro-key=\"xg06fttbs\"><\/span><\/p>\n<p>Le divadlo Hudebn\u00ed Karl\u00edn est situ\u00e9 pr\u00e8s de la station de m\u00e9tro Florenc. Il a \u00e9t\u00e9 inaugur\u00e9 sous le nom de Th\u00e9\u00e2tre\u2013Vari\u00e9t\u00e9 le 27 ao\u00fbt 1881. Le b\u00e2timent, l&rsquo;un des trois plus anciens th\u00e9\u00e2tres de Prague, a \u00e9t\u00e9 reconstruit plusieurs fois, la premi\u00e8re fois en 1897. L&rsquo;\u00e9quipement artisanal, les peintures au plafond, les portail dor\u00e9 et celui peint \u00e0 la main datent de cette \u00e9poque rideau de th\u00e9\u00e2tre<\/p>\n<p>En octobre 2006, la premi\u00e8re tch\u00e8que de la com\u00e9die musicale de Broadway la plus r\u00e9ussie de tous les temps \u00ab\u00a0The Producers\u00a0\u00bb a eu lieu ici. Depuis lors, des op\u00e9rettes et des com\u00e9dies musicales ont \u00e9t\u00e9 jou\u00e9es au th\u00e9\u00e2tre musical de Karlin, dont de nombreuses premi\u00e8res mondiales.<\/p>\n<ul>\n<li><strong>Adresse : K\u0159i\u017e\u00edkova 283, Karl\u00edn, 186 00 Prague<\/strong><\/li>\n<\/ul>\n<h2 id=\"t-1670485525766\">5. Rudolfine<\/h2>\n<p><span><img decoding=\"async\" alt=\"Rudolfin \u00e0 Prague\" data-id=\"1882\" width=\"702\" data-init-width=\"1000\" height=\"468\" data-init-height=\"667\" title=\"Rudolfin \u00e0 Prague\" loading=\"lazy\" src=\"http:\/\/praguetouristinformation.com\/wp-content\/uploads\/2020\/11\/Rudolfinum.jpg\" data-width=\"702\" data-height=\"468\" data-pin-media=\"http:\/\/praguetouristinformation.com\/wp-content\/uploads\/2021\/01\/prag_7_theater_pinterest.jpg\" data-pin-description=\"7 Meilleurs th\u00e9\u00e2tres de Prague [avec carte] - 2022\" data-pin-url=\"https:\/\/praguetouristinformation.com\/fr\/choses-a-faire\/theatres?tve=true&amp;tcbf=4acad60f38\" data-pinpro-key=\"d2rmnspx8\"><\/span><\/p>\n<p>Le b\u00e2timent n\u00e9o-Renaissance a \u00e9t\u00e9 construit en gr\u00e8s clair en 1876-1884 sous les auspices du prince h\u00e9ritier Rudolf, d&rsquo;apr\u00e8s qui il a \u00e9t\u00e9 nomm\u00e9.<\/p>\n<p>Aujourd&rsquo;hui, il appartient \u00e0 la Philharmonie tch\u00e8que, qui a son si\u00e8ge ici.<\/p>\n<p>Le <a data-id=\"889\" data-type=\"page\" href=\"https:\/\/praguetouristinformation.com\/fr\/choses-a-faire\/theatres\/rudolfinum\" style=\"outline: none;\">Rudolfinum<\/a> est utilis\u00e9 comme salle de concert et d&rsquo;exposition et est souvent le cadre de concerts classiques exceptionnels. Il abrite \u00e9galement une galerie d&rsquo;art avec des expositions en constante \u00e9volution.<\/p>\n<ul>\n<li><strong>Adresse : Al\u0161ovo n\u00e1b\u0159e\u017e\u00ed 79\/12, Star\u00e9 M\u011bsto, 110 00 Prague<\/strong><\/li>\n<\/ul>\n<h2 id=\"t-1670485525767\">6. Concerts au ch\u00e2teau de Prague<\/h2>\n<p><span><img decoding=\"async\" alt=\"Concerts au Ch\u00e2teau de Prague\" data-id=\"1883\" width=\"702\" data-init-width=\"1000\" height=\"468\" data-init-height=\"667\" title=\"Concerts au Ch\u00e2teau de Prague\" loading=\"lazy\" src=\"http:\/\/praguetouristinformation.com\/wp-content\/uploads\/2020\/11\/Konzerte-in-der-Prager-Burg.jpg\" data-width=\"702\" data-height=\"468\" data-pin-media=\"http:\/\/praguetouristinformation.com\/wp-content\/uploads\/2021\/01\/prag_7_theater_pinterest.jpg\" data-pin-description=\"7 Meilleurs th\u00e9\u00e2tres de Prague [avec carte] - 2022\" data-pin-url=\"https:\/\/praguetouristinformation.com\/fr\/choses-a-faire\/theatres?tve=true&amp;tcbf=4acad60f38\" data-pinpro-key=\"63rpyq4tq\"><\/span><\/p>\n<p>La basilique Saint-Georges du <a data-id=\"738\" data-type=\"page\" href=\"https:\/\/praguetouristinformation.com\/fr\/choses-a-faire\/chateau\" style=\"outline: none;\">ch\u00e2teau de Prague<\/a> est l&rsquo;une des plus anciennes \u00e9glises de Prague depuis sa fondation vers 920 par le prince Vratislav I. L&rsquo;int\u00e9rieur est roman, aust\u00e8re et monumental.<\/p>\n<p>Dans ce contexte, des concerts classiques sont r\u00e9guli\u00e8rement organis\u00e9s. Entre autres, des \u0153uvres de Smetana, Schubert, Dvo\u0159\u00e1k, Franck, Pachelbel, Bizet, Vivaldi et Haendel peuvent \u00eatre entendues.<\/p>\n<p>Les pi\u00e8ces seront interpr\u00e9t\u00e9es par le Prague Early Music Ensemble, compos\u00e9 de musiciens professionnels tr\u00e8s exp\u00e9riment\u00e9s du Th\u00e9\u00e2tre national, de l&rsquo;Op\u00e9ra d&rsquo;\u00c9tat, de la Radio tch\u00e8que, de l&rsquo;Orchestre symphonique de Prague et de l&rsquo;Orchestre philharmonique tch\u00e8que.<\/p>\n<ul>\n<li><strong>Adresse : N\u00e1m\u011bst\u00ed U Svat\u00e9ho Ji\u0159\u00ed, Hrad\u010dany, 119 00 Prague<\/strong><\/li>\n<\/ul>\n<h2 id=\"t-1670485525768\">7. Concerts \u00e0 l&rsquo;\u00e9glise Saint-Nicolas<\/h2>\n<p><span><img decoding=\"async\" alt=\"Concerts \u00e0 l'\u00e9glise Saint-Nicolas de Prague\" data-id=\"1884\" width=\"702\" data-init-width=\"1000\" height=\"468\" data-init-height=\"667\" title=\"Concerts \u00e0 l'\u00e9glise Saint-Nicolas de Prague\" loading=\"lazy\" src=\"http:\/\/praguetouristinformation.com\/wp-content\/uploads\/2020\/11\/Konzerte-in-der-Nikolauskirche.jpg\" data-width=\"702\" data-height=\"468\" data-pin-media=\"http:\/\/praguetouristinformation.com\/wp-content\/uploads\/2021\/01\/prag_7_theater_pinterest.jpg\" data-pin-description=\"7 Meilleurs th\u00e9\u00e2tres de Prague [avec carte] - 2022\" data-pin-url=\"https:\/\/praguetouristinformation.com\/fr\/choses-a-faire\/theatres?tve=true&amp;tcbf=4acad60f38\" data-pinpro-key=\"o28sl3nk7\"><\/span><\/p>\n<p>L&rsquo;\u00e9glise baroque Saint-Nicolas, construite entre 1732 et 1735, est l&rsquo;une des dominantes architecturales de la <a data-id=\"621\" data-type=\"page\" href=\"https:\/\/praguetouristinformation.com\/fr\/choses-a-faire\/vieille-ville\/place-de-la-vieille-ville\" style=\"outline: none;\">place de la Vieille Ville. <\/a>Le magnifique int\u00e9rieur est domin\u00e9 par un plafond peint sur la nef avec des motifs de la vie de Saint Nicolas, qui est l&rsquo;un des plus grands d&rsquo;Europe. Le lustre avec des \u00e9l\u00e9ments en verre cristal est un cadeau du tsar russe Nikolai II.<\/p>\n<p>Wolfgang Amadeus Mozart y a jou\u00e9 de l&rsquo;orgue pendant son s\u00e9jour \u00e0 Prague. De nos jours, des concerts de musique classique ont lieu presque tous les jours dans l&rsquo;\u00e9glise Saint-Nicolas.&nbsp;<\/p>\n<ul>\n<li><strong>Adresse : Place de la Vieille Ville, 11000 Prague<\/strong><\/li>\n<\/ul>\n<p style=\"text-align: center;\"><a href=\"https:\/\/www.google.com\/maps\/d\/u\/1\/viewer?hl=en&amp;mid=140JKiJBXmoPvITy5vCmp5csEcSOFU12U&amp;ll=50.08579019376759%2C14.421525499999985&amp;z=15\" target=\"_blank\" rel=\"noopener\">(lien vers la carte)<\/a><\/p>\n","protected":false},"excerpt":{"rendered":"<p>Sur cette page, nous vous indiquons les 7 meilleurs th\u00e9\u00e2tres de Prague. L&rsquo;op\u00e9ra et la musique classique jouent un r\u00f4le important \u00e0 Prague. En plus de trois op\u00e9ras, il y a plusieurs salles de concert, dont le c\u00e9l\u00e8bre Rudolfinum. Non seulement le compositeur national tch\u00e8que Smetana, connu pour la pi\u00e8ce \u00ab\u00a0La Vltava\u00a0\u00bb, mais aussi les [&hellip;]<\/p>\n","protected":false},"author":6,"featured_media":1875,"parent":247,"menu_order":0,"comment_status":"closed","ping_status":"closed","template":"","meta":{"footnotes":""},"categories":[],"tags":[20,19,23],"class_list":["post-892","page","type-page","status-publish","has-post-thumbnail","hentry","tag-featured","tag-sehenswuerdigkeiten","tag-theater","post-wrapper","thrv_wrapper"],"_links":{"self":[{"href":"https:\/\/praguetouristinformation.com\/fr\/wp-json\/wp\/v2\/pages\/892","targetHints":{"allow":["GET"]}}],"collection":[{"href":"https:\/\/praguetouristinformation.com\/fr\/wp-json\/wp\/v2\/pages"}],"about":[{"href":"https:\/\/praguetouristinformation.com\/fr\/wp-json\/wp\/v2\/types\/page"}],"author":[{"embeddable":true,"href":"https:\/\/praguetouristinformation.com\/fr\/wp-json\/wp\/v2\/users\/6"}],"replies":[{"embeddable":true,"href":"https:\/\/praguetouristinformation.com\/fr\/wp-json\/wp\/v2\/comments?post=892"}],"version-history":[{"count":0,"href":"https:\/\/praguetouristinformation.com\/fr\/wp-json\/wp\/v2\/pages\/892\/revisions"}],"up":[{"embeddable":true,"href":"https:\/\/praguetouristinformation.com\/fr\/wp-json\/wp\/v2\/pages\/247"}],"wp:featuredmedia":[{"embeddable":true,"href":"https:\/\/praguetouristinformation.com\/fr\/wp-json\/wp\/v2\/media\/1875"}],"wp:attachment":[{"href":"https:\/\/praguetouristinformation.com\/fr\/wp-json\/wp\/v2\/media?parent=892"}],"wp:term":[{"taxonomy":"category","embeddable":true,"href":"https:\/\/praguetouristinformation.com\/fr\/wp-json\/wp\/v2\/categories?post=892"},{"taxonomy":"post_tag","embeddable":true,"href":"https:\/\/praguetouristinformation.com\/fr\/wp-json\/wp\/v2\/tags?post=892"}],"curies":[{"name":"wp","href":"https:\/\/api.w.org\/{rel}","templated":true}]}}