{"id":89,"date":"2020-08-15T20:19:06","date_gmt":"2020-08-15T20:19:06","guid":{"rendered":"http:\/\/praguetouristinformation.com\/?page_id=89"},"modified":"2025-08-07T09:19:20","modified_gmt":"2025-08-07T09:19:20","slug":"taxi","status":"publish","type":"page","link":"https:\/\/praguetouristinformation.com\/fr\/plan\/arrivee\/taxi","title":{"rendered":"Guide des taxis \u00e0 Prague : informations importantes, tarifs &#038; conseils"},"content":{"rendered":"<h3>Voici notre guide du taxi et de la conduite de taxi \u00e0 Prague.<\/h3>\n<p>Il existe de nombreuses compagnies de taxis \u00e0 Prague. Malheureusement, les chauffeurs de taxi ont encore tr\u00e8s mauvaise r\u00e9putation, et non sans raison.<\/p>\n<p>Beaucoup essaient de facturer un prix plus \u00e9lev\u00e9, de d\u00e9sob\u00e9ir aux tarifs officiels, de parcourir une plus longue distance ou de manipuler le compteur en conduisant pour le faire fonctionner plus rapidement et afficher un prix plus \u00e9lev\u00e9.<\/p>\n<p>Nous vous donnons ici des informations importantes et des conseils sur la fa\u00e7on dont vous pouvez \u00e9viter ces situations pendant votre voyage.<\/p>\n<p>Commen\u00e7ons par nos recommandations&nbsp;:<\/p>\n<h2 style=\"\">Prague Visitor Pass<\/h2>\n<p data-pm-slice=\"1 1 []\" style=\"\">Le Prague Visitor Pass vous donne acc\u00e8s aux principales attractions, mus\u00e9es et aux transports publics de la ville \u2013 id\u00e9al pour d\u00e9couvrir Prague en toute flexibilit\u00e9 et efficacit\u00e9.<\/p>\n<p style=\"\">Utilisez notre code de r\u00e9duction exclusif <strong>pragueti5<\/strong> pour b\u00e9n\u00e9ficier de <strong>5 % de remise !<\/strong><\/p>\n<p>__CONFIG_colors_palette__{\u00ab\u00a0active_palette\u00a0\u00bb:0,\u00a0\u00bbconfig\u00a0\u00bb:{\u00ab\u00a0colors\u00a0\u00bb:{\u00ab\u00a0110d6\u00a0\u00bb:{\u00ab\u00a0name\u00a0\u00bb:\u00a0\u00bbMain Accent\u00a0\u00bb,\u00a0\u00bbparent\u00a0\u00bb:-1}},\u00a0\u00bbgradients\u00a0\u00bb:[]},\u00a0\u00bbpalettes\u00a0\u00bb:[{\u00ab\u00a0name\u00a0\u00bb:\u00a0\u00bbDefault Palette\u00a0\u00bb,\u00a0\u00bbvalue\u00a0\u00bb:{\u00ab\u00a0colors\u00a0\u00bb:{\u00ab\u00a0110d6\u00a0\u00bb:{\u00ab\u00a0val\u00a0\u00bb:\u00a0\u00bbvar(e8c68)\u00a0\u00bb}},\u00a0\u00bbgradients\u00a0\u00bb:[]},\u00a0\u00bboriginal\u00a0\u00bb:{\u00ab\u00a0colors\u00a0\u00bb:{\u00ab\u00a0110d6\u00a0\u00bb:{\u00ab\u00a0val\u00a0\u00bb:\u00a0\u00bbrgb(19, 114, 211)\u00a0\u00bb,\u00a0\u00bbhsl\u00a0\u00bb:{\u00ab\u00a0h\u00a0\u00bb:210,\u00a0\u00bbs\u00a0\u00bb:0.83,\u00a0\u00bbl\u00a0\u00bb:0.45}}},\u00a0\u00bbgradients\u00a0\u00bb:[]}}]}__CONFIG_colors_palette__ <a href=\"https:\/\/praguevisitorpass.eu\/?lang=fr-fr\" style=\"font-size: var(--tve-font-size, 14px) !important;\" target=\"_blank\" rel=\"noopener\"><span style=\"\">    <\/span> <span style=\"\"><span>Plus d\u2019infos<\/span><\/span> <\/a>  <\/p>\n<h2 id=\"t-1670252230861\">Recommandations urgentes<\/h2>\n<p><span><img decoding=\"async\" alt=\"\" data-id=\"3624\" width=\"885\" data-init-width=\"1000\" height=\"606\" data-init-height=\"685\" title=\"Taxi,Stand,symbole,dans,le,Prague,Ch\u00e2teau\" loading=\"lazy\" src=\"http:\/\/praguetouristinformation.com\/wp-content\/uploads\/2022\/12\/taxis-in-prague2.jpg\" data-width=\"885\" data-height=\"606\" data-pinpro-key=\"gxuzcjel8\" style=\"aspect-ratio: auto 1000 \/ 685;\"><\/span><\/p>\n<ul>\n<li><strong>Points touristiques :<\/strong> Ne montez jamais dans un taxi \u00e0 proximit\u00e9 d&rsquo; <a data-id=\"247\" data-type=\"page\" href=\"https:\/\/praguetouristinformation.com\/fr\/choses-a-faire\" style=\"outline: none;\">attractions touristiques . <\/a>Les chauffeurs de taxi y attendent souvent pour arnaquer les touristes sans m\u00e9fiance. M\u00eame les habitants de Prague ne montent pas dans les taxis ici. Il est pr\u00e9f\u00e9rable d&rsquo;utiliser le r\u00e9seau de transport local bien d\u00e9velopp\u00e9.<\/li>\n<li><strong>Commande de taxi :<\/strong> Vous pouvez soit commander un taxi par t\u00e9l\u00e9phone ou via une application, vous rendre \u00e0 une station de taxis ou signaler un taxi sur le bord de la route. Lorsque le taxi est libre, le panneau taxi sur le dessus de la voiture est illumin\u00e9.<\/li>\n<\/ul>\n<p>Si possible, commandez un v\u00e9hicule via des applications de taxi, par exemple avec Uber.<\/p>\n<p>Si vous commandez un taxi par t\u00e9l\u00e9phone, demandez \u00e0 la r\u00e9ceptionniste de votre h\u00f4tel de vous aider.<\/p>\n<ul>\n<li><strong>H\u00e9ler un taxi sur le bord de la route &#8211; Permis :<\/strong> Si vous h\u00e9lez un taxi dans la rue &#8211; ce que vous devriez \u00e9viter de faire &#8211; assurez-vous qu&rsquo;il s&rsquo;agit d&rsquo;un v\u00e9hicule immatricul\u00e9. La lampe jaune sur le toit doit \u00eatre install\u00e9e dans tous les cas et le mot TAXI doit \u00eatre lu en lettres noires. Le nom de l&rsquo;entreprise, le num\u00e9ro de licence et les prix doivent \u00eatre visibles sur les deux portes d&rsquo;entr\u00e9e.<\/li>\n<li><strong>Taxim\u00e8tre :<\/strong> Assurez-vous que le taxim\u00e8tre est allum\u00e9<\/li>\n<li><strong>Prix :&nbsp;<\/strong> Demandez le prix approximatif du parcours d\u00e8s votre embarquement.<\/li>\n<\/ul>\n<h2 id=\"t-1670252230862\">Payeur<\/h2>\n<p>Le paiement se fait par taxim\u00e8tre. En R\u00e9publique tch\u00e8que, les tarifs des taxis sont officiellement fix\u00e9s par les villes ou les comt\u00e9s. Le tarif des taxis pour Prague a \u00e9t\u00e9 fix\u00e9 pour la derni\u00e8re fois en f\u00e9vrier 2020 et publi\u00e9 dans l&rsquo;ordonnance tarifaire officielle.<\/p>\n<p>Elle est contraignante pour tous les taxis et compagnies de taxis dans la zone de circulation obligatoire et ne peut \u00eatre d\u00e9pass\u00e9e ou d\u00e9pass\u00e9e.<\/p>\n<p>Ceci est assur\u00e9 par des taxim\u00e8tres officiellement calibr\u00e9s install\u00e9s dans les taxis.<\/p>\n<p>Le paiement se fait g\u00e9n\u00e9ralement en esp\u00e8ces, certains taxis acceptent les cartes de cr\u00e9dit. En cas de paiement sans num\u00e9raire, des pi\u00e8ces d&rsquo;identit\u00e9 doivent \u00eatre pr\u00e9sent\u00e9es \u00e0 la demande du conducteur.<\/p>\n<p>Le passager a droit \u00e0 un re\u00e7u. Ce re\u00e7u doit \u00eatre d\u00e9livr\u00e9 au voyageur par l&rsquo;imprimante du taxim\u00e8tre.<\/p>\n<h2 id=\"t-1670252230863\">Langue<\/h2>\n<p>La plupart des chauffeurs de taxi parlent peu ou pas l&rsquo;anglais. Si vous avez de la chance, vous rencontrerez un chauffeur qui vivait en Allemagne et qui parle m\u00eame allemand.<\/p>\n<h2 id=\"t-1670252230864\">adresse de destination<\/h2>\n<p><span><img decoding=\"async\" alt=\"\" data-id=\"3626\" width=\"885\" data-init-width=\"1000\" height=\"590\" data-init-height=\"667\" title=\"Jaune,Taxi,De,Prague\" loading=\"lazy\" src=\"http:\/\/praguetouristinformation.com\/wp-content\/uploads\/2022\/12\/taxis-in-Prague1.jpg\" data-width=\"885\" data-height=\"590\" data-pinpro-key=\"9u0i2tkh2\" style=\"aspect-ratio: auto 1000 \/ 667;\"><\/span><\/p>\n<p>En raison des \u00e9ventuelles difficult\u00e9s de communication, il est conseill\u00e9 d&rsquo;\u00e9crire l&rsquo;adresse de destination sur une feuille de papier et de la montrer au chauffeur.<\/p>\n<p>Sp\u00e9cifier un point de rep\u00e8re majeur tel qu&rsquo;un point de rep\u00e8re pr\u00e8s de la destination souhait\u00e9e est tr\u00e8s utile, tout comme sp\u00e9cifier le quartier.<\/p>\n<p>Si vous le souhaitez, vous pouvez suivre l&rsquo;itin\u00e9raire sur Google Maps.<\/p>\n<h2 id=\"t-1670252230865\">Recette<\/h2>\n<ul>\n<li><strong>Taxe de base :<\/strong> La taxe de base est de 60 CZK (env. 2,40 EUR), le prix par kilom\u00e8tre est de 36 CZK (env. 1,45 EUR).<\/li>\n<li><strong>Tarif de nuit :<\/strong> Il n&rsquo;y a pas de tarif de nuit \u00e0 Prague, les m\u00eames prix s&rsquo;appliquent pendant 24 heures.<\/li>\n<li><strong>Temps de station et d&rsquo;attente : Les temps<\/strong> de station et d&rsquo;attente sont factur\u00e9s 7 couronnes tch\u00e8ques par minute (environ 0,28 EUR).<\/li>\n<li><strong>Courte distance :<\/strong> les courtes distances co\u00fbtent 60 couronnes tch\u00e8ques (environ 2,40 euros)<\/li>\n<\/ul>\n<h2 id=\"t-1670252230866\">\u00c9lectrotaxi<\/h2>\n<p>Dans le centre de Prague, le tarif de base pour les trajets en taxi \u00e9lectrique est de 70 CZK (environ 2,80 EUR), le prix au kilom\u00e8tre est de 39 CZK (environ 1,55 EUR), les courtes distances co\u00fbtent 70 CZK.<\/p>\n<h2 id=\"t-1670252230867\">couleur des taxis<\/h2>\n<ul>\n<li><strong>Taxis jaunes :&nbsp;<\/strong> La plupart des taxis sont jaunes, avec une lumi\u00e8re jaune sur le toit avec le mot TAXI \u00e9crit en lettres noires dessus. Le nom de l&rsquo;entreprise, le num\u00e9ro de licence et les prix doivent \u00eatre visibles sur les deux portes d&rsquo;entr\u00e9e.<\/li>\n<li><strong>Taxis blancs :<\/strong> Taxi Praha sont des taxis blancs avec compteur. Ils vont sous le nom de TickTack. La soci\u00e9t\u00e9 propose un service de taxi \u00e0 des tarifs garantis. La soci\u00e9t\u00e9 est joignable par t\u00e9l\u00e9phone au +420 220 414 414 ou par e-mail \u00e0 <a href=\"mailto:info@taxi14007.cz\">info@taxi14007.cz<\/a><\/li>\n<li><strong>F\u0130X TAX\u0130 :<\/strong> Ce sont aussi des taxis blancs avec taxim\u00e8tres. La soci\u00e9t\u00e9 propose un service de taxi \u00e0 des tarifs garantis. La soci\u00e9t\u00e9 est joignable par t\u00e9l\u00e9phone au +420 722 555 525 ou par e-mail \u00e0 <a href=\"mailto:dispecink@fix-taxi.cz\" style=\"outline: none;\">dispecink@fix-taxi.cz<\/a> .<\/li>\n<\/ul>\n<h2 id=\"t-1670252230868\">Taxi pour l&rsquo;a\u00e9roport de Vaclav Havel<\/h2>\n<ul>\n<li><strong>Taxi :&nbsp;<\/strong> Un trajet en taxi du centre-ville \u00e0 <a data-id=\"86\" data-type=\"page\" href=\"https:\/\/praguetouristinformation.com\/fr\/plan\/arrivee\/vaclav-havel-aeroport\" style=\"outline: none;\">l&rsquo;a\u00e9roport de V\u00e1clav-Havel<\/a> co\u00fbtera environ 700 couronnes tch\u00e8ques. La facturation est bas\u00e9e sur le taxim\u00e8tre, il n&rsquo;y a pas de frais suppl\u00e9mentaires.<\/li>\n<li><strong>Transfert priv\u00e9 :&nbsp;<\/strong> Diverses entreprises proposent des transferts a\u00e9roport en limousines, o\u00f9 le chauffeur vient chercher l&rsquo;invit\u00e9 \u00e0 la porte. Pour plus de d\u00e9tails, veuillez consulter les sites Web pertinents tels que <a href=\"https:\/\/www.mozartlimousines.com\/en\/\" target=\"_blank\" rel=\"noopener\">https:\/\/www.mozartlimousines.com\/en\/<\/a><\/li>\n<\/ul>\n<h2 id=\"t-1670252230869\">obligation de porter<\/h2>\n<p>Il y a une obligation de transport, chaque passager doit \u00eatre conduit \u00e0 n&rsquo;importe quelle destination tant qu&rsquo;elle se trouve dans les limites de la ville. Le chauffeur de taxi est oblig\u00e9 d&#8217;emprunter l&rsquo;itin\u00e9raire le plus court et donc le moins cher, sauf si un autre itin\u00e9raire a \u00e9t\u00e9 convenu.<\/p>\n<h2 id=\"t-1670252230870\">interdiction de fumer<\/h2>\n<p>Dans les taxis, il existe une interdiction g\u00e9n\u00e9rale de fumer pour les chauffeurs et les passagers.<\/p>\n<h2 id=\"t-1670252230871\">pointe<\/h2>\n<p>Le pourboire n&rsquo;est pas obligatoire, mais attendu. Un pourboire de 5 \u00e0 10 % est acceptable.<\/p>\n<h2 id=\"t-1670252230872\">num\u00e9ros de taxi<\/h2>\n<p><span><img decoding=\"async\" alt=\"\" data-id=\"3627\" width=\"885\" data-init-width=\"1000\" height=\"590\" data-init-height=\"667\" title=\"Taxi,Voiture,Sur,La,Ville,Rue,Au,Cr\u00e9puscule.,Venceslas,Place,\" loading=\"lazy\" src=\"http:\/\/praguetouristinformation.com\/wp-content\/uploads\/2022\/12\/taxis-in-Prague.jpg\" data-width=\"885\" data-height=\"590\" data-pinpro-key=\"6c99go6rv\" style=\"aspect-ratio: auto 1000 \/ 667;\"><\/span><\/p>\n<p>Il existe de nombreux arr\u00eats de taxi \u00e0 Prague, mais les taxis sont g\u00e9n\u00e9ralement command\u00e9s via une application. Si vous commandez un taxi par t\u00e9l\u00e9phone, vous trouverez ici les num\u00e9ros de certains des principaux arr\u00eats de taxi.<\/p>\n<p>Assurez-vous de demander \u00e0 la r\u00e9ception de votre h\u00f4tel de vous aider \u00e0 commander un taxi.&nbsp;<\/p>\n<ul>\n<li>+ 420 222 333 222, AAA Radiotaxi, <a data-id=\"http:\/\/www.aaataxi.cz\/en\/home\" data-type=\"URL\" href=\"http:\/\/www.aaataxi.cz\/en\/home\" target=\"_blank\" rel=\"noopener\">AAATaxi.cz<\/a><\/li>\n<li>+420 244 114 411, Halotaxi, <a data-id=\"https:\/\/www.halotaxitransport.cz\/en\" data-type=\"URL\" href=\"https:\/\/www.halotaxitransport.cz\/en\" target=\"_blank\" rel=\"noopener\">HaloTaxiTransport.cz<\/a><\/li>\n<li>+ 420 737 222 333, Blue Angel, <a data-id=\"https:\/\/www.modryandel.cz\/en\" data-type=\"URL\" href=\"https:\/\/www.modryandel.cz\/en\" target=\"_blank\" rel=\"noopener\">Modryandel.cz<\/a><\/li>\n<li>+ 420 257 257 257, City Taxi, <a data-id=\"http:\/\/www.citytaxi.cz\" data-type=\"URL\" href=\"http:\/\/www.citytaxi.cz\" target=\"_blank\" rel=\"noopener\">CityTaxi.cz<\/a><\/li>\n<li>+ 420 220 414 414, Taxi Prague, <a data-id=\"http:\/\/www.taxi14007.cz\/en\" data-type=\"URL\" href=\"http:\/\/www.taxi14007.cz\/en\" target=\"_blank\" rel=\"noopener\">Taxi14007.cz<\/a><\/li>\n<\/ul>\n<h2 id=\"t-1670252230873\">Taxi-App<\/h2>\n<p>Vous pouvez commander un taxi en ligne en utilisant ces applications de taxi : Les plus connues sont AAA radiotaxi sro, taxi.eu ou Liftago et Taxi.Taxicap.cz<\/p>\n<p>Vous pouvez g\u00e9n\u00e9ralement payer sans esp\u00e8ces dans ces taxis.<\/p>\n<p>Assurez-vous d&rsquo;utiliser une application de taxi pour commander un taxi et ne signalez pas un taxi sur le bord de la route.<\/p>\n<h2 id=\"t-1670252230874\">Pr\u00e9-commande de taxi<\/h2>\n<p>Bien s\u00fbr, un taxi peut \u00e9galement \u00eatre pr\u00e9-command\u00e9, soit par t\u00e9l\u00e9phone, soit via une application mobile. Votre h\u00f4tel se fera un plaisir de vous aider \u00e0 commander un taxi.<\/p>\n<h2 id=\"t-1670252230875\">Uber<\/h2>\n<p>La soci\u00e9t\u00e9 UBER a son si\u00e8ge social \u00e0 San Francisco, aux \u00c9tats-Unis. C&rsquo;est une soci\u00e9t\u00e9 de services am\u00e9ricaine qui fournit des services de transport en ligne dans de nombreuses villes du monde.<\/p>\n<p>Une fois l&rsquo;application t\u00e9l\u00e9charg\u00e9e sur votre t\u00e9l\u00e9phone, vous pouvez commencer \u00e0 utiliser les services UBER. Lorsque vous commandez un UBER, le prix de l&rsquo;itin\u00e9raire souhait\u00e9 vous est indiqu\u00e9. Le paiement s&rsquo;effectue par carte bancaire, carte euro, PayPal ou Google Play.<\/p>\n<p>Nous recommandons fortement \u00e0 tous les visiteurs d&rsquo;utiliser les services d&rsquo;UBER au lieu de h\u00e9ler un taxi.<\/p>\n<h2 id=\"t-1670252230876\">ligne d&rsquo;assistance t\u00e9l\u00e9phonique pour les r\u00e9clamations<\/h2>\n<p>Les plaintes concernant les chauffeurs de taxi peuvent \u00eatre d\u00e9pos\u00e9es par \u00e9crit aupr\u00e8s du Conseil municipal de la ville de Prague. Dans tous les cas, rappelez-vous du num\u00e9ro de licence sur la porte et indiquez d&rsquo;o\u00f9 vous avez \u00e9t\u00e9 transport\u00e9 \u00e0 taxi@praha.eu ou <a href=\"mailto:posta@praha.eu\">posta@praha.eu<\/a> .<\/p>\n<h2 id=\"t-1670252230895\">FAQ (Foire Aux Questions)<\/h2>\n","protected":false},"excerpt":{"rendered":"<p>Voici notre guide du taxi et de la conduite de taxi \u00e0 Prague. Il existe de nombreuses compagnies de taxis \u00e0 Prague. Malheureusement, les chauffeurs de taxi ont encore tr\u00e8s mauvaise r\u00e9putation, et non sans raison. Beaucoup essaient de facturer un prix plus \u00e9lev\u00e9, de d\u00e9sob\u00e9ir aux tarifs officiels, de parcourir une plus longue distance [&hellip;]<\/p>\n","protected":false},"author":6,"featured_media":2383,"parent":769,"menu_order":0,"comment_status":"open","ping_status":"closed","template":"","meta":{"footnotes":""},"categories":[],"tags":[32,33],"class_list":["post-89","page","type-page","status-publish","has-post-thumbnail","hentry","tag-planung","tag-verkehr","post-wrapper","thrv_wrapper"],"_links":{"self":[{"href":"https:\/\/praguetouristinformation.com\/fr\/wp-json\/wp\/v2\/pages\/89","targetHints":{"allow":["GET"]}}],"collection":[{"href":"https:\/\/praguetouristinformation.com\/fr\/wp-json\/wp\/v2\/pages"}],"about":[{"href":"https:\/\/praguetouristinformation.com\/fr\/wp-json\/wp\/v2\/types\/page"}],"author":[{"embeddable":true,"href":"https:\/\/praguetouristinformation.com\/fr\/wp-json\/wp\/v2\/users\/6"}],"replies":[{"embeddable":true,"href":"https:\/\/praguetouristinformation.com\/fr\/wp-json\/wp\/v2\/comments?post=89"}],"version-history":[{"count":2,"href":"https:\/\/praguetouristinformation.com\/fr\/wp-json\/wp\/v2\/pages\/89\/revisions"}],"predecessor-version":[{"id":4981,"href":"https:\/\/praguetouristinformation.com\/fr\/wp-json\/wp\/v2\/pages\/89\/revisions\/4981"}],"up":[{"embeddable":true,"href":"https:\/\/praguetouristinformation.com\/fr\/wp-json\/wp\/v2\/pages\/769"}],"wp:featuredmedia":[{"embeddable":true,"href":"https:\/\/praguetouristinformation.com\/fr\/wp-json\/wp\/v2\/media\/2383"}],"wp:attachment":[{"href":"https:\/\/praguetouristinformation.com\/fr\/wp-json\/wp\/v2\/media?parent=89"}],"wp:term":[{"taxonomy":"category","embeddable":true,"href":"https:\/\/praguetouristinformation.com\/fr\/wp-json\/wp\/v2\/categories?post=89"},{"taxonomy":"post_tag","embeddable":true,"href":"https:\/\/praguetouristinformation.com\/fr\/wp-json\/wp\/v2\/tags?post=89"}],"curies":[{"name":"wp","href":"https:\/\/api.w.org\/{rel}","templated":true}]}}