{"id":889,"date":"2020-10-19T15:34:36","date_gmt":"2020-10-19T15:34:36","guid":{"rendered":"http:\/\/praguetouristinformation.com\/?page_id=889"},"modified":"2023-05-04T11:44:01","modified_gmt":"2023-05-04T11:44:01","slug":"rudolfinum","status":"publish","type":"page","link":"https:\/\/praguetouristinformation.com\/fr\/choses-a-faire\/theatres\/rudolfinum","title":{"rendered":"Guide du Rudolfinum : Concerts, programme et histoire"},"content":{"rendered":"\n<h2 class=\"wp-block-heading\" id=\"ucj-4\">Translation results<\/h2>\n\n\n\n<h3 class=\"wp-block-heading\">Translation result<\/h3>\n\n\n\n<p>star_border<\/p>\n\n\n\n<p>Guide du Rudolfinum : concerts, programme et histoire<\/p>\n\n\n\n<p>52&nbsp;\/&nbsp;5,000<\/p>\n\n\n\n<h2 class=\"wp-block-heading\" id=\"ucj-4\">Translation results<\/h2>\n\n\n\n<h3 class=\"wp-block-heading\">Translation result<\/h3>\n\n\n\n<p>star_border<\/p>\n\n\n\n<p>Guide du Rudolfinum : concerts, programme et histoire<\/p>\n\n\n\n<p>52&nbsp;\/&nbsp;5,000<\/p>\n\n\n\n<h2 class=\"wp-block-heading\" id=\"ucj-4\">Translation results<\/h2>\n\n\n\n<h3 class=\"wp-block-heading\">Translation result<\/h3>\n\n\n\n<p>star_border<\/p>\n\n\n\n<p>Guide du Rudolfinum : concerts, programme et histoire<\/p>\n\n\n\n<p>52&nbsp;\/&nbsp;5,000<\/p>\n\n\n\n<h2 class=\"wp-block-heading\" id=\"ucj-4\">Translation results<\/h2>\n\n\n\n<h3 class=\"wp-block-heading\">Translation result<\/h3>\n\n\n\n<p>star_border<\/p>\n\n\n\n<p>Guide du Rudolfinum : concerts, programme et histoire<\/p>\n\n\n<h3>Le Rudolfinum est un concert traditionnel et un centre culturel sur la rive droite de la Vltava dans <a data-id=\"742\" data-type=\"page\" href=\"https:\/\/praguetouristinformation.com\/fr\/choses-a-faire\/vieille-ville\" style=\"outline: none;\">la vieille ville de Prague<\/a> .<\/h3>\n<p>Entre autres choses, c&rsquo;est le lieu de concerts classiques exceptionnels.<\/p>\n<p>Toutes les informations importantes sur le Rudolfinum sont rassembl\u00e9es ici, y compris le programme, son histoire et l&rsquo;adresse.<\/p>\n<h2 id=\"t-1672298794800\">Que puis-je faire au Rudolfinum ?<\/h2>\n<p><span><img decoding=\"async\" alt=\"Que puis-je faire dans le Rudolfinum\" data-id=\"1890\" width=\"656\" data-init-width=\"1000\" height=\"667\" data-init-height=\"667\" title=\"Que puis-je faire dans le Rudolfinum\" loading=\"lazy\" src=\"\/\/praguetouristinformation.com\/fr\/wp-content\/uploads\/2020\/11\/Was-kann-ich-im-Rudolfinum-machen.jpg\" data-width=\"656\"><\/span><\/p>\n<ul>\n<li><strong>Concerts :<\/strong> Le Rudolfinum dispose de trois salles de concert, dont la salle Dvo\u0159\u00e1k est la plus grande et la plus c\u00e9l\u00e8bre. Ici, Anton\u00edn Dvo\u0159\u00e1k a dirig\u00e9 le premier concert de la Philharmonie tch\u00e8que en 1896. Les concerts du festival de musique du Printemps de Prague ont lieu ici. Assister \u00e0 un concert au Rudolfinum est une exp\u00e9rience inoubliable.<\/li>\n<li><strong>Galerie d&rsquo;art :<\/strong> La galerie d&rsquo;art ne poss\u00e8de pas ses propres collections, mais fonctionne comme une galerie d&rsquo;art avec des expositions temporaires. La plupart des grands projets d&rsquo;exposition pr\u00e9sentent principalement des beaux-arts contemporains. Vous trouverez ici des informations sur les <a data-id=\"www.galerierudolfinum.cz\/\" data-type=\"URL\" href=\"http:\/\/www.galerierudolfinum.cz\/\" rel=\"noreferrer noopener\" target=\"_blank\" style=\"outline: none;\">expositions<\/a> en cours .<\/li>\n<li><strong>Cafe Rudolfinum :<\/strong> L&rsquo;\u00e9l\u00e9gant caf\u00e9 est situ\u00e9 dans le hall \u00e0 piliers et propose diverses boissons alcoolis\u00e9es et non alcoolis\u00e9es ainsi que de petites collations.<\/li>\n<\/ul>\n<h2 id=\"t-1672298794801\">Entr\u00e9e, billets et visites guid\u00e9es<\/h2>\n<p><span><img decoding=\"async\" alt=\"Entr\u00e9e, billets et visites guid\u00e9es Rudolfinum\" data-id=\"1892\" width=\"656\" data-init-width=\"1000\" height=\"667\" data-init-height=\"667\" title=\"Entr\u00e9e, billets et visites guid\u00e9es Rudolfinum\" loading=\"lazy\" src=\"\/\/praguetouristinformation.com\/fr\/wp-content\/uploads\/2020\/11\/Eintritt-Tickets-und-Fuehrungen-8.jpg\" data-width=\"656\"><\/span><\/p>\n<p>Le Rudolfinum est ouvert toute l&rsquo;ann\u00e9e.<\/p>\n<ul>\n<li><strong>Billets :<\/strong> Les billets pour les concerts peuvent \u00eatre achet\u00e9s sur place, \u00e0 la billetterie ou en ligne.<\/li>\n<li><strong>Visites guid\u00e9es :<\/strong> Il n&rsquo;y a pas de visites guid\u00e9es.<\/li>\n<li><strong>Entr\u00e9e : Les <\/strong><a data-id=\"https:\/\/www.rudolfinum.cz\/en\/concert-schedule\/\" data-type=\"URL\" href=\"https:\/\/www.rudolfinum.cz\/en\/concert-schedule\/\" rel=\"noreferrer noopener\" target=\"_blank\">prix d&rsquo;entr\u00e9e<\/a> exacts peuvent \u00eatre trouv\u00e9s ici.<\/li>\n<\/ul>\n<h2 id=\"t-1672298794802\">Horaire avec le programme en cours<\/h2>\n<p>L&rsquo;horaire et le <a data-id=\"https:\/\/www.rudolfinum.cz\/en\/concert-schedule\/\" data-type=\"URL\" href=\"https:\/\/www.rudolfinum.cz\/en\/concert-schedule\/\" rel=\"noreferrer noopener\" target=\"_blank\" style=\"outline: none;\">programme actuel<\/a> avec les d\u00e9tails de la salle dans laquelle se d\u00e9roule le concert peuvent \u00eatre consult\u00e9s ici.<\/p>\n<h2 id=\"t-1672298794803\">Comment se rendre au Rudolfinum ?<\/h2>\n<p>Le Rudolfinum est situ\u00e9 au centre de la vieille ville, \u00e0 seulement 200 m\u00e8tres du <a data-id=\"664\" data-type=\"page\" href=\"https:\/\/praguetouristinformation.com\/fr\/choses-a-faire\/le-pont-charles\" style=\"outline: none;\">pont Charles<\/a> .<\/p>\n<p>Il est facilement accessible en m\u00e9tro ligne A, ligne verte, via l&rsquo;arr\u00eat Staromestsk\u00e1.<\/p>\n<h2 id=\"t-1672298794804\">Geschichte des Rudolfinum<\/h2>\n<p><span><img decoding=\"async\" alt=\"Geschichte des Rudolfinum\" data-id=\"1893\" width=\"656\" data-init-width=\"1000\" height=\"667\" data-init-height=\"667\" title=\"Geschichte des Rudolfinum\" loading=\"lazy\" src=\"\/\/praguetouristinformation.com\/fr\/wp-content\/uploads\/2020\/11\/Geschichte-des-Rudolfinum.jpg\" data-width=\"656\"><\/span><\/p>\n<p>Le b\u00e2timent n\u00e9o-Renaissance a \u00e9t\u00e9 construit en gr\u00e8s clair en 1876-1884 sous les auspices du prince h\u00e9ritier Rudolf, d&rsquo;apr\u00e8s qui il a \u00e9t\u00e9 nomm\u00e9.<\/p>\n<p>Il a \u00e9t\u00e9 con\u00e7u comme une maison d&rsquo;art et \u00e9tait destin\u00e9 \u00e0 promouvoir la musique et les beaux-arts.<\/p>\n<p>En 1920, le Rudolfinum a \u00e9t\u00e9 transform\u00e9 en Chambre des repr\u00e9sentants, sous l&rsquo;occupation allemande \u00e0 partir de mars 1939, il est redevenu une salle de concert, apr\u00e8s la Seconde Guerre mondiale, il a bri\u00e8vement servi de si\u00e8ge du Parlement. Depuis 1946, il est \u00e0 nouveau utilis\u00e9 comme salle de concert. et lieu d&rsquo;exposition.<\/p>\n<p>Dans les ann\u00e9es 1990 &#8211; 1992, le Rudolfinum a \u00e9t\u00e9 enti\u00e8rement reconstruit conform\u00e9ment \u00e0 l&rsquo;original et a re\u00e7u son aspect actuel. Il compte au total environ 80 salles, dont certaines peuvent \u00eatre lou\u00e9es comme salles de conf\u00e9rence ou d&rsquo;\u00e9v\u00e9nement.<\/p>\n<p>La salle la plus grande et la plus c\u00e9l\u00e8bre est la salle Dvo\u0159\u00e1k avec 1023 si\u00e8ges, dont l&rsquo;acoustique est de classe mondiale. Des concerts exceptionnels de musique classique y sont donn\u00e9s.<\/p>\n<p>La plus petite salle du souk de 211&nbsp;places comprend un nouveau piano \u00e0 queue Fazioli et est principalement utilis\u00e9e pour des spectacles de musique de chambre.<\/p>\n<p>La salle Kubelik, une grande salle avec des colonnes corinthiennes, a \u00e9t\u00e9 ouverte en 1994 en tant que salle comm\u00e9morative avec une exposition du virtuose du violon Jan Kubel\u00edk.<\/p>\n<p>Le Rudolfinum appartient \u00e0 la Philharmonie tch\u00e8que, qui a son si\u00e8ge ici.<\/p>\n<h2 id=\"t-1672298794805\">Contacter<\/h2>\n<ul>\n<li><strong>Adresse :<\/strong> Al\u0161ovo n\u00e1b\u0159e\u017e\u00ed 79\/12, Star\u00e9 M\u011bsto, 110 00 Prague<\/li>\n<li><strong>Public :<\/strong> &nbsp; M\u00e9tro ligne A, ligne verte, arr\u00eat Staromestsk\u00e1&nbsp;<\/li>\n<li><strong>Horaires d&rsquo;ouverture : les <\/strong><a data-id=\"https:\/\/www.rudolfinum.cz\/en\/\" data-type=\"URL\" href=\"https:\/\/www.rudolfinum.cz\/en\/\" rel=\"noreferrer noopener\" target=\"_blank\">horaires d&rsquo;ouverture<\/a> exacts sont sur ce site.<\/li>\n<\/ul>","protected":false},"excerpt":{"rendered":"<p>Translation results Translation result star_border Guide du Rudolfinum : concerts, programme et histoire 52&nbsp;\/&nbsp;5,000 Translation results Translation result star_border Guide du Rudolfinum : concerts, programme et histoire 52&nbsp;\/&nbsp;5,000 Translation results Translation result star_border Guide du Rudolfinum : concerts, programme et histoire 52&nbsp;\/&nbsp;5,000 Translation results Translation result star_border Guide du Rudolfinum : concerts, programme et histoire [&hellip;]<\/p>\n","protected":false},"author":6,"featured_media":1888,"parent":892,"menu_order":0,"comment_status":"open","ping_status":"closed","template":"","meta":{"footnotes":""},"categories":[],"tags":[19,23],"class_list":["post-889","page","type-page","status-publish","has-post-thumbnail","hentry","tag-sehenswuerdigkeiten","tag-theater","post-wrapper","thrv_wrapper"],"_links":{"self":[{"href":"https:\/\/praguetouristinformation.com\/fr\/wp-json\/wp\/v2\/pages\/889","targetHints":{"allow":["GET"]}}],"collection":[{"href":"https:\/\/praguetouristinformation.com\/fr\/wp-json\/wp\/v2\/pages"}],"about":[{"href":"https:\/\/praguetouristinformation.com\/fr\/wp-json\/wp\/v2\/types\/page"}],"author":[{"embeddable":true,"href":"https:\/\/praguetouristinformation.com\/fr\/wp-json\/wp\/v2\/users\/6"}],"replies":[{"embeddable":true,"href":"https:\/\/praguetouristinformation.com\/fr\/wp-json\/wp\/v2\/comments?post=889"}],"version-history":[{"count":0,"href":"https:\/\/praguetouristinformation.com\/fr\/wp-json\/wp\/v2\/pages\/889\/revisions"}],"up":[{"embeddable":true,"href":"https:\/\/praguetouristinformation.com\/fr\/wp-json\/wp\/v2\/pages\/892"}],"wp:featuredmedia":[{"embeddable":true,"href":"https:\/\/praguetouristinformation.com\/fr\/wp-json\/wp\/v2\/media\/1888"}],"wp:attachment":[{"href":"https:\/\/praguetouristinformation.com\/fr\/wp-json\/wp\/v2\/media?parent=889"}],"wp:term":[{"taxonomy":"category","embeddable":true,"href":"https:\/\/praguetouristinformation.com\/fr\/wp-json\/wp\/v2\/categories?post=889"},{"taxonomy":"post_tag","embeddable":true,"href":"https:\/\/praguetouristinformation.com\/fr\/wp-json\/wp\/v2\/tags?post=889"}],"curies":[{"name":"wp","href":"https:\/\/api.w.org\/{rel}","templated":true}]}}