{"id":887,"date":"2020-10-19T15:30:45","date_gmt":"2020-10-19T15:30:45","guid":{"rendered":"http:\/\/praguetouristinformation.com\/?page_id=887"},"modified":"2022-12-27T11:47:32","modified_gmt":"2022-12-27T11:47:32","slug":"biere","status":"publish","type":"page","link":"https:\/\/praguetouristinformation.com\/fr\/choses-a-faire\/musees\/biere","title":{"rendered":"Guide du mus\u00e9e de la bi\u00e8re \u00e0 Prague : infos, billets &#038; histoire"},"content":{"rendered":"<h3 id=\"t-1670351988749\">Le mus\u00e9e de la bi\u00e8re \u00e0 Prague n&rsquo;est pas un mus\u00e9e classique au sens traditionnel.<\/h3>\n<p>Si l&rsquo;histoire de <a data-id=\"723\" data-type=\"page\" href=\"https:\/\/praguetouristinformation.com\/fr\/restaurants-prague\/biere-tcheque\" style=\"outline: none;\">la bi\u00e8re tch\u00e8que<\/a> et de l&rsquo;art brassicole y est racont\u00e9e et expos\u00e9e, l&rsquo;accent est mis sur la d\u00e9gustation de ces produits&#8230;<\/p>\n<p>D\u00e9couvrez \u00e0 quoi vous attendre au Mus\u00e9e de la bi\u00e8re de Prague et des informations utiles pour les visiteurs dans ce guide.<\/p>\n<p>\u00c0 votre sant\u00e9! &#8211; Zum Wohl&nbsp;!<\/p>\n<h2 id=\"t-1670351988750\">Que puis-je faire au Mus\u00e9e de la Bi\u00e8re ?<\/h2>\n<p><span><img decoding=\"async\" alt=\"V\u00e9lo de bi\u00e8re, Prague, R\u00e9publique tch\u00e8que\" data-id=\"1337\" width=\"722\" data-init-width=\"1000\" height=\"482\" data-init-height=\"667\" title=\"V\u00e9lo de bi\u00e8re, Prague, R\u00e9publique tch\u00e8que\" loading=\"lazy\" src=\"http:\/\/praguetouristinformation.com\/wp-content\/uploads\/2020\/11\/Beer-Bike.jpg\" data-width=\"722\" data-height=\"482\" data-pin-media=\"http:\/\/praguetouristinformation.com\/wp-content\/uploads\/2021\/03\/Prag_beer_museum_pinterest.jpg\" data-pin-description=\"Der komplette Guide zum Beer Museum in Prag \u27a4 Hier sind alle Informationen zum Eintritt, dem Bier im Museum und der Ausstellung \u2714 Mehr hier ...\" data-pin-url=\"http:\/\/praguetouristinformation.com\/sehenswuerdigkeiten\/museum\/beer?tve=true&amp;tcbf=e8b25a02bb\" data-pinpro-key=\"xfr09eyl6\"><\/span><\/p>\n<p>Une maquette de brasserie montre comment le malt est produit et comment le houblon est transform\u00e9. L&rsquo;histoire de l&rsquo;art du brassage et l&rsquo;importance du brassage pour la R\u00e9publique tch\u00e8que sont pr\u00e9sent\u00e9es de mani\u00e8re vivante dans un environnement authentique et compl\u00e9t\u00e9es par des pr\u00e9sentations vid\u00e9o.<\/p>\n<p>Les visiteurs du mus\u00e9e peuvent remplir eux-m\u00eames une bouteille de bi\u00e8re, l&rsquo;\u00e9tiqueter et l&#8217;emporter chez eux comme <a data-id=\"326\" data-type=\"page\" href=\"https:\/\/praguetouristinformation.com\/fr\/shopping\/souvenirs\" style=\"outline: none;\">souvenir typique de Prague<\/a> .<\/p>\n<p>Bien s\u00fbr, diverses bi\u00e8res tch\u00e8ques peuvent \u00e9galement \u00eatre d\u00e9gust\u00e9es.<\/p>\n<h2 id=\"t-1670351988751\">Entr\u00e9e, billets et visites du mus\u00e9e de la bi\u00e8re<\/h2>\n<ul>\n<li><strong>Horaires d&rsquo;ouverture :<\/strong> Le Mus\u00e9e de la Bi\u00e8re est ouvert toute l&rsquo;ann\u00e9e.<\/li>\n<\/ul>\n<ul>\n<li><strong>Billets :<\/strong> Le billet pour le Mus\u00e9e de la Bi\u00e8re peut \u00eatre achet\u00e9 sur place ou en ligne.<\/li>\n<li><strong>Visites :<\/strong> Des visites du Mus\u00e9e de la Bi\u00e8re ont lieu plusieurs fois par jour. Une <a href=\"http:\/\/beermuseum.cz\/\" target=\"_blank\" style=\"outline: none;\" rel=\"noopener\">visite guid\u00e9e<\/a> dure environ 90 minutes.<\/li>\n<li><strong>Entr\u00e9e : Les <\/strong><a href=\"http:\/\/beermuseum.cz\/\" target=\"_blank\" style=\"outline: none;\" rel=\"noopener\">prix d&rsquo;entr\u00e9e<\/a> exacts peuvent \u00eatre trouv\u00e9s ici.<\/li>\n<\/ul>\n<h2 id=\"t-1670351988752\">Comment se rendre au Mus\u00e9e de la Bi\u00e8re ?<\/h2>\n<p>Le mus\u00e9e de la bi\u00e8re est situ\u00e9 dans une petite ruelle de la <a data-id=\"742\" data-type=\"page\" href=\"https:\/\/praguetouristinformation.com\/fr\/choses-a-faire\/vieille-ville\" style=\"outline: none;\">vieille ville<\/a> \u00e0 l&rsquo; ouest de la <a data-id=\"621\" data-type=\"page\" href=\"https:\/\/praguetouristinformation.com\/fr\/choses-a-faire\/vieille-ville\/place-de-la-vieille-ville\" style=\"outline: none;\">place de la vieille ville. <\/a>Il est facilement accessible en m\u00e9tro ligne A, ligne verte, station Starom\u011bstsk\u00e1, \u00e0 partir de l\u00e0 il y a quelques minutes \u00e0 pied.<\/p>\n<h2 id=\"t-1670351988753\">Histoire du Mus\u00e9e de la Bi\u00e8re<\/h2>\n<p><span><img decoding=\"async\" alt=\"\" data-id=\"3645\" width=\"722\" data-init-width=\"1000\" height=\"482\" data-init-height=\"667\" title=\"Vieux,thermom\u00e8tre,sur,le,r\u00e9servoir,\u00e0,le,vieux,brasserie\" loading=\"lazy\" src=\"http:\/\/praguetouristinformation.com\/wp-content\/uploads\/2022\/12\/beer-museum.jpg\" data-width=\"722\" data-height=\"482\" data-pin-media=\"http:\/\/praguetouristinformation.com\/wp-content\/uploads\/2021\/03\/Prag_beer_museum_pinterest.jpg\" data-pin-description=\"Der komplette Guide zum Beer Museum in Prag \u27a4 Hier sind alle Informationen zum Eintritt, dem Bier im Museum und der Ausstellung \u2714 Mehr hier ...\" data-pin-url=\"http:\/\/praguetouristinformation.com\/sehenswuerdigkeiten\/museum\/beer?tve=true&amp;tcbf=e8b25a02bb\" data-pinpro-key=\"exk4d5hzs\"><\/span><\/p>\n<p>Il est possible que la bi\u00e8re ait \u00e9t\u00e9 brass\u00e9e en R\u00e9publique tch\u00e8que d\u00e8s l&rsquo;\u00e9poque de la migration des peuples, la premi\u00e8re mention de la bi\u00e8re remonte \u00e0 993, lorsque le monast\u00e8re b\u00e9n\u00e9dictin de B\u0159evnov a \u00e9t\u00e9 construit et que les moines ont commenc\u00e9 \u00e0 y brasser de la bi\u00e8re.<\/p>\n<p>Le Mus\u00e9e de la Bi\u00e8re, dans les sous-sols du XIIIe si\u00e8cle, pr\u00e9sente, \u00e0 partir d&rsquo;une maquette de brasserie, la fabrication du malt et la transformation du houblon.L&rsquo;odeur du houblon et du malt est enivrante.<\/p>\n<p>Entre autres choses, l&rsquo;art du brassage vieux de plus de 1000 ans dans le pays et les aspects de la production de bi\u00e8re sont transmis. Comme souvenir typique de Prague, vous pouvez rapporter chez vous une bouteille de bi\u00e8re que vous avez remplie vous-m\u00eame. La chambre d&rsquo;h\u00f4tes se trouve dans une cave vo\u00fbt\u00e9e et d\u00e9gage une atmosph\u00e8re comme il y a 200 ans.<\/p>\n<h2 id=\"t-1670351988754\">Contacter<\/h2>\n<ul>\n<li><strong>Adresse<\/strong> : Husova 7, 110 00 Star\u00e9 Mesto, Prague<\/li>\n<li><strong>Transports publics<\/strong> : M\u00e9tro ligne A, ligne verte, arr\u00eat Starom\u011bstsk\u00e1<\/li>\n<li><strong>Heures d&rsquo;ouverture<\/strong> : Les heures d&rsquo;ouverture exactes peuvent \u00eatre consult\u00e9es sur <a data-id=\"http:\/\/beermuseum.cz\/\" data-type=\"URL\" href=\"http:\/\/beermuseum.cz\/\" target=\"_blank\" style=\"outline: none;\" data-lt-tmp-id=\"lt-324963\" spellcheck=\"false\" rel=\"noopener\">le site Web suivant <\/a><a href=\"http:\/\/beermuseum.cz\/\" target=\"_blank\" rel=\"noopener\">.<\/a><a data-id=\"http:\/\/beermuseum.cz\/\" data-type=\"URL\" href=\"http:\/\/beermuseum.cz\/\" target=\"_blank\" style=\"outline: none;\" data-lt-tmp-id=\"lt-324963\" spellcheck=\"false\" rel=\"noopener\"><\/a><a href=\"http:\/\/beermuseum.cz\/\" target=\"_blank\" rel=\"noopener\"><\/a><\/li>\n<li><strong>Site web<\/strong> : <a href=\"http:\/\/beermuseum.cz\/\" target=\"_blank\" rel=\"noopener\">Mus\u00e9e de la Bi\u00e8re Prag<\/a><\/li>\n<\/ul>\n","protected":false},"excerpt":{"rendered":"<p>Le mus\u00e9e de la bi\u00e8re \u00e0 Prague n&rsquo;est pas un mus\u00e9e classique au sens traditionnel. Si l&rsquo;histoire de la bi\u00e8re tch\u00e8que et de l&rsquo;art brassicole y est racont\u00e9e et expos\u00e9e, l&rsquo;accent est mis sur la d\u00e9gustation de ces produits&#8230; D\u00e9couvrez \u00e0 quoi vous attendre au Mus\u00e9e de la bi\u00e8re de Prague et des informations utiles [&hellip;]<\/p>\n","protected":false},"author":6,"featured_media":1502,"parent":137,"menu_order":0,"comment_status":"open","ping_status":"closed","template":"","meta":{"footnotes":""},"categories":[],"tags":[22,19],"class_list":["post-887","page","type-page","status-publish","has-post-thumbnail","hentry","tag-museum","tag-sehenswuerdigkeiten","post-wrapper","thrv_wrapper"],"_links":{"self":[{"href":"https:\/\/praguetouristinformation.com\/fr\/wp-json\/wp\/v2\/pages\/887","targetHints":{"allow":["GET"]}}],"collection":[{"href":"https:\/\/praguetouristinformation.com\/fr\/wp-json\/wp\/v2\/pages"}],"about":[{"href":"https:\/\/praguetouristinformation.com\/fr\/wp-json\/wp\/v2\/types\/page"}],"author":[{"embeddable":true,"href":"https:\/\/praguetouristinformation.com\/fr\/wp-json\/wp\/v2\/users\/6"}],"replies":[{"embeddable":true,"href":"https:\/\/praguetouristinformation.com\/fr\/wp-json\/wp\/v2\/comments?post=887"}],"version-history":[{"count":0,"href":"https:\/\/praguetouristinformation.com\/fr\/wp-json\/wp\/v2\/pages\/887\/revisions"}],"up":[{"embeddable":true,"href":"https:\/\/praguetouristinformation.com\/fr\/wp-json\/wp\/v2\/pages\/137"}],"wp:featuredmedia":[{"embeddable":true,"href":"https:\/\/praguetouristinformation.com\/fr\/wp-json\/wp\/v2\/media\/1502"}],"wp:attachment":[{"href":"https:\/\/praguetouristinformation.com\/fr\/wp-json\/wp\/v2\/media?parent=887"}],"wp:term":[{"taxonomy":"category","embeddable":true,"href":"https:\/\/praguetouristinformation.com\/fr\/wp-json\/wp\/v2\/categories?post=887"},{"taxonomy":"post_tag","embeddable":true,"href":"https:\/\/praguetouristinformation.com\/fr\/wp-json\/wp\/v2\/tags?post=887"}],"curies":[{"name":"wp","href":"https:\/\/api.w.org\/{rel}","templated":true}]}}