{"id":86,"date":"2020-08-15T20:14:53","date_gmt":"2020-08-15T20:14:53","guid":{"rendered":"http:\/\/praguetouristinformation.com\/?page_id=86"},"modified":"2025-08-07T09:19:10","modified_gmt":"2025-08-07T09:19:10","slug":"vaclav-havel-aeroport","status":"publish","type":"page","link":"https:\/\/praguetouristinformation.com\/fr\/plan\/arrivee\/vaclav-havel-aeroport","title":{"rendered":"A\u00e9roport V\u00e1clav Havel Prague [PRG] : Guide complet avec vols, h\u00f4tels et transferts"},"content":{"rendered":"<h3 id=\"t-1670345529231\">L&rsquo;a\u00e9roport de V\u00e1clav-Havel est l&rsquo;a\u00e9roport international de Prague. Il est situ\u00e9 \u00e0 environ 15 kilom\u00e8tres \u00e0 l&rsquo;ouest du centre-ville et appartient \u00e0 l&rsquo;\u00c9tat tch\u00e8que.<\/h3>\n<p>L&rsquo;a\u00e9roport porte le nom de V\u00e1clav Havel, le premier pr\u00e9sident de la R\u00e9publique tch\u00e8que. Environ 18 millions de passagers ont \u00e9t\u00e9 trait\u00e9s en 2019.<\/p>\n<p>L&rsquo;a\u00e9roport dispose de trois pistes, dont une ferm\u00e9e et utilis\u00e9e comme aire de stationnement pour les avions.<\/p>\n<p>Dans ce guide, vous trouverez toutes les informations importantes sur A\u00e9roport <strong>V\u00e1clav Havel <\/strong><strong>&nbsp;[PRG],<\/strong> telles que les vols, les h\u00f4tels, les transferts et bien plus encore&#8230;<\/p>\n<h2 style=\"\">Prague Visitor Pass<\/h2>\n<p data-pm-slice=\"1 1 []\" style=\"\">Le Prague Visitor Pass vous donne acc\u00e8s aux principales attractions, mus\u00e9es et aux transports publics de la ville \u2013 id\u00e9al pour d\u00e9couvrir Prague en toute flexibilit\u00e9 et efficacit\u00e9.<\/p>\n<p style=\"\">Utilisez notre code de r\u00e9duction exclusif <strong>pragueti5<\/strong> pour b\u00e9n\u00e9ficier de <strong>5 % de remise !<\/strong><\/p>\n<p>__CONFIG_colors_palette__{\u00ab\u00a0active_palette\u00a0\u00bb:0,\u00a0\u00bbconfig\u00a0\u00bb:{\u00ab\u00a0colors\u00a0\u00bb:{\u00ab\u00a0110d6\u00a0\u00bb:{\u00ab\u00a0name\u00a0\u00bb:\u00a0\u00bbMain Accent\u00a0\u00bb,\u00a0\u00bbparent\u00a0\u00bb:-1}},\u00a0\u00bbgradients\u00a0\u00bb:[]},\u00a0\u00bbpalettes\u00a0\u00bb:[{\u00ab\u00a0name\u00a0\u00bb:\u00a0\u00bbDefault Palette\u00a0\u00bb,\u00a0\u00bbvalue\u00a0\u00bb:{\u00ab\u00a0colors\u00a0\u00bb:{\u00ab\u00a0110d6\u00a0\u00bb:{\u00ab\u00a0val\u00a0\u00bb:\u00a0\u00bbvar(e8c68)\u00a0\u00bb}},\u00a0\u00bbgradients\u00a0\u00bb:[]},\u00a0\u00bboriginal\u00a0\u00bb:{\u00ab\u00a0colors\u00a0\u00bb:{\u00ab\u00a0110d6\u00a0\u00bb:{\u00ab\u00a0val\u00a0\u00bb:\u00a0\u00bbrgb(19, 114, 211)\u00a0\u00bb,\u00a0\u00bbhsl\u00a0\u00bb:{\u00ab\u00a0h\u00a0\u00bb:210,\u00a0\u00bbs\u00a0\u00bb:0.83,\u00a0\u00bbl\u00a0\u00bb:0.45}}},\u00a0\u00bbgradients\u00a0\u00bb:[]}}]}__CONFIG_colors_palette__ <a href=\"https:\/\/praguevisitorpass.eu\/?lang=fr-fr\" style=\"font-size: var(--tve-font-size, 14px) !important;\" target=\"_blank\" rel=\"noopener\"><span style=\"\">    <\/span> <span style=\"\"><span>Plus d\u2019infos<\/span><\/span> <\/a>  <\/p>\n<h2 id=\"t-1670345529232\">Arriv\u00e9e et d\u00e9part \u00e0 l&rsquo;a\u00e9roport V\u00e1clav-Havel de Prague<\/h2>\n<p><span><img decoding=\"async\" alt=\"\" data-id=\"3629\" width=\"886\" data-init-width=\"1000\" height=\"591\" data-init-height=\"667\" title=\"Femme,regarde,sur,le,tableau de bord,sur,l'a\u00e9roport.,S\u00e9lectionner,A\" loading=\"lazy\" src=\"http:\/\/praguetouristinformation.com\/wp-content\/uploads\/2022\/12\/prague-airport1.jpg\" data-width=\"886\" data-height=\"591\" data-pinpro-key=\"qktozdpb8\" style=\"aspect-ratio: auto 1000 \/ 667;\"><\/span><\/p>\n<ul>\n<li><strong>Heures d&rsquo;arriv\u00e9e &#8211; Arriv\u00e9es :<\/strong> Les <a data-id=\"https:\/\/www.pragueairport.co.uk\/de\/ankunft-und-abflug-online\/\" data-type=\"URL\" href=\"https:\/\/www.pragueairport.co.uk\/de\/ankunft-und-abflug-online\/\" target=\"_blank\" style=\"outline: none;\" rel=\"noopener\">heures d&rsquo;arriv\u00e9e actuelles<\/a> et les terminaux peuvent \u00eatre trouv\u00e9s ici.<a data-id=\"https:\/\/www.pragueairport.co.uk\/de\/ankunft-und-abflug-online\/\" data-type=\"URL\" href=\"https:\/\/www.pragueairport.co.uk\/de\/ankunft-und-abflug-online\/\" target=\"_blank\" style=\"outline: none;\" rel=\"noopener\"><\/a><\/li>\n<li><strong>Heures de d\u00e9part :<\/strong> Les <a data-id=\"https:\/\/www.pragueairport.co.uk\/de\/ankunft-und-abflug-online\/\" data-type=\"URL\" href=\"https:\/\/www.pragueairport.co.uk\/de\/ankunft-und-abflug-online\/\" target=\"_blank\" style=\"outline: none;\" rel=\"noopener\">heures de d\u00e9part<\/a> et les terminaux actuels peuvent \u00eatre trouv\u00e9s ici.<\/li>\n<\/ul>\n<h2 id=\"t-1670345529233\">Vols \u00e0 destination de V\u00e1clav-Havel Prague<\/h2>\n<p>L&rsquo;a\u00e9roport de V\u00e1clav-Havel est l&rsquo;a\u00e9roport d&rsquo;attache et le hub de Czech Airlines. Au total, 20 compagnies a\u00e9riennes desservent 100 destinations dans le monde. La plupart des destinations sont desservies par Condor aux c\u00f4t\u00e9s de Czech Airlines.<\/p>\n<ul>\n<li><strong>Compagnies a\u00e9riennes \u00e0 l&rsquo;a\u00e9roport :<\/strong> Les compagnies a\u00e9riennes sont r\u00e9parties sur les deux terminaux, le troisi\u00e8me est utilis\u00e9 pour les vols gouvernementaux. Tous les vols \u00e0 destination ou en provenance de pays hors Schengen sont trait\u00e9s dans le Terminal 1. Tous les vols \u00e0 destination et en provenance de l&rsquo;espace Schengen sont trait\u00e9s dans le Terminal 2. L&rsquo;a\u00e9roport de Prague est une plaque tournante importante pour Czech Airlines. De plus, Aeroflot, Smart Wings, ABS Jet, Air France, Alitalia, British Airways, Delta, Germanwings KLM, Lufthansa Swiss et Turkish Airlines, entre autres, volent depuis V\u00e1clav-Havel.<\/li>\n<li><strong>Liaisons a\u00e9riennes :<\/strong> En plus des liaisons nationales vers diverses villes de la R\u00e9publique tch\u00e8que, des vols internationaux en Europe et des liaisons intercontinentales en Afrique, en Asie et en Am\u00e9rique du Nord sont desservis depuis V\u00e1clav-Havel. Cependant, la majeure partie du volume de passagers est attribuable aux liaisons intra-europ\u00e9ennes.<\/li>\n<\/ul>\n<h2 id=\"t-1670345529234\">transfert de l&rsquo;a\u00e9roport<\/h2>\n<ul>\n<li><strong>Voiture<\/strong> : L&rsquo;a\u00e9roport de V\u00e1clav-Havel est situ\u00e9 \u00e0 l&rsquo;ouest de Prague. Il est accessible en voiture par l&rsquo;autoroute D7, sortie 30 et l&rsquo;autoroute D6, qui est reli\u00e9e \u00e0 la D7 par un embranchement autoroutier.<\/li>\n<li><strong>Transports en commun<\/strong> : Il n&rsquo;y a pas de connexion directe en m\u00e9tro vers l&rsquo;a\u00e9roport de V\u00e1clav-Havel. Cependant, des liaisons de bus existent \u00e0 partir de 2 stations de m\u00e9tro. <a href=\"#t-1670345529235\" style=\"outline: none;\">Voir la section Transport en commun<\/a> pour plus de d\u00e9tails .<\/li>\n<li><strong>Bus de l&rsquo; a\u00e9roport<\/strong> : Le bus Airport Express circule toutes les 30 minutes depuis la gare principale de Prague pendant la journ\u00e9e. La nuit, l&rsquo;a\u00e9roport est \u00e9galement desservi par la ligne de bus 910 toutes les 30 minutes.<\/li>\n<li><strong>Transfert priv\u00e9<\/strong> : Diverses soci\u00e9t\u00e9s proposent des transferts a\u00e9roport en limousine o\u00f9 le chauffeur vient chercher l&rsquo;invit\u00e9 \u00e0 la porte. Veuillez consulter <a href=\"https:\/\/www.mozartlimousines.com\/en\/\" target=\"_blank\" style=\"outline: none;\" data-lt-tmp-id=\"lt-776248\" spellcheck=\"false\" rel=\"noopener\">les sites Web pertinents pour plus de d\u00e9tails <\/a><a href=\"https:\/\/www.mozartlimousines.com\/en\/\" target=\"_blank\" rel=\"noopener\">.<\/a><a href=\"https:\/\/www.mozartlimousines.com\/en\/\" target=\"_blank\" style=\"outline: none;\" data-lt-tmp-id=\"lt-776248\" spellcheck=\"false\" rel=\"noopener\"><\/a><a href=\"https:\/\/www.mozartlimousines.com\/en\/\" target=\"_blank\" rel=\"noopener\"><\/a><\/li>\n<li><strong>Taxis<\/strong> : Les chauffeurs de taxi \u00e0 Prague ont une tr\u00e8s mauvaise r\u00e9putation, et ce n&rsquo;est pas sans raison. Beaucoup prennent un tarif trop \u00e9lev\u00e9 ou empruntent un itin\u00e9raire beaucoup trop long. Il est important de s&rsquo;assurer que vous n&#8217;embarquez qu&rsquo;\u00e0 bord d&rsquo;un v\u00e9hicule immatricul\u00e9 dont le panneau \u00ab\u00a0Taxi\u00a0\u00bb est clairement affich\u00e9 sur le toit. Obtenez de l&rsquo;aide pour commander un taxi ou utilisez un outil en ligne tel que www.prague-airporttransfers.co.uk Le tarif de base pour <a data-id=\"89\" data-type=\"page\" href=\"https:\/\/praguetouristinformation.com\/fr\/plan\/arrivee\/taxi\" style=\"outline: none;\">les taxis de Prague<\/a>est de 60 CZK (env. 2,40 EUR), le prix du kilom\u00e8tre est de 36 CZK (env. 1,45 EUR), les frais d&rsquo;attente et d&#8217;embouteillages sont de 7 CZK par minute (env. 0,28 EUR). Un trajet de l&rsquo;a\u00e9roport au centre de Prague co\u00fbte environ 700 couronnes tch\u00e8ques (environ 28 euros), selon le trafic.<\/li>\n<li><strong>Louer un bus \u00e0 l&rsquo;a\u00e9roport<\/strong> : Nous nous ferons un plaisir de vous aider \u00e0 louer des bus pour toutes les occasions, que ce soit pour des voyages de groupe, des sorties d&rsquo;entreprise, des voyages scolaires, des \u00e9v\u00e9nements ou tout autre chose.<\/li>\n<\/ul>\n<h2 id=\"t-1670345529235\">Transport public<\/h2>\n<p><span><img decoding=\"async\" alt=\"\" data-id=\"3635\" width=\"690\" data-init-width=\"1000\" height=\"460\" data-init-height=\"667\" title=\"Jeune,Femme,Main,Inserts,Le,Bus,Ticket,Dans,Le,Validator,\" loading=\"lazy\" src=\"http:\/\/praguetouristinformation.com\/wp-content\/uploads\/2022\/12\/prague-public-Transport.jpg\" data-width=\"690\" data-height=\"460\" data-pinpro-key=\"f05r02knc\" style=\"aspect-ratio: auto 1000 \/ 667;\"><\/span><\/p>\n<ul>\n<li><strong>S-Bahn<\/strong> : Il n&rsquo;y a actuellement aucune connexion S-Bahn vers l&rsquo;a\u00e9roport de Prague. Depuis la station de m\u00e9tro N\u00e1dra\u017e\u00ed Veleslav\u00edn sur la ligne A, la ligne de bus n\u00b0 119 dessert l&rsquo;a\u00e9roport toutes les 5 \u00e0 10 minutes pendant la journ\u00e9e. Depuis la station de m\u00e9tro Zli\u010d\u00edn, terminus de la ligne B, la ligne de bus n\u00b0 100 dessert l&rsquo;a\u00e9roport de Prague. Le temps de trajet depuis les stations de m\u00e9tro est d&rsquo;environ 30 minutes.<\/li>\n<li><strong>Bus de l&rsquo; a\u00e9roport<\/strong> : Le bus Airport Express circule toutes les 30 minutes depuis la gare principale de Prague pendant la journ\u00e9e. La nuit, l&rsquo;a\u00e9roport est \u00e9galement desservi par la ligne de bus 910 toutes les 30 minutes.<\/li>\n<\/ul>\n<h2 id=\"t-1670345529236\">Taxi et Uber<\/h2>\n<h3><strong>Taxi<\/strong> :&nbsp;<\/h3>\n<p tve-droppable\"\"=\"\">Les tarifs normaux des taxis sont fix\u00e9s par l&rsquo;\u00c9tat en R\u00e9publique tch\u00e8que, le plus r\u00e9cemment en f\u00e9vrier 2020.<\/p>\n<p>Le tarif de base pour les taxis \u00e0 Prague est de 60 CZK (environ 2,40 EUR), le prix au kilom\u00e8tre est de 36 CZK (environ 1,45 EUR), le tarif pour l&rsquo;attente et les embouteillages est de 7 CZK par minute (environ 0,28 euro).<\/p>\n<p>Un trajet de l&rsquo;a\u00e9roport au centre de Prague co\u00fbte environ 700-800 CZK, selon le trafic.<\/p>\n<p>Les chauffeurs de taxi \u00e0 Prague ont une tr\u00e8s mauvaise r\u00e9putation, malheureusement pas sans raison. Beaucoup facturent un prix plus \u00e9lev\u00e9 ou parcourent une distance beaucoup trop longue.<\/p>\n<p>Pour \u00e9viter une exp\u00e9rience d\u00e9sagr\u00e9able, il est conseill\u00e9 \u00e0 tous les voyageurs d&rsquo;utiliser les <strong>transferts de l&rsquo;a\u00e9roport de Prague<\/strong> , qui exploite son propre service de taxi \u00e0 prix fixe. Vous pouvez r\u00e9server votre taxi \u00e0 l&rsquo;avance en utilisant l&rsquo;outil en ligne www.prague-airporttransfers.co.uk ou en <a href=\"mailto:info@prague-airport-transfers.co.uk\" style=\"outline: none;\">envoyant un e-mail \u00e0 info@prague-airport-transfers.co.uk<\/a> ou en appelant l&rsquo;op\u00e9rateur au +420 222 554 211 contact.<\/p>\n<ul>\n<li><strong>F\u0130X TAX\u0130<\/strong> sont des taxis blancs avec compteur situ\u00e9s devant l&rsquo;a\u00e9roport, devant le Terminal 1 \u00e0 la sortie D, devant le Terminal 2 \u00e0 la sortie E. La soci\u00e9t\u00e9 propose des services de taxi avec des tarifs garantis. <strong>Des informations sur les prix<\/strong> sont disponibles au comptoir de r\u00e9servation de taxis situ\u00e9 dans les halls des arriv\u00e9es des terminaux 1 et 2. La soci\u00e9t\u00e9 est joignable par t\u00e9l\u00e9phone au +420 722 555 525 ou par e-mail \u00e0 <a href=\"mailto:dispecink@fix-taxi.cz\" style=\"outline: none;\">dispecink@fix-taxi.cz<\/a> &nbsp;.<\/li>\n<li><strong>Taxi Praha<\/strong> sont des taxis blancs avec compteur qui se trouvent \u00e9galement devant l&rsquo;a\u00e9roport, devant le Terminal 1 \u00e0 la sortie D, devant le Terminal 2 \u00e0 la sortie E. Ils portent le nom de TickTack. La soci\u00e9t\u00e9 propose un service de taxi \u00e0 des tarifs garantis. <strong>Des informations sur les prix<\/strong> sont disponibles au comptoir de r\u00e9servation de taxis situ\u00e9 dans les halls des arriv\u00e9es des terminaux 1 et 2. La soci\u00e9t\u00e9 est joignable par t\u00e9l\u00e9phone au +420 220 414 414 ou par e-mail \u00e0 <a href=\"mailto:info@taxi14007.cz\">info@taxi14007.cz<\/a><\/li>\n<\/ul>\n<h3 id=\"t-1670345529237\"><strong>Uber<\/strong> \u00e0 l&rsquo;a\u00e9roport :<\/h3>\n<p>La soci\u00e9t\u00e9 UBER a son si\u00e8ge social \u00e0 San Francisco, aux \u00c9tats-Unis. C&rsquo;est une soci\u00e9t\u00e9 de services am\u00e9ricaine qui fournit des services de transport en ligne dans de nombreuses villes du monde.<\/p>\n<p>Une fois l&rsquo;application t\u00e9l\u00e9charg\u00e9e sur votre t\u00e9l\u00e9phone, vous pouvez commencer \u00e0 utiliser les services UBER. Lorsque vous commandez un UBER, le prix de l&rsquo;itin\u00e9raire souhait\u00e9 vous est indiqu\u00e9. Le paiement s&rsquo;effectue par carte bancaire, carte euro, PayPal ou Google Play.<\/p>\n<h2 id=\"t-1670345529238\">salon de l&rsquo;a\u00e9roport<\/h2>\n<p><span><img decoding=\"async\" alt=\"\" data-id=\"3636\" width=\"690\" data-init-width=\"1000\" height=\"393\" data-init-height=\"569\" title=\"Prague,A\u00e9roport\" loading=\"lazy\" src=\"http:\/\/praguetouristinformation.com\/wp-content\/uploads\/2022\/12\/inside-prague-airport.jpg\" data-width=\"690\" data-height=\"393\" data-pinpro-key=\"70f5n8tog\" style=\"aspect-ratio: auto 1000 \/ 569;\"><\/span><\/p>\n<p>Il y a un total de 3 salons diff\u00e9rents au V\u00e1clav-Havel Prague, qui proposent tous des boissons chaudes et froides et des collations. Pour tous les salons, les passagers Economy peuvent acheter une autorisation d&rsquo;acc\u00e8s directement \u00e0 l&rsquo;entr\u00e9e du salon concern\u00e9 moyennant des frais suppl\u00e9mentaires.<\/p>\n<ul>\n<li><strong>Salon First Premier<\/strong> : Le salon est situ\u00e9 dans le Terminal 2 apr\u00e8s le contr\u00f4le de s\u00e9curit\u00e9 et est destin\u00e9 aux voyageurs de l&rsquo;espace Schengen. Il est ouvert tous les jours de 05h00 \u00e0 22h00.<\/li>\n<li><strong>Salon Raiffeisenbank<\/strong> : Le salon est situ\u00e9 au Terminal 2 devant le contr\u00f4le de s\u00e9curit\u00e9 au 2\u00e8me \u00e9tage et est destin\u00e9 aux voyageurs de l&rsquo;espace Schengen. L&rsquo;acc\u00e8s se fait par la cage d&rsquo;escalier recouverte de moquette rouge.<\/li>\n<li><strong>Salon Mastercard<\/strong> : Le salon est situ\u00e9 dans le Terminal 1 apr\u00e8s le contr\u00f4le de s\u00e9curit\u00e9 pr\u00e8s du Quai B au 2\u00e8me \u00e9tage et est destin\u00e9 aux voyageurs non-Schengen. Il est ouvert tous les jours de 05h00 \u00e0 22h00.<\/li>\n<\/ul>\n<h2 id=\"t-1670345529239\">Shopping, boutiques et duty free<\/h2>\n<p>Les magasins de l&rsquo;a\u00e9roport de V\u00e1clav-Havel sont g\u00e9n\u00e9ralement ouverts du lundi au dimanche, la plupart d&rsquo;entre eux de 6h00 \u00e0 22h00. Il y a environ 40 magasins, dont des parfumeries, des bijouteries, des marchands de journaux, des librairies et des boutiques.<\/p>\n<p>Apr\u00e8s le contr\u00f4le des passeports, les boutiques hors taxes classiques attendent le voyageur. Environ 70 magasins proposent leurs produits, des parfums aux v\u00eatements de luxe et de marque, en passant par l&rsquo;alcool et les cadeaux.<\/p>\n<p>Les restaurants de l&rsquo;a\u00e9roport proposent des plats europ\u00e9ens classiques et quelques plats traditionnels tch\u00e8ques. La plupart sont ouverts entre 07h00 et 21h30, le grand restaurant self-service est m\u00eame ouvert 24h\/24.<\/p>\n<h2 id=\"t-1670345529240\">voiture de location<\/h2>\n<p>De nombreuses grandes soci\u00e9t\u00e9s de location de voitures ont des succursales \u00e0 V\u00e1clav-Havel Prague, notamment Hertz, Avis et Europcar. Il existe \u00e9galement des soci\u00e9t\u00e9s locales de location de voitures.<\/p>\n<p>Bien s\u00fbr, vous pouvez \u00e9galement louer une voiture en ligne \u00e0 l&rsquo;avance, et le v\u00e9hicule sera alors disponible \u00e0 votre arriv\u00e9e.<\/p>\n<h2 id=\"t-1670345529241\">Parking de l&rsquo;a\u00e9roport<\/h2>\n<ul>\n<li><strong>Places de parking<\/strong> : Les passagers \u00e0 l&rsquo;arriv\u00e9e et au d\u00e9part disposent d&rsquo;un total de 3 000 places de stationnement payantes dans des parkings \u00e0 \u00e9tages et des parkings \u00e0 ciel ouvert \u00e0 proximit\u00e9 imm\u00e9diate des terminaux, dont environ les deux tiers peuvent \u00e9galement \u00eatre lou\u00e9es pour de plus longues p\u00e9riodes. Les aires de stationnement PA, PC et PB sont \u00e0 distance de marche des terminaux, PC est plus proche du Terminal 1 et PA est plus proche du Terminal 2. Le stationnement de courte dur\u00e9e est situ\u00e9 directement en face du Terminal 1 et du Terminal 2 et est gratuit <a data-id=\"95\" data-type=\"page\" href=\"https:\/\/praguetouristinformation.com\/fr\/plan\/arrivee\/stationnement\" style=\"outline: none;\">pour<\/a> 15 minutes. Il y a aussi l&rsquo;all\u00e9e du terminal avec une zone d&rsquo;entr\u00e9e et de sortie.<\/li>\n<li><strong>R\u00e9server une place de parking en ligne<\/strong> : Vous pouvez bien s\u00fbr r\u00e9server votre place de parking en ligne \u00e0 l&rsquo;avance. Pour cela, rendez-vous sur le <a data-id=\"https:\/\/www.prg.aero\/en\/airport-parking\" data-type=\"URL\" href=\"https:\/\/www.prg.aero\/en\/airport-parking\" target=\"_blank\" rel=\"noopener\">site Prg.aero<\/a> .<\/li>\n<\/ul>\n<h2 id=\"t-1670345529242\">h\u00f4tels d&rsquo;a\u00e9roport<\/h2>\n<p><span><img decoding=\"async\" alt=\"\" data-id=\"3625\" width=\"690\" data-init-width=\"1000\" height=\"459\" data-init-height=\"665\" title=\"Prague,A\u00e9roport,Main,Gare,Entr\u00e9e,,Vaclav,Havel,A\u00e9roport,Prague,-\" loading=\"lazy\" src=\"http:\/\/praguetouristinformation.com\/wp-content\/uploads\/2022\/12\/prague-airport.jpg\" data-width=\"690\" data-height=\"459\" data-pinpro-key=\"b1hil3ay1\" style=\"aspect-ratio: auto 1000 \/ 665;\"><\/span><\/p>\n<p>Ces h\u00f4tels sont facilement accessibles \u00e0 pied depuis l&rsquo;a\u00e9roport V\u00e1clav Havel de Prague et constituent un bon choix pour les clients arrivant tard ou partant t\u00f4t.<\/p>\n<ul>\n<li><strong>Courtyard by Marriot Prague Airport<\/strong> : L&rsquo;h\u00f4tel d&rsquo;affaires contemporain Courtyard by Marriot Prague Airport est situ\u00e9 juste en face du Terminal 1 et est accessible depuis le Terminal 2 par un passage couvert. En plus d&rsquo;une salle de fitness, l&rsquo;h\u00f4tel moderne propose \u00e9galement un centre d&rsquo;affaires enti\u00e8rement \u00e9quip\u00e9, un bistrot et un bar.<\/li>\n<li><strong>Holiday Inn PRAGUE Airport<\/strong> : L&rsquo;h\u00f4tel moderne <a data-id=\"19\" data-type=\"page\" href=\"https:\/\/praguetouristinformation.com\/fr\/hotel\/4-etoiles\" style=\"outline: none;\">4 \u00e9toiles<\/a> Holiday Inn Prague Airport est situ\u00e9 \u00e0 seulement 300 m\u00e8tres des terminaux 1 et 2 et peut \u00eatre appel\u00e9 directement \u00e0 l&rsquo;aide des t\u00e9l\u00e9phones de l&rsquo;h\u00f4tel dans les terminaux. L&rsquo;h\u00f4tel propose une navette gratuite depuis et vers l&rsquo;a\u00e9roport. Les fen\u00eatres des 70 chambres meubl\u00e9es de fa\u00e7on contemporaine et enti\u00e8rement climatis\u00e9es ne peuvent pas \u00eatre ouvertes. Malgr\u00e9 la proximit\u00e9 de l&rsquo;a\u00e9roport, les logements sont tr\u00e8s calmes gr\u00e2ce \u00e0 la bonne insonorisation. Le restaurant sur place sert une cuisine tch\u00e8que et internationale. Par beau temps, vous pourrez manger dans le jardin d&rsquo;\u00e9t\u00e9.<\/li>\n<li><strong>H\u00f4tel Ramada<\/strong> : L&rsquo;H\u00f4tel Ramada 4 \u00e9toiles moderne est situ\u00e9 pr\u00e8s du Terminal 3 et peut \u00eatre appel\u00e9 directement \u00e0 partir d&rsquo;un t\u00e9l\u00e9phone d&rsquo;h\u00f4tel dans le Terminal 1. La distance aux terminaux 1 et 2 est d&rsquo;environ 2 kilom\u00e8tres. En plus d&rsquo;un centre d&rsquo;affaires enti\u00e8rement \u00e9quip\u00e9, l&rsquo;h\u00f4tel propose \u00e9galement des salles de conf\u00e9rence.<\/li>\n<\/ul>\n<p>Il existe \u00e9galement de nombreux prestataires bon march\u00e9 tels que des chambres d&rsquo;h\u00f4tes ou divers petits h\u00f4tels, parfois familiaux, \u00e0 proximit\u00e9.<\/p>\n<h2 id=\"t-1670345529243\">Salles de s\u00e9minaires et h\u00f4tels de conf\u00e9rence<\/h2>\n<p>Nous nous ferons un plaisir de vous aider \u00e0 louer des salles de s\u00e9minaire pour vos \u00e9v\u00e9nements ou \u00e0 choisir un h\u00f4tel de conf\u00e9rence r\u00e9pondant exactement \u00e0 vos attentes et exigences.<\/p>\n<h2 id=\"t-1670345529244\">WLAN am Flughafen V\u00e1clav Havel Prague &nbsp;<\/h2>\n<p>Toutes les zones des terminaux 1 et 2 disposent de points d&rsquo;acc\u00e8s Wi-Fi gratuits.<\/p>\n<h2 id=\"t-1670345529245\">Adresse et informations g\u00e9n\u00e9rales<\/h2>\n<ul>\n<li>V\u00e1clav-Havel Flughafen Prag, A\u00e9roport de Prague, as, K Leti\u0161ti 6\/1019, 160 08 Prague 6<\/li>\n<li>T\u00e9l\u00e9phone : +420 220 111 888<\/li>\n<li>Code AITA : PRG<\/li>\n<li>OACI : LKPR<\/li>\n<li>Site internet : <a href=\"https:\/\/www.prg.aero\/de\" style=\"outline: none;\" data-lt-tmp-id=\"lt-521072\" spellcheck=\"false\" target=\"_blank\" rel=\"noopener\">A\u00e9roport V\u00e1clav-Havel de Prague<\/a><a href=\"https:\/\/www.prg.aero\/de\" style=\"outline: none;\" data-lt-tmp-id=\"lt-521072\" spellcheck=\"false\" target=\"_blank\" rel=\"noopener\"><\/a><\/li>\n<li>Betreiber&nbsp;: A\u00e9roport de Prague, a. s<\/li>\n<\/ul>\n","protected":false},"excerpt":{"rendered":"<p>L&rsquo;a\u00e9roport de V\u00e1clav-Havel est l&rsquo;a\u00e9roport international de Prague. Il est situ\u00e9 \u00e0 environ 15 kilom\u00e8tres \u00e0 l&rsquo;ouest du centre-ville et appartient \u00e0 l&rsquo;\u00c9tat tch\u00e8que. L&rsquo;a\u00e9roport porte le nom de V\u00e1clav Havel, le premier pr\u00e9sident de la R\u00e9publique tch\u00e8que. Environ 18 millions de passagers ont \u00e9t\u00e9 trait\u00e9s en 2019. L&rsquo;a\u00e9roport dispose de trois pistes, dont une [&hellip;]<\/p>\n","protected":false},"author":6,"featured_media":2404,"parent":769,"menu_order":0,"comment_status":"open","ping_status":"closed","template":"","meta":{"footnotes":""},"categories":[],"tags":[32,33],"class_list":["post-86","page","type-page","status-publish","has-post-thumbnail","hentry","tag-planung","tag-verkehr","post-wrapper","thrv_wrapper"],"_links":{"self":[{"href":"https:\/\/praguetouristinformation.com\/fr\/wp-json\/wp\/v2\/pages\/86","targetHints":{"allow":["GET"]}}],"collection":[{"href":"https:\/\/praguetouristinformation.com\/fr\/wp-json\/wp\/v2\/pages"}],"about":[{"href":"https:\/\/praguetouristinformation.com\/fr\/wp-json\/wp\/v2\/types\/page"}],"author":[{"embeddable":true,"href":"https:\/\/praguetouristinformation.com\/fr\/wp-json\/wp\/v2\/users\/6"}],"replies":[{"embeddable":true,"href":"https:\/\/praguetouristinformation.com\/fr\/wp-json\/wp\/v2\/comments?post=86"}],"version-history":[{"count":2,"href":"https:\/\/praguetouristinformation.com\/fr\/wp-json\/wp\/v2\/pages\/86\/revisions"}],"predecessor-version":[{"id":4978,"href":"https:\/\/praguetouristinformation.com\/fr\/wp-json\/wp\/v2\/pages\/86\/revisions\/4978"}],"up":[{"embeddable":true,"href":"https:\/\/praguetouristinformation.com\/fr\/wp-json\/wp\/v2\/pages\/769"}],"wp:featuredmedia":[{"embeddable":true,"href":"https:\/\/praguetouristinformation.com\/fr\/wp-json\/wp\/v2\/media\/2404"}],"wp:attachment":[{"href":"https:\/\/praguetouristinformation.com\/fr\/wp-json\/wp\/v2\/media?parent=86"}],"wp:term":[{"taxonomy":"category","embeddable":true,"href":"https:\/\/praguetouristinformation.com\/fr\/wp-json\/wp\/v2\/categories?post=86"},{"taxonomy":"post_tag","embeddable":true,"href":"https:\/\/praguetouristinformation.com\/fr\/wp-json\/wp\/v2\/tags?post=86"}],"curies":[{"name":"wp","href":"https:\/\/api.w.org\/{rel}","templated":true}]}}