{"id":836,"date":"2020-10-19T11:55:07","date_gmt":"2020-10-19T11:55:07","guid":{"rendered":"http:\/\/praguetouristinformation.com\/?page_id=836"},"modified":"2023-05-04T12:43:47","modified_gmt":"2023-05-04T12:43:47","slug":"tour-d-observation-de-petrin","status":"publish","type":"page","link":"https:\/\/praguetouristinformation.com\/fr\/choses-a-faire\/petrin\/tour-d-observation-de-petrin","title":{"rendered":"Guide de la tour d\u2019observation de Petrin\u00a0: Comment s\u2019y rendre, sites et billets"},"content":{"rendered":"<h3 id=\"t-1670488685278\">La tour d&rsquo;observation Petrin de 63,5 m\u00e8tres de haut est l&rsquo;un des plus beaux points de vue de Prague<a data-id=\"713\" data-type=\"page\" href=\"http:\/\/praguetouristinformation.com\/sehenswuerdigkeiten\/aussichtspunkte\" style=\"outline: none;\"><\/a>.<\/h3>\n<p>Elle est situ\u00e9e sur la colline du m\u00eame nom et s&rsquo;inspire de la Tour Eiffel \u00e0 Paris.&nbsp;<\/p>\n<p>Dans ce guide complet de la tour de guet de Petrin, vous apprendrez tout sur les sites touristiques, l&rsquo;histoire, des informations utiles sur la fa\u00e7on de s&rsquo;y rendre et les billets.<\/p>\n<h2 id=\"t-1670488685279\">Que puis-je faire dans la tour de guet de Petrin ?<\/h2>\n<p><span><img decoding=\"async\" alt=\"Que puis-je faire dans la tour de guet de Petrin\" data-id=\"1597\" width=\"702\" data-init-width=\"1000\" height=\"468\" data-init-height=\"667\" title=\"Que puis-je faire dans la tour de guet de Petrin\" loading=\"lazy\" src=\"http:\/\/praguetouristinformation.com\/wp-content\/uploads\/2020\/11\/Was-kann-ich-im-Aussichtsturm-Petrin-machen.jpg\" data-width=\"702\" data-height=\"468\" data-pin-media=\"http:\/\/praguetouristinformation.com\/wp-content\/uploads\/2021\/02\/28-1.jpg\" data-pin-description=\"Aussichtsturm Petrin: Anfahrt, Attraktionen &amp; Tickets - 2022\" data-pin-url=\"https:\/\/praguetouristinformation.com\/fr\/choses-a-faire\/petrin\/tour-d-observation-de-petrin?tve=true&amp;tcbf=4acad60f38\" data-pinpro-key=\"2u111j8la\"><\/span><\/p>\n<p>Point de vue le plus <a data-id=\"713\" data-type=\"page\" href=\"https:\/\/praguetouristinformation.com\/fr\/choses-a-faire\/points-de-vue\" style=\"outline: none;\">\u00e9lev\u00e9 de Prague<\/a> , la tour de guet de Petrin offre un magnifique panorama. Il s&rsquo;\u00e9l\u00e8ve au-dessus de l&rsquo;un <a data-id=\"727\" data-type=\"page\" href=\"https:\/\/praguetouristinformation.com\/fr\/choses-a-faire\/parcs\" style=\"outline: none;\">des plus beaux parcs de Prague<\/a> , parfait pour les pique-niques par beau temps, au sommet de la <strong>colline de Petrin<\/strong> , haute de 318 m\u00e8tres .<\/p>\n<p>Apr\u00e8s 299 marches ou un court trajet en ascenseur, les visiteurs peuvent atteindre le sommet des deux plates- <strong>formes d&rsquo;observation<\/strong> , qui mesure 51 m\u00e8tres de haut. De l\u00e0, vous pourrez profiter d&rsquo;une vue panoramique sur la capitale tch\u00e8que, la rivi\u00e8re Vltava et &#8211; par temps clair &#8211; le paysage voisin de la Boh\u00eame centrale.<\/p>\n<p>Au <strong>rez-de-chauss\u00e9e<\/strong> de la structure en acier, il y a une petite boutique de souvenirs avec des souvenirs typiques de <a data-id=\"326\" data-type=\"page\" href=\"http:\/\/praguetouristinformation.com\/shopping\/souvenirs\" style=\"outline: none;\">Prague<\/a> et une exposition sur le pass\u00e9 de la tour de guet et de la colline.<\/p>\n<p>De plus, les visiteurs peuvent se d\u00e9tendre au <strong>caf\u00e9<\/strong> dans la partie inf\u00e9rieure de la tour d&rsquo;observation avec un caf\u00e9 et un g\u00e2teau.<\/p>\n<h2 id=\"t-1670488685280\" data-alt-text=\"Eintritt, Tickets und F\u00fchrungen\">Entr\u00e9e, billets et visites guid\u00e9es pour la tour de guet de Petrin<\/h2>\n<p><span><img decoding=\"async\" alt=\"Entr\u00e9e, billets et visites guid\u00e9es\" data-id=\"1598\" width=\"702\" data-init-width=\"1000\" height=\"468\" data-init-height=\"667\" title=\"Entr\u00e9e, billets et visites guid\u00e9es pour la tour de guet de Petrin\" loading=\"lazy\" src=\"http:\/\/praguetouristinformation.com\/wp-content\/uploads\/2020\/11\/Eintritt-Tickets-und-Fuehrungen-3.jpg\" data-width=\"702\" data-height=\"468\" data-pin-media=\"http:\/\/praguetouristinformation.com\/wp-content\/uploads\/2021\/02\/28-1.jpg\" data-pin-description=\"Aussichtsturm Petrin: Anfahrt, Attraktionen &amp; Tickets - 2022\" data-pin-url=\"https:\/\/praguetouristinformation.com\/fr\/choses-a-faire\/petrin\/tour-d-observation-de-petrin?tve=true&amp;tcbf=4acad60f38\" data-pinpro-key=\"zion8rs6z\"><\/span><\/p>\n<ul>\n<li><strong>Entr\u00e9e :&nbsp;<\/strong> un aper\u00e7u des prix d&rsquo;entr\u00e9e actuels peut \u00eatre trouv\u00e9 <a href=\"http:\/\/en.muzeumprahy.cz\/opening-hours-and-admission\/\" target=\"_blank\" rel=\"noopener\">ici<\/a> .<\/li>\n<\/ul>\n<ul>\n<li><strong>Billet combin\u00e9 :<\/strong> Un billet combin\u00e9 donnant acc\u00e8s \u00e0 la tour d&rsquo;observation de Petrin et au labyrinthe de miroirs est \u00e9galement disponible.<\/li>\n<\/ul>\n<ul>\n<li><strong>Billet d&rsquo;ascenseur&nbsp;:<\/strong> il y a des frais suppl\u00e9mentaires pour utiliser l&rsquo;ascenseur jusqu&rsquo;\u00e0 la plate-forme d&rsquo;observation.<\/li>\n<\/ul>\n<h2 id=\"t-1670488685281\">Comment se rendre \u00e0 la tour de guet de Petrin ?<\/h2>\n<p><span><img decoding=\"async\" alt=\"Comment se rendre \u00e0 la tour de guet de Petrin\" data-id=\"1599\" width=\"702\" data-init-width=\"1000\" height=\"468\" data-init-height=\"667\" title=\"Comment se rendre \u00e0 la tour de guet de Petrin\" loading=\"lazy\" src=\"http:\/\/praguetouristinformation.com\/wp-content\/uploads\/2020\/11\/Wie-komme-ich-zum-Aussichtsturm-Petrin.jpg\" data-width=\"702\" data-height=\"468\" data-pin-media=\"http:\/\/praguetouristinformation.com\/wp-content\/uploads\/2021\/02\/28-1.jpg\" data-pin-description=\"Aussichtsturm Petrin: Anfahrt, Attraktionen &amp; Tickets - 2022\" data-pin-url=\"https:\/\/praguetouristinformation.com\/fr\/choses-a-faire\/petrin\/tour-d-observation-de-petrin?tve=true&amp;tcbf=4acad60f38\" data-pinpro-key=\"byn2mm5vn\"><\/span><\/p>\n<p>La tour de guet est situ\u00e9e sur <a data-id=\"838\" data-type=\"page\" href=\"https:\/\/praguetouristinformation.com\/fr\/choses-a-faire\/petrin\" style=\"outline: none;\">la colline de Petrin<\/a> dans le quartier de la ville basse de Prague. Le funiculaire est le moyen le plus simple d&rsquo;acc\u00e9der au sommet de la colline.<\/p>\n<p>Pour rejoindre le t\u00e9l\u00e9ph\u00e9rique, prenez le tram ligne 12, 20 ou 22 et descendez \u00e0 la station \u00ab \u00dajezd \u200b\u200b\u00bb. Apr\u00e8s un court trajet en t\u00e9l\u00e9ph\u00e9rique jusqu&rsquo;\u00e0 la station \u00ab\u00a0Pet\u0159\u00edn\u00a0\u00bb, vous \u00eates sur la colline de Petrin.<\/p>\n<ul>\n<li><strong>Astuce :<\/strong> Si vous descendez une station plus t\u00f4t, vous pouvez visiter le restaurant Neboz\u00edzek, qui offre \u00e9galement une vue unique.<\/li>\n<\/ul>\n<p>Alternativement, vous pouvez gravir la colline \u00e0 pied.<\/p>\n<h2 id=\"t-1670488685282\" data-alt-text=\"Geschichte \">Histoire de la tour de guet de Petrin<\/h2>\n<p><span><img decoding=\"async\" alt=\"Histoire de la tour de guet de Petrin\" data-id=\"1600\" width=\"702\" data-init-width=\"1000\" height=\"468\" data-init-height=\"667\" title=\"Histoire de la tour de guet de Petrin\" loading=\"lazy\" src=\"http:\/\/praguetouristinformation.com\/wp-content\/uploads\/2020\/11\/Geschichte-des-Aussichtsturms-Petrin.jpg\" data-width=\"702\" data-height=\"468\" data-pin-media=\"http:\/\/praguetouristinformation.com\/wp-content\/uploads\/2021\/02\/28-1.jpg\" data-pin-description=\"Aussichtsturm Petrin: Anfahrt, Attraktionen &amp; Tickets - 2022\" data-pin-url=\"https:\/\/praguetouristinformation.com\/fr\/choses-a-faire\/petrin\/tour-d-observation-de-petrin?tve=true&amp;tcbf=4acad60f38\" data-pinpro-key=\"27t5l8z1s\"><\/span><\/p>\n<p>L&rsquo;histoire de la tour de guet de Petrin remonte \u00e0 1891. Il a \u00e9t\u00e9 construit par les ing\u00e9nieurs Julius Soucek et Frantiek Pr\u00e1il pour l&rsquo;exposition industrielle de 1891.<\/p>\n<p>Le fait que la tour ressemble \u00e0 la Tour Eiffel \u00e0 Paris est d\u00fb au fait que les membres du Club touristique tch\u00e8que, visitant l&rsquo;Exposition universelle de Paris en 1889, ont \u00e9t\u00e9 tellement enchant\u00e9s par la Tour Eiffel qu&rsquo;ils ont d\u00e9cid\u00e9 de construire une structure similaire. Contrairement \u00e0 la tour Eiffel, le Petrin de 175 tonnes n&rsquo;a pas une section carr\u00e9e mais octogonale.<\/p>\n<p>Apr\u00e8s seulement cinq mois de construction, la tour d&rsquo;observation a \u00e9t\u00e9 officiellement inaugur\u00e9e le 20 ao\u00fbt 1891. Le 1er mai 1953, une antenne de t\u00e9l\u00e9vision est install\u00e9e sur la tour de guet, c&rsquo;est pourquoi elle sert de tour de t\u00e9l\u00e9vision de 1953 \u00e0 1992.<\/p>\n<p>En 1980, la tour a \u00e9t\u00e9 ferm\u00e9e au public en raison de l&rsquo;\u00e9tat dangereux de l&rsquo;escalier en colima\u00e7on et du tube. Ce n&rsquo;est qu&rsquo;en 1991, apr\u00e8s d&rsquo;importants travaux de r\u00e9paration, que la tour de guet a pu \u00eatre rouverte. Depuis lors, c&rsquo;est l&rsquo;un des <a data-id=\"247\" data-type=\"page\" href=\"https:\/\/praguetouristinformation.com\/fr\/choses-a-faire\" style=\"outline: none;\">sites les plus populaires de Prague<\/a> .<\/p>\n<h2 id=\"t-1670488685283\">Contacter<\/h2>\n<ul>\n<li><strong>Adresse :<\/strong> Pet\u0159\u00ednsk\u00e9 sady, 118 00 Prague 1 &#8211; Mal\u00e1 Strana<\/li>\n<li><strong>Transports publics :<\/strong> en tram 12, 20, 22 jusqu&rsquo;\u00e0 la station \u00ab\u00a0\u00dajezd\u00a0\u00bb, puis en t\u00e9l\u00e9ph\u00e9rique jusqu&rsquo;\u00e0 \u00ab\u00a0Pet\u0159\u00edn\u00a0\u00bb<\/li>\n<li><strong>Horaires d&rsquo;ouverture<\/strong> : Vous trouverez les horaires d&rsquo;ouverture actuels sur le <a href=\"http:\/\/en.muzeumprahy.cz\/198-the-petrin-observation-tower\/\" target=\"_blank\" rel=\"noopener\">site Internet<\/a> de la tour .<strong><\/strong><\/li>\n<li><strong>Site Web : <\/strong>&nbsp;<a data-id=\"http:\/\/en.muzeumprahy.cz\/198-the-petrin-observation-tower\/\" data-type=\"URL\" href=\"http:\/\/en.muzeumprahy.cz\/198-the-petrin-observation-tower\/\" target=\"_blank\" style=\"outline: none;\" rel=\"noopener\">Muzeumprahy.cz<\/a><a data-id=\"http:\/\/en.muzeumprahy.cz\/198-the-petrin-observation-tower\/\" data-type=\"URL\" href=\"http:\/\/en.muzeumprahy.cz\/198-the-petrin-observation-tower\/\" target=\"_blank\" style=\"outline: none;\" rel=\"noopener\"><\/a><\/li>\n<\/ul>\n","protected":false},"excerpt":{"rendered":"<p>La tour d&rsquo;observation Petrin de 63,5 m\u00e8tres de haut est l&rsquo;un des plus beaux points de vue de Prague. Elle est situ\u00e9e sur la colline du m\u00eame nom et s&rsquo;inspire de la Tour Eiffel \u00e0 Paris.&nbsp; Dans ce guide complet de la tour de guet de Petrin, vous apprendrez tout sur les sites touristiques, l&rsquo;histoire, [&hellip;]<\/p>\n","protected":false},"author":6,"featured_media":1595,"parent":838,"menu_order":0,"comment_status":"open","ping_status":"closed","template":"","meta":{"footnotes":""},"categories":[],"tags":[19],"class_list":["post-836","page","type-page","status-publish","has-post-thumbnail","hentry","tag-sehenswuerdigkeiten","post-wrapper","thrv_wrapper"],"_links":{"self":[{"href":"https:\/\/praguetouristinformation.com\/fr\/wp-json\/wp\/v2\/pages\/836","targetHints":{"allow":["GET"]}}],"collection":[{"href":"https:\/\/praguetouristinformation.com\/fr\/wp-json\/wp\/v2\/pages"}],"about":[{"href":"https:\/\/praguetouristinformation.com\/fr\/wp-json\/wp\/v2\/types\/page"}],"author":[{"embeddable":true,"href":"https:\/\/praguetouristinformation.com\/fr\/wp-json\/wp\/v2\/users\/6"}],"replies":[{"embeddable":true,"href":"https:\/\/praguetouristinformation.com\/fr\/wp-json\/wp\/v2\/comments?post=836"}],"version-history":[{"count":0,"href":"https:\/\/praguetouristinformation.com\/fr\/wp-json\/wp\/v2\/pages\/836\/revisions"}],"up":[{"embeddable":true,"href":"https:\/\/praguetouristinformation.com\/fr\/wp-json\/wp\/v2\/pages\/838"}],"wp:featuredmedia":[{"embeddable":true,"href":"https:\/\/praguetouristinformation.com\/fr\/wp-json\/wp\/v2\/media\/1595"}],"wp:attachment":[{"href":"https:\/\/praguetouristinformation.com\/fr\/wp-json\/wp\/v2\/media?parent=836"}],"wp:term":[{"taxonomy":"category","embeddable":true,"href":"https:\/\/praguetouristinformation.com\/fr\/wp-json\/wp\/v2\/categories?post=836"},{"taxonomy":"post_tag","embeddable":true,"href":"https:\/\/praguetouristinformation.com\/fr\/wp-json\/wp\/v2\/tags?post=836"}],"curies":[{"name":"wp","href":"https:\/\/api.w.org\/{rel}","templated":true}]}}