{"id":834,"date":"2020-10-19T11:54:27","date_gmt":"2020-10-19T11:54:27","guid":{"rendered":"http:\/\/praguetouristinformation.com\/?page_id=834"},"modified":"2023-05-04T10:39:22","modified_gmt":"2023-05-04T10:39:22","slug":"alchimistes-et-magiciens","status":"publish","type":"page","link":"https:\/\/praguetouristinformation.com\/fr\/choses-a-faire\/musees\/alchimistes-et-magiciens","title":{"rendered":"Guide du Mus\u00e9e des Alchimistes et des Magiciens du Vieux Prague : exposition, billets, histoire"},"content":{"rendered":"<h3><a data-id=\"137\" data-type=\"page\" href=\"https:\/\/praguetouristinformation.com\/fr\/choses-a-faire\/musees\" style=\"outline: none;\">L&rsquo;un des mus\u00e9es<\/a> exceptionnels de Prague est le Mus\u00e9e des Alchimistes et des Magiciens du Vieux Prague.<\/h3>\n<p>Il offre aux visiteurs un aper\u00e7u du monde de l&rsquo;alchimie et de la magie, avec un accent particulier sur l&rsquo;\u00e8re la plus c\u00e9l\u00e8bre des alchimistes, le r\u00e8gne de Rudolf II.<\/p>\n<p>Dans ce guide complet, vous apprendrez tout sur l&rsquo;exposition, son histoire et des informations utiles sur la fa\u00e7on de s&rsquo;y rendre, les billets et les visites.<\/p>\n<h2 id=\"t-1670398985848\"><strong>Que puis-je faire au <\/strong><strong>Mus\u00e9e des Alchimistes et des Magiciens du Vieux Prague <\/strong><strong>?<\/strong><\/h2>\n<p>Le mus\u00e9e des alchimistes et des magiciens du vieux Prague est install\u00e9 dans la maison de l&rsquo;\u00e2ne, l&rsquo;ancienne maison de l&rsquo;alchimiste de la cour imp\u00e9riale et fabricant d&rsquo;\u00e9lixirs miracles, Edward Kelley. Les visiteurs peuvent percer le secret de l&rsquo;alchimie dans l&rsquo;ancien laboratoire du c\u00e9l\u00e8bre alchimiste.<\/p>\n<p>Le mus\u00e9e est \u00e9galement une <a data-id=\"256\" data-type=\"page\" href=\"https:\/\/praguetouristinformation.com\/fr\/choses-a-faire\/pour-les-enfants\" style=\"outline: none;\">attraction populaire de Prague pour les enfants.<\/a><\/p>\n<h3 id=\"t-1670398985849\">exposition&nbsp;<\/h3>\n<p><strong>Le mus\u00e9e peut \u00eatre divis\u00e9 en trois parties :<\/strong><\/p>\n<ul>\n<li><strong>Rez-de-chauss\u00e9e : Des<\/strong> informations sur l&rsquo;alchimie et les personnalit\u00e9s associ\u00e9es \u00e0 l&rsquo;alchimie sont affich\u00e9es au rez-de-chauss\u00e9e. De nombreux objets interactifs compl\u00e8tent l&rsquo;exposition. Le point culminant du rez-de-chauss\u00e9e est la chambre du docteur Faust.<\/li>\n<li><strong>Grenier :<\/strong> Le grenier est accessible apr\u00e8s 60 marches d&rsquo;un vieil escalier en colima\u00e7on, qu&rsquo;Edward Kelley aurait d\u00e9crit comme la spirale de la vie. Au sommet se trouve l&rsquo;ancien atelier de l&rsquo;alchimiste de la cour, o\u00f9 Kelley a pratiqu\u00e9 l&rsquo;alchimie pendant trois ans. Le laboratoire servait \u00e9galement de d\u00e9barras, de biblioth\u00e8que et de salle d&rsquo;attente. D\u00e9couvrez les conditions dans lesquelles les exp\u00e9riences ont \u00e9t\u00e9 r\u00e9alis\u00e9es et les \u00e9lixirs ont \u00e9t\u00e9 brass\u00e9s. L&rsquo;exposition interactive de chaudrons alchimiques montre divers processus alchimiques, dont la cr\u00e9ation d&rsquo;un homoncule.<\/li>\n<li><a href=\"https:\/\/www.kellyxir.cz\/\" target=\"_blank\" style=\"outline: none;\" rel=\"noopener\">Kellyx\u00edr <\/a><strong>:<\/strong> Le Kellyx\u00edr est un bar \u00e0 vin alchimique. Dans l&rsquo;ambiance mystique du bar, les visiteurs peuvent s&rsquo;attarder autour d&rsquo;un vin, d&rsquo;une bi\u00e8re ou d&rsquo;un caf\u00e9 et revoir les impressions qu&rsquo;ils ont recueillies.<\/li>\n<\/ul>\n<h2 id=\"t-1670398985850\" data-alt-text=\"Eintritt, Tickets und F\u00fchrungen \"><strong>Entr\u00e9e, billets et visites guid\u00e9es pour le Mus\u00e9e des Alchimistes et Magiciens du Vieux Prague<\/strong><\/h2>\n<ul>\n<li><strong>Billets :&nbsp;<\/strong> Les prix actuels des billets peuvent \u00eatre consult\u00e9s sur le <a href=\"https:\/\/mysteriapragensia.cz\/en\/muzeum-alchymistu-en\/\" target=\"_blank\" style=\"outline: none;\" rel=\"noopener\">site Web<\/a> du mus\u00e9e .<\/li>\n<li><strong>Billet famille :&nbsp;<\/strong> Le mus\u00e9e propose un billet famille \u00e0 prix r\u00e9duit qui offre une entr\u00e9e pour deux adultes et deux enfants.<\/li>\n<li><strong>Billet combin\u00e9 :&nbsp;<\/strong> Deux billets combin\u00e9s diff\u00e9rents sont \u00e9galement disponibles. Les d\u00e9tails peuvent \u00eatre trouv\u00e9s <a href=\"https:\/\/mysteriapragensia.cz\/en\/muzeum-alchymistu-en\/\" target=\"_blank\" style=\"outline: none;\" rel=\"noopener\">ici<\/a> .<\/li>\n<li><strong>Visite guid\u00e9e :&nbsp;<\/strong> Un guide conduit les visiteurs \u00e0 travers le dernier \u00e9tage de l&rsquo;exposition avec des explications. Ceci est inclus dans le prix du billet.<\/li>\n<\/ul>\n<h2 id=\"t-1670398985851\"><strong>Comment se rendre au <\/strong><strong>Mus\u00e9e des Alchimistes et des Magiciens du Vieux Prague ?<\/strong><\/h2>\n<p>Le mus\u00e9e des alchimistes et des magiciens du <a data-id=\"740\" data-type=\"page\" href=\"https:\/\/praguetouristinformation.com\/fr\/choses-a-faire\/petite-ville\" style=\"outline: none;\">Petit Quartier<\/a> est situ\u00e9 dans la maison de l&rsquo;\u00e2ne pr\u00e8s du ch\u00e2teau de Prague. La meilleure fa\u00e7on de s&rsquo;y rendre depuis la vieille ville est de prendre le bus num\u00e9ro 194, qui vous emm\u00e8nera \u00e0 la gare de \u0160porkova. Le mus\u00e9e est \u00e0 2 minutes \u00e0 pied.<\/p>\n<h2 id=\"t-1670398985852\" data-alt-text=\"Geschichte \"><strong>Mus\u00e9e d&rsquo;histoire des alchimistes et des magiciens du vieux Prague<\/strong><\/h2>\n<p>Le fait que Prague soit \u00e9troitement associ\u00e9e \u00e0 l&rsquo;alchimie et \u00e0 la magie et qu&rsquo;on dit m\u00eame qu&rsquo;elle abrite les \u00ab\u00a0portes de l&rsquo;enfer\u00a0\u00bb est due au fait que l&#8217;empereur Rodolphe II avait une passion particuli\u00e8re pour l&rsquo;alchimie et les arts occultes.<\/p>\n<p>Pour cette raison, l&#8217;empereur employa de nombreux alchimistes et scientifiques \u00e0 sa cour. L&rsquo;un des plus c\u00e9l\u00e8bres d&rsquo;entre eux \u00e9tait l&rsquo;Anglais Edward Kelley qui, sur la recommandation de Wilhelm von Rosenberg, s&rsquo;installa \u00e0 la cour de Rudolf II \u00e0 Prague \u00e0 la fin du XVIe si\u00e8cle.<\/p>\n<p>Ici, il a v\u00e9cu dans la Maison de l&rsquo;\u00c2ne non loin du <a data-id=\"738\" data-type=\"page\" href=\"https:\/\/praguetouristinformation.com\/fr\/choses-a-faire\/chateau\" style=\"outline: none;\">Ch\u00e2teau de Prague<\/a> et l&rsquo;a utilis\u00e9e comme laboratoire en m\u00eame temps pour produire artificiellement de l&rsquo;or pour le compte de l&rsquo;Empereur, ce qu&rsquo;il n&rsquo;a jamais r\u00e9ussi \u00e0 faire.<\/p>\n<p>Aujourd&rsquo;hui, l&rsquo;ancien atelier d&rsquo;alchimie de Kelley sert de mus\u00e9e et offre un aper\u00e7u de l&rsquo;\u00e2ge d&rsquo;or de l&rsquo;alchimie.<\/p>\n<h2 id=\"t-1670398985853\"><strong>Contacter<\/strong><\/h2>\n<ul>\n<li><strong>Adresse :&nbsp;<\/strong> Mus\u00e9e des Alchimistes et Magiciens du Vieux Prague, J\u00e1nsk\u00fd vr\u0161ek 8, 118 00 Prague 1 &#8211; Mal\u00e1 Strana<\/li>\n<li><strong style=\"color: var(--tcb-skin-color-4);\">Transports publics : <\/strong><span style=\"color: var(--tcb-skin-color-4); font-weight: var(--g-regular-weight,normal);\">ligne de bus 194 jusqu&rsquo;\u00e0 la station \u00ab \u0160porkova \u00bb<\/span><\/li>\n<li><strong>Horaires d&rsquo;ouverture<\/strong> : Les horaires d&rsquo;ouverture actuels peuvent \u00eatre consult\u00e9s sur le <a href=\"https:\/\/mysteriapragensia.cz\/en\/kontakt-alchymie-en\/\" target=\"_blank\" style=\"outline: none;\" rel=\"noopener\">site Internet<\/a> du mus\u00e9e .<\/li>\n<li><strong>Site web : <\/strong>&nbsp;<a href=\"https:\/\/mysteriapragensia.cz\/en\/muzeum-alchymistu-en\/\" style=\"outline: none;\" data-lt-tmp-id=\"lt-441670\" spellcheck=\"false\" target=\"_blank\" rel=\"noopener\">Mus\u00e9e des Alchimistes et des Magiciens du Vieux Prague<\/a><a href=\"https:\/\/mysteriapragensia.cz\/en\/muzeum-alchymistu-en\/\" style=\"outline: none;\" data-lt-tmp-id=\"lt-441670\" spellcheck=\"false\" target=\"_blank\" rel=\"noopener\"><\/a><\/li>\n<\/ul>\n","protected":false},"excerpt":{"rendered":"<p>L&rsquo;un des mus\u00e9es exceptionnels de Prague est le Mus\u00e9e des Alchimistes et des Magiciens du Vieux Prague. Il offre aux visiteurs un aper\u00e7u du monde de l&rsquo;alchimie et de la magie, avec un accent particulier sur l&rsquo;\u00e8re la plus c\u00e9l\u00e8bre des alchimistes, le r\u00e8gne de Rudolf II. Dans ce guide complet, vous apprendrez tout sur [&hellip;]<\/p>\n","protected":false},"author":6,"featured_media":1494,"parent":137,"menu_order":0,"comment_status":"open","ping_status":"closed","template":"","meta":{"footnotes":""},"categories":[],"tags":[22,19],"class_list":["post-834","page","type-page","status-publish","has-post-thumbnail","hentry","tag-museum","tag-sehenswuerdigkeiten","post-wrapper","thrv_wrapper"],"_links":{"self":[{"href":"https:\/\/praguetouristinformation.com\/fr\/wp-json\/wp\/v2\/pages\/834","targetHints":{"allow":["GET"]}}],"collection":[{"href":"https:\/\/praguetouristinformation.com\/fr\/wp-json\/wp\/v2\/pages"}],"about":[{"href":"https:\/\/praguetouristinformation.com\/fr\/wp-json\/wp\/v2\/types\/page"}],"author":[{"embeddable":true,"href":"https:\/\/praguetouristinformation.com\/fr\/wp-json\/wp\/v2\/users\/6"}],"replies":[{"embeddable":true,"href":"https:\/\/praguetouristinformation.com\/fr\/wp-json\/wp\/v2\/comments?post=834"}],"version-history":[{"count":0,"href":"https:\/\/praguetouristinformation.com\/fr\/wp-json\/wp\/v2\/pages\/834\/revisions"}],"up":[{"embeddable":true,"href":"https:\/\/praguetouristinformation.com\/fr\/wp-json\/wp\/v2\/pages\/137"}],"wp:featuredmedia":[{"embeddable":true,"href":"https:\/\/praguetouristinformation.com\/fr\/wp-json\/wp\/v2\/media\/1494"}],"wp:attachment":[{"href":"https:\/\/praguetouristinformation.com\/fr\/wp-json\/wp\/v2\/media?parent=834"}],"wp:term":[{"taxonomy":"category","embeddable":true,"href":"https:\/\/praguetouristinformation.com\/fr\/wp-json\/wp\/v2\/categories?post=834"},{"taxonomy":"post_tag","embeddable":true,"href":"https:\/\/praguetouristinformation.com\/fr\/wp-json\/wp\/v2\/tags?post=834"}],"curies":[{"name":"wp","href":"https:\/\/api.w.org\/{rel}","templated":true}]}}