{"id":832,"date":"2020-10-19T11:53:30","date_gmt":"2020-10-19T11:53:30","guid":{"rendered":"http:\/\/praguetouristinformation.com\/?page_id=832"},"modified":"2023-05-04T10:40:18","modified_gmt":"2023-05-04T10:40:18","slug":"kgb","status":"publish","type":"page","link":"https:\/\/praguetouristinformation.com\/fr\/choses-a-faire\/musees\/kgb","title":{"rendered":"Guide du mus\u00e9e du KGB\u00a0: Exposition, histoire et billets"},"content":{"rendered":"<h3>Le mus\u00e9e du KGB dans la petite ville de Prague traite des services secrets sovi\u00e9tiques, le KGB.<\/h3>\n<p>Dans ce guide du mus\u00e9e du KGB, vous apprendrez tout sur l&rsquo;exposition, l&rsquo;histoire et des informations utiles sur la fa\u00e7on de s&rsquo;y rendre, les billets et les visites.<\/p>\n<p>Commen\u00e7ons!<\/p>\n<h2 id=\"t-1670588154030\"><strong>Que puis-je faire au <\/strong><strong>Mus\u00e9e du KGB <\/strong><strong>?<\/strong><\/h2>\n<p>Le mus\u00e9e du KGB est un petit mus\u00e9e priv\u00e9 qui a \u00e9t\u00e9 le premier \u00e0 collectionner des objets ayant appartenu \u00e0 de hauts fonctionnaires de la s\u00e9curit\u00e9 de l&rsquo;\u00c9tat sovi\u00e9tique.<\/p>\n<ul>\n<li><strong>Exposition:<\/strong> Vous pouvez voir des expositions des services secrets sovi\u00e9tiques <strong>KGB<\/strong> et de ses <strong>pr\u00e9d\u00e9cesseurs<\/strong> CheKa et NKVD, des membres du minist\u00e8re de la S\u00e9curit\u00e9 d&rsquo;\u00c9tat (MGB), de la <strong>police secr\u00e8te de l&rsquo;Union sovi\u00e9tique<\/strong> (GPU et OGPU) et des membres du \u00ab\u00a0Commissariat du peuple pour les affaires int\u00e9rieures \u00bb (NKWD).<\/li>\n<li>Les visiteurs peuvent \u00e9galement voir <strong>des armes, des cam\u00e9ras espions, des dispositifs d&rsquo;interrogation \u00e9lectroniques<\/strong> et d&rsquo;autres <strong>\u00e9quipements des laboratoires du KGB<\/strong> , ce qui leur donne un bon aper\u00e7u des pratiques des diff\u00e9rentes agences de s\u00e9curit\u00e9 nationale.<\/li>\n<li><strong>Expositions sp\u00e9ciales :&nbsp;<\/strong> Parmi les expositions les plus int\u00e9ressantes figurent l&rsquo; <strong>arme qui a tu\u00e9 L\u00e9on Trotsky<\/strong> et le masque mortuaire de Vladimir L\u00e9nine. A voir \u00e9galement les effets personnels de Lavrentiy Beria, le chef du NKVD.<\/li>\n<li><strong>Exposition photo<\/strong> : Une autre partie du mus\u00e9e pr\u00e9sente l&rsquo;exposition photo \u00ab Prague 1968 \u00e0 travers les yeux d&rsquo;un officier du KGB \u00bb. D&rsquo;autres salles d&rsquo;exposition traitent du travail quotidien des fonctionnaires.<\/li>\n<\/ul>\n<h2 id=\"t-1670588154031\"><strong>Entr\u00e9e, billets et visites guid\u00e9es<\/strong><\/h2>\n<ul>\n<li><strong>Billet :&nbsp;<\/strong> Les prix actuels des billets peuvent \u00eatre consult\u00e9s sur le <a href=\"http:\/\/kgbmuseum.com\/en\/contacts-kgbmuseuminprague\/\" target=\"_blank\" style=\"outline: none;\" rel=\"noopener\">site Web<\/a> du mus\u00e9e .<\/li>\n<li><strong>Visite guid\u00e9e :<\/strong> Les personnes int\u00e9ress\u00e9es peuvent en savoir plus sur les expositions du mus\u00e9e du KGB dans le cadre d&rsquo;une visite guid\u00e9e.<\/li>\n<\/ul>\n<h2 id=\"t-1670588154032\"><strong>Comment se rendre au <\/strong><strong>Mus\u00e9e du KGB ?<\/strong><\/h2>\n<p>Le Mus\u00e9e du KGB est situ\u00e9 dans <a href=\"https:\/\/praguetouristinformation.com\/fr\/choses-a-faire\/petite-ville\" style=\"outline: none;\">le Petit Quartier de Prague<\/a> .<\/p>\n<p>Si vous venez en <a data-id=\"775\" data-type=\"page\" href=\"https:\/\/praguetouristinformation.com\/fr\/plan\/transports-en-commun\" style=\"outline: none;\" data-lt-tmp-id=\"lt-373905\" spellcheck=\"false\">transports en commun<\/a> , la meilleure fa\u00e7on de vous y rendre est de prendre le bus num\u00e9ro 194 depuis la vieille ville jusqu&rsquo;\u00e0 la gare de \u0160porkova. Apr\u00e8s environ 100 m\u00e8tres, vous \u00eates au mus\u00e9e.<a data-id=\"775\" data-type=\"page\" href=\"http:\/\/praguetouristinformation.com\/planen\/oeffentlicher-verkehr\" style=\"outline: none;\" data-lt-tmp-id=\"lt-373905\" spellcheck=\"false\"><\/a><\/p>\n<h2 id=\"t-1670588154033\"><strong>Histoire du <\/strong><strong>mus\u00e9e du KGB<\/strong><\/h2>\n<p>Le mus\u00e9e du KGB est un mus\u00e9e priv\u00e9. Il a \u00e9t\u00e9 ouvert en 2011 dans la rue Vla\u0161ska 13.<\/p>\n<p>Un collectionneur priv\u00e9 qui vivait auparavant en Russie est en grande partie responsable de la fondation du mus\u00e9e.<\/p>\n<p>En tant que l&rsquo;un des rares <a data-id=\"137\" data-type=\"page\" href=\"https:\/\/praguetouristinformation.com\/fr\/choses-a-faire\/musees\" style=\"outline: none;\">mus\u00e9es de Prague<\/a> , le mus\u00e9e traite du pass\u00e9 sovi\u00e9to-tch\u00e8que et du communisme, c&rsquo;est pourquoi il attire aujourd&rsquo;hui de nombreux visiteurs.<\/p>\n<h2 id=\"t-1670588154034\"><strong>Contacter<\/strong><\/h2>\n<ul>\n<li><strong>Adresse :&nbsp;<\/strong> Vla\u0161ska 13, 118 00 Prague 1, Mal\u00e1 Strana, R\u00e9publique tch\u00e8que<\/li>\n<li><strong style=\"color: var(--tcb-skin-color-4);\">Transports publics : <\/strong><span style=\"color: var(--tcb-skin-color-4); font-weight: var(--g-regular-weight,normal);\">ligne de bus 194 jusqu&rsquo;\u00e0 \u00ab\u00a0\u0160porkova\u00a0\u00bb<\/span><\/li>\n<li><strong>Horaires d&rsquo;ouverture<\/strong> : Les horaires d&rsquo;ouverture actuels peuvent \u00eatre consult\u00e9s sur le <a href=\"http:\/\/kgbmuseum.com\/en\/contacts-kgbmuseuminprague\/\" target=\"_blank\" style=\"outline: none;\" rel=\"noopener\">site Internet<\/a> du mus\u00e9e .<\/li>\n<li><strong>Site web : <\/strong>&nbsp;<a href=\"http:\/\/kgbmuseum.com\/en\/\" style=\"outline: none;\" data-lt-tmp-id=\"lt-363860\" spellcheck=\"false\" target=\"_blank\" rel=\"noopener\">Mus\u00e9e du KGB Prague<\/a><a href=\"http:\/\/kgbmuseum.com\/en\/\" style=\"outline: none;\" data-lt-tmp-id=\"lt-363860\" spellcheck=\"false\" target=\"_blank\" rel=\"noopener\"><\/a><\/li>\n<\/ul>\n","protected":false},"excerpt":{"rendered":"<p>Le mus\u00e9e du KGB dans la petite ville de Prague traite des services secrets sovi\u00e9tiques, le KGB. Dans ce guide du mus\u00e9e du KGB, vous apprendrez tout sur l&rsquo;exposition, l&rsquo;histoire et des informations utiles sur la fa\u00e7on de s&rsquo;y rendre, les billets et les visites. Commen\u00e7ons! Que puis-je faire au Mus\u00e9e du KGB ? Le [&hellip;]<\/p>\n","protected":false},"author":6,"featured_media":1513,"parent":137,"menu_order":0,"comment_status":"open","ping_status":"closed","template":"","meta":{"footnotes":""},"categories":[],"tags":[22,19],"class_list":["post-832","page","type-page","status-publish","has-post-thumbnail","hentry","tag-museum","tag-sehenswuerdigkeiten","post-wrapper","thrv_wrapper"],"_links":{"self":[{"href":"https:\/\/praguetouristinformation.com\/fr\/wp-json\/wp\/v2\/pages\/832","targetHints":{"allow":["GET"]}}],"collection":[{"href":"https:\/\/praguetouristinformation.com\/fr\/wp-json\/wp\/v2\/pages"}],"about":[{"href":"https:\/\/praguetouristinformation.com\/fr\/wp-json\/wp\/v2\/types\/page"}],"author":[{"embeddable":true,"href":"https:\/\/praguetouristinformation.com\/fr\/wp-json\/wp\/v2\/users\/6"}],"replies":[{"embeddable":true,"href":"https:\/\/praguetouristinformation.com\/fr\/wp-json\/wp\/v2\/comments?post=832"}],"version-history":[{"count":0,"href":"https:\/\/praguetouristinformation.com\/fr\/wp-json\/wp\/v2\/pages\/832\/revisions"}],"up":[{"embeddable":true,"href":"https:\/\/praguetouristinformation.com\/fr\/wp-json\/wp\/v2\/pages\/137"}],"wp:featuredmedia":[{"embeddable":true,"href":"https:\/\/praguetouristinformation.com\/fr\/wp-json\/wp\/v2\/media\/1513"}],"wp:attachment":[{"href":"https:\/\/praguetouristinformation.com\/fr\/wp-json\/wp\/v2\/media?parent=832"}],"wp:term":[{"taxonomy":"category","embeddable":true,"href":"https:\/\/praguetouristinformation.com\/fr\/wp-json\/wp\/v2\/categories?post=832"},{"taxonomy":"post_tag","embeddable":true,"href":"https:\/\/praguetouristinformation.com\/fr\/wp-json\/wp\/v2\/tags?post=832"}],"curies":[{"name":"wp","href":"https:\/\/api.w.org\/{rel}","templated":true}]}}