{"id":828,"date":"2020-10-19T11:52:19","date_gmt":"2020-10-19T11:52:19","guid":{"rendered":"http:\/\/praguetouristinformation.com\/?page_id=828"},"modified":"2023-05-04T12:47:13","modified_gmt":"2023-05-04T12:47:13","slug":"monastere-de-strahov","status":"publish","type":"page","link":"https:\/\/praguetouristinformation.com\/fr\/choses-a-faire\/petite-ville\/monastere-de-strahov","title":{"rendered":"Guide du monast\u00e8re de Strahov\u00a0: curiosit\u00e9s, prix d&#8217;entr\u00e9e et caf\u00e9 en plein air"},"content":{"rendered":"<h3 id=\"t-1670484928111\">Le monast\u00e8re de Strahov, fond\u00e9 en 1143, est toujours habit\u00e9 par environ 70 moines de l&rsquo;ordre pr\u00e9monsztratsien.<\/h3>\n<p>L&rsquo;imposant b\u00e2timent offre de nombreuses attractions, c&rsquo;est pourquoi il est consid\u00e9r\u00e9 comme l&rsquo;un des <a data-id=\"247\" data-type=\"page\" href=\"https:\/\/praguetouristinformation.com\/fr\/choses-a-faire\" style=\"outline: none;\">sites les plus populaires de Prague<\/a> &nbsp;.<\/p>\n<p>Dans ce guide complet du monast\u00e8re de Strahov, vous apprendrez tout sur l&rsquo;exposition, l&rsquo;histoire et des informations utiles sur la fa\u00e7on de s&rsquo;y rendre et les billets.<\/p>\n<h2 id=\"t-1670484928112\">Que puis-je faire au monast\u00e8re de Strahov ?<\/h2>\n<p><span><img decoding=\"async\" alt=\"Biblioth\u00e8que, Monast\u00e8re de Strahov, Prague\" data-id=\"1820\" width=\"702\" data-init-width=\"1000\" height=\"468\" data-init-height=\"667\" title=\"Biblioth\u00e8que, Monast\u00e8re de Strahov, Prague\" src=\"http:\/\/praguetouristinformation.com\/wp-content\/uploads\/2020\/11\/Bibliothek-Strahov-Kloster.jpg\" data-width=\"702\" data-height=\"468\" loading=\"lazy\" data-pin-media=\"http:\/\/praguetouristinformation.com\/wp-content\/uploads\/2021\/02\/45.jpg\" data-pin-description=\"Strahov Kloster: Infos, Sehensw\u00fcrdigkeiten, Biergarten 2022\" data-pin-url=\"http:\/\/praguetouristinformation.com\/sehenswuerdigkeiten\/kleinseite\/strahov-kloster?tve=true&amp;tcbf=2f63212331\" data-pinpro-key=\"shd2cifgm\"><\/span><\/p>\n<h3 id=\"t-1670484928113\">1. Biblioth\u00e8que<\/h3>\n<p>Le monast\u00e8re de Strahov, situ\u00e9 pr\u00e8s&nbsp; <a href=\"https:\/\/praguetouristinformation.com\/fr\/choses-a-faire\/chateau\" style=\"outline: none;\">du ch\u00e2teau de Prague<\/a> &nbsp;, est particuli\u00e8rement c\u00e9l\u00e8bre pour sa biblioth\u00e8que baroque magnifiquement meubl\u00e9e. Elle est consid\u00e9r\u00e9e comme l&rsquo;une des biblioth\u00e8ques historiques les plus pr\u00e9cieuses et les mieux conserv\u00e9es.<\/p>\n<p>La biblioth\u00e8que du monast\u00e8re contient plus de 200 000 volumes, 3 000 manuscrits originaux du Moyen \u00c2ge, des artefacts, des premi\u00e8res \u00e9ditions, des manuscrits et des curiosit\u00e9s. Il se compose principalement des trois pi\u00e8ces suivantes :<\/p>\n<ul>\n<li style=\"\"><span style=\"\"><strong><strong><strong>Salle de th\u00e9ologie :&nbsp;<\/strong><\/strong><\/strong> Cette salle a \u00e9t\u00e9 construite en 1671-1674 et est la partie la plus ancienne de la biblioth\u00e8que de Strahov. La salle baroque abrite environ 18 000 livres, dont la plupart sont th\u00e9ologiques, ainsi que d&rsquo;innombrables \u00e9ditions de la Bible.<\/span><\/li>\n<li style=\"\"><span style=\"\"><strong><strong><strong>Salle de philosophie :&nbsp;<\/strong><\/strong><\/strong> La salle de philosophie de la biblioth\u00e8que du monast\u00e8re de 1794 vaut \u00e9galement le d\u00e9tour, notamment les magnifiques fresques du plafond d&rsquo;Anton Maulbertsch et de Siard Noseck\u00fd. La salle n\u00e9oclassique avec des biblioth\u00e8ques en noyer du sol au plafond couvre deux \u00e9tages et abrite des livres philosophiques, juridiques, m\u00e9dicaux, pharmaceutiques, math\u00e9matiques, g\u00e9ographiques et astronomiques.<\/span><\/li>\n<li style=\"\"><span style=\"\"><strong><strong><strong>Cabinet de Curiosit\u00e9s :&nbsp;<\/strong><\/strong><\/strong> La Biblioth\u00e8que abrite un Cabinet de Curiosit\u00e9s, \u00e9galement appel\u00e9 Cabinet de Curiosit\u00e9s. Il pr\u00e9sente des raret\u00e9s, des fouilles arch\u00e9ologiques et des collections scientifiques.<\/span><\/li>\n<\/ul>\n<h3 id=\"t-1670484928114\">2. Galerie de photos<\/h3>\n<p>De plus, le monast\u00e8re abrite une importante galerie de photos avec l&rsquo;une des collections monastiques les plus pr\u00e9cieuses d&rsquo;Europe centrale. Les collections se composent d&rsquo;environ 1 500 peintures et autres expositions des p\u00e9riodes gothique et romantique.<\/p>\n<p>Les collections peuvent \u00eatre divis\u00e9es dans les sections suivantes :<\/p>\n<ul>\n<li>Peinture et Sculpture 1300 \u2013 1500<\/li>\n<li>Peinture rudolfine<\/li>\n<li>Peinture flamande<\/li>\n<li>Peinture d&rsquo;Europe centrale des XVIIe &#8211; XIXe si\u00e8cles<\/li>\n<\/ul>\n<h3 id=\"t-1670484928115\">3. Tr\u00e9sorerie<\/h3>\n<p>Le tr\u00e9sor du monast\u00e8re de Strahov pr\u00e9sente un grand nombre d&rsquo;objets liturgiques diff\u00e9rents dans une exposition permanente. L&rsquo;exposition comprend des objets artisanaux uniques d&rsquo;origine tch\u00e8que ainsi que ceux de diff\u00e9rentes parties de l&rsquo;Europe.<\/p>\n<p>Les visiteurs peuvent admirer, entre autres, des calices, des reliquaires et des robes du Moyen \u00c2ge au d\u00e9but du XXe si\u00e8cle.<\/p>\n<h3 id=\"t-1670484928116\">4. \u00c9glise du monast\u00e8re de l&rsquo;Assomption de la Vierge Marie<\/h3>\n<p>La basilique romane \u00e0 trois nefs de l&rsquo;Assomption de la Vierge Marie datant de 1148 est situ\u00e9e au centre du monast\u00e8re. L&rsquo;\u00e9glise catholique romaine a acquis son aspect baroque actuel lors des travaux de reconstruction entre 1742 et 1758.<\/p>\n<p>De magnifiques peintures murales et fresques au plafond ornent l&rsquo;int\u00e9rieur de l&rsquo;\u00e9glise. De plus, les fondateurs du monast\u00e8re, le prince Vladislav II et l&rsquo;\u00e9v\u00eaque Jind\u0159ich Zd\u00edk, sont enterr\u00e9s dans une partie inconnue de l&rsquo;\u00e9glise.<\/p>\n<p>En 1787, nul autre que Mozart aurait jou\u00e9 de l&rsquo;orgue dans l&rsquo;\u00e9glise du monast\u00e8re.<\/p>\n<h3 id=\"t-1670484928117\">5. St. Rochus-Kirche<\/h3>\n<p>La deuxi\u00e8me \u00e9glise dans les locaux du monast\u00e8re est l&rsquo;\u00e9glise Saint-Roch. Les visiteurs peuvent les trouver dans le parvis du monast\u00e8re. L&rsquo;\u00e9glise, d\u00e9di\u00e9e \u00e0 Rochus, le saint de la peste, a \u00e9t\u00e9 donn\u00e9e en 1603 par l&#8217;empereur Rodolphe II en remerciement d&rsquo;avoir \u00e9t\u00e9 \u00e9pargn\u00e9 par la peste. L&rsquo;ancienne \u00e9glise paroissiale sert de salle d&rsquo;exposition depuis le XXe si\u00e8cle.<\/p>\n<p><span><img decoding=\"async\" alt=\"Bi\u00e8re au monast\u00e8re, monast\u00e8re de Strahov \u00e0 Prague\" data-id=\"1822\" width=\"702\" data-init-width=\"1000\" height=\"468\" data-init-height=\"667\" title=\"Bi\u00e8re au monast\u00e8re, monast\u00e8re de Strahov \u00e0 Prague\" src=\"http:\/\/praguetouristinformation.com\/wp-content\/uploads\/2020\/11\/Bier-im-Kloster-Strahov-Kloster.jpg\" data-width=\"702\" data-height=\"468\" loading=\"lazy\" data-pin-media=\"http:\/\/praguetouristinformation.com\/wp-content\/uploads\/2021\/02\/45.jpg\" data-pin-description=\"Strahov Kloster: Infos, Sehensw\u00fcrdigkeiten, Biergarten 2022\" data-pin-url=\"http:\/\/praguetouristinformation.com\/sehenswuerdigkeiten\/kleinseite\/strahov-kloster?tve=true&amp;tcbf=2f63212331\" data-pinpro-key=\"8t7kjhnf3\"><\/span><\/p>\n<h2 id=\"t-1670484928118\">Bi\u00e8re au monast\u00e8re<\/h2>\n<p>Le monast\u00e8re de Strahov abrite \u00e9galement une c\u00e9l\u00e8bre brasserie du monast\u00e8re. La brasserie brasse de la bi\u00e8re depuis le XIIIe si\u00e8cle. Selon des enqu\u00eates, cette brasserie de monast\u00e8re produit la meilleure bi\u00e8re de R\u00e9publique tch\u00e8que.<\/p>\n<p>Dans l&rsquo;entreprise familiale, la bi\u00e8re Saint-Norbert, du nom du fondateur de l&rsquo;ordre des Pr\u00e9montr\u00e9s, est produite sous diverses variantes. Il existe \u00e9galement des offres de bi\u00e8res saisonni\u00e8res, dont une bi\u00e8re bock \u00e0 6,3% d&rsquo;alcool, qui est servie \u00e0 partir de fin septembre, et la bi\u00e8re dite de P\u00e2ques \u00e0 5,3% d&rsquo;alcool, qui est disponible le vendredi pr\u00e9c\u00e9dant le Vendredi Saint.<\/p>\n<ul>\n<li>Pour en savoir plus sur la meilleure bi\u00e8re de Prague, consultez notre liste : <a data-id=\"724\" data-type=\"page\" href=\"https:\/\/praguetouristinformation.com\/fr\/restaurants-prague\/biere\" style=\"outline: none;\">O\u00f9 puis-je boire de la bonne bi\u00e8re \u00e0 Prague ?<\/a><\/li>\n<\/ul>\n<p><span><img decoding=\"async\" alt=\"Jardin de bi\u00e8re avec restaurant, monast\u00e8re de Strahov \u00e0 Prague\" data-id=\"1823\" width=\"702\" data-init-width=\"1000\" height=\"468\" data-init-height=\"667\" title=\"Jardin de bi\u00e8re avec restaurant, monast\u00e8re de Strahov \u00e0 Prague\" src=\"http:\/\/praguetouristinformation.com\/wp-content\/uploads\/2020\/11\/Biergarten-mit-Restaurant-Strahov-Kloster.jpg\" data-width=\"702\" data-height=\"468\" loading=\"lazy\" style=\"\" data-pin-media=\"http:\/\/praguetouristinformation.com\/wp-content\/uploads\/2021\/02\/45.jpg\" data-pin-description=\"Strahov Kloster: Infos, Sehensw\u00fcrdigkeiten, Biergarten 2022\" data-pin-url=\"http:\/\/praguetouristinformation.com\/sehenswuerdigkeiten\/kleinseite\/strahov-kloster?tve=true&amp;tcbf=2f63212331\" data-pinpro-key=\"2i0bciyfn\"><\/span><\/p>\n<h2 id=\"t-1670484928119\">Jardin de la bi\u00e8re avec restaurant<\/h2>\n<p>Le caf\u00e9 en plein air du monast\u00e8re attire \u00e0 la fois les habitants et les touristes du monde entier. C&rsquo;est l&rsquo;endroit id\u00e9al pour d\u00e9guster la c\u00e9l\u00e8bre&nbsp; <a data-id=\"723\" data-type=\"page\" href=\"https:\/\/praguetouristinformation.com\/fr\/restaurants-prague\/biere-tcheque\" style=\"outline: none;\">bi\u00e8re tch\u00e8que&nbsp;<\/a> . Le caf\u00e9 en plein air populaire du monast\u00e8re est particuli\u00e8rement attrayant lorsqu&rsquo;il fait beau.<\/p>\n<p>Tout aussi populaire est le restaurant de la brasserie du monast\u00e8re, qui est l&rsquo;un des meilleurs&nbsp; <a data-id=\"253\" data-type=\"page\" href=\"https:\/\/praguetouristinformation.com\/fr\/restaurants-prague\/cuisine-boheme\" style=\"outline: none;\">restaurants tch\u00e8ques de Prague<\/a> .<\/p>\n<p><span><img decoding=\"async\" alt=\"Entr\u00e9e, billets et visites guid\u00e9es, Monast\u00e8re de Strahov \u00e0 Prague\" data-id=\"1825\" width=\"702\" data-init-width=\"1000\" height=\"468\" data-init-height=\"667\" title=\"Entr\u00e9e, billets et visites guid\u00e9es, Monast\u00e8re de Strahov \u00e0 Prague\" src=\"http:\/\/praguetouristinformation.com\/wp-content\/uploads\/2020\/11\/Eintritt-Tickets-und-Fuehrungen-Strahov-Kloster.jpg\" data-width=\"702\" data-height=\"468\" loading=\"lazy\" data-pin-media=\"http:\/\/praguetouristinformation.com\/wp-content\/uploads\/2021\/02\/45.jpg\" data-pin-description=\"Strahov Kloster: Infos, Sehensw\u00fcrdigkeiten, Biergarten 2022\" data-pin-url=\"http:\/\/praguetouristinformation.com\/sehenswuerdigkeiten\/kleinseite\/strahov-kloster?tve=true&amp;tcbf=2f63212331\" data-pinpro-key=\"ixpjluimz\"><\/span><\/p>\n<h2 id=\"t-1670484928120\">Entr\u00e9e, billets et visites guid\u00e9es<\/h2>\n<ul>\n<li style=\"\"><span style=\"\"><strong><strong>Entr\u00e9e :<\/strong> <\/strong> La biblioth\u00e8que du monast\u00e8re et la galerie de photos ont des entr\u00e9es et des billets s\u00e9par\u00e9s.<\/span><\/li>\n<li style=\"\"><span style=\"\"><strong><strong>Ticket Biblioth\u00e8que de Strahov + Galerie d&rsquo;images :&nbsp;<\/strong><\/strong> Le Monast\u00e8re propose un billet combin\u00e9 qui donne acc\u00e8s \u00e0 la fois \u00e0 la Galerie d&rsquo;images et \u00e0 la Biblioth\u00e8que du Monast\u00e8re de Strahov. Un billet famille (2 adultes, 3 enfants de moins de 15 ans) est \u00e9galement disponible.<\/span><\/li>\n<li style=\"\"><span style=\"\"><strong><strong>Billet unique pour la biblioth\u00e8que de Strahov&nbsp;:&nbsp;<\/strong><\/strong> pour les visiteurs qui souhaitent uniquement explorer la biblioth\u00e8que de Strahov, le billet unique pour la biblioth\u00e8que est recommand\u00e9. Les prix actuels peuvent \u00eatre trouv\u00e9s&nbsp;<a href=\"https:\/\/www.strahovskyklaster.cz\/en\/picture-gallery1\" target=\"_blank\" style=\"outline: none;\" rel=\"noopener\"> ici<\/a> .<\/span><\/li>\n<li style=\"\"><span style=\"\"><strong><strong><strong>Billet unique pour la galerie d&rsquo;art de Strahov&nbsp;:&nbsp;<\/strong><\/strong><\/strong> pour les visiteurs qui souhaitent uniquement visiter la galerie d&rsquo;art, le billet unique pour la galerie d&rsquo;art de Strahov est id\u00e9al. Vous trouverez&nbsp;<a href=\"https:\/\/www.strahovskyklaster.cz\/en\/strahov-library\" target=\"_blank\" rel=\"noopener\">ici<\/a>.<\/span><\/li>\n<li style=\"\"><span style=\"\"><strong><strong><strong><strong>Autorisation photo : Une<\/strong><\/strong><\/strong><\/strong> &nbsp;autorisation photo est requise pour prendre des photos dans la biblioth\u00e8que ou la galerie. Plus d&rsquo;informations sont disponibles sur le&nbsp;<a href=\"https:\/\/www.strahovskyklaster.cz\/en\/strahov-library\" target=\"_blank\" style=\"outline: none;\" rel=\"noopener\">site Internet&nbsp;<\/a>monast\u00e8re<\/span><\/li>\n<li style=\"\"><span style=\"\"><strong><strong><strong><strong><strong>Visite guid\u00e9e :&nbsp;<\/strong><\/strong><\/strong><\/strong><\/strong> Dans le cadre d&rsquo;une visite guid\u00e9e, les visiteurs peuvent avoir un aper\u00e7u approfondi de la biblioth\u00e8que ou de la galerie du monast\u00e8re de Strahov.<\/span><\/li>\n<\/ul>\n<p><span><img decoding=\"async\" alt=\"Comment se rendre au monast\u00e8re de Strahov \u00e0 Prague\" data-id=\"1829\" width=\"702\" data-init-width=\"1000\" height=\"468\" data-init-height=\"667\" title=\"Comment se rendre au monast\u00e8re de Strahov \u00e0 Prague\" src=\"http:\/\/praguetouristinformation.com\/wp-content\/uploads\/2020\/11\/Wie-komme-ich-zum-Strahov-Kloster.jpg\" data-width=\"702\" data-height=\"468\" loading=\"lazy\" data-pin-media=\"http:\/\/praguetouristinformation.com\/wp-content\/uploads\/2021\/02\/45.jpg\" data-pin-description=\"Strahov Kloster: Infos, Sehensw\u00fcrdigkeiten, Biergarten 2022\" data-pin-url=\"http:\/\/praguetouristinformation.com\/sehenswuerdigkeiten\/kleinseite\/strahov-kloster?tve=true&amp;tcbf=2f63212331\" data-pinpro-key=\"wofsj6vpy\"><\/span><\/p>\n<h2 id=\"t-1670484928121\">Comment se rendre au Monast\u00e8re de Strahov ?<\/h2>\n<p>Le monast\u00e8re de Strahov est situ\u00e9 dans le quartier Hrad\u010dany de Prague. Il est situ\u00e9 sur la colline de Petrin, pr\u00e8s du ch\u00e2teau de Prague.<\/p>\n<p>La meilleure fa\u00e7on de s&rsquo;y rendre depuis le centre-ville est de prendre le tramway ligne 22 jusqu&rsquo;\u00e0 la station \u00ab Poho\u0159elec \u00bb.<\/p>\n<p><span><img decoding=\"async\" alt=\"Histoire du monast\u00e8re de Strahov \u00e0 Prague\" data-id=\"1830\" width=\"702\" data-init-width=\"1000\" height=\"468\" data-init-height=\"667\" title=\"Histoire du monast\u00e8re de Strahov \u00e0 Prague\" src=\"http:\/\/praguetouristinformation.com\/wp-content\/uploads\/2020\/11\/Geschichte-des-Strahov-Kloster.jpg\" data-width=\"702\" data-height=\"468\" loading=\"lazy\" data-pin-media=\"http:\/\/praguetouristinformation.com\/wp-content\/uploads\/2021\/02\/45.jpg\" data-pin-description=\"Strahov Kloster: Infos, Sehensw\u00fcrdigkeiten, Biergarten 2022\" data-pin-url=\"http:\/\/praguetouristinformation.com\/sehenswuerdigkeiten\/kleinseite\/strahov-kloster?tve=true&amp;tcbf=2f63212331\" data-pinpro-key=\"z87upfdp7\"><\/span><\/p>\n<h2 id=\"t-1670484928122\">Histoire du monast\u00e8re de Strahov<\/h2>\n<p>Le monast\u00e8re de Strahov a \u00e9t\u00e9 construit en 1140 sur&nbsp; <a data-id=\"838\" data-type=\"page\" href=\"https:\/\/praguetouristinformation.com\/fr\/choses-a-faire\/petrin\" style=\"outline: none;\">la colline de Petrin<\/a> . Le monast\u00e8re des Pr\u00e9montr\u00e9s a \u00e9t\u00e9 fond\u00e9 gr\u00e2ce \u00e0 la coop\u00e9ration de l&rsquo;\u00e9v\u00eaque d&rsquo;Olomouc Heinrich Zd\u00edk et du roi tch\u00e8que Vladislav II.<\/p>\n<p>En 1142, un groupe de membres de l&rsquo;Ordre des Pr\u00e9montr\u00e9s s&rsquo;installa dans l&rsquo;\u00e9difice et continua d&rsquo;agrandir le quartier.<\/p>\n<p>Au cours des si\u00e8cles, le monast\u00e8re a r\u00e9sist\u00e9 \u00e0 plusieurs batailles, incendies et r\u00e9volutions. L&rsquo;incendie le plus d\u00e9vastateur s&rsquo;est produit au d\u00e9but de l&rsquo;histoire du monast\u00e8re : en 1258. Une grande partie du monast\u00e8re, y compris la biblioth\u00e8que et une \u00e9glise, a p\u00e9ri dans l&rsquo;incendie. &nbsp;<\/p>\n<p>Plusieurs r\u00e9parations et modifications ont \u00e9t\u00e9 effectu\u00e9es au fil des ans. Le monast\u00e8re a obtenu son aspect actuel dans le style baroque lors d&rsquo;une reconstruction au 17\u00e8me si\u00e8cle. La magnifique biblioth\u00e8que baroque date de cette \u00e9poque.<\/p>\n<p>Il s&rsquo;est compl\u00e8tement arr\u00eat\u00e9 en 1950 avec l&rsquo;occupation communiste. Pour la premi\u00e8re fois depuis sa fondation, les moines ont d\u00fb quitter le monast\u00e8re. Beaucoup ont \u00e9t\u00e9 expuls\u00e9s ou arr\u00eat\u00e9s, et le monast\u00e8re lui-m\u00eame a \u00e9t\u00e9 ferm\u00e9.<\/p>\n<p>Ce n&rsquo;est qu&rsquo;apr\u00e8s l&rsquo;effondrement du r\u00e9gime communiste en 1989 que les moines ont pu retourner au monast\u00e8re.<\/p>\n<p>Le monast\u00e8re est encore aujourd&rsquo;hui le si\u00e8ge de l&rsquo;ordre des Pr\u00e9montr\u00e9s.<\/p>\n<h2 id=\"t-1670484928123\">Contacter<\/h2>\n<ul>\n<li><span style=\"\"><strong>Adresse :&nbsp;<\/strong> Strahov Kloster, Strahovsk\u00e9 n\u00e1dvo\u0159\u00ed 1\/132, 118 00<\/span><\/li>\n<li><span style=\"\"><strong>Horaires d&rsquo;ouverture :&nbsp;<\/strong> Les horaires d&rsquo;ouverture actuels peuvent \u00eatre consult\u00e9s sur&nbsp; le <a href=\"https:\/\/www.strahovskyklaster.cz\/en\/basic-information\" target=\"_blank\" rel=\"noopener\">site Internet<\/a> du monast\u00e8re&nbsp; .<\/span><\/li>\n<li><span style=\"\"><strong>Transports publics :&nbsp;<\/strong> Avec la ligne de tram 22 jusqu&rsquo;\u00e0 \u00ab\u00a0Poho\u0159elec\u00a0\u00bb<\/span><\/li>\n<li style=\"\"><span style=\"\"><strong>Site Web :&nbsp; <\/strong><a href=\"https:\/\/www.strahovskyklaster.cz\/en\/\" style=\"outline: none;\" target=\"_blank\" rel=\"noopener\">Strahovskyklaster.cz<\/a><\/span><\/li>\n<\/ul>\n","protected":false},"excerpt":{"rendered":"<p>Le monast\u00e8re de Strahov, fond\u00e9 en 1143, est toujours habit\u00e9 par environ 70 moines de l&rsquo;ordre pr\u00e9monsztratsien. L&rsquo;imposant b\u00e2timent offre de nombreuses attractions, c&rsquo;est pourquoi il est consid\u00e9r\u00e9 comme l&rsquo;un des sites les plus populaires de Prague &nbsp;. Dans ce guide complet du monast\u00e8re de Strahov, vous apprendrez tout sur l&rsquo;exposition, l&rsquo;histoire et des informations [&hellip;]<\/p>\n","protected":false},"author":6,"featured_media":1819,"parent":740,"menu_order":0,"comment_status":"closed","ping_status":"closed","template":"","meta":{"footnotes":""},"categories":[],"tags":[26,19],"class_list":["post-828","page","type-page","status-publish","has-post-thumbnail","hentry","tag-bier","tag-sehenswuerdigkeiten","post-wrapper","thrv_wrapper"],"_links":{"self":[{"href":"https:\/\/praguetouristinformation.com\/fr\/wp-json\/wp\/v2\/pages\/828","targetHints":{"allow":["GET"]}}],"collection":[{"href":"https:\/\/praguetouristinformation.com\/fr\/wp-json\/wp\/v2\/pages"}],"about":[{"href":"https:\/\/praguetouristinformation.com\/fr\/wp-json\/wp\/v2\/types\/page"}],"author":[{"embeddable":true,"href":"https:\/\/praguetouristinformation.com\/fr\/wp-json\/wp\/v2\/users\/6"}],"replies":[{"embeddable":true,"href":"https:\/\/praguetouristinformation.com\/fr\/wp-json\/wp\/v2\/comments?post=828"}],"version-history":[{"count":0,"href":"https:\/\/praguetouristinformation.com\/fr\/wp-json\/wp\/v2\/pages\/828\/revisions"}],"up":[{"embeddable":true,"href":"https:\/\/praguetouristinformation.com\/fr\/wp-json\/wp\/v2\/pages\/740"}],"wp:featuredmedia":[{"embeddable":true,"href":"https:\/\/praguetouristinformation.com\/fr\/wp-json\/wp\/v2\/media\/1819"}],"wp:attachment":[{"href":"https:\/\/praguetouristinformation.com\/fr\/wp-json\/wp\/v2\/media?parent=828"}],"wp:term":[{"taxonomy":"category","embeddable":true,"href":"https:\/\/praguetouristinformation.com\/fr\/wp-json\/wp\/v2\/categories?post=828"},{"taxonomy":"post_tag","embeddable":true,"href":"https:\/\/praguetouristinformation.com\/fr\/wp-json\/wp\/v2\/tags?post=828"}],"curies":[{"name":"wp","href":"https:\/\/api.w.org\/{rel}","templated":true}]}}