{"id":820,"date":"2020-10-19T11:44:32","date_gmt":"2020-10-19T11:44:32","guid":{"rendered":"http:\/\/praguetouristinformation.com\/?page_id=820"},"modified":"2023-05-04T10:34:26","modified_gmt":"2023-05-04T10:34:26","slug":"palais-salm","status":"publish","type":"page","link":"https:\/\/praguetouristinformation.com\/fr\/choses-a-faire\/musees\/palais-salm","title":{"rendered":"Guide de la Galerie Nationale Palais Salm : Exposition, Billets &#038; Histoire"},"content":{"rendered":"<p>Le Palais de Salm fait partie de la Galerie nationale de Prague, l&rsquo;un des <a data-id=\"137\" data-type=\"page\" href=\"http:\/\/praguetouristinformation.com\/sehenswuerdigkeiten\/museum\" style=\"outline: none;\">mus\u00e9es les plus importants de Prague<\/a> .<\/p>\n<p>Dans ses salles historiques, il pr\u00e9sente des \u0153uvres d&rsquo;art du XIXe si\u00e8cle.<\/p>\n<p>Dans ce guide complet de la Nationalgalerie Palais Salm, vous apprendrez tout sur l&rsquo;exposition, son histoire et des informations utiles sur l&rsquo;acc\u00e8s et les billets.<\/p>\n<h2 id=\"t-1670584816907\">Que puis-je faire \u00e0 la Galerie Nationale Palais Salm ?<\/h2>\n<p><span><img decoding=\"async\" alt=\"\" data-id=\"4049\" width=\"688\" data-init-width=\"1000\" height=\"475\" data-init-height=\"690\" title=\"Galerie nationale du palais de Salm, Prague R\u00e9publique tch\u00e8que\" loading=\"lazy\" src=\"http:\/\/praguetouristinformation.com\/wp-content\/uploads\/2022\/12\/salm-palace-Prague-Czech-Republic1.jpg\" data-width=\"688\" data-height=\"475\" data-pin-media=\"http:\/\/praguetouristinformation.com\/wp-content\/uploads\/2021\/01\/16.jpg\" data-pin-description=\"Nationalgalerie Palais Salm: Ausstellung, Tickets &amp; mehr\" data-pin-url=\"http:\/\/praguetouristinformation.com\/sehenswuerdigkeiten\/museum\/palais-salm?tve=true&amp;tcbf=c2d3f58a94\" data-pinpro-key=\"40mz5bjul\"><\/span><\/p>\n<h3>Le b\u00e2timent n\u00e9oclassique de la National Gallery Palais Salm sur le terrain du&nbsp;<a data-id=\"738\" data-type=\"page\" href=\"https:\/\/praguetouristinformation.com\/fr\/choses-a-faire\/chateau\" style=\"outline: none;\">ch\u00e2teau de Prague<\/a> abrite une exposition d&rsquo;art d&rsquo;Europe centrale du XIXe si\u00e8cle.<\/h3>\n<ul>\n<li><strong>Exposition permanente :<\/strong> En plus de l&rsquo;art tch\u00e8que, l&rsquo;art autrichien et allemand du XIXe si\u00e8cle est \u00e9galement expos\u00e9. Les peintures de Josef M\u00e1nes, Adolf Kos\u00e1rek, Anton\u00edn Machek, Caspar David Friedrich et Carl Spitzweg m\u00e9ritent une mention sp\u00e9ciale.<\/li>\n<li><strong>Expositions th\u00e9matiques :<\/strong> Les visiteurs peuvent \u00e9galement visiter les diff\u00e9rentes expositions th\u00e9matiques, qui montrent l&rsquo;art contemporain international et le mettent en dialogue avec l&rsquo;art contemporain tch\u00e8que.<\/li>\n<\/ul>\n<h2 id=\"t-1670584816908\">Expositions temporaires<\/h2>\n<p>Un aper\u00e7u actuel et un aper\u00e7u des expositions temporaires peuvent \u00eatre trouv\u00e9s <a href=\"http:\/\/www.ngprague.cz\/en\/exhibitions-and-events\/exhibitions\" target=\"_blank\" style=\"outline: none;\" rel=\"noopener\">ici<\/a> .&nbsp;<\/p>\n<h2 id=\"t-1670584816909\">Entr\u00e9e, billets et visites guid\u00e9es<\/h2>\n<ul>\n<li><strong>Ticket :<\/strong> Les enfants et les jeunes de moins de 26 ans b\u00e9n\u00e9ficient d&rsquo;une entr\u00e9e gratuite. Les tarifs d&rsquo;entr\u00e9e en vigueur pour l&rsquo;exposition permanente de la Nationalgalerie Palais Salm sont disponibles sur le site <a href=\"http:\/\/www.ngprague.cz\/en\/about\/admission\" target=\"_blank\" rel=\"noopener\">officiel<\/a> .<\/li>\n<li><strong>Billet combin\u00e9 :&nbsp;<\/strong> Il existe un laissez-passer de 10 jours qui donne acc\u00e8s \u00e0 toutes les expositions permanentes de la National Gallery. Vous pouvez en savoir plus \u00e0 ce sujet sur le <a href=\"http:\/\/www.ngprague.cz\/en\/about\/admission\" target=\"_blank\" style=\"outline: none;\" rel=\"noopener\">site<\/a> de la National Gallery.<\/li>\n<li><strong>Visites guid\u00e9es :<\/strong> Il n&rsquo;y a actuellement aucune visite guid\u00e9e du Palais Salm.<\/li>\n<\/ul>\n<h2 id=\"t-1670584816910\">Comment se rendre \u00e0 la Galerie Nationale Palais Salm ?<\/h2>\n<p>La National Gallery Palais Salm est situ\u00e9e dans le quartier du Ch\u00e2teau de Prague. Le moyen le plus simple de se rendre au ch\u00e2teau est de prendre le tram num\u00e9ro 22, qui vous emm\u00e8ne de <a data-id=\"742\" data-type=\"page\" href=\"https:\/\/praguetouristinformation.com\/fr\/choses-a-faire\/vieille-ville\" style=\"outline: none;\">la vieille ville de Prague<\/a> \u00e0 l&rsquo;arr\u00eat \u00ab Pra\u017esk\u00fd hrad \u00bb (ch\u00e2teau de Prague).<\/p>\n<p>Le Palais Salm se trouve sur la Place du Ch\u00e2teau du Ch\u00e2teau de Prague.<\/p>\n<h2 id=\"t-1670584816911\">Histoire de la Galerie Nationale Palais Salm<\/h2>\n<p>Le Palais Salm a \u00e9t\u00e9 construit entre 1800 et 1810 \u00e0 la demande de l&rsquo;archev\u00eaque de Prague de l&rsquo;\u00e9poque, Vil\u00e9m Florentin Graf von Salm.<\/p>\n<p>L&rsquo;architecte Franz Pawj\u010dek a \u00e9t\u00e9 charg\u00e9 de construire le b\u00e2timent n\u00e9oclassique. La famille Schwarzenberg a acquis le palais \u00e0 trois ailes quelques ann\u00e9es seulement apr\u00e8s son ach\u00e8vement et l&rsquo;a reli\u00e9 \u00e0 son propre palais voisin sur la place du ch\u00e2teau du ch\u00e2teau de Prague.<\/p>\n<p>Le magnifique b\u00e2timent appartenait \u00e0 la famille noble Schwarzenberg jusqu&rsquo;en 2002. Aujourd&rsquo;hui, avec le <a data-id=\"818\" data-type=\"page\" href=\"https:\/\/praguetouristinformation.com\/fr\/choses-a-faire\/musees\/palais-schwarzenberg\" style=\"outline: none;\">palais Schwarzenberg<\/a> , il appartient \u00e0 la Galerie nationale de Prague et est utilis\u00e9 \u00e0 des fins d&rsquo;exposition.<\/p>\n<h2 id=\"t-1670584816912\">Contacter<\/h2>\n<ul>\n<li><strong>Adresse :<\/strong> Nationalgalerie Palais Salm (Palais Salm), Hrad\u010dansk\u00e9 n\u00e1m\u011bst\u00ed 1, 110 00 Prague 1- Hrad\u010dany<\/li>\n<li><strong style=\"color: var(--tcb-skin-color-4);\">Transports publics : <\/strong><span style=\"color: var(--tcb-skin-color-4); font-weight: var(--g-regular-weight,normal);\">tram ligne 22 jusqu&rsquo;\u00e0 \u00ab\u00a0Pra\u017esk\u00fd hrad\u00a0\u00bb<\/span><\/li>\n<li><strong>Horaires d&rsquo;ouverture<\/strong> : Vous pouvez trouver les horaires d&rsquo;ouverture actuels sur le <a href=\"http:\/\/www.ngprague.cz\/en\/about\/buildings\/salm-palace\" target=\"_blank\" rel=\"noopener\">site Web<\/a> de la National Gallery .<\/li>\n<li><strong>Site internet : <\/strong>&nbsp;&nbsp;<a href=\"http:\/\/www.ngprague.cz\/en\/about\/buildings\/salm-palace\" style=\"outline: none;\" data-lt-tmp-id=\"lt-359534\" spellcheck=\"false\" target=\"_blank\" rel=\"noopener\">Galerie Nationale Palais Salm<\/a><a href=\"http:\/\/www.ngprague.cz\/en\/about\/buildings\/salm-palace\" style=\"outline: none;\" data-lt-tmp-id=\"lt-359534\" spellcheck=\"false\" target=\"_blank\" rel=\"noopener\"><\/a><\/li>\n<\/ul>\n","protected":false},"excerpt":{"rendered":"<p>Le Palais de Salm fait partie de la Galerie nationale de Prague, l&rsquo;un des mus\u00e9es les plus importants de Prague . Dans ses salles historiques, il pr\u00e9sente des \u0153uvres d&rsquo;art du XIXe si\u00e8cle. Dans ce guide complet de la Nationalgalerie Palais Salm, vous apprendrez tout sur l&rsquo;exposition, son histoire et des informations utiles sur l&rsquo;acc\u00e8s [&hellip;]<\/p>\n","protected":false},"author":6,"featured_media":1519,"parent":137,"menu_order":0,"comment_status":"closed","ping_status":"closed","template":"","meta":{"footnotes":""},"categories":[],"tags":[22,19],"class_list":["post-820","page","type-page","status-publish","has-post-thumbnail","hentry","tag-museum","tag-sehenswuerdigkeiten","post-wrapper","thrv_wrapper"],"_links":{"self":[{"href":"https:\/\/praguetouristinformation.com\/fr\/wp-json\/wp\/v2\/pages\/820","targetHints":{"allow":["GET"]}}],"collection":[{"href":"https:\/\/praguetouristinformation.com\/fr\/wp-json\/wp\/v2\/pages"}],"about":[{"href":"https:\/\/praguetouristinformation.com\/fr\/wp-json\/wp\/v2\/types\/page"}],"author":[{"embeddable":true,"href":"https:\/\/praguetouristinformation.com\/fr\/wp-json\/wp\/v2\/users\/6"}],"replies":[{"embeddable":true,"href":"https:\/\/praguetouristinformation.com\/fr\/wp-json\/wp\/v2\/comments?post=820"}],"version-history":[{"count":0,"href":"https:\/\/praguetouristinformation.com\/fr\/wp-json\/wp\/v2\/pages\/820\/revisions"}],"up":[{"embeddable":true,"href":"https:\/\/praguetouristinformation.com\/fr\/wp-json\/wp\/v2\/pages\/137"}],"wp:featuredmedia":[{"embeddable":true,"href":"https:\/\/praguetouristinformation.com\/fr\/wp-json\/wp\/v2\/media\/1519"}],"wp:attachment":[{"href":"https:\/\/praguetouristinformation.com\/fr\/wp-json\/wp\/v2\/media?parent=820"}],"wp:term":[{"taxonomy":"category","embeddable":true,"href":"https:\/\/praguetouristinformation.com\/fr\/wp-json\/wp\/v2\/categories?post=820"},{"taxonomy":"post_tag","embeddable":true,"href":"https:\/\/praguetouristinformation.com\/fr\/wp-json\/wp\/v2\/tags?post=820"}],"curies":[{"name":"wp","href":"https:\/\/api.w.org\/{rel}","templated":true}]}}