{"id":818,"date":"2020-10-19T11:44:14","date_gmt":"2020-10-19T11:44:14","guid":{"rendered":"http:\/\/praguetouristinformation.com\/?page_id=818"},"modified":"2023-05-04T14:30:46","modified_gmt":"2023-05-04T14:30:46","slug":"palais-schwarzenberg","status":"publish","type":"page","link":"https:\/\/praguetouristinformation.com\/fr\/choses-a-faire\/musees\/palais-schwarzenberg","title":{"rendered":"Guide du ch\u00e2teau Schwarzenberg : Informations, exposition, entr\u00e9e"},"content":{"rendered":"<h3 id=\"t-1670591738820\">Le palais Schwarzenberg du ch\u00e2teau de Prague est l&rsquo;un des plus beaux \u00e9difices Renaissance de Boh\u00eame.&nbsp;<\/h3>\n<p>Le palais abrite une exposition de sculptures et de peintures de la Renaissance et du baroque.<\/p>\n<p>Dans ce guide complet du ch\u00e2teau de Schwarzenberg, vous apprendrez tout sur l&rsquo;exposition, l&rsquo;histoire et des informations utiles sur la fa\u00e7on de s&rsquo;y rendre et les billets.<\/p>\n<h2 id=\"t-1670591738821\">Que puis-je faire au ch\u00e2teau Schwarzenberg ?<\/h2>\n<p><span><img decoding=\"async\" alt=\"\" data-id=\"4126\" width=\"735\" data-init-width=\"1000\" height=\"548\" data-init-height=\"746\" title=\"Palais Schwarzenberg Prague R\u00e9publique Tch\u00e8que\" loading=\"lazy\" src=\"http:\/\/praguetouristinformation.com\/wp-content\/uploads\/2022\/12\/Schwarzenberg-Palace-Prague-Czech-Republic3.jpg\" data-width=\"735\" data-height=\"548\" data-pin-media=\"http:\/\/praguetouristinformation.com\/wp-content\/uploads\/2021\/01\/17.jpg\" data-pin-description=\"Guide du ch\u00e2teau Schwarzenberg : informations, exposition, entr\u00e9e\" data-pin-url=\"https:\/\/praguetouristinformation.com\/fr\/choses-a-faire\/musees\/palais-schwarzenberg?tve=true&amp;tcbf=653ee5414e\" data-pinpro-key=\"9n6divpjh\"><\/span><\/p>\n<p>Le palais Schwarzenberg fait partie de la Galerie nationale de Prague.&nbsp;<\/p>\n<h3>1. Exposition permanente<\/h3>\n<ul>\n<li><strong>Exposition permanente <\/strong><strong>\u00ab Ma\u00eetres anciens \u00bb :<\/strong> r\u00e9partie <strong>&nbsp;<\/strong>sur trois \u00e9tages, vous pourrez admirer une collection compl\u00e8te sur le th\u00e8me de l&rsquo;art baroque tch\u00e8que. L&rsquo;accent est mis sur la p\u00e9riode comprise entre le XVIe et le XVIIIe si\u00e8cle.<\/li>\n<li><strong>Objets s\u00e9lectionn\u00e9s : Les expositions comprennent \u00e9galement des peintures de la c\u00e9l\u00e8bre Kunstkammer de l&#8217;empereur Rodolphe II, dont la \u00ab F\u00eate du <\/strong><strong>Rosaire<\/strong> \u00bb d&rsquo; Albrecht D\u00fcrer . Sont \u00e9galement expos\u00e9es des \u0153uvres de Petr Brandl, Rubens, Rembrandt, Karel \u0160kr\u00e9ta et bien d&rsquo;autres.<\/li>\n<li><strong>Rez-de-chauss\u00e9e :<\/strong> Trois salles d&rsquo;exposition au rez-de-chauss\u00e9e du Palais accueillent occasionnellement des expositions de la National Gallery.<\/li>\n<\/ul>\n<h3><span style=\"color: var(--tcb-skin-color-4); font-family: Literata; font-size: 26px; font-weight: var(--g-bold-weight,bold);\">2. Expositions temporaires<\/span><\/h3>\n<p>Un aper\u00e7u actuel et un aper\u00e7u des expositions temporaires peuvent \u00eatre trouv\u00e9s <a href=\"http:\/\/www.ngprague.cz\/en\/exhibitions-and-events\/exhibitions\" target=\"_blank\" style=\"outline: none;\" rel=\"noopener\">ici.<\/a><\/p>\n<h3>3. Architecture<\/h3>\n<p>Mais non seulement la collection du palais Schwarzenberg est impressionnante, mais le b\u00e2timent \u00e0 trois ailes lui-m\u00eame m\u00e9rite d\u00e9j\u00e0 une visite. En tant que l&rsquo;un des plus beaux et des plus importants \u00e9difices de la Renaissance \u00e0 Prague, le Palais Schwarzenberg se distingue parmi les <a data-id=\"137\" data-type=\"page\" href=\"https:\/\/praguetouristinformation.com\/fr\/choses-a-faire\/musees\" style=\"outline: none;\">mus\u00e9es de Prague<\/a> .<\/p>\n<p><strong>La fa\u00e7ade<\/strong> , qui brille avec des d\u00e9corations \u00e9labor\u00e9es de <strong>sgraffites<\/strong> , est particuli\u00e8rement inhabituelle . L&rsquo;int\u00e9rieur du b\u00e2timent Renaissance est \u00e9galement merveilleusement d\u00e9cor\u00e9 de pr\u00e9cieuses <strong>peintures au plafond<\/strong> du XVIe si\u00e8cle.<\/p>\n<h2 id=\"t-1670591738823\">Entr\u00e9e, billets et visites guid\u00e9es<\/h2>\n<p><span><img decoding=\"async\" alt=\"\" data-id=\"4128\" width=\"735\" data-init-width=\"1000\" height=\"492\" data-init-height=\"669\" title=\"Touristes,Marche,Pass,Schwarzenberg,Palace,,Cela,D\u00e9cor\u00e9,Avec,Sgraffito.\" loading=\"lazy\" src=\"http:\/\/praguetouristinformation.com\/wp-content\/uploads\/2022\/12\/Schwarzenberg-Palace-Prague-Czech-Republic1.jpg\" data-width=\"735\" data-height=\"492\" data-pin-media=\"http:\/\/praguetouristinformation.com\/wp-content\/uploads\/2021\/01\/17.jpg\" data-pin-description=\"Guide du ch\u00e2teau Schwarzenberg : informations, exposition, entr\u00e9e\" data-pin-url=\"https:\/\/praguetouristinformation.com\/fr\/choses-a-faire\/musees\/palais-schwarzenberg?tve=true&amp;tcbf=653ee5414e\" data-pinpro-key=\"ivaq9bvvr\"><\/span><\/p>\n<ul>\n<li><strong>Entr\u00e9e :&nbsp;<\/strong> Les enfants et les jeunes de moins de 26 ans b\u00e9n\u00e9ficient d&rsquo;une entr\u00e9e gratuite.<\/li>\n<li><strong>Billets :<\/strong> Les prix d&rsquo;entr\u00e9e actuels pour l&rsquo;exposition permanente du ch\u00e2teau Schwarzenberg peuvent \u00eatre consult\u00e9s sur le site <a href=\"http:\/\/www.ngprague.cz\/en\/event\/407\/old-masters\/4429\/tickets\" target=\"_blank\" style=\"outline: none;\" rel=\"noopener\">officiel<\/a> .<\/li>\n<li><strong>Billet combin\u00e9 :&nbsp;<\/strong> Il existe un laissez-passer de 10 jours qui donne acc\u00e8s \u00e0 toutes les expositions permanentes de la National Gallery. Vous pouvez en savoir plus \u00e0 ce sujet sur le <a href=\"http:\/\/www.ngprague.cz\/en\/about\/admission\" target=\"_blank\" style=\"outline: none;\" rel=\"noopener\">site<\/a> de la National Gallery.<\/li>\n<li><strong>Visites guid\u00e9es :<\/strong> Il n&rsquo;y a actuellement aucune visite guid\u00e9e du ch\u00e2teau Schwarzenberg.<\/li>\n<\/ul>\n<h2 id=\"t-1670591738824\">Comment se rendre au ch\u00e2teau Schwarzenberg ?<\/h2>\n<p>Le Palais Schwarzenberg est situ\u00e9 dans le quartier du <a href=\"https:\/\/praguetouristinformation.com\/fr\/choses-a-faire\/chateau\" style=\"outline: none;\">Ch\u00e2teau de Prague<\/a> . Le moyen le plus simple de s&rsquo;y rendre est le tram num\u00e9ro 22. Vous pouvez le prendre depuis <a data-id=\"742\" data-type=\"page\" href=\"https:\/\/praguetouristinformation.com\/fr\/choses-a-faire\/vieille-ville\" style=\"outline: none;\">la vieille ville de Prague<\/a> jusqu&rsquo;\u00e0 l&rsquo;arr\u00eat \u00ab Pra\u017esk\u00fd hrad \u00bb (Ch\u00e2teau de Prague).<\/p>\n<p>Les visiteurs trouveront le Palais Schwarzenberg sur la Place du Ch\u00e2teau du Ch\u00e2teau de Prague.<\/p>\n<h2 id=\"t-1670591738825\">Histoire du Palais Schwarzenberg<\/h2>\n<p><span><img decoding=\"async\" alt=\"\" data-id=\"4125\" width=\"735\" data-init-width=\"1000\" height=\"490\" data-init-height=\"667\" title=\"Palais Schwarzenberg Prague R\u00e9publique Tch\u00e8que\" loading=\"lazy\" src=\"http:\/\/praguetouristinformation.com\/wp-content\/uploads\/2022\/12\/Schwarzenberg-Palace-Prague-Czech-Republic2.jpg\" data-width=\"735\" data-height=\"490\" data-pin-media=\"http:\/\/praguetouristinformation.com\/wp-content\/uploads\/2021\/01\/17.jpg\" data-pin-description=\"Guide du ch\u00e2teau Schwarzenberg : informations, exposition, entr\u00e9e\" data-pin-url=\"https:\/\/praguetouristinformation.com\/fr\/choses-a-faire\/musees\/palais-schwarzenberg?tve=true&amp;tcbf=653ee5414e\" data-pinpro-key=\"oahyd5tc8\"><\/span><\/p>\n<p>Le palais Schwarzenberg a \u00e9t\u00e9 construit entre 1545 et 1567 par Augustin Vlach sur le c\u00f4t\u00e9 sud de la Burgplatz dans le style de la Renaissance italienne.<\/p>\n<p>\u00c9rig\u00e9 \u00e0 l&rsquo;origine pour la famille noble Lobkowicz, le magnifique b\u00e2timent, qui impressionne par sa fa\u00e7ade sgraffiti noire distinctive, n&rsquo;est entr\u00e9 en possession du prince zu Schwarzenberg que par mariage en 1719.<\/p>\n<p>Apr\u00e8s la prise du pouvoir par les communistes, le palais a \u00e9t\u00e9 utilis\u00e9 comme mus\u00e9e d&rsquo;histoire militaire.<\/p>\n<p>Depuis 2002, avec le <a data-id=\"820\" data-type=\"page\" href=\"https:\/\/praguetouristinformation.com\/fr\/choses-a-faire\/musees\/palais-salm\" style=\"outline: none;\">Palais Salm<\/a> voisin, il appartient \u00e0 la Galerie nationale de Prague, qui a enti\u00e8rement r\u00e9nov\u00e9 la maison. En 2008, le palais Schwarzenberg a \u00e9t\u00e9 ouvert au public en tant que galerie d&rsquo;art.<\/p>\n<h2 id=\"t-1670591738826\">Contacter<\/h2>\n<ul>\n<li><strong>Adresse :<\/strong> Schwarzenberg Palast, Hrad\u010dansk\u00e9 n\u00e1m. 2, 118 00 Prague 1-Hrad\u010dany<\/li>\n<li><strong>Transports publics :<\/strong> tram ligne 22 jusqu&rsquo;\u00e0 \u00ab\u00a0Pra\u017esk\u00fd hrad\u00a0\u00bb<\/li>\n<li><strong>Horaires d&rsquo;ouverture<\/strong> : Vous pouvez trouver les horaires d&rsquo;ouverture actuels sur le <a href=\"http:\/\/www.ngprague.cz\/en\/about\/buildings\/schwarzenberg-palace\" target=\"_blank\" rel=\"noopener\">site internet<\/a> du Ch\u00e2teau Schwarzenberg.<\/li>\n<li><strong>Site internet : <\/strong>&nbsp;<a data-id=\"http:\/\/www.ngprague.cz\/en\/about\/buildings\/schwarzenberg-palace\" data-type=\"URL\" href=\"http:\/\/www.ngprague.cz\/en\/about\/buildings\/schwarzenberg-palace\" target=\"_blank\" style=\"outline: none;\" rel=\"noopener\">Palais Schwarzenberg \u00e0 Prague<\/a><\/li>\n<\/ul>\n","protected":false},"excerpt":{"rendered":"<p>Le palais Schwarzenberg du ch\u00e2teau de Prague est l&rsquo;un des plus beaux \u00e9difices Renaissance de Boh\u00eame.&nbsp; Le palais abrite une exposition de sculptures et de peintures de la Renaissance et du baroque. Dans ce guide complet du ch\u00e2teau de Schwarzenberg, vous apprendrez tout sur l&rsquo;exposition, l&rsquo;histoire et des informations utiles sur la fa\u00e7on de s&rsquo;y [&hellip;]<\/p>\n","protected":false},"author":6,"featured_media":1530,"parent":137,"menu_order":0,"comment_status":"open","ping_status":"closed","template":"","meta":{"footnotes":""},"categories":[],"tags":[22,19],"class_list":["post-818","page","type-page","status-publish","has-post-thumbnail","hentry","tag-museum","tag-sehenswuerdigkeiten","post-wrapper","thrv_wrapper"],"_links":{"self":[{"href":"https:\/\/praguetouristinformation.com\/fr\/wp-json\/wp\/v2\/pages\/818","targetHints":{"allow":["GET"]}}],"collection":[{"href":"https:\/\/praguetouristinformation.com\/fr\/wp-json\/wp\/v2\/pages"}],"about":[{"href":"https:\/\/praguetouristinformation.com\/fr\/wp-json\/wp\/v2\/types\/page"}],"author":[{"embeddable":true,"href":"https:\/\/praguetouristinformation.com\/fr\/wp-json\/wp\/v2\/users\/6"}],"replies":[{"embeddable":true,"href":"https:\/\/praguetouristinformation.com\/fr\/wp-json\/wp\/v2\/comments?post=818"}],"version-history":[{"count":0,"href":"https:\/\/praguetouristinformation.com\/fr\/wp-json\/wp\/v2\/pages\/818\/revisions"}],"up":[{"embeddable":true,"href":"https:\/\/praguetouristinformation.com\/fr\/wp-json\/wp\/v2\/pages\/137"}],"wp:featuredmedia":[{"embeddable":true,"href":"https:\/\/praguetouristinformation.com\/fr\/wp-json\/wp\/v2\/media\/1530"}],"wp:attachment":[{"href":"https:\/\/praguetouristinformation.com\/fr\/wp-json\/wp\/v2\/media?parent=818"}],"wp:term":[{"taxonomy":"category","embeddable":true,"href":"https:\/\/praguetouristinformation.com\/fr\/wp-json\/wp\/v2\/categories?post=818"},{"taxonomy":"post_tag","embeddable":true,"href":"https:\/\/praguetouristinformation.com\/fr\/wp-json\/wp\/v2\/tags?post=818"}],"curies":[{"name":"wp","href":"https:\/\/api.w.org\/{rel}","templated":true}]}}