{"id":816,"date":"2020-10-19T11:43:02","date_gmt":"2020-10-19T11:43:02","guid":{"rendered":"http:\/\/praguetouristinformation.com\/?page_id=816"},"modified":"2023-05-04T11:35:02","modified_gmt":"2023-05-04T11:35:02","slug":"palais-lobkowicz","status":"publish","type":"page","link":"https:\/\/praguetouristinformation.com\/fr\/choses-a-faire\/musees\/palais-lobkowicz","title":{"rendered":"Guide du Palais Lobkowicz\u00a0: Mus\u00e9e, concerts et billets"},"content":{"rendered":"\n<p><\/p>\n\n\n<h3>Das Palais Lobkowicz aus dem 16. Jahrhundert geh\u00f6rt zum Komplex der <a data-id=\"738\" data-type=\"page\" href=\"http:\/\/praguetouristinformation.com\/sehenswuerdigkeiten\/burg\">Prager Burg<\/a>.<\/h3>\n<p>Es beherbergt die private Kunstsammlung der Familie Lobkowicz und ist eine beliebte Veranstaltungsst\u00e4tte f\u00fcr klassische Konzerte.<\/p>\n<p>In diesem kompletten Guide zum Lobkowicz-Palast erfahren Sie alles \u00fcber die Ausstellung, Mittagskonzerte, Geschichte sowie hilfreiche Ausk\u00fcnfte zu Anfahrt und Tickets.<\/p>\n<p>Los geht&rsquo;s!<\/p>\n<h2 id=\"t-1670590360025\">Was kann ich im Palais Lobkowicz machen?<\/h2>\n<p><span><img decoding=\"async\" alt=\"\" data-id=\"4123\" width=\"735\" data-init-width=\"1000\" height=\"442\" data-init-height=\"601\" title=\"Lobkowicz Palace Prague Czech Republic\" loading=\"lazy\" src=\"http:\/\/praguetouristinformation.com\/wp-content\/uploads\/2022\/12\/Lobkowicz-Palace-Prague-Czech-Republic.jpg\" data-width=\"735\" data-height=\"442\"><\/span><\/p>\n<p>Das Palais Lobkowicz ist nicht nur ein Muss f\u00fcr Kunstliebhaber, sondern auch f\u00fcr Architektur- und Geschichtsfreunde.<\/p>\n<p>Folgende Erlebnisse bietet das Palais:<\/p>\n<h3 id=\"t-1670590360026\">1. Lobkowicz Museum<\/h3>\n<p>Die reiche Sammlung der Familie Lobkowicz ist die \u00e4lteste und gr\u00f6\u00dfte private Kunstsammlung in Tschechien, weswegen das Museum Lobkowicz zu den sehenswertesten <a data-id=\"137\" data-type=\"page\" href=\"http:\/\/praguetouristinformation.com\/sehenswuerdigkeiten\/museum\" style=\"outline: none;\">Museen in Prag<\/a> geh\u00f6rt.<\/p>\n<p><span style=\"text-decoration: underline;\">Besucher*innen k\u00f6nnen in den 22 Ausstellungsr\u00e4umen folgendes bewundern:<\/span><\/p>\n<ul>\n<li><strong>Weltber\u00fchmte Gem\u00e4lde<\/strong> von Bruegel, Vel\u00e1zquez, Canaletto, Cranach und vielen mehr<\/li>\n<li><strong>Ausstellung<\/strong> von <strong>Familien- und K\u00f6nigsportr\u00e4ts <\/strong><\/li>\n<li><strong>Sammlung mit Waffen und R\u00fcstungen<\/strong><\/li>\n<li><strong>Musikinstrumente<\/strong> sowie <strong>handkommentierte Originalmanuskripte<\/strong> von einigen der gr\u00f6\u00dften Komponisten der Welt, darunter Mozart, Beethoven und Haydn.<\/li>\n<li>Im Palaismuseum ist zudem eine <strong>Bibliothek<\/strong> sowie eine Sammlung von <strong>Keramik<\/strong> und feinem <strong>Porzellan<\/strong> untergebracht.<\/li>\n<\/ul>\n<h3 id=\"t-1670590360027\">2. Klassische Mittagskonzerte<\/h3>\n<p>Im Ambiente des barocken Konzertsaals des Palais Lobkowicz bietet sich Besucher*innen eine einmalige Kulisse f\u00fcr klassische Konzerte.<\/p>\n<p>Bei den Mittagskonzerten, die t\u00e4glich im Palais stattfinden, k\u00f6nnen Sie ber\u00fchmte Werke von Bach, Vivaldi oder dem tschechischen Nationalkomponisten Smetana lauschen.<\/p>\n<p>Beeindruckend ist auch der Konzertsaal selbst, der aus dem 17. Jahrhundert stammt und mit reichen Deckenfresken verziert ist.<\/p>\n<h3 id=\"t-1670590360028\">3. Cafe im Palais Lobkowicz<\/h3>\n<p>Das Lobkowicz Palace Caf\u00e9 befindet sich im Erdgeschoss des Palais und begeistert seine Besucher durch seine herrliche Terrasse.<\/p>\n<p>Besucher*innen k\u00f6nnen bei hausgemachten Speisen und den preisgekr\u00f6nten Weinen und Bier den sch\u00f6nen Blick auf Prag genie\u00dfen.<\/p>\n<h3>4. Souvenirshop<\/h3>\n<p>Im Souvenirshop finden Besucher eine breite Auswahl an typischen <a data-id=\"326\" data-type=\"page\" href=\"http:\/\/praguetouristinformation.com\/shopping\/souvenirs\" style=\"outline: none;\">Prager Mitbringsel<\/a> wie mundgeblasenes Glas, Seidenschals oder handgefertigter Schmuck. Beliebt sind auch die preisgekr\u00f6nten Lobkowicz Weine. Eine Vielzahl der Souvenirs wurde von den Kunstsammlungen inspiriert.<\/p>\n<h2 id=\"t-1670590360029\">Eintritt, Tickets und F\u00fchrungen<\/h2>\n<ul>\n<li><strong>Eintritt:&nbsp;<\/strong>Die aktuellen Eintrittspreise k\u00f6nnen Sie der offiziellen&nbsp;<a href=\"https:\/\/www.lobkowicz.cz\/de\/palais-lobkowicz\" target=\"_blank\" rel=\"noopener\">Webseite<\/a>&nbsp;des Palais entnehmen.<\/li>\n<\/ul>\n<ul>\n<li><strong>Ticket f\u00fcr ein Mittagskonzert:&nbsp;<\/strong>Der Konzertsaal des Palais Lobkowicz dient jeden Mittag als Austragungsort von klassischen Konzerten. Kaufen Sie Ihr&nbsp;<a data-lt-tmp-id=\"lt-433870\" href=\"https:\/\/www.getyourguide.de\/prag-l10\/prag-romantisches-mittagskonzert-im-palais-lobkowicz-t48430\/?partner_id=0F6NPGN&amp;utm_medium=suppliers&amp;placement=%22other%22&amp;cmp=Prag\" rel=\"nofollow noopener\" spellcheck=\"false\" target=\"_blank\" style=\"outline: none;\">Ticket f\u00fcr ein Mittagskonzert im Lobkowicz Palast hier online<\/a>&nbsp;und sichern Sie sich Ihren Platz f\u00fcr Ihren Wunschtermin.<strong><\/strong><\/li>\n<li><strong>Kombiticket:&nbsp;<\/strong>Besucher k\u00f6nnen ein Kombiticket, das Zutritt zum Palais Lobkowicz und 5 Attraktionen der Prager Burg (Veitsdom, Alter K\u00f6nigspalast, Goldenes G\u00e4sschen, St. Georgs Basilika) bietet, erwerben. Kaufen Sie Ihr&nbsp;<a href=\"https:\/\/www.getyourguide.de\/prag-l10\/lobkowicz-palast-und-prager-burg-tickets-fur-den-eintritt-t189021\/?partner_id=0F6NPGN&amp;utm_medium=suppliers&amp;placement=%22other%22&amp;cmp=Prag\" rel=\"nofollow noopener\" target=\"_blank\" style=\"outline: none;\">Kombiticket f\u00fcr den Lobkowicz-Palast und Prager Burg hier<\/a>&nbsp;vorab Ihrer Reise und sparen Sie sich das Schlangestehen.<strong><\/strong><\/li>\n<li><strong>Kombiticket:&nbsp;<\/strong>Ein Kombiticket, das Zutritt zum Palais Lobkowicz und den Besuch eines Konzerts im Palais beinhaltet, ist ebenfalls erh\u00e4ltlich. Buchen Sie das Kombiticket mit gew\u00e4hlter Option&nbsp;<a href=\"https:\/\/www.getyourguide.de\/prag-l10\/prag-romantisches-mittagskonzert-im-palais-lobkowicz-t48430\/?partner_id=0F6NPGN&amp;utm_medium=suppliers&amp;placement=%22other%22&amp;cmp=Prag\" rel=\"nofollow noopener\" target=\"_blank\" style=\"outline: none;\">hier<\/a>!<strong><\/strong><\/li>\n<li><strong>Kombiticket:&nbsp;<\/strong>Es gibt ein Kombiticket, das Zutritt zum Palais Lobkowicz und dem Loreto gew\u00e4hrt.<strong><\/strong><\/li>\n<li><strong>F\u00fchrung\/<\/strong>&nbsp;<strong>Audioguide:&nbsp;<\/strong>Ein kostenloser Audioguide in 9 Sprachen f\u00fchrt Besucher durch die hochkar\u00e4tige Sammlung. Der Audioguide mit Informationen zur europ\u00e4ischen Geschichte und der 700-j\u00e4hrigen Historie der Familie Lobkowicz ist im Ticketpreis enthalten. Die Dauer des Audioguides betr\u00e4gt eine Stunde.<\/li>\n<\/ul>\n<h2 id=\"t-1670590360031\">Wie komme ich zum Palais Lobkowicz?<\/h2>\n<p>Das Palais Lobkowicz befindet sich auf dem Areal der Prager Burg. Am einfachsten erreichen Sie sie mit der Stra\u00dfenbahnlinie 22. Mit dieser fahren Sie von der <a data-id=\"742\" data-type=\"page\" href=\"http:\/\/praguetouristinformation.com\/sehenswuerdigkeiten\/altstadt\">Prager Altstadt<\/a> aus bis zur Haltestelle \u201ePra\u017esk\u00fd hrad\u201c (Prager Burg).<\/p>\n<p>Das Palais steht im \u00f6stlichen Teil der Prager Burg.<\/p>\n<h2 id=\"t-1670590360032\">Geschichte des Palais Lobkowicz<\/h2>\n<p><span><img decoding=\"async\" alt=\"\" data-id=\"4122\" width=\"735\" data-init-width=\"1000\" height=\"490\" data-init-height=\"667\" title=\"Lobkowicz Palace Prague Czech Republic\" loading=\"lazy\" src=\"http:\/\/praguetouristinformation.com\/wp-content\/uploads\/2022\/12\/Lobkowicz-Palace-Prague-Czech-Republic-1.jpg\" data-width=\"735\" data-height=\"490\"><\/span><\/p>\n<p>Das Palais Lobkowicz auf der <a href=\"http:\/\/praguetouristinformation.com\/sehenswuerdigkeiten\/burg\">Prager Burg<\/a> wurde um 1550 von dem tschechischen Adeligen Jaroslav Pern\u0161tejn als repr\u00e4sentativer Sitz f\u00fcr seine Familie errichtet.<\/p>\n<p>Bedeutende historische Ereignisse sind mit dem Palast verbunden: als sich 1618 im <a data-id=\"685\" data-type=\"page\" href=\"http:\/\/praguetouristinformation.com\/sehenswuerdigkeiten\/burg\/alter-konigspalast\">Alten K\u00f6nigspalast<\/a> der Prager Burg der Zweite Prager Fenstersturz abspielte, suchten die von protestantischen Rebellen aus dem Fenster geworfenen katholischen Statthalter im Palais Lobkowicz Zuflucht, welche Polyxena von Pern\u0161tejn gew\u00e4hrte.<\/p>\n<p>Erst im Jahr 1623, als Polyxena von Pern\u0161tejn mit Zden\u011bk Vojt\u011bch von Lobkowicz heiratete, kam das Palais in den Besitz der Adelsfamilie Lobkowicz. In den n\u00e4chsten drei Jahrhunderten baute die Familie den Palast stellenweise um.<\/p>\n<p>Bis in das Jahr 1939 blieb das Barockpalais im Besitz der Familie Lobkowicz. Im Jahr 1939 wurden der Prachtbau und der gesamte Familienbesitz der Lobkowicz vom NS-Regime konfisziert. Nach dem Ende des Zweiten Weltkriegs 1945 bekam die Familie ihr Anwesen zur\u00fcck.<\/p>\n<p>Der Zustand war jedoch nur von kurzer Dauer: 1948 kam es wieder einmal zur Beschlagnahme des Besitzes, diesmal durch das kommunistische Regime.&nbsp;Erst im Jahr 2002, nach einem 12-j\u00e4hrigen R\u00fcckgabeprozess, wurde das Palais Lobkowicz wieder seinen rechtm\u00e4\u00dfigen Besitzern zur\u00fcckgegeben.<\/p>\n<p>Seit 2007 ist das Palais als Privatmuseum der \u00d6ffentlichkeit zug\u00e4nglich. Es ist heute das Einzige in Privatbesitz stehende Geb\u00e4ude im Prager Burgkomplex.<\/p>\n<h2 id=\"t-1670590360033\">Kontakt<\/h2>\n<ul>\n<li><strong>Adresse:<\/strong> Palais Lobkowicz, Ji\u0159sk\u00e1 3, 119 00 Prag<\/li>\n<li><strong>\u00d6ffentlicher Verkehr:<\/strong> Stra\u00dfenbahnlinie 22 bis \u201ePra\u017esk\u00fd hrad\u201c<\/li>\n<li><strong>\u00d6ffnungszeiten<\/strong>: Die aktuellen \u00d6ffnungszeiten k\u00f6nnen Sie der <a href=\"https:\/\/www.lobkowicz.cz\/en\/lobkowicz-palace\" target=\"_blank\" style=\"outline: none;\" rel=\"noopener\">Webseite<\/a> des Palais Lobkowicz entnehmen.<\/li>\n<li><strong>Webseite:<\/strong>&nbsp;<a href=\"https:\/\/www.lobkowicz.cz\/de\/palais-lobkowicz\" style=\"outline: none;\" data-lt-tmp-id=\"lt-426073\" spellcheck=\"false\" target=\"_blank\" rel=\"noopener\"> Palais Lobkowicz in Prag<\/a><\/li>\n<\/ul>","protected":false},"excerpt":{"rendered":"<p>Das Palais Lobkowicz aus dem 16. Jahrhundert geh\u00f6rt zum Komplex der Prager Burg. Es beherbergt die private Kunstsammlung der Familie Lobkowicz und ist eine beliebte Veranstaltungsst\u00e4tte f\u00fcr klassische Konzerte. In diesem kompletten Guide zum Lobkowicz-Palast erfahren Sie alles \u00fcber die Ausstellung, Mittagskonzerte, Geschichte sowie hilfreiche Ausk\u00fcnfte zu Anfahrt und Tickets. Los geht&rsquo;s! Was kann ich [&hellip;]<\/p>\n","protected":false},"author":6,"featured_media":1526,"parent":137,"menu_order":0,"comment_status":"open","ping_status":"closed","template":"","meta":{"footnotes":""},"categories":[],"tags":[22,19],"class_list":["post-816","page","type-page","status-publish","has-post-thumbnail","hentry","tag-museum","tag-sehenswuerdigkeiten","post-wrapper","thrv_wrapper"],"_links":{"self":[{"href":"https:\/\/praguetouristinformation.com\/fr\/wp-json\/wp\/v2\/pages\/816","targetHints":{"allow":["GET"]}}],"collection":[{"href":"https:\/\/praguetouristinformation.com\/fr\/wp-json\/wp\/v2\/pages"}],"about":[{"href":"https:\/\/praguetouristinformation.com\/fr\/wp-json\/wp\/v2\/types\/page"}],"author":[{"embeddable":true,"href":"https:\/\/praguetouristinformation.com\/fr\/wp-json\/wp\/v2\/users\/6"}],"replies":[{"embeddable":true,"href":"https:\/\/praguetouristinformation.com\/fr\/wp-json\/wp\/v2\/comments?post=816"}],"version-history":[{"count":0,"href":"https:\/\/praguetouristinformation.com\/fr\/wp-json\/wp\/v2\/pages\/816\/revisions"}],"up":[{"embeddable":true,"href":"https:\/\/praguetouristinformation.com\/fr\/wp-json\/wp\/v2\/pages\/137"}],"wp:featuredmedia":[{"embeddable":true,"href":"https:\/\/praguetouristinformation.com\/fr\/wp-json\/wp\/v2\/media\/1526"}],"wp:attachment":[{"href":"https:\/\/praguetouristinformation.com\/fr\/wp-json\/wp\/v2\/media?parent=816"}],"wp:term":[{"taxonomy":"category","embeddable":true,"href":"https:\/\/praguetouristinformation.com\/fr\/wp-json\/wp\/v2\/categories?post=816"},{"taxonomy":"post_tag","embeddable":true,"href":"https:\/\/praguetouristinformation.com\/fr\/wp-json\/wp\/v2\/tags?post=816"}],"curies":[{"name":"wp","href":"https:\/\/api.w.org\/{rel}","templated":true}]}}