{"id":785,"date":"2020-10-16T09:05:19","date_gmt":"2020-10-16T09:05:19","guid":{"rendered":"http:\/\/praguetouristinformation.com\/?page_id=785"},"modified":"2023-05-04T11:40:59","modified_gmt":"2023-05-04T11:40:59","slug":"technique","status":"publish","type":"page","link":"https:\/\/praguetouristinformation.com\/fr\/choses-a-faire\/musees\/technique","title":{"rendered":"Mus\u00e9e national technique\u00a0: Guide avec des informations sur l\u2019exposition, les billets et l\u2019histoire"},"content":{"rendered":"<h3>Le Mus\u00e9e technique national est l&rsquo;un des <a data-id=\"137\" data-type=\"page\" href=\"http:\/\/praguetouristinformation.com\/sehenswuerdigkeiten\/museum\" style=\"outline: none;\">mus\u00e9es les plus int\u00e9ressants de Prague<\/a> .<\/h3>\n<p>Le vaste b\u00e2timent du mus\u00e9e offre aux visiteurs un aper\u00e7u du monde de la technologie. La collection documente abondamment le d\u00e9veloppement de la technologie, de l&rsquo;industrie et des sciences naturelles dans la r\u00e9gion.<\/p>\n<p>Dans ce guide du Mus\u00e9e national technique, vous apprendrez tout sur l&rsquo;exposition, son histoire et des informations utiles sur la fa\u00e7on de s&rsquo;y rendre, les billets et les visites.<\/p>\n<h2 id=\"t-1670589656380\"><strong>Que puis-je faire au <\/strong><strong>Mus\u00e9e technique national <\/strong><strong>?<\/strong><\/h2>\n<p><span><img decoding=\"async\" alt=\"\" data-id=\"4119\" width=\"735\" data-init-width=\"1000\" height=\"560\" data-init-height=\"762\" title=\"Mus\u00e9e technique national de Prague, R\u00e9publique tch\u00e8que\" loading=\"lazy\" src=\"http:\/\/praguetouristinformation.com\/wp-content\/uploads\/2022\/12\/National-Technical-Museum-Prague-Czech-Republic-1.jpg\" data-width=\"735\" data-height=\"560\" data-pin-media=\"http:\/\/praguetouristinformation.com\/wp-content\/uploads\/2021\/03\/Prag_15-sehenswuerdigkeiten-fuer_kinder_pinterest.jpg\" data-pin-description=\"Top Sehensw\u00fcrdigkeit und unser Tipp: Das Technische Nationalmuseum\" data-pin-url=\"https:\/\/praguetouristinformation.com\/fr\/choses-a-faire\/musees\/technique?tve=true&amp;tcbf=1d49307baa\" data-pinpro-key=\"ys25eey9j\"><\/span><\/p>\n<p><span style=\"color: var(--tcb-skin-color-4); font-weight: var(--g-regular-weight,normal);\">Les expositions les plus passionnantes, dont des pi\u00e8ces rares et uniques, sont pr\u00e9sent\u00e9es dans les expositions permanentes ainsi que dans les expositions temporaires.&nbsp;<\/span><\/p>\n<h3 id=\"t-1670589656381\">exposition permanente<\/h3>\n<p>Au total, 15 expositions permanentes emm\u00e8nent les visiteurs dans un voyage instructif. L&rsquo;exposition sur le th\u00e8me des moyens de transport est particuli\u00e8rement populaire, o\u00f9 les visiteurs peuvent admirer de nombreuses locomotives \u00e0 vapeur, voitures anciennes, motos et avions. A voir \u00e9galement, l&rsquo;exposition permanente d&rsquo;astronomie avec une m\u00e9t\u00e9orite vieille de pr\u00e8s de 500 ans.<\/p>\n<p><strong>Voici un aper\u00e7u de toutes les expositions permanentes :<\/strong><\/p>\n<ul>\n<li>Mode de transport<\/li>\n<li>Architecture, construction et conception<\/li>\n<li>Astronomie<\/li>\n<li>impression<\/li>\n<li>Photo<\/li>\n<li>la chimie qui nous entoure<\/li>\n<li>InterCamera \u2013 espace, couleur et mouvement<\/li>\n<li>Salle de jeux Mercure<\/li>\n<li>La technologie dans le m\u00e9nage (appareils \u00e9lectrom\u00e9nagers)<\/li>\n<li>technologie dans les jouets<\/li>\n<li>Exploitation mini\u00e8re&nbsp;<\/li>\n<li>M\u00e9tallurgie\/ M\u00e9tallurgie<\/li>\n<li>chronom\u00e9trage<\/li>\n<li>sucre et chocolat<\/li>\n<li>studio de t\u00e9l\u00e9vision<\/li>\n<\/ul>\n<h3 id=\"t-1670589656382\">Expositions temporaires<\/h3>\n<p>De nombreuses expositions temporaires ont lieu au mus\u00e9e plusieurs fois par an et enrichissent l&rsquo;offre du mus\u00e9e.<\/p>\n<ul>\n<li>Un aper\u00e7u et un aper\u00e7u des expositions temporaires peuvent \u00eatre trouv\u00e9s <a href=\"http:\/\/www.ntm.cz\/en\/en-expozice\/vystavy\" target=\"_blank\" rel=\"noopener\">ici<\/a> .<strong><\/strong><\/li>\n<\/ul>\n<h3>Autres d\u00e9partements<\/h3>\n<p>Les visiteurs qui souhaitent approfondir le sujet peuvent en savoir plus dans les <strong>archives<\/strong> ou la <strong>biblioth\u00e8que<\/strong> du mus\u00e9e .<\/p>\n<p>Le mus\u00e9e dispose \u00e9galement d&rsquo;un <strong>centre de recherche<\/strong> .<\/p>\n<h3>Caf\u00e9 du mus\u00e9e<\/h3>\n<p>Le mus\u00e9e abrite un caf\u00e9 de style r\u00e9tro, qui impressionne par sa culture du caf\u00e9 et sa boulangerie traditionnelle. Le caf\u00e9 attache une grande importance aux produits frais et r\u00e9gionaux.<\/p>\n<h2 id=\"t-1670589656383\"><strong>Entr\u00e9e, billets et visites guid\u00e9es<\/strong><\/h2>\n<ul>\n<li><strong>Billet :&nbsp;<\/strong> Vous trouverez ici un aper\u00e7u des prix actuels des <a href=\"http:\/\/www.ntm.cz\/en\/en-muzeum\/navstivte-nas#vstupne\" target=\"_blank\" rel=\"noopener\">billets<\/a> .<\/li>\n<li><strong>Visite guid\u00e9e :&nbsp;<\/strong> Le vaste Mus\u00e9e national technique peut \u00eatre explor\u00e9 dans le cadre d&rsquo;une visite guid\u00e9e. Des visites guid\u00e9es sont disponibles en anglais et en tch\u00e8que.<\/li>\n<li><strong>Ateliers :<\/strong> Le mus\u00e9e propose \u00e9galement divers ateliers. Les tarifs en vigueur peuvent \u00eatre consult\u00e9s sur le <a href=\"http:\/\/www.ntm.cz\/en\/en-muzeum\/navstivte-nas#vstupne\" target=\"_blank\" rel=\"noopener\">site Internet<\/a> du mus\u00e9e .<\/li>\n<\/ul>\n<h2 id=\"t-1670589656384\"><strong>Comment se rendre au <\/strong><strong>Mus\u00e9e technique national ?<\/strong><\/h2>\n<p>Le Mus\u00e9e technique national est situ\u00e9 juste \u00e0 c\u00f4t\u00e9 du parc Letn\u00e1, au nord du centre-ville dans le <a data-id=\"1100\" data-type=\"page\" href=\"https:\/\/praguetouristinformation.com\/fr\/plan\/quartiers\" style=\"outline: none;\">quartier<\/a> de Prague 7 &nbsp; .<\/p>\n<p>Le moyen le plus simple de s&rsquo;y rendre en <a data-id=\"775\" data-type=\"page\" href=\"https:\/\/praguetouristinformation.com\/fr\/plan\/transports-en-commun\" style=\"outline: none;\">transports en commun est de prendre le tram 8 ou 26 depuis la vieille ville de Prague. <\/a>Prenez-le jusqu&rsquo;\u00e0 la station Letensk\u00e9 n\u00e1m\u011bst\u00ed, puis marchez environ 6 minutes.<\/p>\n<h2 id=\"t-1670589656386\"><strong>Histoire du Mus\u00e9e technique national<\/strong><\/h2>\n<p><span><img decoding=\"async\" alt=\"\" data-id=\"4120\" width=\"735\" data-init-width=\"1000\" height=\"490\" data-init-height=\"667\" title=\"Mus\u00e9e technique national de Prague, R\u00e9publique tch\u00e8que\" loading=\"lazy\" src=\"http:\/\/praguetouristinformation.com\/wp-content\/uploads\/2022\/12\/National-Technical-Museum-Prague-Czech-Republic.jpg\" data-width=\"735\" data-height=\"490\" data-pin-media=\"http:\/\/praguetouristinformation.com\/wp-content\/uploads\/2021\/03\/Prag_15-sehenswuerdigkeiten-fuer_kinder_pinterest.jpg\" data-pin-description=\"Top Sehensw\u00fcrdigkeit und unser Tipp: Das Technische Nationalmuseum\" data-pin-url=\"https:\/\/praguetouristinformation.com\/fr\/choses-a-faire\/musees\/technique?tve=true&amp;tcbf=1d49307baa\" data-pinpro-key=\"r5e2ac4to\"><\/span><\/p>\n<p>Le Mus\u00e9e technique national a \u00e9t\u00e9 fond\u00e9 en 1908 sous le nom de \u00ab\u00a0Mus\u00e9e technique du Royaume tch\u00e8que\u00a0\u00bb. En particulier, des professeurs d&rsquo;universit\u00e9s techniques tch\u00e8ques ont soutenu la fondation du mus\u00e9e.<\/p>\n<p>Le mus\u00e9e a ouvert sa premi\u00e8re exposition le 28 mars 1910 au <a data-id=\"818\" data-type=\"page\" href=\"https:\/\/praguetouristinformation.com\/fr\/choses-a-faire\/musees\/palais-schwarzenberg\" style=\"outline: none;\">Palais Schwarzenberg<\/a> .<\/p>\n<p>En 1939, le mus\u00e9e a \u00e9t\u00e9 rebaptis\u00e9 Mus\u00e9e technique national. Il se trouve \u00e0 son emplacement actuel pr\u00e8s du parc Letn\u00e1 depuis 1941. Le nouveau b\u00e2timent du mus\u00e9e a \u00e9t\u00e9 construit en 1938-1941 selon les plans de Milan Babu\u0161ka.<\/p>\n<p>Afin de permettre au b\u00e2timent de r\u00e9pondre aux besoins du mus\u00e9e, il a \u00e9t\u00e9 massivement r\u00e9nov\u00e9 entre 2003 et 2011.<\/p>\n<p>Le 16 f\u00e9vrier 2011, le Mus\u00e9e national technique a \u00e9t\u00e9 rendu accessible aux visiteurs et conna\u00eet depuis une grande popularit\u00e9.<\/p>\n<h2 id=\"t-1670589656387\"><strong>Contacter<\/strong><\/h2>\n<ul>\n<li><strong>Adresse&nbsp;:<\/strong> Mus\u00e9e technique national, Kosteln\u00ed 42, 170 78, Prague<strong><\/strong><\/li>\n<li><strong>Transports en commun :<\/strong> Tram ligne 8 ou 26 jusqu&rsquo;\u00e0 la station \u00ab Letensk\u00e9 n\u00e1m\u011bst\u00ed \u00bb<\/li>\n<li><strong>Horaires d&rsquo;ouverture<\/strong> : Les horaires d&rsquo;ouverture actuels peuvent \u00eatre consult\u00e9s sur le <a href=\"http:\/\/www.ntm.cz\/en\/en-muzeum\/navstivte-nas\" target=\"_blank\" rel=\"noopener\">site Internet<\/a> du mus\u00e9e .<strong><\/strong><\/li>\n<li><strong>Site web : <\/strong>&nbsp;<a href=\"http:\/\/www.ntm.cz\/en\" style=\"outline: none;\" data-lt-tmp-id=\"lt-884527\" spellcheck=\"false\" target=\"_blank\" rel=\"noopener\">Mus\u00e9e technique national de Prague<\/a><a href=\"http:\/\/www.ntm.cz\/en\" style=\"outline: none;\" data-lt-tmp-id=\"lt-884527\" spellcheck=\"false\" target=\"_blank\" rel=\"noopener\"><\/a><\/li>\n<\/ul>\n","protected":false},"excerpt":{"rendered":"<p>Le Mus\u00e9e technique national est l&rsquo;un des mus\u00e9es les plus int\u00e9ressants de Prague . Le vaste b\u00e2timent du mus\u00e9e offre aux visiteurs un aper\u00e7u du monde de la technologie. La collection documente abondamment le d\u00e9veloppement de la technologie, de l&rsquo;industrie et des sciences naturelles dans la r\u00e9gion. Dans ce guide du Mus\u00e9e national technique, vous [&hellip;]<\/p>\n","protected":false},"author":6,"featured_media":1541,"parent":137,"menu_order":0,"comment_status":"open","ping_status":"closed","template":"","meta":{"footnotes":""},"categories":[],"tags":[22,19],"class_list":["post-785","page","type-page","status-publish","has-post-thumbnail","hentry","tag-museum","tag-sehenswuerdigkeiten","post-wrapper","thrv_wrapper"],"_links":{"self":[{"href":"https:\/\/praguetouristinformation.com\/fr\/wp-json\/wp\/v2\/pages\/785","targetHints":{"allow":["GET"]}}],"collection":[{"href":"https:\/\/praguetouristinformation.com\/fr\/wp-json\/wp\/v2\/pages"}],"about":[{"href":"https:\/\/praguetouristinformation.com\/fr\/wp-json\/wp\/v2\/types\/page"}],"author":[{"embeddable":true,"href":"https:\/\/praguetouristinformation.com\/fr\/wp-json\/wp\/v2\/users\/6"}],"replies":[{"embeddable":true,"href":"https:\/\/praguetouristinformation.com\/fr\/wp-json\/wp\/v2\/comments?post=785"}],"version-history":[{"count":0,"href":"https:\/\/praguetouristinformation.com\/fr\/wp-json\/wp\/v2\/pages\/785\/revisions"}],"up":[{"embeddable":true,"href":"https:\/\/praguetouristinformation.com\/fr\/wp-json\/wp\/v2\/pages\/137"}],"wp:featuredmedia":[{"embeddable":true,"href":"https:\/\/praguetouristinformation.com\/fr\/wp-json\/wp\/v2\/media\/1541"}],"wp:attachment":[{"href":"https:\/\/praguetouristinformation.com\/fr\/wp-json\/wp\/v2\/media?parent=785"}],"wp:term":[{"taxonomy":"category","embeddable":true,"href":"https:\/\/praguetouristinformation.com\/fr\/wp-json\/wp\/v2\/categories?post=785"},{"taxonomy":"post_tag","embeddable":true,"href":"https:\/\/praguetouristinformation.com\/fr\/wp-json\/wp\/v2\/tags?post=785"}],"curies":[{"name":"wp","href":"https:\/\/api.w.org\/{rel}","templated":true}]}}