{"id":780,"date":"2020-10-15T15:13:27","date_gmt":"2020-10-15T15:13:27","guid":{"rendered":"http:\/\/praguetouristinformation.com\/?page_id=780"},"modified":"2023-05-04T13:38:14","modified_gmt":"2023-05-04T13:38:14","slug":"prague-la-nuit","status":"publish","type":"page","link":"https:\/\/praguetouristinformation.com\/fr\/prague-la-nuit","title":{"rendered":"Guide de la vie nocturne de Prague\u00a0: quartiers branch\u00e9s et bons plans"},"content":{"rendered":"<h1>Guide de la vie nocturne de Prague<\/h1>\n<p style=\"\">Les quartiers les plus branch\u00e9s de la vie nocturne de Prague.<\/p>\n<p style=\"\">\n<p style=\"\">\u00c0 l&rsquo;int\u00e9rieur des bars, des clubs, des restaurants et des conseils g\u00e9n\u00e9raux pour une soir\u00e9e anim\u00e9e dans la sc\u00e8ne de Prague.<\/p>\n<h2 id=\"t-1670492330127\">Que dois-je savoir ?<\/h2>\n<p dir=\"ltr\">Prague est une ville cosmopolite ! M\u00eame si la vie nocturne ne peut pas tout \u00e0 fait suivre celle des m\u00e9tropoles comme Londres ou Berlin, elle reste stimulante et excitante. Derri\u00e8re son patrimoine artistique et culturel, Prague cache aussi une \u00e2me jeune, qui se traduit par une vie nocturne anim\u00e9e.&nbsp;<\/p>\n<p dir=\"ltr\">Il y a des endroits o\u00f9 sortir pour tous les budgets : des pubs confortables et bon march\u00e9 aux bars chics et branch\u00e9s en passant par les discoth\u00e8ques outrageusement ch\u00e8res. La plupart des sites sont ouverts tous les jours de l&rsquo;ann\u00e9e, mais certains clubs en plein air n&rsquo;ouvrent qu&rsquo;en \u00e9t\u00e9.<\/p>\n<p dir=\"ltr\">Prague est une destination pour les fans de musique \u00e9lectronique et bien que les clubs puissent \u00eatre d\u00e9crits comme petits, la qualit\u00e9 est excellente. Si vous n&rsquo;aimez pas les discoth\u00e8ques, vous pouvez aller dans un bar avec de la musique live, une brasserie, un pub ou assister \u00e0 un concert classique.<\/p>\n<h3 id=\"t-1670492330128\">Conseils pour la vie nocturne<\/h3>\n<ul>\n<li style=\"\"><span style=\"\"><strong>Horaires d&rsquo;ouverture :<\/strong> Prague ne dort pas ! Du coucher du soleil jusqu&rsquo;aux petites heures du matin.&nbsp;<\/span><\/li>\n<li style=\"\"><span style=\"\"><strong>Quartier de la vie nocturne&nbsp;:<\/strong> du pont Charles \u00e0 la place de la vieille ville et \u00e0 la place Venceslas<\/span><\/li>\n<li><span><strong>Prix :<\/strong> Les prix europ\u00e9ens s&rsquo;appliquent.&nbsp;<\/span><\/li>\n<\/ul>\n<p style=\"\"><strong><span><span style=\"text-decoration: underline;\">Bi\u00e8re \u00e0 Prague :&nbsp;<\/span><\/span><\/strong> On dit que la meilleure bi\u00e8re est brass\u00e9e en R\u00e9publique tch\u00e8que, il y a environ 40 000 pubs \u00e0 travers le pays, avec 140 litres par habitant, le pays a la consommation de bi\u00e8re la plus \u00e9lev\u00e9e au monde.<\/p>\n<p style=\"\">De nombreuses marques de bi\u00e8re c\u00e9l\u00e8bres viennent de Prague et le pub est toujours consid\u00e9r\u00e9 comme le lieu de rencontre public le plus populaire.<!--[if !supportLineBreakNewLine]--><\/p>\n<p><span><a href=\"https:\/\/viennatouristinformation.com\/wp-content\/uploads\/2020\/09\/Beyoglu-at-Night-Itanbul-Turkey.jpg\" target=\"_blank\" rel=\"noopener\"><img decoding=\"async\" alt=\"Du pont Charles \u00e0 la place de la vieille ville de Prague\" data-id=\"2283\" data-init-width=\"1000\" data-init-height=\"667\" title=\"Du pont Charles \u00e0 la place de la vieille ville de Prague\" src=\"http:\/\/praguetouristinformation.com\/wp-content\/uploads\/2020\/12\/Karlsbruecke-bis-Altstaedter-Ring.jpg\" data-width=\"1000\" data-height=\"667\" data-link-wrap=\"true\" style=\"\" loading=\"lazy\" width=\"1000\" height=\"667\" data-pin-media=\"http:\/\/praguetouristinformation.com\/wp-content\/uploads\/2021\/02\/50.jpg\" data-pin-description=\"Nightlife Guide - Prague Tourist Information\" data-pin-url=\"http:\/\/praguetouristinformation.com\/nightlife?tve=true&amp;tcbf=a654d9bcc3\"><\/a><\/span><\/p>\n<h2 style=\"text-align: left;\" id=\"t-1670492330129\">Du pont Charles \u00e0 la place de la vieille ville<\/h2>\n<p>Entre le <a href=\"https:\/\/praguetouristinformation.com\/fr\/choses-a-faire\/le-pont-charles\" style=\"outline: none;\">pont Charles<\/a> et la <a href=\"https:\/\/praguetouristinformation.com\/fr\/choses-a-faire\/vieille-ville\/place-de-la-vieille-ville\" style=\"outline: none;\">place de la vieille ville,<\/a> il y a d&rsquo;innombrables bars, pubs et discoth\u00e8ques. Dans chaque ruelle de la vieille ville, il y a un endroit o\u00f9 vous pouvez faire la f\u00eate.<\/p>\n<p>Le Kalovy L\u00e1zn\u011b est le plus grand club d&rsquo;Europe centrale et est situ\u00e9 juste \u00e0 c\u00f4t\u00e9 du pont Charles. Diff\u00e9rents styles de musique sont jou\u00e9s sur 5 \u00e9tages. La foule est m\u00e9lang\u00e9e, locaux et touristes, \u00e9tudiants et retrait\u00e9s.<\/p>\n<p>Ce quartier est tr\u00e8s anim\u00e9 et fr\u00e9quent\u00e9 par les locaux et les touristes gr\u00e2ce aux nombreux clubs et pubs avec de la bonne bi\u00e8re, de la cuisine locale et de la musique live jusque tard dans la nuit.<\/p>\n<p>Il y a quelques restaurants plus exclusifs directement sur la rivi\u00e8re Vltava. Les exemples incluent le restaurant Kampa Park et La D\u00e9gustation Boh\u00eame Bourgeoise, le seul restaurant \u00e9toil\u00e9 Michelin de Prague.&nbsp;<\/p>\n<p><span><a href=\"https:\/\/viennatouristinformation.com\/wp-content\/uploads\/2020\/09\/Istanbul-Kadikoy-at-Night.jpg\" target=\"_blank\" rel=\"noopener\"><img decoding=\"async\" alt=\"Wenzelsplatz, Prague\" data-id=\"2285\" data-init-width=\"1000\" data-init-height=\"667\" title=\"Wenzelsplatz, Prague\" src=\"http:\/\/praguetouristinformation.com\/wp-content\/uploads\/2020\/12\/Wenzelsplatz.jpg\" data-width=\"1024\" data-height=\"683\" data-link-wrap=\"true\" style=\"\" loading=\"lazy\" width=\"1024\" height=\"683\" data-pin-media=\"http:\/\/praguetouristinformation.com\/wp-content\/uploads\/2021\/02\/50.jpg\" data-pin-description=\"Nightlife Guide - Prague Tourist Information\" data-pin-url=\"http:\/\/praguetouristinformation.com\/nightlife?tve=true&amp;tcbf=a654d9bcc3\"><\/a><\/span><\/p>\n<h2 id=\"t-1670492330130\">Place Venceslas<\/h2>\n<p>Il existe de nombreuses tavernes, pubs, clubs et discoth\u00e8ques sur et autour de <a href=\"https:\/\/praguetouristinformation.com\/fr\/choses-a-faire\/vieille-ville\/place-venceslas\" style=\"outline: none;\">la place Venceslas . <\/a>Il y en a pour tous les go\u00fbts ici.<\/p>\n<p>Le plus c\u00e9l\u00e8bre est le Club Duplex, un immense cube de verre qui occupe les deux derniers \u00e9tages d&rsquo;un immeuble de la place Venceslas. Ici, vous pouvez profiter de la vue pendant la journ\u00e9e et faire la f\u00eate la nuit. Mick Jagger y a f\u00eat\u00e9 ses 60 ans.<\/p>\n<p>Dans certaines rues lat\u00e9rales, il y a des \u00e9tablissements qui rappellent le quartier rouge.<\/p>\n<p><span><a href=\"https:\/\/viennatouristinformation.com\/wp-content\/uploads\/2020\/09\/Istanbul-Bosphorus-Night-Cruise-Turkey.jpg\" target=\"_blank\" rel=\"noopener\"><img decoding=\"async\" alt=\"D\u00eener-croisi\u00e8re Moldau \u00e0 Prague\" data-id=\"2288\" data-init-width=\"1000\" data-init-height=\"667\" title=\"D\u00eener-croisi\u00e8re Moldau \u00e0 Prague\" src=\"http:\/\/praguetouristinformation.com\/wp-content\/uploads\/2020\/12\/Moldau-Dinner-Cruise.jpg\" data-width=\"1024\" data-height=\"683\" data-link-wrap=\"true\" loading=\"lazy\" width=\"1024\" height=\"683\" data-pin-media=\"http:\/\/praguetouristinformation.com\/wp-content\/uploads\/2021\/02\/50.jpg\" data-pin-description=\"Nightlife Guide - Prague Tourist Information\" data-pin-url=\"http:\/\/praguetouristinformation.com\/nightlife?tve=true&amp;tcbf=a654d9bcc3\"><\/a><\/span><\/p>\n<h2 id=\"t-1670492330131\">Croisi\u00e8re D\u00eener Moldau<\/h2>\n<p data-v-55dc4b97=\"\" data-v-6c3bdb6d=\"\">Laissez-vous \u00e9blouir par les lumi\u00e8res de la ville, qui sont encore plus impressionnantes depuis l&rsquo;eau, et d\u00e9couvrez Prague sous un angle diff\u00e9rent.<\/p>\n<p>D\u00e9couvrez une magnifique vue panoramique sur le pont Charles illumin\u00e9, le ch\u00e2teau de Prague et la ligne d&rsquo;horizon de la ville aux mille fl\u00e8ches depuis le confort d&rsquo;un navire sur la rivi\u00e8re Vltava et traversez une \u00e9cluse historique.<\/p>\n<p>Profitez de l&rsquo;atmosph\u00e8re pendant qu&rsquo;un d\u00eener \u00e0 plusieurs plats est servi sur le pont. Lorsque le temps est frais, vous pouvez vous asseoir dans l&rsquo;int\u00e9rieur chauff\u00e9 et profiter de la vue \u00e0 travers les baies vitr\u00e9es panoramiques des bateaux fluviaux.<\/p>\n<p><span><a href=\"https:\/\/viennatouristinformation.com\/wp-content\/uploads\/2020\/09\/Istanbul-Bosphorus-Night-Cruise-Turkey.jpg\" target=\"_blank\" rel=\"noopener\"><img decoding=\"async\" alt=\"Tourn\u00e9e des pubs de Prague\" data-id=\"2290\" data-init-width=\"1000\" data-init-height=\"667\" title=\"Tourn\u00e9e des pubs de Prague\" src=\"http:\/\/praguetouristinformation.com\/wp-content\/uploads\/2020\/12\/Prag-Pub-Crawl.jpg\" data-width=\"1024\" data-height=\"683\" data-link-wrap=\"true\" loading=\"lazy\" width=\"1024\" height=\"683\" data-pin-media=\"http:\/\/praguetouristinformation.com\/wp-content\/uploads\/2021\/02\/50.jpg\" data-pin-description=\"Nightlife Guide - Prague Tourist Information\" data-pin-url=\"http:\/\/praguetouristinformation.com\/nightlife?tve=true&amp;tcbf=a654d9bcc3\"><\/a><\/span><\/p>\n<h2 id=\"t-1670492330132\">Tourn\u00e9e des pubs de Prague<\/h2>\n<p>La meilleure bi\u00e8re serait brass\u00e9e en R\u00e9publique tch\u00e8que et il y a environ 40 000 pubs \u00e0 travers le pays. Statistiquement, chaque habitant boit 140 litres de bi\u00e8re par an, soit la consommation de bi\u00e8re la plus \u00e9lev\u00e9e au monde.<\/p>\n<p>Le pub est toujours consid\u00e9r\u00e9 comme le lieu de rencontre public le plus populaire pour les Tch\u00e8ques. <!--[if !supportLineBreakNewLine]-->De nombreuses marques de bi\u00e8re c\u00e9l\u00e8bres proviennent de la R\u00e9publique tch\u00e8que telles que Pilsner Urquell, Budweiser, Radegast et bien d&rsquo;autres.<\/p>\n<p>Un guide exp\u00e9riment\u00e9 emm\u00e8ne les visiteurs en toute s\u00e9curit\u00e9 d&rsquo;un endroit \u00e0 l&rsquo;autre. Dans la plupart des tourn\u00e9es des pubs, les clients sont autoris\u00e9s \u00e0 boire autant qu&rsquo;ils le souhaitent dans le premier pub pendant une heure, afin que tout le monde puisse vraiment se mettre dans l&rsquo;ambiance. Les visites se terminent souvent dans un club qui reste ouvert jusqu&rsquo;au petit matin.<\/p>\n<p><span><a href=\"https:\/\/viennatouristinformation.com\/wp-content\/uploads\/2020\/09\/Istanbul-Bosphorus-Night-Cruise-Turkey.jpg\" target=\"_blank\" rel=\"noopener\"><img decoding=\"async\" alt=\"Concerts classiques \u00e0 Prague\" data-id=\"2291\" data-init-width=\"1000\" data-init-height=\"667\" title=\"Concerts classiques \u00e0 Prague\" src=\"http:\/\/praguetouristinformation.com\/wp-content\/uploads\/2020\/12\/Klassische-Konzerte.jpg\" data-width=\"1024\" data-height=\"683\" data-link-wrap=\"true\" loading=\"lazy\" width=\"1024\" height=\"683\" data-pin-media=\"http:\/\/praguetouristinformation.com\/wp-content\/uploads\/2021\/02\/50.jpg\" data-pin-description=\"Nightlife Guide - Prague Tourist Information\" data-pin-url=\"http:\/\/praguetouristinformation.com\/nightlife?tve=true&amp;tcbf=a654d9bcc3\"><\/a><\/span><\/p>\n<h2 id=\"t-1670492330133\">Concerts classiques<\/h2>\n<p>Prague a la r\u00e9putation d&rsquo;\u00eatre une ville de musique et de compositeurs, et la ville est surtout connue pour ses concerts classiques.<\/p>\n<p>Le plus connu est le <a href=\"https:\/\/praguetouristinformation.com\/fr\/choses-a-faire\/theatres\/etats\" style=\"outline: none;\">Th\u00e9\u00e2tre des \u00c9tats<\/a> , qui est entr\u00e9 dans l&rsquo;histoire avec la cr\u00e9ation de l&rsquo;op\u00e9ra Don Giovanni de Wolfgang Amadeus Mozart le 29 octobre 1787. Mozart a d\u00e9di\u00e9 cet op\u00e9ra au peuple de Prague.<\/p>\n<p>L&rsquo;Op\u00e9ra d&rsquo;\u00c9tat de Prague est \u00e9galement mondialement connu, o\u00f9 la premi\u00e8re de \u00ab\u00a0Die Meistersinger von N\u00fcrnberg\u00a0\u00bb de Richard Wagner a eu lieu le 5 janvier 1888.&nbsp;<\/p>\n<p>Les concerts dans la Basilique Saint-Georges du <a href=\"https:\/\/praguetouristinformation.com\/fr\/choses-a-faire\/chateau\" style=\"outline: none;\">Ch\u00e2teau de Prague<\/a> sont tr\u00e8s populaires. Des concerts de musique classique sont r\u00e9guli\u00e8rement organis\u00e9s dans de nombreuses \u00e9glises.<\/p>\n<p>Il existe \u00e9galement de nombreuses autres <a href=\"https:\/\/praguetouristinformation.com\/fr\/choses-a-faire\/theatres\" style=\"outline: none;\">sc\u00e8nes<\/a> qui proposent un programme aussi exigeant que vari\u00e9.<\/p>\n<p><span><img decoding=\"async\" alt=\"Attention aux pi\u00e8ges \u00e0 touristes, Prague\" data-id=\"2292\" width=\"1000\" data-init-width=\"1000\" height=\"667\" data-init-height=\"667\" title=\"Attention aux pi\u00e8ges \u00e0 touristes, Prague\" loading=\"lazy\" src=\"http:\/\/praguetouristinformation.com\/wp-content\/uploads\/2020\/12\/Vorsicht-Touristenfallen.jpg\" data-width=\"1000\" data-height=\"667\" data-pin-media=\"http:\/\/praguetouristinformation.com\/wp-content\/uploads\/2021\/02\/50.jpg\" data-pin-description=\"Nightlife Guide - Prague Tourist Information\" data-pin-url=\"http:\/\/praguetouristinformation.com\/nightlife?tve=true&amp;tcbf=a654d9bcc3\"><\/span><\/p>\n<h2 style=\"text-align: center;\" id=\"t-1670492330134\">Attention aux pi\u00e8ges \u00e0 touristes !<\/h2>\n<p>Prague est une ville g\u00e9n\u00e9ralement s\u00fbre.&nbsp;<\/p>\n<p>Il y a relativement peu de pi\u00e8ges \u00e0 touristes dans la ville. Surtout, changer de l&rsquo;argent \u00e0 Prague peut malheureusement devenir un probl\u00e8me.&nbsp;<\/p>\n<p>Ceci s&rsquo;applique \u00e9galement aux distributeurs automatiques de billets, aux bureaux de change et au paiement par carte de cr\u00e9dit avec lecteur de carte.&nbsp;<\/p>\n<h3 style=\"\" id=\"t-1670492330135\">1. Monnaie<\/h3>\n<p>Si les guichets automatiques ou les lecteurs de cartes demandent \u00ab\u00a0Compte en euros ou en couronnes tch\u00e8ques\u00a0\u00bb \u00e0 la fin du retrait, les couronnes en monnaie nationale sont le bon choix. Sinon, les op\u00e9rateurs de guichets automatiques sont autoris\u00e9s \u00e0 fixer le taux de change entre l&rsquo;euro et la couronne. C&rsquo;est souvent 4 \u00e0 12% moins cher que le tarif journalier de Visa ou Mastercard. De plus, les frais de change ou \u00e9trangers pour les cartes de cr\u00e9dit peuvent toujours s&rsquo;appliquer.&nbsp;<\/p>\n<h3 style=\"\" id=\"t-1670492330136\">2. Bureaux de change<\/h3>\n<p>V\u00e9rifiez le taux des bureaux de change et ne signez pas de re\u00e7us en tch\u00e8que. De nombreux bureaux de change annoncent un bon taux de change et \u00e9crivent un taux de change nettement inf\u00e9rieur sur le re\u00e7u. Un exemple est un taux indiqu\u00e9 de 1:25 et 1:16 sur le re\u00e7u. Les clients des bureaux de change en R\u00e9publique tch\u00e8que ont le droit de changer leur argent jusqu&rsquo;\u00e0 trois heures plus tard. L&rsquo;avis se trouve au verso de tous les re\u00e7us.&nbsp;<\/p>\n<h3 style=\"\" id=\"t-1670492330137\">3. Distributeurs automatiques de billets<\/h3>\n<p>Les guichets automatiques, en particulier pr\u00e8s du pont Charles, ont des montants de retrait minimum pr\u00e9d\u00e9finis extr\u00eamement \u00e9lev\u00e9s, par exemple de 5 000 \u00e0 20 000 couronnes tch\u00e8ques. Cela correspond \u00e0 un montant d&rsquo;environ 200 \u20ac \u00e0 800 \u20ac. Le montant minimum de retrait peut \u00eatre modifi\u00e9 par s\u00e9lection. Surtout souvent, les guichets automatiques bleu jaune Euronet ont un tel r\u00e9glage.&nbsp;<\/p>\n<h3 style=\"\" id=\"t-1670492330138\">4. Vendeurs de rue<\/h3>\n<p>Des panneaux devant la gare principale, dans le centre et pr\u00e8s des bars avertissent que les vendeurs de rue changent de l&rsquo;argent. La plupart du temps, au lieu de couronnes tch\u00e8ques, ils \u00e9changent l&rsquo;argent contre des roubles bi\u00e9lorusses ou des devises similaires avec un taux de change nettement inf\u00e9rieur. Nous vous d\u00e9conseillons fortement de changer de l&rsquo;argent dans la rue !<\/p>\n<p style=\"text-align: center;\">Billets pour la vie nocturne<\/p>\n<p style=\"text-align: center;\">exp\u00e9riences dans la nuit<\/p>\n<p style=\"text-align: center;\">Concerts, tourn\u00e9e des pubs et tourn\u00e9e de la bi\u00e8re. D\u00e9couvrez la vie nocturne de Prague avec des groupes, r\u00e9servez des billets individuels et r\u00e9servez l&rsquo;entr\u00e9e aux th\u00e9\u00e2tres.<\/p>\n<h3 style=\"\" id=\"t-1670492330139\"><span data-attr-css=\"tve-u-1751c4ffa5d\" data-attr-link=\"1\" data-attr-rel=\"0\" data-attr-target=\"0\" data-extra_key=\"\" data-option-inline=\"1\" data-shortcode=\"tcb_post_title\" data-shortcode-name=\"Post title\" data-attr-static-link=\"{&quot;className&quot;:&quot;&quot;,&quot;href&quot;:&quot;https:\/\/praguetouristinformation.com\/fr\/shop&quot;,&quot;title&quot;:&quot;Boutique bient\u00f4t disponible&quot;,&quot;data-css&quot;:&quot;tve-u-1751c4ffa5d&quot;,&quot;class&quot;:&quot;&quot;}\"><a href=\"https:\/\/praguetouristinformation.com\/fr\/shop\" title=\"Boutique bient\u00f4t disponible\">Boutique bient\u00f4t disponible<\/a><\/span><\/h3>\n<p><a href=\"javascript:void(0)\" style=\"\"><span style=\"\"><span style=\"\">Load More<\/span><\/span><\/a><\/p>\n","protected":false},"excerpt":{"rendered":"<p>Guide de la vie nocturne de Prague Les quartiers les plus branch\u00e9s de la vie nocturne de Prague. \u00c0 l&rsquo;int\u00e9rieur des bars, des clubs, des restaurants et des conseils g\u00e9n\u00e9raux pour une soir\u00e9e anim\u00e9e dans la sc\u00e8ne de Prague. Que dois-je savoir ? Prague est une ville cosmopolite ! M\u00eame si la vie nocturne ne [&hellip;]<\/p>\n","protected":false},"author":6,"featured_media":2281,"parent":0,"menu_order":0,"comment_status":"closed","ping_status":"closed","template":"","meta":{"footnotes":""},"categories":[],"tags":[31,30],"class_list":["post-780","page","type-page","status-publish","has-post-thumbnail","hentry","tag-essen","tag-lifestyle","post-wrapper","thrv_wrapper"],"_links":{"self":[{"href":"https:\/\/praguetouristinformation.com\/fr\/wp-json\/wp\/v2\/pages\/780","targetHints":{"allow":["GET"]}}],"collection":[{"href":"https:\/\/praguetouristinformation.com\/fr\/wp-json\/wp\/v2\/pages"}],"about":[{"href":"https:\/\/praguetouristinformation.com\/fr\/wp-json\/wp\/v2\/types\/page"}],"author":[{"embeddable":true,"href":"https:\/\/praguetouristinformation.com\/fr\/wp-json\/wp\/v2\/users\/6"}],"replies":[{"embeddable":true,"href":"https:\/\/praguetouristinformation.com\/fr\/wp-json\/wp\/v2\/comments?post=780"}],"version-history":[{"count":0,"href":"https:\/\/praguetouristinformation.com\/fr\/wp-json\/wp\/v2\/pages\/780\/revisions"}],"wp:featuredmedia":[{"embeddable":true,"href":"https:\/\/praguetouristinformation.com\/fr\/wp-json\/wp\/v2\/media\/2281"}],"wp:attachment":[{"href":"https:\/\/praguetouristinformation.com\/fr\/wp-json\/wp\/v2\/media?parent=780"}],"wp:term":[{"taxonomy":"category","embeddable":true,"href":"https:\/\/praguetouristinformation.com\/fr\/wp-json\/wp\/v2\/categories?post=780"},{"taxonomy":"post_tag","embeddable":true,"href":"https:\/\/praguetouristinformation.com\/fr\/wp-json\/wp\/v2\/tags?post=780"}],"curies":[{"name":"wp","href":"https:\/\/api.w.org\/{rel}","templated":true}]}}