{"id":777,"date":"2020-10-15T15:13:06","date_gmt":"2020-10-15T15:13:06","guid":{"rendered":"http:\/\/praguetouristinformation.com\/?page_id=777"},"modified":"2023-05-04T13:37:55","modified_gmt":"2023-05-04T13:37:55","slug":"lifestyle","status":"publish","type":"page","link":"https:\/\/praguetouristinformation.com\/fr\/lifestyle","title":{"rendered":"Guide de style de vie de Prague"},"content":{"rendered":"<h1>Guide de style de vie de Prague<\/h1>\n<p>Que puis-je faire \u00e0 Prague en dehors des visites touristiques, des ch\u00e2teaux et des mus\u00e9es ?<\/p>\n<p>Dans notre Guide Lifestyle, vous trouverez nos conseils pour manger, faire du shopping et cultiver.&nbsp;<\/p>\n<h2 style=\"text-align: center;\" id=\"t-1670491820208\">Nourriture \u00e0 Prague<\/h2>\n<p style=\"text-align: center;\">Caf\u00e9s bis Restaurants<\/p>\n<h3 style=\"\" id=\"t-1670491820195\"><span data-attr-css=\"tve-u-17502a74a36\" data-attr-link=\"1\" data-attr-rel=\"0\" data-attr-target=\"0\" data-extra_key=\"\" data-option-inline=\"1\" data-shortcode=\"tcb_post_title\" data-shortcode-name=\"Post title\" style=\"\" data-attr-static-link=\"{&quot;className&quot;:&quot;&quot;,&quot;href&quot;:&quot;https:\/\/praguetouristinformation.com\/fr\/restaurants-prague&quot;,&quot;title&quot;:&quot;Guide des restaurants de Prague : o\u00f9 et quoi manger ?&quot;,&quot;data-css&quot;:&quot;tve-u-17502a74a36&quot;,&quot;class&quot;:&quot;&quot;}\"><a href=\"https:\/\/praguetouristinformation.com\/fr\/restaurants-prague\" title=\"Guide des restaurants de Prague : o\u00f9 et quoi manger ?\">Guide des restaurants de Prague : o\u00f9 et quoi manger ?<\/a><\/span><\/h3>\n<p><a href=\"https:\/\/praguetouristinformation.com\/fr\/restaurants-prague\/biere\" dynamic-postlink=\"tcb_post_the_permalink\" data-shortcode-id=\"724\"><\/a><\/p>\n<h3 style=\"text-align: center; padding-top: 0px !important; margin-top: 0px !important;\" id=\"t-1670491820196\"><span data-attr-link=\"1\" data-attr-rel=\"0\" data-attr-target=\"0\" data-extra_key=\"\" data-option-inline=\"1\" data-shortcode=\"tcb_post_title\" data-shortcode-name=\"Post title\" data-attr-css=\"\" data-attr-static-link=\"{&quot;className&quot;:&quot;&quot;,&quot;href&quot;:&quot;https:\/\/praguetouristinformation.com\/fr\/restaurants-prague\/biere&quot;,&quot;title&quot;:&quot;O\u00f9 puis-je boire de la bonne bi\u00e8re \u00e0 Prague ?&quot;,&quot;class&quot;:&quot;&quot;}\"><a href=\"https:\/\/praguetouristinformation.com\/fr\/restaurants-prague\/biere\" title=\"O\u00f9 puis-je boire de la bonne bi\u00e8re \u00e0 Prague ?\" data-css=\"\">O\u00f9 puis-je boire de la bonne bi\u00e8re \u00e0 Prague ?<\/a><\/span><\/h3>\n<p>On dit que la meilleure bi\u00e8re est brass\u00e9e <a href=\"https:\/\/praguetouristinformation.com\/fr\/restaurants-prague\/biere#more-724\">&#8230;<\/a><\/p>\n<p><a href=\"https:\/\/praguetouristinformation.com\/fr\/restaurants-prague\/biere\" style=\"\"><span style=\"\"><span style=\"\">continuer la lecture<\/span><\/span><\/a><a href=\"https:\/\/praguetouristinformation.com\/fr\/restaurants-prague\/cafes\" dynamic-postlink=\"tcb_post_the_permalink\" data-shortcode-id=\"724\"><\/a><\/p>\n<h3 style=\"text-align: center; padding-top: 0px !important; margin-top: 0px !important;\" id=\"t-1670491820196\"><span data-attr-link=\"1\" data-attr-rel=\"0\" data-attr-target=\"0\" data-extra_key=\"\" data-option-inline=\"1\" data-shortcode=\"tcb_post_title\" data-shortcode-name=\"Post title\" data-attr-css=\"\" data-attr-static-link=\"{&quot;className&quot;:&quot;&quot;,&quot;href&quot;:&quot;https:\/\/praguetouristinformation.com\/fr\/restaurants-prague\/biere&quot;,&quot;title&quot;:&quot;O\u00f9 puis-je boire de la bonne bi\u00e8re \u00e0 Prague ?&quot;,&quot;class&quot;:&quot;&quot;}\"><a href=\"https:\/\/praguetouristinformation.com\/fr\/restaurants-prague\/cafes\" title=\"14 Meilleurs caf\u00e9s \u00e0 Prague [avec carte]\" data-css=\"\">14 Meilleurs caf\u00e9s \u00e0 Prague [avec carte]<\/a><\/span><\/h3>\n<p>Les caf\u00e9s de Prague \u00e9taient autrefois des lieux <a href=\"https:\/\/praguetouristinformation.com\/fr\/restaurants-prague\/cafes#more-258\">&#8230;<\/a><\/p>\n<p><a href=\"https:\/\/praguetouristinformation.com\/fr\/restaurants-prague\/cafes\" style=\"\"><span style=\"\"><span style=\"\">continuer la lecture<\/span><\/span><\/a><a href=\"https:\/\/praguetouristinformation.com\/fr\/restaurants-prague\/cuisine-boheme\" dynamic-postlink=\"tcb_post_the_permalink\" data-shortcode-id=\"724\"><\/a><\/p>\n<h3 style=\"text-align: center; padding-top: 0px !important; margin-top: 0px !important;\" id=\"t-1670491820196\"><span data-attr-link=\"1\" data-attr-rel=\"0\" data-attr-target=\"0\" data-extra_key=\"\" data-option-inline=\"1\" data-shortcode=\"tcb_post_title\" data-shortcode-name=\"Post title\" data-attr-css=\"\" data-attr-static-link=\"{&quot;className&quot;:&quot;&quot;,&quot;href&quot;:&quot;https:\/\/praguetouristinformation.com\/fr\/restaurants-prague\/biere&quot;,&quot;title&quot;:&quot;O\u00f9 puis-je boire de la bonne bi\u00e8re \u00e0 Prague ?&quot;,&quot;class&quot;:&quot;&quot;}\"><a href=\"https:\/\/praguetouristinformation.com\/fr\/restaurants-prague\/cuisine-boheme\" title=\"13 Meilleurs restaurants \u00e0 Prague avec cuisine boh\u00e8me\" data-css=\"\">13 Meilleurs restaurants \u00e0 Prague avec cuisine boh\u00e8me<\/a><\/span><\/h3>\n<p>Bien s\u00fbr, tous ceux qui sont \u00e0 Prague <a href=\"https:\/\/praguetouristinformation.com\/fr\/restaurants-prague\/cuisine-boheme#more-253\">&#8230;<\/a><\/p>\n<p><a href=\"https:\/\/praguetouristinformation.com\/fr\/restaurants-prague\/cuisine-boheme\" style=\"\"><span style=\"\"><span style=\"\">continuer la lecture<\/span><\/span><\/a><a href=\"javascript:void(0)\" style=\"\"><span style=\"\"><span style=\"\">Load More<\/span><\/span><\/a><\/p>\n<h2 style=\"text-align: center;\" id=\"t-1670491820209\">Shopping \u00e0 Prague<\/h2>\n<p style=\"text-align: center;\">centres commerciaux aux march\u00e9s<\/p>\n<h3 style=\"\" id=\"t-1670491820199\"><span data-attr-css=\"tve-u-17502ac29cd\" data-attr-link=\"1\" data-attr-rel=\"0\" data-attr-target=\"0\" data-extra_key=\"\" data-option-inline=\"1\" data-shortcode=\"tcb_post_title\" data-shortcode-name=\"Post title\" style=\"\" data-attr-static-link=\"{&quot;className&quot;:&quot;&quot;,&quot;href&quot;:&quot;https:\/\/praguetouristinformation.com\/fr\/shopping&quot;,&quot;title&quot;:&quot;Guide shopping de Prague : o\u00f9 et quoi faire ses courses ?&quot;,&quot;data-css&quot;:&quot;tve-u-17502ac29cd&quot;,&quot;class&quot;:&quot;&quot;}\"><a href=\"https:\/\/praguetouristinformation.com\/fr\/shopping\" title=\"Guide shopping de Prague : o\u00f9 et quoi faire ses courses ?\">Guide shopping de Prague : o\u00f9 et quoi faire ses courses ?<\/a><\/span><\/h3>\n<p><a href=\"https:\/\/praguetouristinformation.com\/fr\/shopping\/centres-commerciaux\" dynamic-postlink=\"tcb_post_the_permalink\" data-shortcode-id=\"202\"><\/a><\/p>\n<h3 style=\"text-align: center; padding-top: 0px !important; margin-top: 0px !important;\" id=\"t-1670491820200\"><span data-attr-link=\"1\" data-attr-rel=\"0\" data-attr-target=\"0\" data-extra_key=\"\" data-option-inline=\"1\" data-shortcode=\"tcb_post_title\" data-shortcode-name=\"Post title\" data-attr-css=\"\" data-attr-static-link=\"{&quot;className&quot;:&quot;&quot;,&quot;href&quot;:&quot;https:\/\/praguetouristinformation.com\/fr\/shopping\/centres-commerciaux&quot;,&quot;title&quot;:&quot;9 Meilleurs Centres Commerciaux \u00e0 Prague ((avec carte))&quot;,&quot;class&quot;:&quot;&quot;}\"><a href=\"https:\/\/praguetouristinformation.com\/fr\/shopping\/centres-commerciaux\" title=\"9 Meilleurs Centres Commerciaux \u00e0 Prague [avec carte]\" data-css=\"\">9 Meilleurs Centres Commerciaux \u00e0 Prague [avec carte]<\/a><\/span><\/h3>\n<p>Voici une s\u00e9lection de centres commerciaux int\u00e9ressants \u00e0 <a href=\"https:\/\/praguetouristinformation.com\/fr\/shopping\/centres-commerciaux#more-200\">&#8230;<\/a><\/p>\n<p><a href=\"https:\/\/praguetouristinformation.com\/fr\/shopping\/centres-commerciaux\" style=\"\"><span style=\"\"><span style=\"\">continuer la lecture<\/span><\/span><\/a><a href=\"https:\/\/praguetouristinformation.com\/fr\/shopping\/rues-commercantes\" dynamic-postlink=\"tcb_post_the_permalink\" data-shortcode-id=\"202\"><\/a><\/p>\n<h3 style=\"text-align: center; padding-top: 0px !important; margin-top: 0px !important;\" id=\"t-1670491820200\"><span data-attr-link=\"1\" data-attr-rel=\"0\" data-attr-target=\"0\" data-extra_key=\"\" data-option-inline=\"1\" data-shortcode=\"tcb_post_title\" data-shortcode-name=\"Post title\" data-attr-css=\"\" data-attr-static-link=\"{&quot;className&quot;:&quot;&quot;,&quot;href&quot;:&quot;https:\/\/praguetouristinformation.com\/fr\/shopping\/centres-commerciaux&quot;,&quot;title&quot;:&quot;9 Meilleurs Centres Commerciaux \u00e0 Prague ((avec carte))&quot;,&quot;class&quot;:&quot;&quot;}\"><a href=\"https:\/\/praguetouristinformation.com\/fr\/shopping\/rues-commercantes\" title=\"6 Bonnes rues commer\u00e7antes \u00e0 Prague [avec carte]\" data-css=\"\">6 Bonnes rues commer\u00e7antes \u00e0 Prague [avec carte]<\/a><\/span><\/h3>\n<p>Vous pouvez faire du shopping partout \u00e0 Prague <a href=\"https:\/\/praguetouristinformation.com\/fr\/shopping\/rues-commercantes#more-202\">&#8230;<\/a><\/p>\n<p><a href=\"https:\/\/praguetouristinformation.com\/fr\/shopping\/rues-commercantes\" style=\"\"><span style=\"\"><span style=\"\">continuer la lecture<\/span><\/span><\/a><a href=\"https:\/\/praguetouristinformation.com\/fr\/shopping\/marches\" dynamic-postlink=\"tcb_post_the_permalink\" data-shortcode-id=\"202\"><\/a><\/p>\n<h3 style=\"text-align: center; padding-top: 0px !important; margin-top: 0px !important;\" id=\"t-1670491820200\"><span data-attr-link=\"1\" data-attr-rel=\"0\" data-attr-target=\"0\" data-extra_key=\"\" data-option-inline=\"1\" data-shortcode=\"tcb_post_title\" data-shortcode-name=\"Post title\" data-attr-css=\"\" data-attr-static-link=\"{&quot;className&quot;:&quot;&quot;,&quot;href&quot;:&quot;https:\/\/praguetouristinformation.com\/fr\/shopping\/centres-commerciaux&quot;,&quot;title&quot;:&quot;9 Meilleurs Centres Commerciaux \u00e0 Prague ((avec carte))&quot;,&quot;class&quot;:&quot;&quot;}\"><a href=\"https:\/\/praguetouristinformation.com\/fr\/shopping\/marches\" title=\"5 Meilleurs march\u00e9s de Prague : informations, conseils et visites\" data-css=\"\">5 Meilleurs march\u00e9s de Prague : informations, conseils et visites<\/a><\/span><\/h3>\n<p>Die M\u00e4rkte in Prag haben viel zu bieten: <a href=\"https:\/\/praguetouristinformation.com\/fr\/shopping\/marches#more-1109\">&#8230;<\/a><\/p>\n<p><a href=\"https:\/\/praguetouristinformation.com\/fr\/shopping\/marches\" style=\"\"><span style=\"\"><span style=\"\">continuer la lecture<\/span><\/span><\/a><a href=\"javascript:void(0)\" style=\"\"><span style=\"\"><span style=\"\">Load More<\/span><\/span><\/a><\/p>\n<h2 style=\"text-align: center;\" id=\"t-1670491820210\">Nuit \u00e0 Prague<\/h2>\n<p style=\"text-align: center;\">Que puis-je faire la nuit ?<\/p>\n<h3 style=\"\" id=\"t-1670491820203\"><span data-attr-css=\"tve-u-17502ad8784\" data-attr-link=\"1\" data-attr-rel=\"0\" data-attr-target=\"0\" data-extra_key=\"\" data-option-inline=\"1\" data-shortcode=\"tcb_post_title\" data-shortcode-name=\"Post title\" style=\"\" data-attr-static-link=\"{&quot;className&quot;:&quot;&quot;,&quot;href&quot;:&quot;https:\/\/praguetouristinformation.com\/fr\/prague-la-nuit&quot;,&quot;title&quot;:&quot;Guide de la vie nocturne de Prague&nbsp;: quartiers branch\u00e9s et bons plans&quot;,&quot;data-css&quot;:&quot;tve-u-17502ad8784&quot;,&quot;class&quot;:&quot;&quot;}\"><a href=\"https:\/\/praguetouristinformation.com\/fr\/prague-la-nuit\" title=\"Guide de la vie nocturne de Prague&nbsp;: quartiers branch\u00e9s et bons plans\">Guide de la vie nocturne de Prague&nbsp;: quartiers branch\u00e9s et bons plans<\/a><\/span><\/h3>\n<p><a href=\"javascript:void(0)\" style=\"\"><span style=\"\"><span style=\"\">Load More<\/span><\/span><\/a><\/p>\n<h2 style=\"text-align: center;\" id=\"t-1670491820211\">Plus d&rsquo;id\u00e9es<\/h2>\n<p style=\"text-align: center;\">Que puis-je faire d&rsquo;autre?<\/p>\n<h3 style=\"\" id=\"t-1670491820204\"><span data-attr-css=\"tve-u-17502ae396e\" data-attr-link=\"1\" data-attr-rel=\"0\" data-attr-target=\"0\" data-extra_key=\"\" data-option-inline=\"1\" data-shortcode=\"tcb_post_title\" data-shortcode-name=\"Post title\" style=\"\" data-attr-static-link=\"{&quot;className&quot;:&quot;&quot;,&quot;href&quot;:&quot;https:\/\/praguetouristinformation.com\/fr\/choses-a-faire&quot;,&quot;title&quot;:&quot;50 Meilleures Choses \u00e0 Faire \u00e0 Prague ((+ Billets))&quot;,&quot;data-css&quot;:&quot;tve-u-17502ae396e&quot;,&quot;class&quot;:&quot;&quot;}\"><a href=\"https:\/\/praguetouristinformation.com\/fr\/choses-a-faire\" title=\"50 Meilleures Choses \u00e0 Faire \u00e0 Prague [+ Billets]\">50 Meilleures Choses \u00e0 Faire \u00e0 Prague [+ Billets]<\/a><\/span><\/h3>\n<p><a href=\"https:\/\/praguetouristinformation.com\/fr\/choses-a-faire\/musees\" dynamic-postlink=\"tcb_post_the_permalink\" data-shortcode-id=\"137\"><\/a><\/p>\n<h3 style=\"text-align: center; padding-top: 0px !important; margin-top: 0px !important;\" id=\"t-1670491820205\"><span data-attr-link=\"1\" data-attr-rel=\"0\" data-attr-target=\"0\" data-extra_key=\"\" data-option-inline=\"1\" data-shortcode=\"tcb_post_title\" data-shortcode-name=\"Post title\" data-attr-css=\"\" data-attr-static-link=\"{&quot;className&quot;:&quot;&quot;,&quot;href&quot;:&quot;https:\/\/praguetouristinformation.com\/fr\/choses-a-faire\/musees&quot;,&quot;title&quot;:&quot;20 Meilleurs mus\u00e9es de Prague ((avec billets))&quot;,&quot;class&quot;:&quot;&quot;}\"><a href=\"https:\/\/praguetouristinformation.com\/fr\/choses-a-faire\/musees\" title=\"20 Meilleurs mus\u00e9es de Prague [avec billets]\" data-css=\"\">20 Meilleurs mus\u00e9es de Prague [avec billets]<\/a><\/span><\/h3>\n<p>La charmante Prague est parsem\u00e9e de mus\u00e9es int\u00e9ressants <a href=\"https:\/\/praguetouristinformation.com\/fr\/choses-a-faire\/musees#more-137\">&#8230;<\/a><\/p>\n<p><a href=\"https:\/\/praguetouristinformation.com\/fr\/choses-a-faire\/musees\" style=\"\"><span style=\"\"><span style=\"\">continuer la lecture<\/span><\/span><\/a><a href=\"https:\/\/praguetouristinformation.com\/fr\/choses-a-faire\/pour-les-enfants\" dynamic-postlink=\"tcb_post_the_permalink\" data-shortcode-id=\"137\"><\/a><\/p>\n<h3 style=\"text-align: center; padding-top: 0px !important; margin-top: 0px !important;\" id=\"t-1670491820205\"><span data-attr-link=\"1\" data-attr-rel=\"0\" data-attr-target=\"0\" data-extra_key=\"\" data-option-inline=\"1\" data-shortcode=\"tcb_post_title\" data-shortcode-name=\"Post title\" data-attr-css=\"\" data-attr-static-link=\"{&quot;className&quot;:&quot;&quot;,&quot;href&quot;:&quot;https:\/\/praguetouristinformation.com\/fr\/choses-a-faire\/musees&quot;,&quot;title&quot;:&quot;20 Meilleurs mus\u00e9es de Prague ((avec billets))&quot;,&quot;class&quot;:&quot;&quot;}\"><a href=\"https:\/\/praguetouristinformation.com\/fr\/choses-a-faire\/pour-les-enfants\" title=\"15 Meilleures choses \u00e0 faire \u00e0 Prague pour les enfants [+ Billets]\" data-css=\"\">15 Meilleures choses \u00e0 faire \u00e0 Prague pour les enfants [+ Billets]<\/a><\/span><\/h3>\n<p>Que faire \u00e0 Prague avec des enfants ?Pendant <a href=\"https:\/\/praguetouristinformation.com\/fr\/choses-a-faire\/pour-les-enfants#more-256\">&#8230;<\/a><\/p>\n<p><a href=\"https:\/\/praguetouristinformation.com\/fr\/choses-a-faire\/pour-les-enfants\" style=\"\"><span style=\"\"><span style=\"\">continuer la lecture<\/span><\/span><\/a><a href=\"https:\/\/praguetouristinformation.com\/fr\/choses-a-faire\/attractions\" dynamic-postlink=\"tcb_post_the_permalink\" data-shortcode-id=\"137\"><\/a><\/p>\n<h3 style=\"text-align: center; padding-top: 0px !important; margin-top: 0px !important;\" id=\"t-1670491820205\"><span data-attr-link=\"1\" data-attr-rel=\"0\" data-attr-target=\"0\" data-extra_key=\"\" data-option-inline=\"1\" data-shortcode=\"tcb_post_title\" data-shortcode-name=\"Post title\" data-attr-css=\"\" data-attr-static-link=\"{&quot;className&quot;:&quot;&quot;,&quot;href&quot;:&quot;https:\/\/praguetouristinformation.com\/fr\/choses-a-faire\/musees&quot;,&quot;title&quot;:&quot;20 Meilleurs mus\u00e9es de Prague ((avec billets))&quot;,&quot;class&quot;:&quot;&quot;}\"><a href=\"https:\/\/praguetouristinformation.com\/fr\/choses-a-faire\/attractions\" title=\"12 Meilleures attractions \u00e0 Prague [avec carte]\" data-css=\"\">12 Meilleures attractions \u00e0 Prague [avec carte]<\/a><\/span><\/h3>\n<p>Que pouvez-vous faire \u00e0 Prague ?En plus des <a href=\"https:\/\/praguetouristinformation.com\/fr\/choses-a-faire\/attractions#more-1090\">&#8230;<\/a><\/p>\n<p><a href=\"https:\/\/praguetouristinformation.com\/fr\/choses-a-faire\/attractions\" style=\"\"><span style=\"\"><span style=\"\">continuer la lecture<\/span><\/span><\/a><a href=\"javascript:void(0)\" style=\"\"><span style=\"\"><span style=\"\">Load More<\/span><\/span><\/a><\/p>\n","protected":false},"excerpt":{"rendered":"<p>Guide de style de vie de Prague Que puis-je faire \u00e0 Prague en dehors des visites touristiques, des ch\u00e2teaux et des mus\u00e9es ? Dans notre Guide Lifestyle, vous trouverez nos conseils pour manger, faire du shopping et cultiver.&nbsp; Nourriture \u00e0 Prague Caf\u00e9s bis Restaurants Guide des restaurants de Prague : o\u00f9 et quoi manger ? [&hellip;]<\/p>\n","protected":false},"author":6,"featured_media":2277,"parent":0,"menu_order":0,"comment_status":"closed","ping_status":"closed","template":"","meta":{"footnotes":""},"categories":[],"tags":[30],"class_list":["post-777","page","type-page","status-publish","has-post-thumbnail","hentry","tag-lifestyle","post-wrapper","thrv_wrapper"],"_links":{"self":[{"href":"https:\/\/praguetouristinformation.com\/fr\/wp-json\/wp\/v2\/pages\/777","targetHints":{"allow":["GET"]}}],"collection":[{"href":"https:\/\/praguetouristinformation.com\/fr\/wp-json\/wp\/v2\/pages"}],"about":[{"href":"https:\/\/praguetouristinformation.com\/fr\/wp-json\/wp\/v2\/types\/page"}],"author":[{"embeddable":true,"href":"https:\/\/praguetouristinformation.com\/fr\/wp-json\/wp\/v2\/users\/6"}],"replies":[{"embeddable":true,"href":"https:\/\/praguetouristinformation.com\/fr\/wp-json\/wp\/v2\/comments?post=777"}],"version-history":[{"count":0,"href":"https:\/\/praguetouristinformation.com\/fr\/wp-json\/wp\/v2\/pages\/777\/revisions"}],"wp:featuredmedia":[{"embeddable":true,"href":"https:\/\/praguetouristinformation.com\/fr\/wp-json\/wp\/v2\/media\/2277"}],"wp:attachment":[{"href":"https:\/\/praguetouristinformation.com\/fr\/wp-json\/wp\/v2\/media?parent=777"}],"wp:term":[{"taxonomy":"category","embeddable":true,"href":"https:\/\/praguetouristinformation.com\/fr\/wp-json\/wp\/v2\/categories?post=777"},{"taxonomy":"post_tag","embeddable":true,"href":"https:\/\/praguetouristinformation.com\/fr\/wp-json\/wp\/v2\/tags?post=777"}],"curies":[{"name":"wp","href":"https:\/\/api.w.org\/{rel}","templated":true}]}}