{"id":775,"date":"2020-10-15T15:12:41","date_gmt":"2020-10-15T15:12:41","guid":{"rendered":"http:\/\/praguetouristinformation.com\/?page_id=775"},"modified":"2025-11-18T15:06:35","modified_gmt":"2025-11-18T15:06:35","slug":"transports-en-commun","status":"publish","type":"page","link":"https:\/\/praguetouristinformation.com\/fr\/plan\/transports-en-commun","title":{"rendered":"Transports en commun \u00e0 Prague : Guide avec informations et billets"},"content":{"rendered":"<h1>Transports publics \u00e0 Prague&nbsp;: guide avec informations sur les billets et plus<\/h1>\n<p>Guide des transports de Prague, des itin\u00e9raires et des billets possibles pour les habitants et les voyageurs \u00e0 Prague.<\/p>\n<h2 style=\"\" id=\"t-1763473563843\">Prague City Pass par MegaPass<\/h2>\n<p data-pm-slice=\"1 1 []\" style=\"\">Le Prague City Pass par MegaPass donne acc\u00e8s aux principales <strong>attractions de Prague, aux transports publics<\/strong> et \u00e0 une <strong>eSIM<\/strong> num\u00e9rique. Il est id\u00e9al pour tous ceux qui souhaitent explorer Prague de mani\u00e8re flexible et efficace. Disponible en trois versions.<\/p>\n<p data-pm-slice=\"1 1 []\" style=\"\"><a href=\"https:\/\/megapass.com\/czech-republic\/prague\/pass?discountCode=PragTISv5FrBanner\" target=\"_blank\" rel=\"nofollow noopener\" style=\"outline: none;\" data-lt-tmp-id=\"lt-271200\" spellcheck=\"false\"><strong>Profitez de notre remise exclusive de 5 % <\/strong>! La remise sera appliqu\u00e9e automatiquement, aucun code n&rsquo;est n\u00e9cessaire.<\/a><\/p>\n<p>__CONFIG_colors_palette__{\u00ab\u00a0active_palette\u00a0\u00bb:0,\u00a0\u00bbconfig\u00a0\u00bb:{\u00ab\u00a0colors\u00a0\u00bb:{\u00ab\u00a0110d6\u00a0\u00bb:{\u00ab\u00a0name\u00a0\u00bb:\u00a0\u00bbMain Accent\u00a0\u00bb,\u00a0\u00bbparent\u00a0\u00bb:-1}},\u00a0\u00bbgradients\u00a0\u00bb:[]},\u00a0\u00bbpalettes\u00a0\u00bb:[{\u00ab\u00a0name\u00a0\u00bb:\u00a0\u00bbDefault Palette\u00a0\u00bb,\u00a0\u00bbvalue\u00a0\u00bb:{\u00ab\u00a0colors\u00a0\u00bb:{\u00ab\u00a0110d6\u00a0\u00bb:{\u00ab\u00a0val\u00a0\u00bb:\u00a0\u00bbvar(e8c68)\u00a0\u00bb}},\u00a0\u00bbgradients\u00a0\u00bb:[]},\u00a0\u00bboriginal\u00a0\u00bb:{\u00ab\u00a0colors\u00a0\u00bb:{\u00ab\u00a0110d6\u00a0\u00bb:{\u00ab\u00a0val\u00a0\u00bb:\u00a0\u00bbrgb(19, 114, 211)\u00a0\u00bb,\u00a0\u00bbhsl\u00a0\u00bb:{\u00ab\u00a0h\u00a0\u00bb:210,\u00a0\u00bbs\u00a0\u00bb:0.83,\u00a0\u00bbl\u00a0\u00bb:0.45}}},\u00a0\u00bbgradients\u00a0\u00bb:[]}}]}__CONFIG_colors_palette__ <a href=\"https:\/\/megapass.com\/czech-republic\/prague\/pass?discountCode=PragTISv5FrBanner\" style=\"font-size: var(--tve-font-size, 14px) !important;\" target=\"_blank\" rel=\"nofollow noopener\"><span style=\"\">    <\/span> <span style=\"\"><span>Plus d\u2019infos<\/span><\/span> <\/a>  <\/p>\n<h2 style=\"\" id=\"t-1670486370707\">Comment fonctionnent les transports en commun ?<\/h2>\n<p>Les transports publics \u00e0 Prague se composent d&rsquo;un r\u00e9seau de m\u00e9tro, de tramways, de bus et de bus r\u00e9gionaux. Cela comprend \u00e9galement le t\u00e9l\u00e9ph\u00e9rique du Petrin.<\/p>\n<p>L&rsquo;achat de billets est possible aux distributeurs de billets jaunes situ\u00e9s dans toutes les stations de m\u00e9tro et \u00e0 certains arr\u00eats de bus. Les machines sont \u00e9galement en anglais. Vous pouvez \u00e9galement obtenir des billets dans les centres d&rsquo;information. Divers kiosques \u00e0 journaux vendent \u00e9galement des billets \u00e0 l&rsquo;unit\u00e9.<\/p>\n<p>Il existe des tarifs pour 24 et 72 heures, des trajets simples, des tickets journaliers et des tickets hebdomadaires. Un billet journalier est payant \u00e0 partir de trois trajets simples. &nbsp;<\/p>\n<p>Les billets doivent \u00eatre valid\u00e9s avant le d\u00e9part !&nbsp;<\/p>\n<h3 style=\"text-align: left;\" id=\"t-1670486370708\">Transport de la Compagnie des transports de Prague<\/h3>\n<ul>\n<li style=\"\">      <span style=\"\"><strong>M\u00e9tro :<\/strong> 3 lignes de m\u00e9tro fonctionnent \u00e0 Prague, qui sont cod\u00e9es par couleur pour une orientation facile : ligne verte A, ligne jaune B et ligne rouge C.<\/span><\/li>\n<li style=\"\">            <span style=\"\"><strong>Funiculaire :&nbsp;<\/strong> Le funiculaire de 1891 se rend au point de <a href=\"https:\/\/praguetouristinformation.com\/fr\/choses-a-faire\/petrin\/tour-d-observation-de-petrin\" style=\"outline: none;\">vue de la tour Petrin<\/a> , qui est situ\u00e9e sur la colline du m\u00eame nom de 318 m\u00e8tres de haut dans la petite ville.<\/span><\/li>\n<li><span><strong>Tramway et bus :<\/strong> 25 lignes de tram et 175 lignes de bus circulent chaque jour \u00e0 Prague. &nbsp;<\/span><\/li>\n<\/ul>\n<p><strong><span style=\"color: var(--tcb-skin-color-3);\">Tarif :<\/span><span style=\"color: var(ca1c1);\">&nbsp;<\/span><\/strong> Un aller simple co\u00fbte 0,90 EUR ou 2,00 EUR. Le billet est valable 30 ou 90 minutes, vous pouvez changer de train aussi souvent que vous le souhaitez, m\u00eame entre les diff\u00e9rents moyens de transport, ou interrompre le voyage. Un billet journalier co\u00fbte 5,90 EUR et est valable 24 heures. Un tarif r\u00e9duit s&rsquo;applique aux enfants jusqu&rsquo;\u00e0 14 ans. Les enfants jusqu&rsquo;\u00e0 6 ans n&rsquo;ont pas besoin de billet.&nbsp;<\/p>\n<h2 style=\"text-align: center;\" id=\"t-1670486370709\"><strong>Quels sont les billets ?<\/strong><\/h2>\n<p style=\"text-align: center;\">Voici un aper\u00e7u des billets les plus importants.&nbsp;<\/p>\n<ol>\n<li style=\"\"><span style=\"\">1<\/span><span style=\"\"><strong>Trajet simple de 30 minutes :<\/strong> Le billet est valable 30 minutes. Pendant cette p\u00e9riode, vous pouvez changer de train, interrompre votre voyage ou changer de mode de transport aussi souvent que vous le souhaitez. Le billet co\u00fbte l&rsquo;\u00e9quivalent d&rsquo;environ 0,90 euros.<\/span><\/li>\n<li><span>2<\/span><span><strong>Trajet simple de 90 minutes :<\/strong> Le billet est valable 90 minutes. Pendant cette p\u00e9riode, vous pouvez changer de train, interrompre votre voyage ou changer de mode de transport aussi souvent que vous le souhaitez. Le billet co\u00fbte l&rsquo;\u00e9quivalent d&rsquo;environ 2,00 euros.<\/span><\/li>\n<li style=\"\"><span style=\"\">3<\/span><span style=\"\"><strong>Ticket journalier :<\/strong> Le ticket est valable 24 heures apr\u00e8s le tampon et est valable pour tous les transports publics de Prague. N&rsquo;importe quel nombre de voyages et de transferts est autoris\u00e9. Le billet co\u00fbte l&rsquo;\u00e9quivalent d&rsquo;environ 5,90 euros.<\/span><\/li>\n<li style=\"\"><span style=\"\">4<\/span><span style=\"\"><strong>Billet 3 jours :<\/strong> Les billets sont valables 72 heures apr\u00e8s validation. N&rsquo;importe quel nombre de voyages est possible, vous pouvez changer de train et interrompre le voyage. La carte est valable sur toutes les lignes de Prague. Un billet 3 jours co\u00fbte l&rsquo;\u00e9quivalent d&rsquo;environ 14,80 euros.<span><\/span><\/span><\/li>\n<\/ol>\n<p style=\"text-align: center;\">Un aper\u00e7u suppl\u00e9mentaire est la liste des prix actuelle de <a href=\"https:\/\/www.dpp.cz\/en\" target=\"_blank\" style=\"outline: none;\" rel=\"noopener\">l&rsquo;Autorit\u00e9 des transports de Prague (PID)&nbsp;<\/a> avec tous les tarifs sp\u00e9ciaux. Les prix sont g\u00e9n\u00e9ralement augment\u00e9s chaque ann\u00e9e le 1er janvier.&nbsp;<\/p>\n<p style=\"text-align: center;\">Quels billets sont payants pour les voyageurs ?<\/p>\n<p style=\"text-align: center;\">City Card, billets et transfert a\u00e9roport<\/p>\n<p><a href=\"javascript:void(0)\" style=\"\"><span style=\"\"><span style=\"\">Load More<\/span><\/span><\/a><\/p>\n<h2 style=\"text-align: center;\" id=\"t-1670486370711\"><strong>Billets sp\u00e9ciaux<\/strong><\/h2>\n<p style=\"text-align: center;\">Voici un aper\u00e7u des billets sp\u00e9ciaux pour les transports publics \u00e0 Prague. Il s&rsquo;agit par exemple des tickets annuels, des tickets \u00e9tudiants et des tickets seniors.&nbsp;<\/p>\n<ol>\n<li style=\"\"><span style=\"\">1<\/span><span style=\"\"><strong>Ticket mensuel :<\/strong> Le ticket est valable pour tous les transports publics de Prague et co\u00fbte l&rsquo;\u00e9quivalent d&rsquo;environ 22 euros.<\/span><\/li>\n<li><span>2<\/span><span><strong>Abonnements 3 mois, 5 mois et annuels<\/strong> : pour toutes les lignes de la soci\u00e9t\u00e9 de transport public de Prague, l&rsquo;abonnement 3 mois co\u00fbte 1 480 CZK, soit environ 55 EUR, l&rsquo;abonnement 5 mois co\u00fbte 2 450 CZK, soit 90 EUR environ, et l&rsquo;abonnement annuel le billet co\u00fbte 3 650 CZK, soit l&rsquo;\u00e9quivalent d&rsquo;environ 140 euros.<\/span><\/li>\n<li><span>3<\/span><span><!--[endif]--><a href=\"https:\/\/www.viennacitycard.at\/\" style=\"outline: none;\" target=\"_blank\" rel=\"noopener\"><\/a><strong>Billets \u00e0 prix r\u00e9duit :<\/strong> Il s&rsquo;agit notamment des billets jeunes, des billets seniors, des billets semestriels et des billets d&rsquo;entreprise d\u00e9ductibles d&rsquo;imp\u00f4ts.<\/span><\/li>\n<\/ol>\n<p style=\"text-align: center;\">Vous trouverez plus d&rsquo;informations sur le prix des billets individuels dans la grille tarifaire de la <a href=\"https:\/\/www.dpp.cz\/en\" target=\"_blank\" style=\"outline: none;\" rel=\"noopener\">soci\u00e9t\u00e9 de transport de Prague (PID<\/a> ) Elle contient \u00e9galement un aper\u00e7u des billets pour les groupes de personnes parrain\u00e9es.&nbsp;<\/p>\n<h2 style=\"\" id=\"t-1670486370712\">R\u00e9seau de transports en commun de Prague<\/h2>\n<p>La zone int\u00e9rieure de Prague est desservie par le bus, le tram et le m\u00e9tro, tous les sites importants sont ainsi accessibles. Certains tramways vont \u00e0 la p\u00e9riph\u00e9rie.<\/p>\n<\/p>\n<p>Vous trouverez un aper\u00e7u des r\u00e9seaux de lignes les plus importants sur <a href=\"https:\/\/www.dpp.cz\/en\" target=\"_blank\" style=\"outline: none;\" rel=\"noopener\">la page suivante de la soci\u00e9t\u00e9 de transport de Prague<\/a><a href=\"https:\/\/www.schnellbahn-wien.at\/netz\/\" target=\"_blank\" style=\"outline: currentcolor none medium;\" rel=\"noopener\"><\/a>.<\/p>\n<h3 id=\"t-1670486370713\">Contactez la soci\u00e9t\u00e9 de transport<\/h3>\n<ul>\n<li style=\"\"><span style=\"\"><strong>Autorit\u00e9 des transports de Prague&nbsp;:<\/strong> responsable du m\u00e9tro, des bus, des tramways et des funiculaires.&nbsp;<\/span><\/li>\n<li style=\"\"><span>&nbsp;<strong>Centre d&rsquo;appel :<\/strong> +42-(0)2 &#8211; 296 19 18 17 &nbsp;&nbsp;<\/span><\/li>\n<li style=\"\"><span><strong>Site Web<\/strong> : <a href=\"https:\/\/www.dpp.cz\/en\" target=\"_blank\" rel=\"nofollow noopener\" style=\"outline: none;\">dpp.cz\/en<\/a><\/span><\/li>\n<\/ul>\n<p style=\"text-align: center;\">Aussi int\u00e9ressant<\/p>\n<p style=\"text-align: center;\">A\u00e9roport, parking, taxis, train, bus longue distance, &#8230;<\/p>\n<p><a href=\"https:\/\/praguetouristinformation.com\/fr\/plan\/arrivee\/stationnement\" dynamic-postlink=\"tcb_post_the_permalink\" data-shortcode-id=\"86\"><\/a><\/p>\n<h3 style=\"text-align: center; padding-top: 0px !important; margin-top: 0px !important;\" id=\"t-1670486370715\"><span data-attr-link=\"1\" data-attr-rel=\"0\" data-attr-target=\"0\" data-extra_key=\"\" data-option-inline=\"1\" data-shortcode=\"tcb_post_title\" data-shortcode-name=\"Post title\" data-attr-css=\"\" style=\"\" data-attr-static-link=\"{&quot;className&quot;:&quot;&quot;,&quot;href&quot;:&quot;https:\/\/praguetouristinformation.com\/fr\/plan\/arrivee\/stationnement&quot;,&quot;title&quot;:&quot;Se garer \u00e0 Prague : zones de stationnement, parkings et tarifs&quot;,&quot;class&quot;:&quot;&quot;}\"><a href=\"https:\/\/praguetouristinformation.com\/fr\/plan\/arrivee\/stationnement\" title=\"Se garer \u00e0 Prague : zones de stationnement, parkings et tarifs\" data-css=\"\">Se garer \u00e0 Prague : zones de stationnement, parkings et tarifs<\/a><\/span><\/h3>\n<p>Bien qu&rsquo;il y ait parfois un peu d&#8217;embouteillages, <a href=\"https:\/\/praguetouristinformation.com\/fr\/plan\/arrivee\/stationnement#more-95\">&#8230;<\/a><\/p>\n<p><a href=\"https:\/\/praguetouristinformation.com\/fr\/plan\/arrivee\/stationnement\" style=\"\"><span style=\"\"><span style=\"\"><strong>continuer la lecture<\/strong><\/span><\/span><\/a><a href=\"https:\/\/praguetouristinformation.com\/fr\/plan\/arrivee\/parc-relais\" dynamic-postlink=\"tcb_post_the_permalink\" data-shortcode-id=\"86\"><\/a><\/p>\n<h3 style=\"text-align: center; padding-top: 0px !important; margin-top: 0px !important;\" id=\"t-1670486370715\"><span data-attr-link=\"1\" data-attr-rel=\"0\" data-attr-target=\"0\" data-extra_key=\"\" data-option-inline=\"1\" data-shortcode=\"tcb_post_title\" data-shortcode-name=\"Post title\" data-attr-css=\"\" style=\"\" data-attr-static-link=\"{&quot;className&quot;:&quot;&quot;,&quot;href&quot;:&quot;https:\/\/praguetouristinformation.com\/fr\/plan\/arrivee\/stationnement&quot;,&quot;title&quot;:&quot;Se garer \u00e0 Prague : zones de stationnement, parkings et tarifs&quot;,&quot;class&quot;:&quot;&quot;}\"><a href=\"https:\/\/praguetouristinformation.com\/fr\/plan\/arrivee\/parc-relais\" title=\"Park and Ride Prague : Guide avec informations et conseils\" data-css=\"\">Park and Ride Prague : Guide avec informations et conseils<\/a><\/span><\/h3>\n<p>Autant de curiosit\u00e9s qu&rsquo;il y a \u00e0 Prague <a href=\"https:\/\/praguetouristinformation.com\/fr\/plan\/arrivee\/parc-relais#more-1086\">&#8230;<\/a><\/p>\n<p><a href=\"https:\/\/praguetouristinformation.com\/fr\/plan\/arrivee\/parc-relais\" style=\"\"><span style=\"\"><span style=\"\"><strong>continuer la lecture<\/strong><\/span><\/span><\/a><a href=\"https:\/\/praguetouristinformation.com\/fr\/plan\/arrivee\/taxi\" dynamic-postlink=\"tcb_post_the_permalink\" data-shortcode-id=\"86\"><\/a><\/p>\n<h3 style=\"text-align: center; padding-top: 0px !important; margin-top: 0px !important;\" id=\"t-1670486370715\"><span data-attr-link=\"1\" data-attr-rel=\"0\" data-attr-target=\"0\" data-extra_key=\"\" data-option-inline=\"1\" data-shortcode=\"tcb_post_title\" data-shortcode-name=\"Post title\" data-attr-css=\"\" style=\"\" data-attr-static-link=\"{&quot;className&quot;:&quot;&quot;,&quot;href&quot;:&quot;https:\/\/praguetouristinformation.com\/fr\/plan\/arrivee\/stationnement&quot;,&quot;title&quot;:&quot;Se garer \u00e0 Prague : zones de stationnement, parkings et tarifs&quot;,&quot;class&quot;:&quot;&quot;}\"><a href=\"https:\/\/praguetouristinformation.com\/fr\/plan\/arrivee\/taxi\" title=\"Guide des taxis \u00e0 Prague : informations importantes, tarifs &amp; conseils\" data-css=\"\">Guide des taxis \u00e0 Prague : informations importantes, tarifs &amp; conseils<\/a><\/span><\/h3>\n<p>Voici notre guide du taxi et de la <a href=\"https:\/\/praguetouristinformation.com\/fr\/plan\/arrivee\/taxi#more-89\">&#8230;<\/a><\/p>\n<p><a href=\"https:\/\/praguetouristinformation.com\/fr\/plan\/arrivee\/taxi\" style=\"\"><span style=\"\"><span style=\"\"><strong>continuer la lecture<\/strong><\/span><\/span><\/a><a href=\"https:\/\/praguetouristinformation.com\/fr\/plan\/arrivee\/gare-routiere-florenc\" dynamic-postlink=\"tcb_post_the_permalink\" data-shortcode-id=\"86\"><\/a><\/p>\n<h3 style=\"text-align: center; padding-top: 0px !important; margin-top: 0px !important;\" id=\"t-1670486370715\"><span data-attr-link=\"1\" data-attr-rel=\"0\" data-attr-target=\"0\" data-extra_key=\"\" data-option-inline=\"1\" data-shortcode=\"tcb_post_title\" data-shortcode-name=\"Post title\" data-attr-css=\"\" style=\"\" data-attr-static-link=\"{&quot;className&quot;:&quot;&quot;,&quot;href&quot;:&quot;https:\/\/praguetouristinformation.com\/fr\/plan\/arrivee\/stationnement&quot;,&quot;title&quot;:&quot;Se garer \u00e0 Prague : zones de stationnement, parkings et tarifs&quot;,&quot;class&quot;:&quot;&quot;}\"><a href=\"https:\/\/praguetouristinformation.com\/fr\/plan\/arrivee\/gare-routiere-florenc\" title=\"Guide de la gare routi\u00e8re de Prague : informations, horaires, liaisons en bus\" data-css=\"\">Guide de la gare routi\u00e8re de Prague : informations, horaires, liaisons en bus<\/a><\/span><\/h3>\n<p>La gare routi\u00e8re centrale de Prague ZOB s&rsquo;appelle <a href=\"https:\/\/praguetouristinformation.com\/fr\/plan\/arrivee\/gare-routiere-florenc#more-92\">&#8230;<\/a><\/p>\n<p><a href=\"https:\/\/praguetouristinformation.com\/fr\/plan\/arrivee\/gare-routiere-florenc\" style=\"\"><span style=\"\"><span style=\"\"><strong>continuer la lecture<\/strong><\/span><\/span><\/a><a href=\"https:\/\/praguetouristinformation.com\/fr\/plan\/arrivee\/gare-centrale\" dynamic-postlink=\"tcb_post_the_permalink\" data-shortcode-id=\"86\"><\/a><\/p>\n<h3 style=\"text-align: center; padding-top: 0px !important; margin-top: 0px !important;\" id=\"t-1670486370715\"><span data-attr-link=\"1\" data-attr-rel=\"0\" data-attr-target=\"0\" data-extra_key=\"\" data-option-inline=\"1\" data-shortcode=\"tcb_post_title\" data-shortcode-name=\"Post title\" data-attr-css=\"\" style=\"\" data-attr-static-link=\"{&quot;className&quot;:&quot;&quot;,&quot;href&quot;:&quot;https:\/\/praguetouristinformation.com\/fr\/plan\/arrivee\/stationnement&quot;,&quot;title&quot;:&quot;Se garer \u00e0 Prague : zones de stationnement, parkings et tarifs&quot;,&quot;class&quot;:&quot;&quot;}\"><a href=\"https:\/\/praguetouristinformation.com\/fr\/plan\/arrivee\/gare-centrale\" title=\"Guide de la gare principale de Prague (Hlavn\u00ed N\u00e1dra\u017e)\u00a0: informations, horaires et liaisons ferroviaires\" data-css=\"\">Guide de la gare principale de Prague (Hlavn\u00ed N\u00e1dra\u017e)\u00a0: informations, horaires et liaisons ferroviaires<\/a><\/span><\/h3>\n<p>La gare principale de Prague, Praha hlavn\u00ed n\u00e1dra\u017e, <a href=\"https:\/\/praguetouristinformation.com\/fr\/plan\/arrivee\/gare-centrale#more-98\">&#8230;<\/a><\/p>\n<p><a href=\"https:\/\/praguetouristinformation.com\/fr\/plan\/arrivee\/gare-centrale\" style=\"\"><span style=\"\"><span style=\"\"><strong>continuer la lecture<\/strong><\/span><\/span><\/a><a href=\"https:\/\/praguetouristinformation.com\/fr\/plan\/arrivee\/vaclav-havel-aeroport\" dynamic-postlink=\"tcb_post_the_permalink\" data-shortcode-id=\"86\"><\/a><\/p>\n<h3 style=\"text-align: center; padding-top: 0px !important; margin-top: 0px !important;\" id=\"t-1670486370715\"><span data-attr-link=\"1\" data-attr-rel=\"0\" data-attr-target=\"0\" data-extra_key=\"\" data-option-inline=\"1\" data-shortcode=\"tcb_post_title\" data-shortcode-name=\"Post title\" data-attr-css=\"\" style=\"\" data-attr-static-link=\"{&quot;className&quot;:&quot;&quot;,&quot;href&quot;:&quot;https:\/\/praguetouristinformation.com\/fr\/plan\/arrivee\/stationnement&quot;,&quot;title&quot;:&quot;Se garer \u00e0 Prague : zones de stationnement, parkings et tarifs&quot;,&quot;class&quot;:&quot;&quot;}\"><a href=\"https:\/\/praguetouristinformation.com\/fr\/plan\/arrivee\/vaclav-havel-aeroport\" title=\"A\u00e9roport V\u00e1clav Havel Prague [PRG] : Guide complet avec vols, h\u00f4tels et transferts\" data-css=\"\">A\u00e9roport V\u00e1clav Havel Prague [PRG] : Guide complet avec vols, h\u00f4tels et transferts<\/a><\/span><\/h3>\n<p>L&rsquo;a\u00e9roport de V\u00e1clav-Havel est l&rsquo;a\u00e9roport international de Prague. <a href=\"https:\/\/praguetouristinformation.com\/fr\/plan\/arrivee\/vaclav-havel-aeroport#more-86\">&#8230;<\/a><\/p>\n<p><a href=\"https:\/\/praguetouristinformation.com\/fr\/plan\/arrivee\/vaclav-havel-aeroport\" style=\"\"><span style=\"\"><span style=\"\"><strong>continuer la lecture<\/strong><\/span><\/span><\/a><a href=\"javascript:void(0)\" style=\"\"><span style=\"\"><span style=\"\">Load More<\/span><\/span><\/a><\/p>\n<h2 style=\"text-align: center;\" id=\"t-1670486370721\" data-alt-text=\"FAQ - H\u00e4ufige Fragen \">FAQ &#8211; Foire aux questions sur les transports publics \u00e0 Prague<\/h2>\n","protected":false},"excerpt":{"rendered":"<p>Transports publics \u00e0 Prague&nbsp;: guide avec informations sur les billets et plus Guide des transports de Prague, des itin\u00e9raires et des billets possibles pour les habitants et les voyageurs \u00e0 Prague. Prague City Pass par MegaPass Le Prague City Pass par MegaPass donne acc\u00e8s aux principales attractions de Prague, aux transports publics et \u00e0 une [&hellip;]<\/p>\n","protected":false},"author":6,"featured_media":2407,"parent":767,"menu_order":0,"comment_status":"closed","ping_status":"closed","template":"","meta":{"footnotes":""},"categories":[],"tags":[32,33],"class_list":["post-775","page","type-page","status-publish","has-post-thumbnail","hentry","tag-planung","tag-verkehr","post-wrapper","thrv_wrapper"],"_links":{"self":[{"href":"https:\/\/praguetouristinformation.com\/fr\/wp-json\/wp\/v2\/pages\/775","targetHints":{"allow":["GET"]}}],"collection":[{"href":"https:\/\/praguetouristinformation.com\/fr\/wp-json\/wp\/v2\/pages"}],"about":[{"href":"https:\/\/praguetouristinformation.com\/fr\/wp-json\/wp\/v2\/types\/page"}],"author":[{"embeddable":true,"href":"https:\/\/praguetouristinformation.com\/fr\/wp-json\/wp\/v2\/users\/6"}],"replies":[{"embeddable":true,"href":"https:\/\/praguetouristinformation.com\/fr\/wp-json\/wp\/v2\/comments?post=775"}],"version-history":[{"count":4,"href":"https:\/\/praguetouristinformation.com\/fr\/wp-json\/wp\/v2\/pages\/775\/revisions"}],"predecessor-version":[{"id":5067,"href":"https:\/\/praguetouristinformation.com\/fr\/wp-json\/wp\/v2\/pages\/775\/revisions\/5067"}],"up":[{"embeddable":true,"href":"https:\/\/praguetouristinformation.com\/fr\/wp-json\/wp\/v2\/pages\/767"}],"wp:featuredmedia":[{"embeddable":true,"href":"https:\/\/praguetouristinformation.com\/fr\/wp-json\/wp\/v2\/media\/2407"}],"wp:attachment":[{"href":"https:\/\/praguetouristinformation.com\/fr\/wp-json\/wp\/v2\/media?parent=775"}],"wp:term":[{"taxonomy":"category","embeddable":true,"href":"https:\/\/praguetouristinformation.com\/fr\/wp-json\/wp\/v2\/categories?post=775"},{"taxonomy":"post_tag","embeddable":true,"href":"https:\/\/praguetouristinformation.com\/fr\/wp-json\/wp\/v2\/tags?post=775"}],"curies":[{"name":"wp","href":"https:\/\/api.w.org\/{rel}","templated":true}]}}