{"id":769,"date":"2020-10-15T14:04:53","date_gmt":"2020-10-15T14:04:53","guid":{"rendered":"http:\/\/praguetouristinformation.com\/?page_id=769"},"modified":"2023-05-04T14:02:39","modified_gmt":"2023-05-04T14:02:39","slug":"arrivee","status":"publish","type":"page","link":"https:\/\/praguetouristinformation.com\/fr\/plan\/arrivee","title":{"rendered":"Guide pour se rendre \u00e0 Prague : Info &#038; des astuces"},"content":{"rendered":"<h1>Guide pour se rendre \u00e0 Prague : informations et conseils<\/h1>\n<p style=\"\">Il s&rsquo;agit d&rsquo;un vol aller simple, d&rsquo;un train, d&rsquo;un bus et de la conduite de votre propre voiture jusqu&rsquo;\u00e0 Prague.&nbsp;<\/p>\n<h2 style=\"text-align: center;\" id=\"t-1670495640211\">Comment se rendre \u00e0 Prague ?<\/h2>\n<p style=\"text-align: center;\">&#8230; et comment puis-je me d\u00e9placer dans la ville&nbsp;?<\/p>\n<h3 style=\"\" id=\"t-1670495640196\"><span data-attr-css=\"tve-u-173e7860be8\" data-attr-link=\"1\" data-attr-rel=\"0\" data-attr-target=\"0\" data-extra_key=\"\" data-option-inline=\"1\" data-shortcode=\"tcb_post_title\" data-shortcode-name=\"Post title\" data-attr-static-link=\"{&quot;className&quot;:&quot;&quot;,&quot;href&quot;:&quot;https:\/\/praguetouristinformation.com\/fr\/plan\/transports-en-commun&quot;,&quot;title&quot;:&quot;Transports publics \u00e0 Prague : Guide avec informations et billets&quot;,&quot;data-css&quot;:&quot;tve-u-173e7860be8&quot;,&quot;class&quot;:&quot;&quot;}\" style=\"\"><a href=\"https:\/\/praguetouristinformation.com\/fr\/plan\/transports-en-commun\" title=\"Transports publics \u00e0 Prague : Guide avec informations et billets\">Transports publics \u00e0 Prague : Guide avec informations et billets<\/a><\/span><\/h3>\n<p><a href=\"https:\/\/praguetouristinformation.com\/fr\/plan\/arrivee\/vaclav-havel-aeroport\" dynamic-postlink=\"tcb_post_the_permalink\" data-shortcode-id=\"92\"><\/a><\/p>\n<h3 style=\"text-align: center; padding-top: 0px !important; margin-top: 0px !important;\" id=\"t-1670495640197\"><span data-attr-link=\"1\" data-attr-rel=\"0\" data-attr-target=\"0\" data-extra_key=\"\" data-option-inline=\"1\" data-shortcode=\"tcb_post_title\" data-shortcode-name=\"Post title\" data-attr-css=\"\" data-attr-static-link=\"{&quot;className&quot;:&quot;&quot;,&quot;href&quot;:&quot;https:\/\/praguetouristinformation.com\/fr\/plan\/arrivee\/vaclav-havel-aeroport&quot;,&quot;title&quot;:&quot;A\u00e9roport V\u00e1clav Havel Prague ((PRG)) : Guide complet avec vols, h\u00f4tels et transferts&quot;,&quot;class&quot;:&quot;&quot;}\" style=\"\"><a href=\"https:\/\/praguetouristinformation.com\/fr\/plan\/arrivee\/vaclav-havel-aeroport\" title=\"A\u00e9roport V\u00e1clav Havel Prague [PRG] : Guide complet avec vols, h\u00f4tels et transferts\" data-css=\"\">A\u00e9roport V\u00e1clav Havel Prague [PRG] : Guide complet avec vols, h\u00f4tels et transferts<\/a><\/span><\/h3>\n<p>L&rsquo;a\u00e9roport de V\u00e1clav-Havel est l&rsquo;a\u00e9roport international de Prague. <a href=\"https:\/\/praguetouristinformation.com\/fr\/plan\/arrivee\/vaclav-havel-aeroport#more-86\">&#8230;<\/a><\/p>\n<p><a href=\"https:\/\/praguetouristinformation.com\/fr\/plan\/arrivee\/vaclav-havel-aeroport\" style=\"\"><span style=\"\"><span style=\"\">continuer la lecture<\/span><\/span><\/a><a href=\"https:\/\/praguetouristinformation.com\/fr\/plan\/arrivee\/gare-centrale\" dynamic-postlink=\"tcb_post_the_permalink\" data-shortcode-id=\"92\"><\/a><\/p>\n<h3 style=\"text-align: center; padding-top: 0px !important; margin-top: 0px !important;\" id=\"t-1670495640197\"><span data-attr-link=\"1\" data-attr-rel=\"0\" data-attr-target=\"0\" data-extra_key=\"\" data-option-inline=\"1\" data-shortcode=\"tcb_post_title\" data-shortcode-name=\"Post title\" data-attr-css=\"\" data-attr-static-link=\"{&quot;className&quot;:&quot;&quot;,&quot;href&quot;:&quot;https:\/\/praguetouristinformation.com\/fr\/plan\/arrivee\/vaclav-havel-aeroport&quot;,&quot;title&quot;:&quot;A\u00e9roport V\u00e1clav Havel Prague ((PRG)) : Guide complet avec vols, h\u00f4tels et transferts&quot;,&quot;class&quot;:&quot;&quot;}\" style=\"\"><a href=\"https:\/\/praguetouristinformation.com\/fr\/plan\/arrivee\/gare-centrale\" title=\"Guide de la gare principale de Prague (Hlavn\u00ed N\u00e1dra\u017e)&nbsp;: informations, horaires et liaisons ferroviaires\" data-css=\"\">Guide de la gare principale de Prague (Hlavn\u00ed N\u00e1dra\u017e)&nbsp;: informations, horaires et liaisons ferroviaires<\/a><\/span><\/h3>\n<p>La gare principale de Prague, Praha hlavn\u00ed n\u00e1dra\u017e, <a href=\"https:\/\/praguetouristinformation.com\/fr\/plan\/arrivee\/gare-centrale#more-98\">&#8230;<\/a><\/p>\n<p><a href=\"https:\/\/praguetouristinformation.com\/fr\/plan\/arrivee\/gare-centrale\" style=\"\"><span style=\"\"><span style=\"\">continuer la lecture<\/span><\/span><\/a><a href=\"https:\/\/praguetouristinformation.com\/fr\/plan\/arrivee\/gare-routiere-florenc\" dynamic-postlink=\"tcb_post_the_permalink\" data-shortcode-id=\"92\"><\/a><\/p>\n<h3 style=\"text-align: center; padding-top: 0px !important; margin-top: 0px !important;\" id=\"t-1670495640197\"><span data-attr-link=\"1\" data-attr-rel=\"0\" data-attr-target=\"0\" data-extra_key=\"\" data-option-inline=\"1\" data-shortcode=\"tcb_post_title\" data-shortcode-name=\"Post title\" data-attr-css=\"\" data-attr-static-link=\"{&quot;className&quot;:&quot;&quot;,&quot;href&quot;:&quot;https:\/\/praguetouristinformation.com\/fr\/plan\/arrivee\/vaclav-havel-aeroport&quot;,&quot;title&quot;:&quot;A\u00e9roport V\u00e1clav Havel Prague ((PRG)) : Guide complet avec vols, h\u00f4tels et transferts&quot;,&quot;class&quot;:&quot;&quot;}\" style=\"\"><a href=\"https:\/\/praguetouristinformation.com\/fr\/plan\/arrivee\/gare-routiere-florenc\" title=\"Guide de la gare routi\u00e8re de Prague : informations, horaires, liaisons en bus\" data-css=\"\">Guide de la gare routi\u00e8re de Prague : informations, horaires, liaisons en bus<\/a><\/span><\/h3>\n<p>La gare routi\u00e8re centrale de Prague ZOB s&rsquo;appelle <a href=\"https:\/\/praguetouristinformation.com\/fr\/plan\/arrivee\/gare-routiere-florenc#more-92\">&#8230;<\/a><\/p>\n<p><a href=\"https:\/\/praguetouristinformation.com\/fr\/plan\/arrivee\/gare-routiere-florenc\" style=\"\"><span style=\"\"><span style=\"\">continuer la lecture<\/span><\/span><\/a><a href=\"https:\/\/praguetouristinformation.com\/fr\/plan\/arrivee\/taxi\" dynamic-postlink=\"tcb_post_the_permalink\" data-shortcode-id=\"92\"><\/a><\/p>\n<h3 style=\"text-align: center; padding-top: 0px !important; margin-top: 0px !important;\" id=\"t-1670495640197\"><span data-attr-link=\"1\" data-attr-rel=\"0\" data-attr-target=\"0\" data-extra_key=\"\" data-option-inline=\"1\" data-shortcode=\"tcb_post_title\" data-shortcode-name=\"Post title\" data-attr-css=\"\" data-attr-static-link=\"{&quot;className&quot;:&quot;&quot;,&quot;href&quot;:&quot;https:\/\/praguetouristinformation.com\/fr\/plan\/arrivee\/vaclav-havel-aeroport&quot;,&quot;title&quot;:&quot;A\u00e9roport V\u00e1clav Havel Prague ((PRG)) : Guide complet avec vols, h\u00f4tels et transferts&quot;,&quot;class&quot;:&quot;&quot;}\" style=\"\"><a href=\"https:\/\/praguetouristinformation.com\/fr\/plan\/arrivee\/taxi\" title=\"Guide des taxis \u00e0 Prague : informations importantes, tarifs &amp; conseils\" data-css=\"\">Guide des taxis \u00e0 Prague : informations importantes, tarifs &amp; conseils<\/a><\/span><\/h3>\n<p>Voici notre guide du taxi et de la <a href=\"https:\/\/praguetouristinformation.com\/fr\/plan\/arrivee\/taxi#more-89\">&#8230;<\/a><\/p>\n<p><a href=\"https:\/\/praguetouristinformation.com\/fr\/plan\/arrivee\/taxi\" style=\"\"><span style=\"\"><span style=\"\">continuer la lecture<\/span><\/span><\/a><a href=\"https:\/\/praguetouristinformation.com\/fr\/plan\/arrivee\/parc-relais\" dynamic-postlink=\"tcb_post_the_permalink\" data-shortcode-id=\"92\"><\/a><\/p>\n<h3 style=\"text-align: center; padding-top: 0px !important; margin-top: 0px !important;\" id=\"t-1670495640197\"><span data-attr-link=\"1\" data-attr-rel=\"0\" data-attr-target=\"0\" data-extra_key=\"\" data-option-inline=\"1\" data-shortcode=\"tcb_post_title\" data-shortcode-name=\"Post title\" data-attr-css=\"\" data-attr-static-link=\"{&quot;className&quot;:&quot;&quot;,&quot;href&quot;:&quot;https:\/\/praguetouristinformation.com\/fr\/plan\/arrivee\/vaclav-havel-aeroport&quot;,&quot;title&quot;:&quot;A\u00e9roport V\u00e1clav Havel Prague ((PRG)) : Guide complet avec vols, h\u00f4tels et transferts&quot;,&quot;class&quot;:&quot;&quot;}\" style=\"\"><a href=\"https:\/\/praguetouristinformation.com\/fr\/plan\/arrivee\/parc-relais\" title=\"Park and Ride Prague : Guide avec informations et conseils\" data-css=\"\">Park and Ride Prague : Guide avec informations et conseils<\/a><\/span><\/h3>\n<p>Autant de curiosit\u00e9s qu&rsquo;il y a \u00e0 Prague <a href=\"https:\/\/praguetouristinformation.com\/fr\/plan\/arrivee\/parc-relais#more-1086\">&#8230;<\/a><\/p>\n<p><a href=\"https:\/\/praguetouristinformation.com\/fr\/plan\/arrivee\/parc-relais\" style=\"\"><span style=\"\"><span style=\"\">continuer la lecture<\/span><\/span><\/a><a href=\"https:\/\/praguetouristinformation.com\/fr\/plan\/arrivee\/stationnement\" dynamic-postlink=\"tcb_post_the_permalink\" data-shortcode-id=\"92\"><\/a><\/p>\n<h3 style=\"text-align: center; padding-top: 0px !important; margin-top: 0px !important;\" id=\"t-1670495640197\"><span data-attr-link=\"1\" data-attr-rel=\"0\" data-attr-target=\"0\" data-extra_key=\"\" data-option-inline=\"1\" data-shortcode=\"tcb_post_title\" data-shortcode-name=\"Post title\" data-attr-css=\"\" data-attr-static-link=\"{&quot;className&quot;:&quot;&quot;,&quot;href&quot;:&quot;https:\/\/praguetouristinformation.com\/fr\/plan\/arrivee\/vaclav-havel-aeroport&quot;,&quot;title&quot;:&quot;A\u00e9roport V\u00e1clav Havel Prague ((PRG)) : Guide complet avec vols, h\u00f4tels et transferts&quot;,&quot;class&quot;:&quot;&quot;}\" style=\"\"><a href=\"https:\/\/praguetouristinformation.com\/fr\/plan\/arrivee\/stationnement\" title=\"Se garer \u00e0 Prague : zones de stationnement, parkings et tarifs\" data-css=\"\">Se garer \u00e0 Prague : zones de stationnement, parkings et tarifs<\/a><\/span><\/h3>\n<p>Bien qu&rsquo;il y ait parfois un peu d&#8217;embouteillages, <a href=\"https:\/\/praguetouristinformation.com\/fr\/plan\/arrivee\/stationnement#more-95\">&#8230;<\/a><\/p>\n<p><a href=\"https:\/\/praguetouristinformation.com\/fr\/plan\/arrivee\/stationnement\" style=\"\"><span style=\"\"><span style=\"\">continuer la lecture<\/span><\/span><\/a><a href=\"javascript:void(0)\" style=\"\"><span style=\"\"><span style=\"\">Load More<\/span><\/span><\/a><\/p>\n<h2 style=\"text-align: center;\" id=\"t-1670495640212\">Explorez simplement la ville<\/h2>\n<p style=\"text-align: center;\">Billets, visites et audioguides<\/p>\n<h3 style=\"\" id=\"t-1670495640203\"><span data-attr-css=\"tve-u-173e7904c02\" data-attr-link=\"1\" data-attr-rel=\"0\" data-attr-target=\"0\" data-extra_key=\"\" data-option-inline=\"1\" data-shortcode=\"tcb_post_title\" data-shortcode-name=\"Post title\" data-attr-static-link=\"{&quot;className&quot;:&quot;&quot;,&quot;href&quot;:&quot;https:\/\/praguetouristinformation.com\/fr\/shop&quot;,&quot;title&quot;:&quot;Boutique bient\u00f4t disponible&quot;,&quot;data-css&quot;:&quot;tve-u-173e7904c02&quot;,&quot;class&quot;:&quot;&quot;}\" style=\"\"><a href=\"https:\/\/praguetouristinformation.com\/fr\/shop\" title=\"Boutique bient\u00f4t disponible\">Boutique bient\u00f4t disponible<\/a><\/span><\/h3>\n<p><a href=\"javascript:void(0)\" style=\"\"><span style=\"\"><span style=\"\">Load More<\/span><\/span><\/a><\/p>\n<h2 id=\"t-1670495640204\">Quand les billets city break sont-ils payants&nbsp;?<\/h2>\n<p>L&rsquo;achat d&rsquo;un billet journalier \u00e0 Prague est payant au prix normal pour trois trajets simples. Ceci s&rsquo;applique \u00e0 l&rsquo;ensemble du r\u00e9seau de transport public.&nbsp;<\/p>\n<p>Un billet journalier est \u00e9galement payant apr\u00e8s 3 trajets \u00e0 prix r\u00e9duit \u00e0 Prague, il existe \u00e9galement des billets journaliers \u00e0 prix r\u00e9duit.<\/p>\n<h3 id=\"t-1670495640205\">Transfert<\/h3>\n<ul>\n<li style=\"\"><span style=\"\"><strong>A\u00e9roport V\u00e1clav-Havel PRG :<\/strong> L&rsquo; a\u00e9roport de la <a href=\"https:\/\/praguetouristinformation.com\/fr\/plan\/arrivee\/vaclav-havel-aeroport\" style=\"outline: none;\">capitale<\/a> est reli\u00e9 \u00e0 la ville par des bus publics, il n&rsquo;y a pas de connexion S-Bahn directe, mais des bus circulent r\u00e9guli\u00e8rement depuis 2 stations de m\u00e9tro centrales. En outre, il existe des options telles que Uber, des bus partag\u00e9s, des prestataires de services de transfert priv\u00e9s et des offres de transfert pour cadres.&nbsp;<\/span><\/li>\n<li><span><strong>Gare principale de Prague :<\/strong> La <a href=\"https:\/\/praguetouristinformation.com\/fr\/plan\/arrivee\/gare-centrale\" style=\"outline: none;\">gare<\/a> est situ\u00e9e en plein centre-ville et est reli\u00e9e au r\u00e9seau de m\u00e9tro de Prague. Les taxis sont g\u00e9n\u00e9ralement \u00e0 la sortie, mais il est pr\u00e9f\u00e9rable de les commander par t\u00e9l\u00e9phone.<\/span><\/li>\n<li><span><strong>Gare routi\u00e8re : La <\/strong><a href=\"https:\/\/praguetouristinformation.com\/fr\/plan\/arrivee\/gare-routiere-florenc\" style=\"outline: none;\">gare routi\u00e8re<\/a> centrale se trouve \u00e9galement \u00e0 proximit\u00e9 d&rsquo;une station de m\u00e9tro et est facilement accessible en transports en commun.<\/span><\/li>\n<\/ul>\n<h2 style=\"text-align: center;\" id=\"t-1670495640213\">transfert de l&rsquo;a\u00e9roport<\/h2>\n<p style=\"text-align: center;\">Uber, navette et transfert priv\u00e9<\/p>\n<h3 style=\"\" id=\"t-1670495640206\"><span data-attr-css=\"tve-u-175028fc266\" data-attr-link=\"1\" data-attr-rel=\"0\" data-attr-target=\"0\" data-extra_key=\"\" data-option-inline=\"1\" data-shortcode=\"tcb_post_title\" data-shortcode-name=\"Post title\" data-attr-static-link=\"{&quot;className&quot;:&quot;&quot;,&quot;href&quot;:&quot;https:\/\/praguetouristinformation.com\/fr\/shop&quot;,&quot;title&quot;:&quot;Boutique bient\u00f4t disponible&quot;,&quot;data-css&quot;:&quot;tve-u-175028fc266&quot;,&quot;class&quot;:&quot;&quot;}\" style=\"\"><a href=\"https:\/\/praguetouristinformation.com\/fr\/shop\" title=\"Boutique bient\u00f4t disponible\">Boutique bient\u00f4t disponible<\/a><\/span><\/h3>\n<p><a href=\"javascript:void(0)\" style=\"\"><span style=\"\"><span style=\"\">Load More<\/span><\/span><\/a><\/p>\n<h2 style=\"text-align: center;\" id=\"t-1670495640214\" data-hide=\"true\">Pour les voyages en groupe<\/h2>\n<p style=\"text-align: center;\">Conf\u00e9rences, r\u00e9unions, salons, voyages de club et \u00e9v\u00e9nements<\/p>\n<h3 style=\"\" id=\"t-1670495640207\"><span data-attr-css=\"tve-u-173e791164f\" data-attr-link=\"1\" data-attr-rel=\"0\" data-attr-target=\"0\" data-extra_key=\"\" data-option-inline=\"1\" data-shortcode=\"tcb_post_title\" data-shortcode-name=\"Post title\" data-attr-static-link=\"{&quot;className&quot;:&quot;&quot;,&quot;href&quot;:&quot;https:\/\/praguetouristinformation.com\/fr\/voyage-de-groupe&quot;,&quot;title&quot;:&quot;Voyage de groupe \u00e0 Prague : Full Service M.I.C.E.&quot;,&quot;data-css&quot;:&quot;tve-u-173e791164f&quot;,&quot;class&quot;:&quot;&quot;}\" style=\"\"><a href=\"https:\/\/praguetouristinformation.com\/fr\/voyage-de-groupe\" title=\"Voyage de groupe \u00e0 Prague : Full Service M.I.C.E.\">Voyage de groupe \u00e0 Prague : Full Service M.I.C.E.<\/a><\/span><\/h3>\n<p><a href=\"javascript:void(0)\" style=\"\"><span style=\"\"><span style=\"\">Load More<\/span><\/span><\/a><\/p>\n<h2 id=\"t-1670495640208\">Conf\u00e9rences, salons et voyages de groupe<\/h2>\n<p>En tant qu&rsquo;agence \u00e0 service complet, Praguetouristinformation.com organise tous les domaines du <a href=\"https:\/\/praguetouristinformation.com\/fr\/voyage-de-groupe\" style=\"outline: none;\">voyage de groupe.<\/a><\/p>\n<p>Cela comprend les h\u00f4tels de conf\u00e9rence, les bus pour les transferts de groupe depuis l&rsquo;a\u00e9roport, les transferts ex\u00e9cutifs, la <a href=\"https:\/\/praguetouristinformation.com\/fr\/voyage-de-groupe\/catering\" style=\"outline: none;\">restauration<\/a> , les incentives et bien s\u00fbr l&rsquo;ensemble du programme de soutien.&nbsp;<\/p>\n<p>Lors d&rsquo;une premi\u00e8re consultation gratuite, nous pouvons volontiers examiner vos besoins en mati\u00e8re de r\u00e9unions, de voyages de groupe et d&rsquo;\u00e9v\u00e9nements \u00e0 Prague.&nbsp;<\/p>\n<h3 id=\"t-1670495640209\">D&rsquo;une seule source<\/h3>\n<ul>\n<li style=\"\"><span style=\"\"><strong>Assistance 24 heures sur 24 :<\/strong> Toujours disponible lors de la planification, de la pr\u00e9paration et de la mise en \u0153uvre des voyages de groupe.&nbsp;<\/span><\/li>\n<li><span><strong>D&rsquo;une source unique :<\/strong> traitement complet, y compris le programme de support d&rsquo;une source unique avec une personne de contact.&nbsp;<\/span><\/li>\n<li><span><strong>Consultation initiale gratuite :<\/strong> Nous serions heureux de v\u00e9rifier lors d&rsquo;une consultation initiale gratuite si nous pouvons r\u00e9pondre \u00e0 vos exigences.&nbsp;<\/span><\/li>\n<\/ul>\n<h2 id=\"t-1670495640210\" style=\"text-align: center;\" data-hide=\"true\">Consultation initiale gratuite pour les voyages de groupe<\/h2>\n<p style=\"text-align: center;\">Nous serions ravis de discuter de vos attentes. Le contact est possible par t\u00e9l\u00e9phone au&nbsp; <span data-shortcode=\"thrive_global_fields\" data-shortcode-name=\"[Company] MICE Telefonnummer\" data-extra_key=\"1\" data-attr-id=\"19\" data-option-inline=\"1\"><\/span> , par e-mail \u00e0 <em>support@praguetouristinformation.com<\/em> ou via le formulaire de contact.&nbsp;<\/p>\n","protected":false},"excerpt":{"rendered":"<p>Guide pour se rendre \u00e0 Prague : informations et conseils Il s&rsquo;agit d&rsquo;un vol aller simple, d&rsquo;un train, d&rsquo;un bus et de la conduite de votre propre voiture jusqu&rsquo;\u00e0 Prague.&nbsp; Comment se rendre \u00e0 Prague ? &#8230; et comment puis-je me d\u00e9placer dans la ville&nbsp;? Transports publics \u00e0 Prague : Guide avec informations et billets [&hellip;]<\/p>\n","protected":false},"author":6,"featured_media":2351,"parent":767,"menu_order":0,"comment_status":"open","ping_status":"closed","template":"","meta":{"footnotes":""},"categories":[],"tags":[32,33],"class_list":["post-769","page","type-page","status-publish","has-post-thumbnail","hentry","tag-planung","tag-verkehr","post-wrapper","thrv_wrapper"],"_links":{"self":[{"href":"https:\/\/praguetouristinformation.com\/fr\/wp-json\/wp\/v2\/pages\/769","targetHints":{"allow":["GET"]}}],"collection":[{"href":"https:\/\/praguetouristinformation.com\/fr\/wp-json\/wp\/v2\/pages"}],"about":[{"href":"https:\/\/praguetouristinformation.com\/fr\/wp-json\/wp\/v2\/types\/page"}],"author":[{"embeddable":true,"href":"https:\/\/praguetouristinformation.com\/fr\/wp-json\/wp\/v2\/users\/6"}],"replies":[{"embeddable":true,"href":"https:\/\/praguetouristinformation.com\/fr\/wp-json\/wp\/v2\/comments?post=769"}],"version-history":[{"count":0,"href":"https:\/\/praguetouristinformation.com\/fr\/wp-json\/wp\/v2\/pages\/769\/revisions"}],"up":[{"embeddable":true,"href":"https:\/\/praguetouristinformation.com\/fr\/wp-json\/wp\/v2\/pages\/767"}],"wp:featuredmedia":[{"embeddable":true,"href":"https:\/\/praguetouristinformation.com\/fr\/wp-json\/wp\/v2\/media\/2351"}],"wp:attachment":[{"href":"https:\/\/praguetouristinformation.com\/fr\/wp-json\/wp\/v2\/media?parent=769"}],"wp:term":[{"taxonomy":"category","embeddable":true,"href":"https:\/\/praguetouristinformation.com\/fr\/wp-json\/wp\/v2\/categories?post=769"},{"taxonomy":"post_tag","embeddable":true,"href":"https:\/\/praguetouristinformation.com\/fr\/wp-json\/wp\/v2\/tags?post=769"}],"curies":[{"name":"wp","href":"https:\/\/api.w.org\/{rel}","templated":true}]}}