{"id":765,"date":"2020-10-15T13:54:26","date_gmt":"2020-10-15T13:54:26","guid":{"rendered":"http:\/\/praguetouristinformation.com\/?page_id=765"},"modified":"2023-05-04T13:44:18","modified_gmt":"2023-05-04T13:44:18","slug":"shopping","status":"publish","type":"page","link":"https:\/\/praguetouristinformation.com\/fr\/shopping","title":{"rendered":"Guide shopping de Prague : o\u00f9 et quoi faire ses courses ?"},"content":{"rendered":"<h1 style=\"\">Guide d&rsquo;achat de Prague<\/h1>\n<p style=\"\">O\u00f9 et que puis-je acheter \u00e0 Prague ?<\/p>\n<p style=\"\">\n<p style=\"\">Voici notre liste des meilleures rues commer\u00e7antes, centres commerciaux et march\u00e9s de Prague.&nbsp;<\/p>\n<h2 id=\"t-1594796653444\" style=\"\">Conseils d&rsquo;achat&nbsp;<\/h2>\n<p>Prague est la m\u00e9tropole du shopping de la R\u00e9publique tch\u00e8que. Les grands magasins, les rues commer\u00e7antes, les petites boutiques et les march\u00e9s se rencontrent ici.&nbsp;<\/p>\n<p>Tout est compris entre les id\u00e9es farfelues, la mode de cr\u00e9ateurs et les marques de luxe.&nbsp;<\/p>\n<p>La plus grande densit\u00e9 d&rsquo;adresses de shopping branch\u00e9es se trouve \u00e0 la soi-disant \u00ab\u00a0Croix d&rsquo;Or\u00a0\u00bb, non loin de la <a href=\"https:\/\/praguetouristinformation.com\/fr\/choses-a-faire\/vieille-ville\/place-venceslas\" style=\"outline: none;\">place Venceslas<\/a> et de la place de la <a href=\"https:\/\/praguetouristinformation.com\/fr\/choses-a-faire\/vieille-ville\" style=\"outline: none;\">Vieille Ville. <\/a>Les marques de luxe se sont install\u00e9es sur la Pariser Strasse, la c\u00e9l\u00e8bre <a href=\"https:\/\/praguetouristinformation.com\/fr\/shopping\/rues-commercantes\" style=\"outline: none;\">rue commer\u00e7ante<\/a> qui fait la transition entre la vieille et la nouvelle ville.<\/p>\n<p><!--[if !supportLineBreakNewLine]-->Sur la place de la R\u00e9publique se trouve le Palladium, le plus grand et le plus c\u00e9l\u00e8bre <a href=\"https:\/\/praguetouristinformation.com\/fr\/shopping\/centres-commerciaux\" style=\"outline: none;\">centre commercial<\/a> de Prague . De petites boutiques autour de la place Venceslas vendent de la mode individuelle.&nbsp;<\/p>\n<p>Le march\u00e9 Havel, le Havelsk\u00e9 tr\u017ei\u0161t\u011b, avec ses \u00e9tals, caf\u00e9s et restaurants est c\u00e9l\u00e8bre.&nbsp;<\/p>\n<h3 id=\"t-1594796653445\">Heures d&rsquo;ouverture \u00e0 Prague<\/h3>\n<p>Les magasins de Prague sont g\u00e9n\u00e9ralement ouverts du lundi au samedi, et beaucoup sont \u00e9galement ouverts le dimanche. Les supermarch\u00e9s ouvrent souvent \u00e0 partir de 7h00, les d\u00e9taillants de mode \u00e0 partir de 9h00. Les supermarch\u00e9s ferment \u00e0 20 heures au plus tard, parfois d\u00e8s 19 heures. Les magasins normaux ferment \u00e0 20h00 au plus tard.&nbsp;<\/p>\n<p><strong><span style=\"color: var(ca1c1);\">Week-end :<\/span><\/strong> Comme il n&rsquo;y a pas de loi sur la fermeture des magasins, les magasins peuvent \u00e9galement \u00eatre ouverts le dimanche. Les grands centres commerciaux et les boutiques du centre-ville en particulier sont g\u00e9n\u00e9ralement ouverts de midi \u00e0 tard le soir.&nbsp;<\/p>\n<h2 style=\"text-align: center;\" id=\"t-1594796653446\">Endroits typiques pour faire du shopping<\/h2>\n<p style=\"text-align: center;\">Vue d&rsquo;ensemble des rues commer\u00e7antes, des centres commerciaux et des march\u00e9s<\/p>\n<p><a href=\"https:\/\/praguetouristinformation.com\/fr\/shopping\/centres-commerciaux\" dynamic-postlink=\"tcb_post_the_permalink\" data-shortcode-id=\"200\"><\/a><\/p>\n<h3 style=\"text-align: center; padding-top: 0px !important; margin-top: 0px !important;\" id=\"t-1670487019827\"><span data-attr-link=\"1\" data-attr-rel=\"0\" data-attr-target=\"0\" data-extra_key=\"\" data-option-inline=\"1\" data-shortcode=\"tcb_post_title\" data-shortcode-name=\"Post title\" data-attr-css=\"\" style=\"\" data-attr-static-link=\"{&quot;className&quot;:&quot;&quot;,&quot;href&quot;:&quot;https:\/\/praguetouristinformation.com\/fr\/shopping\/centres-commerciaux&quot;,&quot;title&quot;:&quot;9 Meilleurs Centres Commerciaux \u00e0 Prague ((avec carte))&quot;,&quot;class&quot;:&quot;&quot;}\"><a href=\"https:\/\/praguetouristinformation.com\/fr\/shopping\/centres-commerciaux\" title=\"9 Meilleurs Centres Commerciaux \u00e0 Prague [avec carte]\" data-css=\"\">9 Meilleurs Centres Commerciaux \u00e0 Prague [avec carte]<\/a><\/span><\/h3>\n<p>Voici une s\u00e9lection de centres commerciaux int\u00e9ressants \u00e0 Prague.Ils sont <a href=\"https:\/\/praguetouristinformation.com\/fr\/shopping\/centres-commerciaux#more-200\">&#8230;<\/a><\/p>\n<p><a href=\"https:\/\/praguetouristinformation.com\/fr\/shopping\/centres-commerciaux\"><span style=\"\"><span style=\"\"><strong>continuer la lecture<\/strong><\/span><\/span><\/a><a href=\"https:\/\/praguetouristinformation.com\/fr\/shopping\/rues-commercantes\" dynamic-postlink=\"tcb_post_the_permalink\" data-shortcode-id=\"200\"><\/a><\/p>\n<h3 style=\"text-align: center; padding-top: 0px !important; margin-top: 0px !important;\" id=\"t-1670487019827\"><span data-attr-link=\"1\" data-attr-rel=\"0\" data-attr-target=\"0\" data-extra_key=\"\" data-option-inline=\"1\" data-shortcode=\"tcb_post_title\" data-shortcode-name=\"Post title\" data-attr-css=\"\" style=\"\" data-attr-static-link=\"{&quot;className&quot;:&quot;&quot;,&quot;href&quot;:&quot;https:\/\/praguetouristinformation.com\/fr\/shopping\/centres-commerciaux&quot;,&quot;title&quot;:&quot;9 Meilleurs Centres Commerciaux \u00e0 Prague ((avec carte))&quot;,&quot;class&quot;:&quot;&quot;}\"><a href=\"https:\/\/praguetouristinformation.com\/fr\/shopping\/rues-commercantes\" title=\"6 Bonnes rues commer\u00e7antes \u00e0 Prague [avec carte]\" data-css=\"\">6 Bonnes rues commer\u00e7antes \u00e0 Prague [avec carte]<\/a><\/span><\/h3>\n<p>Vous pouvez faire du shopping partout \u00e0 Prague et il <a href=\"https:\/\/praguetouristinformation.com\/fr\/shopping\/rues-commercantes#more-202\">&#8230;<\/a><\/p>\n<p><a href=\"https:\/\/praguetouristinformation.com\/fr\/shopping\/rues-commercantes\"><span style=\"\"><span style=\"\"><strong>continuer la lecture<\/strong><\/span><\/span><\/a><a href=\"https:\/\/praguetouristinformation.com\/fr\/shopping\/marches\" dynamic-postlink=\"tcb_post_the_permalink\" data-shortcode-id=\"200\"><\/a><\/p>\n<h3 style=\"text-align: center; padding-top: 0px !important; margin-top: 0px !important;\" id=\"t-1670487019827\"><span data-attr-link=\"1\" data-attr-rel=\"0\" data-attr-target=\"0\" data-extra_key=\"\" data-option-inline=\"1\" data-shortcode=\"tcb_post_title\" data-shortcode-name=\"Post title\" data-attr-css=\"\" style=\"\" data-attr-static-link=\"{&quot;className&quot;:&quot;&quot;,&quot;href&quot;:&quot;https:\/\/praguetouristinformation.com\/fr\/shopping\/centres-commerciaux&quot;,&quot;title&quot;:&quot;9 Meilleurs Centres Commerciaux \u00e0 Prague ((avec carte))&quot;,&quot;class&quot;:&quot;&quot;}\"><a href=\"https:\/\/praguetouristinformation.com\/fr\/shopping\/marches\" title=\"5 Meilleurs march\u00e9s de Prague : informations, conseils et visites\" data-css=\"\">5 Meilleurs march\u00e9s de Prague : informations, conseils et visites<\/a><\/span><\/h3>\n<p>Die M\u00e4rkte in Prag haben viel zu bieten: frische Ware, <a href=\"https:\/\/praguetouristinformation.com\/fr\/shopping\/marches#more-1109\">&#8230;<\/a><\/p>\n<p><a href=\"https:\/\/praguetouristinformation.com\/fr\/shopping\/marches\"><span style=\"\"><span style=\"\"><strong>continuer la lecture<\/strong><\/span><\/span><\/a><a href=\"javascript:void(0)\"><span style=\"\"><span style=\"\">Load More<\/span><\/span><\/a><\/p>\n<h2 style=\"text-align: center; font-size: 34px !important;\" id=\"t-1670487019830\">Souvenirs de Prague<\/h2>\n<p style=\"text-align: center;\">Que puis-je ramener de Prague&nbsp;?<\/p>\n<h3 id=\"t-1594796653443\" style=\"\"><span data-attr-css=\"tve-u-1735135c571\" data-attr-link=\"1\" data-attr-rel=\"0\" data-attr-target=\"0\" data-extra_key=\"\" data-option-inline=\"1\" data-shortcode=\"tcb_post_title\" data-shortcode-name=\"Post title\" data-attr-static-link=\"{&quot;className&quot;:&quot;&quot;,&quot;href&quot;:&quot;https:\/\/praguetouristinformation.com\/fr\/shopping\/souvenirs&quot;,&quot;title&quot;:&quot;18 Meilleurs souvenirs de Prague&quot;,&quot;data-css&quot;:&quot;tve-u-1735135c571&quot;,&quot;class&quot;:&quot;&quot;}\" style=\"\"><a href=\"https:\/\/praguetouristinformation.com\/fr\/shopping\/souvenirs\" title=\"18 Meilleurs souvenirs de Prague\">18 Meilleurs souvenirs de Prague<\/a><\/span><\/h3>\n<p><a href=\"javascript:void(0)\"><span style=\"\"><span style=\"\">Load More<\/span><\/span><\/a><\/p>\n<h2 style=\"text-align: center; font-size: 34px !important;\" id=\"t-1594796653442\">Endroits connus pour faire du shopping<\/h2>\n<p style=\"text-align: center;\">La plus grande rue commer\u00e7ante. Le centre commercial le plus c\u00e9l\u00e8bre. Le march\u00e9 principal.&nbsp;<\/p>\n<h4 style=\"\" id=\"t-1670487019831\">Sur Prikop\u00e9<\/h4>\n<p>La principale <a href=\"https:\/\/praguetouristinformation.com\/fr\/shopping\/rues-commercantes\" style=\"outline: none;\">rue commer\u00e7ante de Prague&nbsp;<\/a> avec des centres commerciaux, des magasins de marques internationales et de petites boutiques dans les rues lat\u00e9rales.&nbsp;<\/p>\n<h4 style=\"\" id=\"t-1670487019832\">Palladium<\/h4>\n<p>Avec 170 boutiques, le Palladium est le plus <a href=\"https:\/\/praguetouristinformation.com\/fr\/shopping\/centres-commerciaux\" style=\"outline: none;\">grand centre commercial<\/a> de Prague et aussi l&rsquo;un des plus grands de R\u00e9publique tch\u00e8que. Des succursales de cha\u00eenes bien connues se m\u00ealent \u00e0 de plus petites boutiques. De nombreux restaurants assurent le bien-\u00eatre physique des visiteurs.&nbsp;<\/p>\n<h4 id=\"t-1670487019833\">March\u00e9 de Havel<\/h4>\n<p>Le Havelmarkt pr\u00e8s de la place Venceslas est l&rsquo;un des \u00ab\u00a0originaux\u00a0\u00bb de la capitale. Il date de 1232 et est le seul march\u00e9 permanent du centre-ville. L&rsquo;atmosph\u00e8re anim\u00e9e du march\u00e9 ainsi que les offres gastronomiques nationales et internationales attirent des visiteurs du monde entier. Le Havelmarkt peut \u00e9galement \u00eatre facilement combin\u00e9 avec les curiosit\u00e9s. Si vous cherchez un <a href=\"https:\/\/praguetouristinformation.com\/fr\/shopping\/souvenirs\" style=\"outline: none;\">souvenir tch\u00e8que typique<\/a> , vous \u00eates au bon endroit.<\/p>\n<p><span><img decoding=\"async\" alt=\"March\u00e9 hebdomadaire \u00e0 Maybachufer \u00e0 Berlin en Allemagne\" data-id=\"884\" data-init-width=\"1000\" data-init-height=\"667\" title=\"March\u00e9 hebdomadaire \u00e0 Maybachufer \u00e0 Berlin en Allemagne\" src=\"http:\/\/praguetouristinformation.com\/wp-content\/uploads\/2020\/10\/Wochenmarkt-am-Maybachufer-in-Berlin-in-Deutschland.jpg\" data-width=\"1000\" data-height=\"667\" loading=\"lazy\" width=\"1000\" height=\"667\" data-pin-media=\"http:\/\/praguetouristinformation.com\/wp-content\/uploads\/2021\/02\/34.jpg\" data-pin-description=\"Shopping Guide - Prague Tourist Information\" data-pin-url=\"http:\/\/praguetouristinformation.com\/shopping?tve=true&amp;tcbf=a654d9bcc3\"><\/span><\/p>\n<h2 style=\"text-align: center;\" id=\"t-1670487019834\">Que puis-je associer au shopping ?<\/h2>\n<p>Prague est une capitale de pr\u00e8s de 1,3 million d&rsquo;habitants. C&rsquo;est pourquoi les rues commer\u00e7antes, les quartiers et les centres sont r\u00e9partis dans toute la ville, il existe de nombreuses zones pi\u00e9tonnes \u00e0 Prague. Cela signifie qu&rsquo;une visite des <a href=\"https:\/\/praguetouristinformation.com\/fr\/choses-a-faire\" style=\"outline: none;\">sites<\/a> les plus importants peut \u00e9galement \u00eatre facilement combin\u00e9e avec une courte pause shopping.&nbsp;<\/p>\n<p>Des exemples en sont le Graben pr\u00e8s de la place Venceslas et le N\u00e1rodn\u00ed T\u0159\u00edda avec le Th\u00e9\u00e2tre national et la Pariser Strasse, qui traverse le <a href=\"https:\/\/praguetouristinformation.com\/fr\/choses-a-faire\/quartier-juif\" style=\"outline: none;\">quartier juif<\/a> .&nbsp;<\/p>\n<p><a href=\"https:\/\/praguetouristinformation.com\/fr\/shopping\/centres-commerciaux\" style=\"outline: none;\">Ensuite, il y a les centres commerciaux<\/a> de Prague .&nbsp;<\/p>\n<h3 id=\"t-1670487019835\">Magasins \u00e0 proximit\u00e9 des attractions<\/h3>\n<ul>\n<li style=\"\"><span style=\"\"><strong>Goldenes Kreuz, Graben, Nationalallee et Pariser Strasse :<\/strong> L&#8217;emplacement dans le centre-ville fait de ces zones commer\u00e7antes importantes de Prague \u00e9galement les meilleurs endroits pour faire du shopping pendant une escapade citadine. Ceux qui aiment chercher des alternatives aux boutiques de marques internationales peuvent se promener dans les rues lat\u00e9rales.&nbsp;<\/span><\/li>\n<li><span><strong>Palladium :<\/strong> Le grand magasin Palladium se trouve \u00e0 quelques minutes \u00e0 pied de la place de la R\u00e9publique. Il est proche des principales attractions du centre de Prague, ce qui en fait l&rsquo;endroit id\u00e9al pour faire du shopping dans un centre commercial, surtout par temps de pluie.&nbsp;<\/span><\/li>\n<li><span><strong>Havelmarkt :<\/strong> \u00c0 proximit\u00e9 des sites touristiques du centre de Prague, Havelmarkt est un bon endroit pour se promener parmi les artistes de rue, la cuisine de rue, les stands d&rsquo;artisanat et <a href=\"https:\/\/praguetouristinformation.com\/fr\/shopping\/souvenirs\" style=\"outline: none;\">les souvenirs typiques de Prague<\/a> .&nbsp;<\/span><\/li>\n<\/ul>\n<h2 style=\"text-align: center; font-size: 34px !important;\" id=\"t-1670487019836\">Plus d&rsquo;id\u00e9es<\/h2>\n<p style=\"text-align: center;\">Que puis-je faire d&rsquo;autre?<\/p>\n<h3 style=\"\" id=\"t-1670487019837\"><span data-attr-css=\"tve-u-173517fc1cb\" data-attr-link=\"1\" data-attr-rel=\"0\" data-attr-target=\"0\" data-extra_key=\"\" data-option-inline=\"1\" data-shortcode=\"tcb_post_title\" data-shortcode-name=\"Post title\" data-attr-static-link=\"{&quot;className&quot;:&quot;&quot;,&quot;href&quot;:&quot;https:\/\/praguetouristinformation.com\/fr\/choses-a-faire&quot;,&quot;title&quot;:&quot;50 Meilleures Choses \u00e0 Faire \u00e0 Prague ((+ Billets))&quot;,&quot;data-css&quot;:&quot;tve-u-173517fc1cb&quot;,&quot;class&quot;:&quot;&quot;}\"><a href=\"https:\/\/praguetouristinformation.com\/fr\/choses-a-faire\" title=\"50 Meilleures Choses \u00e0 Faire \u00e0 Prague [+ Billets]\">50 Meilleures Choses \u00e0 Faire \u00e0 Prague [+ Billets]<\/a><\/span><\/h3>\n<p><a href=\"https:\/\/praguetouristinformation.com\/fr\/choses-a-faire\/sous-la-pluie\" dynamic-postlink=\"tcb_post_the_permalink\" data-shortcode-id=\"249\"><\/a><\/p>\n<h3 id=\"t-1670487019838\" style=\"text-align: center; padding-top: 0px !important; margin-top: 0px !important;\"><span data-attr-link=\"1\" data-attr-rel=\"0\" data-attr-target=\"0\" data-extra_key=\"\" data-option-inline=\"1\" data-shortcode=\"tcb_post_title\" data-shortcode-name=\"Post title\" data-attr-css=\"\" style=\"\" data-attr-static-link=\"{&quot;className&quot;:&quot;&quot;,&quot;href&quot;:&quot;https:\/\/praguetouristinformation.com\/fr\/choses-a-faire\/sous-la-pluie&quot;,&quot;title&quot;:&quot;Prague sous la pluie : 20 activit\u00e9s par mauvais temps ((+ billets))&quot;,&quot;class&quot;:&quot;&quot;}\"><a href=\"https:\/\/praguetouristinformation.com\/fr\/choses-a-faire\/sous-la-pluie\" title=\"Prague sous la pluie : 20 activit\u00e9s par mauvais temps [+ billets]\" data-css=\"\">Prague sous la pluie : 20 activit\u00e9s par mauvais temps [+ billets]<\/a><\/span><\/h3>\n<p>Que faire \u00e0 Prague quand il pleut ?Pour ne pas <a href=\"https:\/\/praguetouristinformation.com\/fr\/choses-a-faire\/sous-la-pluie#more-249\">&#8230;<\/a><\/p>\n<p><a href=\"https:\/\/praguetouristinformation.com\/fr\/choses-a-faire\/sous-la-pluie\"><span style=\"\"><span style=\"\"><strong>continuer la lecture<\/strong><\/span><\/span><\/a><a href=\"https:\/\/praguetouristinformation.com\/fr\/choses-a-faire\/musees\" dynamic-postlink=\"tcb_post_the_permalink\" data-shortcode-id=\"249\"><\/a><\/p>\n<h3 id=\"t-1670487019838\" style=\"text-align: center; padding-top: 0px !important; margin-top: 0px !important;\"><span data-attr-link=\"1\" data-attr-rel=\"0\" data-attr-target=\"0\" data-extra_key=\"\" data-option-inline=\"1\" data-shortcode=\"tcb_post_title\" data-shortcode-name=\"Post title\" data-attr-css=\"\" style=\"\" data-attr-static-link=\"{&quot;className&quot;:&quot;&quot;,&quot;href&quot;:&quot;https:\/\/praguetouristinformation.com\/fr\/choses-a-faire\/sous-la-pluie&quot;,&quot;title&quot;:&quot;Prague sous la pluie : 20 activit\u00e9s par mauvais temps ((+ billets))&quot;,&quot;class&quot;:&quot;&quot;}\"><a href=\"https:\/\/praguetouristinformation.com\/fr\/choses-a-faire\/musees\" title=\"20 Meilleurs mus\u00e9es de Prague [avec billets]\" data-css=\"\">20 Meilleurs mus\u00e9es de Prague [avec billets]<\/a><\/span><\/h3>\n<p>La charmante Prague est parsem\u00e9e de mus\u00e9es int\u00e9ressants contenant des <a href=\"https:\/\/praguetouristinformation.com\/fr\/choses-a-faire\/musees#more-137\">&#8230;<\/a><\/p>\n<p><a href=\"https:\/\/praguetouristinformation.com\/fr\/choses-a-faire\/musees\"><span style=\"\"><span style=\"\"><strong>continuer la lecture<\/strong><\/span><\/span><\/a><a href=\"https:\/\/praguetouristinformation.com\/fr\/choses-a-faire\/pour-les-enfants\" dynamic-postlink=\"tcb_post_the_permalink\" data-shortcode-id=\"249\"><\/a><\/p>\n<h3 id=\"t-1670487019838\" style=\"text-align: center; padding-top: 0px !important; margin-top: 0px !important;\"><span data-attr-link=\"1\" data-attr-rel=\"0\" data-attr-target=\"0\" data-extra_key=\"\" data-option-inline=\"1\" data-shortcode=\"tcb_post_title\" data-shortcode-name=\"Post title\" data-attr-css=\"\" style=\"\" data-attr-static-link=\"{&quot;className&quot;:&quot;&quot;,&quot;href&quot;:&quot;https:\/\/praguetouristinformation.com\/fr\/choses-a-faire\/sous-la-pluie&quot;,&quot;title&quot;:&quot;Prague sous la pluie : 20 activit\u00e9s par mauvais temps ((+ billets))&quot;,&quot;class&quot;:&quot;&quot;}\"><a href=\"https:\/\/praguetouristinformation.com\/fr\/choses-a-faire\/pour-les-enfants\" title=\"15 Meilleures choses \u00e0 faire \u00e0 Prague pour les enfants [+ Billets]\" data-css=\"\">15 Meilleures choses \u00e0 faire \u00e0 Prague pour les enfants [+ Billets]<\/a><\/span><\/h3>\n<p>Que faire \u00e0 Prague avec des enfants ?Pendant des vacances <a href=\"https:\/\/praguetouristinformation.com\/fr\/choses-a-faire\/pour-les-enfants#more-256\">&#8230;<\/a><\/p>\n<p><a href=\"https:\/\/praguetouristinformation.com\/fr\/choses-a-faire\/pour-les-enfants\"><span style=\"\"><span style=\"\"><strong>continuer la lecture<\/strong><\/span><\/span><\/a><a href=\"https:\/\/praguetouristinformation.com\/fr\/choses-a-faire\/attractions\" dynamic-postlink=\"tcb_post_the_permalink\" data-shortcode-id=\"249\"><\/a><\/p>\n<h3 id=\"t-1670487019838\" style=\"text-align: center; padding-top: 0px !important; margin-top: 0px !important;\"><span data-attr-link=\"1\" data-attr-rel=\"0\" data-attr-target=\"0\" data-extra_key=\"\" data-option-inline=\"1\" data-shortcode=\"tcb_post_title\" data-shortcode-name=\"Post title\" data-attr-css=\"\" style=\"\" data-attr-static-link=\"{&quot;className&quot;:&quot;&quot;,&quot;href&quot;:&quot;https:\/\/praguetouristinformation.com\/fr\/choses-a-faire\/sous-la-pluie&quot;,&quot;title&quot;:&quot;Prague sous la pluie : 20 activit\u00e9s par mauvais temps ((+ billets))&quot;,&quot;class&quot;:&quot;&quot;}\"><a href=\"https:\/\/praguetouristinformation.com\/fr\/choses-a-faire\/attractions\" title=\"12 Meilleures attractions \u00e0 Prague [avec carte]\" data-css=\"\">12 Meilleures attractions \u00e0 Prague [avec carte]<\/a><\/span><\/h3>\n<p>Que pouvez-vous faire \u00e0 Prague ?En plus des sites touristiques <a href=\"https:\/\/praguetouristinformation.com\/fr\/choses-a-faire\/attractions#more-1090\">&#8230;<\/a><\/p>\n<p><a href=\"https:\/\/praguetouristinformation.com\/fr\/choses-a-faire\/attractions\"><span style=\"\"><span style=\"\"><strong>continuer la lecture<\/strong><\/span><\/span><\/a><a href=\"javascript:void(0)\" style=\"\"><span style=\"\"><span style=\"\">Load More<\/span><\/span><\/a><\/p>\n<h2 style=\"text-align: center;\" id=\"t-1670487019841\">FAQ sur les achats (Foire aux questions)<\/h2>\n","protected":false},"excerpt":{"rendered":"<p>Guide d&rsquo;achat de Prague O\u00f9 et que puis-je acheter \u00e0 Prague ? Voici notre liste des meilleures rues commer\u00e7antes, centres commerciaux et march\u00e9s de Prague.&nbsp; Conseils d&rsquo;achat&nbsp; Prague est la m\u00e9tropole du shopping de la R\u00e9publique tch\u00e8que. Les grands magasins, les rues commer\u00e7antes, les petites boutiques et les march\u00e9s se rencontrent ici.&nbsp; Tout est compris [&hellip;]<\/p>\n","protected":false},"author":6,"featured_media":2465,"parent":0,"menu_order":0,"comment_status":"open","ping_status":"closed","template":"","meta":{"footnotes":""},"categories":[],"tags":[30,34],"class_list":["post-765","page","type-page","status-publish","has-post-thumbnail","hentry","tag-lifestyle","tag-shopping","post-wrapper","thrv_wrapper"],"_links":{"self":[{"href":"https:\/\/praguetouristinformation.com\/fr\/wp-json\/wp\/v2\/pages\/765","targetHints":{"allow":["GET"]}}],"collection":[{"href":"https:\/\/praguetouristinformation.com\/fr\/wp-json\/wp\/v2\/pages"}],"about":[{"href":"https:\/\/praguetouristinformation.com\/fr\/wp-json\/wp\/v2\/types\/page"}],"author":[{"embeddable":true,"href":"https:\/\/praguetouristinformation.com\/fr\/wp-json\/wp\/v2\/users\/6"}],"replies":[{"embeddable":true,"href":"https:\/\/praguetouristinformation.com\/fr\/wp-json\/wp\/v2\/comments?post=765"}],"version-history":[{"count":0,"href":"https:\/\/praguetouristinformation.com\/fr\/wp-json\/wp\/v2\/pages\/765\/revisions"}],"wp:featuredmedia":[{"embeddable":true,"href":"https:\/\/praguetouristinformation.com\/fr\/wp-json\/wp\/v2\/media\/2465"}],"wp:attachment":[{"href":"https:\/\/praguetouristinformation.com\/fr\/wp-json\/wp\/v2\/media?parent=765"}],"wp:term":[{"taxonomy":"category","embeddable":true,"href":"https:\/\/praguetouristinformation.com\/fr\/wp-json\/wp\/v2\/categories?post=765"},{"taxonomy":"post_tag","embeddable":true,"href":"https:\/\/praguetouristinformation.com\/fr\/wp-json\/wp\/v2\/tags?post=765"}],"curies":[{"name":"wp","href":"https:\/\/api.w.org\/{rel}","templated":true}]}}