{"id":763,"date":"2020-10-15T13:53:55","date_gmt":"2020-10-15T13:53:55","guid":{"rendered":"http:\/\/praguetouristinformation.com\/?page_id=763"},"modified":"2023-05-04T13:48:12","modified_gmt":"2023-05-04T13:48:12","slug":"hotel","status":"publish","type":"page","link":"https:\/\/praguetouristinformation.com\/fr\/hotel","title":{"rendered":"H\u00f4tels recommand\u00e9s \u00e0 Prague : Au centre, h\u00f4tels de bien-\u00eatre et plus"},"content":{"rendered":"<h1>O\u00f9 puis-je dormir \u00e0 Prague ?<\/h1>\n<p>Recherchez des h\u00f4tels dans toutes les cat\u00e9gories, un service de r\u00e9servation fiable et une assistance 24h\/24 et 7j\/7.<\/p>\n<ul>\n<li style=\"\"><span><span data-attr-id=\"18\" data-extra_key=\"1\" data-option-inline=\"1\" data-shortcode=\"thrive_global_fields\" data-shortcode-name=\"[Company] Support E-Mail\"><\/span><\/span><\/li>\n<li style=\"\"><span><span data-attr-id=\"17\" data-extra_key=\"1\" data-option-inline=\"1\" data-shortcode=\"thrive_global_fields\" data-shortcode-name=\"[Company] Support Telephone\"><\/span><\/span><\/li>\n<\/ul>\n<h2 style=\"text-align: center;\" id=\"t-1670502370685\">H\u00f4tels recommand\u00e9s \u00e0 Prague<\/h2>\n<p style=\"text-align: center;\">H\u00f4tels centraux de 3 \u00e0 5 \u00e9toiles<\/p>\n<p><a href=\"https:\/\/praguetouristinformation.com\/fr\/hotel\/5-etoiles\" dynamic-postlink=\"tcb_post_the_permalink\" data-shortcode-id=\"10\"><\/a><\/p>\n<h3 style=\"text-align: center; padding-top: 0px !important; margin-top: 0px !important;\" id=\"t-1670502370677\"><span data-attr-link=\"1\" data-attr-rel=\"0\" data-attr-target=\"0\" data-extra_key=\"\" data-option-inline=\"1\" data-shortcode=\"tcb_post_title\" data-shortcode-name=\"Post title\" data-attr-css=\"\" data-attr-static-link=\"{&quot;className&quot;:&quot;&quot;,&quot;href&quot;:&quot;https:\/\/praguetouristinformation.com\/fr\/hotel\/5-etoiles&quot;,&quot;title&quot;:&quot;Les 20 meilleurs h\u00f4tels 5 \u00e9toiles de Prague&quot;,&quot;class&quot;:&quot;&quot;}\"><a href=\"https:\/\/praguetouristinformation.com\/fr\/hotel\/5-etoiles\" title=\"Les 20 meilleurs h\u00f4tels 5 \u00e9toiles de Prague\" data-css=\"\">Les 20 meilleurs h\u00f4tels 5 \u00e9toiles de Prague<\/a><\/span><\/h3>\n<p>Sur cette page vous trouverez les meilleurs h\u00f4tels <a href=\"https:\/\/praguetouristinformation.com\/fr\/hotel\/5-etoiles#more-10\">&#8230;<\/a><\/p>\n<p><a href=\"https:\/\/praguetouristinformation.com\/fr\/hotel\/5-etoiles\"><span style=\"\"><span style=\"\">continuer la lecture<\/span><\/span><\/a><a href=\"https:\/\/praguetouristinformation.com\/fr\/hotel\/4-etoiles\" dynamic-postlink=\"tcb_post_the_permalink\" data-shortcode-id=\"10\"><\/a><\/p>\n<h3 style=\"text-align: center; padding-top: 0px !important; margin-top: 0px !important;\" id=\"t-1670502370677\"><span data-attr-link=\"1\" data-attr-rel=\"0\" data-attr-target=\"0\" data-extra_key=\"\" data-option-inline=\"1\" data-shortcode=\"tcb_post_title\" data-shortcode-name=\"Post title\" data-attr-css=\"\" data-attr-static-link=\"{&quot;className&quot;:&quot;&quot;,&quot;href&quot;:&quot;https:\/\/praguetouristinformation.com\/fr\/hotel\/5-etoiles&quot;,&quot;title&quot;:&quot;Les 20 meilleurs h\u00f4tels 5 \u00e9toiles de Prague&quot;,&quot;class&quot;:&quot;&quot;}\"><a href=\"https:\/\/praguetouristinformation.com\/fr\/hotel\/4-etoiles\" title=\"25 Bons h\u00f4tels 4 \u00e9toiles \u00e0 Prague\" data-css=\"\">25 Bons h\u00f4tels 4 \u00e9toiles \u00e0 Prague<\/a><\/span><\/h3>\n<p>Sur cette page vous trouverez les meilleurs h\u00f4tels <a href=\"https:\/\/praguetouristinformation.com\/fr\/hotel\/4-etoiles#more-19\">&#8230;<\/a><\/p>\n<p><a href=\"https:\/\/praguetouristinformation.com\/fr\/hotel\/4-etoiles\"><span style=\"\"><span style=\"\">continuer la lecture<\/span><\/span><\/a><a href=\"https:\/\/praguetouristinformation.com\/fr\/hotel\/spa-et-bien-etre\" dynamic-postlink=\"tcb_post_the_permalink\" data-shortcode-id=\"10\"><\/a><\/p>\n<h3 style=\"text-align: center; padding-top: 0px !important; margin-top: 0px !important;\" id=\"t-1670502370677\"><span data-attr-link=\"1\" data-attr-rel=\"0\" data-attr-target=\"0\" data-extra_key=\"\" data-option-inline=\"1\" data-shortcode=\"tcb_post_title\" data-shortcode-name=\"Post title\" data-attr-css=\"\" data-attr-static-link=\"{&quot;className&quot;:&quot;&quot;,&quot;href&quot;:&quot;https:\/\/praguetouristinformation.com\/fr\/hotel\/5-etoiles&quot;,&quot;title&quot;:&quot;Les 20 meilleurs h\u00f4tels 5 \u00e9toiles de Prague&quot;,&quot;class&quot;:&quot;&quot;}\"><a href=\"https:\/\/praguetouristinformation.com\/fr\/hotel\/spa-et-bien-etre\" title=\"15 Meilleurs H\u00f4tels Spa et Bien-\u00eatre de Prague\" data-css=\"\">15 Meilleurs H\u00f4tels Spa et Bien-\u00eatre de Prague<\/a><\/span><\/h3>\n<p>Ici, nous avons s\u00e9lectionn\u00e9 les meilleurs h\u00f4tels Wellness <a href=\"https:\/\/praguetouristinformation.com\/fr\/hotel\/spa-et-bien-etre#more-13\">&#8230;<\/a><\/p>\n<p><a href=\"https:\/\/praguetouristinformation.com\/fr\/hotel\/spa-et-bien-etre\"><span style=\"\"><span style=\"\">continuer la lecture<\/span><\/span><\/a><a href=\"https:\/\/praguetouristinformation.com\/fr\/hotel\/3-etoiles\" dynamic-postlink=\"tcb_post_the_permalink\" data-shortcode-id=\"10\"><\/a><\/p>\n<h3 style=\"text-align: center; padding-top: 0px !important; margin-top: 0px !important;\" id=\"t-1670502370677\"><span data-attr-link=\"1\" data-attr-rel=\"0\" data-attr-target=\"0\" data-extra_key=\"\" data-option-inline=\"1\" data-shortcode=\"tcb_post_title\" data-shortcode-name=\"Post title\" data-attr-css=\"\" data-attr-static-link=\"{&quot;className&quot;:&quot;&quot;,&quot;href&quot;:&quot;https:\/\/praguetouristinformation.com\/fr\/hotel\/5-etoiles&quot;,&quot;title&quot;:&quot;Les 20 meilleurs h\u00f4tels 5 \u00e9toiles de Prague&quot;,&quot;class&quot;:&quot;&quot;}\"><a href=\"https:\/\/praguetouristinformation.com\/fr\/hotel\/3-etoiles\" title=\"15 H\u00f4tels 3 \u00e9toiles pas chers \u00e0 Prague\" data-css=\"\">15 H\u00f4tels 3 \u00e9toiles pas chers \u00e0 Prague<\/a><\/span><\/h3>\n<p>Sur cette page vous trouverez de bons h\u00f4tels <a href=\"https:\/\/praguetouristinformation.com\/fr\/hotel\/3-etoiles#more-6\">&#8230;<\/a><\/p>\n<p><a href=\"https:\/\/praguetouristinformation.com\/fr\/hotel\/3-etoiles\"><span style=\"\"><span style=\"\">continuer la lecture<\/span><\/span><\/a><a href=\"javascript:void(0)\"><span style=\"\"><span style=\"\">Load More<\/span><\/span><\/a><\/p>\n<h2 style=\"text-align: center;\" id=\"t-1670502370686\">H\u00f4tels dans le centre<\/h2>\n<p style=\"text-align: center;\">quartiers pour un city trip ?<\/p>\n<h3 style=\"\" id=\"t-1670502370681\"><span data-attr-css=\"tve-u-1750c9f633d\" data-attr-link=\"1\" data-attr-rel=\"0\" data-attr-target=\"0\" data-extra_key=\"\" data-option-inline=\"1\" data-shortcode=\"tcb_post_title\" data-shortcode-name=\"Post title\" style=\"\" data-attr-static-link=\"{&quot;className&quot;:&quot;&quot;,&quot;href&quot;:&quot;https:\/\/praguetouristinformation.com\/fr\/plan\/quartiers&quot;,&quot;title&quot;:&quot;10 Quartiers de Prague : guide de l\u2019h\u00e9bergement en voyage&quot;,&quot;data-css&quot;:&quot;tve-u-1750c9f633d&quot;,&quot;class&quot;:&quot;&quot;}\"><a href=\"https:\/\/praguetouristinformation.com\/fr\/plan\/quartiers\" title=\"10 Quartiers de Prague : guide de l\u2019h\u00e9bergement en voyage\">10 Quartiers de Prague : guide de l\u2019h\u00e9bergement en voyage<\/a><\/span><\/h3>\n<p><a href=\"https:\/\/praguetouristinformation.com\/fr\/plan\/quartiers\"><span style=\"\"><span style=\"\">continuer la lecture<\/span><\/span><\/a><a href=\"javascript:void(0)\"><span style=\"\"><span style=\"\">Load More<\/span><\/span><\/a><\/p>\n<h2 style=\"\" id=\"t-1670502370682\">service de r\u00e9servation<\/h2>\n<p>R\u00e9servation d&rsquo;h\u00f4tels avec Prague Tourist Information en ligne ou via le formulaire de contact.&nbsp;<\/p>\n<ul>\n<li style=\"\"><span><span data-attr-id=\"18\" data-extra_key=\"1\" data-option-inline=\"1\" data-shortcode=\"thrive_global_fields\" data-shortcode-name=\"[Company] Support E-Mail\"><\/span><\/span><\/li>\n<li style=\"\"><span><span data-attr-id=\"17\" data-extra_key=\"1\" data-option-inline=\"1\" data-shortcode=\"thrive_global_fields\" data-shortcode-name=\"[Company] Support Telephone\"><\/span><\/span><\/li>\n<\/ul>\n<h2 style=\"text-align: center;\" id=\"t-1670502370687\">Visites de groupe \u00e0 Prague<\/h2>\n<p style=\"text-align: center;\">R\u00e9servation d&rsquo;h\u00f4tels de conf\u00e9rence<\/p>\n<h3 style=\"\" id=\"t-1670502370683\"><span data-attr-css=\"tve-u-1750ca32418\" data-attr-link=\"1\" data-attr-rel=\"0\" data-attr-target=\"0\" data-extra_key=\"\" data-option-inline=\"1\" data-shortcode=\"tcb_post_title\" data-shortcode-name=\"Post title\" style=\"\" data-attr-static-link=\"{&quot;className&quot;:&quot;&quot;,&quot;href&quot;:&quot;https:\/\/praguetouristinformation.com\/fr\/voyage-de-groupe&quot;,&quot;title&quot;:&quot;Voyage de groupe \u00e0 Prague : Full Service M.I.C.E.&quot;,&quot;data-css&quot;:&quot;tve-u-1750ca32418&quot;,&quot;class&quot;:&quot;&quot;}\"><a href=\"https:\/\/praguetouristinformation.com\/fr\/voyage-de-groupe\" title=\"Voyage de groupe \u00e0 Prague : Full Service M.I.C.E.\">Voyage de groupe \u00e0 Prague : Full Service M.I.C.E.<\/a><\/span><\/h3>\n<p><a href=\"https:\/\/praguetouristinformation.com\/fr\/voyage-de-groupe\"><span style=\"\"><span style=\"\">continuer la lecture<\/span><\/span><\/a><a href=\"javascript:void(0)\"><span style=\"\"><span style=\"\">Load More<\/span><\/span><\/a><\/p>\n<h2 style=\"text-align: center;\" id=\"t-1670502370684\">Premi\u00e8re consultation gratuite<\/h2>\n<p style=\"text-align: center;\">Nous serions ravis de discuter de vos attentes. Le contact est possible par t\u00e9l\u00e9phone au&nbsp; <span data-shortcode=\"thrive_global_fields\" data-shortcode-name=\"[Company] MICE Telefonnummer\" data-extra_key=\"1\" data-attr-id=\"19\" data-option-inline=\"1\"><\/span> , par e-mail \u00e0 <em>support@praguetouristinformation.com<\/em> ou via le formulaire de contact.&nbsp;<\/p>\n","protected":false},"excerpt":{"rendered":"<p>O\u00f9 puis-je dormir \u00e0 Prague ? Recherchez des h\u00f4tels dans toutes les cat\u00e9gories, un service de r\u00e9servation fiable et une assistance 24h\/24 et 7j\/7. H\u00f4tels recommand\u00e9s \u00e0 Prague H\u00f4tels centraux de 3 \u00e0 5 \u00e9toiles Les 20 meilleurs h\u00f4tels 5 \u00e9toiles de Prague Sur cette page vous trouverez les meilleurs h\u00f4tels &#8230; continuer la lecture [&hellip;]<\/p>\n","protected":false},"author":6,"featured_media":1920,"parent":0,"menu_order":0,"comment_status":"closed","ping_status":"closed","template":"","meta":{"footnotes":""},"categories":[],"tags":[27],"class_list":["post-763","page","type-page","status-publish","has-post-thumbnail","hentry","tag-hotel","post-wrapper","thrv_wrapper"],"_links":{"self":[{"href":"https:\/\/praguetouristinformation.com\/fr\/wp-json\/wp\/v2\/pages\/763","targetHints":{"allow":["GET"]}}],"collection":[{"href":"https:\/\/praguetouristinformation.com\/fr\/wp-json\/wp\/v2\/pages"}],"about":[{"href":"https:\/\/praguetouristinformation.com\/fr\/wp-json\/wp\/v2\/types\/page"}],"author":[{"embeddable":true,"href":"https:\/\/praguetouristinformation.com\/fr\/wp-json\/wp\/v2\/users\/6"}],"replies":[{"embeddable":true,"href":"https:\/\/praguetouristinformation.com\/fr\/wp-json\/wp\/v2\/comments?post=763"}],"version-history":[{"count":0,"href":"https:\/\/praguetouristinformation.com\/fr\/wp-json\/wp\/v2\/pages\/763\/revisions"}],"wp:featuredmedia":[{"embeddable":true,"href":"https:\/\/praguetouristinformation.com\/fr\/wp-json\/wp\/v2\/media\/1920"}],"wp:attachment":[{"href":"https:\/\/praguetouristinformation.com\/fr\/wp-json\/wp\/v2\/media?parent=763"}],"wp:term":[{"taxonomy":"category","embeddable":true,"href":"https:\/\/praguetouristinformation.com\/fr\/wp-json\/wp\/v2\/categories?post=763"},{"taxonomy":"post_tag","embeddable":true,"href":"https:\/\/praguetouristinformation.com\/fr\/wp-json\/wp\/v2\/tags?post=763"}],"curies":[{"name":"wp","href":"https:\/\/api.w.org\/{rel}","templated":true}]}}