{"id":761,"date":"2020-10-15T13:53:08","date_gmt":"2020-10-15T13:53:08","guid":{"rendered":"http:\/\/praguetouristinformation.com\/?page_id=761"},"modified":"2023-05-04T13:38:47","modified_gmt":"2023-05-04T13:38:47","slug":"restaurants-prague","status":"publish","type":"page","link":"https:\/\/praguetouristinformation.com\/fr\/restaurants-prague","title":{"rendered":"Guide des restaurants de Prague : o\u00f9 et quoi manger ?"},"content":{"rendered":"<h1>Guide des restaurants de Prague&nbsp;<\/h1>\n<p>Voici des restaurants, des caf\u00e9s et des plats tch\u00e8ques typiques pour toutes les occasions.<\/p>\n<h2 style=\"text-align: center;\" id=\"t-1670494482126\">O\u00f9 puis-je manger \u00e0 Prague ?<\/h2>\n<p><a href=\"https:\/\/praguetouristinformation.com\/fr\/restaurants-prague\/biere\" dynamic-postlink=\"tcb_post_the_permalink\" data-shortcode-id=\"724\"><\/a><\/p>\n<p style=\"text-align: center;\"><span data-attr-date-format=\"F j, Y\" data-attr-date-format-select=\"F j, Y\" data-attr-show-time=\"0\" data-attr-time-format=\"\" data-attr-time-format-select=\"g:i a\" data-attr-type=\"published\" data-extra_key=\"\" data-option-inline=\"1\" data-shortcode=\"tcb_post_published_date\" data-shortcode-name=\"Post date\">October 15, 2020 <\/span><\/p>\n<h3 style=\"text-align: center; padding-top: 0px !important; margin-top: 0px !important;\" id=\"t-1670494482127\"><span data-attr-link=\"1\" data-attr-rel=\"0\" data-attr-target=\"0\" data-extra_key=\"\" data-option-inline=\"1\" data-shortcode=\"tcb_post_title\" data-shortcode-name=\"Post title\" data-attr-css=\"\" data-attr-static-link=\"{&quot;className&quot;:&quot;&quot;,&quot;href&quot;:&quot;https:\/\/praguetouristinformation.com\/fr\/restaurants-prague\/biere&quot;,&quot;title&quot;:&quot;O\u00f9 puis-je boire de la bonne bi\u00e8re \u00e0 Prague ?&quot;,&quot;class&quot;:&quot;&quot;}\" style=\"\"><a href=\"https:\/\/praguetouristinformation.com\/fr\/restaurants-prague\/biere\" title=\"O\u00f9 puis-je boire de la bonne bi\u00e8re \u00e0 Prague ?\" data-css=\"\">O\u00f9 puis-je boire de la bonne bi\u00e8re \u00e0 Prague ?<\/a><\/span><\/h3>\n<p>On dit que la meilleure bi\u00e8re est brass\u00e9e <a href=\"https:\/\/praguetouristinformation.com\/fr\/restaurants-prague\/biere#more-724\">&#8230;<\/a><\/p>\n<p><a href=\"https:\/\/praguetouristinformation.com\/fr\/restaurants-prague\/biere\" style=\"\"><span style=\"\"><span style=\"\">continuer la lecture<\/span><\/span><\/a><a href=\"https:\/\/praguetouristinformation.com\/fr\/shopping\/marches\" dynamic-postlink=\"tcb_post_the_permalink\" data-shortcode-id=\"724\"><\/a><\/p>\n<p style=\"text-align: center;\"><span data-attr-date-format=\"F j, Y\" data-attr-date-format-select=\"F j, Y\" data-attr-show-time=\"0\" data-attr-time-format=\"\" data-attr-time-format-select=\"g:i a\" data-attr-type=\"published\" data-extra_key=\"\" data-option-inline=\"1\" data-shortcode=\"tcb_post_published_date\" data-shortcode-name=\"Post date\">October 26, 2020 <\/span><\/p>\n<h3 style=\"text-align: center; padding-top: 0px !important; margin-top: 0px !important;\" id=\"t-1670494482127\"><span data-attr-link=\"1\" data-attr-rel=\"0\" data-attr-target=\"0\" data-extra_key=\"\" data-option-inline=\"1\" data-shortcode=\"tcb_post_title\" data-shortcode-name=\"Post title\" data-attr-css=\"\" data-attr-static-link=\"{&quot;className&quot;:&quot;&quot;,&quot;href&quot;:&quot;https:\/\/praguetouristinformation.com\/fr\/restaurants-prague\/biere&quot;,&quot;title&quot;:&quot;O\u00f9 puis-je boire de la bonne bi\u00e8re \u00e0 Prague ?&quot;,&quot;class&quot;:&quot;&quot;}\" style=\"\"><a href=\"https:\/\/praguetouristinformation.com\/fr\/shopping\/marches\" title=\"5 Meilleurs march\u00e9s de Prague : informations, conseils et visites\" data-css=\"\">5 Meilleurs march\u00e9s de Prague : informations, conseils et visites<\/a><\/span><\/h3>\n<p>Die M\u00e4rkte in Prag haben viel zu bieten: <a href=\"https:\/\/praguetouristinformation.com\/fr\/shopping\/marches#more-1109\">&#8230;<\/a><\/p>\n<p><a href=\"https:\/\/praguetouristinformation.com\/fr\/shopping\/marches\" style=\"\"><span style=\"\"><span style=\"\">continuer la lecture<\/span><\/span><\/a><a href=\"https:\/\/praguetouristinformation.com\/fr\/restaurants-prague\/cafes\" dynamic-postlink=\"tcb_post_the_permalink\" data-shortcode-id=\"724\"><\/a><\/p>\n<p style=\"text-align: center;\"><span data-attr-date-format=\"F j, Y\" data-attr-date-format-select=\"F j, Y\" data-attr-show-time=\"0\" data-attr-time-format=\"\" data-attr-time-format-select=\"g:i a\" data-attr-type=\"published\" data-extra_key=\"\" data-option-inline=\"1\" data-shortcode=\"tcb_post_published_date\" data-shortcode-name=\"Post date\">August 31, 2020 <\/span><\/p>\n<h3 style=\"text-align: center; padding-top: 0px !important; margin-top: 0px !important;\" id=\"t-1670494482127\"><span data-attr-link=\"1\" data-attr-rel=\"0\" data-attr-target=\"0\" data-extra_key=\"\" data-option-inline=\"1\" data-shortcode=\"tcb_post_title\" data-shortcode-name=\"Post title\" data-attr-css=\"\" data-attr-static-link=\"{&quot;className&quot;:&quot;&quot;,&quot;href&quot;:&quot;https:\/\/praguetouristinformation.com\/fr\/restaurants-prague\/biere&quot;,&quot;title&quot;:&quot;O\u00f9 puis-je boire de la bonne bi\u00e8re \u00e0 Prague ?&quot;,&quot;class&quot;:&quot;&quot;}\" style=\"\"><a href=\"https:\/\/praguetouristinformation.com\/fr\/restaurants-prague\/cafes\" title=\"14 Meilleurs caf\u00e9s \u00e0 Prague [avec carte]\" data-css=\"\">14 Meilleurs caf\u00e9s \u00e0 Prague [avec carte]<\/a><\/span><\/h3>\n<p>Les caf\u00e9s de Prague \u00e9taient autrefois des lieux <a href=\"https:\/\/praguetouristinformation.com\/fr\/restaurants-prague\/cafes#more-258\">&#8230;<\/a><\/p>\n<p><a href=\"https:\/\/praguetouristinformation.com\/fr\/restaurants-prague\/cafes\" style=\"\"><span style=\"\"><span style=\"\">continuer la lecture<\/span><\/span><\/a><a href=\"https:\/\/praguetouristinformation.com\/fr\/restaurants-prague\/cuisine-boheme\" dynamic-postlink=\"tcb_post_the_permalink\" data-shortcode-id=\"724\"><\/a><\/p>\n<p style=\"text-align: center;\"><span data-attr-date-format=\"F j, Y\" data-attr-date-format-select=\"F j, Y\" data-attr-show-time=\"0\" data-attr-time-format=\"\" data-attr-time-format-select=\"g:i a\" data-attr-type=\"published\" data-extra_key=\"\" data-option-inline=\"1\" data-shortcode=\"tcb_post_published_date\" data-shortcode-name=\"Post date\">August 31, 2020 <\/span><\/p>\n<h3 style=\"text-align: center; padding-top: 0px !important; margin-top: 0px !important;\" id=\"t-1670494482127\"><span data-attr-link=\"1\" data-attr-rel=\"0\" data-attr-target=\"0\" data-extra_key=\"\" data-option-inline=\"1\" data-shortcode=\"tcb_post_title\" data-shortcode-name=\"Post title\" data-attr-css=\"\" data-attr-static-link=\"{&quot;className&quot;:&quot;&quot;,&quot;href&quot;:&quot;https:\/\/praguetouristinformation.com\/fr\/restaurants-prague\/biere&quot;,&quot;title&quot;:&quot;O\u00f9 puis-je boire de la bonne bi\u00e8re \u00e0 Prague ?&quot;,&quot;class&quot;:&quot;&quot;}\" style=\"\"><a href=\"https:\/\/praguetouristinformation.com\/fr\/restaurants-prague\/cuisine-boheme\" title=\"13 Meilleurs restaurants \u00e0 Prague avec cuisine boh\u00e8me\" data-css=\"\">13 Meilleurs restaurants \u00e0 Prague avec cuisine boh\u00e8me<\/a><\/span><\/h3>\n<p>Bien s\u00fbr, tous ceux qui sont \u00e0 Prague <a href=\"https:\/\/praguetouristinformation.com\/fr\/restaurants-prague\/cuisine-boheme#more-253\">&#8230;<\/a><\/p>\n<p><a href=\"https:\/\/praguetouristinformation.com\/fr\/restaurants-prague\/cuisine-boheme\" style=\"\"><span style=\"\"><span style=\"\">continuer la lecture<\/span><\/span><\/a><a href=\"javascript:void(0)\" style=\"\"><span style=\"\"><span style=\"\">Load More<\/span><\/span><\/a><\/p>\n<h2 style=\"text-align: center;\" id=\"t-1673342176103\">Que puis-je manger \u00e0 Prague ?<\/h2>\n<p style=\"text-align: center;\">Jambon de Prague, boulettes, r\u00f4ti de porc avec sauce, Trdeln\u00edk, cr\u00eapes et bi\u00e8re tch\u00e8que sont les premi\u00e8res pens\u00e9es. Mais qu&rsquo;y a-t-il d&rsquo;autre ?<\/p>\n<h2 id=\"t-1670494482131\"><span data-attr-css=\"tve-u-173dcc0ebe5\" data-attr-link=\"1\" data-attr-rel=\"0\" data-attr-target=\"0\" data-extra_key=\"\" data-option-inline=\"1\" data-shortcode=\"tcb_post_title\" data-shortcode-name=\"Post title\" data-attr-static-link=\"{&quot;className&quot;:&quot;&quot;,&quot;href&quot;:&quot;https:\/\/praguetouristinformation.com\/fr\/restaurants-prague\/cuisine-tcheque&quot;,&quot;title&quot;:&quot;Cuisine tch\u00e8que&nbsp;: 25 plats typiques ((+ Visites gastronomiques))&quot;,&quot;data-css&quot;:&quot;tve-u-173dcc0ebe5&quot;,&quot;class&quot;:&quot;&quot;}\"><a href=\"https:\/\/praguetouristinformation.com\/fr\/restaurants-prague\/cuisine-tcheque\" title=\"Cuisine tch\u00e8que&nbsp;: 25 plats typiques [+ Visites gastronomiques]\">Cuisine tch\u00e8que&nbsp;: 25 plats typiques [+ Visites gastronomiques]<\/a><\/span><\/h2>\n<p><a href=\"javascript:void(0)\" style=\"\"><span style=\"\"><span style=\"\">Load More<\/span><\/span><\/a><\/p>\n<h2 id=\"t-1670494482132\">Prague : boulettes \u00e0 la bi\u00e8re<\/h2>\n<p>Traditionnel \u00e0 v\u00e9g\u00e9talien, casher et halal. La cuisine de Prague peut tout faire.&nbsp;<\/p>\n<p>Il existe d\u00e9sormais de nombreux restaurants, caf\u00e9s et petits bars branch\u00e9s dans la capitale.&nbsp;<\/p>\n<p>Un voyage \u00e0 Prague peut facilement \u00eatre combin\u00e9 avec une visite gastronomique des meilleurs restaurants, une visite gastronomique des quartiers branch\u00e9s de Prague ou des restaurants traditionnels classiques.&nbsp;<\/p>\n<p>Trdeln\u00edk, le c\u00e9l\u00e8bre Baumkuchen et la bi\u00e8re tch\u00e8que font tout autant partie de Prague que la visite de l&rsquo;un des nombreux pubs de la vieille ville ou d&rsquo;un pub et brasserie Parg original.<\/p>\n<p>Des plats d&rsquo;Inde, d&rsquo;Italie ou du Mexique font d\u00e9sormais aussi partie des plats du jour.<\/p>\n<h2 id=\"t-1670494482133\">Le bon quartier<\/h2>\n<ul>\n<li style=\"\"><span style=\"\">Cuisine maison avec des plats classiques de Prague ? Des restaurants typiques de Prague se trouvent dans tous les quartiers de la ville.<\/span><\/li>\n<li><span>Une cuisine internationale pas ch\u00e8re ? Un d\u00e9tour par des ruelles \u00e9loign\u00e9es de l&rsquo;agitation touristique vaut tout autant qu&rsquo;une visite au march\u00e9 alimentaire Manifesto \u00e0 Florenc ou \u00e0 Smichov.<\/span><\/li>\n<li><span>Bon petit d\u00e9jeuner? Mala Strana et Stare Mesto peuvent le faire<\/span><\/li>\n<li><span>Branch\u00e9 et moderne&nbsp;? Roulez jusqu&rsquo;au 7\u00e8me arrondissement, qui est pass\u00e9 d&rsquo;une zone industrielle \u00e0 un quartier branch\u00e9.<\/span><\/li>\n<li><span>vie nocturne? La zone entre le pont Charles et la place de la vieille ville et la place Venceslas est la bonne adresse.<\/span><\/li>\n<\/ul>\n<h2 style=\"text-align: center;\" id=\"t-1670494482134\">Visite gastronomique \u00e0 Prague<\/h2>\n<p><a href=\"\" dynamic-postlink=\"tcb_post_the_permalink\" data-shortcode-id=\"2395\"><\/a><\/p>\n<h3 style=\"text-align: center;\"><span data-attr-css=\"\" data-attr-link=\"1\" data-attr-rel=\"0\" data-attr-target=\"0\" data-extra_key=\"\" data-option-inline=\"1\" data-shortcode=\"tcb_post_title\" data-shortcode-name=\"Post title\" style=\"\" data-attr-static-link=\"{&quot;className&quot;:&quot;&quot;,&quot;href&quot;:&quot;#&quot;,&quot;title&quot;:&quot;Guide des restaurants de Prague : o\u00f9 et quoi manger ?&quot;,&quot;class&quot;:&quot;&quot;}\"><\/span><\/h3>\n<p><a href=\"#more-\"><\/a><\/p>\n<p><a href=\"\" style=\"\"><span style=\"\"><span style=\"\">Zum Ticket<\/span><\/span><\/a><\/p>\n<h2 style=\"\" id=\"t-1670494482135\">Restauration<\/h2>\n<p style=\"\">Pour les \u00e9v\u00e9nements d&rsquo;entreprise, les salons et les grands \u00e9v\u00e9nements priv\u00e9s, nous nous chargeons volontiers de la restauration \u00e0 Prague.<\/p>\n<p style=\"\">\n<p style=\"\">En savoir plus sur nos <a href=\"http:\/\/praguetouristinformation.com\/gruppenreise\" style=\"outline: none;\">offres de voyages de groupe<\/a> ici .&nbsp;<\/p>\n<ul>\n<li style=\"\"><span style=\"\"><span data-attr-id=\"18\" data-extra_key=\"1\" data-option-inline=\"1\" data-shortcode=\"thrive_global_fields\" data-shortcode-name=\"[Company] MICE Telefon\" style=\"\"><\/span><\/span><\/li>\n<li style=\"\"><span style=\"\"><span data-attr-id=\"17\" data-extra_key=\"1\" data-option-inline=\"1\" data-shortcode=\"thrive_global_fields\" data-shortcode-name=\"[Company] MICE E-Mail\" style=\"\"><\/span><\/span><\/li>\n<\/ul>\n","protected":false},"excerpt":{"rendered":"<p>Guide des restaurants de Prague&nbsp; Voici des restaurants, des caf\u00e9s et des plats tch\u00e8ques typiques pour toutes les occasions. O\u00f9 puis-je manger \u00e0 Prague ? October 15, 2020 O\u00f9 puis-je boire de la bonne bi\u00e8re \u00e0 Prague ? On dit que la meilleure bi\u00e8re est brass\u00e9e &#8230; continuer la lecture October 26, 2020 5 Meilleurs [&hellip;]<\/p>\n","protected":false},"author":6,"featured_media":2411,"parent":0,"menu_order":0,"comment_status":"closed","ping_status":"closed","template":"","meta":{"footnotes":""},"categories":[],"tags":[31,30],"class_list":["post-761","page","type-page","status-publish","has-post-thumbnail","hentry","tag-essen","tag-lifestyle","post-wrapper","thrv_wrapper"],"_links":{"self":[{"href":"https:\/\/praguetouristinformation.com\/fr\/wp-json\/wp\/v2\/pages\/761","targetHints":{"allow":["GET"]}}],"collection":[{"href":"https:\/\/praguetouristinformation.com\/fr\/wp-json\/wp\/v2\/pages"}],"about":[{"href":"https:\/\/praguetouristinformation.com\/fr\/wp-json\/wp\/v2\/types\/page"}],"author":[{"embeddable":true,"href":"https:\/\/praguetouristinformation.com\/fr\/wp-json\/wp\/v2\/users\/6"}],"replies":[{"embeddable":true,"href":"https:\/\/praguetouristinformation.com\/fr\/wp-json\/wp\/v2\/comments?post=761"}],"version-history":[{"count":0,"href":"https:\/\/praguetouristinformation.com\/fr\/wp-json\/wp\/v2\/pages\/761\/revisions"}],"wp:featuredmedia":[{"embeddable":true,"href":"https:\/\/praguetouristinformation.com\/fr\/wp-json\/wp\/v2\/media\/2411"}],"wp:attachment":[{"href":"https:\/\/praguetouristinformation.com\/fr\/wp-json\/wp\/v2\/media?parent=761"}],"wp:term":[{"taxonomy":"category","embeddable":true,"href":"https:\/\/praguetouristinformation.com\/fr\/wp-json\/wp\/v2\/categories?post=761"},{"taxonomy":"post_tag","embeddable":true,"href":"https:\/\/praguetouristinformation.com\/fr\/wp-json\/wp\/v2\/tags?post=761"}],"curies":[{"name":"wp","href":"https:\/\/api.w.org\/{rel}","templated":true}]}}