{"id":751,"date":"2020-10-15T13:45:00","date_gmt":"2020-10-15T13:45:00","guid":{"rendered":"http:\/\/praguetouristinformation.com\/?page_id=751"},"modified":"2023-05-04T11:30:54","modified_gmt":"2023-05-04T11:30:54","slug":"kampa","status":"publish","type":"page","link":"https:\/\/praguetouristinformation.com\/fr\/choses-a-faire\/musees\/kampa","title":{"rendered":"Guide du mus\u00e9e Kampa\u00a0: Informations, exposition et entr\u00e9e"},"content":{"rendered":"<h3>Le mus\u00e9e Kampa sur l&rsquo;\u00eele du m\u00eame nom expose de l&rsquo;art moderne.<\/h3>\n<p>C&rsquo;est l&rsquo;un des <a data-id=\"137\" data-type=\"page\" href=\"https:\/\/praguetouristinformation.com\/fr\/choses-a-faire\/musees\" style=\"outline: none;\">meilleurs mus\u00e9es de Prague<\/a> et aussi l&rsquo;une des galeries d&rsquo;art moderne les plus importantes de la ville.<\/p>\n<p>Dans ce guide du mus\u00e9e Kampa, vous apprendrez tout sur l&rsquo;exposition, l&rsquo;histoire et des informations utiles sur la fa\u00e7on de s&rsquo;y rendre, les billets et les visites.<\/p>\n<h2 id=\"t-1670587657187\"><strong>Que puis-je faire au Mus\u00e9e Kampa ?<\/strong><\/h2>\n<p><span><img decoding=\"async\" alt=\"\" data-id=\"4022\" width=\"688\" data-init-width=\"1000\" height=\"459\" data-init-height=\"667\" title=\"B\u00e2timent,moderne,De,Kampa,Mus\u00e9e,,Prague,,R\u00e9publique Tch\u00e8que\" loading=\"lazy\" src=\"http:\/\/praguetouristinformation.com\/wp-content\/uploads\/2022\/12\/Kampa-Museum-Prague-Czech-Republic.jpg\" data-width=\"688\" data-height=\"459\" data-pin-media=\"http:\/\/praguetouristinformation.com\/wp-content\/uploads\/2021\/03\/prag_juedisches_viertel_pinterest-6.jpg\" data-pin-description=\"Der komplette Guide zum Kampa Museum in Prag \u27a4 Hier sind alle Informationen zum Eintritt, den Tickets und der Ausstellung im Museum \u2714 Mehr hier ...\" data-pin-url=\"https:\/\/praguetouristinformation.com\/fr\/choses-a-faire\/musees\/kampa?tve=true&amp;tcbf=1d49307baa\" data-pinpro-key=\"stya0sedf\"><\/span><\/p>\n<p><span style=\"color: var(--tcb-skin-color-4); font-weight: var(--g-regular-weight,normal);\">Les visiteurs peuvent admirer les collections permanentes et tournantes h\u00e9berg\u00e9es dans un moulin \u00e0 farine du XVe si\u00e8cle. Des ateliers int\u00e9ressants compl\u00e8tent l&rsquo;offre du mus\u00e9e.<\/span><\/p>\n<h3 id=\"t-1670587657188\">exposition permanente<\/h3>\n<p>L&rsquo;exposition permanente pr\u00e9sente des \u0153uvres de la collection priv\u00e9e de Jan Ml\u00e1dek et Meda Ml\u00e1dkov\u00e1. L&rsquo;accent est mis sur l&rsquo;art contemporain d&rsquo;Europe orientale et centrale des XXe et XXIe si\u00e8cles.<\/p>\n<p>Des \u0153uvres d&rsquo;artistes importants de la R\u00e9publique tch\u00e8que, de Pologne, de Slovaquie, de Hongrie et de l&rsquo;ex-Yougoslavie sont pr\u00e9sent\u00e9es.<\/p>\n<p>La vaste collection d&rsquo;art abstrait de Franti\u0161ek Kupka et les sculptures du sculpteur cubiste Otto Gutfreund valent particuli\u00e8rement le d\u00e9tour. Ceux-ci sont \u00e9galement au centre de l&rsquo;exposition.<\/p>\n<h3 id=\"t-1670587657189\">Expositions temporaires<\/h3>\n<p>Un aper\u00e7u et un aper\u00e7u des expositions temporaires peuvent \u00eatre trouv\u00e9s <a href=\"http:\/\/www.museumkampa.cz\/exhibitions\/#now\" target=\"_blank\" style=\"outline: none;\" rel=\"noopener\">ici<\/a> .<\/p>\n<h3>Caf\u00e9 Restaurant im Mus\u00e9e<\/h3>\n<p>Dans le mus\u00e9e se trouve le Caf\u00e9 Restaurant Museum Kampa, o\u00f9 les amateurs d&rsquo;art peuvent s&rsquo;offrir une pause bien m\u00e9rit\u00e9e. Gr\u00e2ce \u00e0 son emplacement magnifique sur les rives de la Vltava, les visiteurs peuvent se ressourcer tout en profitant de la vue magnifique sur la Vltava.<\/p>\n<h3 id=\"t-1670587657190\">Sculptures devant le mus\u00e9e<\/h3>\n<p>A souligner \u00e9galement la sculpture d&rsquo;une \u00e9norme chaise devant le mus\u00e9e. Cela vient du sculpteur tch\u00e8que Magdalena Jetelov\u00e1.<\/p>\n<p>De plus, devant le b\u00e2timent du mus\u00e9e, les visiteurs peuvent rencontrer trois des \u00ab\u00a0Miminkas\u00a0\u00bb du c\u00e9l\u00e8bre artiste David \u010cern\u00fd. Ce groupe sculptural de b\u00e9b\u00e9s rampants fait partie d&rsquo;un autre d\u00e9cor de la tour de t\u00e9l\u00e9vision de Prague.<\/p>\n<h2 id=\"t-1670587657191\"><strong>Entr\u00e9e, billets et visites guid\u00e9es<\/strong><\/h2>\n<p><span><img decoding=\"async\" alt=\"\" data-id=\"4023\" width=\"688\" data-init-width=\"1000\" height=\"459\" data-init-height=\"667\" title=\"Prague,-,Mus\u00e9e,Kampa,Et,Charles,Pont\" loading=\"lazy\" src=\"http:\/\/praguetouristinformation.com\/wp-content\/uploads\/2022\/12\/Kampa-Museum-Prague-Czech-Republic2.jpg\" data-width=\"688\" data-height=\"459\" data-pin-media=\"http:\/\/praguetouristinformation.com\/wp-content\/uploads\/2021\/03\/prag_juedisches_viertel_pinterest-6.jpg\" data-pin-description=\"Der komplette Guide zum Kampa Museum in Prag \u27a4 Hier sind alle Informationen zum Eintritt, den Tickets und der Ausstellung im Museum \u2714 Mehr hier ...\" data-pin-url=\"https:\/\/praguetouristinformation.com\/fr\/choses-a-faire\/musees\/kampa?tve=true&amp;tcbf=1d49307baa\" data-pinpro-key=\"zo4rqnmq9\"><\/span><\/p>\n<ul>\n<li><strong>Billet \u2013 Toutes les expositions :<\/strong> &nbsp; Le mus\u00e9e propose un billet pour toutes les expositions. Plus d&rsquo;informations \u00e0 ce sujet <a href=\"http:\/\/www.museumkampa.cz\/visit\/#admission\" target=\"_blank\" rel=\"noopener\">ici<\/a> .<\/li>\n<li><strong>Billet &#8211; exposition permanente :&nbsp;<\/strong> Pour les visiteurs qui ne souhaitent visiter que l&rsquo;exposition permanente, nous recommandons le billet <a href=\"http:\/\/www.museumkampa.cz\/visit\/#admission\" target=\"_blank\" rel=\"noopener\">unique<\/a> pour l&rsquo;exposition permanente.<\/li>\n<li><strong>Visite guid\u00e9e :<\/strong> Les personnes int\u00e9ress\u00e9es peuvent obtenir un aper\u00e7u plus approfondi lors d&rsquo;une visite guid\u00e9e en anglais, allemand ou italien. Des informations sur les visites sont disponibles <a href=\"http:\/\/www.museumkampa.cz\/visit\/#admission\" target=\"_blank\" rel=\"noopener\">ici<\/a> .<\/li>\n<li><strong>Ateliers :<\/strong> Diff\u00e9rents ateliers compl\u00e8tent l&rsquo;offre du mus\u00e9e. Les d\u00e9tails peuvent \u00eatre trouv\u00e9s sur le <a href=\"http:\/\/www.museumkampa.cz\/visit\/#admission\" target=\"_blank\" rel=\"noopener\">site Web<\/a> du mus\u00e9e .<\/li>\n<\/ul>\n<h2 id=\"t-1670587657192\"><strong>Comment se rendre au <\/strong><strong>Mus\u00e9e Kampa ?<\/strong><\/h2>\n<p>Le mus\u00e9e Kampa est situ\u00e9 sur l&rsquo;\u00eele de Kampa. Le moyen le plus simple de s&rsquo;y rendre en <a data-id=\"775\" data-type=\"page\" href=\"https:\/\/praguetouristinformation.com\/fr\/plan\/transports-en-commun\" style=\"outline: none;\">transports en commun<\/a> est de prendre le tram 9 ou 22 depuis la vieille ville jusqu&rsquo;\u00e0 la station \u00ab\u00a0\u00dajezd\u00a0\u00bb et de marcher encore 5 minutes jusqu&rsquo;au mus\u00e9e.<\/p>\n<h2 id=\"t-1670587657194\"><strong>Mus\u00e9e de l&rsquo;histoire de <\/strong><strong>Kampa<\/strong><\/h2>\n<p><span><img decoding=\"async\" alt=\"Mus\u00e9e Kampa, Prague, R\u00e9publique tch\u00e8que\" data-id=\"1394\" width=\"688\" data-init-width=\"1000\" height=\"459\" data-init-height=\"667\" title=\"Mus\u00e9e Kampa, Prague, R\u00e9publique tch\u00e8que\" loading=\"lazy\" src=\"http:\/\/praguetouristinformation.com\/wp-content\/uploads\/2020\/11\/Kampa-Museum.jpg\" data-width=\"688\" data-height=\"459\" data-pin-media=\"http:\/\/praguetouristinformation.com\/wp-content\/uploads\/2021\/03\/prag_juedisches_viertel_pinterest-6.jpg\" data-pin-description=\"Der komplette Guide zum Kampa Museum in Prag \u27a4 Hier sind alle Informationen zum Eintritt, den Tickets und der Ausstellung im Museum \u2714 Mehr hier ...\" data-pin-url=\"https:\/\/praguetouristinformation.com\/fr\/choses-a-faire\/musees\/kampa?tve=true&amp;tcbf=1d49307baa\" data-pinpro-key=\"etjtkqqry\"><\/span><\/p>\n<p>Le mus\u00e9e Kampa, fond\u00e9 en 2003, remonte \u00e0 la collection priv\u00e9e du couple Meda Ml\u00e1dkov\u00e1 et Jan Ml\u00e1dek.<\/p>\n<p>La m\u00e9c\u00e8ne Meda Ml\u00e1dkov\u00e1 a commenc\u00e9 \u00e0 collectionner les \u0153uvres du peintre tch\u00e8que Franti\u0161ek Kupka aux \u00c9tats-Unis dans les ann\u00e9es 1950. D&rsquo;autres peintures d&rsquo;artistes d&rsquo;Europe orientale et centrale ont \u00e9t\u00e9 ajout\u00e9es au fil des ans. Z<\/p>\n<p>L&rsquo;objectif \u00e9tait de les exposer en Occident et de faire conna\u00eetre l&rsquo;art moderne tch\u00e8que, en particulier pour les deux artistes tch\u00e8ques Franti\u0161ek Kupka et Otto Gutfreund, au centre de la collection.<\/p>\n<p>Avec son mari, Meda Ml\u00e1dkov\u00e1 a l\u00e9gu\u00e9 la collection \u00e0 la ville de Prague. Afin de pr\u00e9senter la collection, le collectionneur d&rsquo;art a acquis le b\u00e2timent de l&rsquo;ancien moulin Sova \u00e0 la fin des ann\u00e9es 1990. Les locaux historiques de l&rsquo;ancien moulin du XVe si\u00e8cle ont \u00e9t\u00e9 transform\u00e9s en 2001 et, malgr\u00e9 les d\u00e9g\u00e2ts d\u00e9vastateurs des inondations, ont \u00e9t\u00e9 ouverts en tant que mus\u00e9e en 2003.<\/p>\n<p>Depuis lors, le mus\u00e9e est l&rsquo;un des sites culturels les plus importants <a data-id=\"247\" data-type=\"page\" href=\"https:\/\/praguetouristinformation.com\/fr\/choses-a-faire\" style=\"outline: none;\">de Prague<\/a> .<\/p>\n<h2 id=\"t-1670587657195\"><strong>Contacter<\/strong><\/h2>\n<ul>\n<li><strong>Adresse :&nbsp;<\/strong> Mus\u00e9e Kampa, U Sovov\u00fdch ml\u00fdn\u016f 503\/2, 118 00 Prague 1 \u2013 Mal\u00e1 Strana<\/li>\n<li><strong style=\"color: var(--tcb-skin-color-4);\">Transports en commun : <\/strong><span style=\"color: var(--tcb-skin-color-4); font-weight: var(--g-regular-weight,normal);\">tram ligne 9 ou 22 jusqu&rsquo;\u00e0 la station \u00ab \u00dajezd \u200b\u200b\u00bb<\/span><\/li>\n<li><strong>Horaires d&rsquo;ouverture<\/strong> : Les horaires d&rsquo;ouverture actuels peuvent \u00eatre consult\u00e9s sur le <a href=\"http:\/\/www.museumkampa.cz\/visit\/#hours\" target=\"_blank\" style=\"outline: none;\" data-lt-tmp-id=\"lt-266513\" spellcheck=\"false\" rel=\"noopener\">site Internet<\/a> du mus\u00e9e .<a href=\"http:\/\/www.museumkampa.cz\/visit\/#hours\" target=\"_blank\" style=\"outline: none;\" data-lt-tmp-id=\"lt-266513\" spellcheck=\"false\" rel=\"noopener\"><\/a><strong><\/strong><\/li>\n<li><strong>Site web : <\/strong>&nbsp;<a href=\"http:\/\/www.museumkampa.cz\/en\/\" style=\"outline: none;\" data-lt-tmp-id=\"lt-741303\" spellcheck=\"false\" target=\"_blank\" rel=\"noopener\">Mus\u00e9e Kampa \u00e0 Prague<\/a><a href=\"http:\/\/www.museumkampa.cz\/en\/\" style=\"outline: none;\" data-lt-tmp-id=\"lt-741303\" spellcheck=\"false\" target=\"_blank\" rel=\"noopener\"><\/a><\/li>\n<\/ul>\n","protected":false},"excerpt":{"rendered":"<p>Le mus\u00e9e Kampa sur l&rsquo;\u00eele du m\u00eame nom expose de l&rsquo;art moderne. C&rsquo;est l&rsquo;un des meilleurs mus\u00e9es de Prague et aussi l&rsquo;une des galeries d&rsquo;art moderne les plus importantes de la ville. Dans ce guide du mus\u00e9e Kampa, vous apprendrez tout sur l&rsquo;exposition, l&rsquo;histoire et des informations utiles sur la fa\u00e7on de s&rsquo;y rendre, les [&hellip;]<\/p>\n","protected":false},"author":6,"featured_media":1510,"parent":137,"menu_order":0,"comment_status":"open","ping_status":"closed","template":"","meta":{"footnotes":""},"categories":[],"tags":[22,19],"class_list":["post-751","page","type-page","status-publish","has-post-thumbnail","hentry","tag-museum","tag-sehenswuerdigkeiten","post-wrapper","thrv_wrapper"],"_links":{"self":[{"href":"https:\/\/praguetouristinformation.com\/fr\/wp-json\/wp\/v2\/pages\/751","targetHints":{"allow":["GET"]}}],"collection":[{"href":"https:\/\/praguetouristinformation.com\/fr\/wp-json\/wp\/v2\/pages"}],"about":[{"href":"https:\/\/praguetouristinformation.com\/fr\/wp-json\/wp\/v2\/types\/page"}],"author":[{"embeddable":true,"href":"https:\/\/praguetouristinformation.com\/fr\/wp-json\/wp\/v2\/users\/6"}],"replies":[{"embeddable":true,"href":"https:\/\/praguetouristinformation.com\/fr\/wp-json\/wp\/v2\/comments?post=751"}],"version-history":[{"count":0,"href":"https:\/\/praguetouristinformation.com\/fr\/wp-json\/wp\/v2\/pages\/751\/revisions"}],"up":[{"embeddable":true,"href":"https:\/\/praguetouristinformation.com\/fr\/wp-json\/wp\/v2\/pages\/137"}],"wp:featuredmedia":[{"embeddable":true,"href":"https:\/\/praguetouristinformation.com\/fr\/wp-json\/wp\/v2\/media\/1510"}],"wp:attachment":[{"href":"https:\/\/praguetouristinformation.com\/fr\/wp-json\/wp\/v2\/media?parent=751"}],"wp:term":[{"taxonomy":"category","embeddable":true,"href":"https:\/\/praguetouristinformation.com\/fr\/wp-json\/wp\/v2\/categories?post=751"},{"taxonomy":"post_tag","embeddable":true,"href":"https:\/\/praguetouristinformation.com\/fr\/wp-json\/wp\/v2\/tags?post=751"}],"curies":[{"name":"wp","href":"https:\/\/api.w.org\/{rel}","templated":true}]}}