{"id":746,"date":"2020-10-15T13:33:59","date_gmt":"2020-10-15T13:33:59","guid":{"rendered":"http:\/\/praguetouristinformation.com\/?page_id=746"},"modified":"2023-05-04T10:41:57","modified_gmt":"2023-05-04T10:41:57","slug":"kafka","status":"publish","type":"page","link":"https:\/\/praguetouristinformation.com\/fr\/choses-a-faire\/musees\/kafka","title":{"rendered":"Guide du mus\u00e9e Franz Kafka : Informations, exposition &#038; billets"},"content":{"rendered":"<h3>Le mus\u00e9e Franz Kafka de Prague est d\u00e9di\u00e9 \u00e0 l&rsquo;un des plus grands \u00e9crivains du XXe si\u00e8cle : Franz Kafka (1883-1924).<\/h3>\n<p>Notre guide complet du mus\u00e9e Franz Kafka contient tout ce que vous devez savoir sur l&rsquo;exposition, son histoire et des informations utiles sur la fa\u00e7on de s&rsquo;y rendre, les billets et les visites.<\/p>\n<p>Commen\u00e7ons!<\/p>\n<h2 id=\"t-1670587103333\"><strong>Que puis-je faire au <\/strong><strong>Mus\u00e9e Franz Kafka <\/strong><strong>?<\/strong><\/h2>\n<p><span><img decoding=\"async\" alt=\"\" data-id=\"4114\" width=\"688\" data-init-width=\"1000\" height=\"427\" data-init-height=\"620\" title=\"Franz,Kafky,Street,Sign.,Un,De,La,Plus,C\u00e9l\u00e8bre,Rues\" loading=\"lazy\" src=\"http:\/\/praguetouristinformation.com\/wp-content\/uploads\/2022\/12\/Franz-Kafka-Museum.jpg\" data-width=\"688\" data-height=\"427\" data-pin-media=\"http:\/\/praguetouristinformation.com\/wp-content\/uploads\/2021\/02\/23.jpg\" data-pin-description=\"Guide du mus\u00e9e Franz Kafka : informations, exposition &amp; billets\" data-pin-url=\"https:\/\/praguetouristinformation.com\/fr\/choses-a-faire\/musees\/kafka?tve=true&amp;tcbf=1d49307baa\" data-pinpro-key=\"qcvci5yby\"><\/span><\/p>\n<p>Le mus\u00e9e Franz Kafka pr\u00e8s du <a data-id=\"664\" data-type=\"page\" href=\"https:\/\/praguetouristinformation.com\/fr\/choses-a-faire\/le-pont-charles\" style=\"outline: none;\">pont Charles<\/a> offre un aper\u00e7u de l&rsquo;univers de l&rsquo;important \u00e9crivain. Franz Kafka, dont la vie est \u00e9troitement li\u00e9e \u00e0 la capitale tch\u00e8que, est n\u00e9 \u00e0 Prague le 3 juillet 1883.<\/p>\n<h3 id=\"t-1670587103334\">exposition<\/h3>\n<p>L&rsquo;exposition permanente est divis\u00e9e en deux parties : \u00ab\u00a0Espace Existentiel\u00a0\u00bb et \u00ab\u00a0Topographie Imaginaire\u00a0\u00bb.<\/p>\n<ul>\n<li><strong>Espace existentiel :&nbsp;<\/strong> Dans cette zone, le visiteur d\u00e9couvre comment la ville de Prague a influenc\u00e9 et fa\u00e7onn\u00e9 la vie de Franz Kafka. Des installations vid\u00e9o, lumineuses et sonores ainsi que les effets personnels de Kafka, y compris des journaux intimes et une longue correspondance avec des amis, des parents et son fianc\u00e9, permettent aux visiteurs de d\u00e9couvrir le lien particulier entre Kafka et Prague. Des photographies, des manuscrits, des souvenirs et des dessins de l&rsquo;\u00e9crivain excentrique sont \u00e9galement expos\u00e9s.<\/li>\n<li><strong>Topographie imaginaire :&nbsp;<\/strong> La \u00ab Topographie imaginaire \u00bb se concentre sur les \u0153uvres de Kafka. Cette partie du mus\u00e9e traite de la topographie physique de Prague, qui peut \u00eatre ressentie dans les romans et les nouvelles de Kafka, mais n&rsquo;est pas d\u00e9crite en d\u00e9tail. Cette topographie imaginaire et la signification des b\u00e2timents d\u00e9crits comme des m\u00e9taphores et des lieux all\u00e9goriques sont ici examin\u00e9es plus en d\u00e9tail.<\/li>\n<\/ul>\n<h3 id=\"t-1670587103335\">Mus\u00e9es-Boutique<\/h3>\n<p>Dans la boutique du mus\u00e9e, les personnes int\u00e9ress\u00e9es peuvent acheter une large gamme de <a data-id=\"326\" data-type=\"page\" href=\"https:\/\/praguetouristinformation.com\/fr\/shopping\/souvenirs\" style=\"outline: none;\">souvenirs<\/a> , de livres, d&rsquo;\u0153uvres et de cartes postales li\u00e9s \u00e0 Kafka. Le plan de la ville avec la Prague de Kafka est particuli\u00e8rement appr\u00e9ci\u00e9.<\/p>\n<h3 id=\"t-1670587103336\">Statue devant le mus\u00e9e<\/h3>\n<p>A voir \u00e9galement la fontaine dans la cour du mus\u00e9e avec la c\u00e9l\u00e8bre sculpture de David \u010cern\u00fd. Cela montre deux hommes se tenant face \u00e0 face et urinant dans un lac avec le contour de la R\u00e9publique tch\u00e8que. La statue a suscit\u00e9 beaucoup d&rsquo;enthousiasme.<\/p>\n<h2 id=\"t-1670587103337\" data-alt-text=\"Eintritt, Tickets und F\u00fchrungen\"><strong>Entr\u00e9e, billets et visites guid\u00e9es pour le mus\u00e9e Franz Kafka<\/strong><\/h2>\n<ul>\n<li><strong>Billet :<\/strong> &nbsp; Vous trouverez un aper\u00e7u des prix actuels des billets sur la page d&rsquo; <a href=\"https:\/\/kafkamuseum.cz\/de\/#vstupne\" target=\"_blank\" style=\"outline: none;\" data-lt-tmp-id=\"lt-285854\" spellcheck=\"false\" rel=\"noopener\">accueil<\/a> du mus\u00e9e Franz Kafka.<a href=\"https:\/\/kafkamuseum.cz\/de\/#vstupne\" target=\"_blank\" style=\"outline: none;\" data-lt-tmp-id=\"lt-285854\" spellcheck=\"false\" rel=\"noopener\"><\/a><\/li>\n<li><strong>Visite guid\u00e9e :<\/strong> Le mus\u00e9e peut \u00eatre visit\u00e9 plus en d\u00e9tail dans le cadre d&rsquo;une visite guid\u00e9e. Ceci est propos\u00e9 en tch\u00e8que, anglais, allemand, fran\u00e7ais et russe. Une pr\u00e9-inscription est requise. Plus d&rsquo;informations \u00e0 ce sujet <a href=\"https:\/\/kafkamuseum.cz\/de\/#vstupne\" target=\"_blank\" style=\"outline: none;\" data-lt-tmp-id=\"lt-401443\" spellcheck=\"false\" rel=\"noopener\">ici<\/a> .<a href=\"https:\/\/kafkamuseum.cz\/de\/#vstupne\" target=\"_blank\" style=\"outline: none;\" data-lt-tmp-id=\"lt-401443\" spellcheck=\"false\" rel=\"noopener\"><\/a><\/li>\n<li><strong>Astuce :<\/strong> Le mus\u00e9e propose \u00e9galement une <a href=\"https:\/\/shop.kafkamuseum.cz\/en\/map-of-franz-kafka-s-prague\" target=\"_blank\" style=\"outline: none;\" data-lt-tmp-id=\"lt-378188\" spellcheck=\"false\" rel=\"noopener\">carte<\/a> de la Prague de Franz Kafka, montrant les lieux qui ont un lien particulier avec la vie et l&rsquo;\u0153uvre de Kafka.<a href=\"https:\/\/shop.kafkamuseum.cz\/en\/map-of-franz-kafka-s-prague\" target=\"_blank\" style=\"outline: none;\" data-lt-tmp-id=\"lt-378188\" spellcheck=\"false\" rel=\"noopener\"><\/a><\/li>\n<\/ul>\n<h2 id=\"t-1670587103338\"><strong>Comment se rendre au <\/strong><strong>mus\u00e9e Franz Kafka ?<\/strong><\/h2>\n<p><span><img decoding=\"async\" alt=\"\" data-id=\"4115\" width=\"688\" data-init-width=\"1000\" height=\"458\" data-init-height=\"666\" title=\"Mus\u00e9e Franz Kafka Prague R\u00e9publique Tch\u00e8que\" loading=\"lazy\" src=\"http:\/\/praguetouristinformation.com\/wp-content\/uploads\/2022\/12\/Franz-Kafka-Museum1.jpg\" data-width=\"688\" data-height=\"458\" data-pin-media=\"http:\/\/praguetouristinformation.com\/wp-content\/uploads\/2021\/02\/23.jpg\" data-pin-description=\"Guide du mus\u00e9e Franz Kafka : informations, exposition &amp; billets\" data-pin-url=\"https:\/\/praguetouristinformation.com\/fr\/choses-a-faire\/musees\/kafka?tve=true&amp;tcbf=1d49307baa\" data-pinpro-key=\"od56xm3zm\"><\/span><\/p>\n<p>Le mus\u00e9e Franz Kafka est situ\u00e9 sur le quai de la Vltava dans <a data-id=\"740\" data-type=\"page\" href=\"https:\/\/praguetouristinformation.com\/fr\/choses-a-faire\/petite-ville\" style=\"outline: none;\">le Petit Quartier de Prague<\/a> .<\/p>\n<p>La meilleure fa\u00e7on de se rendre au mus\u00e9e \u00e0 pied est de traverser le pont Charles depuis la vieille ville, puis de tourner \u00e0 droite. Apr\u00e8s environ 5 minutes, vous arriverez au mus\u00e9e.<\/p>\n<p>Si vous souhaitez voyager en <a data-id=\"775\" data-type=\"page\" href=\"https:\/\/praguetouristinformation.com\/fr\/plan\/transports-en-commun\" style=\"outline: none;\">transports en commun<\/a> , il est pr\u00e9f\u00e9rable de prendre le tram ligne 2 ou 18 jusqu&rsquo;\u00e0 la station \u00ab\u00a0Malostransk\u00e1\u00a0\u00bb. Tournez ensuite \u00e0 gauche sur Kl\u00e1rov et marchez le long de U Lu\u017eick\u00e9ho semin\u00e1\u0159e jusqu&rsquo;\u00e0 ce que vous arriviez \u00e0 une bifurcation. Ici, vous suivez le c\u00f4t\u00e9 gauche de l&#8217;embranchement, le Ciheln\u00e1, jusqu&rsquo;\u00e0 ce que vous atteigniez le mus\u00e9e Kafka.<\/p>\n<h2 id=\"t-1670587103339\" data-alt-text=\"Geschichte \"><strong>Histoire du <\/strong><strong>mus\u00e9e Franz Kafka<\/strong><\/h2>\n<p>Le mus\u00e9e Franz Kafka <a href=\"https:\/\/praguetouristinformation.com\/fr\/choses-a-faire\/musees\" style=\"outline: none;\">de Prague<\/a> a ouvert ses portes en 2005.<\/p>\n<p>Cependant, les origines du mus\u00e9e remontent encore plus loin, puisque les expositions actuelles ont en fait \u00e9t\u00e9 con\u00e7ues comme une exposition itin\u00e9rante en 1999 et pr\u00e9sent\u00e9es pour la premi\u00e8re fois \u00e0 Barcelone.<\/p>\n<p>Dans les ann\u00e9es 2002 \u00e0 2003, il est ensuite pr\u00e9sent\u00e9 au Jewish Museum de New York.<\/p>\n<p>Apr\u00e8s les succ\u00e8s \u00e0 Barcelone et \u00e0 New York, il a \u00e9t\u00e9 d\u00e9cid\u00e9 de montrer l&rsquo;exposition en permanence \u00e0 Prague. L&rsquo;imposant b\u00e2timent d&rsquo;une ancienne briqueterie a \u00e9t\u00e9 am\u00e9nag\u00e9 \u00e0 cet effet. Depuis l&rsquo;\u00e9t\u00e9 2005, il abrite le mus\u00e9e Franz Kafka et est depuis lors l&rsquo;un des <a data-id=\"247\" data-type=\"page\" href=\"https:\/\/praguetouristinformation.com\/fr\/choses-a-faire\" style=\"outline: none;\">sites les plus importants de Prague<\/a> .<\/p>\n<h2 id=\"t-1670587103340\"><strong>Contacter<\/strong><\/h2>\n<ul>\n<li><strong>Adresse :&nbsp;<\/strong> Mus\u00e9e Franz Kafka, Ciheln\u00e1 2b, 118 00 Prague 1 \u2013 Kleinseite<\/li>\n<li><strong>Transports en commun :<\/strong> Tram ligne 2 ou 18 jusqu&rsquo;\u00e0 la station \u00ab\u00a0Malostransk\u00e1\u00a0\u00bb<\/li>\n<li><strong>Horaires d&rsquo;ouverture<\/strong> : Vous trouverez les horaires d&rsquo;ouverture actuels sur le <a href=\"https:\/\/kafkamuseum.cz\/de\/\" target=\"_blank\" rel=\"noopener\">site Internet<\/a> du Mus\u00e9e Franz Kafka .<\/li>\n<li><strong>Site web: <\/strong>&nbsp;<a href=\"https:\/\/kafkamuseum.cz\/de\/\" style=\"outline: none;\" target=\"_blank\" rel=\"noopener\">Mus\u00e9e Franz Kafka Prague<\/a><\/li>\n<\/ul>\n","protected":false},"excerpt":{"rendered":"<p>Le mus\u00e9e Franz Kafka de Prague est d\u00e9di\u00e9 \u00e0 l&rsquo;un des plus grands \u00e9crivains du XXe si\u00e8cle : Franz Kafka (1883-1924). Notre guide complet du mus\u00e9e Franz Kafka contient tout ce que vous devez savoir sur l&rsquo;exposition, son histoire et des informations utiles sur la fa\u00e7on de s&rsquo;y rendre, les billets et les visites. Commen\u00e7ons! [&hellip;]<\/p>\n","protected":false},"author":6,"featured_media":1506,"parent":137,"menu_order":0,"comment_status":"open","ping_status":"closed","template":"","meta":{"footnotes":""},"categories":[],"tags":[22,19],"class_list":["post-746","page","type-page","status-publish","has-post-thumbnail","hentry","tag-museum","tag-sehenswuerdigkeiten","post-wrapper","thrv_wrapper"],"_links":{"self":[{"href":"https:\/\/praguetouristinformation.com\/fr\/wp-json\/wp\/v2\/pages\/746","targetHints":{"allow":["GET"]}}],"collection":[{"href":"https:\/\/praguetouristinformation.com\/fr\/wp-json\/wp\/v2\/pages"}],"about":[{"href":"https:\/\/praguetouristinformation.com\/fr\/wp-json\/wp\/v2\/types\/page"}],"author":[{"embeddable":true,"href":"https:\/\/praguetouristinformation.com\/fr\/wp-json\/wp\/v2\/users\/6"}],"replies":[{"embeddable":true,"href":"https:\/\/praguetouristinformation.com\/fr\/wp-json\/wp\/v2\/comments?post=746"}],"version-history":[{"count":0,"href":"https:\/\/praguetouristinformation.com\/fr\/wp-json\/wp\/v2\/pages\/746\/revisions"}],"up":[{"embeddable":true,"href":"https:\/\/praguetouristinformation.com\/fr\/wp-json\/wp\/v2\/pages\/137"}],"wp:featuredmedia":[{"embeddable":true,"href":"https:\/\/praguetouristinformation.com\/fr\/wp-json\/wp\/v2\/media\/1506"}],"wp:attachment":[{"href":"https:\/\/praguetouristinformation.com\/fr\/wp-json\/wp\/v2\/media?parent=746"}],"wp:term":[{"taxonomy":"category","embeddable":true,"href":"https:\/\/praguetouristinformation.com\/fr\/wp-json\/wp\/v2\/categories?post=746"},{"taxonomy":"post_tag","embeddable":true,"href":"https:\/\/praguetouristinformation.com\/fr\/wp-json\/wp\/v2\/tags?post=746"}],"curies":[{"name":"wp","href":"https:\/\/api.w.org\/{rel}","templated":true}]}}