{"id":727,"date":"2020-10-15T13:23:12","date_gmt":"2020-10-15T13:23:12","guid":{"rendered":"http:\/\/praguetouristinformation.com\/?page_id=727"},"modified":"2023-05-04T10:27:38","modified_gmt":"2023-05-04T10:27:38","slug":"parcs","status":"publish","type":"page","link":"https:\/\/praguetouristinformation.com\/fr\/choses-a-faire\/parcs","title":{"rendered":"10 Plus Beaux Parcs de Prague [avec Carte]"},"content":{"rendered":"<h3 id=\"t-1670585570804\">Quels parcs y a-t-il \u00e0 Prague ?<\/h3>\n<p>Les habitants connaissent certainement le jardin Wallenstein, les \u00eeles Vltava et le jardin franciscain.<\/p>\n<p>Il existe de nombreuses autres alternatives vertes possibles dans toute la ville. Les espaces verts repr\u00e9sentent pr\u00e8s de la moiti\u00e9 de la zone urbaine de Prague.<\/p>\n<p>Ici, nous avons compil\u00e9 une liste des espaces verts les plus int\u00e9ressants de toute la ville.<\/p>\n<h2 id=\"t-1670585570805\">1. Jardin Wallenstein<\/h2>\n<p><span><img decoding=\"async\" alt=\"Jardin Wallenstein \u00e0 Prague\" data-id=\"1308\" width=\"702\" data-init-width=\"1000\" height=\"468\" data-init-height=\"667\" title=\"Jardin Wallenstein \u00e0 Prague\" loading=\"lazy\" src=\"http:\/\/praguetouristinformation.com\/wp-content\/uploads\/2020\/11\/Wallenstein-Garten.jpg\" data-width=\"702\" data-height=\"468\" data-pin-media=\"http:\/\/praguetouristinformation.com\/wp-content\/uploads\/2021\/01\/2.jpg\" data-pin-description=\"10 Plus beaux parcs du centre de Prague [avec carte] - 2022\" data-pin-url=\"https:\/\/praguetouristinformation.com\/fr\/choses-a-faire\/parcs?tve=true&amp;tcbf=1d49307baa\" data-pinpro-key=\"pwtobzg4e\"><\/span><\/p>\n<p>Le jardin Wallenstein est directement adjacent au palais Wallenstein, qui est le si\u00e8ge du Parlement tch\u00e8que. Les jardins baroques primitifs strictement g\u00e9om\u00e9triques ont \u00e9t\u00e9 construits au d\u00e9but du XVIIe si\u00e8cle.<\/p>\n<p>En plus de nombreuses sculptures, vous trouverez une grotte, une voli\u00e8re, un bassin artificiel avec une \u00eele et une sala terrena qui relie le palais et les jardins. La vue du ch\u00e2teau ci-dessus est tr\u00e8s agr\u00e9able.<\/p>\n<ul>\n<li><strong>Adresse : Letensk\u00e1, Mal\u00e1 Strana, 118 00 Prague<\/strong><\/li>\n<\/ul>\n<h2 id=\"t-1670585570806\">2. Colline de Petrin<\/h2>\n<p><span><img decoding=\"async\" alt=\"Colline de Petrin \u00e0 Prague\" data-id=\"1312\" width=\"702\" data-init-width=\"1000\" height=\"468\" data-init-height=\"667\" title=\"Colline de Petrin \u00e0 Prague\" loading=\"lazy\" src=\"http:\/\/praguetouristinformation.com\/wp-content\/uploads\/2020\/11\/Petrin-Huegel.jpg\" data-width=\"702\" data-height=\"468\" data-pin-media=\"http:\/\/praguetouristinformation.com\/wp-content\/uploads\/2021\/01\/2.jpg\" data-pin-description=\"10 Plus beaux parcs du centre de Prague [avec carte] - 2022\" data-pin-url=\"https:\/\/praguetouristinformation.com\/fr\/choses-a-faire\/parcs?tve=true&amp;tcbf=1d49307baa\" data-pinpro-key=\"xb2vgtqz5\"><\/span><\/p>\n<p>La colline presque enti\u00e8rement bois\u00e9e est l&rsquo;une des zones de loisirs pr\u00e9f\u00e9r\u00e9es des habitants de Prague. De nombreux sentiers p\u00e9destres m\u00e8nent \u00e0 la colline de 327 m\u00e8tres de haut. Ceux qui le souhaitent peuvent ensuite escalader la <a data-id=\"836\" data-type=\"page\" href=\"https:\/\/praguetouristinformation.com\/fr\/choses-a-faire\/petrin\/tour-d-observation-de-petrin\" style=\"outline: none;\">tour de guet Pet\u0159\u00edn<\/a> du XIXe si\u00e8cle , inspir\u00e9e de la tour Eiffel. Du sommet, il y a une vue panoramique sur Prague.<\/p>\n<p>A proximit\u00e9 se trouve l&rsquo;observatoire de \u0160tef\u00e1nik et en bordure du parc se trouve le <a data-id=\"828\" data-type=\"page\" href=\"https:\/\/praguetouristinformation.com\/fr\/choses-a-faire\/petite-ville\/monastere-de-strahov\" style=\"outline: none;\">monast\u00e8re de Strahov<\/a> , qui abrite une brasserie centenaire.<\/p>\n<ul>\n<li><strong>Adresse : Petrin H\u00fcgel, Mal\u00e1 Strana, 118 00 Prague<\/strong><\/li>\n<\/ul>\n<h2 id=\"t-1670585570807\">3. Vojanovy sady \u2013 Parc Vojan<\/h2>\n<p><span><img decoding=\"async\" alt=\"Vojanovy sady \u2013 Parc Vojan \u00e0 Prague\" data-id=\"1314\" width=\"702\" data-init-width=\"1000\" height=\"468\" data-init-height=\"667\" title=\"Vojanovy sady \u2013 Parc Vojan \u00e0 Prague\" loading=\"lazy\" src=\"http:\/\/praguetouristinformation.com\/wp-content\/uploads\/2020\/11\/Vojanovy-sady-\u2013-Vojan-Park.jpg\" data-width=\"702\" data-height=\"468\" data-pin-media=\"http:\/\/praguetouristinformation.com\/wp-content\/uploads\/2021\/01\/2.jpg\" data-pin-description=\"10 Plus beaux parcs du centre de Prague [avec carte] - 2022\" data-pin-url=\"https:\/\/praguetouristinformation.com\/fr\/choses-a-faire\/parcs?tve=true&amp;tcbf=1d49307baa\" data-pinpro-key=\"1180oarqy\"><\/span><\/p>\n<p>Le parc Vojan est le plus ancien jardin partiellement pr\u00e9serv\u00e9 de Prague. Le complexe du 17\u00e8me si\u00e8cle impressionne par sa tranquillit\u00e9. Il y a deux chapelles, une grotte de stalactites, un petit \u00e9tang et une serre. La terrasse rose avec le cadran solaire offre une belle vue sur la ville. Le parc est c\u00e9l\u00e8bre pour son \u00e9levage de paons, entre autres.<\/p>\n<ul>\n<li><strong>Adresse : Parc Vojan, U Lu\u017eick\u00e9ho semin\u00e1\u0159e 17, 11800 Prague<\/strong><\/li>\n<\/ul>\n<h2 id=\"t-1670585570808\">4. Jardin du Paradis<\/h2>\n<p><span><img decoding=\"async\" alt=\"Paradiesgarten \u00e0 Prague\" data-id=\"1315\" width=\"702\" data-init-width=\"1000\" height=\"468\" data-init-height=\"667\" title=\"Jardin du paradis \u00e0 Prague\" loading=\"lazy\" src=\"http:\/\/praguetouristinformation.com\/wp-content\/uploads\/2020\/11\/Paradiesgarten.jpg\" data-width=\"702\" data-height=\"468\" data-pin-media=\"http:\/\/praguetouristinformation.com\/wp-content\/uploads\/2021\/01\/2.jpg\" data-pin-description=\"10 Plus beaux parcs du centre de Prague [avec carte] - 2022\" data-pin-url=\"https:\/\/praguetouristinformation.com\/fr\/choses-a-faire\/parcs?tve=true&amp;tcbf=1d49307baa\" data-pinpro-key=\"d4wxeyraz\"><\/span><\/p>\n<p>Le Jardin du Paradis fait partie du complexe de jardins du <a data-id=\"738\" data-type=\"page\" href=\"https:\/\/praguetouristinformation.com\/fr\/choses-a-faire\/chateau\" style=\"outline: none;\">Ch\u00e2teau de Prague<\/a> , qui comprend un total de 6 jardins et est l&rsquo;un des 3 jardins du sud du Ch\u00e2teau de Prague. Les jardins priv\u00e9s des souverains se trouvaient ici.<\/p>\n<p>L&rsquo;escalier monumental et l&rsquo;immense vasque de granit au milieu de la pelouse dominent l&rsquo;aspect. L&rsquo;if, dont l&rsquo;\u00e2ge est estim\u00e9 \u00e0 400 ans, est l&rsquo;un des plus vieux arbres du Ch\u00e2teau de Prague.<\/p>\n<ul>\n<li><strong>Adresse: Paradiesgarten, Z\u00e1meck\u00e9 schody, 118 00 Mal\u00e1 Strana, Prague<\/strong><\/li>\n<\/ul>\n<h2 id=\"t-1670585570809\">5. Parc Annuel<\/h2>\n<p><span><img decoding=\"async\" alt=\"Parc Letna \u00e0 Prague\" data-id=\"1316\" width=\"702\" data-init-width=\"1000\" height=\"468\" data-init-height=\"667\" title=\"Parc Letna et Prague\" loading=\"lazy\" src=\"http:\/\/praguetouristinformation.com\/wp-content\/uploads\/2020\/11\/Letna-Park.jpg\" data-width=\"702\" data-height=\"468\" data-pin-media=\"http:\/\/praguetouristinformation.com\/wp-content\/uploads\/2021\/01\/2.jpg\" data-pin-description=\"10 Plus beaux parcs du centre de Prague [avec carte] - 2022\" data-pin-url=\"https:\/\/praguetouristinformation.com\/fr\/choses-a-faire\/parcs?tve=true&amp;tcbf=1d49307baa\" data-pinpro-key=\"v0kyuft5s\"><\/span><\/p>\n<p>Avec ses espaces verts, sa vari\u00e9t\u00e9 d&rsquo;arbres et ses longues all\u00e9es de platanes, Letna Park offre de nombreux espaces pour les promenades, les activit\u00e9s sportives ou les pique-niques. Le pavillon Hanavsk\u00fd offre une vue typique du panorama classique des cinq ponts de la Vltava au centre de Prague.<\/p>\n<p>C&rsquo;est l&rsquo;un des <a data-id=\"713\" data-type=\"page\" href=\"https:\/\/praguetouristinformation.com\/fr\/choses-a-faire\/points-de-vue\" style=\"outline: none;\">plus beaux points de vue<\/a> de la ville. La vue sur la rivi\u00e8re d&rsquo;ici est l&rsquo;une des plus belles de toute la ville.<\/p>\n<ul>\n<li><strong>Adresse : Parc Letn\u00e1, Hole\u0161ovice, 170 00 Prague<\/strong><\/li>\n<\/ul>\n<h2 id=\"t-1670585570810\">6. \u00celes de Moldavie<\/h2>\n<p><span><img decoding=\"async\" alt=\"\u00celes Vltava \u00e0 Prague\" data-id=\"1318\" width=\"702\" data-init-width=\"1000\" height=\"468\" data-init-height=\"667\" title=\"\u00celes Vltava \u00e0 Prague\" loading=\"lazy\" src=\"http:\/\/praguetouristinformation.com\/wp-content\/uploads\/2020\/11\/Moldauinseln.jpg\" data-width=\"702\" data-height=\"468\" data-pin-media=\"http:\/\/praguetouristinformation.com\/wp-content\/uploads\/2021\/01\/2.jpg\" data-pin-description=\"10 Plus beaux parcs du centre de Prague [avec carte] - 2022\" data-pin-url=\"https:\/\/praguetouristinformation.com\/fr\/choses-a-faire\/parcs?tve=true&amp;tcbf=1d49307baa\" data-pinpro-key=\"kegllg9yd\"><\/span><\/p>\n<p>Au sud du <a data-id=\"664\" data-type=\"page\" href=\"https:\/\/praguetouristinformation.com\/fr\/choses-a-faire\/le-pont-charles\" style=\"outline: none;\">pont Charles se<\/a> trouvent trois \u00eeles de la Vltava, qui sont des zones de loisirs locales populaires et des destinations d&rsquo;excursion pour les habitants de Prague.<\/p>\n<ul>\n<li><strong>Sch\u00fctzeninsel<\/strong> : accessible par un large escalier en pierre au milieu du Legionenbr\u00fccke. Il y a beaucoup de vieux ch\u00e2taigniers ici. Adresse : Sch\u00fctzeninsel, Star\u00e9 M\u011bsto, 110 00 Prague<\/li>\n<li><strong>L&rsquo;\u00eele aux enfants<\/strong> : est la gauche des trois \u00eeles. Vous y trouverez des installations sportives pour tous les groupes d&rsquo;\u00e2ge ainsi que des aires de jeux pour enfants. Adresse : \u00cele des Enfants, Jan\u00e1\u010dkovo n\u00e1b\u0159e\u017e\u00ed, Sm\u00edchov, 150 00 Prague<\/li>\n<li><strong>Sophieninsel,<\/strong> anciennement connue sous le nom d&rsquo;\u00eele slave, est reli\u00e9e \u00e0 la rive de Neustadt par un petit pont. Le parc est domin\u00e9 par l&rsquo;imposant palais n\u00e9o-Renaissance \u017dof\u00edn, lieu traditionnel de bals et de concerts. Si vous le souhaitez, vous pouvez \u00e9galement louer un bateau. Adresse : \u00cele de Sophia, Slovansk\u00fd ostrov, Nov\u00e9 M\u011bsto 110 00 Prague<\/li>\n<\/ul>\n<h2 id=\"t-1670585570811\">7. Vitkov<\/h2>\n<p><span><img decoding=\"async\" alt=\"Vitkov \u00e0 Prague\" data-id=\"1319\" width=\"702\" data-init-width=\"1000\" height=\"468\" data-init-height=\"667\" title=\"Vitkov \u00e0 Prague\" loading=\"lazy\" src=\"http:\/\/praguetouristinformation.com\/wp-content\/uploads\/2020\/11\/Vitkov.jpg\" data-width=\"702\" data-height=\"468\" data-pin-media=\"http:\/\/praguetouristinformation.com\/wp-content\/uploads\/2021\/01\/2.jpg\" data-pin-description=\"10 Plus beaux parcs du centre de Prague [avec carte] - 2022\" data-pin-url=\"https:\/\/praguetouristinformation.com\/fr\/choses-a-faire\/parcs?tve=true&amp;tcbf=1d49307baa\" data-pinpro-key=\"4xk3ttym7\"><\/span><\/p>\n<p>V\u00edtkov, Veitsberg en allemand, est une colline haute de 271 m\u00e8tres principalement couverte de for\u00eat. De nombreux sentiers p\u00e9destres traversent le complexe, o\u00f9 se dressaient autrefois les vignes. La statue \u00e9questre en bronze du chef hussite Jan \u017di\u017eka est l&rsquo;une des dix plus grandes du genre au monde et est un monument national.<\/p>\n<ul>\n<li><strong>Adresse : Vitkov, \u017di\u017ekov -130 00 Prague<\/strong><\/li>\n<\/ul>\n<h2 id=\"t-1670585570812\">8. Jardin royal<\/h2>\n<p><span><img decoding=\"async\" alt=\"Jardin royal de Prague\" data-id=\"1320\" width=\"702\" data-init-width=\"1000\" height=\"468\" data-init-height=\"667\" title=\"Jardin royal de Prague\" loading=\"lazy\" src=\"http:\/\/praguetouristinformation.com\/wp-content\/uploads\/2020\/11\/Koeniglicher-Garten.jpg\" data-width=\"702\" data-height=\"468\" data-pin-media=\"http:\/\/praguetouristinformation.com\/wp-content\/uploads\/2021\/01\/2.jpg\" data-pin-description=\"10 Plus beaux parcs du centre de Prague [avec carte] - 2022\" data-pin-url=\"https:\/\/praguetouristinformation.com\/fr\/choses-a-faire\/parcs?tve=true&amp;tcbf=1d49307baa\" data-pinpro-key=\"a2n9a5e44\"><\/span><\/p>\n<p>Le jardin royal fait partie du complexe de jardins du <a data-id=\"738\" data-type=\"page\" href=\"https:\/\/praguetouristinformation.com\/fr\/choses-a-faire\/chateau\" style=\"outline: none;\">ch\u00e2teau de Prague<\/a> , qui comprend un total de 6 jardins, et est situ\u00e9 au nord du ch\u00e2teau. C&rsquo;est le plus grand des jardins avec 3,6 hectares. Il a \u00e9t\u00e9 cr\u00e9\u00e9 en 1534 dans le style Renaissance sur les terres du vignoble m\u00e9di\u00e9val.<\/p>\n<p>Ici, vous pouvez voir la vue nord inhabituelle du ch\u00e2teau et des tours de d\u00e9fense depuis le Hirschgraben. Dans le parc se trouvent la r\u00e9sidence d&rsquo;\u00e9t\u00e9 de la reine Anne, la fontaine chantante dont la vasque de bronze est faite sonner par des gouttes d&rsquo;eau, l&rsquo;orangerie et de nombreuses statues.<\/p>\n<ul>\n<li><strong>Adresse : K\u00f6niglicher Garten, Ch\u00e2teau de Prague, Hrad\u010dany, 119 08 Prague<\/strong><\/li>\n<\/ul>\n<h2 id=\"t-1670585570813\">9. Vy\u0161ehrad<\/h2>\n<p><span><img decoding=\"async\" alt=\"Vy\u0161ehrad \u00e0 Prague\" data-id=\"1321\" width=\"702\" data-init-width=\"1000\" height=\"468\" data-init-height=\"667\" title=\"Vy\u0161ehrad \u00e0 Prague\" loading=\"lazy\" src=\"http:\/\/praguetouristinformation.com\/wp-content\/uploads\/2020\/11\/Vysehrad.jpg\" data-width=\"702\" data-height=\"468\" data-pin-media=\"http:\/\/praguetouristinformation.com\/wp-content\/uploads\/2021\/01\/2.jpg\" data-pin-description=\"10 Plus beaux parcs du centre de Prague [avec carte] - 2022\" data-pin-url=\"https:\/\/praguetouristinformation.com\/fr\/choses-a-faire\/parcs?tve=true&amp;tcbf=1d49307baa\" data-pinpro-key=\"d4ym6prqg\"><\/span><\/p>\n<p>Le parc de Vy\u0161ehrad fait partie du <a data-id=\"721\" data-type=\"page\" href=\"https:\/\/praguetouristinformation.com\/fr\/choses-a-faire\/vysehrad\" style=\"outline: none;\">complexe du ch\u00e2teau de Vy\u0161ehrad,<\/a> au sud de la nouvelle ville de Prague, sur une colline escarp\u00e9e au-dessus de la rive droite de la Vltava. Caf\u00e9s et restaurants vous invitent \u00e0 vous attarder apr\u00e8s une promenade.<\/p>\n<p>Il convient de mentionner la statue de saint Venceslas et les soi-disant colonnes du diable, trois piliers en pierre des anciens Slaves de l&rsquo;\u00e9poque pa\u00efenne, mesurant probablement le temps. Il y a une belle vue sur Prague d&rsquo;ici.<\/p>\n<ul>\n<li><strong>Adresse : Parc Vy\u0161ehrader, Vy\u0161ehrad, 128 00 Prague<\/strong><\/li>\n<\/ul>\n<h2 id=\"t-1670585570814\">10. Jardin Franciscain<\/h2>\n<p><span><img decoding=\"async\" alt=\"Jardin franciscain \u00e0 Prague\" data-id=\"1322\" width=\"702\" data-init-width=\"1000\" height=\"395\" data-init-height=\"563\" title=\"Jardin franciscain \u00e0 Prague\" loading=\"lazy\" src=\"http:\/\/praguetouristinformation.com\/wp-content\/uploads\/2020\/11\/Franziskanergarten.jpg\" data-width=\"702\" data-height=\"395\" data-pin-media=\"http:\/\/praguetouristinformation.com\/wp-content\/uploads\/2021\/01\/2.jpg\" data-pin-description=\"10 Plus beaux parcs du centre de Prague [avec carte] - 2022\" data-pin-url=\"https:\/\/praguetouristinformation.com\/fr\/choses-a-faire\/parcs?tve=true&amp;tcbf=1d49307baa\" data-pinpro-key=\"8l77sqiks\"><\/span><\/p>\n<p>Ceux qui veulent se rendre de la <a data-id=\"662\" data-type=\"page\" href=\"https:\/\/praguetouristinformation.com\/fr\/choses-a-faire\/vieille-ville\/place-venceslas\" style=\"outline: none;\">place Venceslas<\/a> \u00e0 la place Jungmann peuvent passer par le jardin franciscain, une oasis de verdure en plein centre de Prague. Le jardin \u00e9tait \u00e0 l&rsquo;origine am\u00e9nag\u00e9 comme un simple potager, dans lequel les moines cultivaient des fruits, des l\u00e9gumes et des herbes.<\/p>\n<p>On y trouve encore des arbres fruitiers et des parterres d&rsquo;herbes en plus de nombreux espaces verts, fontaines et sculptures. Les arcs en fer au-dessus des nombreux bancs sont entrelac\u00e9s de roses et offrent une protection solaire naturelle.<\/p>\n<ul>\n<li><strong>Adresse : Franziskanergarten, Jungmannovo n\u00e1m\u011bst\u00ed, Nov\u00e9 M\u011bsto 110 00 Prague<\/strong><\/li>\n<\/ul>\n<h2 style=\"\" id=\"t-1670585570825\">Karte &amp; Emplacements<\/h2>\n<p style=\"text-align: center;\"><a href=\"https:\/\/www.google.com\/maps\/d\/u\/1\/viewer?hl=en&amp;mid=1mg7nQ3QzxsWPYBdBTkwpDyWcj9RVCARI&amp;ll=50.08025176475851%2C14.424378750000013&amp;z=14\" target=\"_blank\" style=\"outline: none;\" rel=\"noopener\">(lien vers la carte)<\/a><\/p>\n","protected":false},"excerpt":{"rendered":"<p>Quels parcs y a-t-il \u00e0 Prague ? Les habitants connaissent certainement le jardin Wallenstein, les \u00eeles Vltava et le jardin franciscain. Il existe de nombreuses autres alternatives vertes possibles dans toute la ville. Les espaces verts repr\u00e9sentent pr\u00e8s de la moiti\u00e9 de la zone urbaine de Prague. Ici, nous avons compil\u00e9 une liste des espaces [&hellip;]<\/p>\n","protected":false},"author":6,"featured_media":1306,"parent":247,"menu_order":0,"comment_status":"closed","ping_status":"closed","template":"","meta":{"footnotes":""},"categories":[],"tags":[19],"class_list":["post-727","page","type-page","status-publish","has-post-thumbnail","hentry","tag-sehenswuerdigkeiten","post-wrapper","thrv_wrapper"],"_links":{"self":[{"href":"https:\/\/praguetouristinformation.com\/fr\/wp-json\/wp\/v2\/pages\/727","targetHints":{"allow":["GET"]}}],"collection":[{"href":"https:\/\/praguetouristinformation.com\/fr\/wp-json\/wp\/v2\/pages"}],"about":[{"href":"https:\/\/praguetouristinformation.com\/fr\/wp-json\/wp\/v2\/types\/page"}],"author":[{"embeddable":true,"href":"https:\/\/praguetouristinformation.com\/fr\/wp-json\/wp\/v2\/users\/6"}],"replies":[{"embeddable":true,"href":"https:\/\/praguetouristinformation.com\/fr\/wp-json\/wp\/v2\/comments?post=727"}],"version-history":[{"count":0,"href":"https:\/\/praguetouristinformation.com\/fr\/wp-json\/wp\/v2\/pages\/727\/revisions"}],"up":[{"embeddable":true,"href":"https:\/\/praguetouristinformation.com\/fr\/wp-json\/wp\/v2\/pages\/247"}],"wp:featuredmedia":[{"embeddable":true,"href":"https:\/\/praguetouristinformation.com\/fr\/wp-json\/wp\/v2\/media\/1306"}],"wp:attachment":[{"href":"https:\/\/praguetouristinformation.com\/fr\/wp-json\/wp\/v2\/media?parent=727"}],"wp:term":[{"taxonomy":"category","embeddable":true,"href":"https:\/\/praguetouristinformation.com\/fr\/wp-json\/wp\/v2\/categories?post=727"},{"taxonomy":"post_tag","embeddable":true,"href":"https:\/\/praguetouristinformation.com\/fr\/wp-json\/wp\/v2\/tags?post=727"}],"curies":[{"name":"wp","href":"https:\/\/api.w.org\/{rel}","templated":true}]}}