{"id":723,"date":"2020-10-15T13:37:16","date_gmt":"2020-10-15T13:37:16","guid":{"rendered":"http:\/\/praguetouristinformation.com\/?page_id=723"},"modified":"2023-05-04T13:42:27","modified_gmt":"2023-05-04T13:42:27","slug":"biere-tcheque","status":"publish","type":"page","link":"https:\/\/praguetouristinformation.com\/fr\/restaurants-prague\/biere-tcheque","title":{"rendered":"Bi\u00e8re tch\u00e8que : 8 marques c\u00e9l\u00e8bres [+ Beer Tours]"},"content":{"rendered":"<h3 id=\"t-1670501067593\" data-hide=\"true\">Les Tch\u00e8ques boivent le plus de bi\u00e8re au monde.<\/h3>\n<p>Les brasseries tch\u00e8ques peuvent compter sur une consommation incroyable de 140 litres par habitant et par an.<\/p>\n<p>Quiconque souhaite go\u00fbter une bi\u00e8re de la R\u00e9publique tch\u00e8que trouvera de nombreuses occasions de le faire \u00e0 Prague.<\/p>\n<p>Ici, nous avons rassembl\u00e9 les marques de bi\u00e8re tch\u00e8ques les plus c\u00e9l\u00e8bres pour vous inspirer.<\/p>\n<h2 id=\"t-1670239303294\">8 marques de bi\u00e8re de la R\u00e9publique tch\u00e8que<\/h2>\n<p>La bi\u00e8re est appel\u00e9e \u00ab\u00a0pivo\u00a0\u00bb en tch\u00e8que et est consid\u00e9r\u00e9e comme la boisson nationale.<\/p>\n<p>Quiconque commande une bi\u00e8re dit jedno pivo ou velk\u00e9 pivo et re\u00e7oit un verre d&rsquo;un demi-litre. Si vous en voulez moins, dites mal\u00e9 pivo et prenez un verre de 0,3 litre.<\/p>\n<p><strong><em>\u00c0 votre sant\u00e9! &#8211; Zum Wohl&nbsp;!<\/em><\/strong><\/p>\n<p><span><img decoding=\"async\" alt=\"Pilsner Urquell, Prague\" data-id=\"2175\" width=\"702\" data-init-width=\"1000\" height=\"468\" data-init-height=\"667\" title=\"Pilsner Urquell, Prague\" loading=\"lazy\" src=\"http:\/\/praguetouristinformation.com\/wp-content\/uploads\/2020\/11\/Pilsner-Urquell.jpg\" data-width=\"702\" data-height=\"468\" data-pinpro-key=\"pxoneth1u\"><\/span><\/p>\n<h3 id=\"t-1670239303295\">1. Pilsner Urquell<\/h3>\n<p>La Pilsner Urquell est produite \u00e0 Pilsen depuis 1842. En raison de la mauvaise qualit\u00e9 de la bi\u00e8re au d\u00e9but du 19\u00e8me si\u00e8cle, les citoyens ont construit la brasserie \u00e0 Pilsen en 1842, qui s&rsquo;appelait alors \u00ab\u00a0B\u00fcrgerliches Brauhaus\u00a0\u00bb. Aujourd&rsquo;hui, la brasserie Pilsner Urquell est la plus grande de la R\u00e9publique tch\u00e8que.<\/p>\n<p>Le houblon des zones de culture traditionnelles du nord de la Boh\u00eame est utilis\u00e9 pour la production. La bi\u00e8re l\u00e9g\u00e8re \u00e0 fermentation basse est brass\u00e9e avec une densit\u00e9 initiale de 11,75 % et une teneur en alcool de 4,4 %.<\/p>\n<p><span><img decoding=\"async\" alt=\"Budweiser, Prague\" data-id=\"2177\" width=\"702\" data-init-width=\"1000\" height=\"468\" data-init-height=\"667\" title=\"Budweiser, Prague\" loading=\"lazy\" src=\"http:\/\/praguetouristinformation.com\/wp-content\/uploads\/2020\/11\/Budweiser.jpg\" data-width=\"702\" data-height=\"468\" data-pinpro-key=\"0j2jlqwgt\"><\/span><\/p>\n<h3 id=\"t-1670239303296\">2. Budweiser<\/h3>\n<p>La bi\u00e8re Budweiser est brass\u00e9e dans la brasserie Budvar \u00e0 \u010cesk\u00e9 Bud\u011bjovice, qui a \u00e9t\u00e9 fond\u00e9e en 1895 par des citoyens tch\u00e8ques. Cependant, la tradition du brassage de la bi\u00e8re \u00e0 \u010cesk\u00e9 Bud\u011bjovice remonte au XIIIe si\u00e8cle, lorsque les moines brassaient de la bi\u00e8re dans les monast\u00e8res.<\/p>\n<p>La Budweiser \u00e0 fermentation basse est brass\u00e9e avec une densit\u00e9 initiale de 11,90 % et une teneur en alcool de 5,0 %. C&rsquo;est une bi\u00e8re l\u00e9g\u00e8re.<\/p>\n<p><span><img decoding=\"async\" alt=\"Gambrinus, Prague\" data-id=\"2178\" width=\"702\" data-init-width=\"1000\" height=\"468\" data-init-height=\"667\" title=\"Gambrinus, Prague\" loading=\"lazy\" src=\"http:\/\/praguetouristinformation.com\/wp-content\/uploads\/2020\/11\/Gambrinus.jpg\" data-width=\"702\" data-height=\"468\" data-pinpro-key=\"yro3uzpo4\"><\/span><\/p>\n<h3 id=\"t-1670239303297\">3. Gambrinus<\/h3>\n<p>La Gambrinus est brass\u00e9e depuis 1869, \u00e0 Pilsen, dans la m\u00eame brasserie qui produit la Pilsner Urquell. La bi\u00e8re porte le nom de Gambrinus, un roi l\u00e9gendaire qui a \u00e9t\u00e9 cr\u00e9dit\u00e9 d&rsquo;avoir invent\u00e9 le brassage de la bi\u00e8re.<\/p>\n<p>Gambrinus est une bi\u00e8re de fermentation basse brass\u00e9e avec une densit\u00e9 initiale de 11,00 %. Elle a une teneur en alcool de 5,0% et est une bi\u00e8re l\u00e9g\u00e8re, mais de couleur plut\u00f4t fonc\u00e9e.<\/p>\n<p><span><img decoding=\"async\" alt=\"Brasserie du monast\u00e8re de Strahov, Prague\" data-id=\"2179\" width=\"702\" data-init-width=\"1000\" height=\"468\" data-init-height=\"667\" title=\"Brasserie du monast\u00e8re de Strahov, Prague\" loading=\"lazy\" src=\"http:\/\/praguetouristinformation.com\/wp-content\/uploads\/2020\/11\/Klosterbrauerei-Strahov.jpg\" data-width=\"702\" data-height=\"468\" data-pinpro-key=\"ogvkvh47p\"><\/span><\/p>\n<h3 id=\"t-1670239303298\">4. Klosterbrauerei Strahov<\/h3>\n<p>Tout pr\u00e8s du <a data-id=\"738\" data-type=\"page\" href=\"https:\/\/praguetouristinformation.com\/fr\/choses-a-faire\/chateau\" style=\"outline: none;\">ch\u00e2teau de Prague se<\/a> trouve la brasserie du monast\u00e8re de Strahov, o\u00f9 la bi\u00e8re est brass\u00e9e depuis le XIIIe si\u00e8cle. C&rsquo;est ici que la bi\u00e8re St. Norbert est fabriqu\u00e9e dans l&rsquo;entreprise familiale. Il a une densit\u00e9 originale de 13% et une teneur en alcool de 5,3%.<\/p>\n<p>L&rsquo;offre saisonni\u00e8re de bi\u00e8res est int\u00e9ressante, notamment la St. Norbert Herbstbier, une bi\u00e8re bock \u00e0 6,3% d&rsquo;alcool, qui est servie \u00e0 partir de fin septembre, et la bi\u00e8re de P\u00e2ques \u00e0 5,3%, qui est servie le vendredi pr\u00e9c\u00e9dant le Vendredi Saint.<\/p>\n<ul>\n<li>En savoir <a data-id=\"828\" data-type=\"page\" href=\"https:\/\/praguetouristinformation.com\/fr\/choses-a-faire\/petite-ville\/monastere-de-strahov\" style=\"outline: none;\">plus sur le monast\u00e8re de Strahov<\/a> ici .<\/li>\n<\/ul>\n<p><span><img decoding=\"async\" alt=\"Starobrno, Prague\" data-id=\"2180\" width=\"702\" data-init-width=\"1000\" height=\"468\" data-init-height=\"667\" title=\"Starobrno, Prague\" loading=\"lazy\" src=\"http:\/\/praguetouristinformation.com\/wp-content\/uploads\/2020\/11\/Starobrno.jpg\" data-width=\"702\" data-height=\"468\" data-pinpro-key=\"c0knpqrdr\"><\/span><\/p>\n<h3 id=\"t-1670239303299\">5. Starobrno<\/h3>\n<p>D\u00e8s 1243, le roi tch\u00e8que Venceslas I accorda \u00e0 Brno le droit de brasser de la bi\u00e8re. En 1872, les propri\u00e9taires de l&rsquo;ancienne brasserie du monast\u00e8re ont construit une grande brasserie moderne, qu&rsquo;ils ont appel\u00e9e l&rsquo;ancienne brasserie de Brno.<\/p>\n<p>La Starobrno y est encore aujourd&rsquo;hui brass\u00e9e par une filiale de la brasserie Heineken. La pale lager a une densit\u00e9 originale de 11% et une teneur en alcool de 4%.<\/p>\n<p><span><img decoding=\"async\" alt=\"Radegast, Prague\" data-id=\"2181\" width=\"702\" data-init-width=\"1000\" height=\"468\" data-init-height=\"667\" title=\"Radegast, Prague\" loading=\"lazy\" src=\"http:\/\/praguetouristinformation.com\/wp-content\/uploads\/2020\/11\/Radegast.jpg\" data-width=\"702\" data-height=\"468\" data-pinpro-key=\"5yxpjib3i\"><\/span><\/p>\n<h3 id=\"t-1670239303300\">6. Radegast<\/h3>\n<p>Radegast est fabriqu\u00e9 dans la brasserie du m\u00eame nom \u00e0 No\u0161ovice, un endroit pr\u00e8s de la fronti\u00e8re polonaise. La brasserie a \u00e9t\u00e9 fond\u00e9e en 1965. Radegast est une bi\u00e8re blonde brass\u00e9e avec une densit\u00e9 originale de 10% et une teneur en alcool de 4%. Il a un go\u00fbt l\u00e9g\u00e8rement amer.<\/p>\n<p><span><img decoding=\"async\" alt=\"Bre\u017enak, Prague\" data-id=\"2182\" width=\"702\" data-init-width=\"1000\" height=\"468\" data-init-height=\"667\" title=\"Bre\u017enak, Prague\" loading=\"lazy\" src=\"http:\/\/praguetouristinformation.com\/wp-content\/uploads\/2020\/11\/Breznak.jpg\" data-width=\"702\" data-height=\"468\" data-pinpro-key=\"0lb11gb39\"><\/span><\/p>\n<h3 id=\"t-1670239303301\">7. Breznak<\/h3>\n<p>Breznak est fabriqu\u00e9 dans la brasserie Gro\u00dfpriesen en Boh\u00eame du Nord, qui a \u00e9t\u00e9 construite en 1753. Le portrait de Viktor Cibich, ancien chef de gare \u00e0 Gro\u00dfpriesen, orne encore aujourd&rsquo;hui les \u00e9tiquettes et les verres de la bi\u00e8re Breznak.<\/p>\n<p>En compensation pour avoir \u00e9t\u00e9 autoris\u00e9 \u00e0 utiliser sa photo, Viktor Cibich a re\u00e7u une pension \u00e0 vie sous la forme de 30 bi\u00e8res par semaine dans un pub de Gro\u00dfprisen, ce qui peut \u00eatre consid\u00e9r\u00e9 comme l&rsquo;un des premiers contrats publicitaires.<\/p>\n<p>La Breznak est une bi\u00e8re de fermentation basse brass\u00e9e avec une densit\u00e9 initiale de 12,00 %. Elle a une teneur en alcool de 5,1% et est une bi\u00e8re l\u00e9g\u00e8re.<\/p>\n<p><span><img decoding=\"async\" alt=\"Staropramen, Prague\" data-id=\"2183\" width=\"702\" data-init-width=\"1000\" height=\"468\" data-init-height=\"667\" title=\"Staropramen, Prague\" loading=\"lazy\" src=\"http:\/\/praguetouristinformation.com\/wp-content\/uploads\/2020\/11\/Staropramen.jpg\" data-width=\"702\" data-height=\"468\" data-pinpro-key=\"8p0ryub4r\"><\/span><\/p>\n<h3 id=\"t-1670239303302\">8. Ancienne source<\/h3>\n<p>En 1869, ce qui est aujourd&rsquo;hui la deuxi\u00e8me plus grande brasserie de la R\u00e9publique tch\u00e8que a \u00e9t\u00e9 fond\u00e9e \u00e0 Prague. L&#8217;empereur Fran\u00e7ois-Joseph Ier \u00e9tait d\u00e9j\u00e0 enthousiasm\u00e9 par l&rsquo;art des brasseurs d&rsquo;ici.<\/p>\n<p>Le logo de la brasserie a \u00e9t\u00e9 con\u00e7u par un artiste d&rsquo;avant-garde tch\u00e8que. Staropramen signifie \u00ab vieux printemps \u00bb en allemand. Il s&rsquo;agit d&rsquo;une bi\u00e8re l\u00e9g\u00e8re \u00e0 fermentation basse qui est brass\u00e9e avec une densit\u00e9 initiale de 12,00 % et une teneur en alcool de 5,0 %.<\/p>\n<h2 style=\"\" id=\"t-1670501067594\">Visites populaires sur le th\u00e8me de la bi\u00e8re \u00e0 Prague<\/h2>\n<p><!-- GetYourGuide Analytics -->[tcb-script async=\u00a0\u00bb\u00a0\u00bb defer=\u00a0\u00bb\u00a0\u00bb src=\u00a0\u00bbhttps:\/\/widget.getyourguide.com\/dist\/pa.umd.production.min.js\u00a0\u00bb data-gyg-partner-id=\u00a0\u00bb0F6NPGN\u00a0\u00bb][\/tcb-script]<\/p>\n","protected":false},"excerpt":{"rendered":"<p>Les Tch\u00e8ques boivent le plus de bi\u00e8re au monde. Les brasseries tch\u00e8ques peuvent compter sur une consommation incroyable de 140 litres par habitant et par an. Quiconque souhaite go\u00fbter une bi\u00e8re de la R\u00e9publique tch\u00e8que trouvera de nombreuses occasions de le faire \u00e0 Prague. Ici, nous avons rassembl\u00e9 les marques de bi\u00e8re tch\u00e8ques les plus [&hellip;]<\/p>\n","protected":false},"author":6,"featured_media":2172,"parent":761,"menu_order":0,"comment_status":"open","ping_status":"closed","template":"","meta":{"footnotes":""},"categories":[],"tags":[26,31,30],"class_list":["post-723","page","type-page","status-publish","has-post-thumbnail","hentry","tag-bier","tag-essen","tag-lifestyle","post-wrapper","thrv_wrapper"],"_links":{"self":[{"href":"https:\/\/praguetouristinformation.com\/fr\/wp-json\/wp\/v2\/pages\/723","targetHints":{"allow":["GET"]}}],"collection":[{"href":"https:\/\/praguetouristinformation.com\/fr\/wp-json\/wp\/v2\/pages"}],"about":[{"href":"https:\/\/praguetouristinformation.com\/fr\/wp-json\/wp\/v2\/types\/page"}],"author":[{"embeddable":true,"href":"https:\/\/praguetouristinformation.com\/fr\/wp-json\/wp\/v2\/users\/6"}],"replies":[{"embeddable":true,"href":"https:\/\/praguetouristinformation.com\/fr\/wp-json\/wp\/v2\/comments?post=723"}],"version-history":[{"count":0,"href":"https:\/\/praguetouristinformation.com\/fr\/wp-json\/wp\/v2\/pages\/723\/revisions"}],"up":[{"embeddable":true,"href":"https:\/\/praguetouristinformation.com\/fr\/wp-json\/wp\/v2\/pages\/761"}],"wp:featuredmedia":[{"embeddable":true,"href":"https:\/\/praguetouristinformation.com\/fr\/wp-json\/wp\/v2\/media\/2172"}],"wp:attachment":[{"href":"https:\/\/praguetouristinformation.com\/fr\/wp-json\/wp\/v2\/media?parent=723"}],"wp:term":[{"taxonomy":"category","embeddable":true,"href":"https:\/\/praguetouristinformation.com\/fr\/wp-json\/wp\/v2\/categories?post=723"},{"taxonomy":"post_tag","embeddable":true,"href":"https:\/\/praguetouristinformation.com\/fr\/wp-json\/wp\/v2\/tags?post=723"}],"curies":[{"name":"wp","href":"https:\/\/api.w.org\/{rel}","templated":true}]}}