{"id":721,"date":"2020-10-15T10:19:22","date_gmt":"2020-10-15T10:19:22","guid":{"rendered":"http:\/\/praguetouristinformation.com\/?page_id=721"},"modified":"2023-05-04T12:44:40","modified_gmt":"2023-05-04T12:44:40","slug":"vysehrad","status":"publish","type":"page","link":"https:\/\/praguetouristinformation.com\/fr\/choses-a-faire\/vysehrad","title":{"rendered":"Guide de Vysehrad : Curiosit\u00e9s, histoire et prix d\u2019entr\u00e9e"},"content":{"rendered":"<h3 id=\"t-1670608960740\">Vysehrad est un spectacle en dehors du centre de Prague. C&rsquo;est l&rsquo;un des remparts de ch\u00e2teau les plus c\u00e9l\u00e8bres du d\u00e9but du Moyen \u00c2ge en Boh\u00eame.<\/h3>\n<p>Il y a une belle <a data-id=\"713\" data-type=\"page\" href=\"https:\/\/praguetouristinformation.com\/fr\/choses-a-faire\/points-de-vue\" style=\"outline: none;\">vue<\/a> sur Prague d&rsquo;ici.<\/p>\n<p>Toutes les informations importantes sur Vysehrad sont collect\u00e9es ici, y compris l&rsquo;entr\u00e9e, l&rsquo;historique et l&rsquo;adresse.<\/p>\n<h2 id=\"t-1670608960741\">Que puis-je faire \u00e0 Vysehrad ?<\/h2>\n<p><span><img decoding=\"async\" alt=\"Que puis-je faire \u00e0 Vysehrad Prague\" data-id=\"1906\" width=\"702\" data-init-width=\"1000\" height=\"468\" data-init-height=\"667\" title=\"Que puis-je faire \u00e0 Vysehrad Prague\" loading=\"lazy\" src=\"http:\/\/praguetouristinformation.com\/wp-content\/uploads\/2020\/11\/Was-kann-ich-in-Vysehrad-machen.jpg\" data-width=\"702\" data-height=\"468\" data-pin-media=\"http:\/\/praguetouristinformation.com\/wp-content\/uploads\/2021\/02\/46.jpg\" data-pin-description=\"Vysehrad: Sehensw\u00fcrdigkeiten, Geschichte &amp; Eintritt - 2022\" data-pin-url=\"https:\/\/praguetouristinformation.com\/fr\/choses-a-faire\/vysehrad?tve=true&amp;tcbf=653ee5414e\" data-pinpro-key=\"83asfkbap\"><\/span><\/p>\n<p>Vysehrad, \u00e9galement connue sous le nom de forteresse de Prague, est situ\u00e9e au sud de la nouvelle ville de Prague, sur une colline qui s&rsquo;\u00e9l\u00e8ve abruptement au-dessus de la rive droite de la rivi\u00e8re Vltava. De l\u00e0, vous avez une vue spectaculaire qui s&rsquo;\u00e9tend jusqu&rsquo;au <a data-id=\"738\" data-type=\"page\" href=\"https:\/\/praguetouristinformation.com\/fr\/choses-a-faire\/chateau\" style=\"outline: none;\">ch\u00e2teau de Prague<\/a> .<\/p>\n<p>Par cons\u00e9quent, Vysehrad est l&rsquo;un des meilleurs points de vue de Prague. Il y a plusieurs <a data-id=\"247\" data-type=\"page\" href=\"https:\/\/praguetouristinformation.com\/fr\/choses-a-faire\" style=\"outline: none;\">sites<\/a> \u00e0 Vysehrad, certains d&rsquo;entre eux ont un droit d&rsquo;entr\u00e9e.<\/p>\n<h3 id=\"t-1670608960742\">1. Curiosit\u00e9s \u00e0 Vysehrad<\/h3>\n<ul>\n<li><strong>Cimeti\u00e8re de Slavin<\/strong> : Environ 600 personnalit\u00e9s tch\u00e8ques importantes y sont enterr\u00e9es, dont le chef d&rsquo;orchestre Raphael Kubelik et le compositeur Bedrich Smetana. Le tombeau monumental, le Slavin, symbolise un lieu de repos commun pour ces grands nationaux.<\/li>\n<\/ul>\n<ul>\n<li><strong>Cath\u00e9drale Saint-Paul et Saint-Pierre :&nbsp;<\/strong> Depuis sa construction il y a 950 ans, la cath\u00e9drale a \u00e9t\u00e9 reconstruite \u00e0 plusieurs reprises pour obtenir son aspect n\u00e9o-gothique actuel. \u00c0 l&rsquo;int\u00e9rieur, vous pouvez voir de nombreuses peintures murales et ornements Art nouveau. Un carillon sonne toutes les heures pile. L&rsquo;entr\u00e9e est <a data-id=\"https:\/\/www.praha-vysehrad.cz\/?l=9\" data-type=\"URL\" href=\"https:\/\/www.praha-vysehrad.cz\/?l=9\" target=\"_blank\" style=\"outline: none;\" rel=\"noopener\">payante<\/a> .<\/li>\n<\/ul>\n<ul>\n<li><strong>Galerie Vy\u0161ehrad :&nbsp;<\/strong> \u00c0 l&rsquo;int\u00e9rieur des vestiges d&rsquo;une tour de guet m\u00e9di\u00e9vale, la galerie Vy\u0161ehrad accueille des expositions temporaires d&rsquo;art contemporain. L&rsquo;admission \u00e0 la galerie est <a href=\"https:\/\/www.praha-vysehrad.cz\/?l=9\" style=\"outline: none;\" target=\"_blank\" rel=\"noopener\">obligatoire<\/a> .<a href=\"https:\/\/www.praha-vysehrad.cz\/?l=9\" style=\"outline: none;\" target=\"_blank\" rel=\"noopener\"><\/a><\/li>\n<\/ul>\n<ul>\n<li><strong>Cave gothique :&nbsp;<\/strong> La cave gothique est un vestige de l&rsquo;un des quatre b\u00e2timents du palais qui ont \u00e9t\u00e9 construits dans la seconde moiti\u00e9 du XIVe si\u00e8cle dans le domaine de la cour royale. Les caves d\u00e9truites ont \u00e9t\u00e9 restaur\u00e9es et abritent d\u00e9sormais une <a data-id=\"https:\/\/www.praha-vysehrad.cz\/?l=9\" data-type=\"URL\" href=\"https:\/\/www.praha-vysehrad.cz\/?l=9\" target=\"_blank\" style=\"outline: none;\" rel=\"noopener\">exposition permanente<\/a> sur l&rsquo;histoire de Vy\u0161ehrad.<\/li>\n<\/ul>\n<ul>\n<li><strong>Casemates :<\/strong> Les passages dans les remparts qui servaient \u00e0 rassembler les troupes et \u00e0 les d\u00e9placer inaper\u00e7ues \u00e9taient appel\u00e9s casemates. Les casemates vues ici mesurent environ 1 kilom\u00e8tre de long, 2 m\u00e8tres de haut et 1,5 m\u00e8tre de large. Le plus grand espace souterrain est le soi-disant Gorlice. Aujourd&rsquo;hui, six statues originales du pont Charles sont conserv\u00e9es dans la salle de 330 m\u00b2, haute de 13 m\u00e8tres. La visite est <a data-id=\"721\" data-type=\"page\" href=\"http:\/\/praguetouristinformation.com\/sehenswuerdigkeiten\/vysehrad\" target=\"_blank\" rel=\"noopener\">payante<\/a> .<\/li>\n<\/ul>\n<ul>\n<li><strong>Rotonde de Martin :<\/strong> La Rotonde de Martin est l&rsquo;un des \u00e9difices romans les mieux conserv\u00e9s de Prague. Elle date du XIe si\u00e8cle et est d\u00e9di\u00e9e \u00e0 saint Martin. L&rsquo;autel en marbre et les peintures sur les murs int\u00e9rieurs, qui reprennent des motifs du code du couronnement de Vysehrad, ont \u00e9t\u00e9 conserv\u00e9s dans leur forme originale.<\/li>\n<\/ul>\n<h3 id=\"t-1670608960743\">2. Manger dans le parc<\/h3>\n<p><span><img decoding=\"async\" alt=\"Sites de Vysehrad \u00e0 Prague\" data-id=\"1907\" width=\"702\" data-init-width=\"1000\" height=\"468\" data-init-height=\"667\" title=\"Sites de Vysehrad \u00e0 Prague\" loading=\"lazy\" src=\"http:\/\/praguetouristinformation.com\/wp-content\/uploads\/2020\/11\/Sehenswuerdigkeiten-in-Vysehrad.jpg\" data-width=\"702\" data-height=\"468\" data-pin-media=\"http:\/\/praguetouristinformation.com\/wp-content\/uploads\/2021\/02\/46.jpg\" data-pin-description=\"Vysehrad: Sehensw\u00fcrdigkeiten, Geschichte &amp; Eintritt - 2022\" data-pin-url=\"https:\/\/praguetouristinformation.com\/fr\/choses-a-faire\/vysehrad?tve=true&amp;tcbf=653ee5414e\" data-pinpro-key=\"uqpnrh3r4\"><\/span><\/p>\n<p>Le tr\u00e8s vaste parc avec les anciennes fortifications, les petites maisons, les fleurs et les statues est un peu \u00e0 l&rsquo;\u00e9cart des foules de touristes de Prague et offre une vue magnifique sur <a data-id=\"738\" data-type=\"page\" href=\"https:\/\/praguetouristinformation.com\/fr\/choses-a-faire\/chateau\" style=\"outline: none;\">le ch\u00e2teau de Prague<\/a> et les autres sites touristiques de Prague.<\/p>\n<p>De nombreux habitants aiment pique-niquer ici, mais il existe \u00e9galement divers restaurants dans et autour du parc qui proposent une bonne cuisine tch\u00e8que. Laissez-vous guider par le parfum&#8230; Et la vue vient tout de suite&#8230;<\/p>\n<h2 id=\"t-1670608960744\">Entr\u00e9e, billets et visites guid\u00e9es pour Vysehrad<\/h2>\n<p><span><img decoding=\"async\" alt=\"Entr\u00e9e, billets et visites guid\u00e9es \u00e0 Vysehrad \u00e0 Prague\" data-id=\"1909\" width=\"702\" data-init-width=\"1000\" height=\"468\" data-init-height=\"667\" title=\"Entr\u00e9e, billets et visites guid\u00e9es \u00e0 Vysehrad \u00e0 Prague\" loading=\"lazy\" src=\"http:\/\/praguetouristinformation.com\/wp-content\/uploads\/2020\/11\/Eintritt-Tickets-und-Fuehrungen-9.jpg\" data-width=\"702\" data-height=\"468\" data-pin-media=\"http:\/\/praguetouristinformation.com\/wp-content\/uploads\/2021\/02\/46.jpg\" data-pin-description=\"Vysehrad: Sehensw\u00fcrdigkeiten, Geschichte &amp; Eintritt - 2022\" data-pin-url=\"https:\/\/praguetouristinformation.com\/fr\/choses-a-faire\/vysehrad?tve=true&amp;tcbf=653ee5414e\" data-pinpro-key=\"6gjlh7z9d\"><\/span><\/p>\n<ul>\n<li><strong>Billet :&nbsp;<\/strong> Des billets individuels pour chaque attraction doivent \u00eatre achet\u00e9s. Pour \u00e9viter les temps d&rsquo;attente, nous vous recommandons d&rsquo;acheter vos billets en ligne ici.<\/li>\n<\/ul>\n<ul>\n<li><strong>Visite guid\u00e9e :&nbsp;<\/strong> Vysehrad est ouvert toute l&rsquo;ann\u00e9e. Il existe diff\u00e9rentes visites guid\u00e9es. Pour plus de d\u00e9tails sur les frais d&rsquo;entr\u00e9e et les d\u00e9tails de la visite, veuillez cliquer ici et vous serez redirig\u00e9 vers le <a data-id=\"https:\/\/www.praha-vysehrad.cz\/Monuments-1#The-Casemates-and-Gorlice\" data-type=\"URL\" href=\"https:\/\/www.praha-vysehrad.cz\/Monuments-1#The-Casemates-and-Gorlice\" target=\"_blank\" style=\"outline: none;\" rel=\"noopener\">site officiel du mus\u00e9e<\/a> .<\/li>\n<\/ul>\n<ul>\n<li><strong>Entr\u00e9e :&nbsp;<\/strong> L&rsquo;entr\u00e9e dans la zone du parc est gratuite, mais la galerie, les caves gothiques et la cath\u00e9drale Saint-Paul et Saint-Pierre sont payantes. Les billets peuvent \u00eatre achet\u00e9s directement sur place. Les d\u00e9tails peuvent \u00eatre trouv\u00e9s <a data-id=\"https:\/\/www.praha-vysehrad.cz\/Monuments-1#The-Casemates-and-Gorlice\" data-type=\"URL\" href=\"https:\/\/www.praha-vysehrad.cz\/Monuments-1#The-Casemates-and-Gorlice\" target=\"_blank\" rel=\"noopener\">ici.<\/a><\/li>\n<\/ul>\n<h2 id=\"t-1670608960745\">Comment se rendre \u00e0 Vysehrad ?<\/h2>\n<p><span><img decoding=\"async\" alt=\"Comment se rendre \u00e0 Vysehrad \u00e0 Prague\" data-id=\"1910\" width=\"702\" data-init-width=\"1000\" height=\"468\" data-init-height=\"667\" title=\"Comment se rendre \u00e0 Vysehrad \u00e0 Prague\" loading=\"lazy\" src=\"http:\/\/praguetouristinformation.com\/wp-content\/uploads\/2020\/11\/Wie-komme-ich-nach-Vysehrad.jpg\" data-width=\"702\" data-height=\"468\" data-pin-media=\"http:\/\/praguetouristinformation.com\/wp-content\/uploads\/2021\/02\/46.jpg\" data-pin-description=\"Vysehrad: Sehensw\u00fcrdigkeiten, Geschichte &amp; Eintritt - 2022\" data-pin-url=\"https:\/\/praguetouristinformation.com\/fr\/choses-a-faire\/vysehrad?tve=true&amp;tcbf=653ee5414e\" data-pinpro-key=\"m67m92ny2\"><\/span><\/p>\n<p>Vysehrad est situ\u00e9 \u00e0 2 stations de m\u00e9tro de la <a data-id=\"662\" data-type=\"page\" href=\"https:\/\/praguetouristinformation.com\/fr\/choses-a-faire\/vieille-ville\/place-venceslas\" style=\"outline: none;\">place Venceslas<\/a> et est facilement accessible par la ligne de m\u00e9tro C, ligne rouge, arr\u00eat Vysehrad. De l\u00e0, il y a environ 10 minutes \u00e0 pied de la forteresse.<\/p>\n<p>Alternativement, on peut utiliser le tram num\u00e9ro 17 du Th\u00e9\u00e2tre National. La gare est plus proche de la forteresse que la station de m\u00e9tro, mais la colline est plus raide.<\/p>\n<h2 id=\"t-1670608960746\">Histoire de Vysehrad<\/h2>\n<p><span><img decoding=\"async\" alt=\"Histoire de Vysehrad \u00e0 Prague\" data-id=\"1911\" width=\"702\" data-init-width=\"1000\" height=\"468\" data-init-height=\"667\" title=\"Histoire de Vysehrad \u00e0 Prague\" loading=\"lazy\" src=\"http:\/\/praguetouristinformation.com\/wp-content\/uploads\/2020\/11\/Geschichte-Vysehrad.jpg\" data-width=\"702\" data-height=\"468\" data-pin-media=\"http:\/\/praguetouristinformation.com\/wp-content\/uploads\/2021\/02\/46.jpg\" data-pin-description=\"Vysehrad: Sehensw\u00fcrdigkeiten, Geschichte &amp; Eintritt - 2022\" data-pin-url=\"https:\/\/praguetouristinformation.com\/fr\/choses-a-faire\/vysehrad?tve=true&amp;tcbf=653ee5414e\" data-pinpro-key=\"tu160so1y\"><\/span><\/p>\n<p>Selon la l\u00e9gende, Vy\u0161ehrad est le plus ancien si\u00e8ge princier de Boh\u00eame, mais les premiers documents fiables sur l&rsquo;existence d&rsquo;un fort de colline remontent au milieu du Xe si\u00e8cle. Depuis lors, Vy\u0161ehrad a chang\u00e9 plusieurs fois de fonction et d&rsquo;apparence.<\/p>\n<p>C&rsquo;\u00e9tait un ch\u00e2teau royal, m\u00eame le si\u00e8ge d&rsquo;un monarque pendant une courte p\u00e9riode, lorsque le premier roi tch\u00e8que, Vratislav II, y installa son si\u00e8ge de gouvernement.<\/p>\n<p>Lorsque les dirigeants sont revenus au ch\u00e2teau de Prague au d\u00e9but du XIIe si\u00e8cle, le ch\u00e2teau est tomb\u00e9 en ruine. Elle connut un essor sous Charles IV, qui y fit divers ajouts et transformations. Apr\u00e8s sa mort, Vy\u0161ehrad \u00e9tait principalement une ville sacerdotale avec plus de 100 membres du clerg\u00e9.<\/p>\n<p>Il a \u00e9t\u00e9 reconstruit en une forteresse baroque, dont l&rsquo;apparence a \u00e9t\u00e9 pr\u00e9serv\u00e9e \u00e0 ce jour, apr\u00e8s avoir \u00e9t\u00e9 gravement endommag\u00e9e lors d&rsquo;une attaque au milieu du XVIIe si\u00e8cle.<\/p>\n<p>\u00c0 la fin des ann\u00e9es 1800, Vy\u0161ehrad est devenu un symbole national et le cimeti\u00e8re des Tch\u00e8ques les plus c\u00e9l\u00e8bres. Aujourd&rsquo;hui, la place forte de Prague est une destination pris\u00e9e pour les promenades et offre une vue imprenable sur la ville de Prague.<\/p>\n<h2 id=\"t-1670608960747\">Contacter<\/h2>\n<ul>\n<li><strong>Adresse :<\/strong> V Pevnosti 159\/5b, Vy\u0161ehrad, 128 00 Prague<\/li>\n<\/ul>\n<ul>\n<li><strong>Transports en commun<\/strong> : M\u00e9tro ligne C, ligne rouge ou tram n\u00b017, arr\u00eat Vysehrad<\/li>\n<\/ul>\n<ul>\n<li><strong>Heures d&rsquo;ouverture :<\/strong> les heures d&rsquo;ouverture exactes peuvent \u00eatre trouv\u00e9es sur ce <a href=\"https:\/\/www.praha-vysehrad.cz\/?l=9\" target=\"_blank\" rel=\"noopener\">site<\/a> .<\/li>\n<\/ul>\n","protected":false},"excerpt":{"rendered":"<p>Vysehrad est un spectacle en dehors du centre de Prague. C&rsquo;est l&rsquo;un des remparts de ch\u00e2teau les plus c\u00e9l\u00e8bres du d\u00e9but du Moyen \u00c2ge en Boh\u00eame. Il y a une belle vue sur Prague d&rsquo;ici. Toutes les informations importantes sur Vysehrad sont collect\u00e9es ici, y compris l&rsquo;entr\u00e9e, l&rsquo;historique et l&rsquo;adresse. Que puis-je faire \u00e0 Vysehrad [&hellip;]<\/p>\n","protected":false},"author":6,"featured_media":1904,"parent":247,"menu_order":0,"comment_status":"open","ping_status":"closed","template":"","meta":{"footnotes":""},"categories":[],"tags":[22,19],"class_list":["post-721","page","type-page","status-publish","has-post-thumbnail","hentry","tag-museum","tag-sehenswuerdigkeiten","post-wrapper","thrv_wrapper"],"_links":{"self":[{"href":"https:\/\/praguetouristinformation.com\/fr\/wp-json\/wp\/v2\/pages\/721","targetHints":{"allow":["GET"]}}],"collection":[{"href":"https:\/\/praguetouristinformation.com\/fr\/wp-json\/wp\/v2\/pages"}],"about":[{"href":"https:\/\/praguetouristinformation.com\/fr\/wp-json\/wp\/v2\/types\/page"}],"author":[{"embeddable":true,"href":"https:\/\/praguetouristinformation.com\/fr\/wp-json\/wp\/v2\/users\/6"}],"replies":[{"embeddable":true,"href":"https:\/\/praguetouristinformation.com\/fr\/wp-json\/wp\/v2\/comments?post=721"}],"version-history":[{"count":0,"href":"https:\/\/praguetouristinformation.com\/fr\/wp-json\/wp\/v2\/pages\/721\/revisions"}],"up":[{"embeddable":true,"href":"https:\/\/praguetouristinformation.com\/fr\/wp-json\/wp\/v2\/pages\/247"}],"wp:featuredmedia":[{"embeddable":true,"href":"https:\/\/praguetouristinformation.com\/fr\/wp-json\/wp\/v2\/media\/1904"}],"wp:attachment":[{"href":"https:\/\/praguetouristinformation.com\/fr\/wp-json\/wp\/v2\/media?parent=721"}],"wp:term":[{"taxonomy":"category","embeddable":true,"href":"https:\/\/praguetouristinformation.com\/fr\/wp-json\/wp\/v2\/categories?post=721"},{"taxonomy":"post_tag","embeddable":true,"href":"https:\/\/praguetouristinformation.com\/fr\/wp-json\/wp\/v2\/tags?post=721"}],"curies":[{"name":"wp","href":"https:\/\/api.w.org\/{rel}","templated":true}]}}