{"id":713,"date":"2020-10-15T11:55:49","date_gmt":"2020-10-15T11:55:49","guid":{"rendered":"http:\/\/praguetouristinformation.com\/?page_id=713"},"modified":"2025-08-07T08:51:25","modified_gmt":"2025-08-07T08:51:25","slug":"points-de-vue","status":"publish","type":"page","link":"https:\/\/praguetouristinformation.com\/fr\/choses-a-faire\/points-de-vue","title":{"rendered":"12 Meilleurs points de vue \u00e0 Prague [avec carte]"},"content":{"rendered":"<h3 id=\"t-1670487494362\">Quels points de vue y a-t-il \u00e0 Prague ?<\/h3>\n<p>Voici notre r\u00e9ponse avec les plus belles vues sur la Vieille Ville, les environs et la zone m\u00e9tropolitaine de Prague.<\/p>\n<p><a data-id=\"247\" data-type=\"page\" href=\"https:\/\/praguetouristinformation.com\/fr\/choses-a-faire\" style=\"outline: none;\">Cela inclut la vue depuis les sites<\/a> classiques de Prague ainsi que la vue de Prague juste \u00e0 l&rsquo;ext\u00e9rieur de la ville.<\/p>\n<h2 style=\"\">Prague Visitor Pass<\/h2>\n<p data-pm-slice=\"1 1 []\" style=\"\">Le Prague Visitor Pass vous donne acc\u00e8s aux principales attractions, mus\u00e9es et aux transports publics de la ville \u2013 id\u00e9al pour d\u00e9couvrir Prague en toute flexibilit\u00e9 et efficacit\u00e9.<\/p>\n<p style=\"\">Utilisez notre code de r\u00e9duction exclusif <strong>pragueti5<\/strong> pour b\u00e9n\u00e9ficier de <strong>5 % de remise !<\/strong><\/p>\n<p>__CONFIG_colors_palette__{\u00ab\u00a0active_palette\u00a0\u00bb:0,\u00a0\u00bbconfig\u00a0\u00bb:{\u00ab\u00a0colors\u00a0\u00bb:{\u00ab\u00a0110d6\u00a0\u00bb:{\u00ab\u00a0name\u00a0\u00bb:\u00a0\u00bbMain Accent\u00a0\u00bb,\u00a0\u00bbparent\u00a0\u00bb:-1}},\u00a0\u00bbgradients\u00a0\u00bb:[]},\u00a0\u00bbpalettes\u00a0\u00bb:[{\u00ab\u00a0name\u00a0\u00bb:\u00a0\u00bbDefault Palette\u00a0\u00bb,\u00a0\u00bbvalue\u00a0\u00bb:{\u00ab\u00a0colors\u00a0\u00bb:{\u00ab\u00a0110d6\u00a0\u00bb:{\u00ab\u00a0val\u00a0\u00bb:\u00a0\u00bbvar(e8c68)\u00a0\u00bb}},\u00a0\u00bbgradients\u00a0\u00bb:[]},\u00a0\u00bboriginal\u00a0\u00bb:{\u00ab\u00a0colors\u00a0\u00bb:{\u00ab\u00a0110d6\u00a0\u00bb:{\u00ab\u00a0val\u00a0\u00bb:\u00a0\u00bbrgb(19, 114, 211)\u00a0\u00bb,\u00a0\u00bbhsl\u00a0\u00bb:{\u00ab\u00a0h\u00a0\u00bb:210,\u00a0\u00bbs\u00a0\u00bb:0.83,\u00a0\u00bbl\u00a0\u00bb:0.45}}},\u00a0\u00bbgradients\u00a0\u00bb:[]}}]}__CONFIG_colors_palette__ <a href=\"https:\/\/praguevisitorpass.eu\/?lang=fr-fr\" style=\"font-size: var(--tve-font-size, 14px) !important;\" target=\"_blank\" rel=\"noopener\"><span style=\"\">    <\/span> <span style=\"\"><span>Plus d\u2019infos<\/span><\/span> <\/a>  <\/p>\n<h2 id=\"t-1670487494363\">1. Rathausturm<\/h2>\n<p><span><img decoding=\"async\" alt=\"Rathausturm, Prague, R\u00e9publique tch\u00e8que\" data-id=\"1349\" width=\"702\" data-init-width=\"1000\" height=\"468\" data-init-height=\"667\" title=\"Rathausturm, Prague, R\u00e9publique tch\u00e8que\" loading=\"lazy\" src=\"http:\/\/praguetouristinformation.com\/wp-content\/uploads\/2020\/11\/Rathausturm.jpg\" data-width=\"702\" data-height=\"468\" data-pin-media=\"http:\/\/praguetouristinformation.com\/wp-content\/uploads\/2021\/01\/15.jpg\" data-pin-description=\"12 Meilleurs points de vue \u00e0 Prague [avec carte] - 2022\" data-pin-url=\"https:\/\/praguetouristinformation.com\/fr\/choses-a-faire\/points-de-vue?tve=true&amp;tcbf=4acad60f38\" data-pinpro-key=\"qtsf3zdv9\" style=\"aspect-ratio: auto 1000 \/ 667;\"><\/span><\/p>\n<p>La tour gothique de l&rsquo; <a data-id=\"628\" data-type=\"page\" href=\"https:\/\/praguetouristinformation.com\/fr\/choses-a-faire\/vieille-ville\/ancien-hotel-de-ville\" style=\"outline: none;\">ancien h\u00f4tel<\/a> de ville au milieu de la vieille ville offre la meilleure vue sur la vieille ville de Prague et <a data-id=\"621\" data-type=\"page\" href=\"https:\/\/praguetouristinformation.com\/fr\/choses-a-faire\/vieille-ville\/place-de-la-vieille-ville\" style=\"outline: none;\">la place de la vieille ville<\/a> . \u00c0 une hauteur de 41 m\u00e8tres, il y a un couloir en spirale accessible par ascenseur.<\/p>\n<p>Du c\u00f4t\u00e9 sud se trouve l&rsquo; <a data-id=\"625\" data-type=\"page\" href=\"https:\/\/praguetouristinformation.com\/fr\/choses-a-faire\/vieille-ville\/horloge-astronomique\" style=\"outline: none;\">horloge astronomique mondialement connue,<\/a> datant de 1410, qui sonne toutes les heures entre 9h00 et 23h00 et offre un spectacle des ap\u00f4tres de 45 secondes.<\/p>\n<ul>\n<li><strong>Adresse&nbsp;: Altst\u00e4dter Rathaus, Starom\u011bstsk\u00e9 n\u00e1m. 1\/3, 110 00 Vieille Ville, Prague<\/strong><\/li>\n<\/ul>\n<h2 id=\"t-1670487494364\">2. Tour de la vieille ville du pont Charles<\/h2>\n<p><span><img decoding=\"async\" alt=\"Tour de la vieille ville du pont Charles, Prague, R\u00e9publique tch\u00e8que\" data-id=\"1350\" width=\"702\" data-init-width=\"1000\" height=\"468\" data-init-height=\"667\" title=\"Tour de la vieille ville du pont Charles, Prague, R\u00e9publique tch\u00e8que\" loading=\"lazy\" src=\"http:\/\/praguetouristinformation.com\/wp-content\/uploads\/2020\/11\/Altstaedter-Turm-der-Karlsbruecke.jpg\" data-width=\"702\" data-height=\"468\" data-pin-media=\"http:\/\/praguetouristinformation.com\/wp-content\/uploads\/2021\/01\/15.jpg\" data-pin-description=\"12 Meilleurs points de vue \u00e0 Prague [avec carte] - 2022\" data-pin-url=\"https:\/\/praguetouristinformation.com\/fr\/choses-a-faire\/points-de-vue?tve=true&amp;tcbf=4acad60f38\" data-pinpro-key=\"gjfwm8kfl\" style=\"aspect-ratio: auto 1000 \/ 667;\"><\/span><\/p>\n<p>La tour du pont de la vieille ville du pont <a data-id=\"664\" data-type=\"page\" href=\"https:\/\/praguetouristinformation.com\/fr\/choses-a-faire\/le-pont-charles\" style=\"outline: none;\">Charles se<\/a> trouve du c\u00f4t\u00e9 de Star\u00e9 Mesto, c&rsquo;est-\u00e0-dire du c\u00f4t\u00e9 de la vieille ville de Prague. Elle a \u00e9t\u00e9 construite en 1370 sous l&#8217;empereur Charles IV et est aujourd&rsquo;hui consid\u00e9r\u00e9e comme l&rsquo;une des plus belles tours gothiques d&rsquo;Europe.<\/p>\n<p>138 marches m\u00e8nent dans la tour \u00e0 la terrasse d&rsquo;observation. L\u00e0, vous avez une vue fantastique sur la Vltava et la vieille ville de Prague.<\/p>\n<ul>\n<li><strong>Adresse : Karlsbr\u00fccke,&nbsp; <\/strong><strong>Pont Charles, 110 00 Prague<\/strong><\/li>\n<\/ul>\n<h2 id=\"t-1670487494365\">3. Tour de Petrin sur la colline de Petrin<\/h2>\n<p><span><img decoding=\"async\" alt=\"Tour de Petrin sur la colline de Petrin, Prague, R\u00e9publique Tch\u00e8que\" data-id=\"1351\" width=\"702\" data-init-width=\"1000\" height=\"468\" data-init-height=\"667\" title=\"Tour de Petrin sur la colline de Petrin, Prague, R\u00e9publique Tch\u00e8que\" loading=\"lazy\" src=\"http:\/\/praguetouristinformation.com\/wp-content\/uploads\/2020\/11\/Petrin-Turm-am-Petrin-Huegel.jpg\" data-width=\"702\" data-height=\"468\" data-pin-media=\"http:\/\/praguetouristinformation.com\/wp-content\/uploads\/2021\/01\/15.jpg\" data-pin-description=\"12 Meilleurs points de vue \u00e0 Prague [avec carte] - 2022\" data-pin-url=\"https:\/\/praguetouristinformation.com\/fr\/choses-a-faire\/points-de-vue?tve=true&amp;tcbf=4acad60f38\" data-pinpro-key=\"2vj7wuxr2\" style=\"aspect-ratio: auto 1000 \/ 667;\"><\/span><\/p>\n<p>La <a data-id=\"836\" data-type=\"page\" href=\"https:\/\/praguetouristinformation.com\/fr\/choses-a-faire\/petrin\/tour-d-observation-de-petrin\" style=\"outline: none;\">tour Petrin<\/a> est situ\u00e9e sur la colline du m\u00eame nom, haute de 318 m\u00e8tres, dans la petite ville. La tour de 63,5 m\u00e8tres de haut est une r\u00e9plique \u00e0 \u00e9chelle r\u00e9duite de la Tour Eiffel \u00e0 Paris. Un t\u00e9l\u00e9ph\u00e9rique vous emm\u00e8ne sur la colline jusqu&rsquo;\u00e0 la tour, mais pour atteindre la terrasse d&rsquo;observation, vous devez gravir les 299 marches d&rsquo;un escalier en colima\u00e7on.<\/p>\n<p>Les visiteurs sont r\u00e9compens\u00e9s par une vue magnifique sur Prague et la r\u00e9gion au sens large.<\/p>\n<ul>\n<li><strong>Adresse : Petrin H\u00fcgel,&nbsp; <\/strong><strong>Mal\u00e1 Strana, 118 00 Prague<\/strong><\/li>\n<\/ul>\n<h2 id=\"t-1670487494366\">4. Balcon de l&rsquo;ancien palais royal dans le ch\u00e2teau<\/h2>\n<p><span><img decoding=\"async\" alt=\"Balcon Vieux Palais Royal dans le Ch\u00e2teau, Prague, R\u00e9publique Tch\u00e8que\" data-id=\"1353\" width=\"702\" data-init-width=\"1000\" height=\"468\" data-init-height=\"667\" title=\"Balcon Vieux Palais Royal dans le Ch\u00e2teau, Prague, R\u00e9publique Tch\u00e8que\" loading=\"lazy\" src=\"http:\/\/praguetouristinformation.com\/wp-content\/uploads\/2020\/11\/Balkon-Alter-Koenigspalast-in-der-Burg.jpg\" data-width=\"702\" data-height=\"468\" data-pin-media=\"http:\/\/praguetouristinformation.com\/wp-content\/uploads\/2021\/01\/15.jpg\" data-pin-description=\"12 Meilleurs points de vue \u00e0 Prague [avec carte] - 2022\" data-pin-url=\"https:\/\/praguetouristinformation.com\/fr\/choses-a-faire\/points-de-vue?tve=true&amp;tcbf=4acad60f38\" data-pinpro-key=\"jl0gpy20s\" style=\"aspect-ratio: auto 1000 \/ 667;\"><\/span><\/p>\n<p>L&rsquo;Ancien Palais Royal fait partie du <a data-id=\"738\" data-type=\"page\" href=\"https:\/\/praguetouristinformation.com\/fr\/choses-a-faire\/chateau\" style=\"outline: none;\">Ch\u00e2teau de Prague<\/a> . Son entr\u00e9e se trouve du c\u00f4t\u00e9 est de la troisi\u00e8me cour.<\/p>\n<p>Depuis le balcon panoramique du c\u00f4t\u00e9 sud de la salle Vladislav, la salle la plus magnifique de l&rsquo;ancien palais royal, il y a une belle vue sur le jardin du ch\u00e2teau et Prague. La salle Vladislav est sortie par l&rsquo;escalier \u00e9questre, qui \u00e9tait \u00e0 l&rsquo;origine utilis\u00e9 dans les tournois de chevaliers pour les chevaliers entrant directement dans la salle.<\/p>\n<ul>\n<li><strong>Adresse&nbsp;: Alter K\u00f6nigspalast, Troisi\u00e8me Cour du <\/strong><strong>Ch\u00e2teau de Prague 48\/2, 119 00 Prague<\/strong><\/li>\n<\/ul>\n<h2 id=\"t-1670487494367\">5. Parc Hanavsk\u00fd-Pavillon im Letna<\/h2>\n<p><span><img decoding=\"async\" alt=\"Parc Hanavsk\u00fd-Pavillon im Letna, Prague, R\u00e9publique tch\u00e8que\" data-id=\"1354\" width=\"702\" data-init-width=\"1000\" height=\"468\" data-init-height=\"667\" title=\"Parc Hanavsk\u00fd-Pavillon im Letna, Prague, R\u00e9publique tch\u00e8que\" loading=\"lazy\" src=\"http:\/\/praguetouristinformation.com\/wp-content\/uploads\/2020\/11\/Hanavsky-Pavillon-im-Letna-Park.jpg\" data-width=\"702\" data-height=\"468\" data-pin-media=\"http:\/\/praguetouristinformation.com\/wp-content\/uploads\/2021\/01\/15.jpg\" data-pin-description=\"12 Meilleurs points de vue \u00e0 Prague [avec carte] - 2022\" data-pin-url=\"https:\/\/praguetouristinformation.com\/fr\/choses-a-faire\/points-de-vue?tve=true&amp;tcbf=4acad60f38\" data-pinpro-key=\"nqhggvbpw\" style=\"aspect-ratio: auto 1000 \/ 667;\"><\/span><\/p>\n<p>En 1891, le pavillon Hanavsk\u00fd du parc Letna, l&rsquo;un des <a data-id=\"727\" data-type=\"page\" href=\"https:\/\/praguetouristinformation.com\/fr\/choses-a-faire\/parcs\" style=\"outline: none;\">nombreux parcs de Prague<\/a> , a \u00e9t\u00e9 con\u00e7u pour l&rsquo;exposition du Jubil\u00e9 de Prague. La construction en fonte Art nouveau abrite aujourd&rsquo;hui un restaurant de luxe.<\/p>\n<p>Ici, vous pouvez voir le panorama classique des cinq ponts sur la Vltava. La vue sur la rivi\u00e8re d&rsquo;ici est l&rsquo;une des plus belles de toute la ville.<\/p>\n<ul>\n<li><strong>Adresse :&nbsp; <\/strong><strong>Parc Letn\u00e1, Hole\u0161ovice, 170 00 Prague<\/strong><\/li>\n<\/ul>\n<h2 id=\"t-1670487494368\">6. Pulverturm<\/h2>\n<p><span><img decoding=\"async\" alt=\"Pulverturm, Prague, R\u00e9publique tch\u00e8que\" data-id=\"1355\" width=\"702\" data-init-width=\"1000\" height=\"468\" data-init-height=\"667\" title=\"Pulverturm, Prague, R\u00e9publique tch\u00e8que\" loading=\"lazy\" src=\"http:\/\/praguetouristinformation.com\/wp-content\/uploads\/2020\/11\/Pulverturm.jpg\" data-width=\"702\" data-height=\"468\" data-pin-media=\"http:\/\/praguetouristinformation.com\/wp-content\/uploads\/2021\/01\/15.jpg\" data-pin-description=\"12 Meilleurs points de vue \u00e0 Prague [avec carte] - 2022\" data-pin-url=\"https:\/\/praguetouristinformation.com\/fr\/choses-a-faire\/points-de-vue?tve=true&amp;tcbf=4acad60f38\" data-pinpro-key=\"6z8tnzj8s\" style=\"aspect-ratio: auto 1000 \/ 667;\"><\/span><\/p>\n<p><a data-id=\"594\" data-type=\"page\" href=\"https:\/\/praguetouristinformation.com\/fr\/choses-a-faire\/vieille-ville\/tour-poudriere\" style=\"outline: none;\">La tour poudri\u00e8re<\/a> d&rsquo;environ 65 m\u00e8tres de haut faisait partie des murs de la ville de Prague et est aujourd&rsquo;hui l&rsquo;un des points de vue les plus populaires de <a data-id=\"742\" data-type=\"page\" href=\"https:\/\/praguetouristinformation.com\/fr\/choses-a-faire\/vieille-ville\" style=\"outline: none;\">la vieille ville de Prague<\/a> . \u00c0 une hauteur de 44 m\u00e8tres, il y a une terrasse d&rsquo;observation qui offre une vue impressionnante sur la vieille ville de Prague.<\/p>\n<p>Il n&rsquo;y a pas d&rsquo;ascenseur, 186 marches, dont certaines tr\u00e8s raides, de l&rsquo;escalier en colima\u00e7on datant de 1592 m\u00e8nent \u00e0 la plate-forme d&rsquo;observation.<\/p>\n<ul>\n<li><strong>Adresse&nbsp;: Pulverturm, N\u00e1m. Republiky 5, 110 00 Star\u00e9 Mesto, Prague<\/strong><\/li>\n<\/ul>\n<h2 id=\"t-1670487494369\">7. Moldauufer von der Station Karlovy l\u00e1zn\u011b<\/h2>\n<p><span><img decoding=\"async\" alt=\"Gare de Moldaufer von der Karlovy l\u00e1zn\u011b, Prague, R\u00e9publique tch\u00e8que\" data-id=\"1356\" width=\"702\" data-init-width=\"1000\" height=\"468\" data-init-height=\"667\" title=\"Gare de Moldaufer von der Karlovy l\u00e1zn\u011b, Prague, R\u00e9publique tch\u00e8que\" loading=\"lazy\" src=\"http:\/\/praguetouristinformation.com\/wp-content\/uploads\/2020\/11\/Moldauufer-von-der-Station-Karlovy-lazne.jpg\" data-width=\"702\" data-height=\"468\" data-pin-media=\"http:\/\/praguetouristinformation.com\/wp-content\/uploads\/2021\/01\/15.jpg\" data-pin-description=\"12 Meilleurs points de vue \u00e0 Prague [avec carte] - 2022\" data-pin-url=\"https:\/\/praguetouristinformation.com\/fr\/choses-a-faire\/points-de-vue?tve=true&amp;tcbf=4acad60f38\" data-pinpro-key=\"fna0yagjc\" style=\"aspect-ratio: auto 1000 \/ 667;\"><\/span><\/p>\n<p>L&rsquo;arr\u00eat de tram s&rsquo;appelle Karlovy L\u00e1zn\u011b et est desservi par les lignes 17 et 18. De l\u00e0, il n&rsquo;y a que quelques minutes jusqu&rsquo;aux rives de la Vltava. Ici, le client a une vue magnifique sur la Vltava et le <a data-id=\"664\" data-type=\"page\" href=\"https:\/\/praguetouristinformation.com\/fr\/choses-a-faire\/le-pont-charles\" style=\"outline: none;\">pont Charles<\/a> avec le ch\u00e2teau de Prague en arri\u00e8re-plan.<\/p>\n<p>Si vous \u00eates int\u00e9ress\u00e9 par la <a data-id=\"780\" data-type=\"page\" href=\"https:\/\/praguetouristinformation.com\/fr\/prague-la-nuit\" style=\"outline: none;\">vie nocturne<\/a> de Prague , le plus grand club d&rsquo;Europe centrale, qui joue un type de musique diff\u00e9rent sur cinq \u00e9tages, s&rsquo;appelle Karlovy L\u00e1zn\u011b et est \u00e9galement situ\u00e9 ici directement sur la Vltava.<\/p>\n<ul>\n<li><strong>Adresse : Karlovy l\u00e1zn\u011b <\/strong><strong>, Novotn\u00e9ho l\u00e1vka 198\/13, Star\u00e9 M\u011bsto, 110 00 Prague<\/strong><\/li>\n<\/ul>\n<h2 id=\"t-1670487494370\">8. Alluvions<\/h2>\n<p><span><img decoding=\"async\" alt=\"Naplavka, Prague, R\u00e9publique tch\u00e8que\" data-id=\"1357\" width=\"702\" data-init-width=\"1000\" height=\"468\" data-init-height=\"667\" title=\"Naplavka, Prague, R\u00e9publique tch\u00e8que\" loading=\"lazy\" src=\"http:\/\/praguetouristinformation.com\/wp-content\/uploads\/2020\/11\/Naplavka.jpg\" data-width=\"702\" data-height=\"468\" data-pin-media=\"http:\/\/praguetouristinformation.com\/wp-content\/uploads\/2021\/01\/15.jpg\" data-pin-description=\"12 Meilleurs points de vue \u00e0 Prague [avec carte] - 2022\" data-pin-url=\"https:\/\/praguetouristinformation.com\/fr\/choses-a-faire\/points-de-vue?tve=true&amp;tcbf=4acad60f38\" data-pinpro-key=\"1w73ju75q\" style=\"aspect-ratio: auto 1000 \/ 667;\"><\/span><\/p>\n<p>Pr\u00e8s du <a data-id=\"746\" data-type=\"page\" href=\"https:\/\/praguetouristinformation.com\/fr\/choses-a-faire\/musees\/kafka\" style=\"outline: none;\">mus\u00e9e Kafka<\/a> se trouve Naplavka, un quai sur la rivi\u00e8re Vltava qui est devenu une promenade populaire dans la ville. Un march\u00e9 fermier s&rsquo;y tient le samedi.<\/p>\n<p>Les nombreux cygnes qui gambadent sur la Naplavka sont un motif photographique tout aussi attrayant que la vue fantastique sur la Vltava.<\/p>\n<ul>\n<li><strong>Adresse&nbsp;: N\u00e1plavka, Ra\u0161\u00ednovo n\u00e1b\u0159e\u017e\u00ed, Nov\u00e9 M\u011bsto, 120 00 Prague<\/strong><\/li>\n<\/ul>\n<h2 id=\"t-1670487494371\">9. Mus\u00e9e national vers la place Venceslas<\/h2>\n<p><span><img decoding=\"async\" alt=\"Mus\u00e9e national vers la place Venceslas, Prague, R\u00e9publique Tch\u00e8que\" data-id=\"1360\" width=\"702\" data-init-width=\"1000\" height=\"468\" data-init-height=\"667\" title=\"Mus\u00e9e national vers la place Venceslas, Prague, R\u00e9publique Tch\u00e8que\" loading=\"lazy\" src=\"http:\/\/praguetouristinformation.com\/wp-content\/uploads\/2020\/11\/Nationalmuseum-Richtung-Wenzelsplatz.jpg\" data-width=\"702\" data-height=\"468\" data-pin-media=\"http:\/\/praguetouristinformation.com\/wp-content\/uploads\/2021\/01\/15.jpg\" data-pin-description=\"12 Meilleurs points de vue \u00e0 Prague [avec carte] - 2022\" data-pin-url=\"https:\/\/praguetouristinformation.com\/fr\/choses-a-faire\/points-de-vue?tve=true&amp;tcbf=4acad60f38\" data-pinpro-key=\"4b5e312rq\" style=\"aspect-ratio: auto 1000 \/ 667;\"><\/span><\/p>\n<p>Le b\u00e2timent historique du <a data-id=\"654\" data-type=\"page\" href=\"https:\/\/praguetouristinformation.com\/fr\/choses-a-faire\/musees\/national\" style=\"outline: none;\">Mus\u00e9e national<\/a> tch\u00e8que sur la <a data-id=\"662\" data-type=\"page\" href=\"https:\/\/praguetouristinformation.com\/fr\/choses-a-faire\/vieille-ville\/place-venceslas\" style=\"outline: none;\">place Venceslas<\/a> est l\u00e9g\u00e8rement sur\u00e9lev\u00e9. Le b\u00e2timent attire le regard par sa monumentalit\u00e9, la fa\u00e7ade de plus de 100 m\u00e8tres de long est accessible par une rampe. En haut de l&rsquo;escalier menant au Mus\u00e9e national, il y a une belle vue sur la place Venceslas.<\/p>\n<p>Jan Palach a march\u00e9 de ces escaliers jusqu&rsquo;\u00e0 la place Venceslas en tant que torche humaine en janvier 1969.<\/p>\n<ul>\n<li><strong>Adresse : Place Venceslas 68, 110 00 Nov\u00e9 Mesto, Prague<\/strong><\/li>\n<\/ul>\n<h2 id=\"t-1670487494372\">10. Vysehrad direction Vltava<\/h2>\n<p><span><img decoding=\"async\" alt=\"Vysehrad direction Vltava, Prague, R\u00e9publique tch\u00e8que\" data-id=\"1361\" width=\"702\" data-init-width=\"1000\" height=\"468\" data-init-height=\"667\" title=\"Vysehrad direction Vltava, Prague, R\u00e9publique tch\u00e8que\" loading=\"lazy\" src=\"http:\/\/praguetouristinformation.com\/wp-content\/uploads\/2020\/11\/Vysehrad-Richtung-Moldau.jpg\" data-width=\"702\" data-height=\"468\" data-pin-media=\"http:\/\/praguetouristinformation.com\/wp-content\/uploads\/2021\/01\/15.jpg\" data-pin-description=\"12 Meilleurs points de vue \u00e0 Prague [avec carte] - 2022\" data-pin-url=\"https:\/\/praguetouristinformation.com\/fr\/choses-a-faire\/points-de-vue?tve=true&amp;tcbf=4acad60f38\" data-pinpro-key=\"yrkgmqwow\" style=\"aspect-ratio: auto 1000 \/ 667;\"><\/span><\/p>\n<p><a data-id=\"721\" data-type=\"page\" href=\"https:\/\/praguetouristinformation.com\/fr\/choses-a-faire\/vysehrad\" style=\"outline: none;\">Vysehrad,<\/a> \u00e9galement connue sous le nom de forteresse de Prague, est situ\u00e9e au sud de la nouvelle ville de Prague, sur une colline qui s&rsquo;\u00e9l\u00e8ve abruptement au-dessus de la rive droite de la rivi\u00e8re Vltava. C&rsquo;est l&rsquo;un des remparts de ch\u00e2teau les plus c\u00e9l\u00e8bres du d\u00e9but du Moyen \u00c2ge en Boh\u00eame.<\/p>\n<p>Il y a une belle vue sur Prague d&rsquo;ici.<\/p>\n<ul>\n<li><strong>Adresse : Ch\u00e2teau haut de Prague,&nbsp; <\/strong><strong>Vy\u0161ehrad, 128 00 Prague<\/strong><\/li>\n<\/ul>\n<h2 id=\"t-1670487494373\">11. Terrasse U Prince<\/h2>\n<p><span><img decoding=\"async\" alt=\"Terasa U Prince, Prague, R\u00e9publique tch\u00e8que\" data-id=\"1362\" width=\"702\" data-init-width=\"1000\" height=\"468\" data-init-height=\"667\" title=\"Terasa U Prince, Prague, R\u00e9publique tch\u00e8que\" loading=\"lazy\" src=\"http:\/\/praguetouristinformation.com\/wp-content\/uploads\/2020\/11\/Terasa-U-Prince.jpg\" data-width=\"702\" data-height=\"468\" data-pin-media=\"http:\/\/praguetouristinformation.com\/wp-content\/uploads\/2021\/01\/15.jpg\" data-pin-description=\"12 Meilleurs points de vue \u00e0 Prague [avec carte] - 2022\" data-pin-url=\"https:\/\/praguetouristinformation.com\/fr\/choses-a-faire\/points-de-vue?tve=true&amp;tcbf=4acad60f38\" data-pinpro-key=\"yp6kznrnu\" style=\"aspect-ratio: auto 1000 \/ 667;\"><\/span><\/p>\n<p>Le caf\u00e9 sur le toit est situ\u00e9 sur le toit de l&rsquo;h\u00f4tel U Price et offre une vue fantastique sur Prague. L&rsquo; <a data-id=\"625\" data-type=\"page\" href=\"https:\/\/praguetouristinformation.com\/fr\/choses-a-faire\/vieille-ville\/horloge-astronomique\" style=\"outline: none;\">horloge astronomique<\/a> sur la tour de l&rsquo; <a data-id=\"628\" data-type=\"page\" href=\"https:\/\/praguetouristinformation.com\/fr\/choses-a-faire\/vieille-ville\/ancien-hotel-de-ville\" style=\"outline: none;\">ancien h\u00f4tel<\/a> de ville d&rsquo;un c\u00f4t\u00e9, le ch\u00e2teau de Prague de l&rsquo;autre, la vue panoramique est difficile \u00e0 battre.<\/p>\n<p>Le Terasa U Prince est ouvert au public et pas seulement r\u00e9serv\u00e9 aux clients de l&rsquo;h\u00f4tel.<\/p>\n<ul>\n<li><strong>Adresse : H\u00f4tel U Prince, Starom\u011bstsk\u00e9 n\u00e1m. 29, Vieille Ville, 110 00 Prague<\/strong><\/li>\n<\/ul>\n<h2 id=\"t-1670487494374\">12. Tour du pont de la petite ville<\/h2>\n<p><span><img decoding=\"async\" alt=\"Tour du pont de la petite ville, Prague, R\u00e9publique tch\u00e8que\" data-id=\"1363\" width=\"702\" data-init-width=\"1000\" height=\"468\" data-init-height=\"667\" title=\"Tour du pont de la petite ville, Prague, R\u00e9publique tch\u00e8que\" loading=\"lazy\" src=\"http:\/\/praguetouristinformation.com\/wp-content\/uploads\/2020\/11\/Kleinseitner-Brueckenturm.jpg\" data-width=\"702\" data-height=\"468\" data-pin-media=\"http:\/\/praguetouristinformation.com\/wp-content\/uploads\/2021\/01\/15.jpg\" data-pin-description=\"12 Meilleurs points de vue \u00e0 Prague [avec carte] - 2022\" data-pin-url=\"https:\/\/praguetouristinformation.com\/fr\/choses-a-faire\/points-de-vue?tve=true&amp;tcbf=4acad60f38\" data-pinpro-key=\"h8hsov2fc\" style=\"aspect-ratio: auto 1000 \/ 667;\"><\/span><\/p>\n<p>La tour du pont de la ville basse sur le <a data-id=\"664\" data-type=\"page\" href=\"https:\/\/praguetouristinformation.com\/fr\/choses-a-faire\/le-pont-charles\" style=\"outline: none;\">pont Charles<\/a> est reli\u00e9e \u00e0 l&rsquo;ancienne tour Judith par une porte et forme l&rsquo;entr\u00e9e du pont Charles depuis <a data-id=\"740\" data-type=\"page\" href=\"https:\/\/praguetouristinformation.com\/fr\/choses-a-faire\/petite-ville\" style=\"outline: none;\">la ville basse<\/a> .<\/p>\n<p>La tour mesure 45 m\u00e8tres de haut et peut \u00eatre escalad\u00e9e. Le belv\u00e9d\u00e8re mesure 26 m\u00e8tres de haut et offre une vue magnifique sur la Vltava et la ville.<\/p>\n<ul>\n<li><strong>Adresse : Karlsbr\u00fccke,&nbsp; <\/strong><strong>Pont Charles, 110 00 Prague<\/strong><\/li>\n<\/ul>\n<p style=\"text-align: center;\"><a href=\"https:\/\/www.google.com\/maps\/d\/u\/1\/viewer?hl=en&amp;mid=1XyBMGolvsarwYZ1LBZWrQV2WZlQ7L_7U&amp;ll=50.07901632265927%2C14.411436250000008&amp;z=14\" target=\"_blank\" style=\"outline: none;\" rel=\"noopener\">(lien vers la carte)<\/a><\/p>\n","protected":false},"excerpt":{"rendered":"<p>Quels points de vue y a-t-il \u00e0 Prague ? Voici notre r\u00e9ponse avec les plus belles vues sur la Vieille Ville, les environs et la zone m\u00e9tropolitaine de Prague. Cela inclut la vue depuis les sites classiques de Prague ainsi que la vue de Prague juste \u00e0 l&rsquo;ext\u00e9rieur de la ville. Prague Visitor Pass Le [&hellip;]<\/p>\n","protected":false},"author":6,"featured_media":1347,"parent":247,"menu_order":0,"comment_status":"closed","ping_status":"closed","template":"","meta":{"footnotes":""},"categories":[],"tags":[20,19],"class_list":["post-713","page","type-page","status-publish","has-post-thumbnail","hentry","tag-featured","tag-sehenswuerdigkeiten","post-wrapper","thrv_wrapper"],"_links":{"self":[{"href":"https:\/\/praguetouristinformation.com\/fr\/wp-json\/wp\/v2\/pages\/713","targetHints":{"allow":["GET"]}}],"collection":[{"href":"https:\/\/praguetouristinformation.com\/fr\/wp-json\/wp\/v2\/pages"}],"about":[{"href":"https:\/\/praguetouristinformation.com\/fr\/wp-json\/wp\/v2\/types\/page"}],"author":[{"embeddable":true,"href":"https:\/\/praguetouristinformation.com\/fr\/wp-json\/wp\/v2\/users\/6"}],"replies":[{"embeddable":true,"href":"https:\/\/praguetouristinformation.com\/fr\/wp-json\/wp\/v2\/comments?post=713"}],"version-history":[{"count":1,"href":"https:\/\/praguetouristinformation.com\/fr\/wp-json\/wp\/v2\/pages\/713\/revisions"}],"predecessor-version":[{"id":4934,"href":"https:\/\/praguetouristinformation.com\/fr\/wp-json\/wp\/v2\/pages\/713\/revisions\/4934"}],"up":[{"embeddable":true,"href":"https:\/\/praguetouristinformation.com\/fr\/wp-json\/wp\/v2\/pages\/247"}],"wp:featuredmedia":[{"embeddable":true,"href":"https:\/\/praguetouristinformation.com\/fr\/wp-json\/wp\/v2\/media\/1347"}],"wp:attachment":[{"href":"https:\/\/praguetouristinformation.com\/fr\/wp-json\/wp\/v2\/media?parent=713"}],"wp:term":[{"taxonomy":"category","embeddable":true,"href":"https:\/\/praguetouristinformation.com\/fr\/wp-json\/wp\/v2\/categories?post=713"},{"taxonomy":"post_tag","embeddable":true,"href":"https:\/\/praguetouristinformation.com\/fr\/wp-json\/wp\/v2\/tags?post=713"}],"curies":[{"name":"wp","href":"https:\/\/api.w.org\/{rel}","templated":true}]}}