{"id":692,"date":"2020-10-12T14:35:31","date_gmt":"2020-10-12T14:35:31","guid":{"rendered":"http:\/\/praguetouristinformation.com\/?page_id=692"},"modified":"2023-05-04T12:36:51","modified_gmt":"2023-05-04T12:36:51","slug":"rosenberg","status":"publish","type":"page","link":"https:\/\/praguetouristinformation.com\/fr\/choses-a-faire\/chateau\/rosenberg","title":{"rendered":"Guide du palais de Rosenberg\u00a0: Exposition, billets et histoire"},"content":{"rendered":"<h3 id=\"t-1670604451212\">Le Palais Rosenberg du Ch\u00e2teau de Prague est un ancien monast\u00e8re de femmes nobles.<\/h3>\n<p>Fond\u00e9 \u00e0 la demande de l&rsquo;imp\u00e9ratrice Marie-Th\u00e9r\u00e8se, le monast\u00e8re \u00e9tait d\u00e9di\u00e9 \u00e0 l&rsquo;\u00e9ducation des filles de familles aristocratiques \u00e2g\u00e9es de plus de 23 ans.<\/p>\n<p>Dans ce guide du palais de Rosenberg, vous apprendrez tout sur les sites touristiques, l&rsquo;histoire et des informations utiles sur la fa\u00e7on de s&rsquo;y rendre, les billets et les visites.<\/p>\n<h2 id=\"t-1670604451213\">Que puis-je faire \u00e0 Ch\u00e2teau de Rosenberg ?<\/h2>\n<p><span><img decoding=\"async\" alt=\"\" data-id=\"4130\" width=\"735\" data-init-width=\"1000\" height=\"490\" data-init-height=\"667\" title=\"Palais Rosenberg Prague R\u00e9publique Tch\u00e8que\" loading=\"lazy\" src=\"http:\/\/praguetouristinformation.com\/wp-content\/uploads\/2022\/12\/Rosenberg-Palace-Prague-Czech-Republic.jpg\" data-width=\"735\" data-height=\"490\" data-pin-media=\"http:\/\/praguetouristinformation.com\/wp-content\/uploads\/2021\/03\/prag_juedisches_viertel_pinterest-2.jpg\" data-pin-description=\"Der Rosenberg Palast in Prag\" data-pin-url=\"https:\/\/praguetouristinformation.com\/fr\/choses-a-faire\/chateau\/rosenberg?tve=true&amp;tcbf=653ee5414e\" data-pinpro-key=\"jx971be9y\"><\/span><\/p>\n<p>Le palais de Rosenberg, qui a \u00e9t\u00e9 construit par la famille noble de Rosenberg au XVIe si\u00e8cle, servait autrefois de monast\u00e8re pour les dames nobles.<\/p>\n<h3><span style=\"color: var(--tcb-skin-color-4); font-family: Literata; font-size: 24px; font-weight: var(--g-bold-weight,bold);\">exposition permanente<\/span><\/h3>\n<p>Aujourd&rsquo;hui, les visiteurs peuvent visiter les salles du palais Renaissance dans l&rsquo;exposition permanente. \u00c9tant donn\u00e9 que le palais n&rsquo;a gu\u00e8re chang\u00e9 depuis sa transformation en monast\u00e8re, il offre un aper\u00e7u int\u00e9ressant de l&rsquo;ancien monast\u00e8re des femmes et se distingue parmi les curiosit\u00e9s de <a data-id=\"247\" data-type=\"page\" href=\"https:\/\/praguetouristinformation.com\/fr\/choses-a-faire\" style=\"outline: none;\">Prague .<\/a><\/p>\n<p>Les chambres des filles nobles, qui \u00e9taient log\u00e9es au 1er et 2\u00e8me \u00e9tage du palais, se visitent. L&rsquo;appartement de l&rsquo;abbesse, les pi\u00e8ces sociales, la salle capitulaire, le ch\u0153ur et les locaux \u00e9conomiques formaient une autre partie.<\/p>\n<p>A voir particuli\u00e8rement la chapelle baroque de la Sainte Trinit\u00e9 et l&rsquo;Immacul\u00e9e Conception de la Vierge Marie. De magnifiques peintures murales de Josef Hager et Jan Petr Molitor ornent l&rsquo;\u00e9glise.<\/p>\n<p>La pi\u00e8ce ma\u00eetresse est la magnifique salle Rosenberg reconstruite, qui date de la Renaissance.<\/p>\n<h2 id=\"t-1670604451214\">Entr\u00e9e, billets et visites guid\u00e9es<\/h2>\n<ul>\n<li><strong>Billets&nbsp;:&nbsp;<\/strong> l&rsquo;entr\u00e9e est incluse dans la visite du ch\u00e2teau de Prague&nbsp;A.<\/li>\n<li><strong>Visites guid\u00e9es&nbsp;:<\/strong> la visite guid\u00e9e du ch\u00e2teau de Prague A comprend les attractions suivantes&nbsp;: l&rsquo;ancien palais royal, l&rsquo;exposition sur l&rsquo;histoire du ch\u00e2teau de Prague, la basilique Saint-Georges, la ruelle d&rsquo;or, la cath\u00e9drale Saint-Guy, le palais de Rosenberg<\/li>\n<li><strong>Astuce :<\/strong> Comme il y a toujours une affluence importante devant les guichets sur place, il est conseill\u00e9 d&rsquo;acheter un billet en ligne \u00e0 l&rsquo;avance. Vous pouvez en savoir plus sur les billets <a href=\"https:\/\/www.hrad.cz\/de\/prager-burg-fur-besucher\/eintrittskarten\" target=\"_blank\" rel=\"noopener\">ici<\/a> .<\/li>\n<li><strong>Remarque :<\/strong> il y a un contr\u00f4le de s\u00e9curit\u00e9 \u00e0 l&rsquo;entr\u00e9e du parc du ch\u00e2teau de Prague, auquel tous les visiteurs doivent se soumettre.<\/li>\n<\/ul>\n<h2 id=\"t-1670604451215\">Comment se rendre au ch\u00e2teau de Rosenberg ?<\/h2>\n<p>Le palais Rosenberg est situ\u00e9 dans <a href=\"https:\/\/praguetouristinformation.com\/fr\/choses-a-faire\/chateau\" style=\"outline: none;\">le ch\u00e2teau de Prague<\/a> , qui se dresse sur une colline au centre de Prague. Le palais est situ\u00e9 au sud-est du ch\u00e2teau de Prague.<\/p>\n<p>Le moyen le plus simple de se rendre au ch\u00e2teau est de prendre <a data-id=\"775\" data-type=\"page\" href=\"https:\/\/praguetouristinformation.com\/fr\/plan\/transports-en-commun\" style=\"outline: none;\">les transports en commun<\/a> , en empruntant la ligne 22 du tramway. Cela vous emm\u00e8ne de la vieille ville \u00e0 l&rsquo;arr\u00eat \u00ab\u00a0Pra\u017esk\u00fd hrad\u00a0\u00bb (Ch\u00e2teau de Prague).<\/p>\n<p><span style=\"color: var(--tcb-skin-color-4); font-family: Literata; font-size: 26px; font-weight: var(--g-bold-weight,bold);\">Histoire du Palais Rosenberg<\/span><\/p>\n<p><span><img decoding=\"async\" alt=\"\" data-id=\"4131\" width=\"735\" data-init-width=\"1000\" height=\"490\" data-init-height=\"667\" title=\"Palais Rosenberg Prague R\u00e9publique Tch\u00e8que\" loading=\"lazy\" src=\"http:\/\/praguetouristinformation.com\/wp-content\/uploads\/2022\/12\/Rosenberg-Palace-Prague-Czech-Republic1.jpg\" data-width=\"735\" data-height=\"490\" data-pin-media=\"http:\/\/praguetouristinformation.com\/wp-content\/uploads\/2021\/03\/prag_juedisches_viertel_pinterest-2.jpg\" data-pin-description=\"Der Rosenberg Palast in Prag\" data-pin-url=\"https:\/\/praguetouristinformation.com\/fr\/choses-a-faire\/chateau\/rosenberg?tve=true&amp;tcbf=653ee5414e\" data-pinpro-key=\"1qcjj6ese\"><\/span><\/p>\n<p>L&rsquo;histoire du palais de Rosenberg remonte au 14\u00e8me si\u00e8cle alors qu&rsquo;il y avait d\u00e9j\u00e0 quelques maisons sur le site.<\/p>\n<p>Apr\u00e8s un incendie d\u00e9vastateur en 1541, au cours duquel le ch\u00e2teau de Prague a br\u00fbl\u00e9, ces maisons ont \u00e9galement \u00e9t\u00e9 gravement endommag\u00e9es. En cons\u00e9quence, les seigneurs de Rosenberg firent construire un impressionnant palais de style Renaissance entre 1545 et 1574.<\/p>\n<p>Au d\u00e9but du XVIIe si\u00e8cle, l&#8217;empereur Rodolphe II acheta le palais magnifiquement meubl\u00e9 et le fit relier au palais royal adjacent.<\/p>\n<p>Apr\u00e8s que l&rsquo;imp\u00e9ratrice Marie-Th\u00e9r\u00e8se ait fond\u00e9 le monast\u00e8re pour les dames nobles en 1753, elle a fait remodeler la r\u00e9sidence. Environ 30 femmes pouvaient vivre dans le monast\u00e8re, qui \u00e9tait destin\u00e9 aux filles de familles nobles \u00e2g\u00e9es de plus de 24 ans.<\/p>\n<p>Une archiduchesse c\u00e9libataire de la famille Habsbourg-Lorraine, qui portait le titre d&rsquo;abbesse, en prit la direction. La premi\u00e8re abbesse \u00e9tait l&rsquo;archiduchesse Maria Anna, fille de l&rsquo;imp\u00e9ratrice Marie-Th\u00e9r\u00e8se.&nbsp;<\/p>\n<p>Apr\u00e8s la fin de la Premi\u00e8re Guerre mondiale, le monast\u00e8re a \u00e9t\u00e9 dissous et a appartenu au minist\u00e8re de l&rsquo;Int\u00e9rieur jusqu&rsquo;en 1990. De 1996 \u00e0 2007, le palais de Rosenberg a \u00e9t\u00e9 reconstruit. Depuis 2010, le palais a brill\u00e9 dans son ancienne gloire et est \u00e0 nouveau ouvert au public dans le cadre de la visite du Ch\u00e2teau de Prague A.<\/p>\n<h2 id=\"t-1670604451217\">Contacter<\/h2>\n<ul>\n<li><strong>Adresse :&nbsp;<\/strong> Rosenberg Palast, Ch\u00e2teau de Prague, 119 01 Prague 1 \u2013 Hrad\u010dany<\/li>\n<li><strong>Transports publics :<\/strong> tram ligne 22 jusqu&rsquo;\u00e0 \u00ab\u00a0Pra\u017esk\u00fd hrad\u00a0\u00bb<\/li>\n<li><strong>Horaires d&rsquo;ouverture<\/strong> : Pour les horaires d&rsquo;ouverture du Palais de Rosenberg, consultez le <a href=\"https:\/\/www.hrad.cz\/de\/prager-burg-fur-besucher\/offnungszeiten\" target=\"_blank\" style=\"outline: none;\" rel=\"noopener\">site Internet<\/a> du Ch\u00e2teau de Prague .<\/li>\n<\/ul>\n","protected":false},"excerpt":{"rendered":"<p>Le Palais Rosenberg du Ch\u00e2teau de Prague est un ancien monast\u00e8re de femmes nobles. Fond\u00e9 \u00e0 la demande de l&rsquo;imp\u00e9ratrice Marie-Th\u00e9r\u00e8se, le monast\u00e8re \u00e9tait d\u00e9di\u00e9 \u00e0 l&rsquo;\u00e9ducation des filles de familles aristocratiques \u00e2g\u00e9es de plus de 23 ans. Dans ce guide du palais de Rosenberg, vous apprendrez tout sur les sites touristiques, l&rsquo;histoire et des [&hellip;]<\/p>\n","protected":false},"author":6,"featured_media":1751,"parent":738,"menu_order":0,"comment_status":"closed","ping_status":"closed","template":"","meta":{"footnotes":""},"categories":[],"tags":[22,19],"class_list":["post-692","page","type-page","status-publish","has-post-thumbnail","hentry","tag-museum","tag-sehenswuerdigkeiten","post-wrapper","thrv_wrapper"],"_links":{"self":[{"href":"https:\/\/praguetouristinformation.com\/fr\/wp-json\/wp\/v2\/pages\/692","targetHints":{"allow":["GET"]}}],"collection":[{"href":"https:\/\/praguetouristinformation.com\/fr\/wp-json\/wp\/v2\/pages"}],"about":[{"href":"https:\/\/praguetouristinformation.com\/fr\/wp-json\/wp\/v2\/types\/page"}],"author":[{"embeddable":true,"href":"https:\/\/praguetouristinformation.com\/fr\/wp-json\/wp\/v2\/users\/6"}],"replies":[{"embeddable":true,"href":"https:\/\/praguetouristinformation.com\/fr\/wp-json\/wp\/v2\/comments?post=692"}],"version-history":[{"count":0,"href":"https:\/\/praguetouristinformation.com\/fr\/wp-json\/wp\/v2\/pages\/692\/revisions"}],"up":[{"embeddable":true,"href":"https:\/\/praguetouristinformation.com\/fr\/wp-json\/wp\/v2\/pages\/738"}],"wp:featuredmedia":[{"embeddable":true,"href":"https:\/\/praguetouristinformation.com\/fr\/wp-json\/wp\/v2\/media\/1751"}],"wp:attachment":[{"href":"https:\/\/praguetouristinformation.com\/fr\/wp-json\/wp\/v2\/media?parent=692"}],"wp:term":[{"taxonomy":"category","embeddable":true,"href":"https:\/\/praguetouristinformation.com\/fr\/wp-json\/wp\/v2\/categories?post=692"},{"taxonomy":"post_tag","embeddable":true,"href":"https:\/\/praguetouristinformation.com\/fr\/wp-json\/wp\/v2\/tags?post=692"}],"curies":[{"name":"wp","href":"https:\/\/api.w.org\/{rel}","templated":true}]}}