{"id":690,"date":"2020-10-08T12:37:18","date_gmt":"2020-10-08T12:37:18","guid":{"rendered":"http:\/\/praguetouristinformation.com\/?page_id=690"},"modified":"2023-05-04T12:35:18","modified_gmt":"2023-05-04T12:35:18","slug":"basilique-saint-georges","status":"publish","type":"page","link":"https:\/\/praguetouristinformation.com\/fr\/choses-a-faire\/chateau\/basilique-saint-georges","title":{"rendered":"Guide de la Basilique Saint-Georges du Ch\u00e2teau de Prague : infos, histoire, billets"},"content":{"rendered":"<h3 id=\"t-1670573997944\">La basilique Saint-Georges de 920 est la deuxi\u00e8me plus ancienne \u00e9glise de Prague.<\/h3>\n<p><span style=\"color: var(--tcb-skin-color-4); font-weight: var(--g-regular-weight,normal);\">La basilique Saint-Georges avec le monast\u00e8re associ\u00e9 fait partie du ch\u00e2teau de Prague et est d\u00e9di\u00e9e \u00e0 Saint-Georges.<\/span><\/p>\n<p>Dans ce guide de la basilique Saint-Georges, vous apprendrez tout sur les sites touristiques, l&rsquo;histoire et des informations utiles sur la fa\u00e7on de s&rsquo;y rendre, les billets et les visites.<\/p>\n<h2 id=\"t-1670573997945\">Que puis-je faire \u00e0 Basilique Saint-Georges ?<\/h2>\n<p><span><img decoding=\"async\" alt=\"Que puis-je faire \u00e0 Basilique Saint-Georges\" data-id=\"1756\" width=\"702\" data-init-width=\"1000\" height=\"468\" data-init-height=\"667\" title=\"Que puis-je faire \u00e0 Basilique Saint-Georges\" loading=\"lazy\" src=\"http:\/\/praguetouristinformation.com\/wp-content\/uploads\/2020\/11\/Was-kann-ich-in-der-St.-Georgs-Basilika-machen.jpg\" data-width=\"702\" data-height=\"468\" data-pin-media=\"http:\/\/praguetouristinformation.com\/wp-content\/uploads\/2021\/02\/30.jpg\" data-pin-description=\"St. Georgs Basilika in der Prager Burg: Infos &amp; Tickets 2022\" data-pin-url=\"https:\/\/praguetouristinformation.com\/fr\/choses-a-faire\/chateau\/basilique-saint-georges?tve=true&amp;tcbf=1d49307baa\" data-pinpro-key=\"dvsnkh5j1\"><\/span><\/p>\n<p>Le b\u00e2timent sacr\u00e9 est l&rsquo;une des plus anciennes parties pr\u00e9serv\u00e9es du&nbsp; <a data-id=\"738\" data-type=\"page\" href=\"https:\/\/praguetouristinformation.com\/fr\/choses-a-faire\/chateau\" style=\"outline: none;\">ch\u00e2teau de Prague<\/a> &nbsp;et en m\u00eame temps&nbsp; <span style=\"color: var(--tcb-skin-color-4); font-weight: var(--g-regular-weight,normal);\">le b\u00e2timent roman le mieux conserv\u00e9 de toute la Boh\u00eame. Pour cette raison, il est consid\u00e9r\u00e9 comme l&rsquo;un des&nbsp; <\/span><a data-id=\"247\" data-type=\"page\" href=\"https:\/\/praguetouristinformation.com\/fr\/choses-a-faire\" style=\"font-weight: var(--g-regular-weight,normal); background-color: rgb(255, 255, 255); outline: none;\">sites&nbsp; <\/a><span style=\"color: var(--tcb-skin-color-4); font-weight: var(--g-regular-weight,normal);\">et monuments romans les plus importants de la R\u00e9publique tch\u00e8que.<\/span><\/p>\n<p><span style=\"color: var(--tcb-skin-color-4); font-weight: var(--g-regular-weight,normal);\">Voici quelques temps forts \u00e0 ne pas manquer :<\/span><\/p>\n<ul>\n<li><span style=\"color: var(--tcb-skin-color-4);\"><strong>Sanctuaires et tombes&nbsp;:<\/strong><\/span><span style=\"color: var(--tcb-skin-color-4); font-weight: var(--g-regular-weight,normal);\"> &nbsp;en raison des sanctuaires et des tombes \u00e0 l&rsquo;int\u00e9rieur, l&rsquo;\u00e9glise rev\u00eat une importance historique particuli\u00e8re. Les restes de sainte Ludmila, premi\u00e8re martyre de Boh\u00eame, sont enterr\u00e9s dans la <\/span><span style=\"color: var(--tcb-skin-color-4);\"><strong>chapelle gothique de Ludmila<\/strong><\/span><span style=\"color: var(--tcb-skin-color-4); font-weight: var(--g-regular-weight,normal);\"> &nbsp;. C&rsquo;est la principale attraction pour de nombreux visiteurs. Il convient \u00e9galement de mentionner les <\/span><span style=\"color: var(--tcb-skin-color-4);\"><strong>sanctuaires de Boleslaus II<\/strong><\/span><span style=\"color: var(--tcb-skin-color-4); font-weight: var(--g-regular-weight,normal);\"> . et le <\/span><span style=\"color: var(--tcb-skin-color-4);\"><strong>fondateur de l&rsquo;\u00e9glise Vratislav I<\/strong><\/span><span style=\"color: var(--tcb-skin-color-4); font-weight: var(--g-regular-weight,normal);\"> , situ\u00e9 dans la nef principale.<\/span><\/li>\n<li><strong>Int\u00e9rieur :<\/strong> Les visiteurs peuvent \u00e9galement admirer l&rsquo;int\u00e9rieur unique, qui impressionne par sa simplicit\u00e9 et sa monumentalit\u00e9. Cela contraste avec les <strong>fresques <\/strong><strong>pr\u00e9cieuses qui ornent le d\u00f4me et les <\/strong><strong>d\u00e9corations<\/strong> complexes <strong>de l&rsquo;autel<\/strong> .<strong><\/strong><strong><\/strong><strong><\/strong><\/li>\n<li><strong>Chapelle Saint-Jean N\u00e9pomuc\u00e8ne :<\/strong> La chapelle baroque Saint-Jean N\u00e9pomuc\u00e8ne abrite la remarquable <strong>statue de Saint-Jean N\u00e9pomuc\u00e8ne<\/strong> , con\u00e7ue par le sculpteur Ferdinand Maximilian Brokoff.<\/li>\n<li><strong>Collection d&rsquo;art tch\u00e8que :<\/strong> Aujourd&rsquo;hui, la basilique abrite la collection d&rsquo;art tch\u00e8que de la Galerie nationale.<\/li>\n<li><span style=\"color: var(--tcb-skin-color-4);\"><strong>Monast\u00e8re b\u00e9n\u00e9dictin : Le monast\u00e8re b\u00e9n\u00e9dictin du m\u00eame nom, situ\u00e9 juste <\/strong><\/span><span style=\"color: var(--tcb-skin-color-4);\"><strong>\u00e0 c\u00f4t\u00e9 de la basilique<\/strong><\/span><span style=\"color: var(--tcb-skin-color-4); font-weight: var(--g-regular-weight,normal);\"> , m\u00e9rite \u00e9galement d&rsquo;\u00eatre mentionn\u00e9 <\/span><span style=\"color: var(--tcb-skin-color-4); font-weight: var(--g-regular-weight,normal);\">. <\/span><span style=\"color: var(--tcb-skin-color-4); font-weight: var(--g-regular-weight,normal);\">Pendant de nombreux si\u00e8cles, il a \u00e9t\u00e9 consid\u00e9r\u00e9 comme l&rsquo;un des monast\u00e8res les plus importants de Boh\u00eame. <\/span><span style=\"color: var(--tcb-skin-color-4); font-weight: var(--g-regular-weight,normal);\">Aujourd&rsquo;hui, cependant, il n&rsquo;est plus actif.<\/span><span style=\"color: var(--tcb-skin-color-4);\"><strong><\/strong><\/span><span style=\"color: var(--tcb-skin-color-4); font-weight: var(--g-regular-weight,normal);\"><\/span><\/li>\n<\/ul>\n<h2 id=\"t-1670573997946\" data-alt-text=\"Eintritt, Tickets und F\u00fchrungen \">Entr\u00e9e, billets et visites guid\u00e9es pour la Basilique Saint-Georges<\/h2>\n<p><span><img decoding=\"async\" alt=\"Entr\u00e9e, billets et visites guid\u00e9es\" data-id=\"1757\" width=\"702\" data-init-width=\"1000\" height=\"468\" data-init-height=\"667\" title=\"Entr\u00e9e, billets et visites guid\u00e9es pour la Basilique Saint-Georges\" loading=\"lazy\" src=\"http:\/\/praguetouristinformation.com\/wp-content\/uploads\/2020\/11\/Eintritt-Tickets-und-Fuehrungen-6.jpg\" data-width=\"702\" data-height=\"468\" data-pin-media=\"http:\/\/praguetouristinformation.com\/wp-content\/uploads\/2021\/02\/30.jpg\" data-pin-description=\"St. Georgs Basilika in der Prager Burg: Infos &amp; Tickets 2022\" data-pin-url=\"https:\/\/praguetouristinformation.com\/fr\/choses-a-faire\/chateau\/basilique-saint-georges?tve=true&amp;tcbf=1d49307baa\" data-pinpro-key=\"koimoaeif\"><\/span><\/p>\n<ul>\n<li><strong>Admission&nbsp;:&nbsp;<\/strong> la basilique Saint-Georges est situ\u00e9e dans le ch\u00e2teau de Prague et peut \u00eatre visit\u00e9e avec un billet d&rsquo;entr\u00e9e r\u00e9gulier au ch\u00e2teau de Prague. <strong>Remarque :<\/strong> il y a un contr\u00f4le de s\u00e9curit\u00e9 \u00e0 l&rsquo;entr\u00e9e du parc du ch\u00e2teau de Prague, auquel tous les visiteurs doivent se soumettre.<\/li>\n<li><strong>Billets :<\/strong> L&rsquo;entr\u00e9e \u00e0 la basilique Saint-Georges est incluse dans le billet d&rsquo;entr\u00e9e au ch\u00e2teau de Prague. Le billet est valable deux jours cons\u00e9cutifs. Cependant, chaque attraction ne peut \u00eatre visit\u00e9e qu&rsquo;une seule fois. Achetez votre <a href=\"https:\/\/www.getyourguide.de\/prager-burg-l2720\/prag-prager-burg-ticket-t406279\/?partner_id=0F6NPGN&amp;utm_medium=suppliers&amp;placement=%22other%22&amp;cmp=Prag\" rel=\"nofollow noopener\" target=\"_blank\" style=\"outline: none;\"><strong>billet pour le ch\u00e2teau de Prague \u00e0 l&rsquo;avance ici<\/strong><\/a> et \u00e9vitez les files d&rsquo;attente&nbsp;!<\/li>\n<li><strong>Visite guid\u00e9e<\/strong> : Un certain nombre d&rsquo;organisateurs proposent des visites guid\u00e9es du ch\u00e2teau de Prague. R\u00e9servez&nbsp; ici <a data-lt-tmp-id=\"lt-813471\" href=\"https:\/\/www.getyourguide.de\/altstadter-ring-l4827\/prager-burg-25-stundige-fuhrung-mit-eintrittskarte-t50046\/?partner_id=0F6NPGN&amp;utm_medium=suppliers&amp;placement=%22other%22&amp;cmp=Prag\" rel=\"nofollow noopener\" spellcheck=\"false\" target=\"_blank\" style=\"outline: none;\"><strong>la visite guid\u00e9e la plus populaire du ch\u00e2teau de Prague&nbsp;<\/strong> avec billet d&rsquo;entr\u00e9e<\/a> &nbsp;(\u00e9galement disponible en allemand).<\/li>\n<li><strong>Astuce :<\/strong> &nbsp;Comme il y a une grande affluence devant les guichets sur place m\u00eame en basse saison, il est conseill\u00e9&nbsp; d&rsquo;acheter un <a href=\"https:\/\/www.getyourguide.de\/prager-burg-l2720\/prag-prager-burg-ticket-t406279\/?partner_id=0F6NPGN&amp;utm_medium=suppliers&amp;placement=%22other%22&amp;cmp=Prag\" rel=\"nofollow noopener\" target=\"_blank\" style=\"outline: none;\">billet en ligne&nbsp; \u00e0 l&rsquo;avance.<\/a><\/li>\n<\/ul>\n<h2 id=\"t-1670573997947\">Comment se rendre \u00e0 la Basilique Saint-Georges ?<\/h2>\n<p><span><img decoding=\"async\" alt=\"Comment se rendre \u00e0 la basilique Saint-Georges\" data-id=\"1758\" width=\"702\" data-init-width=\"1000\" height=\"468\" data-init-height=\"667\" title=\"Comment se rendre \u00e0 la basilique Saint-Georges\" loading=\"lazy\" src=\"http:\/\/praguetouristinformation.com\/wp-content\/uploads\/2020\/11\/Wie-komme-ich-zur-St.-Georgs-Basilika.jpg\" data-width=\"702\" data-height=\"468\" data-pin-media=\"http:\/\/praguetouristinformation.com\/wp-content\/uploads\/2021\/02\/30.jpg\" data-pin-description=\"St. Georgs Basilika in der Prager Burg: Infos &amp; Tickets 2022\" data-pin-url=\"https:\/\/praguetouristinformation.com\/fr\/choses-a-faire\/chateau\/basilique-saint-georges?tve=true&amp;tcbf=1d49307baa\" data-pinpro-key=\"1u664e685\"><\/span><\/p>\n<p>La basilique Saint-Georges est situ\u00e9e dans le ch\u00e2teau de Prague, qui se dresse sur une colline au centre de Prague. La basilique se trouve \u00e0 l&rsquo;est de <a data-id=\"678\" data-type=\"page\" href=\"https:\/\/praguetouristinformation.com\/fr\/choses-a-faire\/chateau\/cathedrale-saint-guy\" style=\"outline: none;\">la cath\u00e9drale Saint-Guy&nbsp;<\/a> sur la Georgsplatz.<\/p>\n<p>Le moyen le plus simple de se rendre au ch\u00e2teau est de prendre <a href=\"https:\/\/praguetouristinformation.com\/fr\/plan\/transports-en-commun\" style=\"outline: none;\">les transports en commun<\/a> , en empruntant la ligne 22 du tramway. Cela vous emm\u00e8ne de la vieille ville de Prague \u00e0 l&rsquo;arr\u00eat \u00ab\u00a0Pra\u017esk\u00fd hrad\u00a0\u00bb (ch\u00e2teau de Prague).<\/p>\n<h2 id=\"t-1670573997950\" data-alt-text=\"Geschichte \"><span style=\"color: var(--tcb-skin-color-4); font-family: Literata; font-size: 26px; font-weight: var(--g-bold-weight,bold);\">Histoire de la basilique Saint-Georges<\/span><\/h2>\n<p><span><img decoding=\"async\" alt=\"Histoire\" data-id=\"1759\" width=\"702\" data-init-width=\"1000\" height=\"468\" data-init-height=\"667\" title=\"Histoire\" loading=\"lazy\" src=\"http:\/\/praguetouristinformation.com\/wp-content\/uploads\/2020\/11\/Geschichte-4.jpg\" data-width=\"702\" data-height=\"468\" data-pin-media=\"http:\/\/praguetouristinformation.com\/wp-content\/uploads\/2021\/02\/30.jpg\" data-pin-description=\"St. Georgs Basilika in der Prager Burg: Infos &amp; Tickets 2022\" data-pin-url=\"https:\/\/praguetouristinformation.com\/fr\/choses-a-faire\/chateau\/basilique-saint-georges?tve=true&amp;tcbf=1d49307baa\" data-pinpro-key=\"jurpm42ue\"><\/span><\/p>\n<p>La basilique Saint-Georges a \u00e9t\u00e9 construite en 920 en tant que deuxi\u00e8me \u00e9glise du ch\u00e2teau de Prague. L&rsquo;\u00e9difice sacr\u00e9 roman a \u00e9t\u00e9 fond\u00e9 \u00e0 la demande du prince Vratislav Ier et agrandi en 973 par le monast\u00e8re b\u00e9n\u00e9dictin du m\u00eame nom. Seuls les murs de fondation du b\u00e2timent d&rsquo;origine ont surv\u00e9cu.<\/p>\n<p>Apr\u00e8s un incendie en 1142, l&rsquo;\u00e9glise est reconstruite. Au cours de cette reconstruction, il a obtenu son aspect roman actuel avec l&rsquo;abside principale et deux tours. Au fil des si\u00e8cles, la chapelle Sainte-Ludmila, le portique d&rsquo;entr\u00e9e c\u00f4t\u00e9 ouest, la fa\u00e7ade baroque et la chapelle Saint-Jean N\u00e9pomuc\u00e8ne ont \u00e9t\u00e9 ajout\u00e9s.<\/p>\n<p>L&rsquo;\u00e9glise a \u00e9t\u00e9 r\u00e9nov\u00e9e de 1887 \u00e0 1908 apr\u00e8s que des soldats l&rsquo;aient gravement endommag\u00e9e lors de leur s\u00e9jour au monast\u00e8re. Une grande importance a \u00e9t\u00e9 attach\u00e9e \u00e0 la restauration de la forme romane de la basilique.<\/p>\n<p>Aujourd&rsquo;hui, la basilique Saint-Georges abrite l&rsquo;exposition de la National Gallery sur l&rsquo;art ancien de Boh\u00eame. Des concerts ont parfois lieu dans les locaux de l&rsquo;\u00e9glise.<\/p>\n<h2 id=\"t-1670573997949\">Contacter<\/h2>\n<ul>\n<li><strong>Adresse :&nbsp;<\/strong> Ji\u0159sk\u00e9 n\u00e1m\u011bst\u00ed, Ch\u00e2teau de Prague, 119 01 Prague 1 &#8211; Hrad\u010dany<\/li>\n<li><strong>Transports publics :<\/strong> tram ligne 22 jusqu&rsquo;\u00e0 \u00ab\u00a0Pra\u017esk\u00fd hrad\u00a0\u00bb<\/li>\n<li><strong>Horaires d&rsquo;ouverture<\/strong> : Pour conna\u00eetre les horaires d&rsquo;ouverture de la Basilique Saint-Georges, rendez- vous sur le <a href=\"https:\/\/www.hrad.cz\/de\/prager-burg-fur-besucher\/offnungszeiten\" target=\"_blank\" style=\"outline: none;\" rel=\"noopener\">site Internet<\/a> du Ch\u00e2teau de Prague .<strong><\/strong><\/li>\n<li><strong>Site web :&nbsp; <\/strong><a href=\"https:\/\/www.hrad.cz\/de\/prager-burg-fur-besucher\/besucherobjekte\/die-st.-georgsbasilika-11463#from-list\" style=\"outline: none;\" data-lt-tmp-id=\"lt-542796\" spellcheck=\"false\" target=\"_blank\" rel=\"noopener\">Basilique Saint-Georges du Ch\u00e2teau de Prague<\/a><a href=\"https:\/\/www.hrad.cz\/de\/prager-burg-fur-besucher\/besucherobjekte\/die-st.-georgsbasilika-11463#from-list\" style=\"outline: none;\" data-lt-tmp-id=\"lt-542796\" spellcheck=\"false\" target=\"_blank\" rel=\"noopener\"><\/a><\/li>\n<\/ul>\n","protected":false},"excerpt":{"rendered":"<p>La basilique Saint-Georges de 920 est la deuxi\u00e8me plus ancienne \u00e9glise de Prague. La basilique Saint-Georges avec le monast\u00e8re associ\u00e9 fait partie du ch\u00e2teau de Prague et est d\u00e9di\u00e9e \u00e0 Saint-Georges. Dans ce guide de la basilique Saint-Georges, vous apprendrez tout sur les sites touristiques, l&rsquo;histoire et des informations utiles sur la fa\u00e7on de s&rsquo;y [&hellip;]<\/p>\n","protected":false},"author":6,"featured_media":1754,"parent":738,"menu_order":0,"comment_status":"open","ping_status":"closed","template":"","meta":{"footnotes":""},"categories":[],"tags":[25],"class_list":["post-690","page","type-page","status-publish","has-post-thumbnail","hentry","tag-sehenswuerdigkeit","post-wrapper","thrv_wrapper"],"_links":{"self":[{"href":"https:\/\/praguetouristinformation.com\/fr\/wp-json\/wp\/v2\/pages\/690","targetHints":{"allow":["GET"]}}],"collection":[{"href":"https:\/\/praguetouristinformation.com\/fr\/wp-json\/wp\/v2\/pages"}],"about":[{"href":"https:\/\/praguetouristinformation.com\/fr\/wp-json\/wp\/v2\/types\/page"}],"author":[{"embeddable":true,"href":"https:\/\/praguetouristinformation.com\/fr\/wp-json\/wp\/v2\/users\/6"}],"replies":[{"embeddable":true,"href":"https:\/\/praguetouristinformation.com\/fr\/wp-json\/wp\/v2\/comments?post=690"}],"version-history":[{"count":0,"href":"https:\/\/praguetouristinformation.com\/fr\/wp-json\/wp\/v2\/pages\/690\/revisions"}],"up":[{"embeddable":true,"href":"https:\/\/praguetouristinformation.com\/fr\/wp-json\/wp\/v2\/pages\/738"}],"wp:featuredmedia":[{"embeddable":true,"href":"https:\/\/praguetouristinformation.com\/fr\/wp-json\/wp\/v2\/media\/1754"}],"wp:attachment":[{"href":"https:\/\/praguetouristinformation.com\/fr\/wp-json\/wp\/v2\/media?parent=690"}],"wp:term":[{"taxonomy":"category","embeddable":true,"href":"https:\/\/praguetouristinformation.com\/fr\/wp-json\/wp\/v2\/categories?post=690"},{"taxonomy":"post_tag","embeddable":true,"href":"https:\/\/praguetouristinformation.com\/fr\/wp-json\/wp\/v2\/tags?post=690"}],"curies":[{"name":"wp","href":"https:\/\/api.w.org\/{rel}","templated":true}]}}