{"id":685,"date":"2020-10-12T14:52:06","date_gmt":"2020-10-12T14:52:06","guid":{"rendered":"http:\/\/praguetouristinformation.com\/?page_id=685"},"modified":"2023-05-04T12:07:16","modified_gmt":"2023-05-04T12:07:16","slug":"ancien-palais-royal","status":"publish","type":"page","link":"https:\/\/praguetouristinformation.com\/fr\/choses-a-faire\/chateau\/ancien-palais-royal","title":{"rendered":"Ancien palais royal du ch\u00e2teau de Prague : Guide avec des informations sur les sites, l\u2019histoire et les billets"},"content":{"rendered":"<h3 id=\"t-1670416140335\">L&rsquo;ancien palais royal \u00e9tait le si\u00e8ge des rois tch\u00e8ques jusqu&rsquo;au XVIe si\u00e8cle.<\/h3>\n<p>L&rsquo;impressionnant b\u00e2timent avec la c\u00e9l\u00e8bre salle Vladislav fait partie du complexe du <a href=\"https:\/\/praguetouristinformation.com\/fr\/choses-a-faire\/chateau\" style=\"outline: none;\">ch\u00e2teau de Prague<\/a> , symbole de la capitale tch\u00e8que.<\/p>\n<p>Dans ce guide complet de l&rsquo;ancien palais royal, vous apprendrez tout sur les sites touristiques, l&rsquo;histoire et des informations utiles sur la fa\u00e7on de s&rsquo;y rendre, les billets et les visites.<\/p>\n<p>Commen\u00e7ons!<\/p>\n<h2 id=\"t-1670416140336\">Que puis-je faire dans l&rsquo;Ancien Palais Royal ?<\/h2>\n<p><span><img decoding=\"async\" alt=\"Que puis-je faire dans l'ancien palais royal\" data-id=\"1735\" width=\"702\" data-init-width=\"1000\" height=\"468\" data-init-height=\"667\" title=\"Que puis-je faire dans l'ancien palais royal\" loading=\"lazy\" src=\"http:\/\/praguetouristinformation.com\/wp-content\/uploads\/2020\/11\/Was-kann-ich-im-Alten-Koenigspalast-machen.jpg\" data-width=\"702\" data-height=\"468\" data-pin-media=\"http:\/\/praguetouristinformation.com\/wp-content\/uploads\/2021\/02\/29.jpg\" data-pin-description=\"Alter K\u00f6nigspalast in der Prager Burg: Kompletter Guide 2022\" data-pin-url=\"http:\/\/praguetouristinformation.com\/sehenswuerdigkeiten\/burg\/alter-konigspalast?tve=true&amp;tcbf=64a7f2c895\" data-pinpro-key=\"f0z4nonop\"><\/span><\/p>\n<p>Dans l&rsquo;ancienne r\u00e9sidence des princes et rois de Boh\u00eame, les visiteurs peuvent d\u00e9sormais visiter de nombreuses salles magnifiques et d\u00e9couvrir l&rsquo;exposition permanente sur l&rsquo;histoire du Ch\u00e2teau de Prague.<\/p>\n<p>Les points forts suivants vous attendent \u00e0 l&rsquo;int\u00e9rieur&nbsp;:<\/p>\n<ul>\n<li><strong>Salle Vladislav :<\/strong> Le c\u0153ur et le point culminant architectural de l&rsquo;ancien palais royal est la salle Vladislav \u00e0 couper le souffle, longue de 60 m\u00e8tres. Il \u00e9tait utilis\u00e9 \u00e0 des fins repr\u00e9sentatives telles que les c\u00e9r\u00e9monies de couronnement, les tournois de joutes, les bals et les banquets. La salle monumentale au plafond vo\u00fbt\u00e9 massif est encore utilis\u00e9e aujourd&rsquo;hui pour les c\u00e9r\u00e9monies d&rsquo;\u00c9tat.<\/li>\n<li><strong>\u00c9glise de la Toussaint :<\/strong> L&rsquo;\u00e9glise de la Toussaint du c\u00e9l\u00e8bre ma\u00eetre d&rsquo;\u0153uvre Peter Parler remplace la chapelle romane du palais \u00e0 partir de 1185. L&rsquo;\u00e9glise est calqu\u00e9e sur l&rsquo;\u00e9glise Sainte-Chapelle de Paris. Apr\u00e8s l&rsquo;incendie de 1541, l&rsquo;\u00e9glise a \u00e9t\u00e9 reconstruite dans le style Renaissance et agrandie jusqu&rsquo;\u00e0 la salle Vladislav.<\/li>\n<li><strong>Landtagsaal :<\/strong> Cette salle \u00e9tait utilis\u00e9e comme si\u00e8ge de la Cour r\u00e9gionale supr\u00eame et du Landtag. Admirez les portraits des souverains Habsbourg qui ornent les murs.<\/li>\n<li><strong>Chancellerie de Boh\u00eame&nbsp;:&nbsp;<\/strong> les visiteurs doivent \u00e9galement entrer dans la salle inf\u00e2me o\u00f9 la deuxi\u00e8me d\u00e9fenestration de Prague de 1618 a eu lieu. C&rsquo;est l&rsquo;arri\u00e8re-salle de la Chancellerie de Boh\u00eame.<\/li>\n<li><strong>Aile th\u00e9r\u00e9sienne :<\/strong> L&rsquo;aile th\u00e9r\u00e9sienne a \u00e9t\u00e9 construite entre 1766 et 1768 sous l&rsquo;imp\u00e9ratrice Marie-Th\u00e9r\u00e8se. L&rsquo;aile \u00e9troite servait de liaison entre l&rsquo;aile Ludwig et le monast\u00e8re des nobles dames.<\/li>\n<li><strong>Vue depuis le balcon :<\/strong> Une <a data-id=\"713\" data-type=\"page\" href=\"https:\/\/praguetouristinformation.com\/fr\/choses-a-faire\/points-de-vue\" style=\"outline: none;\">vue imprenable sur Prague<\/a> et le jardin de Schanze attend les visiteurs depuis le balcon panoramique du c\u00f4t\u00e9 sud de la salle Vladislav.<\/li>\n<li><strong>Exposition permanente \u00ab\u00a0L&rsquo;histoire du ch\u00e2teau de Prague\u00a0\u00bb:&nbsp;<\/strong> L&rsquo;exposition pr\u00e9sente des pi\u00e8ces originales de la collection du ch\u00e2teau ainsi que de nombreuses maquettes du ch\u00e2teau de Prague. Les visiteurs ont un aper\u00e7u approfondi du d\u00e9veloppement et de l&rsquo;histoire de la construction du ch\u00e2teau de Prague.<\/li>\n<\/ul>\n<h2 id=\"t-1670416140337\" data-alt-text=\"Eintritt, Tickets und F\u00fchrungen \">Entr\u00e9e, billets et visites guid\u00e9es pour l&rsquo;Ancien Palais Royal&nbsp;<\/h2>\n<p><span><img decoding=\"async\" alt=\"Entr\u00e9e, billets et visites guid\u00e9es\" data-id=\"1736\" width=\"702\" data-init-width=\"1000\" height=\"468\" data-init-height=\"667\" title=\"Entr\u00e9e, billets et visites guid\u00e9es\" loading=\"lazy\" src=\"http:\/\/praguetouristinformation.com\/wp-content\/uploads\/2020\/11\/Eintritt-Tickets-und-Fuehrungen-5.jpg\" data-width=\"702\" data-height=\"468\" data-pin-media=\"http:\/\/praguetouristinformation.com\/wp-content\/uploads\/2021\/02\/29.jpg\" data-pin-description=\"Alter K\u00f6nigspalast in der Prager Burg: Kompletter Guide 2022\" data-pin-url=\"http:\/\/praguetouristinformation.com\/sehenswuerdigkeiten\/burg\/alter-konigspalast?tve=true&amp;tcbf=64a7f2c895\" data-pinpro-key=\"ivcp03uup\"><\/span><\/p>\n<ul>\n<li><strong>Admission :&nbsp;<\/strong> Un billet d&rsquo;entr\u00e9e est n\u00e9cessaire pour visiter l&rsquo;ancien palais royal. Un billet suppl\u00e9mentaire est \u00e9galement n\u00e9cessaire pour visiter l&rsquo;exposition permanente \u00ab\u00a0L&rsquo;histoire du ch\u00e2teau de Prague\u00a0\u00bb.&nbsp;<strong>Veuillez noter :<\/strong> Il y a un contr\u00f4le de s\u00e9curit\u00e9 \u00e0 l&rsquo;entr\u00e9e de la zone du ch\u00e2teau de Prague, que tous les visiteurs doivent subir.<\/li>\n<li><strong>Billets :&nbsp;<\/strong> L&rsquo;entr\u00e9e \u00e0 l&rsquo;ancien palais royal est incluse dans le billet d&rsquo;entr\u00e9e au ch\u00e2teau de Prague. Le billet est valable deux jours cons\u00e9cutifs. Cependant, chaque attraction ne peut \u00eatre visit\u00e9e qu&rsquo;une seule fois. Achetez votre <a href=\"https:\/\/www.getyourguide.de\/prager-burg-l2720\/prag-prager-burg-ticket-t406279\/?partner_id=0F6NPGN&amp;utm_medium=suppliers&amp;placement=%22other%22&amp;cmp=Prag\" rel=\"nofollow noopener\" target=\"_blank\" style=\"outline: none;\"><strong>billet pour le ch\u00e2teau de Prague \u00e0 l&rsquo;avance ici<\/strong><\/a> et \u00e9vitez les files d&rsquo;attente.<a href=\"https:\/\/www.getyourguide.de\/prager-burg-l2720\/prag-prager-burg-ticket-t406279\/?partner_id=0F6NPGN&amp;utm_medium=suppliers&amp;placement=%22other%22&amp;cmp=Prag\" rel=\"nofollow noopener\" target=\"_blank\" style=\"outline: none;\"><strong><\/strong><\/a><\/li>\n<li><strong>Billet pour l&rsquo;exposition permanente L&rsquo;histoire du ch\u00e2teau de Prague :<\/strong> Les visiteurs qui souhaitent visiter cette exposition permanente doivent acheter le billet unique correspondant.<\/li>\n<li><strong>Visite guid\u00e9e<\/strong> : Un certain nombre d&rsquo;organisateurs proposent des visites guid\u00e9es du ch\u00e2teau de Prague. R\u00e9servez&nbsp; ici <a data-lt-tmp-id=\"lt-813471\" href=\"https:\/\/www.getyourguide.de\/altstadter-ring-l4827\/prager-burg-25-stundige-fuhrung-mit-eintrittskarte-t50046\/?partner_id=0F6NPGN&amp;utm_medium=suppliers&amp;placement=%22other%22&amp;cmp=Prag\" rel=\"nofollow noopener\" spellcheck=\"false\" target=\"_blank\" style=\"outline: none;\"><strong>la visite guid\u00e9e la plus populaire du ch\u00e2teau de Prague&nbsp;<\/strong> avec billet d&rsquo;entr\u00e9e<\/a> (\u00e9galement disponible en allemand).<\/li>\n<li><strong>Astuce :<\/strong> Comme il y a toujours une grande affluence devant les guichets sur place, il est conseill\u00e9 d&rsquo;acheter \u00e0 l&rsquo;avance un <a href=\"https:\/\/www.getyourguide.de\/prager-burg-l2720\/prag-prager-burg-ticket-t406279\/?partner_id=0F6NPGN&amp;utm_medium=suppliers&amp;placement=%22other%22&amp;cmp=Prag\" target=\"_blank\" rel=\"nofollow noopener\" style=\"outline: none;\">billet en ligne pour le Ch\u00e2teau de Prague .<\/a><\/li>\n<\/ul>\n<p><span style=\"color: var(--tcb-skin-color-4); font-family: Literata; font-size: 26px; font-weight: var(--g-bold-weight,bold);\">Comment se rendre \u00e0 l&rsquo;Ancien Palais Royal ?<\/span><\/p>\n<p><span><img decoding=\"async\" alt=\"Comment se rendre \u00e0 l'ancien palais royal\" data-id=\"1737\" width=\"702\" data-init-width=\"1000\" height=\"468\" data-init-height=\"667\" title=\"Comment se rendre \u00e0 l'ancien palais royal\" loading=\"lazy\" src=\"http:\/\/praguetouristinformation.com\/wp-content\/uploads\/2020\/11\/Wie-komme-ich-zum-Alten-Koenigspalast.jpg\" data-width=\"702\" data-height=\"468\" data-pin-media=\"http:\/\/praguetouristinformation.com\/wp-content\/uploads\/2021\/02\/29.jpg\" data-pin-description=\"Alter K\u00f6nigspalast in der Prager Burg: Kompletter Guide 2022\" data-pin-url=\"http:\/\/praguetouristinformation.com\/sehenswuerdigkeiten\/burg\/alter-konigspalast?tve=true&amp;tcbf=64a7f2c895\" data-pinpro-key=\"gahd02rzh\"><\/span><\/p>\n<p>L&rsquo;ancien palais royal est situ\u00e9 dans le ch\u00e2teau de Prague, qui se dresse sur une colline au centre de Prague. Il se trouve du c\u00f4t\u00e9 est de la troisi\u00e8me cour.<\/p>\n<p>Le moyen le plus simple de se rendre au ch\u00e2teau est de prendre <a data-id=\"775\" data-type=\"page\" href=\"https:\/\/praguetouristinformation.com\/fr\/plan\/transports-en-commun\" style=\"outline: none;\">les transports en commun<\/a> , en empruntant la ligne 22 du tramway. Cela vous emm\u00e8ne de la vieille ville de Prague \u00e0 l&rsquo;arr\u00eat \u00ab\u00a0Pra\u017esk\u00fd hrad\u00a0\u00bb (ch\u00e2teau de Prague).<\/p>\n<h2 id=\"t-1670416140339\" data-alt-text=\"Geschichte \">Histoire de l&rsquo;ancien palais royal<\/h2>\n<p><span><img decoding=\"async\" alt=\"Histoire Ancien Palais Royal\" data-id=\"1738\" width=\"702\" data-init-width=\"1000\" height=\"468\" data-init-height=\"667\" title=\"Histoire Ancien Palais Royal\" loading=\"lazy\" src=\"http:\/\/praguetouristinformation.com\/wp-content\/uploads\/2020\/11\/Geschichte-des-Palasts.jpg\" data-width=\"702\" data-height=\"468\" style=\"\" data-pin-media=\"http:\/\/praguetouristinformation.com\/wp-content\/uploads\/2021\/02\/29.jpg\" data-pin-description=\"Alter K\u00f6nigspalast in der Prager Burg: Kompletter Guide 2022\" data-pin-url=\"http:\/\/praguetouristinformation.com\/sehenswuerdigkeiten\/burg\/alter-konigspalast?tve=true&amp;tcbf=64a7f2c895\" data-pinpro-key=\"axuf1dhn4\"><\/span><\/p>\n<p>Les origines de l&rsquo;Ancien Palais Royal remontent au IXe si\u00e8cle. A cette \u00e9poque, un si\u00e8ge princier a \u00e9t\u00e9 construit pour la premi\u00e8re fois \u00e0 l&rsquo;int\u00e9rieur du ch\u00e2teau de Prague, compos\u00e9 principalement de bois.<\/p>\n<p>Le palais royal actuel est situ\u00e9 sur le site du palais princier roman construit au XIIe si\u00e8cle sur ordre du prince Sob\u011bslav I. Les vestiges du palais de Sob\u011bslav ont \u00e9t\u00e9 conserv\u00e9s sous terre \u00e0 ce jour.<\/p>\n<p>Au XIVe si\u00e8cle, le b\u00e2timent servit pour la premi\u00e8re fois de r\u00e9sidence imp\u00e9riale sous l&#8217;empereur Charles IV. Il fit agrandir le palais \u00e0 grande \u00e9chelle. Avec l&rsquo;entr\u00e9e du roi Vladislav dans le ch\u00e2teau de Prague en 1483, la derni\u00e8re phase de reconstruction du b\u00e2timent a commenc\u00e9. Dans ce contexte, l&rsquo;imposante salle Vladislav a \u00e9galement \u00e9t\u00e9 cr\u00e9\u00e9e.<\/p>\n<p>Apr\u00e8s l&rsquo;incendie d\u00e9vastateur de 1541, de grandes parties du palais, telles que l&rsquo;\u00e9glise de Tous les Saints et la salle Vladislav, ont d\u00fb \u00eatre reconstruites. Avec l&rsquo;accession au tr\u00f4ne et le d\u00e9m\u00e9nagement ult\u00e9rieur des Habsbourg dans la partie ouest du ch\u00e2teau au milieu du XVIe si\u00e8cle, l&rsquo;ancien palais royal a perdu son ancienne importance.<\/p>\n<p>Un \u00e9v\u00e9nement historique de grande envergure a eu lieu dans l&rsquo;ancienne cour royale en 1618, lorsqu&rsquo;elle est devenue le th\u00e9\u00e2tre de la deuxi\u00e8me d\u00e9fenestration de Prague.<\/p>\n<p>Depuis 1919, l&rsquo;ancienne cour royale est le si\u00e8ge du pr\u00e9sident tch\u00e8que. Aujourd&rsquo;hui, c&rsquo;est l&rsquo;un des <a data-id=\"247\" data-type=\"page\" href=\"https:\/\/praguetouristinformation.com\/fr\/choses-a-faire\" style=\"outline: none;\">sites les plus visit\u00e9s de Prague<\/a> .<\/p>\n<h3 id=\"t-1670416140340\"><strong>D\u00e9fenestration de Prague<\/strong><\/h3>\n<p>Le 23 mai 1618, un tournant d\u00e9cisif dans l&rsquo;histoire europ\u00e9enne a eu lieu dans l&rsquo;Ancien Palais Royal.<\/p>\n<p>Apr\u00e8s que l&rsquo;influence des catholiques \u00e0 la cour royale ait augment\u00e9 et que de nombreux protestants aient \u00e9t\u00e9 d\u00e9mis de leurs fonctions \u00e0 la cour, les aristocrates protestants se sont tourn\u00e9s vers l&#8217;empereur avec une lettre de protestation. Cependant, il a ignor\u00e9 la lettre.<\/p>\n<p>Les protestants tch\u00e8ques enrag\u00e9s se sont alors introduits de force dans le ch\u00e2teau de Prague et ont jet\u00e9 les gouverneurs catholiques de l&#8217;empereur des Habsbourg et le secr\u00e9taire de la chancellerie par la fen\u00eatre.<\/p>\n<p>Cet \u00e9v\u00e9nement historique, \u00e9galement connu sous le nom de deuxi\u00e8me d\u00e9fenestration de Prague, a d\u00e9clench\u00e9 la guerre de Trente Ans.<\/p>\n<h2 id=\"t-1670416140341\">Contacter<\/h2>\n<ul>\n<li><strong>Adresse :&nbsp;<\/strong> Alter K\u00f6nigspalast, Ch\u00e2teau de Prague, 119 01 Prague 1 \u2013 Hrad\u010dany<\/li>\n<li><strong style=\"color: var(--tcb-skin-color-4);\">Transports publics : <\/strong><span style=\"color: var(--tcb-skin-color-4); font-weight: var(--g-regular-weight,normal);\">tram ligne 22 jusqu&rsquo;\u00e0 \u00ab\u00a0Pra\u017esk\u00fd hrad\u00a0\u00bb<\/span><\/li>\n<li><strong>Horaires d&rsquo;ouverture : Consultez le <\/strong><a data-id=\"https:\/\/www.hrad.cz\/de\/prager-burg-fur-besucher\/offnungszeiten\" data-type=\"URL\" href=\"https:\/\/www.hrad.cz\/de\/prager-burg-fur-besucher\/offnungszeiten\" target=\"_blank\" style=\"outline: none;\" rel=\"noopener\">site Internet<\/a> du ch\u00e2teau de Prague pour conna\u00eetre les horaires d&rsquo;ouverture de l&rsquo;ancien palais royal .<\/li>\n<li><strong>Site internet :&nbsp; <\/strong><a href=\"https:\/\/www.hrad.cz\/de\/prager-burg-fur-besucher\/besucherobjekte\/alter-konigspalast-11460#from-list\" style=\"outline: none;\" target=\"_blank\" rel=\"noopener\">Ancien Palais Royal de Prague<\/a><a href=\"https:\/\/www.hrad.cz\/de\/prager-burg-fur-besucher\/besucherobjekte\/alter-konigspalast-11460#from-list\" style=\"outline: none;\" target=\"_blank\" rel=\"noopener\"><\/a><\/li>\n<\/ul>\n","protected":false},"excerpt":{"rendered":"<p>L&rsquo;ancien palais royal \u00e9tait le si\u00e8ge des rois tch\u00e8ques jusqu&rsquo;au XVIe si\u00e8cle. L&rsquo;impressionnant b\u00e2timent avec la c\u00e9l\u00e8bre salle Vladislav fait partie du complexe du ch\u00e2teau de Prague , symbole de la capitale tch\u00e8que. Dans ce guide complet de l&rsquo;ancien palais royal, vous apprendrez tout sur les sites touristiques, l&rsquo;histoire et des informations utiles sur la [&hellip;]<\/p>\n","protected":false},"author":6,"featured_media":1733,"parent":738,"menu_order":0,"comment_status":"open","ping_status":"closed","template":"","meta":{"footnotes":""},"categories":[],"tags":[22,19,24],"class_list":["post-685","page","type-page","status-publish","has-post-thumbnail","hentry","tag-museum","tag-sehenswuerdigkeiten","tag-top-10","post-wrapper","thrv_wrapper"],"_links":{"self":[{"href":"https:\/\/praguetouristinformation.com\/fr\/wp-json\/wp\/v2\/pages\/685","targetHints":{"allow":["GET"]}}],"collection":[{"href":"https:\/\/praguetouristinformation.com\/fr\/wp-json\/wp\/v2\/pages"}],"about":[{"href":"https:\/\/praguetouristinformation.com\/fr\/wp-json\/wp\/v2\/types\/page"}],"author":[{"embeddable":true,"href":"https:\/\/praguetouristinformation.com\/fr\/wp-json\/wp\/v2\/users\/6"}],"replies":[{"embeddable":true,"href":"https:\/\/praguetouristinformation.com\/fr\/wp-json\/wp\/v2\/comments?post=685"}],"version-history":[{"count":0,"href":"https:\/\/praguetouristinformation.com\/fr\/wp-json\/wp\/v2\/pages\/685\/revisions"}],"up":[{"embeddable":true,"href":"https:\/\/praguetouristinformation.com\/fr\/wp-json\/wp\/v2\/pages\/738"}],"wp:featuredmedia":[{"embeddable":true,"href":"https:\/\/praguetouristinformation.com\/fr\/wp-json\/wp\/v2\/media\/1733"}],"wp:attachment":[{"href":"https:\/\/praguetouristinformation.com\/fr\/wp-json\/wp\/v2\/media?parent=685"}],"wp:term":[{"taxonomy":"category","embeddable":true,"href":"https:\/\/praguetouristinformation.com\/fr\/wp-json\/wp\/v2\/categories?post=685"},{"taxonomy":"post_tag","embeddable":true,"href":"https:\/\/praguetouristinformation.com\/fr\/wp-json\/wp\/v2\/tags?post=685"}],"curies":[{"name":"wp","href":"https:\/\/api.w.org\/{rel}","templated":true}]}}