{"id":681,"date":"2020-10-08T12:29:44","date_gmt":"2020-10-08T12:29:44","guid":{"rendered":"http:\/\/praguetouristinformation.com\/?page_id=681"},"modified":"2023-05-04T12:34:37","modified_gmt":"2023-05-04T12:34:37","slug":"voie-doree","status":"publish","type":"page","link":"https:\/\/praguetouristinformation.com\/fr\/choses-a-faire\/chateau\/voie-doree","title":{"rendered":"Golden Lane du ch\u00e2teau de Prague\u00a0: guide avec des informations sur les sites, les billets et l&#8217;histoire"},"content":{"rendered":"<h3 id=\"t-1670415658119\">La Golden Lane, \u00e9galement connue sous le nom de Alchemist&rsquo;s Lane ou Gold Makers&rsquo; Lane, est probablement la rue la plus c\u00e9l\u00e8bre de la capitale tch\u00e8que.<\/h3>\n<p>Il fait partie du ch\u00e2teau de Prague et est maintenant non seulement l&rsquo;une des attractions les plus visit\u00e9es du complexe du ch\u00e2teau, mais aussi l&rsquo;un des 10 meilleurs <a data-id=\"247\" data-type=\"page\" href=\"https:\/\/praguetouristinformation.com\/fr\/choses-a-faire\" style=\"outline: none;\">sites touristiques de Prague<\/a> .&nbsp;<a data-id=\"738\" data-type=\"page\" href=\"http:\/\/praguetouristinformation.com\/sehenswuerdigkeiten\/burg\" style=\"outline: none;\" data-lt-tmp-id=\"lt-438856\" spellcheck=\"false\"><\/a><\/p>\n<p>Dans ce guide complet de la Golden Lane, vous apprendrez tout sur les sites et l&rsquo;histoire, ainsi que des informations utiles sur la fa\u00e7on de s&rsquo;y rendre, les billets et les visites.<\/p>\n<h2 id=\"t-1670415658120\">Que puis-je faire dans la Golden Lane ?<\/h2>\n<p><span><img decoding=\"async\" alt=\"Histoire de la Voie d'Or\" data-id=\"1747\" width=\"702\" data-init-width=\"1000\" height=\"468\" data-init-height=\"667\" title=\"Histoire de la Voie d'Or\" loading=\"lazy\" src=\"http:\/\/praguetouristinformation.com\/wp-content\/uploads\/2020\/11\/Geschichte-der-Gasse.jpg\" data-width=\"702\" data-height=\"468\" data-pinpro-key=\"vn4isfhy0\"><\/span><\/p>\n<p>La rue historique du XVIe si\u00e8cle est particuli\u00e8rement c\u00e9l\u00e8bre car les <strong>alchimistes soutenus par l&#8217;empereur Rodolphe II<\/strong> auraient travaill\u00e9 ici. Ils s&rsquo;\u00e9taient donn\u00e9 pour t\u00e2che de percer le secret de la fabrication artificielle de l&rsquo;or et de retrouver la pierre philosophale.<\/p>\n<p>Les visiteurs peuvent voir la douzaine de maisons qui bordent la rue de pr\u00e8s de 100 m\u00e8tres de long. <strong>En vous promenant <\/strong><strong>dans la rue pittoresque<\/strong> , vous pourrez suivre les traces des anciens habitants et d\u00e9couvrir comment vivait la classe ouvri\u00e8re de Prague au XVIe si\u00e8cle.<\/p>\n<p>Admirez les <strong>int\u00e9rieurs m\u00e9di\u00e9vaux<\/strong> et les expositions pr\u00e9sent\u00e9es dans les maisons color\u00e9es qui illustrent la vie dans l&rsquo;Alchemistengasse de 1600 \u00e0 1956. <strong>L&rsquo; exposition d&rsquo;armures m\u00e9di\u00e9vales et d&rsquo;objets de torture,<\/strong> pr\u00e9sent\u00e9e dans le long rempart du 1er \u00e9tage au-dessus de l&rsquo;all\u00e9e, est particuli\u00e8rement passionnante .<\/p>\n<p>De nombreuses maisons historiques servent \u00e9galement de boutiques de <strong><a data-id=\"326\" data-type=\"page\" href=\"https:\/\/praguetouristinformation.com\/fr\/shopping\/souvenirs\" style=\"outline: none;\">souvenirs<\/a><\/strong><strong> ou d&rsquo;artisanat<\/strong> . <strong>Certains proposent \u00e9galement des activit\u00e9s<\/strong> m\u00e9di\u00e9vales comme le tir \u00e0 l&rsquo;arbal\u00e8te.<strong> <a data-id=\"326\" data-type=\"page\" href=\"http:\/\/praguetouristinformation.com\/shopping\/souvenirs\" style=\"outline: none;\"><\/a><\/strong><strong><\/strong><\/p>\n<p>Si vous le souhaitez, vous pouvez utiliser les escaliers de la maison num\u00e9ro 12 pour atteindre la terrasse en face de la <strong>tour Daliborka<\/strong> . La tour \u00e0 canon a servi de prison jusqu&rsquo;en 1781 et peut \u00e9galement \u00eatre visit\u00e9e dans le cadre de la visite guid\u00e9e.<\/p>\n<h3 id=\"t-1670415658121\">Maisons sp\u00e9ciales<\/h3>\n<ul>\n<li><strong>Maison Franz Kafka :<\/strong> L&rsquo;une des maisons les plus c\u00e9l\u00e8bres est le num\u00e9ro 22, o\u00f9 l&rsquo;\u00e9crivain Franz Kafka a v\u00e9cu et travaill\u00e9 de 1916 \u00e0 1917.<\/li>\n<li><strong>Maison r\u00e9sidentielle Jaroslav Seifert : Jaroslav Seifert<\/strong> , un autre ancien r\u00e9sident de la Golden Lane, a remport\u00e9 le prix Nobel de litt\u00e9rature en 1984.<\/li>\n<li><strong>Maison n\u00b0 12 :&nbsp;<\/strong> Des po\u00e8tes et des \u00e9crivains tels que V\u00edt\u011bzslav Nezval et Ji\u0159\u00edho Ma\u0159\u00e1nka, Franti\u0161ek Halas et Jaroslav Seifert se r\u00e9unissaient dans cette maison.<\/li>\n<li><strong>Maison n\u00b013 :&nbsp;<\/strong> La maison n\u00b013 donne un aper\u00e7u de la vie d&rsquo;un carabinier du ch\u00e2teau.<\/li>\n<li><strong>Maison n\u00b0 14 :&nbsp;<\/strong> la diseuse de bonne aventure bien connue Matylda Pr\u016f\u0161ov\u00e1 y a v\u00e9cu.<\/li>\n<\/ul>\n<h2 id=\"t-1670415658122\" data-alt-text=\"Eintritt, Tickets &amp; F\u00fchrungen\">Entr\u00e9e, billets et visites guid\u00e9es pour la Golden Lane<\/h2>\n<p><span><img decoding=\"async\" alt=\"Entr\u00e9e, billets et visites guid\u00e9es pour la Golden Lane\" data-id=\"1743\" width=\"702\" data-init-width=\"1000\" height=\"468\" data-init-height=\"667\" title=\"Entr\u00e9e, billets et visites guid\u00e9es pour la Golden Lane\" loading=\"lazy\" src=\"http:\/\/praguetouristinformation.com\/wp-content\/uploads\/2020\/11\/Eintritt-Tickets-Fuehrungen.jpg\" data-width=\"702\" data-height=\"468\" data-pinpro-key=\"hz5vr8k3b\"><\/span><\/p>\n<ul>\n<li><strong>Admission :&nbsp;<\/strong> Golden Lane est situ\u00e9e dans le ch\u00e2teau de Prague et peut \u00eatre visit\u00e9e avec un billet d&rsquo;entr\u00e9e r\u00e9gulier au ch\u00e2teau de Prague. <strong>A noter<\/strong> : apr\u00e8s 18h la rue historique peut \u00e9galement \u00eatre visit\u00e9e gratuitement ; cependant, tous les b\u00e2timents sont ferm\u00e9s apr\u00e8s 18 h.<\/li>\n<li><strong>Billets&nbsp;:<\/strong> l&rsquo;entr\u00e9e \u00e0 la ruelle d&rsquo;or est incluse dans le billet d&rsquo;entr\u00e9e du ch\u00e2teau de Prague. Le billet est valable deux jours cons\u00e9cutifs. Cependant, chaque attraction ne peut \u00eatre visit\u00e9e qu&rsquo;une seule fois. Achetez votre <a href=\"https:\/\/www.getyourguide.de\/prager-burg-l2720\/prag-prager-burg-ticket-t406279\/?partner_id=0F6NPGN&amp;utm_medium=suppliers&amp;placement=%22other%22&amp;cmp=Prag\" rel=\"nofollow noopener\" target=\"_blank\" style=\"outline: none;\"><strong>billet pour le ch\u00e2teau de Prague \u00e0 l&rsquo;avance ici<\/strong><\/a> et \u00e9vitez les files d&rsquo;attente&nbsp;!<\/li>\n<li><strong>Visite guid\u00e9e<\/strong> : Un certain nombre d&rsquo;organisateurs proposent des visites guid\u00e9es du ch\u00e2teau de Prague. R\u00e9servez&nbsp; ici <a data-lt-tmp-id=\"lt-813471\" href=\"https:\/\/www.getyourguide.de\/altstadter-ring-l4827\/prager-burg-25-stundige-fuhrung-mit-eintrittskarte-t50046\/?partner_id=0F6NPGN&amp;utm_medium=suppliers&amp;placement=%22other%22&amp;cmp=Prag\" rel=\"nofollow noopener\" spellcheck=\"false\" target=\"_blank\" style=\"outline: none;\"><strong>la visite guid\u00e9e la plus populaire du ch\u00e2teau de Prague&nbsp;<\/strong> avec billet d&rsquo;entr\u00e9e<\/a> (\u00e9galement disponible en allemand).<\/li>\n<li><strong>Astuce :<\/strong> Comme il y a une grande affluence devant les guichets sur place m\u00eame en basse saison, il est conseill\u00e9 d&rsquo;acheter un <a href=\"https:\/\/www.getyourguide.de\/prager-burg-l2720\/prag-prager-burg-ticket-t406279\/?partner_id=0F6NPGN&amp;utm_medium=suppliers&amp;placement=%22other%22&amp;cmp=Prag\" rel=\"nofollow noopener\" target=\"_blank\" style=\"outline: none;\">billet en ligne&nbsp; \u00e0 l&rsquo;avance.<\/a><\/li>\n<li><strong>Remarque :<\/strong> il y a un contr\u00f4le de s\u00e9curit\u00e9 \u00e0 l&rsquo;entr\u00e9e du parc du ch\u00e2teau de Prague, auquel tous les visiteurs doivent se soumettre.<\/li>\n<\/ul>\n<h2 id=\"t-1670415658123\">Comment se rendre \u00e0 la Golden Lane ?<\/h2>\n<p>La Ruelle d&rsquo;Or est situ\u00e9e sur les murs int\u00e9rieurs du <a data-id=\"738\" data-lt-tmp-id=\"lt-438856\" data-type=\"page\" href=\"https:\/\/praguetouristinformation.com\/fr\/choses-a-faire\/chateau\" spellcheck=\"false\" style=\"outline: none;\">Ch\u00e2teau de Prague<\/a> , qui se dresse sur une colline au centre de Prague.&nbsp;<\/p>\n<p>Le moyen le plus simple de se rendre au ch\u00e2teau est de prendre <a href=\"https:\/\/praguetouristinformation.com\/fr\/plan\/transports-en-commun\" style=\"outline: none;\">les transports en commun<\/a> , en empruntant la ligne 22 du tramway. Cela vous emm\u00e8ne de la vieille ville de Prague \u00e0 l&rsquo;arr\u00eat \u00ab\u00a0Pra\u017esk\u00fd hrad\u00a0\u00bb (ch\u00e2teau de Prague).<\/p>\n<p>La Ruelle d&rsquo;Or est situ\u00e9e sur le mur nord-est du ch\u00e2teau, entre la Tour Blanche et la Tour Daliborka.<\/p>\n<h2 id=\"t-1670415658124\" data-alt-text=\"Geschichte \">Histoire de la Voie d&rsquo;Or<\/h2>\n<p><span><img decoding=\"async\" alt=\"Comment se rendre \u00e0 la Golden Lane ?\" data-id=\"1745\" width=\"702\" data-init-width=\"1000\" height=\"468\" data-init-height=\"667\" title=\"Comment se rendre \u00e0 la Golden Lane ?\" loading=\"lazy\" src=\"http:\/\/praguetouristinformation.com\/wp-content\/uploads\/2020\/11\/Wie-komme-ich-zum-Goldenen-Gaesschen.jpg\" data-width=\"702\" data-height=\"468\" data-pinpro-key=\"ngft6n78q\"><\/span><\/p>\n<p>Les d\u00e9buts de la Ruelle d&rsquo;Or remontent \u00e0 la construction des fortifications nord au XVe si\u00e8cle.<\/p>\n<p>Les 24 gardes du ch\u00e2teau de l&#8217;empereur Rodolphe II, les soi-disant fusiliers rouges, avaient besoin d&rsquo;un logement. Pour cette raison, l&#8217;empereur donna l&rsquo;ordre de construire des maisons pour ses gardes.<\/p>\n<p>Au cours du XVIe si\u00e8cle, la ruelle devient de plus en plus populaire et les serviteurs du ch\u00e2teau ainsi que les artisans, aubergistes et orf\u00e8vres s&rsquo;installent dans les petites maisons. L&rsquo;all\u00e9e doit aussi son nom actuel aux orf\u00e8vres. Selon la l\u00e9gende, ces orf\u00e8vres \u00e9taient des alchimistes de l&#8217;empereur Rodolphe II, passionn\u00e9 d&rsquo;alchimie. Sous son r\u00e8gne, Prague est devenue un bastion de l&rsquo;alchimie.<\/p>\n<p>Au XIXe si\u00e8cle, cependant, les maisons et le quartier \u00e9taient tr\u00e8s d\u00e9grad\u00e9s, c&rsquo;est pourquoi ils n&rsquo;\u00e9taient habit\u00e9s que par des personnes souffrant de la pauvret\u00e9. N\u00e9anmoins, l&rsquo;endroit est devenu un lieu de rencontre populaire pour la sc\u00e8ne intellectuelle. Les b\u00e2timents \u00e9taient encore habit\u00e9s jusqu&rsquo;\u00e0 la Seconde Guerre mondiale.<\/p>\n<p>Apr\u00e8s des travaux de r\u00e9novation ult\u00e9rieurs, dans lesquels le caract\u00e8re de la ruelle a pu \u00eatre pr\u00e9serv\u00e9, la charmante ruelle dor\u00e9e avec ses petites maisons color\u00e9es s&rsquo;est transform\u00e9e en un p\u00f4le d&rsquo;attraction touristique.<\/p>\n<h2 id=\"t-1670415658125\">Contacter<\/h2>\n<ul>\n<li><strong>Adresse :<\/strong> Goldenes G\u00e4sschen, Zlat\u00e1 uli\u010dka 119 00 Prague 1-Hrad\u010dany<\/li>\n<li><strong>Transports publics :<\/strong> tram ligne 22 jusqu&rsquo;\u00e0 \u00ab\u00a0Pra\u017esk\u00fd hrad\u00a0\u00bb<\/li>\n<li><strong>Horaires d&rsquo;ouverture<\/strong> : Pour les horaires d&rsquo;ouverture de la Ruelle d&rsquo;Or, consultez le <a href=\"https:\/\/www.hrad.cz\/de\/prager-burg-fur-besucher\/offnungszeiten\" target=\"_blank\" style=\"outline: none;\" rel=\"noopener\">site Internet<\/a> du Ch\u00e2teau de Prague .<\/li>\n<li><strong>Site Web : <\/strong>&nbsp;<a href=\"https:\/\/www.hrad.cz\/de\/prager-burg-fur-besucher\/besucherobjekte\/goldenes-gasschen-11462#from-list\" style=\"outline: none;\" target=\"_blank\" rel=\"noopener\">Golden Lane<\/a><a href=\"https:\/\/www.hrad.cz\/de\/prager-burg-fur-besucher\/besucherobjekte\/goldenes-gasschen-11462#from-list\" style=\"outline: none;\" target=\"_blank\" rel=\"noopener\"><\/a><\/li>\n<\/ul>\n","protected":false},"excerpt":{"rendered":"<p>La Golden Lane, \u00e9galement connue sous le nom de Alchemist&rsquo;s Lane ou Gold Makers&rsquo; Lane, est probablement la rue la plus c\u00e9l\u00e8bre de la capitale tch\u00e8que. Il fait partie du ch\u00e2teau de Prague et est maintenant non seulement l&rsquo;une des attractions les plus visit\u00e9es du complexe du ch\u00e2teau, mais aussi l&rsquo;un des 10 meilleurs sites [&hellip;]<\/p>\n","protected":false},"author":6,"featured_media":1742,"parent":738,"menu_order":0,"comment_status":"open","ping_status":"closed","template":"","meta":{"footnotes":""},"categories":[],"tags":[19,24],"class_list":["post-681","page","type-page","status-publish","has-post-thumbnail","hentry","tag-sehenswuerdigkeiten","tag-top-10","post-wrapper","thrv_wrapper"],"_links":{"self":[{"href":"https:\/\/praguetouristinformation.com\/fr\/wp-json\/wp\/v2\/pages\/681","targetHints":{"allow":["GET"]}}],"collection":[{"href":"https:\/\/praguetouristinformation.com\/fr\/wp-json\/wp\/v2\/pages"}],"about":[{"href":"https:\/\/praguetouristinformation.com\/fr\/wp-json\/wp\/v2\/types\/page"}],"author":[{"embeddable":true,"href":"https:\/\/praguetouristinformation.com\/fr\/wp-json\/wp\/v2\/users\/6"}],"replies":[{"embeddable":true,"href":"https:\/\/praguetouristinformation.com\/fr\/wp-json\/wp\/v2\/comments?post=681"}],"version-history":[{"count":0,"href":"https:\/\/praguetouristinformation.com\/fr\/wp-json\/wp\/v2\/pages\/681\/revisions"}],"up":[{"embeddable":true,"href":"https:\/\/praguetouristinformation.com\/fr\/wp-json\/wp\/v2\/pages\/738"}],"wp:featuredmedia":[{"embeddable":true,"href":"https:\/\/praguetouristinformation.com\/fr\/wp-json\/wp\/v2\/media\/1742"}],"wp:attachment":[{"href":"https:\/\/praguetouristinformation.com\/fr\/wp-json\/wp\/v2\/media?parent=681"}],"wp:term":[{"taxonomy":"category","embeddable":true,"href":"https:\/\/praguetouristinformation.com\/fr\/wp-json\/wp\/v2\/categories?post=681"},{"taxonomy":"post_tag","embeddable":true,"href":"https:\/\/praguetouristinformation.com\/fr\/wp-json\/wp\/v2\/tags?post=681"}],"curies":[{"name":"wp","href":"https:\/\/api.w.org\/{rel}","templated":true}]}}