{"id":678,"date":"2020-10-12T08:55:43","date_gmt":"2020-10-12T08:55:43","guid":{"rendered":"http:\/\/praguetouristinformation.com\/?page_id=678"},"modified":"2023-05-04T12:36:06","modified_gmt":"2023-05-04T12:36:06","slug":"cathedrale-saint-guy","status":"publish","type":"page","link":"https:\/\/praguetouristinformation.com\/fr\/choses-a-faire\/chateau\/cathedrale-saint-guy","title":{"rendered":"Guide de la cath\u00e9drale Saint-Guy du ch\u00e2teau de Prague\u00a0: curiosit\u00e9s, histoire et admission"},"content":{"rendered":"<h3 id=\"t-1670409300078\">La cath\u00e9drale Saint-Guy du ch\u00e2teau de Prague est l&rsquo;un des 10 meilleurs <a data-id=\"247\" data-type=\"page\" href=\"http:\/\/praguetouristinformation.com\/sehenswuerdigkeiten\" style=\"outline: none;\">sites touristiques de Prague<\/a> .<a data-id=\"247\" data-type=\"page\" href=\"http:\/\/praguetouristinformation.com\/sehenswuerdigkeiten\" style=\"outline: none;\"><\/a><\/h3>\n<p>L&rsquo;imposant \u00e9difice sacr\u00e9 n&rsquo;est pas seulement la cath\u00e9drale de l&rsquo;archidioc\u00e8se de Prague, mais aussi la plus grande \u00e9glise de la R\u00e9publique tch\u00e8que.<\/p>\n<p>Dans ce guide complet de la cath\u00e9drale Saint-Guy, vous apprendrez tout sur ses sites touristiques, son histoire et des informations utiles sur la fa\u00e7on de s&rsquo;y rendre, les billets et les visites.<\/p>\n<p>Nous y voil\u00e0!<\/p>\n<h2 id=\"t-1670409300079\">Que faire \u00e0 Cath\u00e9drale Saint-Guy ?<\/h2>\n<p><span><img decoding=\"async\" alt=\"Que puis-je faire \u00e0 la cath\u00e9drale Saint-Guy\" data-id=\"1765\" width=\"702\" data-init-width=\"1000\" height=\"468\" data-init-height=\"667\" title=\"Que puis-je faire \u00e0 la cath\u00e9drale Saint-Guy\" loading=\"lazy\" src=\"http:\/\/praguetouristinformation.com\/wp-content\/uploads\/2020\/11\/Was-kann-ich-im-Veitsdom-machen.jpg\" data-width=\"702\" data-height=\"468\" data-pin-media=\"http:\/\/praguetouristinformation.com\/wp-content\/uploads\/2021\/02\/42.jpg\" data-pin-description=\"Guide zum Veitsdom in der Prager Burg - 2022\" data-pin-url=\"http:\/\/praguetouristinformation.com\/sehenswuerdigkeiten\/burg\/veitsdom?tve=true&amp;tcbf=e8b25a02bb\" data-pinpro-key=\"73snh2xn2\"><\/span><\/p>\n<p><span style=\"color: var(--tcb-skin-color-4); font-weight: var(--g-regular-weight,normal);\">La monumentale cath\u00e9drale Saint-Guy se dresse majestueusement au milieu du&nbsp; <a data-id=\"738\" data-type=\"page\" href=\"http:\/\/praguetouristinformation.com\/sehenswuerdigkeiten\/burg\" style=\"outline: none;\">ch\u00e2teau de Prague<\/a> . L&rsquo;impressionnante architecture gothique de la cath\u00e9drale n&rsquo;est qu&rsquo;une de ses caract\u00e9ristiques distinctives. Les points forts suivants vous attendent dans l&rsquo;int\u00e9rieur magnifiquement meubl\u00e9 :<\/span><\/p>\n<h3 id=\"t-1670409300080\">1. Empereurs et tombeaux royaux<\/h3>\n<p>Non seulement les couronnements des rois et des reines de Boh\u00eame ont eu lieu dans la cath\u00e9drale Saint-Guy, mais elle sert \u00e9galement de dernier lieu de repos \u00e0 de nombreux rois et empereurs et aux membres de leur famille.&nbsp;<\/p>\n<p>Les visiteurs trouveront le mausol\u00e9e royal des Habsbourg devant le ma\u00eetre-autel. Le tombeau des rois tch\u00e8ques se trouve en dessous.<\/p>\n<p>Non seulement les tombes des rois et des empereurs de Boh\u00eame sont enterr\u00e9es ici, mais aussi des empereurs romains allemands tels que l&#8217;empereur Maximilien II et l&#8217;empereur Rudolf II sont enterr\u00e9s ici.<\/p>\n<p>Un autre point fort de l&rsquo;\u00e9glise est l&rsquo;impressionnante tombe haute du saint pr\u00eatre boh\u00e9mien Jean de N\u00e9pomuc\u00e8ne.<\/p>\n<h3 id=\"t-1670409300081\">2. Chapelle Venceslas<\/h3>\n<p>La chapelle Venceslas, bord\u00e9e de pierres semi-pr\u00e9cieuses et de stucs dor\u00e9s, est une attraction particuli\u00e8re, c&rsquo;est l&rsquo;une des \u0153uvres les plus importantes du ma\u00eetre d&rsquo;\u0153uvre Peter Parler.<\/p>\n<p>La chapelle Venceslas est la chapelle la plus importante de la cath\u00e9drale Saint-Guy et impressionne par sa conception architecturale unique et sa d\u00e9coration grandiose. De pr\u00e9cieuses fresques repr\u00e9sentant la Passion du Christ et des sc\u00e8nes de la vie de saint Venceslas, saint patron du pays, ornent la chapelle. Le tombeau de saint Venceslas se trouve \u00e9galement ici.<\/p>\n<p>Les visiteurs trouveront la chapelle Venceslas dans le bas-c\u00f4t\u00e9 sud de la cath\u00e9drale.<\/p>\n<h3 id=\"t-1670409300082\">3. Vue depuis la tour<\/h3>\n<p><a data-id=\"713\" data-type=\"page\" href=\"https:\/\/praguetouristinformation.com\/fr\/choses-a-faire\/points-de-vue\" style=\"outline: none;\">Un autre point fort est la vue<\/a> sensationnelle depuis la tour principale de 99 m\u00e8tres de haut de l&rsquo;\u00e9glise monumentale.<\/p>\n<p>Quiconque gravit les 287 marches de la tour sera r\u00e9compens\u00e9 par un magnifique panorama sur Prague et ses environs.<\/p>\n<p>Pendant l&rsquo;ascension, on peut voir de pr\u00e8s les cloches de la tour. La plus grosse des sept cloches porte le nom de Sigmund et p\u00e8se environ 15 tonnes. C&rsquo;est aussi la plus grosse cloche du pays. Six sonneries sont n\u00e9cessaires pour appeler Sigmund. La cloche de 1549 se caract\u00e9rise \u00e9galement par une d\u00e9coration sp\u00e9ciale en relief.<\/p>\n<h3 id=\"t-1670409300083\">4. Joyaux de la couronne de Boh\u00eame<\/h3>\n<p>De plus, il y a des tr\u00e9sors historiques dans la cath\u00e9drale Saint-Guy.<\/p>\n<p>La chambre des joyaux de la couronne est verrouill\u00e9e par sept \u00e9cluses. Il abrite non seulement les joyaux de la couronne des rois de Boh\u00eame, mais aussi l&rsquo;insigne du couronnement avec la couronne Wenceslas &#8211; la couronne du couronnement du royaume de Boh\u00eame &#8211; l&rsquo;orbe et le sceptre imp\u00e9riaux.<\/p>\n<p>Les sept cl\u00e9s sont d\u00e9tenues par sept hautes personnalit\u00e9s du pays. Avant que la chambre puisse \u00eatre ouverte, le consentement des sept personnes est requis.<\/p>\n<p>Le tr\u00e9sor de la cath\u00e9drale de Prague est \u00e9galement conserv\u00e9 dans la cath\u00e9drale, l&rsquo;un des plus grands et des plus pr\u00e9cieux tr\u00e9sors de cath\u00e9drale d&rsquo;Europe. Celui-ci se compose de plus de 400 pi\u00e8ces, dont l&rsquo;\u00e9p\u00e9e de saint Venceslas et la t\u00eate de saint Vitus. Le tr\u00e9sor se trouve dans la chapelle Sainte-Croix.<\/p>\n<h2 id=\"t-1670409300084\" data-alt-text=\"Eintritt, Tickets und F\u00fchrungen\">Entr\u00e9e, billets et visites guid\u00e9es pour la cath\u00e9drale Saint-Guy<\/h2>\n<p><span><img decoding=\"async\" alt=\"Entr\u00e9e, billets et visites guid\u00e9es\" data-id=\"1766\" width=\"702\" data-init-width=\"1000\" height=\"468\" data-init-height=\"667\" title=\"Entr\u00e9e, billets et visites guid\u00e9es pour la cath\u00e9drale Saint-Guy\" loading=\"lazy\" src=\"http:\/\/praguetouristinformation.com\/wp-content\/uploads\/2020\/11\/Eintritt-Tickets-und-Fuehrungen-7.jpg\" data-width=\"702\" data-height=\"468\" data-pin-media=\"http:\/\/praguetouristinformation.com\/wp-content\/uploads\/2021\/02\/42.jpg\" data-pin-description=\"Guide zum Veitsdom in der Prager Burg - 2022\" data-pin-url=\"http:\/\/praguetouristinformation.com\/sehenswuerdigkeiten\/burg\/veitsdom?tve=true&amp;tcbf=e8b25a02bb\" data-pinpro-key=\"sz0ldilcw\"><\/span><\/p>\n<ul>\n<li><strong>Entr\u00e9e :<\/strong> Seule la fa\u00e7ade n\u00e9o-gothique de l&rsquo;\u00e9difice sacr\u00e9 peut \u00eatre visit\u00e9e gratuitement. Un billet d&rsquo;entr\u00e9e est n\u00e9cessaire pour les autres zones.&nbsp;<strong>Remarque :<\/strong> il y a un contr\u00f4le de s\u00e9curit\u00e9 \u00e0 l&rsquo;entr\u00e9e du parc du ch\u00e2teau de Prague, auquel tous les visiteurs doivent se soumettre.<\/li>\n<li><strong>Billets :<\/strong> L&rsquo;entr\u00e9e \u00e0 la cath\u00e9drale Saint-Guy est incluse dans le billet d&rsquo;entr\u00e9e au ch\u00e2teau de Prague. Le billet est valable deux jours cons\u00e9cutifs. Cependant, chaque attraction ne peut \u00eatre visit\u00e9e qu&rsquo;une seule fois. Achetez votre <a href=\"https:\/\/www.getyourguide.de\/prager-burg-l2720\/prag-prager-burg-ticket-t406279\/?partner_id=0F6NPGN&amp;utm_medium=suppliers&amp;placement=%22other%22&amp;cmp=Prag\" target=\"_blank\" rel=\"nofollow noopener\" style=\"outline: none;\"><strong>billet pour le ch\u00e2teau de Prague \u00e0 l&rsquo;avance ici<\/strong><\/a> et \u00e9vitez les files d&rsquo;attente&nbsp;!<a href=\"https:\/\/www.getyourguide.de\/prager-burg-l2720\/prag-prager-burg-ticket-t406279\/?partner_id=0F6NPGN&amp;utm_medium=suppliers&amp;placement=%22other%22&amp;cmp=Prag\" target=\"_blank\" rel=\"nofollow noopener\" style=\"outline: none;\"><strong><\/strong><\/a><\/li>\n<li><strong>Ticket Tour :<\/strong> Le ticket pour gravir la tour n&rsquo;est pas inclus dans le ticket. Celui-ci doit donc \u00eatre achet\u00e9 s\u00e9par\u00e9ment.<\/li>\n<li><strong>Visite guid\u00e9e<\/strong> : Un certain nombre d&rsquo;organisateurs proposent des visites guid\u00e9es du ch\u00e2teau de Prague. R\u00e9servez ici <a href=\"https:\/\/www.getyourguide.de\/altstadter-ring-l4827\/prager-burg-25-stundige-fuhrung-mit-eintrittskarte-t50046\/?partner_id=0F6NPGN&amp;utm_medium=suppliers&amp;placement=%22other%22&amp;cmp=Prag\" target=\"_blank\" rel=\"nofollow noopener\" style=\"outline: none;\"><strong>la visite guid\u00e9e la plus populaire du ch\u00e2teau de Prague<\/strong><\/a><a href=\"https:\/\/www.getyourguide.de\/altstadter-ring-l4827\/prager-burg-25-stundige-fuhrung-mit-eintrittskarte-t50046\/?partner_id=0F6NPGN&amp;utm_medium=suppliers&amp;placement=%22other%22&amp;cmp=Prag\" target=\"_blank\" rel=\"nofollow noopener\" style=\"outline: none;\"> avec billet d&rsquo;entr\u00e9e<\/a> (\u00e9galement possible en allemand) !<a href=\"https:\/\/www.getyourguide.de\/altstadter-ring-l4827\/prager-burg-25-stundige-fuhrung-mit-eintrittskarte-t50046\/?partner_id=0F6NPGN&amp;utm_medium=suppliers&amp;placement=%22other%22&amp;cmp=Prag\" target=\"_blank\" rel=\"nofollow noopener\" style=\"outline: none;\"><strong><\/strong><\/a><\/li>\n<li><strong>Astuce :<\/strong> Comme il y a toujours une affluence importante devant les guichets sur place, il est conseill\u00e9 d&rsquo;acheter un <a href=\"https:\/\/www.getyourguide.de\/prager-burg-l2720\/prag-prager-burg-ticket-t406279\/?partner_id=0F6NPGN&amp;utm_medium=suppliers&amp;placement=%22other%22&amp;cmp=Prag\" target=\"_blank\" rel=\"nofollow noopener\" style=\"outline: none;\" data-lt-tmp-id=\"lt-483526\" spellcheck=\"false\">billet en ligne \u00e0 l&rsquo;avance.<\/a><a href=\"https:\/\/www.getyourguide.de\/prager-burg-l2720\/prag-prager-burg-ticket-t406279\/?partner_id=0F6NPGN&amp;utm_medium=suppliers&amp;placement=%22other%22&amp;cmp=Prag\" target=\"_blank\" rel=\"nofollow noopener\" style=\"outline: none;\" data-lt-tmp-id=\"lt-483526\" spellcheck=\"false\"><\/a><\/li>\n<\/ul>\n<h2 id=\"t-1670409300097\"><span style=\"color: var(--tcb-skin-color-4); font-family: Literata; font-size: 26px; font-weight: var(--g-bold-weight,bold);\">Comment se rendre \u00e0 la cath\u00e9drale Saint-Guy ?<\/span><\/h2>\n<p><span><img decoding=\"async\" alt=\"Comment se rendre \u00e0 la cath\u00e9drale Saint-Guy ?\" data-id=\"1767\" width=\"702\" data-init-width=\"1000\" height=\"468\" data-init-height=\"667\" title=\"Comment se rendre \u00e0 la cath\u00e9drale Saint-Guy ?\" loading=\"lazy\" src=\"http:\/\/praguetouristinformation.com\/wp-content\/uploads\/2020\/11\/Wie-komme-ich-zum-Veitsdom.jpg\" data-width=\"702\" data-height=\"468\" data-pin-media=\"http:\/\/praguetouristinformation.com\/wp-content\/uploads\/2021\/02\/42.jpg\" data-pin-description=\"Guide zum Veitsdom in der Prager Burg - 2022\" data-pin-url=\"http:\/\/praguetouristinformation.com\/sehenswuerdigkeiten\/burg\/veitsdom?tve=true&amp;tcbf=e8b25a02bb\" data-pinpro-key=\"5kzwrwfht\"><\/span><\/p>\n<p>La cath\u00e9drale Saint-Guy est situ\u00e9e dans le ch\u00e2teau de Prague, qui se dresse sur une colline au centre de Prague.<\/p>\n<p>Le moyen le plus simple de se rendre au ch\u00e2teau est de prendre <a href=\"https:\/\/praguetouristinformation.com\/fr\/plan\/transports-en-commun\" style=\"outline: none;\">les transports en commun<\/a> , en empruntant la ligne 22 du tramway. Cela vous emm\u00e8ne de la vieille ville de Prague \u00e0 l&rsquo;arr\u00eat \u00ab\u00a0Pra\u017esk\u00fd hrad\u00a0\u00bb (ch\u00e2teau de Prague).<\/p>\n<h2 id=\"t-1670409300086\">Histoire de la cath\u00e9drale Saint-Guy<\/h2>\n<p><span><img decoding=\"async\" alt=\"Histoire de la cath\u00e9drale Saint-Guy\" data-id=\"1768\" width=\"702\" data-init-width=\"1000\" height=\"468\" data-init-height=\"667\" title=\"Histoire de la cath\u00e9drale Saint-Guy\" loading=\"lazy\" src=\"http:\/\/praguetouristinformation.com\/wp-content\/uploads\/2020\/11\/Geschichte-5.jpg\" data-width=\"702\" data-height=\"468\" data-pin-media=\"http:\/\/praguetouristinformation.com\/wp-content\/uploads\/2021\/02\/42.jpg\" data-pin-description=\"Guide zum Veitsdom in der Prager Burg - 2022\" data-pin-url=\"http:\/\/praguetouristinformation.com\/sehenswuerdigkeiten\/burg\/veitsdom?tve=true&amp;tcbf=e8b25a02bb\" data-pinpro-key=\"j5dfyb1u6\"><\/span><\/p>\n<p>La magnifique cath\u00e9drale Saint-Guy a mis pr\u00e8s de 600 ans \u00e0 \u00eatre achev\u00e9e. La construction de la cath\u00e9drale gothique a commenc\u00e9 en 1344. Charles IV l&rsquo;a command\u00e9e apr\u00e8s que Prague soit devenue un archev\u00each\u00e9.<\/p>\n<p>\u00c0 l&rsquo;origine, il y avait une rotonde sur le site, que Saint Wenceslaus avait construit en 925.&nbsp;<\/p>\n<p>Le ma\u00eetre d&rsquo;\u0153uvre fran\u00e7ais Matthias von Arras a \u00e9t\u00e9 charg\u00e9 de construire l&rsquo;\u00e9glise. Cela a \u00e9t\u00e9 suivi par Peter Parler, ses fils Wenzel et Johann Parler et de nombreux autres ma\u00eetres constructeurs. Plusieurs guerres ont souvent entra\u00een\u00e9 des interruptions. La construction ne fut achev\u00e9e qu&rsquo;en 1929 sous la direction de Kamil Hilbert et Joseph Kranner.<\/p>\n<p>Depuis lors, la cath\u00e9drale \u00e0 trois nefs est la plus grande \u00e9glise du pays avec une longueur de 124 m\u00e8tres et une largeur de 60 m\u00e8tres. Aujourd&rsquo;hui, la cath\u00e9drale Saint-Guy est l&rsquo;un des sites les plus populaires de Prague, avec sa superbe fa\u00e7ade et son int\u00e9rieur somptueux.<\/p>\n<h2 id=\"t-1670409300087\">Contacter<\/h2>\n<ul>\n<li><strong>Adresse :&nbsp;<\/strong> III. n\u00e1dvo\u0159\u00ed 48\/2, Ch\u00e2teau de Prague, 119 01 Prague 1 &#8211; Hrad\u010dany<\/li>\n<li><strong style=\"color: var(--tcb-skin-color-4);\">Transports en commun : <\/strong><span style=\"color: var(--tcb-skin-color-4); font-weight: var(--g-regular-weight,normal);\">tram ligne 22 jusqu&rsquo;\u00e0 Pra\u017esk\u00fd hrad<\/span><\/li>\n<li><strong>Horaires d&rsquo;ouverture<\/strong> : Vous trouverez les horaires d&rsquo;ouverture de la cath\u00e9drale Saint-Guy sur le <a href=\"https:\/\/www.katedralasvatehovita.cz\/en\/practical-information\" target=\"_blank\" style=\"outline: none;\" rel=\"noopener\">site Internet<\/a> de la cath\u00e9drale Saint-Guy .<strong><\/strong><\/li>\n<li><strong>Site internet :&nbsp; <\/strong><a href=\"https:\/\/www.katedralasvatehovita.cz\/en\" style=\"outline: none;\" data-lt-tmp-id=\"lt-596822\" spellcheck=\"false\" target=\"_blank\" rel=\"noopener\">Cath\u00e9drale Saint-Guy<\/a><a href=\"https:\/\/www.katedralasvatehovita.cz\/en\" style=\"outline: none;\" data-lt-tmp-id=\"lt-596822\" spellcheck=\"false\" target=\"_blank\" rel=\"noopener\"><\/a><\/li>\n<\/ul>\n","protected":false},"excerpt":{"rendered":"<p>La cath\u00e9drale Saint-Guy du ch\u00e2teau de Prague est l&rsquo;un des 10 meilleurs sites touristiques de Prague . L&rsquo;imposant \u00e9difice sacr\u00e9 n&rsquo;est pas seulement la cath\u00e9drale de l&rsquo;archidioc\u00e8se de Prague, mais aussi la plus grande \u00e9glise de la R\u00e9publique tch\u00e8que. Dans ce guide complet de la cath\u00e9drale Saint-Guy, vous apprendrez tout sur ses sites touristiques, son [&hellip;]<\/p>\n","protected":false},"author":6,"featured_media":1763,"parent":738,"menu_order":0,"comment_status":"open","ping_status":"closed","template":"","meta":{"footnotes":""},"categories":[],"tags":[25,24],"class_list":["post-678","page","type-page","status-publish","has-post-thumbnail","hentry","tag-sehenswuerdigkeit","tag-top-10","post-wrapper","thrv_wrapper"],"_links":{"self":[{"href":"https:\/\/praguetouristinformation.com\/fr\/wp-json\/wp\/v2\/pages\/678","targetHints":{"allow":["GET"]}}],"collection":[{"href":"https:\/\/praguetouristinformation.com\/fr\/wp-json\/wp\/v2\/pages"}],"about":[{"href":"https:\/\/praguetouristinformation.com\/fr\/wp-json\/wp\/v2\/types\/page"}],"author":[{"embeddable":true,"href":"https:\/\/praguetouristinformation.com\/fr\/wp-json\/wp\/v2\/users\/6"}],"replies":[{"embeddable":true,"href":"https:\/\/praguetouristinformation.com\/fr\/wp-json\/wp\/v2\/comments?post=678"}],"version-history":[{"count":0,"href":"https:\/\/praguetouristinformation.com\/fr\/wp-json\/wp\/v2\/pages\/678\/revisions"}],"up":[{"embeddable":true,"href":"https:\/\/praguetouristinformation.com\/fr\/wp-json\/wp\/v2\/pages\/738"}],"wp:featuredmedia":[{"embeddable":true,"href":"https:\/\/praguetouristinformation.com\/fr\/wp-json\/wp\/v2\/media\/1763"}],"wp:attachment":[{"href":"https:\/\/praguetouristinformation.com\/fr\/wp-json\/wp\/v2\/media?parent=678"}],"wp:term":[{"taxonomy":"category","embeddable":true,"href":"https:\/\/praguetouristinformation.com\/fr\/wp-json\/wp\/v2\/categories?post=678"},{"taxonomy":"post_tag","embeddable":true,"href":"https:\/\/praguetouristinformation.com\/fr\/wp-json\/wp\/v2\/tags?post=678"}],"curies":[{"name":"wp","href":"https:\/\/api.w.org\/{rel}","templated":true}]}}