{"id":664,"date":"2020-10-04T19:34:05","date_gmt":"2020-10-04T19:34:05","guid":{"rendered":"http:\/\/praguetouristinformation.com\/?page_id=664"},"modified":"2023-05-04T12:45:25","modified_gmt":"2023-05-04T12:45:25","slug":"le-pont-charles","status":"publish","type":"page","link":"https:\/\/praguetouristinformation.com\/fr\/choses-a-faire\/le-pont-charles","title":{"rendered":"Guide du pont Charles\u00a0: Curiosit\u00e9s, histoire et conseils"},"content":{"rendered":"<h3 id=\"t-1670484104896\">Le pont Charles est l&rsquo;un des plus anciens ponts de pierre d&rsquo;Europe.<\/h3>\n<p>Il relie la vieille ville (Star\u00e9 Mesto) \u00e0 la petite ville (Mal\u00e1 Strana).<\/p>\n<p>Le pont sur la Vltava est d\u00e9limit\u00e9 par deux tours et n&rsquo;est ouvert qu&rsquo;aux pi\u00e9tons. Il y a une activit\u00e9 anim\u00e9e ici presque 24 heures sur 24.<\/p>\n<p>Sur cette page, vous d\u00e9couvrirez tout ce que vous devez savoir avant de visiter le pont Charles. Cela comprend l&rsquo;histoire, les statues c\u00e9l\u00e8bres et d&rsquo;autres sites le long du pont Charles.<\/p>\n<p>Commen\u00e7ons!<\/p>\n<h2 id=\"t-1670484104897\">Que puis-je faire sur le pont Charles ?<\/h2>\n<p><span><img decoding=\"async\" alt=\"Que puis-je faire sur le pont Charles \u00e0 Prague\" data-id=\"2272\" width=\"702\" data-init-width=\"1000\" height=\"468\" data-init-height=\"667\" title=\"Que puis-je faire sur le pont Charles \u00e0 Prague\" loading=\"lazy\" src=\"http:\/\/praguetouristinformation.com\/wp-content\/uploads\/2020\/12\/Was-kann-ich-auf-der-Karlsbruecke-machen.jpg\" data-width=\"702\" data-height=\"468\" data-pin-media=\"http:\/\/praguetouristinformation.com\/wp-content\/uploads\/2021\/01\/prag_karlsbruecke_pinterest.jpg\" data-pin-description=\"Guide zur Karlsbr\u00fccke: Sehensw\u00fcrdigkeiten &amp; Geschichte 2022\" data-pin-url=\"https:\/\/praguetouristinformation.com\/fr\/choses-a-faire\/le-pont-charles?tve=true&amp;tcbf=4acad60f38\" data-pinpro-key=\"qrnfwtouf\"><\/span><\/p>\n<h3 id=\"t-1670484104898\">Tour du pont de la vieille ville<\/h3>\n<p>La <a data-id=\"http:\/\/en.muzeumprahy.cz\/201-the-old-town-bridge-tower\/\" data-type=\"URL\" href=\"http:\/\/en.muzeumprahy.cz\/201-the-old-town-bridge-tower\/\" target=\"_blank\" style=\"outline: none;\" rel=\"noopener\">tour du pont de la vieille ville<\/a> se trouve du c\u00f4t\u00e9 de Star\u00e9 Mesto, c&rsquo;est-\u00e0-dire du c\u00f4t\u00e9 de la vieille ville de Prague. Elle a \u00e9t\u00e9 construite en 1370 sous l&#8217;empereur Charles IV et est aujourd&rsquo;hui consid\u00e9r\u00e9e comme l&rsquo;une des plus belles tours gothiques d&rsquo;Europe.<\/p>\n<p>138 marches m\u00e8nent dans la tour \u00e0 la terrasse d&rsquo;observation. Il y a une vue fantastique sur la Vltava et la vieille ville de Prague.<\/p>\n<p>Sur le c\u00f4t\u00e9 est de la tour se trouvent les armoiries de tous les pays qui faisaient partie du royaume tch\u00e8que au moment de la construction du pont, celle de l&#8217;empereur romain et un symbole de Wenceslas IV sculpt\u00e9 dans le gr\u00e8s. Une sculpture assise de Charles IV orne la tour.<\/p>\n<p>Autrefois, la tour servait \u00e9galement d&rsquo;enjeu politique. De 1621 \u00e0 1631, les chefs de 27 rebelles ex\u00e9cut\u00e9s contre les Habsbourg ont \u00e9t\u00e9 mis sur des poteaux comme moyen de dissuasion. Aujourd&rsquo;hui, une plaque comm\u00e9more les \u00e9v\u00e9nements.<\/p>\n<h3 id=\"t-1670484104899\">Tour du pont de la petite ville<\/h3>\n<p>La <a data-id=\"http:\/\/en.muzeumprahy.cz\/202-the-lesser-town-bridge-tower\/\" data-type=\"URL\" href=\"http:\/\/en.muzeumprahy.cz\/202-the-lesser-town-bridge-tower\/\" target=\"_blank\" style=\"outline: none;\" rel=\"noopener\">tour du pont de la ville<\/a> basse est la plus basse des deux tours, elle est reli\u00e9e \u00e0 l&rsquo;ancienne tour Judith par une porte et forme l&rsquo;entr\u00e9e du pont Charles depuis la ville basse. Il a \u00e9t\u00e9 construit en 1464 dans le style roman, sa conception \u00e9tait similaire \u00e0 celle de la tour du pont de la vieille ville. Il a \u00e9t\u00e9 reconstruit dans le style Renaissance en 1591. Sur son c\u00f4t\u00e9 est, il y a des reliefs en arc avec des tourelles stylis\u00e9es au sommet.<\/p>\n<p>La tour mesure 45 m\u00e8tres de haut et peut \u00e9galement \u00eatre escalad\u00e9e. Le belv\u00e9d\u00e8re mesure 26 m\u00e8tres de haut et offre une vue magnifique sur la Vltava et la ville.<\/p>\n<h3 id=\"t-1670484104900\">porte-bonheur<\/h3>\n<p>L&rsquo;une des quelque 30 statues de saints du pont Charles est celle de Saint Jean N\u00e9pomuc\u00e8ne, \u00e9rig\u00e9e en 1683. Selon la l\u00e9gende, le confesseur de la reine s&rsquo;attire les foudres du roi Venceslas IV parce qu&rsquo;il n&rsquo;a pas voulu r\u00e9v\u00e9ler ce que la reine devait lui avouer. Apr\u00e8s un interrogatoire embarrassant en 1393, Venceslas IV le fit jeter dans la Vltava pour dissimuler des traces de torture.<\/p>\n<p>Aujourd&rsquo;hui, toucher le relief du saint porte chance. Le chien \u00e0 gauche et le torse et la jupe d&rsquo;une femme de l&rsquo;autre c\u00f4t\u00e9 de la figure sont caress\u00e9s d&rsquo;une propret\u00e9 \u00e9clatante.<\/p>\n<h3 id=\"t-1670484104901\">vendeur de rue<\/h3>\n<p>Le pont Charles est tr\u00e8s fr\u00e9quent\u00e9 pendant pr\u00e8s de 24 heures. Des musiciens jouent des chansons et de nombreux commer\u00e7ants vendent des souvenirs et de l&rsquo;art, vous pouvez vous faire photographier ou caricaturer en quelques traits.<\/p>\n<h3 id=\"t-1670484104902\">Vltava et vue<\/h3>\n<p>Depuis le pont Charles, vous avez une vue unique sur la Vltava et le ch\u00e2teau de Prague. Sous le pont se trouvent des bateaux historiques, les \u00ab\u00a0Venice Ferries\u00a0\u00bb de Prague. Chaque ann\u00e9e le 15 mai, la f\u00eate Navalis se tient sur l&rsquo;eau autour du pont. Saint Nepomuk, l&rsquo;un des saints patrons des gondoliers, est comm\u00e9mor\u00e9 par de la musique baroque, des feux d&rsquo;artifice, des gondoles et des r\u00e9gates. www.navalis.cz<\/p>\n<h3 id=\"t-1670484104903\">Mus\u00e9e du Pont Charles<\/h3>\n<p>C\u00f4t\u00e9 Vieille Ville, \u00e0 proximit\u00e9 imm\u00e9diate du Pont Charles, se trouve un <a data-id=\"www.muzeumkarlovamostu.cz\" data-type=\"URL\" href=\"http:\/\/www.muzeumkarlovamostu.cz\" target=\"_blank\" rel=\"noopener\">mus\u00e9e<\/a> du m\u00eame nom dans les locaux d&rsquo;un ancien h\u00f4pital. Ici, l&rsquo;histoire et la construction du pont Charles sont racont\u00e9es de mani\u00e8re vivante.&nbsp;<\/p>\n<h2 id=\"t-1670484104904\">Comment se rendre au pont Charles ?<\/h2>\n<p><span><img decoding=\"async\" alt=\"Comment se rendre au pont Charles \u00e0 Prague\" data-id=\"2273\" width=\"702\" data-init-width=\"1000\" height=\"468\" data-init-height=\"667\" title=\"Comment se rendre au pont Charles \u00e0 Prague\" loading=\"lazy\" src=\"http:\/\/praguetouristinformation.com\/wp-content\/uploads\/2020\/12\/Wie-komme-ich-zur-Karlsbruecke.jpg\" data-width=\"702\" data-height=\"468\" data-pin-media=\"http:\/\/praguetouristinformation.com\/wp-content\/uploads\/2021\/01\/prag_karlsbruecke_pinterest.jpg\" data-pin-description=\"Guide zur Karlsbr\u00fccke: Sehensw\u00fcrdigkeiten &amp; Geschichte 2022\" data-pin-url=\"https:\/\/praguetouristinformation.com\/fr\/choses-a-faire\/le-pont-charles?tve=true&amp;tcbf=4acad60f38\" data-pinpro-key=\"600itqq7a\"><\/span><\/p>\n<p>Le pont Charles est accessible par la ligne A du m\u00e9tro, ligne verte, via la station Staromestsk\u00e1 dans la vieille ville et via la station Malostansk\u00e1 dans la petite ville.<\/p>\n<p>De plus, les lignes de tram 17 et 18 vont au Pont Charles.<\/p>\n<h2 id=\"t-1670484104905\">Histoire du pont Charles<\/h2>\n<p><span><img decoding=\"async\" alt=\"Histoire du pont Charles \u00e0 Prague\" data-id=\"3106\" width=\"702\" data-init-width=\"1200\" height=\"369\" data-init-height=\"630\" title=\"Histoire du pont Charles \u00e0 Prague\" loading=\"lazy\" src=\"http:\/\/praguetouristinformation.com\/wp-content\/uploads\/2021\/02\/Impressum-for-Prague.jpg\" data-width=\"702\" data-height=\"369\" data-pin-media=\"http:\/\/praguetouristinformation.com\/wp-content\/uploads\/2021\/01\/prag_karlsbruecke_pinterest.jpg\" data-pin-description=\"Guide zur Karlsbr\u00fccke: Sehensw\u00fcrdigkeiten &amp; Geschichte 2022\" data-pin-url=\"https:\/\/praguetouristinformation.com\/fr\/choses-a-faire\/le-pont-charles?tve=true&amp;tcbf=4acad60f38\" data-pinpro-key=\"w8rzfhbzl\"><\/span><\/p>\n<p>Le pont Charles est le plus ancien pont sur la rivi\u00e8re Vltava et l&rsquo;un des plus anciens ponts de pierre d&rsquo;Europe.<\/p>\n<p>La premi\u00e8re pierre a \u00e9t\u00e9 pos\u00e9e par l&#8217;empereur Charles IV le 9 juillet 1357, une date que les astrologues ont calcul\u00e9e comme \u00e9tant particuli\u00e8rement propice. Le pont de pierre de Ratisbonne a servi de mod\u00e8le. Il a \u00e9t\u00e9 achev\u00e9 en 1402.<\/p>\n<p>Il est fortifi\u00e9 des deux c\u00f4t\u00e9s avec des tours de pont, la tour du pont de la petite ville et la tour du pont de la vieille ville. Le pont relie la vieille ville \u00e0 la ville basse via 16 arches. Il mesure 520 m\u00e8tres de long et 10 m\u00e8tres de large et repr\u00e9sente un chef-d&rsquo;\u0153uvre architectural et statique.Jusqu&rsquo;en 1836, il \u00e9tait le seul pont sur la Vltava.<\/p>\n<p>Entre 1683 et 1928, 30 sculptures ont \u00e9t\u00e9 \u00e9rig\u00e9es sur les piliers du pont, la plus c\u00e9l\u00e8bre \u00e9tant celle de Saint Jean N\u00e9pomuc\u00e8ne de 1683, dont on dit qu&rsquo;elle porte chance si on la touche.<\/p>\n<p>La route royale des rois tch\u00e8ques passait \u00e9galement par le pont Charles jusqu&rsquo;au ch\u00e2teau de Prague.<\/p>\n<p>Le pont n&rsquo;a re\u00e7u son nom actuel qu&rsquo;en 1870, jusque-l\u00e0 il s&rsquo;appelait simplement \u00ab\u00a0Pont de pierre\u00a0\u00bb. Il \u00e9tait ouvert aux tramways hippomobiles depuis 1883 et \u00e9galement aux tramways \u00e9lectriques au d\u00e9but du XXe si\u00e8cle.<\/p>\n<p>Aujourd&rsquo;hui, il n&rsquo;est accessible qu&rsquo;aux pi\u00e9tons.<\/p>\n<h2 id=\"t-1670484104906\">Contacter<\/h2>\n<ul>\n<li><strong>Adresse :<\/strong> Pont Charles, 110 00 Prague<\/li>\n<li><strong>Transports en commun<\/strong> : M\u00e9tro, ligne verte A, station Staromestsk\u00e1 dans la Vieille Ville et station Malostansk\u00e1 dans la Petite Ville <strong>Horaires<\/strong> : Le pont est ouvert 24h\/24. Pour les heures d&rsquo;ouverture de la <strong>tour du pont de la vieille ville<\/strong> , veuillez cliquer <a data-id=\"http:\/\/en.muzeumprahy.cz\/201-the-old-town-bridge-tower\/\" data-type=\"URL\" href=\"http:\/\/en.muzeumprahy.cz\/201-the-old-town-bridge-tower\/\" target=\"_blank\" style=\"outline: none;\" data-lt-tmp-id=\"lt-920075\" spellcheck=\"false\" rel=\"noopener\">ici. <\/a>Pour ceux de la <strong>tour du pont de la petite ville<\/strong> , veuillez cliquer <a data-id=\"http:\/\/en.muzeumprahy.cz\/202-the-lesser-town-bridge-tower\/\" data-type=\"URL\" href=\"http:\/\/en.muzeumprahy.cz\/202-the-lesser-town-bridge-tower\/\" target=\"_blank\" style=\"outline: none;\" rel=\"noopener\">ici<\/a> . Les heures d&rsquo;ouverture du mus\u00e9e du pont Charles peuvent \u00eatre trouv\u00e9es <a data-id=\"www.muzeumkarlovamostu.cz\" data-type=\"URL\" href=\"http:\/\/www.muzeumkarlovamostu.cz\" target=\"_blank\" rel=\"noopener\">ici.<\/a><a data-id=\"http:\/\/en.muzeumprahy.cz\/201-the-old-town-bridge-tower\/\" data-type=\"URL\" href=\"http:\/\/en.muzeumprahy.cz\/201-the-old-town-bridge-tower\/\" target=\"_blank\" style=\"outline: none;\" data-lt-tmp-id=\"lt-920075\" spellcheck=\"false\" rel=\"noopener\"><\/a><strong><\/strong><a data-id=\"http:\/\/en.muzeumprahy.cz\/202-the-lesser-town-bridge-tower\/\" data-type=\"URL\" href=\"http:\/\/en.muzeumprahy.cz\/202-the-lesser-town-bridge-tower\/\" target=\"_blank\" style=\"outline: none;\" rel=\"noopener\"><\/a><a data-id=\"www.muzeumkarlovamostu.cz\" data-type=\"URL\" href=\"http:\/\/www.muzeumkarlovamostu.cz\" target=\"_blank\" rel=\"noopener\"><\/a><\/li>\n<\/ul>\n","protected":false},"excerpt":{"rendered":"<p>Le pont Charles est l&rsquo;un des plus anciens ponts de pierre d&rsquo;Europe. Il relie la vieille ville (Star\u00e9 Mesto) \u00e0 la petite ville (Mal\u00e1 Strana). Le pont sur la Vltava est d\u00e9limit\u00e9 par deux tours et n&rsquo;est ouvert qu&rsquo;aux pi\u00e9tons. Il y a une activit\u00e9 anim\u00e9e ici presque 24 heures sur 24. Sur cette page, [&hellip;]<\/p>\n","protected":false},"author":6,"featured_media":2269,"parent":247,"menu_order":0,"comment_status":"closed","ping_status":"closed","template":"","meta":{"footnotes":""},"categories":[],"tags":[19,24],"class_list":["post-664","page","type-page","status-publish","has-post-thumbnail","hentry","tag-sehenswuerdigkeiten","tag-top-10","post-wrapper","thrv_wrapper"],"_links":{"self":[{"href":"https:\/\/praguetouristinformation.com\/fr\/wp-json\/wp\/v2\/pages\/664","targetHints":{"allow":["GET"]}}],"collection":[{"href":"https:\/\/praguetouristinformation.com\/fr\/wp-json\/wp\/v2\/pages"}],"about":[{"href":"https:\/\/praguetouristinformation.com\/fr\/wp-json\/wp\/v2\/types\/page"}],"author":[{"embeddable":true,"href":"https:\/\/praguetouristinformation.com\/fr\/wp-json\/wp\/v2\/users\/6"}],"replies":[{"embeddable":true,"href":"https:\/\/praguetouristinformation.com\/fr\/wp-json\/wp\/v2\/comments?post=664"}],"version-history":[{"count":0,"href":"https:\/\/praguetouristinformation.com\/fr\/wp-json\/wp\/v2\/pages\/664\/revisions"}],"up":[{"embeddable":true,"href":"https:\/\/praguetouristinformation.com\/fr\/wp-json\/wp\/v2\/pages\/247"}],"wp:featuredmedia":[{"embeddable":true,"href":"https:\/\/praguetouristinformation.com\/fr\/wp-json\/wp\/v2\/media\/2269"}],"wp:attachment":[{"href":"https:\/\/praguetouristinformation.com\/fr\/wp-json\/wp\/v2\/media?parent=664"}],"wp:term":[{"taxonomy":"category","embeddable":true,"href":"https:\/\/praguetouristinformation.com\/fr\/wp-json\/wp\/v2\/categories?post=664"},{"taxonomy":"post_tag","embeddable":true,"href":"https:\/\/praguetouristinformation.com\/fr\/wp-json\/wp\/v2\/tags?post=664"}],"curies":[{"name":"wp","href":"https:\/\/api.w.org\/{rel}","templated":true}]}}