{"id":662,"date":"2020-10-04T19:20:26","date_gmt":"2020-10-04T19:20:26","guid":{"rendered":"http:\/\/praguetouristinformation.com\/?page_id=662"},"modified":"2023-05-04T12:58:02","modified_gmt":"2023-05-04T12:58:02","slug":"place-venceslas","status":"publish","type":"page","link":"https:\/\/praguetouristinformation.com\/fr\/choses-a-faire\/vieille-ville\/place-venceslas","title":{"rendered":"Guide de la place Venceslas\u00a0: curiosit\u00e9s, march\u00e9 de No\u00ebl et histoire"},"content":{"rendered":"<h3 id=\"t-1670399031701\">La place Venceslas se trouve dans la nouvelle ville de Prague. De nombreux caf\u00e9s, restaurants et h\u00f4tels sont situ\u00e9s sur et autour de la place Venceslas.<\/h3>\n<p>Dans les rues adjacentes, il y a un grand choix de magasins et de boutiques dans diff\u00e9rentes gammes de prix.<\/p>\n<p>Avec une longueur de 750 m\u00e8tres, c&rsquo;est l&rsquo;une des plus grandes places d&rsquo;Europe.<\/p>\n<p>Sur cette page, vous trouverez toutes les informations importantes sur la place Venceslas, y compris les principaux sites touristiques et l&rsquo;histoire de la place.&nbsp;<\/p>\n<h2 id=\"t-1670399031702\">Que puis-je faire sur la place Venceslas ?<\/h2>\n<h3 id=\"t-1670399031703\">1. Mus\u00e9e national<\/h3>\n<p><span><img decoding=\"async\" alt=\"\" data-id=\"3648\" width=\"688\" data-init-width=\"1000\" height=\"457\" data-init-height=\"664\" title=\"National,Mus\u00e9e,De,Prague,Dans,Un,Ensoleill\u00e9,Jour\" loading=\"lazy\" src=\"http:\/\/praguetouristinformation.com\/wp-content\/uploads\/2022\/12\/prague-national-museum1.jpg\" data-width=\"688\" data-height=\"457\" data-pin-media=\"http:\/\/praguetouristinformation.com\/wp-content\/uploads\/2021\/02\/36.jpg\" data-pin-description=\"Guide zum Wenzelsplatz 2022 | Infos &amp; Sehensw\u00fcrdigkeiten\" data-pin-url=\"http:\/\/praguetouristinformation.com\/sehenswuerdigkeiten\/altstadt\/wenzelsplatz?tve=true&amp;tcbf=e8b25a02bb\" data-pinpro-key=\"aw102hcfn\"><\/span><\/p>\n<p>Le <a data-id=\"654\" data-type=\"page\" href=\"https:\/\/praguetouristinformation.com\/fr\/choses-a-faire\/musees\/national\" style=\"outline: none;\">Mus\u00e9e national<\/a> est le plus grand et le plus ancien complexe mus\u00e9al de la R\u00e9publique tch\u00e8que. En plus du b\u00e2timent principal de la place Venceslas, qui se compose d&rsquo;une partie ancienne et d&rsquo;une partie nouvelle, le mus\u00e9e poss\u00e8de de nombreux espaces d&rsquo;exposition \u00e0 travers Prague. Le billet du Mus\u00e9e national, que vous pouvez acheter ici, est valable pour les parties anciennes et nouvelles.<\/p>\n<h3 id=\"t-1670399031704\">2. Mus\u00e9e de la guerre froide<\/h3>\n<p>Le mus\u00e9e de la guerre froide est install\u00e9 au sous-sol de l&rsquo;h\u00f4tel de luxe Yalta. L&rsquo;ancien abri nucl\u00e9aire secret des ann\u00e9es 1950 devait servir de quartier g\u00e9n\u00e9ral \u00e0 l&rsquo;\u00e9quipe de gestion de crise du Pacte de Varsovie en cas de guerre.<\/p>\n<p>En 2013, le mus\u00e9e a \u00e9t\u00e9 ouvert ici. On peut y voir entre autres des appareils d&rsquo;\u00e9coute de la police secr\u00e8te, un ancien standard t\u00e9l\u00e9phonique et t\u00e9l\u00e9copieur, des masques \u00e0 gaz, des journaux, des uniformes de gardes-fronti\u00e8res et une mitrailleuse des ann\u00e9es 1950.<\/p>\n<p>Des visites guid\u00e9es peuvent \u00eatre r\u00e9serv\u00e9es \u00e0 la r\u00e9ception de l&rsquo; <a href=\"https:\/\/www.hoteljalta.com\/de\/was-besuchen\/\" target=\"_blank\" style=\"outline: none;\" rel=\"noopener\">h\u00f4tel Yalta .<\/a><\/p>\n<h3 id=\"t-1670399031705\">3. Monument Jan Palach et Jan Zajic<\/h3>\n<p><span><img decoding=\"async\" alt=\"\" data-id=\"3672\" width=\"688\" data-init-width=\"1000\" height=\"459\" data-init-height=\"667\" title=\"M\u00e9morial,construit,dans,public,trottoir,dans,Prague,est,d\u00e9di\u00e9,\u00e0\" loading=\"lazy\" src=\"http:\/\/praguetouristinformation.com\/wp-content\/uploads\/2022\/12\/Jan-Palach-and-Jan-Zajic-Monument.jpg\" data-width=\"688\" data-height=\"459\" data-pin-media=\"http:\/\/praguetouristinformation.com\/wp-content\/uploads\/2021\/02\/36.jpg\" data-pin-description=\"Guide zum Wenzelsplatz 2022 | Infos &amp; Sehensw\u00fcrdigkeiten\" data-pin-url=\"http:\/\/praguetouristinformation.com\/sehenswuerdigkeiten\/altstadt\/wenzelsplatz?tve=true&amp;tcbf=e8b25a02bb\" data-pinpro-key=\"67i792mw3\"><\/span><\/p>\n<p>Le 16 janvier 1969, l&rsquo;\u00e9tudiant de vingt ans Jan Palach s&rsquo;est asperg\u00e9 d&rsquo;essence, a allum\u00e9 une allumette et a d\u00e9val\u00e9 les marches du Mus\u00e9e national jusqu&rsquo;\u00e0 la place Venceslas comme une torche humaine. Il voulait protester contre la r\u00e9pression du Printemps de Prague et les diktats de l&rsquo;Union sovi\u00e9tique. Il a succomb\u00e9 \u00e0 ses br\u00fblures quatre jours plus tard.<\/p>\n<p>Le 25 f\u00e9vrier 1969, Jan Zaj\u00edc, \u00e9galement connu sous le nom de \u00ab\u00a0Torche n \u00b0 2\u00a0\u00bb, a embo\u00eet\u00e9 le pas et est d\u00e9c\u00e9d\u00e9 sur le coup.<\/p>\n<p>Des monuments comm\u00e9moratifs aux deux \u00e9tudiants ont \u00e9t\u00e9 incrust\u00e9s dans le sol devant le Mus\u00e9e national.<\/p>\n<h3 id=\"t-1670399031706\">4. L&rsquo;Op\u00e9ra national de Prague &#8211; Op\u00e9ra national de Prague<\/h3>\n<p><span><img decoding=\"async\" alt=\"\" data-id=\"3673\" width=\"688\" data-init-width=\"1000\" height=\"459\" data-init-height=\"667\" title=\"Photo,De,\u00c9tat,Op\u00e9ra,Dans,Tch\u00e8que,Ville,Prague\" loading=\"lazy\" src=\"http:\/\/praguetouristinformation.com\/wp-content\/uploads\/2022\/12\/Prague-State-Opera.jpg\" data-width=\"688\" data-height=\"459\" data-pin-media=\"http:\/\/praguetouristinformation.com\/wp-content\/uploads\/2021\/02\/36.jpg\" data-pin-description=\"Guide zum Wenzelsplatz 2022 | Infos &amp; Sehensw\u00fcrdigkeiten\" data-pin-url=\"http:\/\/praguetouristinformation.com\/sehenswuerdigkeiten\/altstadt\/wenzelsplatz?tve=true&amp;tcbf=e8b25a02bb\" data-pinpro-key=\"w0527vjvc\"><\/span><\/p>\n<p>L&rsquo;Op\u00e9ra d&rsquo;\u00c9tat de Prague est l&rsquo;un des plus beaux \u00e9difices th\u00e9\u00e2traux d&rsquo;Europe, avec son grand auditorium, sa sc\u00e8ne spacieuse et ses d\u00e9corations n\u00e9o-rococo.<\/p>\n<p>Le th\u00e9\u00e2tre a \u00e9t\u00e9 ouvert en 1888 en tant que th\u00e9\u00e2tre allemand de Prague avec l&rsquo;op\u00e9ra de Wagner Die Meistersinger von N\u00fcrnberg. L&rsquo;Op\u00e9ra d&rsquo;\u00c9tat fait partie du Th\u00e9\u00e2tre national et des ensembles d&rsquo;op\u00e9ra et de ballet se produisent sur sa sc\u00e8ne.<\/p>\n<p>Le programme de l&rsquo;Op\u00e9ra d&rsquo;\u00c9tat <a href=\"http:\/\/www.narodni-divadlo.cz\/\" target=\"_blank\" style=\"outline: none;\" rel=\"noopener\">peut \u00eatre consult\u00e9 ici <\/a><a href=\"http:\/\/www.narodni-divadlo.cz\/\" target=\"_blank\" rel=\"noopener\">.<\/a><\/p>\n<h3 id=\"t-1670399031707\">5. <strong>Monument Saint Venceslas<\/strong><\/h3>\n<p><span><img decoding=\"async\" alt=\"\" data-id=\"3677\" width=\"688\" data-init-width=\"1000\" height=\"459\" data-init-height=\"667\" title=\"Statue,de,St.,Venceslas,dans,Prague,,un,vieux,Monument,\u00e0\" loading=\"lazy\" src=\"http:\/\/praguetouristinformation.com\/wp-content\/uploads\/2022\/12\/St.-Wenceslas-Monument.jpg\" data-width=\"688\" data-height=\"459\" data-pin-media=\"http:\/\/praguetouristinformation.com\/wp-content\/uploads\/2021\/02\/36.jpg\" data-pin-description=\"Guide zum Wenzelsplatz 2022 | Infos &amp; Sehensw\u00fcrdigkeiten\" data-pin-url=\"http:\/\/praguetouristinformation.com\/sehenswuerdigkeiten\/altstadt\/wenzelsplatz?tve=true&amp;tcbf=e8b25a02bb\" data-pinpro-key=\"40bxc67iv\"><\/span><\/p>\n<p>Saint Venceslas, qui a donn\u00e9 son nom \u00e0 la place, monta sur le tr\u00f4ne tch\u00e8que en 922 et fut assassin\u00e9 par son fr\u00e8re le 28 septembre 935. Ses dates de naissance exactes ne sont pas connues \u00e0 ce jour.<\/p>\n<p>Une immense statue \u00e9questre en bronze comm\u00e9more l&rsquo;homme politique boh\u00e8me. Il date de 1913 et a \u00e9t\u00e9 cr\u00e9\u00e9 par l&rsquo;artiste Josef V\u00e1clav Myslbek. En plus de Svat\u00fd V\u00e1clav, Saint Venceslas, qui est repr\u00e9sent\u00e9 comme le saint patron en armure et est consid\u00e9r\u00e9 comme un h\u00e9ros national tch\u00e8que, les quatre saints patrons ont \u00e9galement \u00e9t\u00e9 model\u00e9s : Ludmilla, Prokop, Agn\u00e8s et Adalbert.<\/p>\n<h3 id=\"t-1670399031708\">6.Architecture<\/h3>\n<p><span><img decoding=\"async\" alt=\"\" data-id=\"3675\" width=\"688\" data-init-width=\"1000\" height=\"459\" data-init-height=\"667\" title=\"Prague,,R\u00e9publique Tch\u00e8que-septembre,06,,2015&nbsp;:,B\u00e2timents,,Personnes,,Nuit,Vie,De\" loading=\"lazy\" src=\"http:\/\/praguetouristinformation.com\/wp-content\/uploads\/2022\/12\/Wenceslas-Square.jpg\" data-width=\"688\" data-height=\"459\" data-pin-media=\"http:\/\/praguetouristinformation.com\/wp-content\/uploads\/2021\/02\/36.jpg\" data-pin-description=\"Guide zum Wenzelsplatz 2022 | Infos &amp; Sehensw\u00fcrdigkeiten\" data-pin-url=\"http:\/\/praguetouristinformation.com\/sehenswuerdigkeiten\/altstadt\/wenzelsplatz?tve=true&amp;tcbf=e8b25a02bb\" data-pinpro-key=\"n40mnkris\"><\/span><\/p>\n<p>Autour de la place Venceslas se trouvent de nombreuses maisons baroques bien conserv\u00e9es ou des b\u00e2timents aux fa\u00e7ades Art nouveau.<\/p>\n<p>Les nombreux caf\u00e9s et <a data-id=\"761\" data-type=\"page\" href=\"https:\/\/praguetouristinformation.com\/fr\/restaurants-prague\" style=\"outline: none;\">restaurants<\/a> sur et autour de la place vous invitent \u00e0 vous attarder.<\/p>\n<h2 id=\"t-1670399031709\" data-alt-text=\"Weihnachtsmarkt \">March\u00e9 de No\u00ebl sur la place Venceslas<\/h2>\n<p><span><img decoding=\"async\" alt=\"\" data-id=\"3597\" width=\"688\" data-init-width=\"1000\" height=\"460\" data-init-height=\"668\" title=\"No\u00ebl,Arbre,Et,F\u00e9e,Conte,\u00c9glise,De,Notre,Dame,Tyn\" loading=\"lazy\" src=\"http:\/\/praguetouristinformation.com\/wp-content\/uploads\/2022\/12\/prague-christmas-market.jpg\" data-width=\"688\" data-height=\"460\" data-pin-media=\"http:\/\/praguetouristinformation.com\/wp-content\/uploads\/2021\/02\/36.jpg\" data-pin-description=\"Guide zum Wenzelsplatz 2022 | Infos &amp; Sehensw\u00fcrdigkeiten\" data-pin-url=\"http:\/\/praguetouristinformation.com\/sehenswuerdigkeiten\/altstadt\/wenzelsplatz?tve=true&amp;tcbf=e8b25a02bb\" data-pinpro-key=\"b0pe9nmdk\"><\/span><\/p>\n<p>Chaque ann\u00e9e pendant l&rsquo;Avent, le deuxi\u00e8me plus grand march\u00e9 de No\u00ebl de Prague a lieu au bas de la place Venceslas.<\/p>\n<p>La plupart des produits propos\u00e9s sont faits \u00e0 la main, les jouets en bois, les verreries et les objets d&rsquo;art en fer et en acier fabriqu\u00e9s par les artisans forgerons \u00e9tant particuli\u00e8rement remarquables.<\/p>\n<p>Les berceaux en bois ou en pain d&rsquo;\u00e9pice con\u00e7us avec amour sont \u00e9galement indispensables.<\/p>\n<p>Les arbres autour de la place Venceslas sont d\u00e9cor\u00e9s d&rsquo;innombrables guirlandes lumineuses et cr\u00e9ent une atmosph\u00e8re de No\u00ebl.<\/p>\n<h2 id=\"t-1670399031710\" data-alt-text=\"Wie komme ich zum Wenzelsplatz?\">Comment se rendre \u00e0 la place Venceslas ?<\/h2>\n<p>La place Venceslas est accessible en m\u00e9tro, ligne verte A ou ligne jaune B, arr\u00eat M\u016fstek ou via l&rsquo;arr\u00eat Muzeum, ligne jaune A ou ligne rouge C.<\/p>\n<h2 id=\"t-1670399031711\">R\u00e9volution de velours sur la place Venceslas<\/h2>\n<p>Le dernier \u00e9v\u00e9nement majeur du si\u00e8cle qui a eu lieu ici a \u00e9t\u00e9 la soi-disant r\u00e9volution de velours en novembre 1989.<\/p>\n<p>Des milliers de manifestants ont envahi la place Venceslas pour se joindre \u00e0 Vaclav Havel &#8211; futur pr\u00e9sident de la R\u00e9publique tch\u00e8que &#8211; et Alexander Dubcek pour exiger la d\u00e9mission du Politburo. Le 24 novembre 1989, ils prononcent leur discours, dans lequel ils appellent \u00e0 la transformation politique du pays, depuis le balcon de la maison n\u00b056.<\/p>\n<p>Les cl\u00e9s qui sonnent deviennent un symbole de libert\u00e9 et, au sens figur\u00e9, sont destin\u00e9es \u00e0 annoncer le tournant. La douce r\u00e9sistance a conduit au renversement d\u00e9finitif du gouvernement communiste et finalement \u00e0 la chute du \u00ab\u00a0rideau de fer\u00a0\u00bb.<\/p>\n<h2 id=\"t-1670399031712\" data-alt-text=\"Geschichte\">Histoire de la place Venceslas<\/h2>\n<p><span><img decoding=\"async\" alt=\"\" data-id=\"3676\" width=\"688\" data-init-width=\"1000\" height=\"458\" data-init-height=\"666\" title=\"Nuit,Vue,De,Place Venceslas,Et,Mus\u00e9e,National,Dans,Prague,\" loading=\"lazy\" src=\"http:\/\/praguetouristinformation.com\/wp-content\/uploads\/2022\/12\/Wenceslas-Square2.jpg\" data-width=\"688\" data-height=\"458\" data-pin-media=\"http:\/\/praguetouristinformation.com\/wp-content\/uploads\/2021\/02\/36.jpg\" data-pin-description=\"Guide zum Wenzelsplatz 2022 | Infos &amp; Sehensw\u00fcrdigkeiten\" data-pin-url=\"http:\/\/praguetouristinformation.com\/sehenswuerdigkeiten\/altstadt\/wenzelsplatz?tve=true&amp;tcbf=e8b25a02bb\" data-pinpro-key=\"yzq2zmsof\"><\/span><\/p>\n<p>En fait, la place Venceslas n&rsquo;est pas une place, mais un boulevard de 60 m\u00e8tres de large et 750 m\u00e8tres de long. Depuis la fondation de la ville nouvelle en 1348, elle en est le point central. Puisqu&rsquo;un march\u00e9 aux chevaux avait lieu ici, la place s&rsquo;appelait \u00e0 l&rsquo;origine \u00ab\u00a0Rossmarkt\u00a0\u00bb, et elle n&rsquo;a re\u00e7u son nom actuel qu&rsquo;en 1848.<\/p>\n<p>Les premi\u00e8res extensions structurelles ont eu lieu aux XVIIe et XVIIIe si\u00e8cles, et entre 1890 et 1930 environ, la place a essentiellement pris la forme qu&rsquo;elle est aujourd&rsquo;hui. De nombreux palais civiques ont \u00e9t\u00e9 construits \u00e0 cette \u00e9poque. Des b\u00e2timents r\u00e9sidentiels vari\u00e9s ont \u00e9t\u00e9 ins\u00e9r\u00e9s entre les b\u00e2timents commerciaux.<\/p>\n<p>En tant que lieu de rencontre politique le plus important de la r\u00e9publique, il a \u00e9t\u00e9 le th\u00e9\u00e2tre de grandes manifestations et a souvent servi de toile de fond \u00e0 des manifestations et manifestations politiques.<\/p>\n<p>Le 16 janvier 1969, Jan Palach, un \u00e9tudiant de vingt ans, a descendu les marches du Mus\u00e9e national jusqu&rsquo;\u00e0 la place Venceslas en tant que torche humaine pour protester contre la suppression du Printemps de Prague. Le 25 f\u00e9vrier 1969, Jan Zaj\u00edc a fait de m\u00eame, c&rsquo;est pourquoi il est \u00e9galement connu sous le nom de \u00ab\u00a0Torch No. 2\u00a0\u00bb.<\/p>\n<p>En novembre 1989, la place Venceslas est devenue le th\u00e9\u00e2tre de la r\u00e9volution de velours qui a annonc\u00e9 la fin du r\u00e9gime communiste en R\u00e9publique tch\u00e8que.<\/p>\n<p>Aujourd&rsquo;hui, la place Venceslas est l&rsquo;une des places les plus populaires et les plus fr\u00e9quent\u00e9es de Prague. De nombreux restaurants, <a data-id=\"258\" data-type=\"page\" href=\"https:\/\/praguetouristinformation.com\/fr\/restaurants-prague\/cafes\" style=\"outline: none;\">caf\u00e9s<\/a> et bars invitent \u00e0 la fl\u00e2nerie, de nombreux h\u00f4tels sont situ\u00e9s sur et autour de la place centrale, tr\u00e8s anim\u00e9e jusque tard dans la nuit.<\/p>\n<p>La place de la vieille ville et la place de la R\u00e9publique sont \u00e0 seulement 600 m\u00e8tres.<\/p>\n<h2 id=\"t-1670399031713\">Contacter<\/h2>\n<ul>\n<li><strong>Adresse :<\/strong> Place Venceslas, 110 000 Nov\u00e9 M\u011bsto, Prague<\/li>\n<li><strong>Transports en commun<\/strong> : M\u00e9tro, ligne verte A ou ligne jaune B, arr\u00eat M\u016fstek ou ligne jaune A ou ligne rouge C, arr\u00eat Muzeum<\/li>\n<li><strong>Horaires d&rsquo;ouverture :<\/strong> Le lieu est ouvert 24h\/24.<\/li>\n<\/ul>\n","protected":false},"excerpt":{"rendered":"<p>La place Venceslas se trouve dans la nouvelle ville de Prague. De nombreux caf\u00e9s, restaurants et h\u00f4tels sont situ\u00e9s sur et autour de la place Venceslas. Dans les rues adjacentes, il y a un grand choix de magasins et de boutiques dans diff\u00e9rentes gammes de prix. Avec une longueur de 750 m\u00e8tres, c&rsquo;est l&rsquo;une des [&hellip;]<\/p>\n","protected":false},"author":6,"featured_media":1714,"parent":742,"menu_order":0,"comment_status":"open","ping_status":"closed","template":"","meta":{"footnotes":""},"categories":[],"tags":[19,24],"class_list":["post-662","page","type-page","status-publish","has-post-thumbnail","hentry","tag-sehenswuerdigkeiten","tag-top-10","post-wrapper","thrv_wrapper"],"_links":{"self":[{"href":"https:\/\/praguetouristinformation.com\/fr\/wp-json\/wp\/v2\/pages\/662","targetHints":{"allow":["GET"]}}],"collection":[{"href":"https:\/\/praguetouristinformation.com\/fr\/wp-json\/wp\/v2\/pages"}],"about":[{"href":"https:\/\/praguetouristinformation.com\/fr\/wp-json\/wp\/v2\/types\/page"}],"author":[{"embeddable":true,"href":"https:\/\/praguetouristinformation.com\/fr\/wp-json\/wp\/v2\/users\/6"}],"replies":[{"embeddable":true,"href":"https:\/\/praguetouristinformation.com\/fr\/wp-json\/wp\/v2\/comments?post=662"}],"version-history":[{"count":0,"href":"https:\/\/praguetouristinformation.com\/fr\/wp-json\/wp\/v2\/pages\/662\/revisions"}],"up":[{"embeddable":true,"href":"https:\/\/praguetouristinformation.com\/fr\/wp-json\/wp\/v2\/pages\/742"}],"wp:featuredmedia":[{"embeddable":true,"href":"https:\/\/praguetouristinformation.com\/fr\/wp-json\/wp\/v2\/media\/1714"}],"wp:attachment":[{"href":"https:\/\/praguetouristinformation.com\/fr\/wp-json\/wp\/v2\/media?parent=662"}],"wp:term":[{"taxonomy":"category","embeddable":true,"href":"https:\/\/praguetouristinformation.com\/fr\/wp-json\/wp\/v2\/categories?post=662"},{"taxonomy":"post_tag","embeddable":true,"href":"https:\/\/praguetouristinformation.com\/fr\/wp-json\/wp\/v2\/tags?post=662"}],"curies":[{"name":"wp","href":"https:\/\/api.w.org\/{rel}","templated":true}]}}