{"id":660,"date":"2020-10-02T20:02:11","date_gmt":"2020-10-02T20:02:11","guid":{"rendered":"http:\/\/praguetouristinformation.com\/?page_id=660"},"modified":"2023-05-04T13:07:33","modified_gmt":"2023-05-04T13:07:33","slug":"clementinum","status":"publish","type":"page","link":"https:\/\/praguetouristinformation.com\/fr\/choses-a-faire\/vieille-ville\/clementinum","title":{"rendered":"Guide du Clementinum\u00a0: Curiosit\u00e9s, histoire et visites guid\u00e9es"},"content":{"rendered":"<h3 id=\"t-1670607483272\">Le Clementinum \u00e9tait autrefois un coll\u00e8ge j\u00e9suite cr\u00e9\u00e9 \u00e0 partir d&rsquo;un ancien monast\u00e8re.<\/h3>\n<p>Aujourd&rsquo;hui, la Biblioth\u00e8que nationale tch\u00e8que y est h\u00e9berg\u00e9e.<\/p>\n<p>C&rsquo;est juste \u00e0 c\u00f4t\u00e9 du<a data-id=\"664\" data-type=\"page\" href=\"https:\/\/praguetouristinformation.com\/fr\/choses-a-faire\/le-pont-charles\" style=\"outline: none;\"> pont Charles<\/a> sur la rive droite de la Vltava et couvre une superficie totale de plus de deux hectares.<\/p>\n<p>En 1837, le premier m\u00e9morial de Mozart au monde a \u00e9t\u00e9 construit ici.<\/p>\n<p>Toutes les informations importantes sur le Clementinum sont collect\u00e9es ici, y compris l&rsquo;admission, son histoire et l&rsquo;adresse.<\/p>\n<h2 id=\"t-1670607483273\">Que puis-je voir dans le Clementinum ?<\/h2>\n<h3 id=\"t-1670607483274\">1. Chapelle des Miroirs<\/h3>\n<p><span><img decoding=\"async\" alt=\"\" data-id=\"4135\" width=\"735\" data-init-width=\"1000\" height=\"414\" data-init-height=\"563\" title=\"Miroir Chappel Clementarium Prague, R\u00e9publique Tch\u00e8que\" loading=\"lazy\" src=\"http:\/\/praguetouristinformation.com\/wp-content\/uploads\/2022\/12\/Mirror-Chappel-Clementarium-Prague-Czech-Republic.jpg\" data-width=\"735\" data-height=\"414\" data-pin-media=\"http:\/\/praguetouristinformation.com\/wp-content\/uploads\/2021\/02\/37-1.jpg\" data-pin-description=\"Clementinum: Sehensw\u00fcrdigkeiten, Geschichte &amp; F\u00fchrungen\" data-pin-url=\"https:\/\/praguetouristinformation.com\/fr\/choses-a-faire\/vieille-ville\/clementinum?tve=true&amp;tcbf=653ee5414e\" data-pinpro-key=\"o1ngisp6u\"><\/span><\/p>\n<p>L&rsquo;imposante chapelle aux miroirs a \u00e9t\u00e9 achev\u00e9e en 1725. Dans le plafond en miroir, le motif du sol devient visible comme un ciel \u00e9toil\u00e9. Stuc dor\u00e9, plafonds peints et rev\u00eatements muraux en marbre compl\u00e8tent l&rsquo;int\u00e9rieur opulent. Des concerts de musique classique y sont r\u00e9guli\u00e8rement organis\u00e9s depuis 1936.<\/p>\n<h3 id=\"t-1670607483275\">2. Tour astronomique avec figure d&rsquo;Atlas<\/h3>\n<p><span><img decoding=\"async\" alt=\"\" data-id=\"4133\" width=\"735\" data-init-width=\"1000\" height=\"490\" data-init-height=\"667\" title=\"Horloge astronomique Clementarium Prague, R\u00e9publique tch\u00e8que\" loading=\"lazy\" src=\"http:\/\/praguetouristinformation.com\/wp-content\/uploads\/2022\/12\/Astronomical-Clock-Clementarium-Prague-Czech-Republic.jpg\" data-width=\"735\" data-height=\"490\" data-pin-media=\"http:\/\/praguetouristinformation.com\/wp-content\/uploads\/2021\/02\/37-1.jpg\" data-pin-description=\"Clementinum: Sehensw\u00fcrdigkeiten, Geschichte &amp; F\u00fchrungen\" data-pin-url=\"https:\/\/praguetouristinformation.com\/fr\/choses-a-faire\/vieille-ville\/clementinum?tve=true&amp;tcbf=653ee5414e\" data-pinpro-key=\"1thdpylwo\"><\/span><\/p>\n<p>Les moines j\u00e9suites ont install\u00e9 un observatoire sur la tour de pr\u00e8s de 70 m\u00e8tres de haut, et des mesures m\u00e9t\u00e9orologiques y sont effectu\u00e9es depuis 1775. \u00c0 une hauteur de 52 m\u00e8tres, vous pourrez admirer des instruments de mesure du XIXe si\u00e8cle et profiter de la vue magnifique sur Prague. Il y a un ascenseur jusqu&rsquo;au 3\u00e8me \u00e9tage, puis c&rsquo;est 87 vol\u00e9es d&rsquo;escaliers. Ou vous pouvez monter directement les escaliers, qui ont 170 marches.<\/p>\n<p>Au sommet de la tour se dresse une figure d&rsquo;Atlas portant un globe sur son dos.<\/p>\n<h3 id=\"t-1670607483276\">3. Biblioth\u00e8que nationale<\/h3>\n<p><span><img decoding=\"async\" alt=\"\" data-id=\"4136\" width=\"735\" data-init-width=\"1000\" height=\"543\" data-init-height=\"739\" title=\"Biblioth\u00e8que nationale Clementarium Prague, R\u00e9publique tch\u00e8que\" loading=\"lazy\" src=\"http:\/\/praguetouristinformation.com\/wp-content\/uploads\/2022\/12\/National-Library-Clementarium-Prague-Czech-Republic.jpg\" data-width=\"735\" data-height=\"543\" data-pin-media=\"http:\/\/praguetouristinformation.com\/wp-content\/uploads\/2021\/02\/37-1.jpg\" data-pin-description=\"Clementinum: Sehensw\u00fcrdigkeiten, Geschichte &amp; F\u00fchrungen\" data-pin-url=\"https:\/\/praguetouristinformation.com\/fr\/choses-a-faire\/vieille-ville\/clementinum?tve=true&amp;tcbf=653ee5414e\" data-pinpro-key=\"9bdu7w3fd\"><\/span><\/p>\n<p>Les locaux qui abritent aujourd&rsquo;hui le si\u00e8ge de la Biblioth\u00e8que nationale ont \u00e9t\u00e9 achev\u00e9s en 1722. 60 ans plus tard, la Biblioteca Nationalis, contenant une grande collection de litt\u00e9rature tch\u00e8que, a \u00e9t\u00e9 cr\u00e9\u00e9e ici. Elle est consid\u00e9r\u00e9e comme l&rsquo;anc\u00eatre de la Biblioth\u00e8que nationale.<\/p>\n<p>En 1930, le b\u00e2timent est devenu le si\u00e8ge de la Biblioth\u00e8que nationale des Tch\u00e8ques. La salle de la biblioth\u00e8que baroque du Clementinum abrite plus de 20 000 livres historiques d&rsquo;une grande vari\u00e9t\u00e9 d&rsquo;\u00e9poques.<\/p>\n<p>La salle est un spectacle en soi avec ses fresques et ses globes historiquement pr\u00e9cieux.<\/p>\n<h2 id=\"t-1670607483277\">Visites guid\u00e9es \u00e0 travers le Clementinum<\/h2>\n<p>Le Clementinum est ouvert toute l&rsquo;ann\u00e9e.<\/p>\n<p>Veuillez vous r\u00e9f\u00e9rer au <a href=\"https:\/\/www.klementinum.com\/en\" target=\"_blank\" rel=\"noopener\">site Web<\/a> concern\u00e9 pour les prix d&rsquo;entr\u00e9e et des informations d\u00e9taill\u00e9es sur les visites .<\/p>\n<h2 id=\"t-1670607483278\">Comment se rendre \u00e0 la Cl\u00e9mentine ?<\/h2>\n<p>Le Clementinum est situ\u00e9 pr\u00e8s du pont Charles dans la <a data-id=\"742\" data-type=\"page\" href=\"https:\/\/praguetouristinformation.com\/fr\/choses-a-faire\/vieille-ville\" style=\"outline: none;\">vieille ville de Prague<\/a> et est facilement accessible par la ligne A du m\u00e9tro, ligne verte, arr\u00eat Starom\u0115stsk\u00e1.<\/p>\n<h2 id=\"t-1670607483279\">Histoire en tant que coll\u00e8ge j\u00e9suite<\/h2>\n<p><span><img decoding=\"async\" alt=\"\" data-id=\"4134\" width=\"735\" data-init-width=\"1000\" height=\"401\" data-init-height=\"545\" title=\"Clementinum Prague R\u00e9publique Tch\u00e8que\" loading=\"lazy\" src=\"http:\/\/praguetouristinformation.com\/wp-content\/uploads\/2022\/12\/Clementinum-Prague-Czech-Republic.jpg\" data-width=\"735\" data-height=\"401\" data-pin-media=\"http:\/\/praguetouristinformation.com\/wp-content\/uploads\/2021\/02\/37-1.jpg\" data-pin-description=\"Clementinum: Sehensw\u00fcrdigkeiten, Geschichte &amp; F\u00fchrungen\" data-pin-url=\"https:\/\/praguetouristinformation.com\/fr\/choses-a-faire\/vieille-ville\/clementinum?tve=true&amp;tcbf=653ee5414e\" data-pinpro-key=\"bpk4dkv3v\"><\/span><\/p>\n<p>Apr\u00e8s <a data-id=\"738\" data-type=\"page\" href=\"https:\/\/praguetouristinformation.com\/fr\/choses-a-faire\/chateau\" style=\"outline: none;\">le ch\u00e2teau de Prague<\/a> , le Clementinum est le plus grand complexe de b\u00e2timents de Prague et l&rsquo;un des plus grands complexes de b\u00e2timents historiques d&rsquo;Europe. Il couvre une superficie de plus de deux hectares.<\/p>\n<p>Les j\u00e9suites sont venus \u00e0 Prague en 1556 \u00e0 l&rsquo;invitation de l&#8217;empereur Ferdinand. L&#8217;empereur leur donna l&rsquo;ancien monast\u00e8re dominicain d\u00e9labr\u00e9 de Saint-Cl\u00e9ment pour s&rsquo;y installer et fonda un nouveau coll\u00e8ge pour concurrencer l&rsquo;universit\u00e9 Charles. Plus tard, l&rsquo;\u00e9glise Saint-Cl\u00e9ment a donn\u00e9 son nom \u00e0 l&rsquo;ensemble du complexe de b\u00e2timents.<\/p>\n<p>Ce n&rsquo;est qu&rsquo;au milieu du XVIe si\u00e8cle que l&rsquo;ordre re\u00e7oit des fonds pour effectuer des travaux de r\u00e9novation et construire de nouveaux b\u00e2timents.Le complexe de b\u00e2timents actuel a \u00e9t\u00e9 construit entre 1653 et 1726. Il comprenait 3 \u00e9glises, 2 tours, des \u00e9coles, une biblioth\u00e8que, un th\u00e9\u00e2tre, un dortoir et une imprimerie.&nbsp;<\/p>\n<p>L&#8217;empereur Ferdinand III. fit fusionner le Clementinum avec l&rsquo;Universit\u00e9 Charles en 1654, \u00e0 laquelle il \u00e9tait auparavant en concurrence.<\/p>\n<p>Lorsque l&rsquo;ordre a \u00e9t\u00e9 aboli en 1773, les moines ont d\u00fb quitter le coll\u00e8ge et le monast\u00e8re, et le complexe de b\u00e2timents est devenu propri\u00e9t\u00e9 de l&rsquo;\u00c9tat.<\/p>\n<p>En 1837, le premier m\u00e9morial de Mozart au monde a \u00e9t\u00e9 construit ici.<\/p>\n<p>Depuis 1930, c&rsquo;est le si\u00e8ge de la Biblioth\u00e8que nationale des Tch\u00e8ques, qui y stocke plus de 6 millions de documents. Il abrite \u00e9galement l&rsquo;Institut astronomique de l&rsquo;Acad\u00e9mie des sciences.<\/p>\n<h2 id=\"t-1670607483280\">Contacter<\/h2>\n<ul>\n<li><strong>Adresse :<\/strong> Mari\u00e1nsk\u00e9 n\u00e1m. 5, 110 00 Vieille Ville, Prague<\/li>\n<li><strong>Transports en commun :<\/strong> m\u00e9tro ligne A, ligne verte, arr\u00eat Starom\u0115stsk\u00e1<\/li>\n<li><strong>Horaires d&rsquo;ouverture&nbsp;:<\/strong> &nbsp;veuillez consulter le <a href=\"https:\/\/www.klementinum.com\/en\" target=\"_blank\" style=\"outline: none;\" rel=\"noopener\">site Web concern\u00e9 pour conna\u00eetre les horaires d&rsquo;ouverture exacts <\/a><a href=\"https:\/\/www.klementinum.com\/en\/\" style=\"outline: none;\" target=\"_blank\" rel=\"noopener\">.<\/a><\/li>\n<li><strong>Site internet<\/strong> : <a href=\"https:\/\/www.klementinum.com\/en\" target=\"_blank\" rel=\"noopener\">Klementinum Prague<\/a>&nbsp;<\/li>\n<\/ul>\n","protected":false},"excerpt":{"rendered":"<p>Le Clementinum \u00e9tait autrefois un coll\u00e8ge j\u00e9suite cr\u00e9\u00e9 \u00e0 partir d&rsquo;un ancien monast\u00e8re. Aujourd&rsquo;hui, la Biblioth\u00e8que nationale tch\u00e8que y est h\u00e9berg\u00e9e. C&rsquo;est juste \u00e0 c\u00f4t\u00e9 du pont Charles sur la rive droite de la Vltava et couvre une superficie totale de plus de deux hectares. En 1837, le premier m\u00e9morial de Mozart au monde a [&hellip;]<\/p>\n","protected":false},"author":6,"featured_media":1693,"parent":742,"menu_order":0,"comment_status":"closed","ping_status":"closed","template":"","meta":{"footnotes":""},"categories":[],"tags":[22,19],"class_list":["post-660","page","type-page","status-publish","has-post-thumbnail","hentry","tag-museum","tag-sehenswuerdigkeiten","post-wrapper","thrv_wrapper"],"_links":{"self":[{"href":"https:\/\/praguetouristinformation.com\/fr\/wp-json\/wp\/v2\/pages\/660","targetHints":{"allow":["GET"]}}],"collection":[{"href":"https:\/\/praguetouristinformation.com\/fr\/wp-json\/wp\/v2\/pages"}],"about":[{"href":"https:\/\/praguetouristinformation.com\/fr\/wp-json\/wp\/v2\/types\/page"}],"author":[{"embeddable":true,"href":"https:\/\/praguetouristinformation.com\/fr\/wp-json\/wp\/v2\/users\/6"}],"replies":[{"embeddable":true,"href":"https:\/\/praguetouristinformation.com\/fr\/wp-json\/wp\/v2\/comments?post=660"}],"version-history":[{"count":0,"href":"https:\/\/praguetouristinformation.com\/fr\/wp-json\/wp\/v2\/pages\/660\/revisions"}],"up":[{"embeddable":true,"href":"https:\/\/praguetouristinformation.com\/fr\/wp-json\/wp\/v2\/pages\/742"}],"wp:featuredmedia":[{"embeddable":true,"href":"https:\/\/praguetouristinformation.com\/fr\/wp-json\/wp\/v2\/media\/1693"}],"wp:attachment":[{"href":"https:\/\/praguetouristinformation.com\/fr\/wp-json\/wp\/v2\/media?parent=660"}],"wp:term":[{"taxonomy":"category","embeddable":true,"href":"https:\/\/praguetouristinformation.com\/fr\/wp-json\/wp\/v2\/categories?post=660"},{"taxonomy":"post_tag","embeddable":true,"href":"https:\/\/praguetouristinformation.com\/fr\/wp-json\/wp\/v2\/tags?post=660"}],"curies":[{"name":"wp","href":"https:\/\/api.w.org\/{rel}","templated":true}]}}