{"id":657,"date":"2020-10-02T20:06:38","date_gmt":"2020-10-02T20:06:38","guid":{"rendered":"http:\/\/praguetouristinformation.com\/?page_id=657"},"modified":"2023-05-04T11:32:15","modified_gmt":"2023-05-04T11:32:15","slug":"mucha","status":"publish","type":"page","link":"https:\/\/praguetouristinformation.com\/fr\/choses-a-faire\/musees\/mucha","title":{"rendered":"Guide du mus\u00e9e Mucha\u00a0: Exposition, entr\u00e9e et histoire"},"content":{"rendered":"<h3 id=\"t-1670589082321\">Le mus\u00e9e Mucha est situ\u00e9 au centre-ville de Prague dans un ancien palais de la ville, le palais Kaunitz.<\/h3>\n<p>Plus de 100 \u0153uvres du c\u00e9l\u00e8bre artiste Art nouveau Alfons Mucha sont expos\u00e9es ici.<\/p>\n<p>Toutes les informations importantes sur le mus\u00e9e Mucha sont rassembl\u00e9es ici, y compris l&rsquo;admission, son histoire et l&rsquo;adresse.<\/p>\n<h2 id=\"t-1670589082322\">Que puis-je faire au Mus\u00e9e Mucha ?<\/h2>\n<p>Le mus\u00e9e Mucha pr\u00e9sente environ 300 \u0153uvres du c\u00e9l\u00e8bre artiste Art nouveau Alfons Mucha.<\/p>\n<p>Le mus\u00e9e est divis\u00e9 en sept zones th\u00e9matiques :<\/p>\n<ul>\n<li>Panneaux D\u00e9coratifs<\/li>\n<li>Affiches parisiennes<\/li>\n<li>Documents D\u00e9coratifs<\/li>\n<li>Affiches tch\u00e8ques<\/li>\n<li>Dessins au crayon et au pastel<\/li>\n<li>photographies et souvenirs<\/li>\n<li>La partie la plus importante de l&rsquo;exposition sur la vie et l&rsquo;\u0153uvre artistique d&rsquo;Alfons Mucha est la partie \u00ab Affiches de Paris \u00bb.<\/li>\n<\/ul>\n<p>L&rsquo;atelier simul\u00e9, dont certains contiennent des meubles d&rsquo;origine, est destin\u00e9 \u00e0 donner un aper\u00e7u de sa vie.<\/p>\n<h3>Boutique des mus\u00e9es<\/h3>\n<p>Une large gamme de souvenirs inspir\u00e9s de Mucha peut \u00eatre trouv\u00e9e dans la boutique du mus\u00e9e du mus\u00e9e Mucha.<\/p>\n<h2 id=\"t-1670589082323\">Entr\u00e9e, billets et visites guid\u00e9es<\/h2>\n<ul>\n<li><strong>Entr\u00e9e :<\/strong> Le mus\u00e9e Mucha est ouvert toute l&rsquo;ann\u00e9e.<\/li>\n<li><strong>Billets&nbsp;:<\/strong> Veuillez consulter le <a href=\"https:\/\/www.mucha.cz\/de\/\" target=\"_blank\" style=\"outline: none;\" rel=\"noopener\">site Web<\/a> suivant pour conna\u00eetre les prix d&rsquo;entr\u00e9e .<\/li>\n<\/ul>\n<h2 id=\"t-1670589082324\">Comment se rendre au Mus\u00e9e Mucha ?<\/h2>\n<p>Le mus\u00e9e Mucha est situ\u00e9 sur la rive droite de la rivi\u00e8re Vltava dans le palais Kaunitz au centre de Prague et est facilement accessible par la ligne de m\u00e9tro A, ligne verte, et la ligne de m\u00e9tro B, ligne jaune, station M\u016fstek, \u00e0 partir de l\u00e0 c&rsquo;est un quelques minutes \u00e0 pied.<\/p>\n<h2 id=\"t-1670589082325\">Histoire du Mus\u00e9e Mucha<\/h2>\n<p>Le mus\u00e9e Mucha est situ\u00e9 dans le palais baroque Kaunitz au centre de Prague, qui a \u00e9t\u00e9 reconstruit plusieurs fois au cours du 19\u00e8me si\u00e8cle. Depuis le 13 juin 1998, il sert d&rsquo;espace d&rsquo;exposition permanente pour l&rsquo;\u0153uvre du peintre et artiste Art Nouveau Alfons Mucha.<\/p>\n<p>Au mus\u00e9e Mucha, environ 300 \u0153uvres de Mucha, consid\u00e9r\u00e9 comme l&rsquo;un des repr\u00e9sentants les plus remarquables de l&rsquo;Art nouveau, sont expos\u00e9es sur une superficie de 500 m\u00e8tres carr\u00e9s.<\/p>\n<p>N\u00e9 le 24 juillet 1860 en Moravie, Alfons Mucha a d&rsquo;abord travaill\u00e9 comme employ\u00e9 de bureau. Apr\u00e8s quelques ann\u00e9es, cependant, il re\u00e7oit diverses commandes de peintures sc\u00e9niques et commence ainsi sa carri\u00e8re artistique.<\/p>\n<p>Il est devenu c\u00e9l\u00e8bre pratiquement du jour au lendemain lorsqu&rsquo;il a peint Sarah Bernhardt, l&rsquo;actrice occidentale la plus c\u00e9l\u00e8bre du tournant du si\u00e8cle, en tant que \u00ab\u00a0Gismonda\u00a0\u00bb en 1894. L&rsquo;affiche \u00ab\u00a0La Dame aux cam\u00e9lias\u00a0\u00bb con\u00e7ue en 1896 est largement consid\u00e9r\u00e9e comme l&rsquo;un des premiers temps forts. de l&rsquo;art de l&rsquo;affiche Art nouveau.<\/p>\n<p>Dans les ann\u00e9es 1911 \u00e0 1928, il r\u00e9alise une \u0153uvre monumentale sur l&rsquo;histoire des peuples slaves, l'\u00a0\u00bbEpop\u00e9e slave\u00a0\u00bb.<\/p>\n<p>Il a \u00e9galement r\u00e9dig\u00e9 des documents d&rsquo;actions et d&rsquo;obligations, des timbres-poste, des billets de banque et des polices d&rsquo;assurance. Les photos qu&rsquo;il a prises en tant que photographe amateur ont en partie servi de mod\u00e8le \u00e0 ses graphismes. En 1901, Mucha devient chevalier et en 1934 officier de la L\u00e9gion d&rsquo;honneur fran\u00e7aise. Mucha \u00e9tait membre de la franc-ma\u00e7onnerie.<\/p>\n<p>Financi\u00e8rement ind\u00e9pendant, il vivait avec sa femme et ses deux enfants dans un ch\u00e2teau au nord de Prague. Apr\u00e8s l&rsquo;occupation allemande de la R\u00e9publique tch\u00e8que, il est emprisonn\u00e9 et meurt peu apr\u00e8s sa lib\u00e9ration d&rsquo;une pneumonie le 14 juillet 1939 \u00e0 Prague.<\/p>\n<h2 id=\"t-1670589082326\">Contacter<\/h2>\n<ul>\n<li><strong>Adresse :<\/strong> Pansk\u00e1 7, 110 00 Star\u00e9 M\u011bsto, Prague<\/li>\n<li><strong>Transports en commun :<\/strong> m\u00e9tro ligne A, ligne verte et m\u00e9tro ligne B, ligne jaune, arr\u00eat M\u016fstek<\/li>\n<li><strong>Heures d&rsquo;ouverture :<\/strong> Pour les heures d&rsquo;ouverture exactes, veuillez cliquer sur le <a href=\"https:\/\/www.mucha.cz\/de\" target=\"_blank\" style=\"outline: none;\" rel=\"noopener\">site Web concern\u00e9 <\/a><a href=\"https:\/\/www.mucha.cz\/de\/\" target=\"_blank\" rel=\"noopener\">.<\/a><\/li>\n<li><strong>Site internet<\/strong> : <a href=\"https:\/\/www.mucha.cz\/de\/\" target=\"_blank\" rel=\"noopener\">Mus\u00e9e Mucha Prague<\/a><\/li>\n<\/ul>\n","protected":false},"excerpt":{"rendered":"<p>Le mus\u00e9e Mucha est situ\u00e9 au centre-ville de Prague dans un ancien palais de la ville, le palais Kaunitz. Plus de 100 \u0153uvres du c\u00e9l\u00e8bre artiste Art nouveau Alfons Mucha sont expos\u00e9es ici. Toutes les informations importantes sur le mus\u00e9e Mucha sont rassembl\u00e9es ici, y compris l&rsquo;admission, son histoire et l&rsquo;adresse. Que puis-je faire au [&hellip;]<\/p>\n","protected":false},"author":6,"featured_media":2502,"parent":137,"menu_order":0,"comment_status":"open","ping_status":"closed","template":"","meta":{"footnotes":""},"categories":[],"tags":[22,19],"class_list":["post-657","page","type-page","status-publish","has-post-thumbnail","hentry","tag-museum","tag-sehenswuerdigkeiten","post-wrapper","thrv_wrapper"],"_links":{"self":[{"href":"https:\/\/praguetouristinformation.com\/fr\/wp-json\/wp\/v2\/pages\/657","targetHints":{"allow":["GET"]}}],"collection":[{"href":"https:\/\/praguetouristinformation.com\/fr\/wp-json\/wp\/v2\/pages"}],"about":[{"href":"https:\/\/praguetouristinformation.com\/fr\/wp-json\/wp\/v2\/types\/page"}],"author":[{"embeddable":true,"href":"https:\/\/praguetouristinformation.com\/fr\/wp-json\/wp\/v2\/users\/6"}],"replies":[{"embeddable":true,"href":"https:\/\/praguetouristinformation.com\/fr\/wp-json\/wp\/v2\/comments?post=657"}],"version-history":[{"count":0,"href":"https:\/\/praguetouristinformation.com\/fr\/wp-json\/wp\/v2\/pages\/657\/revisions"}],"up":[{"embeddable":true,"href":"https:\/\/praguetouristinformation.com\/fr\/wp-json\/wp\/v2\/pages\/137"}],"wp:featuredmedia":[{"embeddable":true,"href":"https:\/\/praguetouristinformation.com\/fr\/wp-json\/wp\/v2\/media\/2502"}],"wp:attachment":[{"href":"https:\/\/praguetouristinformation.com\/fr\/wp-json\/wp\/v2\/media?parent=657"}],"wp:term":[{"taxonomy":"category","embeddable":true,"href":"https:\/\/praguetouristinformation.com\/fr\/wp-json\/wp\/v2\/categories?post=657"},{"taxonomy":"post_tag","embeddable":true,"href":"https:\/\/praguetouristinformation.com\/fr\/wp-json\/wp\/v2\/tags?post=657"}],"curies":[{"name":"wp","href":"https:\/\/api.w.org\/{rel}","templated":true}]}}