{"id":654,"date":"2020-10-04T19:15:36","date_gmt":"2020-10-04T19:15:36","guid":{"rendered":"http:\/\/praguetouristinformation.com\/?page_id=654"},"modified":"2023-05-04T11:34:13","modified_gmt":"2023-05-04T11:34:13","slug":"national","status":"publish","type":"page","link":"https:\/\/praguetouristinformation.com\/fr\/choses-a-faire\/musees\/national","title":{"rendered":"Guide du Mus\u00e9e national de Prague : Exposition, histoire, prix d\u2019entr\u00e9e"},"content":{"rendered":"<h3 id=\"t-1670352292651\">Le Mus\u00e9e national de Prague se dresse au sommet de la <a data-id=\"662\" data-type=\"page\" href=\"http:\/\/praguetouristinformation.com\/sehenswuerdigkeiten\/altstadt\/wenzelsplatz\">place Venceslas<\/a> .<\/h3>\n<p>C&rsquo;est le plus ancien et le plus grand mus\u00e9e de la R\u00e9publique tch\u00e8que. Il se compose d&rsquo;un ancien b\u00e2timent, fond\u00e9 en 1818, et du nouveau b\u00e2timent oppos\u00e9, qui forme un contraste architectural significatif avec lui.<\/p>\n<p>De plus, le mus\u00e9e poss\u00e8de de nombreux b\u00e2timents d&rsquo;exposition \u00e0 Prague.<\/p>\n<p>Toutes les informations importantes sur le Mus\u00e9e national de Prague sont rassembl\u00e9es ici, y compris l&rsquo;admission, son histoire et l&rsquo;adresse. Le billet est valable comme billet d&rsquo;entr\u00e9e pour les deux b\u00e2timents du mus\u00e9e.<\/p>\n<h2 id=\"t-1670352292652\">Que puis-je faire au Mus\u00e9e national de Prague ?<\/h2>\n<p><span><img decoding=\"async\" alt=\"\" data-id=\"3648\" width=\"722\" data-init-width=\"1000\" height=\"479\" data-init-height=\"664\" title=\"National,Mus\u00e9e,De,Prague,Dans,Un,Ensoleill\u00e9,Jour\" loading=\"lazy\" src=\"http:\/\/praguetouristinformation.com\/wp-content\/uploads\/2022\/12\/prague-national-museum1.jpg\" data-width=\"722\" data-height=\"479\" data-pin-media=\"http:\/\/praguetouristinformation.com\/wp-content\/uploads\/2021\/01\/12.jpg\" data-pin-description=\"Nationalmuseum Prag: Ausstellung, Geschichte, Eintritt 2022\" data-pin-url=\"http:\/\/praguetouristinformation.com\/sehenswuerdigkeiten\/museum\/nationalmuseum?tve=true&amp;tcbf=e8b25a02bb\" data-pinpro-key=\"uq33lq66o\"><\/span><\/p>\n<h3 id=\"t-1670352292653\">Le vieux b\u00e2timent<\/h3>\n<p>Le b\u00e2timent historique du Mus\u00e9e national au sommet de la place Venceslas a \u00e9t\u00e9 d\u00e9clar\u00e9 monument culturel national en 1962. En plus des expositions temporaires, il abrite de nombreuses expositions permanentes, r\u00e9parties par th\u00e8mes. Sont particuli\u00e8rement remarquables :<\/p>\n<ul>\n<li>Nature : La collection pal\u00e9ontologique montre, entre autres, un \u00e9norme os de dinosaure, qui serait le seul jamais fouill\u00e9 en R\u00e9publique tch\u00e8que.<\/li>\n<li>Miracles de l&rsquo;\u00e9volution : Cette exposition se concentre sur l&rsquo;histoire de l&rsquo;\u00e9volution. Elle veut retracer le d\u00e9veloppement de la vie pr\u00e9historique jusqu&rsquo;aux mammif\u00e8res.<\/li>\n<li>Histoire du 20\u00e8me si\u00e8cle : Le sujet de cette collection multim\u00e9dia est l&rsquo;imbrication du politique, de l&rsquo;\u00e9conomie et de l&rsquo;histoire quotidienne du d\u00e9but de la 1\u00e8re R\u00e9publique au 21\u00e8me si\u00e8cle.<\/li>\n<li>Humains : Cette exposition retrace l&rsquo;histoire du d\u00e9veloppement humain, des N\u00e9andertaliens aux anciennes cultures m\u00e9diterran\u00e9ennes.<\/li>\n<li>Coffre aux tr\u00e9sors et aux monnaies : Des bijoux, des pierres pr\u00e9cieuses et une collection numismatique peuvent \u00eatre vus ici.<\/li>\n<\/ul>\n<h3 id=\"t-1670352292654\">couloir de liaison<\/h3>\n<p>Le couloir de liaison entre le b\u00e2timent historique et le nouveau b\u00e2timent abrite une exposition multim\u00e9dia sur l&rsquo;histoire de la place Venceslas entre 1918 et 2018.<\/p>\n<h3 id=\"t-1670352292655\">Nouveau b\u00e2timent<\/h3>\n<p>Il existe \u00e9galement de nombreuses expositions permanentes dans la nouvelle partie du Mus\u00e9e national, dont les suivantes :<\/p>\n<ul>\n<li><strong>Mus\u00e9e des enfants :<\/strong> Les th\u00e8mes de l&rsquo;exposition incluent la mer du Pal\u00e9oc\u00e8ne, la chasse au mammouth, le Moyen \u00c2ge et la d\u00e9couverte des lois naturelles.<\/li>\n<li><strong>Histoire :<\/strong> L&rsquo;\u00e9volution historique de la Boh\u00eame du IXe si\u00e8cle \u00e0 la Premi\u00e8re Guerre mondiale est au centre de cette exposition.<\/li>\n<\/ul>\n<h3 id=\"t-1670352292656\">programmes culturels et \u00e9ducatifs<\/h3>\n<p>Le Mus\u00e9e national propose une gamme de programmes culturels et \u00e9ducatifs. Pour plus de d\u00e9tails, veuillez cliquer ici, vous serez redirig\u00e9 vers le <a data-id=\"https:\/\/www.nm.cz\/en\" data-type=\"URL\" href=\"https:\/\/www.nm.cz\/en\" target=\"_blank\" rel=\"noopener\">site officiel<\/a> du mus\u00e9e .<\/p>\n<h3 id=\"t-1670352292657\">Jan Palach et Jan Zajic Denkmal<\/h3>\n<p>Le 16 janvier 1969, l&rsquo;\u00e9tudiant de vingt ans Jan Palach s&rsquo;est asperg\u00e9 d&rsquo;essence, a allum\u00e9 une allumette et a d\u00e9val\u00e9 les marches du Mus\u00e9e national jusqu&rsquo;\u00e0 la place Venceslas comme une torche humaine. Il voulait protester contre la r\u00e9pression du Printemps de Prague et les diktats de l&rsquo;Union sovi\u00e9tique. Il a succomb\u00e9 \u00e0 ses br\u00fblures quatre jours plus tard.<\/p>\n<p>Le 25 f\u00e9vrier 1969, Jan Zaj\u00edc, \u00e9galement connu sous le nom de \u00ab\u00a0Torche n \u00b0 2\u00a0\u00bb, a embo\u00eet\u00e9 le pas et est d\u00e9c\u00e9d\u00e9 sur le coup.<\/p>\n<p>Des monuments comm\u00e9moratifs aux deux \u00e9tudiants ont \u00e9t\u00e9 incrust\u00e9s dans le sol devant le Mus\u00e9e national.<\/p>\n<h2 id=\"t-1670352292658\" data-alt-text=\"Eintritt, Tickets und F\u00fchrungen\">Entr\u00e9e, billets et visites guid\u00e9es pour le Mus\u00e9e national de Prague<\/h2>\n<p><span><img decoding=\"async\" alt=\"\" data-id=\"3649\" width=\"722\" data-init-width=\"1000\" height=\"426\" data-init-height=\"590\" title=\"Voir,De,Tch\u00e8que,National,Mus\u00e9e,Dans,Prague\" loading=\"lazy\" src=\"http:\/\/praguetouristinformation.com\/wp-content\/uploads\/2022\/12\/prague-national-museum2.jpg\" data-width=\"722\" data-height=\"426\" data-pin-media=\"http:\/\/praguetouristinformation.com\/wp-content\/uploads\/2021\/01\/12.jpg\" data-pin-description=\"Nationalmuseum Prag: Ausstellung, Geschichte, Eintritt 2022\" data-pin-url=\"http:\/\/praguetouristinformation.com\/sehenswuerdigkeiten\/museum\/nationalmuseum?tve=true&amp;tcbf=e8b25a02bb\" data-pinpro-key=\"ringwmem4\"><\/span><\/p>\n<ul>\n<li><strong>Billet :<\/strong> Il y a g\u00e9n\u00e9ralement de longues files d&rsquo;attente devant l&rsquo;entr\u00e9e o\u00f9 vous devez attendre au moins 20 \u00e0 30 minutes pour obtenir un billet. Nous vous recommandons donc d&rsquo;acheter des billets en ligne ici.<\/li>\n<li><strong>Visite guid\u00e9e :<\/strong> Le Mus\u00e9e National est ouvert toute l&rsquo;ann\u00e9e. Pour plus de d\u00e9tails sur les frais d&rsquo;entr\u00e9e et les d\u00e9tails de la visite, veuillez cliquer ici et vous serez redirig\u00e9 vers le <a data-id=\"https:\/\/www.nm.cz\/en\" data-type=\"URL\" href=\"https:\/\/www.nm.cz\/en\" target=\"_blank\" rel=\"noopener\">site officiel<\/a> du mus\u00e9e .<\/li>\n<li><strong>Entr\u00e9e :<\/strong> Le billet est valable pour les deux b\u00e2timents du Mus\u00e9e national, la partie ancienne et la partie nouvelle.<\/li>\n<\/ul>\n<h2 id=\"t-1670352292659\">Comment se rendre au Mus\u00e9e national de Prague ?<\/h2>\n<p>Le Mus\u00e9e national de Prague se trouve \u00e0 environ 15 minutes \u00e0 pied de <a data-id=\"621\" data-type=\"page\" href=\"https:\/\/praguetouristinformation.com\/fr\/choses-a-faire\/vieille-ville\/place-de-la-vieille-ville\" style=\"outline: none;\">la place de la vieille ville<\/a> et est facilement accessible par la ligne de m\u00e9tro A, ligne verte, et la ligne de m\u00e9tro C, ligne rouge, arr\u00eat Muzeum.<\/p>\n<h2 id=\"t-1670352292660\" data-alt-text=\"Geschichte \">Histoire du Mus\u00e9e national de Prague<\/h2>\n<p><span><img decoding=\"async\" alt=\"\" data-id=\"3650\" width=\"722\" data-init-width=\"1000\" height=\"482\" data-init-height=\"667\" title=\"B\u00e2timents,Et,Maisons,Dans,Le,Centre,Historique,De,Prague.,Wenceslas\" loading=\"lazy\" src=\"http:\/\/praguetouristinformation.com\/wp-content\/uploads\/2022\/12\/prague-national-museum.jpg\" data-width=\"722\" data-height=\"482\" data-pin-media=\"http:\/\/praguetouristinformation.com\/wp-content\/uploads\/2021\/01\/12.jpg\" data-pin-description=\"Nationalmuseum Prag: Ausstellung, Geschichte, Eintritt 2022\" data-pin-url=\"http:\/\/praguetouristinformation.com\/sehenswuerdigkeiten\/museum\/nationalmuseum?tve=true&amp;tcbf=e8b25a02bb\" data-pinpro-key=\"a3rvt9pix\"><\/span><\/p>\n<p>Le Mus\u00e9e national de Prague a \u00e9t\u00e9 fond\u00e9 en 1818 sous le nom de \u00ab\u00a0Mus\u00e9e de la patrie en Boh\u00eame\u00a0\u00bb par la soi-disant proclamation de gala de la noblesse nationale, dirig\u00e9e par le min\u00e9ralogiste et pal\u00e9ontologue Kaspar Graf von Sternberg. En 1934, il est devenu propri\u00e9t\u00e9 du pays et en 1949, il est devenu propri\u00e9t\u00e9 de l&rsquo;\u00c9tat. Au d\u00e9part, les collections \u00e9taient essentiellement \u00e0 vocation scientifique.<\/p>\n<p>Aujourd&rsquo;hui, le b\u00e2timent principal de la place Venceslas abrite, entre autres, un d\u00e9partement arch\u00e9ologique-historique, min\u00e9ralogique, zoologique et anthropologique. Il a \u00e9t\u00e9 r\u00e9nov\u00e9 pendant 7 ans et a rouvert en octobre 2018.<\/p>\n<p>Le b\u00e2timent attire le regard par sa monumentalit\u00e9. La fa\u00e7ade de plus de 100 m\u00e8tres de long est accessible par une rampe, des plaques de marbre dor\u00e9es portant les noms d&rsquo;importantes personnalit\u00e9s tch\u00e8ques sont fix\u00e9es \u00e0 la fa\u00e7ade, le hall d&rsquo;entr\u00e9e est d\u00e9cor\u00e9 de statues en bronze et des lieux c\u00e9l\u00e8bres de l&rsquo;histoire tch\u00e8que sont repr\u00e9sent\u00e9s sur les murs. . La plupart de la d\u00e9coration int\u00e9rieure provient d&rsquo;artistes qui ont \u00e9galement meubl\u00e9 le Th\u00e9\u00e2tre National.<\/p>\n<p>La Nouvelle Partie du Mus\u00e9e National a \u00e9t\u00e9 construite dans les ann\u00e9es 1885-1891 dans le style N\u00e9o-Renaissance. Il abritait \u00e0 l&rsquo;origine la Bourse de Prague, de 1946 il \u00e9tait le si\u00e8ge du Parlement jusqu&rsquo;\u00e0 la dissolution de la R\u00e9publique tch\u00e9coslovaque en 1992. Il fait partie du Mus\u00e9e national depuis 2015 et, en plus de quelques expositions permanentes, abrite de nombreuses expositions sp\u00e9ciales qui changer fr\u00e9quemment.<\/p>\n<p>Dans le foyer se trouvent un caf\u00e9 et une boutique du mus\u00e9e.<\/p>\n<p>Les deux b\u00e2timents \u00e9taient reli\u00e9s par un couloir souterrain avec une exposition multim\u00e9dia unique.<\/p>\n<p>Le Mus\u00e9e national de Prague est le principal mus\u00e9e d&rsquo;histoire culturelle et naturelle de la R\u00e9publique tch\u00e8que et, en plus du b\u00e2timent principal de la place Venceslas, il poss\u00e8de plusieurs salles d&rsquo;exposition \u00e0 travers Prague.<\/p>\n<h2 id=\"t-1670352292661\">Contacter<\/h2>\n<ul>\n<li><strong>Adresse :<\/strong> Place Venceslas 68, 110 00 Nov\u00e9 Mesto, Prague<\/li>\n<li><strong>Transports en commun :<\/strong> M\u00e9tro ligne A, ligne verte et C, ligne rouge, station Muzeum<\/li>\n<li><strong>Horaires d&rsquo;ouverture<\/strong> : Vous pouvez trouver les horaires d&rsquo;ouverture exacts <a href=\"https:\/\/www.nm.cz\/en\" target=\"_blank\" style=\"outline: none;\" data-lt-tmp-id=\"lt-683741\" spellcheck=\"false\" rel=\"noopener\">ici<\/a> .<a href=\"https:\/\/www.nm.cz\/en\" target=\"_blank\" style=\"outline: none;\" data-lt-tmp-id=\"lt-683741\" spellcheck=\"false\" rel=\"noopener\"><\/a><\/li>\n<li><strong>Site internet<\/strong> : <a href=\"https:\/\/www.nm.cz\/en\" target=\"_blank\" style=\"outline: none;\" rel=\"noopener\">Mus\u00e9e national de Prague<\/a><\/li>\n<\/ul>\n","protected":false},"excerpt":{"rendered":"<p>Le Mus\u00e9e national de Prague se dresse au sommet de la place Venceslas . C&rsquo;est le plus ancien et le plus grand mus\u00e9e de la R\u00e9publique tch\u00e8que. Il se compose d&rsquo;un ancien b\u00e2timent, fond\u00e9 en 1818, et du nouveau b\u00e2timent oppos\u00e9, qui forme un contraste architectural significatif avec lui. De plus, le mus\u00e9e poss\u00e8de de [&hellip;]<\/p>\n","protected":false},"author":6,"featured_media":1523,"parent":137,"menu_order":0,"comment_status":"closed","ping_status":"closed","template":"","meta":{"footnotes":""},"categories":[],"tags":[22,19],"class_list":["post-654","page","type-page","status-publish","has-post-thumbnail","hentry","tag-museum","tag-sehenswuerdigkeiten","post-wrapper","thrv_wrapper"],"_links":{"self":[{"href":"https:\/\/praguetouristinformation.com\/fr\/wp-json\/wp\/v2\/pages\/654","targetHints":{"allow":["GET"]}}],"collection":[{"href":"https:\/\/praguetouristinformation.com\/fr\/wp-json\/wp\/v2\/pages"}],"about":[{"href":"https:\/\/praguetouristinformation.com\/fr\/wp-json\/wp\/v2\/types\/page"}],"author":[{"embeddable":true,"href":"https:\/\/praguetouristinformation.com\/fr\/wp-json\/wp\/v2\/users\/6"}],"replies":[{"embeddable":true,"href":"https:\/\/praguetouristinformation.com\/fr\/wp-json\/wp\/v2\/comments?post=654"}],"version-history":[{"count":0,"href":"https:\/\/praguetouristinformation.com\/fr\/wp-json\/wp\/v2\/pages\/654\/revisions"}],"up":[{"embeddable":true,"href":"https:\/\/praguetouristinformation.com\/fr\/wp-json\/wp\/v2\/pages\/137"}],"wp:featuredmedia":[{"embeddable":true,"href":"https:\/\/praguetouristinformation.com\/fr\/wp-json\/wp\/v2\/media\/1523"}],"wp:attachment":[{"href":"https:\/\/praguetouristinformation.com\/fr\/wp-json\/wp\/v2\/media?parent=654"}],"wp:term":[{"taxonomy":"category","embeddable":true,"href":"https:\/\/praguetouristinformation.com\/fr\/wp-json\/wp\/v2\/categories?post=654"},{"taxonomy":"post_tag","embeddable":true,"href":"https:\/\/praguetouristinformation.com\/fr\/wp-json\/wp\/v2\/tags?post=654"}],"curies":[{"name":"wp","href":"https:\/\/api.w.org\/{rel}","templated":true}]}}