{"id":631,"date":"2020-09-28T16:35:25","date_gmt":"2020-09-28T16:35:25","guid":{"rendered":"http:\/\/praguetouristinformation.com\/?page_id=631"},"modified":"2023-05-04T12:59:08","modified_gmt":"2023-05-04T12:59:08","slug":"synagogue-de-jerusalem","status":"publish","type":"page","link":"https:\/\/praguetouristinformation.com\/fr\/choses-a-faire\/vieille-ville\/synagogue-de-jerusalem","title":{"rendered":"Guide de la synagogue de J\u00e9rusalem : Exposition, histoire et entr\u00e9e"},"content":{"rendered":"<h3 id=\"t-1670608073544\">La synagogue de J\u00e9rusalem est situ\u00e9e dans la nouvelle ville de Prague sur la Jerusalemer Strasse, d&rsquo;o\u00f9 son nom. C&rsquo;est la plus jeune et en m\u00eame temps la plus grande synagogue de Prague.<\/h3>\n<p>Sa fa\u00e7ade color\u00e9e, rappelant les monuments mauresques d&rsquo;Espagne, est tout aussi frappante que l&rsquo;int\u00e9rieur Art nouveau viennois.<\/p>\n<p>La synagogue de J\u00e9rusalem ne fait pas partie du cimeti\u00e8re juif de Prague, mais est ouverte au public.<\/p>\n<h2 id=\"t-1670608073545\">Que puis-je faire dans la Synagogue de J\u00e9rusalem ?<\/h2>\n<p><span><img decoding=\"async\" alt=\"\" data-id=\"4138\" width=\"735\" data-init-width=\"1000\" height=\"490\" data-init-height=\"667\" title=\"Jubil\u00e9,Synagogue,,connu,pour,son,emplacement,sur,J\u00e9rusalem,rue,,est\" loading=\"lazy\" src=\"http:\/\/praguetouristinformation.com\/wp-content\/uploads\/2022\/12\/Jerusalem-Synagogue-Prague-Czech-Republic3.jpg\" data-width=\"735\" data-height=\"490\" data-pin-media=\"http:\/\/praguetouristinformation.com\/wp-content\/uploads\/2021\/03\/prag_juedisches_viertel_pinterest-9.jpg\" data-pin-description=\"Der komplette Guide zur Jerusalem Synagoge in Prag \u27a4 Besuch der Synagoge, Eintritt &amp;amp; Tickets \u2714 Geschichte, Anreise &amp;amp; Informationen \u2714 Mehr hier ...\" data-pin-url=\"https:\/\/praguetouristinformation.com\/fr\/choses-a-faire\/vieille-ville\/synagogue-de-jerusalem?tve=true&amp;tcbf=653ee5414e\" data-pinpro-key=\"ha5ang4kg\"><\/span><\/p>\n<h3 id=\"t-1670608073546\">1. Visite de la Synagogue de J\u00e9rusalem&nbsp;:<\/h3>\n<p>Bien que la synagogue soit activement utilis\u00e9e pour le culte, elle peut \u00e9galement \u00eatre visit\u00e9e de l&rsquo;int\u00e9rieur, y compris dans le cadre d&rsquo;une visite guid\u00e9e. En plus de l&rsquo;ext\u00e9rieur saisissant et de sa taille impressionnante, l&rsquo;int\u00e9rieur, qui est dans le style Art nouveau viennois, vaut absolument le d\u00e9tour.<\/p>\n<h3 id=\"t-1670608073547\">2. Expositions permanentes :<\/h3>\n<p>Il y a 2 expositions permanentes dans la synagogue, une sur l&rsquo;histoire de la communaut\u00e9 juive de Prague de 1945 \u00e0 nos jours et une seconde sur les monuments juifs en R\u00e9publique tch\u00e8que et leur restauration depuis 1989.<\/p>\n<h3 id=\"t-1670608073548\">3. Visite-concert dans la synagogue :<\/h3>\n<p>Des concerts sont r\u00e9guli\u00e8rement organis\u00e9s dans la synagogue, en particulier des concerts d&rsquo;orgue, o\u00f9 l&rsquo;orgue \u00e9tonnamment bien conserv\u00e9 est utilis\u00e9.<\/p>\n<h3 id=\"t-1670608073549\">4. Mus\u00e9e d&rsquo;art Mucha :<\/h3>\n<p>Le palais baroque Kaunitz, qui abrite le <a data-id=\"657\" data-type=\"page\" href=\"https:\/\/praguetouristinformation.com\/fr\/choses-a-faire\/musees\/mucha\" style=\"outline: none;\">mus\u00e9e d&rsquo;art Mucha<\/a> , se trouve \u00e0 environ 10 minutes \u00e0 pied de la synagogue de J\u00e9rusalem . Alfons Mucha (1860-1939) \u00e9tait un artiste tch\u00e8que de l&rsquo;Art Nouveau surtout connu pour ses affiches de belles femmes.<\/p>\n<h3 id=\"t-1670608073550\">5. Heinrichturm :<\/h3>\n<p>Le Heinrichsturm est \u00e0 environ cinq minutes \u00e0 pied de la synagogue de J\u00e9rusalem. La tour de pr\u00e8s de 68 m\u00e8tres de haut du XVe si\u00e8cle est construite dans le style gothique. A l&rsquo;int\u00e9rieur se trouve un carillon de dix cloches qui ne peut \u00eatre entendu qu&rsquo;\u00e0 l&rsquo;int\u00e9rieur de la tour. Le restaurant du clocher impressionne par sa <a data-id=\"713\" data-type=\"page\" href=\"https:\/\/praguetouristinformation.com\/fr\/choses-a-faire\/points-de-vue\" style=\"outline: none;\">vue sur Prague.<\/a><\/p>\n<h2 id=\"t-1670608073551\">Entr\u00e9e, billets et visites guid\u00e9es<\/h2>\n<p><span><img decoding=\"async\" alt=\"\" data-id=\"4139\" width=\"735\" data-init-width=\"1000\" height=\"490\" data-init-height=\"667\" title=\"Synagogue,En,Prague,,Tch\u00e8que,R\u00e9publique\" loading=\"lazy\" src=\"http:\/\/praguetouristinformation.com\/wp-content\/uploads\/2022\/12\/Jerusalem-Synagogue-Prague-Czech-Republic.jpg\" data-width=\"735\" data-height=\"490\" data-pin-media=\"http:\/\/praguetouristinformation.com\/wp-content\/uploads\/2021\/03\/prag_juedisches_viertel_pinterest-9.jpg\" data-pin-description=\"Der komplette Guide zur Jerusalem Synagoge in Prag \u27a4 Besuch der Synagoge, Eintritt &amp;amp; Tickets \u2714 Geschichte, Anreise &amp;amp; Informationen \u2714 Mehr hier ...\" data-pin-url=\"https:\/\/praguetouristinformation.com\/fr\/choses-a-faire\/vieille-ville\/synagogue-de-jerusalem?tve=true&amp;tcbf=653ee5414e\" data-pinpro-key=\"u69wdi2j3\"><\/span><\/p>\n<ul>\n<li><strong>Billets :<\/strong> Les billets peuvent \u00eatre achet\u00e9s directement \u00e0 l&rsquo;entr\u00e9e de la synagogue de J\u00e9rusalem.<\/li>\n<li><strong>Visites guid\u00e9es<\/strong> : La synagogue est toujours activement utilis\u00e9e pour le culte, mais peut \u00eatre visit\u00e9e de l&rsquo;ext\u00e9rieur et de l&rsquo;int\u00e9rieur, y compris dans le cadre d&rsquo;une visite guid\u00e9e.<\/li>\n<li><strong>Entr\u00e9e :<\/strong> Il n&rsquo;y a pas de contr\u00f4le de s\u00e9curit\u00e9 ou de pr\u00e9-enregistrement requis pour entrer dans la synagogue comme dans d&rsquo;autres villes europ\u00e9ennes.<\/li>\n<\/ul>\n<h2 id=\"t-1670608073552\">Comment se rendre \u00e0 la Synagogue de J\u00e9rusalem<\/h2>\n<p><span><img decoding=\"async\" alt=\"\" data-id=\"4141\" width=\"735\" data-init-width=\"1000\" height=\"490\" data-init-height=\"666\" title=\"Jubil\u00e9,\/,J\u00e9rusalem,Synagogue,(jubil\u00e9,\/,J\u00e9rusalemska),,Prague,,R\u00e9publique,Tch\u00e8que\" loading=\"lazy\" src=\"http:\/\/praguetouristinformation.com\/wp-content\/uploads\/2022\/12\/Jerusalem-Synagogue-Prague-Czech-Republic1.jpg\" data-width=\"735\" data-height=\"490\" data-pin-media=\"http:\/\/praguetouristinformation.com\/wp-content\/uploads\/2021\/03\/prag_juedisches_viertel_pinterest-9.jpg\" data-pin-description=\"Der komplette Guide zur Jerusalem Synagoge in Prag \u27a4 Besuch der Synagoge, Eintritt &amp;amp; Tickets \u2714 Geschichte, Anreise &amp;amp; Informationen \u2714 Mehr hier ...\" data-pin-url=\"https:\/\/praguetouristinformation.com\/fr\/choses-a-faire\/vieille-ville\/synagogue-de-jerusalem?tve=true&amp;tcbf=653ee5414e\" data-pinpro-key=\"18rqyywwt\"><\/span><\/p>\n<p>La Synagogue de J\u00e9rusalem est situ\u00e9e dans la Nouvelle Ville de Prague. L&rsquo;arr\u00eat de tramway Jind\u0159i\u0161sk\u00e1 se trouve \u00e0 proximit\u00e9 imm\u00e9diate et \u00e0 500 m\u00e8tres de la gare principale de Prague.<\/p>\n<p>La synagogue de J\u00e9rusalem se trouve \u00e0 20 minutes \u00e0 pied du <a data-id=\"612\" data-type=\"page\" href=\"https:\/\/praguetouristinformation.com\/fr\/choses-a-faire\/quartier-juif\" style=\"outline: none;\">quartier juif .<\/a><\/p>\n<h2 id=\"t-1670608073553\">Histoire de la synagogue de J\u00e9rusalem<\/h2>\n<p><span><img decoding=\"async\" alt=\"\" data-id=\"4140\" width=\"735\" data-init-width=\"1000\" height=\"490\" data-init-height=\"667\" title=\"Detaill,de,la,color\u00e9,mauresque,fa\u00e7ade,de,la,jubil\u00e9,synagogue,\" loading=\"lazy\" src=\"http:\/\/praguetouristinformation.com\/wp-content\/uploads\/2022\/12\/Jerusalem-Synagogue-Prague-Czech-Republic2.jpg\" data-width=\"735\" data-height=\"490\" data-pin-media=\"http:\/\/praguetouristinformation.com\/wp-content\/uploads\/2021\/03\/prag_juedisches_viertel_pinterest-9.jpg\" data-pin-description=\"Der komplette Guide zur Jerusalem Synagoge in Prag \u27a4 Besuch der Synagoge, Eintritt &amp;amp; Tickets \u2714 Geschichte, Anreise &amp;amp; Informationen \u2714 Mehr hier ...\" data-pin-url=\"https:\/\/praguetouristinformation.com\/fr\/choses-a-faire\/vieille-ville\/synagogue-de-jerusalem?tve=true&amp;tcbf=653ee5414e\" data-pinpro-key=\"vcfg2291m\"><\/span><\/p>\n<p>Lorsque le Josefstadt de Prague, le quartier juif, a \u00e9t\u00e9 r\u00e9nov\u00e9 en 1898, 3 synagogues ont \u00e9t\u00e9 victimes de cette r\u00e9novation, la synagogue tzigane, la synagogue Grossenhof et la nouvelle synagogue.<\/p>\n<p>Une nouvelle synagogue devait \u00eatre construite en remplacement. Les plans ont \u00e9t\u00e9 fournis par l&rsquo;architecte viennois et directeur de la construction imp\u00e9riale Wilhelm Stiassny, qui est \u00e9galement le fondateur du Mus\u00e9e juif de Vienne. En 1906, la synagogue est inaugur\u00e9e. La synagogue compte 850 places, les galeries lat\u00e9rales sont destin\u00e9es aux femmes et ont des entr\u00e9es s\u00e9par\u00e9es.<\/p>\n<p>Il porte le nom de la rue dans laquelle il se trouve, la Jerusalemer Strasse.<\/p>\n<p>\u00c0 l&rsquo;origine, cependant, la synagogue de J\u00e9rusalem s&rsquo;appelait la synagogue du Jubil\u00e9. L&#8217;empereur Fran\u00e7ois-Joseph I a c\u00e9l\u00e9br\u00e9 le 50e anniversaire de son accession au tr\u00f4ne lors de sa planification et de sa construction \u00e0 la fin du XIXe si\u00e8cle.<\/p>\n<p>Des services r\u00e9guliers ont toujours lieu dans la synagogue, ce n&rsquo;est que dans la p\u00e9riode 1941-1945 qu&rsquo;elle a \u00e9t\u00e9 utilis\u00e9e comme d\u00e9p\u00f4t pour les biens juifs confisqu\u00e9s.<\/p>\n<h2 id=\"t-1670608073554\">Contacter<\/h2>\n<ul>\n<li><strong>Adresse :<\/strong> Jeruzal\u00e9msk\u00e1 1310\/7, 110 00 Prague 1<\/li>\n<li><strong>Transports publics :<\/strong> arr\u00eat de tram Jind\u0159i\u0161sk\u00e1 = Neustadt<\/li>\n<li><strong>Heures d&rsquo;ouverture&nbsp;:<\/strong> veuillez consulter <a href=\"http:\/\/www.synagogue.cz\/en\/jerusalem-synagogue?p=16\" target=\"_blank\" rel=\"noopener\">ce site Web pour conna\u00eetre les heures d&rsquo;ouverture exactes<\/a><\/li>\n<\/ul>\n","protected":false},"excerpt":{"rendered":"<p>La synagogue de J\u00e9rusalem est situ\u00e9e dans la nouvelle ville de Prague sur la Jerusalemer Strasse, d&rsquo;o\u00f9 son nom. C&rsquo;est la plus jeune et en m\u00eame temps la plus grande synagogue de Prague. Sa fa\u00e7ade color\u00e9e, rappelant les monuments mauresques d&rsquo;Espagne, est tout aussi frappante que l&rsquo;int\u00e9rieur Art nouveau viennois. La synagogue de J\u00e9rusalem ne [&hellip;]<\/p>\n","protected":false},"author":6,"featured_media":1697,"parent":742,"menu_order":0,"comment_status":"open","ping_status":"closed","template":"","meta":{"footnotes":""},"categories":[],"tags":[19],"class_list":["post-631","page","type-page","status-publish","has-post-thumbnail","hentry","tag-sehenswuerdigkeiten","post-wrapper","thrv_wrapper"],"_links":{"self":[{"href":"https:\/\/praguetouristinformation.com\/fr\/wp-json\/wp\/v2\/pages\/631","targetHints":{"allow":["GET"]}}],"collection":[{"href":"https:\/\/praguetouristinformation.com\/fr\/wp-json\/wp\/v2\/pages"}],"about":[{"href":"https:\/\/praguetouristinformation.com\/fr\/wp-json\/wp\/v2\/types\/page"}],"author":[{"embeddable":true,"href":"https:\/\/praguetouristinformation.com\/fr\/wp-json\/wp\/v2\/users\/6"}],"replies":[{"embeddable":true,"href":"https:\/\/praguetouristinformation.com\/fr\/wp-json\/wp\/v2\/comments?post=631"}],"version-history":[{"count":0,"href":"https:\/\/praguetouristinformation.com\/fr\/wp-json\/wp\/v2\/pages\/631\/revisions"}],"up":[{"embeddable":true,"href":"https:\/\/praguetouristinformation.com\/fr\/wp-json\/wp\/v2\/pages\/742"}],"wp:featuredmedia":[{"embeddable":true,"href":"https:\/\/praguetouristinformation.com\/fr\/wp-json\/wp\/v2\/media\/1697"}],"wp:attachment":[{"href":"https:\/\/praguetouristinformation.com\/fr\/wp-json\/wp\/v2\/media?parent=631"}],"wp:term":[{"taxonomy":"category","embeddable":true,"href":"https:\/\/praguetouristinformation.com\/fr\/wp-json\/wp\/v2\/categories?post=631"},{"taxonomy":"post_tag","embeddable":true,"href":"https:\/\/praguetouristinformation.com\/fr\/wp-json\/wp\/v2\/tags?post=631"}],"curies":[{"name":"wp","href":"https:\/\/api.w.org\/{rel}","templated":true}]}}