{"id":628,"date":"2020-09-24T17:45:32","date_gmt":"2020-09-24T17:45:32","guid":{"rendered":"http:\/\/praguetouristinformation.com\/?page_id=628"},"modified":"2023-05-04T12:56:18","modified_gmt":"2023-05-04T12:56:18","slug":"ancien-hotel-de-ville","status":"publish","type":"page","link":"https:\/\/praguetouristinformation.com\/fr\/choses-a-faire\/vieille-ville\/ancien-hotel-de-ville","title":{"rendered":"Guide de l&#8217;ancien h\u00f4tel de ville\u00a0: histoire, horloge astronomique, etc."},"content":{"rendered":"<h2 id=\"t-1672154575967\" data-hide=\"true\">L&rsquo;impressionnant b\u00e2timent de l&rsquo;ancien h\u00f4tel de ville avec la c\u00e9l\u00e8bre horloge astronomique sur son c\u00f4t\u00e9 sud date de 1338.<\/h2>\n<p>Situ\u00e9 \u00e0 l&rsquo;angle sud-est de la place de la vieille ville, au c\u0153ur du centre-ville, c&rsquo;est l&rsquo;une des principales attractions de Prague. Sa tour offre la meilleure vue de Prague.<\/p>\n<p>Aujourd&rsquo;hui, l&rsquo;ancien h\u00f4tel de ville est utilis\u00e9 \u00e0 des fins de repr\u00e9sentation et de cadre pour diverses manifestations culturelles. Les couples mari\u00e9s aiment \u00eatre photographi\u00e9s ici. L&rsquo;office du tourisme est \u00e9galement situ\u00e9 dans l&rsquo;h\u00f4tel de ville.<\/p>\n<p>Sur cette page, nous avons compil\u00e9 des informations utiles pour votre visite. Cela comprend les sites touristiques de l&rsquo;h\u00f4tel de ville, l&rsquo;histoire, les billets et bien plus encore.<\/p>\n<h2 id=\"t-1672154575968\">Que puis-je faire dans l&rsquo;Ancien h\u00f4tel de ville ?<\/h2>\n<p><span><img decoding=\"async\" alt=\"Que puis-je faire \u00e0 l'h\u00f4tel de ville Ancien h\u00f4tel de ville de Prague\" data-id=\"1843\" width=\"702\" data-init-width=\"1000\" height=\"468\" data-init-height=\"667\" title=\"Que puis-je faire \u00e0 l'h\u00f4tel de ville Ancien h\u00f4tel de ville de Prague\" src=\"http:\/\/praguetouristinformation.com\/wp-content\/uploads\/2020\/11\/Was-kann-ich-im-Rathaus-machen-Altstadter-Rathaus.jpg\" data-width=\"702\" data-height=\"468\" loading=\"lazy\" data-pin-media=\"http:\/\/praguetouristinformation.com\/wp-content\/uploads\/2021\/02\/9.jpg\" data-pin-description=\"Altst\u00e4dter Rathaus: Infos, Geschichte, Astronomische Uhr\" data-pin-url=\"http:\/\/praguetouristinformation.com\/sehenswuerdigkeiten\/altstadt\/altstaedter-rathaus?tve=true&amp;tcbf=64a7f2c895\" data-pinpro-key=\"u6x1b64e3\"><\/span><\/p>\n<ul>\n<li style=\"\"><span style=\"\"><strong><strong>Tour de l&rsquo; h\u00f4tel de ville<\/strong> :<\/strong> la tour gothique de l&rsquo;h\u00f4tel de ville offre la meilleure vue sur la vieille ville de Prague. \u00c0 une hauteur de 41 m\u00e8tres, il y a un couloir en spirale accessible par ascenseur.<\/span><\/li>\n<li style=\"\"><span style=\"\"><strong><a href=\"http:\/\/praguetouristinformation.com\/sehenswuerdigkeiten\/altstadt\/astronomische-rathausuhr\" style=\"outline: none;\"><strong>Horloge astronomique<\/strong> :<\/a><strong>&nbsp;<\/strong><\/strong>&nbsp;<a href=\"https:\/\/praguetouristinformation.com\/fr\/choses-a-faire\/vieille-ville\/horloge-astronomique\" style=\"outline: none;\">la c\u00e9l\u00e8bre horloge astronomique<\/a> de 1410 est situ\u00e9e sur le c\u00f4t\u00e9 sud de l&rsquo;h\u00f4tel de ville.&nbsp;Chaque heure sur l&rsquo;heure entre 9h00 et 23h00, il annonce un spectacle de 45 secondes des ap\u00f4tres.<\/span><\/li>\n<li style=\"\"><span style=\"\"><strong>Chapelle gothique&nbsp;:<\/strong> offre une vue sur les figures des ap\u00f4tres de l&rsquo;horloge astronomique de l&rsquo;autre c\u00f4t\u00e9.<\/span><\/li>\n<li style=\"\"><span style=\"\"><strong><strong>Catacombes :<\/strong> <\/strong> Autrefois utilis\u00e9es comme entrep\u00f4t et prison et peuvent maintenant \u00eatre visit\u00e9es avec une visite guid\u00e9e.<\/span><\/li>\n<li><span><strong><strong><strong>Expositions<\/strong> :<\/strong><\/strong> des expositions temporaires sont r\u00e9guli\u00e8rement organis\u00e9es \u00e0 l&rsquo;h\u00f4tel de ville.<\/span><\/li>\n<li><span><strong><strong><strong><strong>Salles historiques :<\/strong> <\/strong><\/strong><\/strong> elles sont ouvertes au public et valent \u00e9galement le d\u00e9tour.<\/span><\/li>\n<\/ul>\n<p><span><img decoding=\"async\" alt=\"Entr\u00e9e, billets et visites guid\u00e9es de l'ancien h\u00f4tel de ville de Prague\" data-id=\"1845\" width=\"702\" data-init-width=\"1000\" height=\"468\" data-init-height=\"667\" title=\"Entr\u00e9e, billets et visites guid\u00e9es de l'ancien h\u00f4tel de ville de Prague\" src=\"http:\/\/praguetouristinformation.com\/wp-content\/uploads\/2020\/11\/Eintritt-Tickets-und-Fuehrungen-Altstaedter-Rathaus.jpg\" data-width=\"702\" data-height=\"468\" loading=\"lazy\" data-pin-media=\"http:\/\/praguetouristinformation.com\/wp-content\/uploads\/2021\/02\/9.jpg\" data-pin-description=\"Altst\u00e4dter Rathaus: Infos, Geschichte, Astronomische Uhr\" data-pin-url=\"http:\/\/praguetouristinformation.com\/sehenswuerdigkeiten\/altstadt\/altstaedter-rathaus?tve=true&amp;tcbf=64a7f2c895\" data-pinpro-key=\"mwanqvziq\"><\/span><\/p>\n<h2 id=\"t-1672154575969\">Entr\u00e9e, billets et visites guid\u00e9es de l&rsquo;ancien h\u00f4tel de ville<\/h2>\n<ul>\n<li style=\"\"><span style=\"\"><strong>Billet :<\/strong> Les billets sont valables pour toutes les activit\u00e9s mentionn\u00e9es ci-dessus.<strong><\/strong><\/span><\/li>\n<li style=\"\"><span style=\"\"><strong><strong>Entr\u00e9e :&nbsp;<\/strong><\/strong> L&rsquo;entr\u00e9e se trouve sur la place de la vieille ville. La billetterie se trouve au sud de la mairie. Alternativement, vous pouvez r\u00e9server vos billets en ligne \u00e0 l&rsquo;avance.<\/span><\/li>\n<li><span><strong>Visite guid\u00e9e :<\/strong> La visite de la mairie avec des visites de groupe est possible.<strong><\/strong><\/span><\/li>\n<\/ul>\n<p><span><img decoding=\"async\" alt=\"Comment se rendre \u00e0 l'ancien h\u00f4tel de ville de Prague\" data-id=\"1846\" width=\"702\" data-init-width=\"1000\" height=\"468\" data-init-height=\"667\" title=\"Comment se rendre \u00e0 l'ancien h\u00f4tel de ville de Prague\" src=\"http:\/\/praguetouristinformation.com\/wp-content\/uploads\/2020\/11\/Wie-komme-ich-zum-Altstaedter-Rathaus.jpg\" data-width=\"702\" data-height=\"468\" loading=\"lazy\" data-pin-media=\"http:\/\/praguetouristinformation.com\/wp-content\/uploads\/2021\/02\/9.jpg\" data-pin-description=\"Altst\u00e4dter Rathaus: Infos, Geschichte, Astronomische Uhr\" data-pin-url=\"http:\/\/praguetouristinformation.com\/sehenswuerdigkeiten\/altstadt\/altstaedter-rathaus?tve=true&amp;tcbf=64a7f2c895\" data-pinpro-key=\"oeyfd5xqn\"><\/span><\/p>\n<h2 id=\"t-1672154575970\">Comment se rendre \u00e0 l&rsquo;ancienne mairie ?<\/h2>\n<p>L&rsquo;ancien h\u00f4tel de ville est situ\u00e9 au c\u0153ur du centre-ville de Prague.<\/p>\n<p>L&rsquo;ancien h\u00f4tel de ville est accessible en m\u00e9tro A, ligne verte, station Starom\u011bstsk\u00e1, qui signifie \u00abvieille ville\u00bb en allemand.<\/p>\n<p><span><img decoding=\"async\" alt=\"Histoire de l'ancien h\u00f4tel de ville de Prague\" data-id=\"1847\" width=\"702\" data-init-width=\"1000\" height=\"468\" data-init-height=\"667\" title=\"Histoire de l'ancien h\u00f4tel de ville de Prague\" src=\"http:\/\/praguetouristinformation.com\/wp-content\/uploads\/2020\/11\/Geschichte-des-Altstaedter-Rathaus.jpg\" data-width=\"702\" data-height=\"468\" loading=\"lazy\" data-pin-media=\"http:\/\/praguetouristinformation.com\/wp-content\/uploads\/2021\/02\/9.jpg\" data-pin-description=\"Altst\u00e4dter Rathaus: Infos, Geschichte, Astronomische Uhr\" data-pin-url=\"http:\/\/praguetouristinformation.com\/sehenswuerdigkeiten\/altstadt\/altstaedter-rathaus?tve=true&amp;tcbf=64a7f2c895\" data-pinpro-key=\"2aksj35f2\"><\/span><\/p>\n<h2 id=\"t-1672154575971\">Histoire de l&rsquo;ancien h\u00f4tel de ville<\/h2>\n<p>Lorsque le roi Jean de Boh\u00eame autorisa les citoyens \u00e0 construire un h\u00f4tel de ville en 1338, ils le financ\u00e8rent gr\u00e2ce \u00e0 la taxe sur le vin.<\/p>\n<p>Le tribunal de la vieille ville y avait son si\u00e8ge et, en 1458, George de Podebrady y fut \u00e9lu roi du royaume de Boh\u00eame. 27 croix dans le trottoir comm\u00e9morent les rebelles boh\u00e9miens ex\u00e9cut\u00e9s devant la mairie en 1621. Cependant, l&rsquo;ancien h\u00f4tel de ville a atteint sa plus grande importance au 18\u00e8me si\u00e8cle, lorsqu&rsquo;en 1784 il est devenu le si\u00e8ge administratif des quatre villes de Prague auparavant ind\u00e9pendantes de la vieille ville, de la nouvelle ville, de la petite ville et de Hradcany.<\/p>\n<p>Parmi les diff\u00e9rentes salles historiques de l&rsquo;h\u00f4tel de ville, la salle du conseil du XVe si\u00e8cle avec son plafond \u00e0 caissons richement peint est la plus ancienne. Le conseil municipal et le tribunal municipal se r\u00e9unissaient ici. La plus grande salle est la soi-disant salle Bro\u017e\u00edk.<\/p>\n<p>Depuis 1945, la mairie ne remplit plus cette fonction. Une croix faite de poutres br\u00fbl\u00e9es au sous-sol est destin\u00e9e \u00e0 comm\u00e9morer les derniers jours de la Seconde Guerre mondiale, lorsque l&rsquo;ancien h\u00f4tel de ville a \u00e9t\u00e9 gravement endommag\u00e9.<\/p>\n<p>Sous l&rsquo;h\u00f4tel de ville se trouvent les catacombes, qui servaient autrefois d&rsquo;entrep\u00f4t et de prison et peuvent maintenant \u00eatre visit\u00e9es lors d&rsquo;une visite guid\u00e9e.<\/p>\n<h2 id=\"t-1672154575972\">Contacter<\/h2>\n<ul>\n<li><span style=\"\"><strong>Adresse&nbsp;:&nbsp;<\/strong> Starom\u011bstsk\u00e9 n\u00e1m. 1\/3, 110 00 Vieille Ville, Prague<\/span><\/li>\n<li><span style=\"\"><strong>Heures d&rsquo;ouverture :&nbsp;<\/strong> Les heures d&rsquo;ouverture exactes peuvent \u00eatre consult\u00e9es sur le <a href=\"https:\/\/www.google.com\/search?q=rathaus%20prag&amp;oq=rathaus+prag&amp;aqs=chrome.0.0i20i263j0l4j69i60l3.1629j0j7&amp;sourceid=chrome&amp;ie=UTF-8&amp;tbs=lf:1,lf_ui:1&amp;tbm=lcl&amp;sxsrf=ALeKk00s8l5GdRHS7CaBrBWikBXCvYrOuA:1605607851071&amp;rflfq=1&amp;num=10&amp;rldimm=793689164428437717&amp;lqi=CgxyYXRoYXVzIHByYWdaFwoHcmF0aGF1cyIMcmF0aGF1cyBwcmFn&amp;phdesc=iukZGD0byf0&amp;ved=2ahUKEwjr4vGsq4ntAhVChlwKHQHhCLUQvS4wBXoECAsQKw&amp;rlst=f#rlfi=hd:;si:793689164428437717,l,CgxyYXRoYXVzIHByYWdaFwoHcmF0aGF1cyIMcmF0aGF1cyBwcmFn,y,iukZGD0byf0;mv:[[50.087641999999995,14.4214504],[50.077731299999996,14.4176446]];tbs:lrf:!1m4!1u3!2m2!3m1!1e1!1m4!1u2!2m2!2m1!1e1!2m1!1e2!2m1!1e3!3sIAE,lf:1,lf_ui:1\" target=\"_blank\" rel=\"noopener\">site Web<\/a> suivant .&nbsp;<\/span><\/li>\n<li><span style=\"\"><strong>Transports publics :&nbsp;<\/strong> M\u00e9tro ligne A, ligne verte, arr\u00eat Starom\u011bstsk\u00e1<\/span><\/li>\n<\/ul>\n","protected":false},"excerpt":{"rendered":"<p>L&rsquo;impressionnant b\u00e2timent de l&rsquo;ancien h\u00f4tel de ville avec la c\u00e9l\u00e8bre horloge astronomique sur son c\u00f4t\u00e9 sud date de 1338. Situ\u00e9 \u00e0 l&rsquo;angle sud-est de la place de la vieille ville, au c\u0153ur du centre-ville, c&rsquo;est l&rsquo;une des principales attractions de Prague. Sa tour offre la meilleure vue de Prague. Aujourd&rsquo;hui, l&rsquo;ancien h\u00f4tel de ville est [&hellip;]<\/p>\n","protected":false},"author":6,"featured_media":1841,"parent":742,"menu_order":0,"comment_status":"open","ping_status":"closed","template":"","meta":{"footnotes":""},"categories":[],"tags":[22,19,24],"class_list":["post-628","page","type-page","status-publish","has-post-thumbnail","hentry","tag-museum","tag-sehenswuerdigkeiten","tag-top-10","post-wrapper","thrv_wrapper"],"_links":{"self":[{"href":"https:\/\/praguetouristinformation.com\/fr\/wp-json\/wp\/v2\/pages\/628","targetHints":{"allow":["GET"]}}],"collection":[{"href":"https:\/\/praguetouristinformation.com\/fr\/wp-json\/wp\/v2\/pages"}],"about":[{"href":"https:\/\/praguetouristinformation.com\/fr\/wp-json\/wp\/v2\/types\/page"}],"author":[{"embeddable":true,"href":"https:\/\/praguetouristinformation.com\/fr\/wp-json\/wp\/v2\/users\/6"}],"replies":[{"embeddable":true,"href":"https:\/\/praguetouristinformation.com\/fr\/wp-json\/wp\/v2\/comments?post=628"}],"version-history":[{"count":0,"href":"https:\/\/praguetouristinformation.com\/fr\/wp-json\/wp\/v2\/pages\/628\/revisions"}],"up":[{"embeddable":true,"href":"https:\/\/praguetouristinformation.com\/fr\/wp-json\/wp\/v2\/pages\/742"}],"wp:featuredmedia":[{"embeddable":true,"href":"https:\/\/praguetouristinformation.com\/fr\/wp-json\/wp\/v2\/media\/1841"}],"wp:attachment":[{"href":"https:\/\/praguetouristinformation.com\/fr\/wp-json\/wp\/v2\/media?parent=628"}],"wp:term":[{"taxonomy":"category","embeddable":true,"href":"https:\/\/praguetouristinformation.com\/fr\/wp-json\/wp\/v2\/categories?post=628"},{"taxonomy":"post_tag","embeddable":true,"href":"https:\/\/praguetouristinformation.com\/fr\/wp-json\/wp\/v2\/tags?post=628"}],"curies":[{"name":"wp","href":"https:\/\/api.w.org\/{rel}","templated":true}]}}