{"id":625,"date":"2020-09-24T17:47:43","date_gmt":"2020-09-24T17:47:43","guid":{"rendered":"http:\/\/praguetouristinformation.com\/?page_id=625"},"modified":"2023-05-04T12:57:23","modified_gmt":"2023-05-04T12:57:23","slug":"horloge-astronomique","status":"publish","type":"page","link":"https:\/\/praguetouristinformation.com\/fr\/choses-a-faire\/vieille-ville\/horloge-astronomique","title":{"rendered":"Guide de l&#8217;Horloge Astronomique de Prague : infos, histoire &#038; spectacle"},"content":{"rendered":"<h3 id=\"t-1670418950862\">L&rsquo;horloge astronomique de Prague est \u00e9galement connue sous le nom d&rsquo;horloge astronomique ou d&rsquo;horloge astronomique de la vieille ville.<\/h3>\n<p>Il est situ\u00e9 sur le mur sud de l&rsquo; <a data-id=\"628\" data-type=\"page\" href=\"https:\/\/praguetouristinformation.com\/fr\/choses-a-faire\/vieille-ville\/ancien-hotel-de-ville\" style=\"outline: none;\">ancien h\u00f4tel de ville<\/a> .<\/p>\n<p>C&rsquo;est l&rsquo;un des symboles de Prague, un monument culturel important et il est consid\u00e9r\u00e9 comme un chef-d&rsquo;\u0153uvre de la science et de la technologie gothiques.<\/p>\n<p>Nous avons compil\u00e9 toutes les informations importantes sur cette page. Cela comprend l&rsquo;histoire et tout ce qui concerne le c\u00e9l\u00e8bre spectacle \u00e0 l&rsquo;horloge de la mairie.<\/p>\n<p>Nous y voil\u00e0!<\/p>\n<h2 id=\"t-1670418950863\">Que puis-je faire devant l&rsquo;horloge astronomique de Prague&nbsp;?<\/h2>\n<p><span><img decoding=\"async\" alt=\"Que puis-je faire devant l'horloge de la mairie\" data-id=\"1703\" width=\"702\" data-init-width=\"1000\" height=\"468\" data-init-height=\"667\" title=\"Que puis-je faire devant l'horloge astronomique de Prague\" loading=\"lazy\" src=\"http:\/\/praguetouristinformation.com\/wp-content\/uploads\/2020\/11\/Was-kann-ich-vor-der-Rathausuhr-machen.jpg\" data-width=\"702\" data-height=\"468\" style=\"\" data-pin-media=\"http:\/\/praguetouristinformation.com\/wp-content\/uploads\/2021\/03\/prag_juedisches_viertel_pinterest-10.jpg\" data-pin-description=\"Der komplette Guide zur Prager Rathausuhr [Astronomische Uhr] \u27a4 Vorstellung, Lage und Legenden \u2714 Eintritt zum Uhrwerk im Altst\u00e4dter Rathaus \u2714 Mehr ...\" data-pin-url=\"https:\/\/praguetouristinformation.com\/fr\/choses-a-faire\/vieille-ville\/horloge-astronomique?tve=true&amp;tcbf=4acad60f38\" data-pinpro-key=\"xmy966p6v\"><\/span><\/p>\n<p>Devant l&rsquo;horloge astronomique de Prague, vous pourrez admirer le spectacle de l&rsquo;impressionnante horloge astronomique toutes les heures.<\/p>\n<p>Ensuite, une visite \u00e0 l&rsquo;ancien h\u00f4tel de ville est recommand\u00e9e, les salles historiques peuvent \u00eatre visit\u00e9es. Une ascension du tour est la plus possible.<\/p>\n<p>Des visites guid\u00e9es peuvent \u00eatre r\u00e9serv\u00e9es.<\/p>\n<h2 id=\"t-1670418950864\">Heure du spectacle \u00e0 l&rsquo;horloge de la mairie<\/h2>\n<p><span><img decoding=\"async\" alt=\"Heure du spectacle \u00e0 l'horloge de la mairie\" data-id=\"1704\" width=\"702\" data-init-width=\"1000\" height=\"468\" data-init-height=\"667\" title=\"Heure du spectacle \u00e0 l'horloge astronomique de Prague\" loading=\"lazy\" src=\"http:\/\/praguetouristinformation.com\/wp-content\/uploads\/2020\/11\/Zeitpunkt-des-Schauspiels-an-der-Rathausuhr.jpg\" data-width=\"702\" data-height=\"468\" data-pin-media=\"http:\/\/praguetouristinformation.com\/wp-content\/uploads\/2021\/03\/prag_juedisches_viertel_pinterest-10.jpg\" data-pin-description=\"Der komplette Guide zur Prager Rathausuhr [Astronomische Uhr] \u27a4 Vorstellung, Lage und Legenden \u2714 Eintritt zum Uhrwerk im Altst\u00e4dter Rathaus \u2714 Mehr ...\" data-pin-url=\"https:\/\/praguetouristinformation.com\/fr\/choses-a-faire\/vieille-ville\/horloge-astronomique?tve=true&amp;tcbf=4acad60f38\" data-pinpro-key=\"z0ztrwa0n\"><\/span><\/p>\n<p>Toutes les heures pile entre 9h00 et 23h00 un petit spectacle a lieu \u00e0 l&rsquo;horloge de la mairie, qui dure exactement 45 secondes.<\/p>\n<p>Deux fen\u00eatres de l&rsquo;horloge s&rsquo;ouvrent et les douze ap\u00f4tres passent tandis que la Faucheuse sonne le glas en tenant un sablier dans son autre main.<\/p>\n<h2 id=\"t-1670418950865\">Comment se rendre \u00e0 l&rsquo;horloge astronomique de Prague ?<\/h2>\n<p><span><img decoding=\"async\" alt=\"Comment se rendre \u00e0 l'horloge de la mairie ?\" data-id=\"1705\" width=\"702\" data-init-width=\"1000\" height=\"468\" data-init-height=\"667\" title=\"Comment se rendre \u00e0 l'horloge de la mairie ?\" loading=\"lazy\" src=\"http:\/\/praguetouristinformation.com\/wp-content\/uploads\/2020\/11\/Wie-komme-ich-zur-Rathausuhr.jpg\" data-width=\"702\" data-height=\"468\" data-pin-media=\"http:\/\/praguetouristinformation.com\/wp-content\/uploads\/2021\/03\/prag_juedisches_viertel_pinterest-10.jpg\" data-pin-description=\"Der komplette Guide zur Prager Rathausuhr [Astronomische Uhr] \u27a4 Vorstellung, Lage und Legenden \u2714 Eintritt zum Uhrwerk im Altst\u00e4dter Rathaus \u2714 Mehr ...\" data-pin-url=\"https:\/\/praguetouristinformation.com\/fr\/choses-a-faire\/vieille-ville\/horloge-astronomique?tve=true&amp;tcbf=4acad60f38\" data-pinpro-key=\"sy5yc1mlu\"><\/span><\/p>\n<p>L&rsquo;horloge astronomique est situ\u00e9e \u00e0 l&rsquo;ancien h\u00f4tel de ville, en plein c\u0153ur du centre-ville de Prague, sur <a data-id=\"621\" data-type=\"page\" href=\"https:\/\/praguetouristinformation.com\/fr\/choses-a-faire\/vieille-ville\/place-de-la-vieille-ville\" style=\"outline: none;\">la place de la vieille ville<\/a> .<\/p>\n<p>L&rsquo;ancien h\u00f4tel de ville est accessible par le m\u00e9tro A, ligne verte, station Starom\u011bstsk\u00e1, qui signifie \u00ab\u00a0vieille ville\u00a0\u00bb en anglais.<\/p>\n<h2 id=\"t-1670418950866\" data-alt-text=\"Geschichte \">Histoire de l&rsquo;horloge astronomique<\/h2>\n<p><span><img decoding=\"async\" alt=\"Histoire de l'horloge astronomique\" data-id=\"1706\" width=\"702\" data-init-width=\"1000\" height=\"468\" data-init-height=\"667\" title=\"Histoire de l'horloge astronomique\" loading=\"lazy\" src=\"http:\/\/praguetouristinformation.com\/wp-content\/uploads\/2020\/11\/Geschichte-der-Uhr.jpg\" data-width=\"702\" data-height=\"468\" data-pin-media=\"http:\/\/praguetouristinformation.com\/wp-content\/uploads\/2021\/03\/prag_juedisches_viertel_pinterest-10.jpg\" data-pin-description=\"Der komplette Guide zur Prager Rathausuhr [Astronomische Uhr] \u27a4 Vorstellung, Lage und Legenden \u2714 Eintritt zum Uhrwerk im Altst\u00e4dter Rathaus \u2714 Mehr ...\" data-pin-url=\"https:\/\/praguetouristinformation.com\/fr\/choses-a-faire\/vieille-ville\/horloge-astronomique?tve=true&amp;tcbf=4acad60f38\" data-pinpro-key=\"9my4txvlc\"><\/span><\/p>\n<p>L&rsquo;h\u00f4tel de ville de Prague a \u00e9t\u00e9 construit en 1338 dans le style gothique, sa partie la plus ancienne est la tour avec une baie vitr\u00e9e et une horloge astronomique. L&rsquo;une des parties les plus anciennes de l&rsquo;horloge est le m\u00e9canisme d&rsquo;horlogerie \u00e0 cadran astronomique, qui date de 1410. Il a finalement \u00e9t\u00e9 achev\u00e9 vers la fin du XVe si\u00e8cle par le ma\u00eetre Hanu\u0161 de Rosen.<\/p>\n<p>Au cours des si\u00e8cles, l&rsquo;horloge a d\u00fb \u00eatre r\u00e9par\u00e9e \u00e0 plusieurs reprises, elle a \u00e9t\u00e9 gravement endommag\u00e9e pendant la Seconde Guerre mondiale, mais a \u00e9t\u00e9 remise en service en 1948.<\/p>\n<p>L&rsquo;horloge \u00e0 trois aiguilles, l&rsquo;aiguille du soleil, l&rsquo;aiguille de la lune et une aiguille qui indique dans quel signe du zodiaque se trouve le soleil. Le cercle inf\u00e9rieur de l&rsquo;horloge est divis\u00e9 en 365 \u00e9tapes et sert de calendrier, avan\u00e7ant d&rsquo;un champ chaque jour.<\/p>\n<p>L&rsquo;horloge est orn\u00e9e de divers personnages, celui de la Faucheuse est particuli\u00e8rement impressionnant. Chaque jour \u00e0 l&rsquo;heure il y a un petit spectacle.<\/p>\n<p>La l\u00e9gende raconte qu&rsquo;une fois l&rsquo;horloge termin\u00e9e, ma\u00eetre Hanu\u0161 s&rsquo;est fait arracher les yeux afin qu&rsquo;il ne puisse pas cr\u00e9er d&rsquo;autres horloges de ce type. Guid\u00e9 par le son de la cloche, Hanu\u0161 retourna \u00e0 l&rsquo;horloge et mit la main dans le mouvement d&rsquo;horlogerie, qui s&rsquo;arr\u00eata alors et ne put \u00eatre r\u00e9par\u00e9 pendant 100 ans.<\/p>\n<p>Aujourd&rsquo;hui, l&rsquo;horloge astronomique est l&rsquo;un des sites les plus c\u00e9l\u00e8bres <a data-id=\"247\" data-type=\"page\" href=\"https:\/\/praguetouristinformation.com\/fr\/choses-a-faire\" style=\"outline: none;\">de Prague<\/a> .<\/p>\n<h2 id=\"t-1670418950867\">contacter<\/h2>\n<ul>\n<li><strong>Adresse :&nbsp;<\/strong> Starom\u011bstsk\u00e9 n\u00e1m. 1\/3, 110 00 Star\u00e9 Mesto, Prague<\/li>\n<li><strong>Transports en commun :&nbsp;<\/strong> M\u00e9tro ligne A, ligne verte, arr\u00eat Starom\u011bstsk\u00e1<\/li>\n<li><strong>Heures d&rsquo;ouverture :<\/strong>  &nbsp;Les heures d&rsquo;ouverture exactes peuvent \u00eatre consult\u00e9es sur le <a data-id=\"https:\/\/www.google.com\/maps\/place\/Altst%C3%A4dter+Rathaus\/@50.0870379,14.4183086,17z\/data=!3m1!4b1!4m5!3m4!1s0x470b94e930b83655:0xb03c01703d568d5!8m2!3d50.0870471!4d14.4205023\" data-type=\"URL\" href=\"https:\/\/www.google.com\/maps\/place\/Altst%C3%A4dter+Rathaus\/@50.0870379,14.4183086,17z\/data=!3m1!4b1!4m5!3m4!1s0x470b94e930b83655:0xb03c01703d568d5!8m2!3d50.0870471!4d14.4205023\" target=\"_blank\" style=\"outline: none;\" rel=\"noopener\">site Web<\/a> suivant.<\/li>\n<\/ul>\n","protected":false},"excerpt":{"rendered":"<p>L&rsquo;horloge astronomique de Prague est \u00e9galement connue sous le nom d&rsquo;horloge astronomique ou d&rsquo;horloge astronomique de la vieille ville. Il est situ\u00e9 sur le mur sud de l&rsquo; ancien h\u00f4tel de ville . C&rsquo;est l&rsquo;un des symboles de Prague, un monument culturel important et il est consid\u00e9r\u00e9 comme un chef-d&rsquo;\u0153uvre de la science et de [&hellip;]<\/p>\n","protected":false},"author":6,"featured_media":1701,"parent":742,"menu_order":0,"comment_status":"open","ping_status":"closed","template":"","meta":{"footnotes":""},"categories":[],"tags":[19],"class_list":["post-625","page","type-page","status-publish","has-post-thumbnail","hentry","tag-sehenswuerdigkeiten","post-wrapper","thrv_wrapper"],"_links":{"self":[{"href":"https:\/\/praguetouristinformation.com\/fr\/wp-json\/wp\/v2\/pages\/625","targetHints":{"allow":["GET"]}}],"collection":[{"href":"https:\/\/praguetouristinformation.com\/fr\/wp-json\/wp\/v2\/pages"}],"about":[{"href":"https:\/\/praguetouristinformation.com\/fr\/wp-json\/wp\/v2\/types\/page"}],"author":[{"embeddable":true,"href":"https:\/\/praguetouristinformation.com\/fr\/wp-json\/wp\/v2\/users\/6"}],"replies":[{"embeddable":true,"href":"https:\/\/praguetouristinformation.com\/fr\/wp-json\/wp\/v2\/comments?post=625"}],"version-history":[{"count":0,"href":"https:\/\/praguetouristinformation.com\/fr\/wp-json\/wp\/v2\/pages\/625\/revisions"}],"up":[{"embeddable":true,"href":"https:\/\/praguetouristinformation.com\/fr\/wp-json\/wp\/v2\/pages\/742"}],"wp:featuredmedia":[{"embeddable":true,"href":"https:\/\/praguetouristinformation.com\/fr\/wp-json\/wp\/v2\/media\/1701"}],"wp:attachment":[{"href":"https:\/\/praguetouristinformation.com\/fr\/wp-json\/wp\/v2\/media?parent=625"}],"wp:term":[{"taxonomy":"category","embeddable":true,"href":"https:\/\/praguetouristinformation.com\/fr\/wp-json\/wp\/v2\/categories?post=625"},{"taxonomy":"post_tag","embeddable":true,"href":"https:\/\/praguetouristinformation.com\/fr\/wp-json\/wp\/v2\/tags?post=625"}],"curies":[{"name":"wp","href":"https:\/\/api.w.org\/{rel}","templated":true}]}}