{"id":621,"date":"2020-09-27T13:42:45","date_gmt":"2020-09-27T13:42:45","guid":{"rendered":"http:\/\/praguetouristinformation.com\/?page_id=621"},"modified":"2023-05-04T13:10:12","modified_gmt":"2023-05-04T13:10:12","slug":"place-de-la-vieille-ville","status":"publish","type":"page","link":"https:\/\/praguetouristinformation.com\/fr\/choses-a-faire\/vieille-ville\/place-de-la-vieille-ville","title":{"rendered":"Place de la vieille ville\u00a0: Guide avec des informations sur les sites touristiques, le shopping et l\u2019histoire"},"content":{"rendered":"<h3 id=\"t-1670612636512\">La place de la vieille ville est la place la plus centrale de tout Prague, c&rsquo;est pourquoi la plupart des visites de la ville commencent ici.<\/h3>\n<p>La place de 9 000 m\u00e8tres carr\u00e9s comprend certains des <a data-id=\"247\" data-type=\"page\" href=\"https:\/\/praguetouristinformation.com\/fr\/choses-a-faire\" style=\"outline: none;\">sites les plus c\u00e9l\u00e8bres de Prague<\/a> . Parmi eux se trouvent l&rsquo;h\u00f4tel de ville de Prague, le monument Jan Hus et l&rsquo;horloge astronomique.<\/p>\n<p>Des artistes de rue proposent des animations sur la place, qui est entour\u00e9e de nombreux caf\u00e9s et restaurants.<\/p>\n<p>Les maisons ont de belles fa\u00e7ades et sont en partie construites sur des fondations du 12\u00e8me si\u00e8cle.<\/p>\n<p>Sur cette page, nous vous disons ce que vous devez savoir avant de visiter la place de la vieille ville. Cela comprend les sites touristiques, le shopping, l&rsquo;histoire et plus encore.<\/p>\n<p>Nous y voil\u00e0!<\/p>\n<h2 id=\"t-1670612636544\"><span style=\"color: var(--tcb-skin-color-4); font-family: Literata; font-size: 26px; font-weight: var(--g-bold-weight,bold);\">Que puis-je faire \u00e0 Place de la Vieille Ville ?<\/span><\/h2>\n<h3 id=\"t-1670612636513\">1. H\u00f4tel de ville et tour de l&rsquo;h\u00f4tel de ville<\/h3>\n<p><span><img decoding=\"async\" alt=\"H\u00f4tel de ville et tour de l'h\u00f4tel de ville \u00e0 Prague\" data-id=\"1670\" width=\"702\" data-init-width=\"1000\" height=\"468\" data-init-height=\"667\" title=\"H\u00f4tel de ville et tour de l'h\u00f4tel de ville \u00e0 Prague\" loading=\"lazy\" src=\"http:\/\/praguetouristinformation.com\/wp-content\/uploads\/2020\/11\/Rathaus-und-Rathausturm.jpg\" data-width=\"702\" data-height=\"468\" data-pin-media=\"http:\/\/praguetouristinformation.com\/wp-content\/uploads\/2021\/01\/prag_atlstaedter_ring_pinterest.jpg\" data-pin-description=\"Altst\u00e4dter Ring: Sehensw\u00fcrdigkeiten, Shopping &amp; Geschichte\" data-pin-url=\"https:\/\/praguetouristinformation.com\/fr\/choses-a-faire\/vieille-ville\/place-de-la-vieille-ville?tve=true&amp;tcbf=ed0bea3c83\" data-pinpro-key=\"k09ywpji8\"><\/span><\/p>\n<p>Situ\u00e9 \u00e0 l&rsquo;angle sud-est de la place de la vieille ville, l&rsquo; <a data-id=\"628\" data-type=\"page\" href=\"https:\/\/praguetouristinformation.com\/fr\/choses-a-faire\/vieille-ville\/ancien-hotel-de-ville\" style=\"outline: none;\">h\u00f4tel de ville<\/a> est l&rsquo;une des principales attractions de Prague. Sa tour offre la meilleure vue sur la ville. Il a \u00e9t\u00e9 construit en 1338 et les citoyens l&rsquo;ont financ\u00e9 gr\u00e2ce \u00e0 la taxe sur la bi\u00e8re. Fortement endommag\u00e9 pendant la Seconde Guerre mondiale, il n&rsquo;est plus utilis\u00e9 comme h\u00f4tel de ville depuis 1945, mais est utilis\u00e9 pour diverses manifestations culturelles.<\/p>\n<p>Il est librement accessible au public. Ses halles historiques, les catacombes sous l&rsquo;h\u00f4tel de ville et la tour de l&rsquo;h\u00f4tel de ville sont particuli\u00e8rement dignes d&rsquo;int\u00e9r\u00eat.<\/p>\n<h3 id=\"t-1670612636514\">2. Horloge astronomique<\/h3>\n<p><span><img decoding=\"async\" alt=\"Horloge astronomique \u00e0 Prague\" data-id=\"1672\" width=\"702\" data-init-width=\"1000\" height=\"468\" data-init-height=\"667\" title=\"Horloge astronomique \u00e0 Prague\" loading=\"lazy\" src=\"http:\/\/praguetouristinformation.com\/wp-content\/uploads\/2020\/11\/Astronomische-Uhr.jpg\" data-width=\"702\" data-height=\"468\" data-pin-media=\"http:\/\/praguetouristinformation.com\/wp-content\/uploads\/2021\/01\/prag_atlstaedter_ring_pinterest.jpg\" data-pin-description=\"Altst\u00e4dter Ring: Sehensw\u00fcrdigkeiten, Shopping &amp; Geschichte\" data-pin-url=\"https:\/\/praguetouristinformation.com\/fr\/choses-a-faire\/vieille-ville\/place-de-la-vieille-ville?tve=true&amp;tcbf=ed0bea3c83\" data-pinpro-key=\"cpwd2ks0d\"><\/span><\/p>\n<p>L&rsquo; <a data-id=\"625\" data-type=\"page\" href=\"https:\/\/praguetouristinformation.com\/fr\/choses-a-faire\/vieille-ville\/horloge-astronomique\" style=\"outline: none;\">horloge astronomique<\/a> sur le mur sud de l&rsquo;ancien h\u00f4tel de ville est consid\u00e9r\u00e9e comme un chef-d&rsquo;\u0153uvre de la science et de la technologie gothiques. Toutes les heures pile entre 9h00 et 23h00 un petit spectacle a lieu \u00e0 l&rsquo;horloge de la mairie, qui dure exactement 45 secondes.<\/p>\n<p>Deux fen\u00eatres de l&rsquo;horloge s&rsquo;ouvrent et les douze ap\u00f4tres passent tandis que la Faucheuse sonne le glas d&rsquo;une main et l\u00e8ve un sablier de l&rsquo;autre.<\/p>\n<h3 id=\"t-1670612636515\">3. Monument Jan Hus<\/h3>\n<p><span><img decoding=\"async\" alt=\"Monument de Jan Hus \u00e0 Prague\" data-id=\"1673\" width=\"702\" data-init-width=\"1000\" height=\"468\" data-init-height=\"667\" title=\"Monument de Jan Hus \u00e0 Prague\" loading=\"lazy\" src=\"http:\/\/praguetouristinformation.com\/wp-content\/uploads\/2020\/11\/Jan-Hus-Denkmal.jpg\" data-width=\"702\" data-height=\"468\" data-pin-media=\"http:\/\/praguetouristinformation.com\/wp-content\/uploads\/2021\/01\/prag_atlstaedter_ring_pinterest.jpg\" data-pin-description=\"Altst\u00e4dter Ring: Sehensw\u00fcrdigkeiten, Shopping &amp; Geschichte\" data-pin-url=\"https:\/\/praguetouristinformation.com\/fr\/choses-a-faire\/vieille-ville\/place-de-la-vieille-ville?tve=true&amp;tcbf=ed0bea3c83\" data-pinpro-key=\"7zyzpzkh9\"><\/span><\/p>\n<p>Le monument en pierre et en bronze a \u00e9t\u00e9 cr\u00e9\u00e9 par Ladislav \u0160aloun (1870-1946) et est l&rsquo;une des sculptures Art nouveau les plus importantes de Prague. Il a \u00e9t\u00e9 achev\u00e9 en 1915 \u00e0 l&rsquo;occasion du 500e anniversaire de la mort du r\u00e9formateur tch\u00e8que Jan Hus et est consid\u00e9r\u00e9 comme un symbole de l&rsquo;ind\u00e9pendance nationale du peuple tch\u00e8que. Jan Hus a pr\u00each\u00e9 la r\u00e9forme de l&rsquo;\u00c9glise catholique un si\u00e8cle avant Luther et a \u00e9t\u00e9 br\u00fbl\u00e9 vif sur le b\u00fbcher en 1415.<\/p>\n<p>Quatre ans plus tard, son martyre a \u00e9t\u00e9 le d\u00e9clencheur de la premi\u00e8re d\u00e9fenestration de Prague et des guerres hussites qui ont dur\u00e9 18 ans.&nbsp;<\/p>\n<h3 id=\"t-1670612636516\">4. \u00c9glise de Teyn<\/h3>\n<p><span><img decoding=\"async\" alt=\"Teynkirche \u00e0 Prague\" data-id=\"1674\" width=\"702\" data-init-width=\"1000\" height=\"468\" data-init-height=\"667\" title=\"Teynkirche \u00e0 Prague\" loading=\"lazy\" src=\"http:\/\/praguetouristinformation.com\/wp-content\/uploads\/2020\/11\/Teynkirche.jpg\" data-width=\"702\" data-height=\"468\" data-pin-media=\"http:\/\/praguetouristinformation.com\/wp-content\/uploads\/2021\/01\/prag_atlstaedter_ring_pinterest.jpg\" data-pin-description=\"Altst\u00e4dter Ring: Sehensw\u00fcrdigkeiten, Shopping &amp; Geschichte\" data-pin-url=\"https:\/\/praguetouristinformation.com\/fr\/choses-a-faire\/vieille-ville\/place-de-la-vieille-ville?tve=true&amp;tcbf=ed0bea3c83\" data-pinpro-key=\"87sp1lqcr\"><\/span><\/p>\n<p>L&rsquo;\u00e9glise de Tyn se trouve juste en face de l&rsquo;ancien h\u00f4tel de ville. Il a \u00e9t\u00e9 construit entre le milieu du XIVe et le d\u00e9but du XVIe si\u00e8cle et est l&rsquo;un des \u00e9difices sacr\u00e9s gothiques les plus importants de Prague.<\/p>\n<p>L&rsquo;ach\u00e8vement a \u00e9t\u00e9 retard\u00e9, entre autres, parce que des potences ont \u00e9t\u00e9 fabriqu\u00e9es \u00e0 partir des poutres en bois qui \u00e9taient destin\u00e9es \u00e0 la structure du toit, et le toit n&rsquo;a pu \u00eatre achev\u00e9 que 20 ans plus tard. Les deux tours, nomm\u00e9es Adam et Eve, ne furent achev\u00e9es qu&rsquo;au d\u00e9but du XVIe si\u00e8cle.<\/p>\n<p>L&rsquo;\u00e9glise contient de nombreuses \u0153uvres gothiques, du d\u00e9but du baroque et de la Renaissance, dont les retables de Karel \u0160kr\u00e9ta et la pierre tombale de l&rsquo;astronome Tycho Brahe sont particuli\u00e8rement remarquables.<\/p>\n<p>Les fonts baptismaux de Prague de 1414 sont les plus anciens fonts baptismaux, l&rsquo;orgue de 1673 est le plus ancien orgue de Prague.<\/p>\n<h3 id=\"t-1670612636517\">5. Haus zur Minute (maison de Franz Kafka)<\/h3>\n<p><span><img decoding=\"async\" alt=\"Haus zum Minute (Maison de Franz Kafka)\" data-id=\"1676\" width=\"702\" data-init-width=\"1000\" height=\"468\" data-init-height=\"667\" title=\"Haus zum Minute (Maison de Franz Kafka)\" loading=\"lazy\" src=\"http:\/\/praguetouristinformation.com\/wp-content\/uploads\/2020\/11\/Haus-zur-Minute-Wohnhaus-von-Franz-Kafka.jpg\" data-width=\"702\" data-height=\"468\" data-pin-media=\"http:\/\/praguetouristinformation.com\/wp-content\/uploads\/2021\/01\/prag_atlstaedter_ring_pinterest.jpg\" data-pin-description=\"Altst\u00e4dter Ring: Sehensw\u00fcrdigkeiten, Shopping &amp; Geschichte\" data-pin-url=\"https:\/\/praguetouristinformation.com\/fr\/choses-a-faire\/vieille-ville\/place-de-la-vieille-ville?tve=true&amp;tcbf=ed0bea3c83\" data-pinpro-key=\"wu53ychcy\"><\/span><\/p>\n<p>La Haus zum Minute est tr\u00e8s proche de l&rsquo;ancien h\u00f4tel de ville. La fa\u00e7ade est orn\u00e9e de sgraffites, qui reprennent des th\u00e8mes bibliques et mythologiques ainsi que des l\u00e9gendes contemporaines de la Renaissance. La maison a \u00e9t\u00e9 \u00e9rig\u00e9e en tant que b\u00e2timent gothique tardif dans la premi\u00e8re moiti\u00e9 du XVe si\u00e8cle et est consid\u00e9r\u00e9e comme un repr\u00e9sentant typique de l&rsquo;architecture bourgeoise de la Renaissance tch\u00e8que. Il est prot\u00e9g\u00e9 en tant que monument culturel.<\/p>\n<p>Dans les ann\u00e9es 1889 &#8211; 1896, Franz Kafka a v\u00e9cu ici avec ses parents, ses 3 s\u0153urs sont n\u00e9es ici.<\/p>\n<h3 id=\"t-1670612636518\">6. Concerts \u00e0 l&rsquo;\u00e9glise Saint-Nicolas<\/h3>\n<p><span><img decoding=\"async\" alt=\"Concerts \u00e0 l'\u00e9glise Saint-Nicolas de Prague\" data-id=\"1677\" width=\"702\" data-init-width=\"1000\" height=\"468\" data-init-height=\"667\" title=\"Concerts \u00e0 l'\u00e9glise Saint-Nicolas de Prague\" loading=\"lazy\" src=\"http:\/\/praguetouristinformation.com\/wp-content\/uploads\/2020\/11\/Konzerte-in-der-St.-Nikolaus-Kirche.jpg\" data-width=\"702\" data-height=\"468\" data-pin-media=\"http:\/\/praguetouristinformation.com\/wp-content\/uploads\/2021\/01\/prag_atlstaedter_ring_pinterest.jpg\" data-pin-description=\"Altst\u00e4dter Ring: Sehensw\u00fcrdigkeiten, Shopping &amp; Geschichte\" data-pin-url=\"https:\/\/praguetouristinformation.com\/fr\/choses-a-faire\/vieille-ville\/place-de-la-vieille-ville?tve=true&amp;tcbf=ed0bea3c83\" data-pinpro-key=\"eh2ztna0k\"><\/span><\/p>\n<p>Pr\u00e8s du monument Jan Hus se dresse l&rsquo;\u00e9glise baroque Saint-Nicolas, mentionn\u00e9e pour la premi\u00e8re fois en 1273. Les moines b\u00e9n\u00e9dictins ont reconstruit l&rsquo;\u00e9glise au XVIIIe si\u00e8cle dans le style baroque. Entre 1870 et 1914, l&rsquo;\u00e9glise Saint-Nicolas a \u00e9t\u00e9 lou\u00e9e \u00e0 l&rsquo;\u00c9glise orthodoxe russe. Le lustre, pesant 1400 kilogrammes, \u00e9tait un cadeau du tsar russe Alexandre II.<\/p>\n<p>Des concerts classiques avec l&rsquo;orgue du XVIIIe si\u00e8cle ont lieu presque tous les jours dans la plus c\u00e9l\u00e8bre \u00e9glise baroque de Prague. L&rsquo;\u00e9glise n&rsquo;est pas chauff\u00e9e.<\/p>\n<p>Ne confondez pas l&rsquo;\u00e9glise Saint-Nicolas avec l&rsquo;\u00e9glise du m\u00eame nom sur la place de la petite ville de l&rsquo;autre c\u00f4t\u00e9 de la rivi\u00e8re Vltava.<\/p>\n<h3 id=\"t-1670612636519\">7. Faire du shopping dans la Parizska<\/h3>\n<p><span><img decoding=\"async\" alt=\"Shopping dans la Parizska\" data-id=\"1679\" width=\"702\" data-init-width=\"1000\" height=\"468\" data-init-height=\"667\" title=\"Shopping dans la Parizska\" loading=\"lazy\" src=\"http:\/\/praguetouristinformation.com\/wp-content\/uploads\/2020\/11\/Shopping-in-der-Parizska.jpg\" data-width=\"702\" data-height=\"468\" data-pin-media=\"http:\/\/praguetouristinformation.com\/wp-content\/uploads\/2021\/01\/prag_atlstaedter_ring_pinterest.jpg\" data-pin-description=\"Altst\u00e4dter Ring: Sehensw\u00fcrdigkeiten, Shopping &amp; Geschichte\" data-pin-url=\"https:\/\/praguetouristinformation.com\/fr\/choses-a-faire\/vieille-ville\/place-de-la-vieille-ville?tve=true&amp;tcbf=ed0bea3c83\" data-pinpro-key=\"8fwfylpds\"><\/span><\/p>\n<p>Le boulevard, large de 24 m\u00e8tres et long de 660 m\u00e8tres, traverse le quartier juif et relie la place de la vieille ville \u00e0 la rivi\u00e8re Vltava.<\/p>\n<p>Parizska &#8211; en allemand Pariser Strasse &#8211; est <a data-id=\"202\" data-type=\"page\" href=\"https:\/\/praguetouristinformation.com\/fr\/shopping\/rues-commercantes\" style=\"outline: none;\">la rue commer\u00e7ante la plus ch\u00e8re et la plus luxueuse de Prague<\/a> . Les magasins et boutiques des maisons Art nouveau et n\u00e9o-baroque proposent un m\u00e9lange de marques internationales et de marques de luxe telles que Cartier, Dior, Gucci, Burberry, Herm\u00e8s, Rolex, Prada, Boss, Armani et Louis Vuitton, entre autres.<\/p>\n<p>Les nombreux restaurants et caf\u00e9s le long du magnifique boulevard sont \u00e9galement dans la fourchette de prix sup\u00e9rieure.<\/p>\n<h3 id=\"t-1670612636520\">8. Galerie nationale de Prague<\/h3>\n<p><span><img decoding=\"async\" alt=\"Galerie nationale de Prague\" data-id=\"1681\" width=\"702\" data-init-width=\"1000\" height=\"468\" data-init-height=\"667\" title=\"Galerie nationale de Prague\" loading=\"lazy\" src=\"http:\/\/praguetouristinformation.com\/wp-content\/uploads\/2020\/11\/Nationalgalerie-Prag.jpg\" data-width=\"702\" data-height=\"468\" data-pin-media=\"http:\/\/praguetouristinformation.com\/wp-content\/uploads\/2021\/01\/prag_atlstaedter_ring_pinterest.jpg\" data-pin-description=\"Altst\u00e4dter Ring: Sehensw\u00fcrdigkeiten, Shopping &amp; Geschichte\" data-pin-url=\"https:\/\/praguetouristinformation.com\/fr\/choses-a-faire\/vieille-ville\/place-de-la-vieille-ville?tve=true&amp;tcbf=ed0bea3c83\" data-pinpro-key=\"k3pi13von\"><\/span><\/p>\n<p>La Galerie nationale de Prague est le mus\u00e9e d&rsquo;art le plus important de la R\u00e9publique tch\u00e8que. Apr\u00e8s le Louvre \u00e0 Paris, c&rsquo;est la deuxi\u00e8me plus ancienne galerie d&rsquo;Europe. Leurs expositions permanentes sont pr\u00e9sent\u00e9es dans divers b\u00e2timents de Prague. L&rsquo;un d&rsquo;eux est le palais baroque Goltz-Kinsky sur la place de la vieille ville, o\u00f9 sont expos\u00e9es des \u0153uvres d&rsquo;art d&rsquo;Asie et d&rsquo;Afrique ainsi que des cultures islamiques.<\/p>\n<p>Le palais \u00e9tait autrefois un lyc\u00e9e humaniste de langue allemande, que Franz Kafka et son ami de longue date Max Brod ont fr\u00e9quent\u00e9 il y a de nombreuses ann\u00e9es.<\/p>\n<h3 id=\"t-1670612636521\">9. Illusion Art Museum Prague<\/h3>\n<p><span><img decoding=\"async\" alt=\"Mus\u00e9e d'art de l'illusion, Prague, R\u00e9publique tch\u00e8que\" data-id=\"1383\" width=\"702\" data-init-width=\"1000\" height=\"468\" data-init-height=\"667\" title=\"Mus\u00e9e d'art de l'illusion, Prague, R\u00e9publique tch\u00e8que\" loading=\"lazy\" src=\"http:\/\/praguetouristinformation.com\/wp-content\/uploads\/2020\/11\/Illusion-Art-Museum.jpg\" data-width=\"702\" data-height=\"468\" data-pin-media=\"http:\/\/praguetouristinformation.com\/wp-content\/uploads\/2021\/01\/prag_atlstaedter_ring_pinterest.jpg\" data-pin-description=\"Altst\u00e4dter Ring: Sehensw\u00fcrdigkeiten, Shopping &amp; Geschichte\" data-pin-url=\"https:\/\/praguetouristinformation.com\/fr\/choses-a-faire\/vieille-ville\/place-de-la-vieille-ville?tve=true&amp;tcbf=ed0bea3c83\" data-pinpro-key=\"54nq1ee7l\"><\/span><\/p>\n<p>Le petit mus\u00e9e est situ\u00e9 dans un b\u00e2timent class\u00e9 du XVe si\u00e8cle en face de l&rsquo;ancien h\u00f4tel de ville et est r\u00e9parti sur 2 \u00e9tages. L&rsquo;art de l&rsquo;illusion de styles vari\u00e9s, certains historiques, certains contemporains, l&rsquo;art du trucage et les illusions spatiales font de la visite une exp\u00e9rience inoubliable o\u00f9 les visiteurs red\u00e9couvrent la perspective.<\/p>\n<p>Comme il se trouve juste en face de la mairie, vous avez une vue imprenable sur l&rsquo;horloge astronomique depuis les deux \u00e9tages.<\/p>\n<h3 id=\"t-1670612636522\">10. Madame Tussauds Prague<\/h3>\n<p><span><img decoding=\"async\" alt=\"Prague de Madame Tussaud\" data-id=\"1683\" width=\"702\" data-init-width=\"1000\" height=\"468\" data-init-height=\"667\" title=\"Prague de Madame Tussaud\" loading=\"lazy\" src=\"http:\/\/praguetouristinformation.com\/wp-content\/uploads\/2020\/11\/Madame-Tussaud\u00b4s-Prag.jpg\" data-width=\"702\" data-height=\"468\" data-pin-media=\"http:\/\/praguetouristinformation.com\/wp-content\/uploads\/2021\/01\/prag_atlstaedter_ring_pinterest.jpg\" data-pin-description=\"Altst\u00e4dter Ring: Sehensw\u00fcrdigkeiten, Shopping &amp; Geschichte\" data-pin-url=\"https:\/\/praguetouristinformation.com\/fr\/choses-a-faire\/vieille-ville\/place-de-la-vieille-ville?tve=true&amp;tcbf=ed0bea3c83\" data-pinpro-key=\"7ocp9w2iw\"><\/span><\/p>\n<p>Depuis 2019, le mus\u00e9e de cire de Madame Tussaud a une succursale \u00e0 Prague. L&rsquo;entr\u00e9e est juste au coin de l&rsquo;\u00e9glise de Tyn. Des stars de la musique et du cin\u00e9ma, des athl\u00e8tes et des personnalit\u00e9s c\u00e9l\u00e8bres de l&rsquo;histoire tch\u00e8que et internationale sont immortalis\u00e9s ici. Bruce Willi vous accueille d\u00e8s l&rsquo;entr\u00e9e.<\/p>\n<h3 id=\"t-1670612636523\">11. Galerie centrale<\/h3>\n<p><span><img decoding=\"async\" alt=\"Galerie centrale de Prague\" data-id=\"1685\" width=\"702\" data-init-width=\"1000\" height=\"468\" data-init-height=\"667\" title=\"Galerie centrale de Prague\" loading=\"lazy\" src=\"http:\/\/praguetouristinformation.com\/wp-content\/uploads\/2020\/11\/Central-Gallery.jpg\" data-width=\"702\" data-height=\"468\" data-pin-media=\"http:\/\/praguetouristinformation.com\/wp-content\/uploads\/2021\/01\/prag_atlstaedter_ring_pinterest.jpg\" data-pin-description=\"Altst\u00e4dter Ring: Sehensw\u00fcrdigkeiten, Shopping &amp; Geschichte\" data-pin-url=\"https:\/\/praguetouristinformation.com\/fr\/choses-a-faire\/vieille-ville\/place-de-la-vieille-ville?tve=true&amp;tcbf=ed0bea3c83\" data-pinpro-key=\"ejdqf6nuk\"><\/span><\/p>\n<p>Tout pr\u00e8s de l&rsquo;\u00e9glise du Tyn se trouve la maison Zum Wei\u00dfen Einhorn, qui est reli\u00e9e \u00e0 l&rsquo;\u00e9cole voisine du Tyn par une arcade gothique.<\/p>\n<p>La Central Gallery pr\u00e9sente ici trois expositions diff\u00e9rentes sur trois \u00e9tages : des \u0153uvres de l&rsquo;artiste espagnol Salvador Dali, l&rsquo;exposition \u00ab\u00a0Andy Warhol &#8211; I&rsquo;m OK\u00a0\u00bb et des \u0153uvres du peintre et designer tch\u00e8que de l&rsquo;Art nouveau Alfons Mucha<\/p>\n<h3 id=\"t-1670612636524\">12. Cloche en pierre<\/h3>\n<p><span><img decoding=\"async\" alt=\"Cloche en pierre\" data-id=\"1687\" width=\"702\" data-init-width=\"1000\" height=\"468\" data-init-height=\"667\" title=\"Cloche en pierre\" loading=\"lazy\" src=\"http:\/\/praguetouristinformation.com\/wp-content\/uploads\/2020\/11\/Haus-zur-Steinernen-Glocke.jpg\" data-width=\"702\" data-height=\"468\" data-pin-media=\"http:\/\/praguetouristinformation.com\/wp-content\/uploads\/2021\/01\/prag_atlstaedter_ring_pinterest.jpg\" data-pin-description=\"Altst\u00e4dter Ring: Sehensw\u00fcrdigkeiten, Shopping &amp; Geschichte\" data-pin-url=\"https:\/\/praguetouristinformation.com\/fr\/choses-a-faire\/vieille-ville\/place-de-la-vieille-ville?tve=true&amp;tcbf=ed0bea3c83\" data-pinpro-key=\"kr0kohmo1\"><\/span><\/p>\n<p>\u00c0 droite du palais baroque tardif Goltz-Kinsky se trouve la maison de la cloche en pierre. Construite \u00e0 l&rsquo;origine dans le style gothique, la maison a \u00e9t\u00e9 cach\u00e9e derri\u00e8re une fa\u00e7ade baroque pendant des ann\u00e9es, jusqu&rsquo;\u00e0 ce qu&rsquo;elle soit finalement supprim\u00e9e et que le b\u00e2timent retrouve sa forme gothique d&rsquo;origine lors de longs travaux de r\u00e9novation. Charles IV aurait s\u00e9journ\u00e9 ici lors de la r\u00e9novation du ch\u00e2teau de Prague.<\/p>\n<p>Aujourd&rsquo;hui, la Galerie de Prague utilise le b\u00e2timent pour des expositions r\u00e9guli\u00e8res \u00e0 court terme d&rsquo;art moderne et contemporain tch\u00e8que et international.<\/p>\n<p>Au sous-sol de la maison, il y a un lapidarium et une petite exposition sur l&rsquo;histoire de la maison et sa reconstruction.<\/p>\n<h2 id=\"t-1670612636525\">Comment se rendre \u00e0 la Place de la Vieille Ville ?<\/h2>\n<p><span><img decoding=\"async\" alt=\"Comment se rendre \u00e0 la place de la vieille ville\" data-id=\"1688\" width=\"702\" data-init-width=\"1000\" height=\"468\" data-init-height=\"667\" title=\"Comment se rendre \u00e0 la place de la vieille ville\" loading=\"lazy\" src=\"http:\/\/praguetouristinformation.com\/wp-content\/uploads\/2020\/11\/Wie-komme-ich-zum-Altstaedter-Ring.jpg\" data-width=\"702\" data-height=\"468\" data-pin-media=\"http:\/\/praguetouristinformation.com\/wp-content\/uploads\/2021\/01\/prag_atlstaedter_ring_pinterest.jpg\" data-pin-description=\"Altst\u00e4dter Ring: Sehensw\u00fcrdigkeiten, Shopping &amp; Geschichte\" data-pin-url=\"https:\/\/praguetouristinformation.com\/fr\/choses-a-faire\/vieille-ville\/place-de-la-vieille-ville?tve=true&amp;tcbf=ed0bea3c83\" data-pinpro-key=\"mr03tr0ui\"><\/span><\/p>\n<p>L&rsquo;ancien h\u00f4tel de ville est accessible en m\u00e9tro A, ligne verte, station Starom\u011bstsk\u00e1, qui signifie \u00abvieille ville\u00bb en allemand.<\/p>\n<p>La place est situ\u00e9e au centre de nombreuses autres attractions de Prague, telles que la passerelle entre le <a data-id=\"664\" data-type=\"page\" href=\"https:\/\/praguetouristinformation.com\/fr\/choses-a-faire\/le-pont-charles\" style=\"outline: none;\">pont Charles<\/a> , la place Venceslas et le quartier juif.<\/p>\n<h2 id=\"t-1670612636526\">Histoire de la Place de la Vieille Ville<\/h2>\n<p><span><img decoding=\"async\" alt=\"Histoire de la Place de la Vieille Ville\" data-id=\"1689\" width=\"702\" data-init-width=\"1000\" height=\"468\" data-init-height=\"667\" title=\"Histoire de la Place de la Vieille Ville\" loading=\"lazy\" src=\"http:\/\/praguetouristinformation.com\/wp-content\/uploads\/2020\/11\/Geschichte-des-Altstaedter-Ring.jpg\" data-width=\"702\" data-height=\"468\" data-pin-media=\"http:\/\/praguetouristinformation.com\/wp-content\/uploads\/2021\/01\/prag_atlstaedter_ring_pinterest.jpg\" data-pin-description=\"Altst\u00e4dter Ring: Sehensw\u00fcrdigkeiten, Shopping &amp; Geschichte\" data-pin-url=\"https:\/\/praguetouristinformation.com\/fr\/choses-a-faire\/vieille-ville\/place-de-la-vieille-ville?tve=true&amp;tcbf=ed0bea3c83\" data-pinpro-key=\"vgapwbbz8\"><\/span><\/p>\n<p>La place la plus grande et la plus importante de Prague historique a \u00e9t\u00e9 cr\u00e9\u00e9e d\u00e8s le 10\u00e8me si\u00e8cle. Il servait de march\u00e9 o\u00f9 les commer\u00e7ants vendaient du poisson, de la viande, des \u00e9pices, des l\u00e9gumes, des fruits, des produits laitiers et des produits en bois, entre autres.<\/p>\n<p>De nombreuses maisons ont \u00e9t\u00e9 construites autour de la place aux XIIe et XIIIe si\u00e8cles, certaines de leurs fondations romanes et gothiques primitives sont encore conserv\u00e9es aujourd&rsquo;hui.<\/p>\n<p>Le c\u00e9l\u00e8bre h\u00f4tel de ville de Prague a \u00e9t\u00e9 construit au 14\u00e8me si\u00e8cle, tout comme l&rsquo;\u00e9glise de Tyni. La place est devenue le centre politique de la vieille ville de Prague, diverses c\u00e9l\u00e9brations et r\u00e9unions publiques ont eu lieu ici, les processions royales <a data-id=\"738\" data-type=\"page\" href=\"https:\/\/praguetouristinformation.com\/fr\/choses-a-faire\/chateau\" style=\"outline: none;\">vers le ch\u00e2teau de Prague<\/a> ont travers\u00e9 la place.<\/p>\n<p>Cependant, au fil des si\u00e8cles, la place a \u00e9t\u00e9 t\u00e9moin de soul\u00e8vements, d&rsquo;\u00e9meutes et d&rsquo;ex\u00e9cutions, dont 27 rebelles boh\u00e9miens qui ont \u00e9t\u00e9 ex\u00e9cut\u00e9s ici en 1621.&nbsp;<\/p>\n<p>En 1962, la place de la vieille ville a \u00e9t\u00e9 d\u00e9clar\u00e9e monument culturel national.<\/p>\n<p>Aujourd&rsquo;hui, la place de la vieille ville est une zone pi\u00e9tonne et avec ses nombreux restaurants et <a data-id=\"258\" data-type=\"page\" href=\"https:\/\/praguetouristinformation.com\/fr\/restaurants-prague\/cafes\" style=\"outline: none;\">caf\u00e9s<\/a> , c&rsquo;est la principale attraction touristique. Des march\u00e9s de No\u00ebl et de P\u00e2ques y sont \u00e9galement install\u00e9s.<\/p>\n<h2 id=\"t-1670612636527\">Contacter<\/h2>\n<ul>\n<li><strong>Adresse :<\/strong> Place de la Vieille Ville, 110 00 Prague<\/li>\n<\/ul>\n<ul>\n<li><strong>Transports publics :<\/strong> M\u00e9tro ligne A, ligne verte, arr\u00eat Starom\u011bstsk\u00e1<\/li>\n<\/ul>\n","protected":false},"excerpt":{"rendered":"<p>La place de la vieille ville est la place la plus centrale de tout Prague, c&rsquo;est pourquoi la plupart des visites de la ville commencent ici. La place de 9 000 m\u00e8tres carr\u00e9s comprend certains des sites les plus c\u00e9l\u00e8bres de Prague . Parmi eux se trouvent l&rsquo;h\u00f4tel de ville de Prague, le monument Jan [&hellip;]<\/p>\n","protected":false},"author":6,"featured_media":1668,"parent":742,"menu_order":0,"comment_status":"open","ping_status":"closed","template":"","meta":{"footnotes":""},"categories":[],"tags":[19],"class_list":["post-621","page","type-page","status-publish","has-post-thumbnail","hentry","tag-sehenswuerdigkeiten","post-wrapper","thrv_wrapper"],"_links":{"self":[{"href":"https:\/\/praguetouristinformation.com\/fr\/wp-json\/wp\/v2\/pages\/621","targetHints":{"allow":["GET"]}}],"collection":[{"href":"https:\/\/praguetouristinformation.com\/fr\/wp-json\/wp\/v2\/pages"}],"about":[{"href":"https:\/\/praguetouristinformation.com\/fr\/wp-json\/wp\/v2\/types\/page"}],"author":[{"embeddable":true,"href":"https:\/\/praguetouristinformation.com\/fr\/wp-json\/wp\/v2\/users\/6"}],"replies":[{"embeddable":true,"href":"https:\/\/praguetouristinformation.com\/fr\/wp-json\/wp\/v2\/comments?post=621"}],"version-history":[{"count":0,"href":"https:\/\/praguetouristinformation.com\/fr\/wp-json\/wp\/v2\/pages\/621\/revisions"}],"up":[{"embeddable":true,"href":"https:\/\/praguetouristinformation.com\/fr\/wp-json\/wp\/v2\/pages\/742"}],"wp:featuredmedia":[{"embeddable":true,"href":"https:\/\/praguetouristinformation.com\/fr\/wp-json\/wp\/v2\/media\/1668"}],"wp:attachment":[{"href":"https:\/\/praguetouristinformation.com\/fr\/wp-json\/wp\/v2\/media?parent=621"}],"wp:term":[{"taxonomy":"category","embeddable":true,"href":"https:\/\/praguetouristinformation.com\/fr\/wp-json\/wp\/v2\/categories?post=621"},{"taxonomy":"post_tag","embeddable":true,"href":"https:\/\/praguetouristinformation.com\/fr\/wp-json\/wp\/v2\/tags?post=621"}],"curies":[{"name":"wp","href":"https:\/\/api.w.org\/{rel}","templated":true}]}}