{"id":617,"date":"2020-09-28T16:34:04","date_gmt":"2020-09-28T16:34:04","guid":{"rendered":"http:\/\/praguetouristinformation.com\/?page_id=617"},"modified":"2023-05-04T12:50:55","modified_gmt":"2023-05-04T12:50:55","slug":"ancienne-nouvelle-synagogue","status":"publish","type":"page","link":"https:\/\/praguetouristinformation.com\/fr\/choses-a-faire\/quartier-juif\/ancienne-nouvelle-synagogue","title":{"rendered":"Guide de l&#8217;ancienne nouvelle synagogue\u00a0: Informations, admission et histoire"},"content":{"rendered":"<h3 id=\"t-1670592514170\">L&rsquo;ancienne nouvelle synagogue s&rsquo;appelle Staronov\u00e1 Synagog en tch\u00e8que.<\/h3>\n<p>Il est situ\u00e9 dans le quartier Josefov, l&rsquo;ancien <a data-id=\"612\" data-type=\"page\" href=\"https:\/\/praguetouristinformation.com\/fr\/choses-a-faire\/quartier-juif\" style=\"outline: none;\">quartier juif de Prague<\/a> , \u00e0 proximit\u00e9 imm\u00e9diate du centre sur la <a data-id=\"621\" data-type=\"page\" href=\"https:\/\/praguetouristinformation.com\/fr\/choses-a-faire\/vieille-ville\/place-de-la-vieille-ville\" style=\"outline: none;\">place de la Vieille Ville<\/a> . Elle a \u00e9t\u00e9 construite vers 1270 et est la plus ancienne synagogue d&rsquo;Europe.<\/p>\n<p>Il est encore utilis\u00e9 aujourd&rsquo;hui pour les offices religieux, mais il est ouvert au public et se visite de l&rsquo;int\u00e9rieur.<\/p>\n<p>Cela vous fournira des informations utiles pour votre visite \u00e0 l&rsquo;ancienne nouvelle synagogue. Cela comprend l&rsquo;histoire, l&rsquo;admission et bien plus encore.<\/p>\n<h2 id=\"t-1670592514171\">Que puis-je faire dans la Vieille Nouvelle Synagogue ?<\/h2>\n<p><span><img decoding=\"async\" alt=\"Que puis-je faire dans l'ancienne nouvelle synagogue\" data-id=\"1586\" width=\"702\" data-init-width=\"1000\" height=\"468\" data-init-height=\"667\" title=\"Que puis-je faire dans l'ancienne nouvelle synagogue\" loading=\"lazy\" src=\"http:\/\/praguetouristinformation.com\/wp-content\/uploads\/2020\/11\/Was-kann-ich-in-der-Alt-Neu-Synagoge-machen.jpg\" data-width=\"702\" data-height=\"468\" data-pin-media=\"http:\/\/praguetouristinformation.com\/wp-content\/uploads\/2021\/01\/prag_alt_neu_synagoge_pinterest.jpg\" data-pin-description=\"Guide de l'ancienne nouvelle synagogue&nbsp;: informations, admission et histoire\" data-pin-url=\"https:\/\/praguetouristinformation.com\/fr\/choses-a-faire\/quartier-juif\/ancienne-nouvelle-synagogue?tve=true&amp;tcbf=653ee5414e\" data-pinpro-key=\"mx574txme\"><\/span><\/p>\n<h3 id=\"t-1670592514172\">1. Visite de l&rsquo;ancienne nouvelle synagogue :<\/h3>\n<p>\u00c9tant donn\u00e9 que l&rsquo;ancienne-nouvelle synagogue est encore activement utilis\u00e9e pour le culte aujourd&rsquo;hui, il n&rsquo;y a pas d&rsquo;expositions dans la synagogue, mais la synagogue peut \u00eatre visit\u00e9e de l&rsquo;ext\u00e9rieur et de l&rsquo;int\u00e9rieur, y compris dans le cadre d&rsquo;une visite guid\u00e9e.<\/p>\n<h3 id=\"t-1670592514173\">2. Visite du quartier juif<\/h3>\n<p>Combinez une visite \u00e0 la vieille nouvelle synagogue avec une visite au quartier juif de Prague, o\u00f9 se trouve la vieille nouvelle synagogue.<\/p>\n<ul>\n<li>Dans notre <a href=\"https:\/\/praguetouristinformation.com\/fr\/choses-a-faire\/quartier-juif\" style=\"outline: none;\">guide complet du quartier juif de Prague<\/a> , nous avons rassembl\u00e9 toutes les informations importantes sur le quartier, ses curiosit\u00e9s et son histoire.<\/li>\n<\/ul>\n<h3 id=\"t-1670592514174\">3. Faire du shopping dans la Parizska<\/h3>\n<p>\u00c9tant donn\u00e9 que l&rsquo;ancienne nouvelle synagogue est situ\u00e9e directement sur la rue Parizska, une promenade dans la <a data-id=\"202\" data-type=\"page\" href=\"https:\/\/praguetouristinformation.com\/fr\/shopping\/rues-commercantes\" style=\"outline: none;\">rue commer\u00e7ante la plus ch\u00e8re et la plus luxueuse de Prague<\/a> est une bonne id\u00e9e .<\/p>\n<p>De nombreuses marques de luxe se retrouvent dans les magasins et boutiques des maisons Art nouveau et n\u00e9o-baroque, telles que Cartier, Dior, Gucci, Burberry, Herm\u00e8s, Rolex, Prada, Boss, Armani et Louis Vuitton, entre autres. Les nombreux restaurants et caf\u00e9s le long du magnifique boulevard sont \u00e9galement dans la fourchette de prix sup\u00e9rieure.<\/p>\n<ul>\n<li><strong>En savoir plus&nbsp;:<\/strong> Le guide ultime <a href=\"https:\/\/praguetouristinformation.com\/fr\/shopping\" style=\"outline: none;\">du shopping \u00e0 Prague&nbsp;: o\u00f9 et quoi acheter&nbsp;?<\/a><\/li>\n<\/ul>\n<h2 id=\"t-1670592514175\">Entr\u00e9e, billets et visites guid\u00e9es<\/h2>\n<p><span><img decoding=\"async\" alt=\"Entr\u00e9e, billets et visites guid\u00e9es\" data-id=\"1587\" width=\"702\" data-init-width=\"1000\" height=\"468\" data-init-height=\"667\" title=\"Entr\u00e9e, billets et visites guid\u00e9es\" loading=\"lazy\" src=\"http:\/\/praguetouristinformation.com\/wp-content\/uploads\/2020\/11\/Eintritt-Tickets-und-Fuehrungen-2.jpg\" data-width=\"702\" data-height=\"468\" data-pin-media=\"http:\/\/praguetouristinformation.com\/wp-content\/uploads\/2021\/01\/prag_alt_neu_synagoge_pinterest.jpg\" data-pin-description=\"Guide de l'ancienne nouvelle synagogue&nbsp;: informations, admission et histoire\" data-pin-url=\"https:\/\/praguetouristinformation.com\/fr\/choses-a-faire\/quartier-juif\/ancienne-nouvelle-synagogue?tve=true&amp;tcbf=653ee5414e\" data-pinpro-key=\"25cy0t7zk\"><\/span><\/p>\n<ul>\n<li><strong>Billets :<\/strong> Les billets peuvent \u00eatre achet\u00e9s directement \u00e0 l&rsquo;entr\u00e9e de l&rsquo;ancienne nouvelle synagogue ou \u00e0 l&rsquo;avance dans le cadre d&rsquo;une visite r\u00e9serv\u00e9e.<\/li>\n<\/ul>\n<ul>\n<li><strong>Visites guid\u00e9es :<\/strong> La synagogue est encore activement utilis\u00e9e pour le culte. C&rsquo;est la seule synagogue du quartier juif qui ne fait pas partie du mus\u00e9e juif de Prague. Bien qu&rsquo;un billet d&rsquo;entr\u00e9e s\u00e9par\u00e9 soit requis, il existe des visites guid\u00e9es qui incluent la vieille nouvelle synagogue.<\/li>\n<\/ul>\n<ul>\n<li><strong>Entr\u00e9e :<\/strong> Il n&rsquo;y a pas de contr\u00f4le de s\u00e9curit\u00e9 ou de pr\u00e9-enregistrement requis pour entrer dans la synagogue comme dans d&rsquo;autres villes europ\u00e9ennes.<\/li>\n<\/ul>\n<h2 id=\"t-1670592514176\">Comment se rendre \u00e0 la Vieille Nouvelle Synagogue ?<\/h2>\n<p><span><img decoding=\"async\" alt=\"Comment se rendre \u00e0 l'ancienne nouvelle synagogue\" data-id=\"1588\" width=\"702\" data-init-width=\"1000\" height=\"468\" data-init-height=\"667\" title=\"Comment se rendre \u00e0 l'ancienne nouvelle synagogue\" loading=\"lazy\" src=\"http:\/\/praguetouristinformation.com\/wp-content\/uploads\/2020\/11\/Wie-komme-ich-zur-Alt-Neu-Synagoge.jpg\" data-width=\"702\" data-height=\"468\" data-pin-media=\"http:\/\/praguetouristinformation.com\/wp-content\/uploads\/2021\/01\/prag_alt_neu_synagoge_pinterest.jpg\" data-pin-description=\"Guide de l'ancienne nouvelle synagogue&nbsp;: informations, admission et histoire\" data-pin-url=\"https:\/\/praguetouristinformation.com\/fr\/choses-a-faire\/quartier-juif\/ancienne-nouvelle-synagogue?tve=true&amp;tcbf=653ee5414e\" data-pinpro-key=\"fjttvbbw1\"><\/span><\/p>\n<p>L&rsquo;ancienne nouvelle synagogue est situ\u00e9e dans le quartier juif, \u00e0 peu pr\u00e8s au milieu de la rue Parizska, rue Pariser.<\/p>\n<p>Il est accessible en <a data-id=\"775\" data-type=\"page\" href=\"https:\/\/praguetouristinformation.com\/fr\/plan\/transports-en-commun\" style=\"outline: none;\">transports en commun<\/a> soit en m\u00e9tro, ligne A, ligne verte, arr\u00eat Starom\u011bstsk\u00e1 ou depuis la place de la vieille ville \u00e0 pied en 10 minutes environ.<\/p>\n<h2 id=\"t-1670592514177\">Histoire de l&rsquo;ancienne nouvelle synagogue<\/h2>\n<p><span><img decoding=\"async\" alt=\"Histoire\" data-id=\"1590\" width=\"702\" data-init-width=\"1000\" height=\"468\" data-init-height=\"667\" title=\"Histoire\" loading=\"lazy\" src=\"http:\/\/praguetouristinformation.com\/wp-content\/uploads\/2020\/11\/Geschichte-1.jpg\" data-width=\"702\" data-height=\"468\" data-pin-media=\"http:\/\/praguetouristinformation.com\/wp-content\/uploads\/2021\/01\/prag_alt_neu_synagoge_pinterest.jpg\" data-pin-description=\"Guide de l'ancienne nouvelle synagogue&nbsp;: informations, admission et histoire\" data-pin-url=\"https:\/\/praguetouristinformation.com\/fr\/choses-a-faire\/quartier-juif\/ancienne-nouvelle-synagogue?tve=true&amp;tcbf=653ee5414e\" data-pinpro-key=\"k13p8rsm5\"><\/span><\/p>\n<p>La synagogue a \u00e9t\u00e9 construite vers 1270 dans le style gothique primitif. Le b\u00e2timent n&rsquo;a gu\u00e8re chang\u00e9 au fil du temps. Le b\u00e2timent rectangulaire massif en pierre du gothique primitif est coiff\u00e9 d&rsquo;un haut toit \u00e0 deux versants avec de grands pignons du gothique tardif.<\/p>\n<p>Sur trois c\u00f4t\u00e9s, il y a des ajouts ult\u00e9rieurs qui ont servi d&rsquo;antichambre et de galerie pour les femmes. L&rsquo;int\u00e9rieur antique est \u00e9galement en grande partie d&rsquo;origine, les croisillons gothiques forg\u00e9s et le lustre sont remarquables.<\/p>\n<p>En raison de sa construction solide et du fait que la synagogue n&rsquo;\u00e9tait jamais reli\u00e9e \u00e0 un autre b\u00e2timent, mais toujours isol\u00e9e, elle a pu r\u00e9sister \u00e0 toutes les discontinuit\u00e9s des si\u00e8cles, y compris plusieurs grands incendies dans le quartier juif.<\/p>\n<p>Plusieurs mythes entourent son nom, dont l&rsquo;un est que lors de sa construction, les restes d&rsquo;une synagogue encore plus ancienne ont \u00e9t\u00e9 trouv\u00e9s, sur les fondations desquels la nouvelle synagogue a \u00e9t\u00e9 construite.<\/p>\n<p>Comme les nazis pr\u00e9voyaient de transformer la synagogue en \u00ab\u00a0Mus\u00e9e de la race \u00e9teinte\u00a0\u00bb, elle n&rsquo;a pas \u00e9t\u00e9 d\u00e9truite pendant l&rsquo;occupation de Prague.<\/p>\n<p>La l\u00e9gende raconte que dans son grenier se trouvent les restes d&rsquo;argile d&rsquo;un golem que le rabbin L\u00f6w a cr\u00e9\u00e9 il y a 400 ans \u00e0 partir de poussi\u00e8re et de terre. En tant que serviteur muet, il a prot\u00e9g\u00e9 les Juifs, mais quand il est devenu trop puissant avec le temps, le rabbin L\u00f6w l&rsquo;a ramen\u00e9 \u00e0 la poussi\u00e8re et \u00e0 l&rsquo;argile dans le grenier de l&rsquo;Ancienne Nouvelle Synagogue. D\u00e8s lors, personne n&rsquo;a \u00e9t\u00e9 autoris\u00e9 \u00e0 entrer dans le grenier.<\/p>\n<p>Aujourd&rsquo;hui, l&rsquo;Ancienne Nouvelle Synagogue est le centre des Juifs de Prague et l&rsquo;une des trois synagogues de Prague o\u00f9 les services ont encore lieu aujourd&rsquo;hui.<\/p>\n<h2 id=\"t-1670592514178\">Contacter<\/h2>\n<ul>\n<li><strong>Adresse :<\/strong> Synagogue Staronov\u00e1, \u010cerven\u00e1, 110 00 Prague 1<\/li>\n<\/ul>\n<ul>\n<li><strong>Transports en commun :<\/strong> m\u00e9tro ligne A, ligne verte, arr\u00eat Starom\u011bstsk\u00e1<\/li>\n<\/ul>\n<ul>\n<li><strong>Heures d&rsquo;ouverture :<\/strong> Pour les heures d&rsquo;ouverture exactes, veuillez visiter le site Web suivant :&nbsp; <a href=\"http:\/\/www.synagogue.cz\" style=\"outline: none;\" target=\"_blank\" rel=\"noopener\">Synagogue.cz<\/a><a href=\"http:\/\/www.synagogue.cz\" style=\"outline: none;\" target=\"_blank\" rel=\"noopener\"><\/a><\/li>\n<\/ul>\n","protected":false},"excerpt":{"rendered":"<p>L&rsquo;ancienne nouvelle synagogue s&rsquo;appelle Staronov\u00e1 Synagog en tch\u00e8que. Il est situ\u00e9 dans le quartier Josefov, l&rsquo;ancien quartier juif de Prague , \u00e0 proximit\u00e9 imm\u00e9diate du centre sur la place de la Vieille Ville . Elle a \u00e9t\u00e9 construite vers 1270 et est la plus ancienne synagogue d&rsquo;Europe. Il est encore utilis\u00e9 aujourd&rsquo;hui pour les offices [&hellip;]<\/p>\n","protected":false},"author":6,"featured_media":1584,"parent":612,"menu_order":0,"comment_status":"open","ping_status":"closed","template":"","meta":{"footnotes":""},"categories":[],"tags":[19],"class_list":["post-617","page","type-page","status-publish","has-post-thumbnail","hentry","tag-sehenswuerdigkeiten","post-wrapper","thrv_wrapper"],"_links":{"self":[{"href":"https:\/\/praguetouristinformation.com\/fr\/wp-json\/wp\/v2\/pages\/617","targetHints":{"allow":["GET"]}}],"collection":[{"href":"https:\/\/praguetouristinformation.com\/fr\/wp-json\/wp\/v2\/pages"}],"about":[{"href":"https:\/\/praguetouristinformation.com\/fr\/wp-json\/wp\/v2\/types\/page"}],"author":[{"embeddable":true,"href":"https:\/\/praguetouristinformation.com\/fr\/wp-json\/wp\/v2\/users\/6"}],"replies":[{"embeddable":true,"href":"https:\/\/praguetouristinformation.com\/fr\/wp-json\/wp\/v2\/comments?post=617"}],"version-history":[{"count":0,"href":"https:\/\/praguetouristinformation.com\/fr\/wp-json\/wp\/v2\/pages\/617\/revisions"}],"up":[{"embeddable":true,"href":"https:\/\/praguetouristinformation.com\/fr\/wp-json\/wp\/v2\/pages\/612"}],"wp:featuredmedia":[{"embeddable":true,"href":"https:\/\/praguetouristinformation.com\/fr\/wp-json\/wp\/v2\/media\/1584"}],"wp:attachment":[{"href":"https:\/\/praguetouristinformation.com\/fr\/wp-json\/wp\/v2\/media?parent=617"}],"wp:term":[{"taxonomy":"category","embeddable":true,"href":"https:\/\/praguetouristinformation.com\/fr\/wp-json\/wp\/v2\/categories?post=617"},{"taxonomy":"post_tag","embeddable":true,"href":"https:\/\/praguetouristinformation.com\/fr\/wp-json\/wp\/v2\/tags?post=617"}],"curies":[{"name":"wp","href":"https:\/\/api.w.org\/{rel}","templated":true}]}}