{"id":601,"date":"2020-09-24T16:35:36","date_gmt":"2020-09-24T16:35:36","guid":{"rendered":"http:\/\/praguetouristinformation.com\/?page_id=601"},"modified":"2023-05-04T13:08:31","modified_gmt":"2023-05-04T13:08:31","slug":"monastere-dagnes","status":"publish","type":"page","link":"https:\/\/praguetouristinformation.com\/fr\/choses-a-faire\/vieille-ville\/monastere-dagnes","title":{"rendered":"Guide du couvent d\u2019Agn\u00e8s : Exposition, entr\u00e9e et histoire"},"content":{"rendered":"<h3 id=\"t-1670607021277\">Le couvent d&rsquo;Agn\u00e8s est un monast\u00e8re du XIIIe si\u00e8cle situ\u00e9 dans la vieille ville de Prague. C&rsquo;est l&rsquo;une des \u0153uvres les plus importantes de l&rsquo;architecture gothique primitive \u00e0 Prague.<\/h3>\n<p>Le monast\u00e8re d&rsquo;Agn\u00e8s \u00e9tait un monast\u00e8re double, qui abritait le couvent des Clarisses ainsi que le monast\u00e8re des hommes des Mineurs avec l&rsquo;\u00e9glise Franciscus.<\/p>\n<p>La Galerie nationale de Prague utilise le b\u00e2timent pour ses expositions depuis 1963.<\/p>\n<p>Toutes les informations importantes sur le monast\u00e8re d&rsquo;Agn\u00e8s sont rassembl\u00e9es ici, y compris l&rsquo;admission, son histoire et l&rsquo;adresse.<\/p>\n<h2 id=\"t-1670607021278\">Que puis-je faire au monast\u00e8re d&rsquo;Agn\u00e8s ?<\/h2>\n<p><span><img decoding=\"async\" alt=\"Que puis-je faire au monast\u00e8re d'Agn\u00e8s\" data-id=\"1661\" width=\"702\" data-init-width=\"1000\" height=\"468\" data-init-height=\"667\" title=\"Que puis-je faire au monast\u00e8re d'Agn\u00e8s\" loading=\"lazy\" src=\"http:\/\/praguetouristinformation.com\/wp-content\/uploads\/2020\/11\/Was-kann-ich-im-Agneskloster-machen.jpg\" data-width=\"702\" data-height=\"468\" data-pin-media=\"http:\/\/praguetouristinformation.com\/wp-content\/uploads\/2021\/01\/prag_agneskloster_pinterest.jpg\" data-pin-description=\"Guide du couvent d'Agn\u00e8s : exposition, entr\u00e9e et histoire\" data-pin-url=\"https:\/\/praguetouristinformation.com\/fr\/choses-a-faire\/vieille-ville\/monastere-dagnes?tve=true&amp;tcbf=653ee5414e\" data-pinpro-key=\"jhl98numo\"><\/span><\/p>\n<p>Au cours de la visite du monast\u00e8re, vous pourrez voir tous les locaux importants ouverts au public depuis 1986, tels que l&rsquo;Oratoire Sainte-Agn\u00e8s, le Sanctuaire du Sauveur et l&rsquo;\u00c9glise Saint-Fran\u00e7ois, o\u00f9 la d\u00e9pouille du roi Wenceslaus je suis gard\u00e9.<\/p>\n<p>L&rsquo;exposition du lapidarium au rez-de-chauss\u00e9e rappelle l&rsquo;histoire de la construction du monast\u00e8re et pr\u00e9sente des objets pr\u00e9cieux trouv\u00e9s lors de recherches arch\u00e9ologiques.<\/p>\n<p>Nous vous conseillons ensuite la visite des jardins du monast\u00e8re, reconstitu\u00e9s \u00e0 partir de l&rsquo;original et o\u00f9 vous pourrez admirer une vingtaine d&rsquo;\u0153uvres sculpturales d&rsquo;artistes contemporains.<\/p>\n<p>Depuis 2000, la Galerie nationale de Prague abrite une exposition permanente sur l&rsquo;art sacr\u00e9 m\u00e9di\u00e9val en Boh\u00eame et en Europe centrale entre 1200 et 1550 \u00e0 l&rsquo;\u00e9tage sup\u00e9rieur du monast\u00e8re.<\/p>\n<p>Des concerts classiques ont souvent lieu dans la salle de musique de l&rsquo;\u00e9glise Saint-Fran\u00e7ois.<\/p>\n<h2 id=\"t-1670607021279\">Comment se rendre au couvent d&rsquo;Agn\u00e8s ?<\/h2>\n<p><span><img decoding=\"async\" alt=\"Comment se rendre au couvent d'Agn\u00e8s\" data-id=\"1662\" width=\"702\" data-init-width=\"1000\" height=\"468\" data-init-height=\"667\" title=\"Comment se rendre au couvent d'Agn\u00e8s\" loading=\"lazy\" src=\"http:\/\/praguetouristinformation.com\/wp-content\/uploads\/2020\/11\/Wie-komme-ich-zum-Agneskloster.jpg\" data-width=\"702\" data-height=\"468\" data-pin-media=\"http:\/\/praguetouristinformation.com\/wp-content\/uploads\/2021\/01\/prag_agneskloster_pinterest.jpg\" data-pin-description=\"Guide du couvent d'Agn\u00e8s : exposition, entr\u00e9e et histoire\" data-pin-url=\"https:\/\/praguetouristinformation.com\/fr\/choses-a-faire\/vieille-ville\/monastere-dagnes?tve=true&amp;tcbf=653ee5414e\" data-pinpro-key=\"8zjsnh8km\"><\/span><\/p>\n<p>Le couvent d&rsquo;Agn\u00e8s est situ\u00e9 dans la vieille ville <a href=\"https:\/\/praguetouristinformation.com\/fr\/choses-a-faire\/vieille-ville\" style=\"outline: none;\">de Prague<\/a> , pr\u00e8s du <a data-id=\"612\" data-type=\"page\" href=\"https:\/\/praguetouristinformation.com\/fr\/choses-a-faire\/quartier-juif\" style=\"outline: none;\">quartier juif<\/a> et de la place de la vieille ville.<\/p>\n<p>Il est facilement accessible en m\u00e9tro ligne B, ligne jaune, arr\u00eat N\u00e1m\u0115st\u00ed Republiky.<\/p>\n<p>De l\u00e0, il y a environ 10 minutes de marche.<\/p>\n<h2 id=\"t-1670607021280\">L&rsquo;entr\u00e9e du couvent d&rsquo;Agn\u00e8s<\/h2>\n<p>Le monast\u00e8re d&rsquo;Agn\u00e8s est ouvert toute l&rsquo;ann\u00e9e.<\/p>\n<p>Veuillez consulter le <a data-id=\"https:\/\/www.google.com\/maps\/place\/Agneskloster\/@50.091954,14.4213316,17z\/data=!3m1!4b1!4m5!3m4!1s0x417314856680fcfb:0xb6a724856cc7a13b!8m2!3d50.091954!4d14.4235203\" data-type=\"URL\" href=\"https:\/\/www.google.com\/maps\/place\/Agneskloster\/@50.091954,14.4213316,17z\/data=!3m1!4b1!4m5!3m4!1s0x417314856680fcfb:0xb6a724856cc7a13b!8m2!3d50.091954!4d14.4235203\" target=\"_blank\" style=\"outline: none;\" rel=\"noopener\">site Web<\/a> suivant pour conna\u00eetre les tarifs d&rsquo;admission .<\/p>\n<h2 id=\"t-1670607021281\">Histoire du Couvent Agn\u00e8s<\/h2>\n<p><span><img decoding=\"async\" alt=\"Histoire du Couvent Agn\u00e8s \u00e0 Prague\" data-id=\"1664\" width=\"702\" data-init-width=\"1000\" height=\"468\" data-init-height=\"667\" title=\"Histoire du Couvent Agn\u00e8s \u00e0 Prague\" loading=\"lazy\" src=\"http:\/\/praguetouristinformation.com\/wp-content\/uploads\/2020\/11\/Geschichte-3.jpg\" data-width=\"702\" data-height=\"468\" data-pin-media=\"http:\/\/praguetouristinformation.com\/wp-content\/uploads\/2021\/01\/prag_agneskloster_pinterest.jpg\" data-pin-description=\"Guide du couvent d'Agn\u00e8s : exposition, entr\u00e9e et histoire\" data-pin-url=\"https:\/\/praguetouristinformation.com\/fr\/choses-a-faire\/vieille-ville\/monastere-dagnes?tve=true&amp;tcbf=653ee5414e\" data-pinpro-key=\"v6bnm49uh\"><\/span><\/p>\n<p>Le monast\u00e8re a \u00e9t\u00e9 fond\u00e9 en 1233 par les Clarisses et la construction a commenc\u00e9 l&rsquo;ann\u00e9e suivante. Il a \u00e9t\u00e9 construit par le roi Wenzel Ier \u00e0 la demande de sa s\u0153ur Agn\u00e8s. Elle a pr\u00e9sid\u00e9 le monast\u00e8re en tant qu&rsquo;abbesse de Boh\u00eame et il porte son nom.<\/p>\n<p>Agn\u00e8s de Boh\u00eame a pass\u00e9 la majeure partie de sa jeunesse dans des monast\u00e8res et bien qu&rsquo;elle ait \u00e9t\u00e9 fianc\u00e9e \u00e0 l&rsquo;\u00e2ge de 3 ans, elle ne s&rsquo;est jamais mari\u00e9e. Elle savait lire et \u00e9crire, ce qui \u00e9tait inhabituel pour une femme \u00e0 cette \u00e9poque, et se consacrait \u00e0 divers objets auxiliaires, de sorte que le monast\u00e8re poss\u00e9dait \u00e9galement un h\u00f4pital.<\/p>\n<p>Au cours des si\u00e8cles, le monast\u00e8re a \u00e9t\u00e9 aboli, restaur\u00e9, vendu et pill\u00e9 \u00e0 plusieurs reprises.<\/p>\n<p>Il a \u00e9t\u00e9 r\u00e9nov\u00e9 au XXe si\u00e8cle et est aujourd&rsquo;hui l&rsquo;un des \u00e9difices gothiques les plus importants de Prague.<\/p>\n<h2 id=\"t-1670607021282\">Contacter<\/h2>\n<ul>\n<li><strong>Adresse :<\/strong> Ane\u017esk\u00e1 12, Star\u00e9 M\u011bsto, 110 00 Prague 1<\/li>\n<li><strong>Transports publics :<\/strong> Station de m\u00e9tro N\u00e1m\u0115st\u00ed Republiky, ligne jaune B, \u00e0 partir de l\u00e0 10 minutes \u00e0 pied<\/li>\n<li><strong>Heures d&rsquo;ouverture&nbsp;:<\/strong> Veuillez consulter le <a data-id=\"https:\/\/www.google.com\/maps\/place\/Agneskloster\/@50.091954,14.4213316,17z\/data=!3m1!4b1!4m5!3m4!1s0x417314856680fcfb:0xb6a724856cc7a13b!8m2!3d50.091954!4d14.4235203\" data-type=\"URL\" href=\"https:\/\/www.google.com\/maps\/place\/Agneskloster\/@50.091954,14.4213316,17z\/data=!3m1!4b1!4m5!3m4!1s0x417314856680fcfb:0xb6a724856cc7a13b!8m2!3d50.091954!4d14.4235203\" target=\"_blank\" style=\"outline: none;\" rel=\"noopener\">site Web suivant<\/a> pour conna\u00eetre les heures d&rsquo;ouverture exactes .<\/li>\n<\/ul>\n","protected":false},"excerpt":{"rendered":"<p>Le couvent d&rsquo;Agn\u00e8s est un monast\u00e8re du XIIIe si\u00e8cle situ\u00e9 dans la vieille ville de Prague. C&rsquo;est l&rsquo;une des \u0153uvres les plus importantes de l&rsquo;architecture gothique primitive \u00e0 Prague. Le monast\u00e8re d&rsquo;Agn\u00e8s \u00e9tait un monast\u00e8re double, qui abritait le couvent des Clarisses ainsi que le monast\u00e8re des hommes des Mineurs avec l&rsquo;\u00e9glise Franciscus. La Galerie [&hellip;]<\/p>\n","protected":false},"author":6,"featured_media":1659,"parent":742,"menu_order":0,"comment_status":"open","ping_status":"closed","template":"","meta":{"footnotes":""},"categories":[],"tags":[22,19],"class_list":["post-601","page","type-page","status-publish","has-post-thumbnail","hentry","tag-museum","tag-sehenswuerdigkeiten","post-wrapper","thrv_wrapper"],"_links":{"self":[{"href":"https:\/\/praguetouristinformation.com\/fr\/wp-json\/wp\/v2\/pages\/601","targetHints":{"allow":["GET"]}}],"collection":[{"href":"https:\/\/praguetouristinformation.com\/fr\/wp-json\/wp\/v2\/pages"}],"about":[{"href":"https:\/\/praguetouristinformation.com\/fr\/wp-json\/wp\/v2\/types\/page"}],"author":[{"embeddable":true,"href":"https:\/\/praguetouristinformation.com\/fr\/wp-json\/wp\/v2\/users\/6"}],"replies":[{"embeddable":true,"href":"https:\/\/praguetouristinformation.com\/fr\/wp-json\/wp\/v2\/comments?post=601"}],"version-history":[{"count":0,"href":"https:\/\/praguetouristinformation.com\/fr\/wp-json\/wp\/v2\/pages\/601\/revisions"}],"up":[{"embeddable":true,"href":"https:\/\/praguetouristinformation.com\/fr\/wp-json\/wp\/v2\/pages\/742"}],"wp:featuredmedia":[{"embeddable":true,"href":"https:\/\/praguetouristinformation.com\/fr\/wp-json\/wp\/v2\/media\/1659"}],"wp:attachment":[{"href":"https:\/\/praguetouristinformation.com\/fr\/wp-json\/wp\/v2\/media?parent=601"}],"wp:term":[{"taxonomy":"category","embeddable":true,"href":"https:\/\/praguetouristinformation.com\/fr\/wp-json\/wp\/v2\/categories?post=601"},{"taxonomy":"post_tag","embeddable":true,"href":"https:\/\/praguetouristinformation.com\/fr\/wp-json\/wp\/v2\/tags?post=601"}],"curies":[{"name":"wp","href":"https:\/\/api.w.org\/{rel}","templated":true}]}}